{"id":36637,"date":"2021-02-05T03:04:33","date_gmt":"2021-02-05T03:04:33","guid":{"rendered":"https:\/\/www.sisinternational.com\/?page_id=36637"},"modified":"2025-09-12T00:47:05","modified_gmt":"2025-09-12T04:47:05","slug":"pesquisa-de-mercado-na-nigeria","status":"publish","type":"page","link":"https:\/\/www.sisinternational.com\/pt\/cobertura\/pesquisa-de-mercado-africa\/pesquisa-de-mercado-na-nigeria\/","title":{"rendered":"Pesquisa de mercado na Nig\u00e9ria"},"content":{"rendered":"<h1 class=\"wp-block-heading\">Pesquisa de mercado na Nig\u00e9ria<\/h1>\n\n\n\n<figure class=\"gb-block-image gb-block-image-c8f31c65\"><img loading=\"lazy\" decoding=\"async\" width=\"1456\" height=\"816\" class=\"gb-image gb-image-c8f31c65\" src=\"https:\/\/www.sisinternational.com\/wp-content\/uploads\/2025\/08\/Nigeria-3.jpg\" alt=\"Pesquisa e Estrat\u00e9gia de Mercado Internacional da SIS\" title=\"Nigeria (3)\" srcset=\"https:\/\/www.sisinternational.com\/wp-content\/uploads\/2025\/08\/Nigeria-3.jpg 1456w, https:\/\/www.sisinternational.com\/wp-content\/uploads\/2025\/08\/Nigeria-3-300x168.jpg 300w, https:\/\/www.sisinternational.com\/wp-content\/uploads\/2025\/08\/Nigeria-3-1024x574.jpg 1024w, https:\/\/www.sisinternational.com\/wp-content\/uploads\/2025\/08\/Nigeria-3-768x430.jpg 768w, https:\/\/www.sisinternational.com\/wp-content\/uploads\/2025\/08\/Nigeria-3-18x10.jpg 18w\" sizes=\"auto, (max-width: 1456px) 100vw, 1456px\"><\/figure>\n\n\n\n<p><\/p>\n\n\n\n<h2 class=\"wp-block-heading\">A Nig\u00e9ria \u00e9 o pa\u00eds mais populoso de \u00c1frica e \u00e9 tamb\u00e9m uma pot\u00eancia econ\u00f3mica.<\/h2>\n\n\n\n<p>With exports amounting to billions of dollars to countries like India, Spain, France and the US, Nigeria has a lot to offer investors.<\/p>\n\n\n\n<h2 class=\"wp-block-heading\">Ind\u00fastrias Estrat\u00e9gicas da Nig\u00e9ria<\/h2>\n\n\n\n<p>Aqui est\u00e3o quatro das principais ind\u00fastrias que impulsionam a economia da Nig\u00e9ria.<\/p>\n\n\n\n<h3 class=\"wp-block-heading\">1. Petr\u00f3leo e G\u00e1s<\/h3>\n\n\n\n<p>A ind\u00fastria do petr\u00f3leo e do g\u00e1s \u00e9 a fonte de rendimento mais conhecida da Nig\u00e9ria. Os ganhos desta ind\u00fastria foram o que impulsionou o pa\u00eds ao topo da economia africana. Para acabar com a depend\u00eancia excessiva do petr\u00f3leo, est\u00e3o a ser feitos esfor\u00e7os para diversificar as fontes de rendimento da economia.<\/p>\n\n\n\n<h3 class=\"wp-block-heading\">2. Turismo<\/h3>\n\n\n\n<p>A Nig\u00e9ria atrai turistas devido \u00e0 sua vida selvagem e paisagem diversificada. Tamb\u00e9m possui praias arenosas e selvas tropicais. Eventos de entretenimento locais tamb\u00e9m atraem turistas quando m\u00fasicos famosos nigerianos se apresentam.<\/p>\n\n\n\n<h3 class=\"wp-block-heading\">3. Agricultura<\/h3>\n\n\n\n<p>Employing over half of the labor force, the <a href=\"https:\/\/www.sisinternational.com\/pt\/pericia\/industrias\/pesquisa-de-mercado-de-culturas-agricolas\/\" title=\"Pesquisa de mercado de culturas agr\u00edcolas\"  data-wpil-monitor-id=\"8426\">agriculture industry produces cash crops<\/a> such as cocoa, palm oil, corn, rice, cassava, yams and rubber. Agriculture is primarily carried out in the southern parts of the country where the climatic conditions are conducive.<\/p>\n\n\n\n<h3 class=\"wp-block-heading\">4. Comunica\u00e7\u00e3o e Tecnologia da Informa\u00e7\u00e3o (TIC)<\/h3>\n\n\n\n<p>Com um n\u00famero crescente de profissionais de TIC criando e apoiando os sistemas de informa\u00e7\u00e3o, este sector \u00e9 um dos que mais cresce na Nig\u00e9ria. O pa\u00eds tamb\u00e9m est\u00e1 a trabalhar no sentido de aumentar a conectividade \u00e0 Internet para melhorar ainda mais a contribui\u00e7\u00e3o da ind\u00fastria para a economia.<\/p>\n\n\n\n<h2 class=\"wp-block-heading\">Oportunidades de neg\u00f3cios na Nig\u00e9ria<\/h2>\n\n\n\n<p>Quais setores s\u00e3o mais promissores para investidores empresariais?<\/p>\n\n\n\n<h3 class=\"wp-block-heading\">1. Agricultura<\/h3>\n\n\n\n<p>Apesar de anos usufruindo de ganhos provenientes da ind\u00fastria agr\u00edcola, o trabalho ainda \u00e9 manual. Isto afecta a produtividade e a mecaniza\u00e7\u00e3o \u00e9 urgentemente necess\u00e1ria. Os esfor\u00e7os para fazer crescer o sector levaram o governo a capacitar e financiar o Banco da Agricultura para melhorar a disponibilidade de cr\u00e9dito.<\/p>\n\n\n\n<h3 class=\"wp-block-heading\">2. Energia<\/h3>\n\n\n\n<p>Nigeria lacks the capacity to refine its oil and exports much of it in the form of crude oil. This results in losses in potential revenue. Investing opportunities in this sector include setting up a refinery, <a href=\"https:\/\/www.sisinternational.com\/pt\/pericia\/industrias\/pesquisa-de-mercado-de-petroleo-e-gas\/\" title=\"Pesquisa de mercado de petr\u00f3leo e g\u00e1s\"  data-wpil-monitor-id=\"8427\">oil and gas<\/a> transport and even gas stations.<\/p>\n\n\n\n<h3 class=\"wp-block-heading\">3. TIC<\/h3>\n\n\n\n<p>A Nig\u00e9ria est\u00e1 a registar um crescimento no com\u00e9rcio eletr\u00f3nico, no trabalho remoto, na utiliza\u00e7\u00e3o de ferramentas de colabora\u00e7\u00e3o e na utiliza\u00e7\u00e3o de Intelig\u00eancia Artificial. Estas atividades exercem press\u00e3o sobre a atual infraestrutura de TI. Com o governo a pressionar por mais crescimento, os investidores mais experientes podem beneficiar de incentivos.<\/p>\n\n\n\n<h3 class=\"wp-block-heading\">4. Entretenimento<\/h3>\n\n\n\n<p>With many internet users looking for entertainment content, the Nigerian <a href=\"https:\/\/www.sisinternational.com\/pt\/solucoes\/consultoria-estrategica\/pesquisa-de-oportunidade-de-mercado\/\" title=\"Pesquisa de oportunidades de mercado\"  data-wpil-monitor-id=\"8425\">market provides a huge opportunity<\/a> for content creators and distributors. Movie <a href=\"https:\/\/www.sisinternational.com\/pt\/solucoes\/teste-de-sabor\/servicos-de-teste-de-produtos-em-nova-york\/\" title=\"Servi\u00e7os de teste de produtos em Nova York\"  data-wpil-monitor-id=\"8428\">production and video-on-demand services<\/a> will be a welcome addition to the local entertainment offering.<\/p>\n\n\n\n<h2 class=\"wp-block-heading\">Desafios enfrentados pela economia da Nig\u00e9ria<\/h2>\n\n\n\n<figure class=\"gb-block-image gb-block-image-3bd6e006\"><img loading=\"lazy\" decoding=\"async\" width=\"1456\" height=\"816\" class=\"gb-image gb-image-3bd6e006\" src=\"https:\/\/www.sisinternational.com\/wp-content\/uploads\/2025\/08\/Nigeria-2.jpg\" alt=\"Pesquisa e Estrat\u00e9gia de Mercado Internacional da SIS\" title=\"Nigeria (2)\" srcset=\"https:\/\/www.sisinternational.com\/wp-content\/uploads\/2025\/08\/Nigeria-2.jpg 1456w, https:\/\/www.sisinternational.com\/wp-content\/uploads\/2025\/08\/Nigeria-2-300x168.jpg 300w, https:\/\/www.sisinternational.com\/wp-content\/uploads\/2025\/08\/Nigeria-2-1024x574.jpg 1024w, https:\/\/www.sisinternational.com\/wp-content\/uploads\/2025\/08\/Nigeria-2-768x430.jpg 768w, https:\/\/www.sisinternational.com\/wp-content\/uploads\/2025\/08\/Nigeria-2-18x10.jpg 18w\" sizes=\"auto, (max-width: 1456px) 100vw, 1456px\"><\/figure>\n\n\n\n<p><\/p>\n\n\n\n<p>Com todas as vantagens que a Nig\u00e9ria tem para oferecer, alguns desafios impedem-na e podem potencialmente desencorajar os investimentos estrangeiros.<\/p>\n\n\n\n<h3 class=\"wp-block-heading\">1. Corrup\u00e7\u00e3o<\/h3>\n\n\n\n<p>A corrup\u00e7\u00e3o \u00e9 um grande problema na Nig\u00e9ria. Tanto os locais como os estrangeiros apelaram a medidas mais ousadas no combate a este v\u00edcio. Apesar dos esfor\u00e7os do governo, o progresso \u00e9 lento. Praticamente todos os sectores da economia nigeriana, desde a pol\u00edtica e o desporto \u00e0 educa\u00e7\u00e3o, s\u00e3o afectados pela corrup\u00e7\u00e3o.<\/p>\n\n\n\n<h3 class=\"wp-block-heading\">2. Pol\u00edticas governamentais em constante mudan\u00e7a<\/h3>\n\n\n\n<p>With every new administration comes a different policy on how to improve the economy. This creates confusion and slows down development. It becomes difficult to make long-term plans because <a href=\"https:\/\/www.sisinternational.com\/pt\/analysis-b2b\/\" title=\"What Business Leaders Need to Know Right Now\"  data-wpil-monitor-id=\"8429\">businesses cannot know<\/a> what to expect after every election.<\/p>\n\n\n\n<h3 class=\"wp-block-heading\">3. Polui\u00e7\u00e3o<\/h3>\n\n\n\n<p>O manejo do maior ganhador de divisas do pa\u00eds tem causado polui\u00e7\u00e3o massiva. Os derrames de petr\u00f3leo no Delta do N\u00edger danificaram a vegeta\u00e7\u00e3o e as terras agr\u00edcolas, sem nenhum esfor\u00e7o eficaz por parte do governo ou das partes interessadas da ind\u00fastria petrol\u00edfera para lidar com a quest\u00e3o.<\/p>\n\n\n\n<h3 class=\"wp-block-heading\">4. Terrorismo<\/h3>\n\n\n\n<p>A economia da Nig\u00e9ria foi afectada pelas actividades do grupo terrorista Boko Haram. Este grupo afiliado ao ISIS realizou numerosos sequestros e assassinatos enquanto tentava controlar todo o pa\u00eds. Isto fez com que o pa\u00eds fosse considerado inseguro, especialmente para os estrangeiros.<\/p>\n\n\n\n<h3 class=\"wp-block-heading\">5. Quedas de energia<\/h3>\n\n\n\n<p>Doing business can be expensive in Nigeria due to frequent power outages. These reduce the profits of small businesses as they seek expensive alternative energy sources. Big corporations also register high operating costs as they have to invest in power generators.<\/p>\n\n\n\n<h2 class=\"wp-block-heading\">Centros de localiza\u00e7\u00e3o de neg\u00f3cios da Nig\u00e9ria<\/h2>\n\n\n\n<p>No topo da lista dos melhores lugares para iniciar e administrar um neg\u00f3cio na Nig\u00e9ria est\u00e1 Lagos. Sendo o centro comercial do pa\u00eds, Lagos possui recursos naturais e infra-estruturas para apoiar os neg\u00f3cios.<\/p>\n\n\n\n<p>As the federal capital of Nigeria, Abuja boasts of modern amenities, a growing population, and a high per-capita income. Other cities investors choose for business include Kano and Port Harcourt, a port town and capital of Rivers state.<\/p>\n\n\n\n<h2 class=\"wp-block-heading\">Sobre pesquisa de mercado na Nig\u00e9ria<\/h2>\n\n\n\n<p>The importance of market research cannot be overemphasized. Both investors and marketers understand this, and it\u2019s the primary reason <a href=\"https:\/\/www.sisinternational.com\/pt\/entre-em-contato-com-a-sis-international-market-research\/\" title=\"Contate-nos\"  data-wpil-monitor-id=\"8423\">A SIS International Research<\/a> exists. With expertise in business and market research through various methods, we help businesses make the right decisions about <a href=\"https:\/\/www.sisinternational.com\/pt\/pesquisa-de-mercado-veterana-dos-eua-2\/\" title=\"Pesquisa de mercado de veteranos dos EUA\"  data-wpil-monitor-id=\"8424\">markets and develop a winning strategy<\/a>.<\/p>\n\n\n\n<p><\/p>","protected":false},"excerpt":{"rendered":"<p>Expanda seus neg\u00f3cios com pesquisa de mercado na Nig\u00e9ria.<\/p>","protected":false},"author":1,"featured_media":65327,"parent":14281,"menu_order":1,"comment_status":"closed","ping_status":"closed","template":"","meta":{"footnotes":""},"class_list":["post-36637","page","type-page","status-publish","has-post-thumbnail"],"_links":{"self":[{"href":"https:\/\/www.sisinternational.com\/pt\/wp-json\/wp\/v2\/pages\/36637","targetHints":{"allow":["GET"]}}],"collection":[{"href":"https:\/\/www.sisinternational.com\/pt\/wp-json\/wp\/v2\/pages"}],"about":[{"href":"https:\/\/www.sisinternational.com\/pt\/wp-json\/wp\/v2\/types\/page"}],"author":[{"embeddable":true,"href":"https:\/\/www.sisinternational.com\/pt\/wp-json\/wp\/v2\/users\/1"}],"replies":[{"embeddable":true,"href":"https:\/\/www.sisinternational.com\/pt\/wp-json\/wp\/v2\/comments?post=36637"}],"version-history":[{"count":4,"href":"https:\/\/www.sisinternational.com\/pt\/wp-json\/wp\/v2\/pages\/36637\/revisions"}],"predecessor-version":[{"id":81413,"href":"https:\/\/www.sisinternational.com\/pt\/wp-json\/wp\/v2\/pages\/36637\/revisions\/81413"}],"up":[{"embeddable":true,"href":"https:\/\/www.sisinternational.com\/pt\/wp-json\/wp\/v2\/pages\/14281"}],"wp:featuredmedia":[{"embeddable":true,"href":"https:\/\/www.sisinternational.com\/pt\/wp-json\/wp\/v2\/media\/65327"}],"wp:attachment":[{"href":"https:\/\/www.sisinternational.com\/pt\/wp-json\/wp\/v2\/media?parent=36637"}],"curies":[{"name":"wp","href":"https:\/\/api.w.org\/{rel}","templated":true}]}}