{"id":36635,"date":"2021-02-05T02:55:49","date_gmt":"2021-02-05T02:55:49","guid":{"rendered":"https:\/\/www.sisinternational.com\/?page_id=36635"},"modified":"2026-02-23T18:04:07","modified_gmt":"2026-02-23T23:04:07","slug":"pesquisa-de-mercado-no-egito","status":"publish","type":"page","link":"https:\/\/www.sisinternational.com\/pt\/cobertura\/pesquisa-de-mercado-medio-oriente\/pesquisa-de-mercado-no-egito\/","title":{"rendered":"Pesquisa de mercado no Egito"},"content":{"rendered":"<h1 class=\"wp-block-heading\">Pesquisa de mercado no Egito<\/h1>\n\n\n\n<figure class=\"gb-block-image gb-block-image-615f8492\"><img loading=\"lazy\" decoding=\"async\" width=\"1456\" height=\"816\" class=\"gb-image gb-image-615f8492\" src=\"https:\/\/www.sisinternational.com\/wp-content\/uploads\/2025\/08\/Egypt-1.jpg\" alt=\"Pesquisa e Estrat\u00e9gia de Mercado Internacional da SIS\" title=\"Egypt (1)\" srcset=\"https:\/\/www.sisinternational.com\/wp-content\/uploads\/2025\/08\/Egypt-1.jpg 1456w, https:\/\/www.sisinternational.com\/wp-content\/uploads\/2025\/08\/Egypt-1-300x168.jpg 300w, https:\/\/www.sisinternational.com\/wp-content\/uploads\/2025\/08\/Egypt-1-1024x574.jpg 1024w, https:\/\/www.sisinternational.com\/wp-content\/uploads\/2025\/08\/Egypt-1-768x430.jpg 768w, https:\/\/www.sisinternational.com\/wp-content\/uploads\/2025\/08\/Egypt-1-18x10.jpg 18w\" sizes=\"auto, (max-width: 1456px) 100vw, 1456px\"><\/figure>\n\n\n\n<p><\/p>\n\n\n\n<p><span style=\"font-weight: 400;\">Porque \u00e9 que a pesquisa de mercado no Egipto est\u00e1 a tornar-se uma ferramenta essencial para as empresas que procuram navegar neste mercado? O Egipto, com a sua localiza\u00e7\u00e3o estrat\u00e9gica que liga \u00c1frica e o M\u00e9dio Oriente, apresenta um ambiente de mercado \u00fanico e vibrante \u2013 e compreender as complexidades deste mercado atrav\u00e9s de uma pesquisa de mercado eficaz \u00e9 uma necessidade estrat\u00e9gica para qualquer empresa que pretenda ter sucesso neste cen\u00e1rio empresarial em r\u00e1pida evolu\u00e7\u00e3o.<\/span><\/p>\n\n\n\n<h2 class=\"wp-block-heading\">A terra dos Fara\u00f3s passou por algumas mudan\u00e7as ao longo dos anos.<\/h2>\n\n\n\n<p>No entanto, suas atividades econ\u00f4micas ainda giram em torno dos mesmos setores. Com uma grande parte da popula\u00e7\u00e3o sendo jovem, h\u00e1 tanto potencial quanto demanda por mais crescimento.<\/p>\n\n\n\n<h2 class=\"wp-block-heading\"><strong>Compreendendo a pesquisa de mercado no Egito<\/strong><\/h2>\n\n\n\n<p><span style=\"font-weight: 400;\">Egypt&#8217;s market is distinguished by its youthful demographic, with a large portion of the population under 30. This young demographic is tech-savvy and increasingly urban and is driving changes in <a href=\"https:\/\/www.sisinternational.com\/pt\/publicacoes\/comportamento-do-comprador-apos-coronavirus-novo-consumidor\/\" title=\"Comportamento do comprador ap\u00f3s o coronav\u00edrus \u2013 Pesquisa de mercado de consumo\"  data-wpil-monitor-id=\"9106\">consumer behavior and market<\/a> trends.&nbsp;<\/span><\/p>\n\n\n\n<p><span style=\"font-weight: 400;\">Furthermore, the Egyptian <a href=\"https:\/\/www.sisinternational.com\/pt\/solucoes\/solucoes-de-branding-e-pesquisa-de-clientes\/pesquisa-de-mercado-de-influenciadores\/\" title=\"Pesquisa de mercado de influenciadores\"  data-wpil-monitor-id=\"9107\">market is influenced<\/a> by a blend of traditional values and modern influences. Traditional markets, or souks, coexist with modern shopping malls, and local <a href=\"https:\/\/www.sisinternational.com\/pt\/solucoes\/solucoes-de-pesquisa-quantitativa-qualitativa\/pesquisa-de-mercado-de-teste-de-marca\/\" title=\"Pesquisa de mercado de testes de marca\"  data-wpil-monitor-id=\"9108\">brands compete alongside international names<\/a>. Therefore, effective market research in Egypt must capture these diverse market aspects to offer a holistic view of the opportunities and challenges within the market.<\/span><\/p>\n\n\n\n<h2 class=\"wp-block-heading\"><strong>Benef\u00edcios da pesquisa de mercado no Egito<\/strong><\/h2>\n\n\n\n<p><span style=\"font-weight: 400;\">A participa\u00e7\u00e3o em pesquisas de mercado no Egito oferece vantagens significativas para as empresas que pretendem compreender e ter sucesso neste mercado distinto. Os benef\u00edcios da realiza\u00e7\u00e3o de pesquisas aprofundadas no Egito s\u00e3o numerosos, contribuindo para uma tomada de decis\u00f5es e um planeamento estrat\u00e9gico mais informados. Aqui est\u00e1 uma olhada nos principais benef\u00edcios:<\/span><\/p>\n\n\n\n<p><b>\u2022 Identifica\u00e7\u00e3o de oportunidades de mercado:<\/b><span style=\"font-weight: 400;\"> O cen\u00e1rio de mercado em evolu\u00e7\u00e3o do Egito apresenta in\u00fameras oportunidades, e a pesquisa de mercado ajuda a identific\u00e1-las, seja em tend\u00eancias emergentes de consumo, necessidades n\u00e3o atendidas ou novos segmentos de mercado.<\/span><\/p>\n\n\n\n<p><b>\u2022 Estrat\u00e9gias de marketing personalizadas: <\/b><span style=\"font-weight: 400;\">Os insights das pesquisas de mercado orientam o desenvolvimento de estrat\u00e9gias de marketing que repercutam no p\u00fablico eg\u00edpcio, garantindo relev\u00e2ncia e efic\u00e1cia cultural.<\/span><\/p>\n\n\n\n<p><b>\u2022 Desenvolvimento e Inova\u00e7\u00e3o de Produtos: <\/b><span style=\"font-weight: 400;\">A pesquisa de mercado informa o processo de desenvolvimento de produtos, garantindo que os novos produtos ou servi\u00e7os sejam adequados \u00e0s prefer\u00eancias e necessidades do mercado eg\u00edpcio.<\/span><\/p>\n\n\n\n<p><b>\u2022 Conformidade e compreens\u00e3o regulat\u00f3ria: <\/b><span style=\"font-weight: 400;\">Navegar no ambiente regulat\u00f3rio no Egito pode ser complexo. Consequentemente, a pesquisa de mercado auxilia na compreens\u00e3o dessas regulamenta\u00e7\u00f5es, garantindo conformidade e efic\u00e1cia operacional.<\/span><\/p>\n\n\n\n<p><b>\u2022 Compreendendo a diversidade da base de consumidores:<\/b><span style=\"font-weight: 400;\"> A popula\u00e7\u00e3o do Egipto \u00e9 diversificada, com estilos de vida, n\u00edveis de rendimento e comportamentos de consumo variados \u2013 e a investiga\u00e7\u00e3o de mercado ajuda a compreender estes diversos segmentos de consumidores, cruciais para a adapta\u00e7\u00e3o de produtos e servi\u00e7os.<\/span><\/p>\n\n\n\n<p><b>\u2022 Cen\u00e1rio competitivo: <\/b><span style=\"font-weight: 400;\">O mercado eg\u00edpcio est\u00e1 se tornando cada vez mais competitivo com a entrada de novos players locais e internacionais. A pesquisa ajuda a entender o ambiente competitivo, permitindo que as empresas criem estrat\u00e9gias de forma eficaz.<\/span><\/p>\n\n\n\n<p><b>\u2022 Navegando pelas flutua\u00e7\u00f5es econ\u00f4micas: <\/b><span style=\"font-weight: 400;\">A economia do Egipto tem experimentado v\u00e1rias flutua\u00e7\u00f5es e a investiga\u00e7\u00e3o de mercado ajuda a compreender estes padr\u00f5es econ\u00f3micos e o seu impacto nos gastos dos consumidores e nas oportunidades de neg\u00f3cios.<\/span><\/p>\n\n\n\n<p><b>\u2022 Adapta\u00e7\u00e3o de estrat\u00e9gias de marketing:<\/b><span style=\"font-weight: 400;\"> The insights gained from <a href=\"https:\/\/www.sisinternational.com\/pt\/pericia\/industrias\/pesquisa-de-mercado-de-desenvolvimento-de-baixo-codigo\/\" title=\"Pesquisa de mercado de desenvolvimento de baixo c\u00f3digo\"  data-wpil-monitor-id=\"9104\">market research are invaluable in developing<\/a> effective marketing strategies that resonate with the Egyptian audience, ensuring better engagement and ROI.<\/span><\/p>\n\n\n\n<h2 class=\"wp-block-heading\">Quais s\u00e3o as ind\u00fastrias estrat\u00e9gicas do Egito?<\/h2>\n\n\n\n<figure class=\"gb-block-image gb-block-image-1db7e132\"><img loading=\"lazy\" decoding=\"async\" width=\"1456\" height=\"816\" class=\"gb-image gb-image-1db7e132\" src=\"https:\/\/www.sisinternational.com\/wp-content\/uploads\/2025\/08\/Egypt-2.jpg\" alt=\"Pesquisa e Estrat\u00e9gia de Mercado Internacional da SIS\" title=\"Egypt (2)\" srcset=\"https:\/\/www.sisinternational.com\/wp-content\/uploads\/2025\/08\/Egypt-2.jpg 1456w, https:\/\/www.sisinternational.com\/wp-content\/uploads\/2025\/08\/Egypt-2-300x168.jpg 300w, https:\/\/www.sisinternational.com\/wp-content\/uploads\/2025\/08\/Egypt-2-1024x574.jpg 1024w, https:\/\/www.sisinternational.com\/wp-content\/uploads\/2025\/08\/Egypt-2-768x430.jpg 768w, https:\/\/www.sisinternational.com\/wp-content\/uploads\/2025\/08\/Egypt-2-18x10.jpg 18w\" sizes=\"auto, (max-width: 1456px) 100vw, 1456px\"><\/figure>\n\n\n\n<p><\/p>\n\n\n\n<p>Apesar de ser um pa\u00eds majoritariamente des\u00e9rtico, o Egito tem v\u00e1rias ind\u00fastrias impulsionando sua economia. Aqui est\u00e3o as tr\u00eas principais.<\/p>\n\n\n\n<h3 class=\"wp-block-heading\">1. Petr\u00f3leo e G\u00e1s<\/h3>\n\n\n\n<p>Sendo um interveniente significativo na produ\u00e7\u00e3o global de petr\u00f3leo e com reservas estimadas em quase 4 mil milh\u00f5es de barris de petr\u00f3leo, o Egipto depende fortemente desta ind\u00fastria. As doze refinarias de petr\u00f3leo do pa\u00eds pretendem torn\u00e1-lo auto-suficiente no que diz respeito ao processamento de petr\u00f3leo.<\/p>\n\n\n\n<p>Egypt is also a producer of natural gas and exports some of it to the <a href=\"https:\/\/www.sisinternational.com\/pt\/de-olho-no-mundo-arabe-por-ahmed-nassef-presidente-da-maktoob-research\/\" title=\"De olho no mundo \u00e1rabe por Ahmed Nassef, presidente da Maktoob Research\"  data-wpil-monitor-id=\"4419\">Middle East through the 1,200 km Arab<\/a> Gas Pipeline.<\/p>\n\n\n\n<h3 class=\"wp-block-heading\">2. Turismo<\/h3>\n\n\n\n<p>O turismo \u00e9 uma grande parte da economia do Egito, e as Pir\u00e2mides de Giz\u00e9 s\u00e3o as principais atra\u00e7\u00f5es. Outras atra\u00e7\u00f5es tur\u00edsticas no Egito incluem o Museu Eg\u00edpcio, que abriga pelo menos 120.000 antiguidades eg\u00edpcias; Abu Simbel, um s\u00edtio arqueol\u00f3gico com dois templos escavados na rocha; e um cruzeiro pelo Nilo.<\/p>\n\n\n\n<h3 class=\"wp-block-heading\">3. Agricultura<\/h3>\n\n\n\n<p>O vasto deserto do Egito recebe algum al\u00edvio do Rio Nilo. O setor agr\u00edcola do pa\u00eds prospera nos solos f\u00e9rteis do vale e delta do Nilo.<\/p>\n\n\n\n<p>Com milh\u00f5es de acres de terra produtiva, o Egito produz arroz, trigo, algod\u00e3o, cana-de-a\u00e7\u00facar, tabaco e cebolas. No entanto, por mais impressionante que seja a ind\u00fastria, ela n\u00e3o satisfaz a demanda local.<\/p>\n\n\n\n<h2 class=\"wp-block-heading\"><strong>Principais jogadores no Egito<\/strong><\/h2>\n\n\n\n<p><span style=\"font-weight: 400;\">Identificar os principais intervenientes nos diversos setores de mercado do Egito \u00e9 crucial para as empresas que realizam pesquisas de mercado no Egito. Estas empresas influenciam significativamente v\u00e1rios setores industriais no Egito. Aqui est\u00e1 uma vis\u00e3o geral dos principais players em setores-chave:<\/span><\/p>\n\n\n\n<p><b>\u2022 Vodafone Egito: <\/b><span style=\"font-weight: 400;\">Uma operadora m\u00f3vel l\u00edder no Egito, conhecida pela sua extensa rede e gama de servi\u00e7os.<\/span><\/p>\n\n\n\n<p><b>\u2022 Banco Nacional do Egito: <\/b><span style=\"font-weight: 400;\">O maior e mais antigo banco do pa\u00eds, desempenhando um papel fundamental no cen\u00e1rio financeiro do Egito.<\/span><\/p>\n\n\n\n<p><b>\u2022 Banco Comercial Internacional (CIB):<\/b><span style=\"font-weight: 400;\"> Um grande banco do setor privado, conhecido pelos seus servi\u00e7os banc\u00e1rios inovadores.<\/span><\/p>\n\n\n\n<p><b>\u2022 Grupo Talaat Moustafa:<\/b><span style=\"font-weight: 400;\"> Uma incorporadora imobili\u00e1ria l\u00edder, envolvida em projetos residenciais e comerciais de grande porte.<\/span><\/p>\n\n\n\n<p><b>\u2022 Constru\u00e7\u00e3o Orascom: <\/b><span style=\"font-weight: 400;\">Uma empresa global de engenharia e constru\u00e7\u00e3o com opera\u00e7\u00f5es significativas no Egito.<\/span><\/p>\n\n\n\n<p><b>\u2022 Empresa Eg\u00edpcia de Amido e Glicose: <\/b><span style=\"font-weight: 400;\">Especializada na produ\u00e7\u00e3o de amido e glicose, refletindo a import\u00e2ncia da agricultura na economia do Egito.<\/span><\/p>\n\n\n\n<p><b>\u2022 El Sewedy El\u00e9trico:<\/b><span style=\"font-weight: 400;\"> Um ator importante na fabrica\u00e7\u00e3o de equipamentos el\u00e9tricos e no fornecimento de solu\u00e7\u00f5es integradas de energia.<\/span><\/p>\n\n\n\n<p><b>\u2022 Grupo El Araby:<\/b><span style=\"font-weight: 400;\"> Fabricante l\u00edder de eletr\u00f4nicos e eletrodom\u00e9sticos, com forte presen\u00e7a no mercado eg\u00edpcio.<\/span><\/p>\n\n\n\n<p><b>\u2022 Majid Al Futtaim: <\/b><span style=\"font-weight: 400;\">Opera importantes shopping centers e hipermercados, moldando o cen\u00e1rio do varejo no Egito.<\/span><\/p>\n\n\n\n<h2 class=\"wp-block-heading\"><strong>Principais atra\u00e7\u00f5es tur\u00edsticas do Egito<\/strong><\/h2>\n\n\n\n<p><span style=\"font-weight: 400;\">O turismo \u00e9 um sector vital na economia do Egipto e compreender as principais atrac\u00e7\u00f5es tur\u00edsticas \u00e9 essencial para as empresas que realizam pesquisas de mercado no Egipto, especialmente as dos sectores de viagens, hotelaria e servi\u00e7os. Aqui est\u00e1 uma vis\u00e3o geral de algumas das principais atra\u00e7\u00f5es tur\u00edsticas:<\/span><\/p>\n\n\n\n<p><b>\u2022 As Grandes Pir\u00e2mides de Giz\u00e9 e a Esfinge:<\/b><span style=\"font-weight: 400;\"> Maravilhas antigas ic\u00f4nicas que atraem milh\u00f5es de turistas em todo o mundo.<\/span><\/p>\n\n\n\n<p><b>\u2022 O Museu Eg\u00edpcio:<\/b><span style=\"font-weight: 400;\"> Lar de uma extensa cole\u00e7\u00e3o de artefatos eg\u00edpcios antigos, incluindo os tesouros de Tutanc\u00e2mon.<\/span><\/p>\n\n\n\n<p><b>\u2022 Vale dos reis: <\/b><span style=\"font-weight: 400;\">Famosa por seus t\u00famulos e c\u00e2maras funer\u00e1rias dos antigos fara\u00f3s eg\u00edpcios.<\/span><\/p>\n\n\n\n<p><b>\u2022 Templo de Karnak: <\/b><span style=\"font-weight: 400;\">Um dos maiores edif\u00edcios religiosos do mundo, conhecido pela sua arquitetura deslumbrante.<\/span><\/p>\n\n\n\n<p><b>\u2022 Templos de Abu Simbel:<\/b><span style=\"font-weight: 400;\"> Enormes templos rochosos originalmente esculpidos durante o reinado do fara\u00f3 Rams\u00e9s II.<\/span><\/p>\n\n\n\n<p><b>\u2022 A Barragem Alta de Aswan e o Lago Nasser:<\/b><span style=\"font-weight: 400;\"> A engenharia moderna maravilha-se com significativa import\u00e2ncia hist\u00f3rica.<\/span><\/p>\n\n\n\n<p><b>\u2022 A Biblioteca Alexandrina:<\/b><span style=\"font-weight: 400;\"> Uma moderna biblioteca e centro cultural, em homenagem \u00e0 antiga Biblioteca de Alexandria.<\/span><\/p>\n\n\n\n<p><b>\u2022 Sharm El Sheikh e Hurghada: <\/b><span style=\"font-weight: 400;\">Est\u00e2ncias balneares populares s\u00e3o conhecidas pelas suas belas praias, recifes de corais e desportos aqu\u00e1ticos como mergulho e snorkeling.<\/span><\/p>\n\n\n\n<h2 class=\"wp-block-heading\"><strong>Tend\u00eancias atuais no Egito<\/strong><\/h2>\n\n\n\n<p><span style=\"font-weight: 400;\">Compreender as tend\u00eancias de neg\u00f3cios no Egito ajuda as empresas a adaptarem as suas estrat\u00e9gias \u00e0s caracter\u00edsticas \u00fanicas do mercado eg\u00edpcio. Aqui est\u00e3o algumas das principais tend\u00eancias atuais no Egito:<\/span><\/p>\n\n\n\n<p><b>\u2022 Transforma\u00e7\u00e3o Digital: <\/b>O Egipto est\u00e1 a passar por uma mudan\u00e7a significativa em dire\u00e7\u00e3o \u00e0 digitaliza\u00e7\u00e3o<span style=\"font-weight: 400;\">, com aumento da atividade online, crescimento do e-commerce e ado\u00e7\u00e3o de pagamento digital. Essa tend\u00eancia afeta os h\u00e1bitos de compra do consumidor, o consumo de m\u00eddia e as opera\u00e7\u00f5es comerciais.<\/span><\/p>\n\n\n\n<p><b>\u2022 Evolu\u00e7\u00e3o do Setor Varejista: <\/b>The retail landscape is evolving with the integration of online and offline channels, leading to the growth of omnichannel retailing and <a href=\"https:\/\/www.sisinternational.com\/pt\/qualitative-research-to-enhance-customer-experience\/\" title=\"Qualitative Research to Enhance Customer Experience\"  data-wpil-monitor-id=\"9103\">enhanced customer experiences<\/a>.<\/span><\/p>\n\n\n\n<p><b>\u2022 Influ\u00eancia dos Jovens nas Tend\u00eancias de Mercado: <\/b>O Egipto tem uma grande popula\u00e7\u00e3o jovem e <span style=\"font-weight: 400;\">tend\u00eancias entre os jovens eg\u00edpcios, particularmente no uso de tecnologia, moda e entretenimento, est\u00e3o influenciando significativamente a din\u00e2mica do mercado.<\/span><\/p>\n\n\n\n<p><b>\u2022 Maior foco na fabrica\u00e7\u00e3o local: <\/b>As iniciativas e pol\u00edticas governamentais est\u00e3o impulsionando uma tend\u00eancia para impulsionar a produ\u00e7\u00e3o local em v\u00e1rios setores<span style=\"font-weight: 400;\">.<\/span><\/p>\n\n\n\n<h2 class=\"wp-block-heading\">Oportunidades de neg\u00f3cios no Egito<\/h2>\n\n\n\n<p>O Egito oferece oportunidades \u00fanicas para investidores empresariais, embora elas possam n\u00e3o ser as mesmas em \u00e1reas tradicionais.<\/p>\n\n\n\n<h3 class=\"wp-block-heading\">1. Passeios e viagens<\/h3>\n\n\n\n<p>Sendo um dos principais contribuintes para o PIB do pa\u00eds, qualquer neg\u00f3cio relacionado com o turismo ter\u00e1 certamente bons retornos. Uma op\u00e7\u00e3o de investimento muito vi\u00e1vel \u00e9 no subsetor de viagens e passeios.<\/p>\n\n\n\n<p>Uma maneira inteligente de ganhar o jogo seria anunciar em pa\u00edses como R\u00fassia, Ar\u00e1bia Saudita e Europa, de onde vem a maioria dos turistas. As empresas tamb\u00e9m podem fazer parcerias com empresas de turismo e viagens internacionais e \u201ctrocar\u201d turistas para garantir o fluxo de neg\u00f3cios.<\/p>\n\n\n\n<h3 class=\"wp-block-heading\">2. Agricultura<\/h3>\n\n\n\n<p>There is a huge demand for <a href=\"https:\/\/www.sisinternational.com\/pt\/pericia\/industrias\/pesquisa-de-mercado-de-alimentos-congelados\/\" title=\"Pesquisa de mercado de alimentos congelados\"  data-wpil-monitor-id=\"9109\">food in the local market<\/a>. Grains are a staple among Egyptian households, so investors who can produce them with minimum water resources can thrive.<\/p>\n\n\n\n<p>N\u00e3o s\u00f3 existe um mercado pronto para o produto, mas o apoio governamental \u00e9 certo, uma vez que tal neg\u00f3cio ajudaria a alcan\u00e7ar a seguran\u00e7a alimentar.<\/p>\n\n\n\n<h3 class=\"wp-block-heading\">3. Tecnologia de Comunica\u00e7\u00e3o da Informa\u00e7\u00e3o<\/h3>\n\n\n\n<p>Mais de 50% da popula\u00e7\u00e3o do Egito tem menos de 25 anos. Esse grupo populacional \u00e9 especialista em tecnologia e uma fonte potencial de talentos para neg\u00f3cios relacionados \u00e0 tecnologia. O Egito tamb\u00e9m \u00e9 l\u00edder em servi\u00e7os de terceiriza\u00e7\u00e3o na regi\u00e3o.<\/p>\n\n\n\n<p>O governo est\u00e1 trabalhando para melhorar a infraestrutura de TIC do pa\u00eds, o que criar\u00e1 um ambiente favor\u00e1vel ao crescimento de neg\u00f3cios relacionados \u00e0 TI.<\/p>\n\n\n\n<h3 class=\"wp-block-heading\">4. Servi\u00e7os Financeiros<\/h3>\n\n\n\n<p>Servi\u00e7os financeiros s\u00e3o necess\u00e1rios para o crescimento da economia. De servi\u00e7os banc\u00e1rios e seguros a leasing, fornecer financiamento e consultoria financeira incentiva a inova\u00e7\u00e3o.<\/p>\n\n\n\n<p>Os ativos financeiros tamb\u00e9m precisam ser precificados, e o desenvolvimento econ\u00f4mico geral deve ser determinado. Como os mercados de capital refletem com precis\u00e3o o desempenho de uma economia, fornecer esses servi\u00e7os faz sentido comercial.<\/p>\n\n\n\n<h2 class=\"wp-block-heading\">Desafios enfrentados pela economia do Egito<\/h2>\n\n\n\n<p>O maior desafio que a economia do Egipto enfrenta \u00e9 a desertifica\u00e7\u00e3o. Estima-se que mais de dez mil hectares de terras agr\u00edcolas sejam perdidos todos os anos devido \u00e0 desertifica\u00e7\u00e3o. Isto leva a um aumento nas importa\u00e7\u00f5es de alimentos, afetando negativamente a balan\u00e7a comercial do pa\u00eds.<\/p>\n\n\n\n<p>A corrup\u00e7\u00e3o tamb\u00e9m afetou empresas no Egito. O favoritismo leva as empresas a se envolverem em corrup\u00e7\u00e3o para sobreviver. Os intermedi\u00e1rios fornecem \u201cconex\u00f5es\u201d para ajudar a navegar na complexa burocracia governamental, o que torna desafiador para empresas novas ou pequenas terem sucesso. <span style=\"font-weight: 400;\">Alguns outros desafios incluem:<\/span><\/p>\n\n\n\n<p><b>\u2022 Volatilidade Econ\u00f4mica: <\/b>Egypt&#8217;s economy can be subject to fluctuations, which may affect <a href=\"https:\/\/www.sisinternational.com\/pt\/global-beverage-market\/\" title=\"Global Beverage Market: Market Dynamics, Growth Projections &amp; Consumer Insights\"  data-wpil-monitor-id=\"9105\">consumer spending habits and market dynamics<\/a>.<\/span><\/p>\n\n\n\n<p><b>\u2022 Instabilidade pol\u00edtica:<\/b><span style=\"font-weight: 400;\"> Per\u00edodos de instabilidade pol\u00edtica podem impactar as opera\u00e7\u00f5es comerciais e o clima de investimento.<\/span><\/p>\n\n\n\n<p><b>\u2022 Desafios de infraestrutura: <\/b><span style=\"font-weight: 400;\">Algumas \u00e1reas podem ter limita\u00e7\u00f5es de infraestrutura, afetando a log\u00edstica e a distribui\u00e7\u00e3o.<\/span><\/p>\n\n\n\n<p><b>\u2022 Preocupa\u00e7\u00f5es com seguran\u00e7a: <\/b><span style=\"font-weight: 400;\">Podem surgir problemas de seguran\u00e7a, especialmente em determinadas regi\u00f5es, o que pode afetar as opera\u00e7\u00f5es comerciais.<\/span><\/p>\n\n\n\n<p><b>\u2022 Acesso aos dados: <\/b><span style=\"font-weight: 400;\">O acesso a dados fi\u00e1veis e atualizados pode ser um desafio, exigindo investiga\u00e7\u00e3o aprofundada e parcerias locais.<\/span><\/p>\n\n\n\n<p><b>\u2022 Talento e Habilidades: <\/b><span style=\"font-weight: 400;\">Encontrar talentos locais qualificados para pesquisas de mercado e opera\u00e7\u00f5es comerciais pode ser um desafio em determinados setores.<\/span><\/p>\n\n\n\n<h2 class=\"wp-block-heading\">Centros de localiza\u00e7\u00e3o de neg\u00f3cios no Egito<\/h2>\n\n\n\n<figure class=\"gb-block-image gb-block-image-4fa9ef2c\"><img loading=\"lazy\" decoding=\"async\" width=\"1456\" height=\"816\" class=\"gb-image gb-image-4fa9ef2c\" src=\"https:\/\/www.sisinternational.com\/wp-content\/uploads\/2025\/08\/Egypt-44-.jpg\" alt=\"Pesquisa e Estrat\u00e9gia de Mercado Internacional da SIS\" title=\"Egypt 44\" srcset=\"https:\/\/www.sisinternational.com\/wp-content\/uploads\/2025\/08\/Egypt-44-.jpg 1456w, https:\/\/www.sisinternational.com\/wp-content\/uploads\/2025\/08\/Egypt-44--300x168.jpg 300w, https:\/\/www.sisinternational.com\/wp-content\/uploads\/2025\/08\/Egypt-44--1024x574.jpg 1024w, https:\/\/www.sisinternational.com\/wp-content\/uploads\/2025\/08\/Egypt-44--768x430.jpg 768w, https:\/\/www.sisinternational.com\/wp-content\/uploads\/2025\/08\/Egypt-44--18x10.jpg 18w\" sizes=\"auto, (max-width: 1456px) 100vw, 1456px\"><\/figure>\n\n\n\n<p><\/p>\n\n\n\n<p>Os neg\u00f3cios do Egito prosperam nos setores de turismo e agricultura. As melhores \u00e1reas para neg\u00f3cios relacionados ao turismo s\u00e3o Cairo, Giza e Luxor. A produ\u00e7\u00e3o de cana-de-a\u00e7\u00facar tamb\u00e9m \u00e9 uma op\u00e7\u00e3o de neg\u00f3cio em Luxor.<\/p>\n\n\n\n<p>As refinarias de Suez s\u00e3o boas para neg\u00f3cios relacionados a petr\u00f3leo. Tanta e El-Mahalla El-Kubra s\u00e3o os melhores locais para neg\u00f3cios agr\u00edcolas e de manufatura t\u00eaxtil.<\/p>\n\n\n\n<h2 class=\"wp-block-heading\">Sobre pesquisa de mercado no Egito<\/h2>\n\n\n\n<p>Businesses must unlock key insights about a market before investing. At <a href=\"https:\/\/www.sisinternational.com\/pt\/entre-em-contato-com-a-sis-international-market-research\/\" title=\"Contate-nos\"  data-wpil-monitor-id=\"9102\">A SIS International Research<\/a>, we help businesses conduct market research through methods such as surveys, focus groups, online communities, and voice-of-the-customer research.<\/p>\n\n\n\n<p>Nosso objetivo \u00e9 capacitar empresas para que comecem bem e tenham uma estrat\u00e9gia de crescimento em vigor.<\/p>\n\n\n\n<p><\/p>","protected":false},"excerpt":{"rendered":"<p>Pesquisa de mercado no Egito. Ajudamos as empresas a realizar pesquisas de mercado atrav\u00e9s de m\u00e9todos como pesquisas, grupos focais, comunidades online\u2026<\/p>","protected":false},"author":1,"featured_media":65178,"parent":36619,"menu_order":1,"comment_status":"closed","ping_status":"closed","template":"","meta":{"footnotes":""},"class_list":["post-36635","page","type-page","status-publish","has-post-thumbnail"],"_links":{"self":[{"href":"https:\/\/www.sisinternational.com\/pt\/wp-json\/wp\/v2\/pages\/36635","targetHints":{"allow":["GET"]}}],"collection":[{"href":"https:\/\/www.sisinternational.com\/pt\/wp-json\/wp\/v2\/pages"}],"about":[{"href":"https:\/\/www.sisinternational.com\/pt\/wp-json\/wp\/v2\/types\/page"}],"author":[{"embeddable":true,"href":"https:\/\/www.sisinternational.com\/pt\/wp-json\/wp\/v2\/users\/1"}],"replies":[{"embeddable":true,"href":"https:\/\/www.sisinternational.com\/pt\/wp-json\/wp\/v2\/comments?post=36635"}],"version-history":[{"count":5,"href":"https:\/\/www.sisinternational.com\/pt\/wp-json\/wp\/v2\/pages\/36635\/revisions"}],"predecessor-version":[{"id":81525,"href":"https:\/\/www.sisinternational.com\/pt\/wp-json\/wp\/v2\/pages\/36635\/revisions\/81525"}],"up":[{"embeddable":true,"href":"https:\/\/www.sisinternational.com\/pt\/wp-json\/wp\/v2\/pages\/36619"}],"wp:featuredmedia":[{"embeddable":true,"href":"https:\/\/www.sisinternational.com\/pt\/wp-json\/wp\/v2\/media\/65178"}],"wp:attachment":[{"href":"https:\/\/www.sisinternational.com\/pt\/wp-json\/wp\/v2\/media?parent=36635"}],"curies":[{"name":"wp","href":"https:\/\/api.w.org\/{rel}","templated":true}]}}