{"id":36631,"date":"2021-02-05T02:36:40","date_gmt":"2021-02-05T02:36:40","guid":{"rendered":"https:\/\/www.sisinternational.com\/?page_id=36631"},"modified":"2026-01-25T16:57:07","modified_gmt":"2026-01-25T21:57:07","slug":"pesquisa-de-mercado-em-taiwan","status":"publish","type":"page","link":"https:\/\/www.sisinternational.com\/pt\/cobertura\/pesquisa-de-mercado-asia\/pesquisa-de-mercado-em-taiwan\/","title":{"rendered":"Pesquisa de mercado em Taiwan"},"content":{"rendered":"<h1 class=\"wp-block-heading\">Pesquisa de mercado em Taiwan<\/h1>\n\n\n\n<figure class=\"gb-block-image gb-block-image-36b58b30\"><img loading=\"lazy\" decoding=\"async\" width=\"1456\" height=\"816\" class=\"gb-image gb-image-36b58b30\" src=\"https:\/\/www.sisinternational.com\/wp-content\/uploads\/2025\/09\/Taiwan-2.jpg\" alt=\"Pesquisa e Estrat\u00e9gia de Mercado Internacional da SIS\" title=\"Taiwan (2)\" srcset=\"https:\/\/www.sisinternational.com\/wp-content\/uploads\/2025\/09\/Taiwan-2.jpg 1456w, https:\/\/www.sisinternational.com\/wp-content\/uploads\/2025\/09\/Taiwan-2-300x168.jpg 300w, https:\/\/www.sisinternational.com\/wp-content\/uploads\/2025\/09\/Taiwan-2-1024x574.jpg 1024w, https:\/\/www.sisinternational.com\/wp-content\/uploads\/2025\/09\/Taiwan-2-768x430.jpg 768w, https:\/\/www.sisinternational.com\/wp-content\/uploads\/2025\/09\/Taiwan-2-18x10.jpg 18w\" sizes=\"auto, (max-width: 1456px) 100vw, 1456px\"><\/figure>\n\n\n\n<p><\/p>\n\n\n\n<h2 class=\"wp-block-heading\">Pa\u00edses vizinhos de Taiwan<\/h2>\n\n\n\n<p>Taiwan fica ao sul do Mar da China e ao norte das Filipinas. Esta na\u00e7\u00e3o insular fica a 170 quil\u00f4metros da costa leste sul da China. O Estreito de Taiwan, tamb\u00e9m conhecido como Estreito Formosa, separa-o do continente. A riqueza de Taiwan vem dos seus cidad\u00e3os bem educados. Muitos deles mudaram-se da China continental para Taiwan.<\/p>\n\n\n\n<h2 class=\"wp-block-heading\">Base de Consumidores, Benef\u00edcios e Pontos Fortes no Mercado<\/h2>\n\n\n\n<p><b>Parte da Rep\u00fablica da China:<\/b>&nbsp;Taiwan is well known for petroleum and iron refineries. Steel armaments and machinery <a href=\"https:\/\/www.sisinternational.com\/pt\/solucoes\/teste-de-sabor\/servicos-de-teste-de-produtos-em-nova-york\/\" title=\"Servi\u00e7os de teste de produtos em Nova York\"  data-wpil-monitor-id=\"9117\">production are among the goods and services<\/a> Taiwan offers.<\/p>\n\n\n\n<p>Ap\u00f3s a coloca\u00e7\u00e3o do Presidente Chen Shui-bian e a sua subsequente reforma, Taiwan tem vivido instabilidade pol\u00edtica. Independentemente disso, os especialistas econ\u00f3micos prev\u00eaem que a economia do pa\u00eds ir\u00e1 expandir-se.<span class=\"Apple-converted-space\">&nbsp;<\/span><\/p>\n\n\n\n<p>Poucos pa\u00edses ao redor do mundo reconhecem Taiwan como na\u00e7\u00e3o. Os que incluem Guatemala, Haiti, Ilhas Marshall e Cidade do Vaticano.<span class=\"Apple-converted-space\">&nbsp;<\/span><\/p>\n\n\n\n<p><b>Taiwan \u2013 nasceu da separa\u00e7\u00e3o pol\u00edtica<\/b>: O pa\u00eds sofreu hostilidade de pa\u00edses superpot\u00eancias mundiais. A comunidade empresarial internacional do pa\u00eds \u2013 por v\u00e1rias raz\u00f5es \u2013 parou de negociar. Assim, Taiwan n\u00e3o conseguiu sequer levantar capital.<\/p>\n\n\n\n<p>Apesar desses desafios econ\u00f3micos, Taiwan tem um elevado PIB per capita. Na verdade, os seus n\u00fameros de PIB per capita s\u00f3 s\u00e3o superados pelo Jap\u00e3o e pela Coreia do Sul.<span class=\"Apple-converted-space\">&nbsp;<\/span><\/p>\n\n\n\n<p>Durante v\u00e1rios anos, o Jap\u00e3o foi fabricante de itens de baixo custo e alta qualidade. Alguns desses itens incluem eletr\u00f4nicos de consumo, eletrodom\u00e9sticos e componentes de fabrica\u00e7\u00e3o. Ent\u00e3o o Jap\u00e3o enfrentou um problema. Esta situa\u00e7\u00e3o \u00e9 conhecida como Armadilha da Renda M\u00e9dia. Em ess\u00eancia, eles estavam ficando ricos demais. Ent\u00e3o, depois de um tempo, a produ\u00e7\u00e3o de baixo custo n\u00e3o era mais seu dom\u00ednio.<\/p>\n\n\n\n<p>Taiwan was ready to take up Japan\u2019s former domain and prepared to do low cost manufacturing a decade before mainland China. Mainland <a href=\"https:\/\/www.sisinternational.com\/pt\/cobertura\/pesquisa-de-mercado-asia\/market-research-in-china-2\/pesquisa-empresa-de-pesquisa-de-mercado-china\/\" title=\"Empresa de pesquisa de mercado na China\"  data-wpil-monitor-id=\"9116\">China wasn\u2019t even on international companies\u2019<\/a> radar as a place to do business. China got a headstart, especially since it had the right workforce. But multinational companies were always interested in Taiwan. Foxconn, IBF, and Sony corporation started a collection of well-known companies. HTC ACER and ASUS are all headquartered in Taiwan and sell products all over the world.<\/p>\n\n\n\n<p>Taiwan acumulou um dos maiores super\u00e1vits em conta corrente de qualquer na\u00e7\u00e3o. A sua enorme reserva de moeda estrangeira ajuda ainda mais neste aspecto. Eles puderam trocar dinheiro com outros pa\u00edses para ajudar em seu com\u00e9rcio. Ao mesmo tempo, conseguiram acompanhar a sua moeda, garantindo que esta permanecesse competitiva.<\/p>\n\n\n\n<h2 class=\"wp-block-heading\">A porta de entrada do Sudeste Asi\u00e1tico<\/h2>\n\n\n\n<figure class=\"gb-block-image gb-block-image-61c3225a\"><img loading=\"lazy\" decoding=\"async\" width=\"1456\" height=\"816\" class=\"gb-image gb-image-61c3225a\" src=\"https:\/\/www.sisinternational.com\/wp-content\/uploads\/2025\/09\/Taiwan-1.jpg\" alt=\"Pesquisa e Estrat\u00e9gia de Mercado Internacional da SIS\" title=\"Taiwan (1)\" srcset=\"https:\/\/www.sisinternational.com\/wp-content\/uploads\/2025\/09\/Taiwan-1.jpg 1456w, https:\/\/www.sisinternational.com\/wp-content\/uploads\/2025\/09\/Taiwan-1-300x168.jpg 300w, https:\/\/www.sisinternational.com\/wp-content\/uploads\/2025\/09\/Taiwan-1-1024x574.jpg 1024w, https:\/\/www.sisinternational.com\/wp-content\/uploads\/2025\/09\/Taiwan-1-768x430.jpg 768w, https:\/\/www.sisinternational.com\/wp-content\/uploads\/2025\/09\/Taiwan-1-18x10.jpg 18w\" sizes=\"auto, (max-width: 1456px) 100vw, 1456px\"><\/figure>\n\n\n\n<p><\/p>\n\n\n\n<p>A maioria dos turistas internacionais viaja para Taiwan por prazer. O pa\u00eds conta com diversos destinos hist\u00f3ricos e viagens de aventura.<\/p>\n\n\n\n<p>The New Southbound Policy facilitated the union between Taiwan and Southern Asia. That union that has &#8211; so far &#8211; been beneficial. It is the signature of President Tsai Ing-Wen\u2019s foreign policy. President Tsai plans to help sustain the status quo of cross-Strait relations. The main goal of the New Southbound <a href=\"https:\/\/www.sisinternational.com\/pt\/pericia\/industrias\/pesquisa-de-mercado-de-elite-politica\/\" title=\"Pesquisa de mercado de elite pol\u00edtica\u00a0\"  data-wpil-monitor-id=\"9118\">Policy<\/a> is to \u201cBid farewell to past dependency on a single market.\u201d<\/p>\n\n\n\n<p>Taiwan yearns to diminish its sole economic reliance on mainland China. That was essential to prior administrations\u2019 southbound policies.<\/p>\n\n\n\n<p>Taiwan grew between the years 2002-2008. In 2008, Taiwan rose to 10.4 billion. Nonetheless, that does not outmatch mainland China, whose growth was incomparable. As the promotional plan on Yuan\u2019s website says it best. \u201cThe essence of the New Southbound Policy is to forge a new and mutually beneficial model of cooperation and create a sense of economic community\u201d.<\/p>\n\n\n\n<h2 class=\"wp-block-heading\">Estado de Direito<\/h2>\n\n\n\n<p>The Taiwan Rule of Law aims to nurture the study of Taiwan\u2019s Legal evolution. Another goal is to promote a popular and academic understanding of Taiwan\u2019s achievements. The nation lived under Martial Law for over thirty years. The Martial law ended when a new president (President Chiang Ching-Kuo) came into power on 15 July 1987. The legal landscape of Taiwan has transformed since Martial law ended.<\/p>\n\n\n\n<h2 class=\"wp-block-heading\">Sobre pesquisa de mercado em Taiwan<\/h2>\n\n\n\n<p>SIS International conducts Qualitative Research, Quantitative Research, and Strategy <a href=\"https:\/\/www.sisinternational.com\/pt\/cobertura\/pesquisa-de-mercado-africa\/pesquisa-de-mercado-no-mali\/\" title=\"Pesquisa de mercado no Mali\"  data-wpil-monitor-id=\"3852\">Research in the Taiwan market<\/a>. Methods include Focus Groups, Social Media Interviews, and Surveys. Contact us now for a consultation to find out how we can help you expand your business.<\/p>\n\n\n\n<h2 class=\"wp-block-heading\">&nbsp;<\/h2>","protected":false},"excerpt":{"rendered":"<p>Expanda seus neg\u00f3cios com pesquisa de mercado em Taiwan.<\/p>","protected":false},"author":1,"featured_media":65724,"parent":14508,"menu_order":13,"comment_status":"closed","ping_status":"closed","template":"","meta":{"footnotes":""},"class_list":["post-36631","page","type-page","status-publish","has-post-thumbnail"],"_links":{"self":[{"href":"https:\/\/www.sisinternational.com\/pt\/wp-json\/wp\/v2\/pages\/36631","targetHints":{"allow":["GET"]}}],"collection":[{"href":"https:\/\/www.sisinternational.com\/pt\/wp-json\/wp\/v2\/pages"}],"about":[{"href":"https:\/\/www.sisinternational.com\/pt\/wp-json\/wp\/v2\/types\/page"}],"author":[{"embeddable":true,"href":"https:\/\/www.sisinternational.com\/pt\/wp-json\/wp\/v2\/users\/1"}],"replies":[{"embeddable":true,"href":"https:\/\/www.sisinternational.com\/pt\/wp-json\/wp\/v2\/comments?post=36631"}],"version-history":[{"count":5,"href":"https:\/\/www.sisinternational.com\/pt\/wp-json\/wp\/v2\/pages\/36631\/revisions"}],"predecessor-version":[{"id":81526,"href":"https:\/\/www.sisinternational.com\/pt\/wp-json\/wp\/v2\/pages\/36631\/revisions\/81526"}],"up":[{"embeddable":true,"href":"https:\/\/www.sisinternational.com\/pt\/wp-json\/wp\/v2\/pages\/14508"}],"wp:featuredmedia":[{"embeddable":true,"href":"https:\/\/www.sisinternational.com\/pt\/wp-json\/wp\/v2\/media\/65724"}],"wp:attachment":[{"href":"https:\/\/www.sisinternational.com\/pt\/wp-json\/wp\/v2\/media?parent=36631"}],"curies":[{"name":"wp","href":"https:\/\/api.w.org\/{rel}","templated":true}]}}