{"id":36597,"date":"2021-02-01T01:24:15","date_gmt":"2021-02-01T01:24:15","guid":{"rendered":"https:\/\/www.sisinternational.com\/?page_id=36597"},"modified":"2026-01-27T16:37:07","modified_gmt":"2026-01-27T21:37:07","slug":"pesquisa-de-mercado-na-africa-do-sul","status":"publish","type":"page","link":"https:\/\/www.sisinternational.com\/pt\/cobertura\/pesquisa-de-mercado-africa\/pesquisa-de-mercado-na-africa-do-sul\/","title":{"rendered":"Pesquisa de mercado na \u00c1frica do Sul"},"content":{"rendered":"<h1 class=\"wp-block-heading\">Pesquisa de mercado na \u00c1frica do Sul<\/h1>\n\n\n\n<figure class=\"gb-block-image gb-block-image-21e2d778\"><img loading=\"lazy\" decoding=\"async\" width=\"1456\" height=\"816\" class=\"gb-image gb-image-21e2d778\" src=\"https:\/\/www.sisinternational.com\/wp-content\/uploads\/2025\/08\/South-Africa-5.jpg\" alt=\"Pesquisa e Estrat\u00e9gia de Mercado Internacional da SIS\" title=\"South Africa (5)\" srcset=\"https:\/\/www.sisinternational.com\/wp-content\/uploads\/2025\/08\/South-Africa-5.jpg 1456w, https:\/\/www.sisinternational.com\/wp-content\/uploads\/2025\/08\/South-Africa-5-300x168.jpg 300w, https:\/\/www.sisinternational.com\/wp-content\/uploads\/2025\/08\/South-Africa-5-1024x574.jpg 1024w, https:\/\/www.sisinternational.com\/wp-content\/uploads\/2025\/08\/South-Africa-5-768x430.jpg 768w, https:\/\/www.sisinternational.com\/wp-content\/uploads\/2025\/08\/South-Africa-5-18x10.jpg 18w\" sizes=\"auto, (max-width: 1456px) 100vw, 1456px\"><\/figure>\n\n\n\n<p><\/p>\n\n\n\n<h2 class=\"wp-block-heading\">A \u00c1frica do Sul \u00e9 uma das principais economias de \u00c1frica.<\/h2>\n\n\n\n<p>As a member of G20, this country provides opportunities for business growth and is well-positioned to influence trade beyond its borders.<\/p>\n\n\n\n<h2 class=\"wp-block-heading\">As Ind\u00fastrias Estrat\u00e9gicas da \u00c1frica do Sul<\/h2>\n\n\n\n<p>Come\u00e7ando por ser uma economia estabelecida no sector prim\u00e1rio, a \u00c1frica do Sul tem vindo a evoluir para uma economia impulsionada pelo sector terci\u00e1rio. Aqui est\u00e3o algumas de suas ind\u00fastrias mais estrat\u00e9gicas.<\/p>\n\n\n\n<h2 class=\"wp-block-heading\">1. Fabrica\u00e7\u00e3o<\/h2>\n\n\n\n<p>A ind\u00fastria manufatureira na \u00c1frica do Sul \u00e9 impulsionada pela fabrica\u00e7\u00e3o de ve\u00edculos. Marcas internacionais como BMW, Ford, Volkswagen e Daimler-Chrysler possuem f\u00e1bricas no pa\u00eds.<br>Outro setor industrial importante \u00e9 o das TIC e da eletr\u00f3nica. Com milhares de empresas neste sector e acesso imediato a novas tecnologias, a \u00c1frica do Sul tem assistido a um r\u00e1pido crescimento econ\u00f3mico provocado pelo fabrico de equipamentos de telecomunica\u00e7\u00f5es e de electr\u00f3nica.<\/p>\n\n\n\n<h2 class=\"wp-block-heading\">2. Minera\u00e7\u00e3o<\/h2>\n\n\n\n<p>A \u00c1frica do Sul \u00e9 um produtor global de metais e minerais preciosos, minerais industriais, minerais energ\u00e9ticos, bem como minerais ferrosos e n\u00e3o ferrosos. O pa\u00eds possui uma das maiores reservas mundiais de ouro, diamante, cromita e van\u00e1dio.<br>With an interest in mining for rare earth, the country stands to become a supplier of the components used in smartphones, electric vehicles, and high-tech weaponry.<\/p>\n\n\n\n<h2 class=\"wp-block-heading\">3. Turismo<\/h2>\n\n\n\n<p>O setor do turismo \u00e9 um grande gerador de receitas para o pa\u00eds. Algumas das atra\u00e7\u00f5es tur\u00edsticas favoritas na \u00c1frica do Sul s\u00e3o safaris, vida selvagem, esportes aqu\u00e1ticos e praias. O pa\u00eds tamb\u00e9m ocupa uma posi\u00e7\u00e3o de destaque no mundo como destino de eventos de neg\u00f3cios.<\/p>\n\n\n\n<h2 class=\"wp-block-heading\">4. Servi\u00e7os Financeiros<\/h2>\n\n\n\n<p>O sector banc\u00e1rio da \u00c1frica do Sul est\u00e1 bem desenvolvido e acomoda muitas institui\u00e7\u00f5es financeiras estrangeiras. O mercado \u00e9 competitivo com bancos grandes e pequenos, bem como com instala\u00e7\u00f5es banc\u00e1rias de investimento e comerciais que operam no pa\u00eds.<\/p>\n\n\n\n<h2 class=\"wp-block-heading p1\">Oportunidades de neg\u00f3cios na \u00c1frica do Sul<\/h2>\n\n\n\n<p class=\"p2\">South <a href=\"https:\/\/www.sisinternational.com\/pt\/o-efeito-das-culturas-de-mercado-nigerianas-nos-negocios\/\" title=\"O mercado nigeriano: o efeito da cultura nos neg\u00f3cios\"  data-wpil-monitor-id=\"7484\">Africa offers various business<\/a> opportunities. These are mainly in the following sectors.<\/p>\n\n\n\n<h2 class=\"wp-block-heading\">1. Sa\u00fade<\/h2>\n\n\n\n<p>The need for healthcare in South Africa is huge. Setting up a healthcare business in South Africa will however, go beyond serving the locals only. With the whole continent importing medication and South Africa having a strong manufacturing base, it\u2019s possible to start an export-focused medical business in the country.<\/p>\n\n\n\n<h2 class=\"wp-block-heading\">2. Educa\u00e7\u00e3o<\/h2>\n\n\n\n<p>Muitos sul-africanos instru\u00eddos est\u00e3o emigrando para a Nova Zel\u00e2ndia, Austr\u00e1lia, Europa e EUA em busca de pastagens mais verdes. Dado que os que ficaram para tr\u00e1s n\u00e3o conseguem gerir alguns empregos de alta tecnologia, os investidores podem preencher esta lacuna administrando escolas privadas.<br>Com a maioria tendo acesso \u00e0 Internet, o e-learning pode ser uma op\u00e7\u00e3o lucrativa.<\/p>\n\n\n\n<h2 class=\"wp-block-heading\">3. Im\u00f3veis<\/h2>\n\n\n\n<p>Apesar de outros pa\u00edses reportarem poucos jovens compradores de im\u00f3veis, a \u00c1frica do Sul registou um n\u00famero recorde de millennials a comprar casas. A maior demanda \u00e9 por im\u00f3veis acess\u00edveis. As tend\u00eancias nas vendas de propriedades revelam que os investidores que utilizam canais de marketing emergentes est\u00e3o a registar mais compras do que aqueles que aderem \u00e0 publicidade tradicional.<\/p>\n\n\n\n<h2 class=\"wp-block-heading p1\">4. Tecnologia<\/h2>\n\n\n\n<p class=\"p2\">A inova\u00e7\u00e3o tecnol\u00f3gica tem visto o crescimento das compras online, bem como das Fintech. \u00c0 medida que os consumidores misturam a tecnologia com a sua vida quotidiana, a procura por solu\u00e7\u00f5es tecnol\u00f3gicas s\u00f3 aumentar\u00e1.<\/p>\n\n\n\n<h2 class=\"wp-block-heading p1\">5. Energia<\/h2>\n\n\n\n<p class=\"p2\">There has been an uptake of renewable energy, and corporate customers have shown a willingness to pay more for green energy. With Energy as a Service (EaaS) gaining acceptance and the cost of storage technology reducing, the energy sector is a strong candidate for profitable business.<\/p>\n\n\n\n<h2 class=\"wp-block-heading p5\">Desafios enfrentados pela economia da \u00c1frica do Sul<\/h2>\n\n\n\n<p class=\"p2\">A \u00c1frica do Sul luta contra o desemprego e isso leva a uma elevada taxa de criminalidade. Outros problemas socioecon\u00f3micos, como a corrup\u00e7\u00e3o, a instabilidade pol\u00edtica, a sa\u00fade prec\u00e1ria e a paternidade adolescente, tamb\u00e9m surgem da\u00ed.<\/p>\n\n\n\n<h2 class=\"wp-block-heading p1\">Centros de localiza\u00e7\u00e3o de neg\u00f3cios da \u00c1frica do Sul<\/h2>\n\n\n\n<figure class=\"gb-block-image gb-block-image-93ddd45d\"><img loading=\"lazy\" decoding=\"async\" width=\"1456\" height=\"816\" class=\"gb-image gb-image-93ddd45d\" src=\"https:\/\/www.sisinternational.com\/wp-content\/uploads\/2025\/08\/South-Africa-3.jpg\" alt=\"Pesquisa e Estrat\u00e9gia de Mercado Internacional da SIS\" title=\"South Africa (3)\" srcset=\"https:\/\/www.sisinternational.com\/wp-content\/uploads\/2025\/08\/South-Africa-3.jpg 1456w, https:\/\/www.sisinternational.com\/wp-content\/uploads\/2025\/08\/South-Africa-3-300x168.jpg 300w, https:\/\/www.sisinternational.com\/wp-content\/uploads\/2025\/08\/South-Africa-3-1024x574.jpg 1024w, https:\/\/www.sisinternational.com\/wp-content\/uploads\/2025\/08\/South-Africa-3-768x430.jpg 768w, https:\/\/www.sisinternational.com\/wp-content\/uploads\/2025\/08\/South-Africa-3-18x10.jpg 18w\" sizes=\"auto, (max-width: 1456px) 100vw, 1456px\"><\/figure>\n\n\n\n<p><\/p>\n\n\n\n<p class=\"p2\">V\u00e1rias cidades e regi\u00f5es da \u00c1frica do Sul t\u00eam um ambiente muito favor\u00e1vel para os neg\u00f3cios. Uma dessas cidades \u00e9 Joanesburgo, reconhecida mundialmente como um excelente local para startups. A Cidade do Cabo tamb\u00e9m tem uma classifica\u00e7\u00e3o elevada, com muitas startups e empresas de capital de risco que a chamam de lar.<\/p>\n\n\n\n<p class=\"p2\">O munic\u00edpio de Stellenbosch tamb\u00e9m \u00e9 um centro de neg\u00f3cios devido \u00e0 sua proximidade com a \u00e1rea metropolitana da Cidade do Cabo. Tem uma vantagem comparativa na ind\u00fastria transformadora, nos servi\u00e7os financeiros, no com\u00e9rcio grossista e retalhista, bem como no setor hoteleiro.<\/p>\n\n\n\n<h2 class=\"wp-block-heading p1\">Sobre pesquisa de mercado na \u00c1frica do Sul<\/h2>\n\n\n\n<p class=\"p2\">South <a href=\"https:\/\/www.sisinternational.com\/pt\/o-mercado-africano-em-mudanca\/\" title=\"Pesquisa de oportunidades de mercado em \u00c1frica\"  data-wpil-monitor-id=\"2794\">\u00c1frica<\/a> provides many opportunities for entry into the African market. A thorough market research is however needed to understand the trends, customer dynamics, corporate intelligence and other market insights so as to create a winning strategy.<\/p>\n\n\n\n<p class=\"p2\">SIS International Research has been conducting detailed <a href=\"https:\/\/www.sisinternational.com\/pt\/pesquisa-de-mercado-na-africa\/\" title=\"Pesquisa de Mercado em \u00c1frica\"  data-wpil-monitor-id=\"2941\">market<\/a> research for local and international businesses for years. We have the expertise and experience to analyze markets and advise businesses on the best way to launch and carve out a portion of the market for guaranteed business growth.<\/p>\n\n\n\n<p><\/p>","protected":false},"excerpt":{"rendered":"<p>Expanda seus neg\u00f3cios com pesquisa de mercado na \u00c1frica do Sul.<\/p>","protected":false},"author":1,"featured_media":65225,"parent":14281,"menu_order":0,"comment_status":"closed","ping_status":"closed","template":"","meta":{"footnotes":""},"class_list":["post-36597","page","type-page","status-publish","has-post-thumbnail"],"_links":{"self":[{"href":"https:\/\/www.sisinternational.com\/pt\/wp-json\/wp\/v2\/pages\/36597","targetHints":{"allow":["GET"]}}],"collection":[{"href":"https:\/\/www.sisinternational.com\/pt\/wp-json\/wp\/v2\/pages"}],"about":[{"href":"https:\/\/www.sisinternational.com\/pt\/wp-json\/wp\/v2\/types\/page"}],"author":[{"embeddable":true,"href":"https:\/\/www.sisinternational.com\/pt\/wp-json\/wp\/v2\/users\/1"}],"replies":[{"embeddable":true,"href":"https:\/\/www.sisinternational.com\/pt\/wp-json\/wp\/v2\/comments?post=36597"}],"version-history":[{"count":9,"href":"https:\/\/www.sisinternational.com\/pt\/wp-json\/wp\/v2\/pages\/36597\/revisions"}],"predecessor-version":[{"id":81111,"href":"https:\/\/www.sisinternational.com\/pt\/wp-json\/wp\/v2\/pages\/36597\/revisions\/81111"}],"up":[{"embeddable":true,"href":"https:\/\/www.sisinternational.com\/pt\/wp-json\/wp\/v2\/pages\/14281"}],"wp:featuredmedia":[{"embeddable":true,"href":"https:\/\/www.sisinternational.com\/pt\/wp-json\/wp\/v2\/media\/65225"}],"wp:attachment":[{"href":"https:\/\/www.sisinternational.com\/pt\/wp-json\/wp\/v2\/media?parent=36597"}],"curies":[{"name":"wp","href":"https:\/\/api.w.org\/{rel}","templated":true}]}}