{"id":35483,"date":"2020-06-07T02:46:59","date_gmt":"2020-06-07T02:46:59","guid":{"rendered":"https:\/\/www.sisinternational.com\/?page_id=35483"},"modified":"2025-09-12T02:02:16","modified_gmt":"2025-09-12T06:02:16","slug":"transcricao-de-pesquisa-de-mercado","status":"publish","type":"page","link":"https:\/\/www.sisinternational.com\/pt\/solucoes\/traducao-e-transcricao\/transcricao-de-pesquisa-de-mercado\/","title":{"rendered":"Transcri\u00e7\u00e3o de pesquisa de mercado"},"content":{"rendered":"<h1 class=\"wp-block-heading\">Transcri\u00e7\u00e3o de pesquisa de mercado<\/h1>\n\n\n\n<figure class=\"gb-block-image gb-block-image-01600d41\"><img loading=\"lazy\" decoding=\"async\" width=\"1456\" height=\"816\" class=\"gb-image gb-image-01600d41\" src=\"https:\/\/www.sisinternational.com\/wp-content\/uploads\/2025\/09\/Quantitative-research-16.jpg\" alt=\"Pesquisa e Estrat\u00e9gia de Mercado Internacional da SIS\" title=\"Quantitative research (16)\" srcset=\"https:\/\/www.sisinternational.com\/wp-content\/uploads\/2025\/09\/Quantitative-research-16.jpg 1456w, https:\/\/www.sisinternational.com\/wp-content\/uploads\/2025\/09\/Quantitative-research-16-300x168.jpg 300w, https:\/\/www.sisinternational.com\/wp-content\/uploads\/2025\/09\/Quantitative-research-16-1024x574.jpg 1024w, https:\/\/www.sisinternational.com\/wp-content\/uploads\/2025\/09\/Quantitative-research-16-768x430.jpg 768w, https:\/\/www.sisinternational.com\/wp-content\/uploads\/2025\/09\/Quantitative-research-16-18x10.jpg 18w\" sizes=\"auto, (max-width: 1456px) 100vw, 1456px\"><\/figure>\n\n\n\n<p><\/p>\n\n\n\n<hr class=\"wp-block-separator has-alpha-channel-opacity is-style-dots\"\/>\n\n\n\n<h2 class=\"wp-block-heading p1\"><span class=\"s1\">Transcri\u00e7\u00e3o de pesquisa de mercado e transcri\u00e7\u00f5es de pesquisa qualitativa<\/span><\/h2>\n\n\n\n<p class=\"p3\"><span class=\"s2\">Market Research Transcription is audio data collected and converted into word format. Many different types of Market Research Transcriptions are available, some of which may not seem remarkable. But, make no mistake: Market Research Transcriptions offer some benefits to companies. It makes quoting a lot easier, for one. It also allows for the precise <a href=\"https:\/\/www.sisinternational.com\/pt\/pericia\/industrias\/pesquisa-de-mercado-de-organizacoes-de-pesquisa-contratada\/\" title=\"Pesquisa de mercado de organiza\u00e7\u00f5es de pesquisa de contrato\"  data-wpil-monitor-id=\"10961\">organization of data that gives researchers<\/a> pinpoint accuracy.<\/span><\/p>\n\n\n\n<h2 class=\"wp-block-heading p4\"><span class=\"s2\">Por que a transcri\u00e7\u00e3o da pesquisa de mercado \u00e9 importante?<\/span><\/h2>\n\n\n\n<p class=\"p5\"><span class=\"s2\"><a href=\"https:\/\/www.sisinternational.com\/pt\/tools-and-resources-for-qualitative-market-research\/\" title=\"Tools and Resources for Qualitative Market Research\"  data-wpil-monitor-id=\"10949\">Pesquisa qualitativa de mercado<\/a> results in a high volume of discussions that need transcribing. Thus, Market Research Transcription is a central pillar of business strategy. It helps researchers to understand and analyze data. Presenting plans of action to their clients becomes uncomplicated. Market Researchers need access to transcribers on whom they can depend. They need people who can generate high-quality transcripts. These transcripts must be exact reproductions of what the research groups discussed. Transcripts help the researchers to do their jobs.<\/span><\/p>\n\n\n\n<p class=\"p5\"><span class=\"s2\">Piecemeal or incorrect <a href=\"https:\/\/www.sisinternational.com\/pt\/solucoes\/consultoria-estrategica\/analise-de-causa-raiz-pesquisa-de-mercado-e-consultoria\/\" title=\"Root Cause Analysis Market Research\"  data-wpil-monitor-id=\"10958\">Market Research reports can cause<\/a> misinformed decision-making. For example, inaccurate client feedback can result in the production of unwanted items. Wrong trend analysis can cause businesses to focus on fads that have no hope of catching on. Again, that\u2019s where the importance of Market Research Transcription comes in. Proper Market Research Transcription delivers the information your business needs, which you can use as a base for future projections. Transcription service providers use state-of-the-art technology. It ensures high-quality conversion of digital and non-digital files to text.<\/span><\/p>\n\n\n\n<p class=\"p5\"><span class=\"s2\">Statistics prove that analyzing is easier when viewed in text format. Thus, there is much value in transcribing to text. Why? Because accuracy is critical to any <a href=\"https:\/\/www.sisinternational.com\/pt\/global-beverage-market\/\" title=\"Global Beverage Market: Market Dynamics, Growth Projections &amp; Consumer Insights\"  data-wpil-monitor-id=\"10963\">Market Research project<\/a>. We have the expertise to put your audio files in writing to allow for easy analysis and perusal.&nbsp;<\/span><\/p>\n\n\n\n<h2 class=\"wp-block-heading p4\"><span class=\"s2\">Simplifique sua pesquisa de mercado<\/span><\/h2>\n\n\n\n<figure class=\"gb-block-image gb-block-image-48639442\"><img loading=\"lazy\" decoding=\"async\" width=\"1456\" height=\"816\" class=\"gb-image gb-image-48639442\" src=\"https:\/\/www.sisinternational.com\/wp-content\/uploads\/2025\/09\/Quantitative-research-3.jpg\" alt=\"Pesquisa e Estrat\u00e9gia de Mercado Internacional da SIS\" title=\"Quantitative research (3)\" srcset=\"https:\/\/www.sisinternational.com\/wp-content\/uploads\/2025\/09\/Quantitative-research-3.jpg 1456w, https:\/\/www.sisinternational.com\/wp-content\/uploads\/2025\/09\/Quantitative-research-3-300x168.jpg 300w, https:\/\/www.sisinternational.com\/wp-content\/uploads\/2025\/09\/Quantitative-research-3-1024x574.jpg 1024w, https:\/\/www.sisinternational.com\/wp-content\/uploads\/2025\/09\/Quantitative-research-3-768x430.jpg 768w, https:\/\/www.sisinternational.com\/wp-content\/uploads\/2025\/09\/Quantitative-research-3-18x10.jpg 18w\" sizes=\"auto, (max-width: 1456px) 100vw, 1456px\"><\/figure>\n\n\n\n<p><\/p>\n\n\n\n<p class=\"p5\"><span class=\"s2\">N\u00f3s oferecemos:<\/span><\/p>\n\n\n\n<ul class=\"wp-block-list ul1\">\n<li><span class=\"s2\">Transcri\u00e7\u00e3o da entrevista por telefone<\/span><\/li>\n\n\n\n<li><span class=\"s2\">Transcri\u00e7\u00e3o do Grupo Focal<\/span><\/li>\n\n\n\n<li><span class=\"s2\">Transcri\u00e7\u00e3o detalhada da discuss\u00e3o da entrevista<\/span><\/li>\n<\/ul>\n\n\n\n<p class=\"p3\"><span class=\"s2\">Focus Group Interviews and other spoken discussions are fantastic. They allow businesses to get to know their consumers. You can find out how your target <a href=\"https:\/\/www.sisinternational.com\/pt\/publicidade-de-choque-e-marketing-de-choque\/\" title=\"Publicidade de choque e marketing de choque\"  data-wpil-monitor-id=\"10953\">market views your brand<\/a> and collect feedback. You can also pinpoint new opportunities for growth based on real, organic responses. But it isn\u2019t easy to listen to audio recordings over and over again. The process is tedious, and you may miss the essential nuggets of information. Market Research Transcription is the best solution for analyzing audio data.<\/span><\/p>\n\n\n\n<h2 class=\"wp-block-heading p4\"><span class=\"s2\">Por que escolher o SIS para transcri\u00e7\u00e3o de pesquisas de mercado?<\/span><\/h2>\n\n\n\n<p class=\"p5\"><span class=\"s2\">SIS International knows the <a href=\"https:\/\/www.sisinternational.com\/pt\/pericia\/industrias\/\" title=\"Ind\u00fastrias\"  data-wpil-monitor-id=\"10947\">Market Research industry<\/a>, and we are familiar with its challenges. Our researchers and transcriptionists have expertise in a wide range of subjects. We also know that you want to start examining your data right away. Thus, we offer fast turnaround times. We deliver the transcripts you need at the most competitive rates. We also promise complete secrecy and security of all your information.<\/span><\/p>\n\n\n\n<p class=\"p5\"><span class=\"s2\">Nosso m\u00e9todo garante a mais alta precis\u00e3o. Primeiro, nossos transcritores profissionais transcrevem seus arquivos de \u00e1udio para texto. Em seguida, editamos e adicionamos carimbos de data e hora e rastreamento de alto-falante. Em seguida, revisamos para garantir que seja consistente e livre de erros. Dependemos de pessoas, n\u00e3o de m\u00e1quinas, para oferecer os melhores servi\u00e7os de transcri\u00e7\u00e3o. Obter transcri\u00e7\u00f5es de alta qualidade nunca foi t\u00e3o f\u00e1cil. <\/span><\/p>\n\n\n\n<p class=\"p5\"><span class=\"s2\">Nossos servi\u00e7os s\u00e3o personalizados para atender \u00e0s necessidades exclusivas do seu neg\u00f3cio. Voc\u00ea quer notas meticulosas com bate-papo removido e perguntas resumidas? Ou voc\u00ea prefere transcri\u00e7\u00f5es literais com todos os \u201cer\u201d e \u201cum\u201d inclu\u00eddos? A SIS International oferece todas essas op\u00e7\u00f5es. Tornamos as entrevistas de pesquisa mais f\u00e1ceis de analisar e extrair dados essenciais. A transcri\u00e7\u00e3o ajuda voc\u00ea a controlar grandes volumes de dados de pesquisa qualitativa. Isso pode dar aos seus produtos uma vantagem sobre os de seus concorrentes.<\/span><\/p>\n\n\n\n<h2 class=\"wp-block-heading p4\"><span class=\"s2\">Sobre a transcri\u00e7\u00e3o da pesquisa de mercado<\/span><\/h2>\n\n\n\n<p class=\"p5\"><span class=\"s2\">O <a href=\"https:\/\/www.sisinternational.com\/pt\/cobertura\/as-americas\/cobertura-dos-eua\/pesquisa-de-mercado-em-key-west-florida\/\" title=\"Pesquisa de mercado de Key West Fl\u00f3rida\"  data-wpil-monitor-id=\"10960\">key to getting results from Market Research<\/a> is choosing the most suitable method for the desired outcome. Market Research Transcription is a useful tool. It simplifies your work and helps you reach that outcome. <\/span><\/p>\n\n\n\n<p class=\"p5\"><span class=\"s2\">Voc\u00ea est\u00e1 pronto para se juntar ao resto da nossa clientela global? As empresas em todo o mundo dependem de n\u00f3s para fornecer servi\u00e7os de transcri\u00e7\u00e3o consistentes e confidenciais. Tamb\u00e9m oferecemos alguns dos pre\u00e7os mais razo\u00e1veis do setor e fornecemos solu\u00e7\u00f5es de transcri\u00e7\u00e3o r\u00e1pidas e econ\u00f4micas.<\/span><\/p>\n\n\n<h2>Localiza\u00e7\u00e3o de nossas instala\u00e7\u00f5es em Nova York<\/h2>\n<p><!-- \/wp:post-content --> <!-- wp:html --> <iframe loading=\"lazy\" src=\"https:\/\/www.google.com\/maps\/embed?pb=!1m18!1m12!1m3!1d3022.976188376966!2d-73.99130312499956!3d40.740549471389315!2m3!1f0!2f0!3f0!3m2!1i1024!2i768!4f13.1!3m3!1m2!1s0x89c259a15798c731%3A0xd695d09bdd495f25!2s11%20E%2022nd%20St%20FL%202%2C%20New%20York%2C%20NY%2010010%2C%20USA!5e0!3m2!1sen!2spe!4v1726171763526!5m2!1sen!2spe\" width=\"600\" height=\"450\" allowfullscreen=\"allowfullscreen\" data-mce-fragment=\"1\"><\/iframe> <!-- \/wp:html --> <!-- wp:paragraph --><\/p>\n<h3 class=\"wp-block-heading\">11 E 22nd Street, andar 2, Nova York, NY 10010 T: +1(212) 505-6805<\/h3>\n<hr \/>\n<h2><span style=\"font-weight: 400;\">Sobre SIS Internacional<\/span><\/h2>\n<p><a href=\"https:\/\/www.sisinternational.com\/pt\/\"><span style=\"font-weight: 400;\">SIS Internacional<\/span><\/a><span style=\"font-weight: 400;\"> offers Quantitative, Qualitative, and Strategy Research. We provide data, tools, strategies, reports, and insights for decision-making. We also conduct interviews, surveys, focus groups, and other <a href=\"https:\/\/www.sisinternational.com\/pt\/quantitative-market-research-methods-and-techniques\/\" title=\"Quantitative Market Research Methods and Techniques\"  data-wpil-monitor-id=\"10956\">Market Research methods<\/a> and approaches.<\/span><a href=\"https:\/\/www.sisinternational.com\/pt\/sobre-a-sis-international-research\/contact-sis-international-market-research\/\"><span style=\"font-weight: 400;\"> Entre em contato conosco<\/span><\/a><span style=\"font-weight: 400;\"> para o seu pr\u00f3ximo projeto de pesquisa de mercado.<\/span><\/p>\n<\/p>\n\n<!-- wp:paragraph -->\n<p><\/p>\n<!-- \/wp:paragraph -->","protected":false},"excerpt":{"rendered":"<p>Fornecemos transcri\u00e7\u00e3o de pesquisa de mercado econ\u00f4mica e de alta qualidade.<\/p>","protected":false},"author":1,"featured_media":67029,"parent":27891,"menu_order":3,"comment_status":"closed","ping_status":"closed","template":"","meta":{"footnotes":""},"class_list":["post-35483","page","type-page","status-publish","has-post-thumbnail"],"_links":{"self":[{"href":"https:\/\/www.sisinternational.com\/pt\/wp-json\/wp\/v2\/pages\/35483","targetHints":{"allow":["GET"]}}],"collection":[{"href":"https:\/\/www.sisinternational.com\/pt\/wp-json\/wp\/v2\/pages"}],"about":[{"href":"https:\/\/www.sisinternational.com\/pt\/wp-json\/wp\/v2\/types\/page"}],"author":[{"embeddable":true,"href":"https:\/\/www.sisinternational.com\/pt\/wp-json\/wp\/v2\/users\/1"}],"replies":[{"embeddable":true,"href":"https:\/\/www.sisinternational.com\/pt\/wp-json\/wp\/v2\/comments?post=35483"}],"version-history":[{"count":6,"href":"https:\/\/www.sisinternational.com\/pt\/wp-json\/wp\/v2\/pages\/35483\/revisions"}],"predecessor-version":[{"id":81791,"href":"https:\/\/www.sisinternational.com\/pt\/wp-json\/wp\/v2\/pages\/35483\/revisions\/81791"}],"up":[{"embeddable":true,"href":"https:\/\/www.sisinternational.com\/pt\/wp-json\/wp\/v2\/pages\/27891"}],"wp:featuredmedia":[{"embeddable":true,"href":"https:\/\/www.sisinternational.com\/pt\/wp-json\/wp\/v2\/media\/67029"}],"wp:attachment":[{"href":"https:\/\/www.sisinternational.com\/pt\/wp-json\/wp\/v2\/media?parent=35483"}],"curies":[{"name":"wp","href":"https:\/\/api.w.org\/{rel}","templated":true}]}}