{"id":35478,"date":"2020-06-07T02:36:30","date_gmt":"2020-06-07T02:36:30","guid":{"rendered":"https:\/\/www.sisinternational.com\/?page_id=35478"},"modified":"2026-03-12T12:46:44","modified_gmt":"2026-03-12T16:46:44","slug":"pesquisa-de-mercado-sobre-a-jornada-do-paciente","status":"publish","type":"page","link":"https:\/\/www.sisinternational.com\/pt\/solucoes\/pesquisa-de-mercado-de-saude\/pesquisa-de-mercado-sobre-a-jornada-do-paciente\/","title":{"rendered":"Pesquisa de mercado da jornada do paciente"},"content":{"rendered":"<h1 class=\"wp-block-heading\">Pesquisa de mercado da jornada do paciente<\/h1>\n\n\n\n<figure class=\"gb-block-image gb-block-image-d4b7c36f\"><img loading=\"lazy\" decoding=\"async\" width=\"1456\" height=\"816\" class=\"gb-image gb-image-d4b7c36f\" src=\"https:\/\/www.sisinternational.com\/wp-content\/uploads\/2025\/08\/Healthcare-13.jpg\" alt=\"Pesquisa e Estrat\u00e9gia de Mercado Internacional da SIS\" title=\"Healthcare (13)\" srcset=\"https:\/\/www.sisinternational.com\/wp-content\/uploads\/2025\/08\/Healthcare-13.jpg 1456w, https:\/\/www.sisinternational.com\/wp-content\/uploads\/2025\/08\/Healthcare-13-300x168.jpg 300w, https:\/\/www.sisinternational.com\/wp-content\/uploads\/2025\/08\/Healthcare-13-1024x574.jpg 1024w, https:\/\/www.sisinternational.com\/wp-content\/uploads\/2025\/08\/Healthcare-13-768x430.jpg 768w, https:\/\/www.sisinternational.com\/wp-content\/uploads\/2025\/08\/Healthcare-13-18x10.jpg 18w\" sizes=\"auto, (max-width: 1456px) 100vw, 1456px\"><\/figure>\n\n\n\n<p><\/p>\n\n\n\n<h2 class=\"wp-block-heading p2\"><span class=\"s2\">A jornada do paciente revela todos os pontos de contato pelos quais os pacientes passam para encontrar novos tratamentos<\/span><\/h2>\n\n\n\n<p class=\"p2\"><span class=\"s2\">Patients more than ever have information and options at their fingertips.&nbsp; With access to knowledge and alternatives, it&#8217;s important for Pharmaceutical and healthcare companies to understand patients. <\/span><\/p>\n\n\n\n<p class=\"p2\"><span class=\"s2\">Descobrir o que eles querem tamb\u00e9m \u00e9 um elemento vital do marketing. Estes esfor\u00e7os s\u00e3o, no setor farmac\u00eautico, incorporados na jornada do paciente e incorporados na pesquisa de mercado. Eles est\u00e3o agora mais cr\u00edticos do que nunca. <\/span><\/p>\n\n\n\n<p class=\"p4\"><span class=\"s2\">It\u2019s not enough that <a href=\"https:\/\/www.sisinternational.com\/pt\/pericia\/industrias\/pesquisa-de-mercado-farmaceutico\/\" title=\"Pesquisa de mercado farmac\u00eautico\"  data-wpil-monitor-id=\"3473\">pharmaceutical companies conduct patient journey market research<\/a>. They need to incorporate all elements of the <a href=\"https:\/\/www.sisinternational.com\/pt\/cobertura\/pesquisa-de-mercado-africa\/pesquisa-de-mercado-no-mali\/\" title=\"Pesquisa de mercado no Mali\"  data-wpil-monitor-id=\"3860\">marketing process into that research<\/a>. They must develop methods that can create a real competitive advantage.<\/span><\/p>\n\n\n\n<h2 class=\"wp-block-heading p5\"><span class=\"s2\">Mapeamento da Jornada do Paciente<\/span><\/h2>\n\n\n\n<p class=\"p2\"><span class=\"s2\">A maioria dos americanos usa pelo menos um medicamento prescrito. Mais da metade leva dois. No entanto, os fabricantes destes medicamentos que salvam vidas t\u00eam um contacto m\u00ednimo com os pacientes. Esses pacientes dependem dos provedores para orienta\u00e7\u00e3o sobre como usar as terapias e medicamentos. Freq\u00fcentemente, eles t\u00eam pouca ou nenhuma informa\u00e7\u00e3o sobre quem est\u00e1 possibilitando que eles se recuperem de suas diversas doen\u00e7as. A quest\u00e3o agora \u00e9: podem as empresas farmac\u00eauticas entrar neste c\u00edrculo de confian\u00e7a? Eles podem ser elementos da jornada do paciente? A resposta \u00e9 um sim retumbante.<\/span><\/p>\n\n\n\n<h2 class=\"wp-block-heading\">Pesquisa de mercado de inova\u00e7\u00e3o<\/h2>\n\n\n\n<p class=\"p2\"><span class=\"s2\">Mercado <a href=\"https:\/\/www.sisinternational.com\/pt\/pericia\/industrias\/pesquisa-de-mercado-farmaceutico-2\/\" title=\"Pesquisa de Mercado Farmac\u00eautico\"  data-wpil-monitor-id=\"6313\">pesquisar<\/a> is of tremendous benefit to innovators at pharmaceutical companies. A patient journey map lays out these benefits in a visual format, describing the typical routes consumers take from the start. It shows how they seek to improve their health outcomes as they do the tasks that denote the significant steps in the journey. It describes the different phases of care, starting with the onset of symptoms. It then goes to when the doctor diagnoses the patient, then to therapy, and it ends with either full recovery or adapting to a new way of living.<\/span><\/p>\n\n\n\n<p class=\"p2\"><span class=\"s2\">A jornada inclui hist\u00f3rias sobre a trajet\u00f3ria de um paciente. Ele enfatiza seus problemas mais significativos com cuidadores, m\u00e9dicos e medicamentos. Tamb\u00e9m busca a opini\u00e3o deles sobre o sistema de sa\u00fade em geral. As marcas conhecer\u00e3o a opini\u00e3o dos consumidores gra\u00e7as aos programas de capacita\u00e7\u00e3o. Esse conhecimento permite que eles observem e melhorem os resultados dos pacientes. Usar as jornadas dos pacientes para marketing farmac\u00eautico melhora a comunica\u00e7\u00e3o. Todas as partes envolvidas no processo, desde pacientes at\u00e9 marcas farmac\u00eauticas, t\u00eam uma palavra a dizer. Tamb\u00e9m leva em considera\u00e7\u00e3o as opini\u00f5es de fornecedores, entes queridos e representantes de vendas.<\/span><\/p>\n\n\n\n<h2 class=\"wp-block-heading\">Centraliza\u00e7\u00e3o no paciente<\/h2>\n\n\n\n<p class=\"p2\"><span class=\"s2\">O ambiente m\u00e9dico de hoje \u00e9 centrado no paciente. Uma vis\u00e3o aproximada da jornada \u00e9 fundamental para a comercializa\u00e7\u00e3o das ci\u00eancias da vida. Informa tudo, desde o desenvolvimento do produto at\u00e9 o acesso ao mercado e gerenciamento p\u00f3s-lan\u00e7amento. No entanto, os investigadores muitas vezes conduzem os esfor\u00e7os da jornada do paciente de forma desarticulada. Equipes diferentes costumam usar diversas fontes e m\u00e9todos de dados. Essa abordagem priva as empresas de uma vis\u00e3o mais abrangente. Eles n\u00e3o conseguem ver os motivadores e os obst\u00e1culos que impactam suas marcas.<\/span><\/p>\n\n\n\n<h2 class=\"wp-block-heading p5\"><span class=\"s2\">Compreendendo a jornada do paciente<\/span><\/h2>\n\n\n\n<p class=\"p4\"><span class=\"s2\">A jornada do paciente est\u00e1 mudando e se tornando mais complexa \u00e0 medida que os pacientes se tornam mais instru\u00eddos e engajados. Eles t\u00eam acesso \u00e0 informa\u00e7\u00e3o. Eles tamb\u00e9m querem fazer parte de quaisquer decis\u00f5es sobre seus programas de tratamento. \u00c9 f\u00e1cil ver a import\u00e2ncia de uma compreens\u00e3o completa da jornada do paciente. Esse entendimento permite que os profissionais de marketing farmac\u00eautico saibam onde est\u00e3o os obst\u00e1culos. Isso os ajuda a decidir o que podem fazer para remov\u00ea-los.<\/span><\/p>\n\n\n\n<h2 class=\"wp-block-heading p5\"><span class=\"s2\">Gerenciando a jornada do paciente<\/span><\/h2>\n\n\n\n<p class=\"p2\"><span class=\"s2\">A m\u00eddia offline continua essencial. No entanto, as empresas farmac\u00eauticas est\u00e3o transferindo verbas de publicidade e marketing para canais digitais. Essas empresas precisam oferecer uma experi\u00eancia de marca consistente em todos os canais. Uma experi\u00eancia consistente em canais virtuais e f\u00edsicos promove a satisfa\u00e7\u00e3o do cliente. Al\u00e9m disso, isso acontece atrav\u00e9s dos diferentes meios pelos quais eles encontram a marca. Al\u00e9m disso, \u00e9 fundamental melhorar as experi\u00eancias dos clientes em todas as popula\u00e7\u00f5es de pacientes. Ajuda as marcas a permanecerem relevantes e a alcan\u00e7arem sucesso cont\u00ednuo.<\/span><\/p>\n\n\n\n<h2 class=\"wp-block-heading\">Sobre a pesquisa de mercado da jornada do paciente<\/h2>\n\n\n\n<p class=\"p2\"><span class=\"s2\">A SIS International Research oferece solu\u00e7\u00f5es personalizadas e insights sobre a jornada do paciente. \u00c0 medida que a ind\u00fastria avan\u00e7a em dire\u00e7\u00e3o a uma maior centraliza\u00e7\u00e3o no paciente, podemos ajud\u00e1-lo com pesquisas. Envolvemos todas as partes interessadas relevantes. Inclu\u00edmos at\u00e9 pacientes nos est\u00e1gios iniciais do ciclo de vida do produto. Tamb\u00e9m podemos ajudar no recrutamento de pacientes de dif\u00edcil acesso. Por exemplo, podemos ajud\u00e1-lo a encontrar cobaias com doen\u00e7as raras.<\/span><\/p>\n\n\n\n<p><\/p>","protected":false},"excerpt":{"rendered":"<p>A SIS \u00e9 uma empresa global de pesquisa de mercado e consultoria estrat\u00e9gica. Descubra insights e vantagens com a Pesquisa de Mercado da Jornada do Paciente.<\/p>","protected":false},"author":1,"featured_media":62431,"parent":11294,"menu_order":66,"comment_status":"closed","ping_status":"closed","template":"","meta":{"footnotes":""},"class_list":["post-35478","page","type-page","status-publish","has-post-thumbnail"],"_links":{"self":[{"href":"https:\/\/www.sisinternational.com\/pt\/wp-json\/wp\/v2\/pages\/35478","targetHints":{"allow":["GET"]}}],"collection":[{"href":"https:\/\/www.sisinternational.com\/pt\/wp-json\/wp\/v2\/pages"}],"about":[{"href":"https:\/\/www.sisinternational.com\/pt\/wp-json\/wp\/v2\/types\/page"}],"author":[{"embeddable":true,"href":"https:\/\/www.sisinternational.com\/pt\/wp-json\/wp\/v2\/users\/1"}],"replies":[{"embeddable":true,"href":"https:\/\/www.sisinternational.com\/pt\/wp-json\/wp\/v2\/comments?post=35478"}],"version-history":[{"count":6,"href":"https:\/\/www.sisinternational.com\/pt\/wp-json\/wp\/v2\/pages\/35478\/revisions"}],"predecessor-version":[{"id":79896,"href":"https:\/\/www.sisinternational.com\/pt\/wp-json\/wp\/v2\/pages\/35478\/revisions\/79896"}],"up":[{"embeddable":true,"href":"https:\/\/www.sisinternational.com\/pt\/wp-json\/wp\/v2\/pages\/11294"}],"wp:featuredmedia":[{"embeddable":true,"href":"https:\/\/www.sisinternational.com\/pt\/wp-json\/wp\/v2\/media\/62431"}],"wp:attachment":[{"href":"https:\/\/www.sisinternational.com\/pt\/wp-json\/wp\/v2\/media?parent=35478"}],"curies":[{"name":"wp","href":"https:\/\/api.w.org\/{rel}","templated":true}]}}