{"id":35230,"date":"2020-05-03T05:09:23","date_gmt":"2020-05-03T05:09:23","guid":{"rendered":"https:\/\/www.sisinternational.com\/?page_id=35230"},"modified":"2025-09-12T20:52:27","modified_gmt":"2025-09-13T00:52:27","slug":"pesquisa-de-mercado-de-precos-de-commodities","status":"publish","type":"page","link":"https:\/\/www.sisinternational.com\/pt\/solucoes\/pesquisa-de-consultoria-em-estrategia-fintech\/pesquisa-de-mercado-de-precos-de-commodities\/","title":{"rendered":"Pesquisa de mercado de pre\u00e7os de commodities"},"content":{"rendered":"<h1 class=\"wp-block-heading\">Pesquisa de mercado de pre\u00e7os de commodities<\/h1>\n\n\n\n<figure class=\"gb-block-image gb-block-image-a875c067\"><img loading=\"lazy\" decoding=\"async\" width=\"1456\" height=\"816\" class=\"gb-image gb-image-a875c067\" src=\"https:\/\/www.sisinternational.com\/wp-content\/uploads\/2025\/08\/Mining-workers-2.jpg\" alt=\"Pesquisa e Estrat\u00e9gia de Mercado Internacional da SIS\" title=\"Mining workers (2)\" srcset=\"https:\/\/www.sisinternational.com\/wp-content\/uploads\/2025\/08\/Mining-workers-2.jpg 1456w, https:\/\/www.sisinternational.com\/wp-content\/uploads\/2025\/08\/Mining-workers-2-300x168.jpg 300w, https:\/\/www.sisinternational.com\/wp-content\/uploads\/2025\/08\/Mining-workers-2-1024x574.jpg 1024w, https:\/\/www.sisinternational.com\/wp-content\/uploads\/2025\/08\/Mining-workers-2-768x430.jpg 768w, https:\/\/www.sisinternational.com\/wp-content\/uploads\/2025\/08\/Mining-workers-2-18x10.jpg 18w\" sizes=\"auto, (max-width: 1456px) 100vw, 1456px\"><\/figure>\n\n\n\n<hr class=\"wp-block-separator has-alpha-channel-opacity is-style-dots\"\/>\n\n\n\n<h2 class=\"wp-block-heading\">As commodities s\u00e3o uma parte vital da vida di\u00e1ria<\/h2>\n\n\n\n<p>From sugar to precious metals, commodities are critical to economies, societies, and governments. Having access to commodities and ensuring stable prices can be a matter of national security. SIS is your strategic partner for Commodity Pricing Market Research worldwide in today&#8217;s fast-paced global economy.<\/p>\n\n\n\n<p>We provide Customer Research, Competitive Research, and Strategy Research. In Customer Research, we provide data and analysis into <a href=\"https:\/\/www.sisinternational.com\/pt\/analise-de-satisfacao-do-cliente\/\" title=\"8 maneiras de aumentar a satisfa\u00e7\u00e3o do cliente no varejo\"  data-wpil-monitor-id=\"10967\">customer needs and ways<\/a> to reach new customers efficiently. In Competitive Research, we uncover competitive intelligence and insights into how competitors are evolving. In Strategy Research, we uncover Market Size, Pricing Analytics, and other quantitative measures of the Commodity trade.<\/p>\n\n\n\n<h2 class=\"wp-block-heading\">Mercadorias Agr\u00edcolas<\/h2>\n\n\n\n<p>Pesquisamos uma variedade de commodities agr\u00edcolas, incluindo:<\/p>\n\n\n\n<ul class=\"wp-block-list\">\n<li>A\u00e7\u00facar<\/li>\n\n\n\n<li>Carne<\/li>\n\n\n\n<li>Milho<\/li>\n\n\n\n<li>Soja<\/li>\n\n\n\n<li>Trigo<\/li>\n\n\n\n<li>Arroz<\/li>\n\n\n\n<li>Aveia<\/li>\n\n\n\n<li>Cacau<\/li>\n\n\n\n<li>Caf\u00e9<\/li>\n\n\n\n<li>Algod\u00e3o<\/li>\n<\/ul>\n\n\n\n<h2 class=\"wp-block-heading\">Mercadorias Met\u00e1licas<\/h2>\n\n\n\n<figure class=\"gb-block-image gb-block-image-3cbe8bfa\"><img loading=\"lazy\" decoding=\"async\" width=\"1456\" height=\"816\" class=\"gb-image gb-image-3cbe8bfa\" src=\"https:\/\/www.sisinternational.com\/wp-content\/uploads\/2025\/08\/Mining-workers-4.jpg\" alt=\"Pesquisa e Estrat\u00e9gia de Mercado Internacional da SIS\" title=\"Mining workers (4)\" srcset=\"https:\/\/www.sisinternational.com\/wp-content\/uploads\/2025\/08\/Mining-workers-4.jpg 1456w, https:\/\/www.sisinternational.com\/wp-content\/uploads\/2025\/08\/Mining-workers-4-300x168.jpg 300w, https:\/\/www.sisinternational.com\/wp-content\/uploads\/2025\/08\/Mining-workers-4-1024x574.jpg 1024w, https:\/\/www.sisinternational.com\/wp-content\/uploads\/2025\/08\/Mining-workers-4-768x430.jpg 768w, https:\/\/www.sisinternational.com\/wp-content\/uploads\/2025\/08\/Mining-workers-4-18x10.jpg 18w\" sizes=\"auto, (max-width: 1456px) 100vw, 1456px\"><\/figure>\n\n\n\n<p><\/p>\n\n\n\n<p>N\u00f3s provemos <a href=\"https:\/\/www.sisinternational.com\/pt\/pericia\/industrias\/precos_e_analise_competitiva_no_varejo\/\" title=\"Pre\u00e7os de varejo e an\u00e1lise competitiva\"  data-wpil-monitor-id=\"10966\">pricing and analysis<\/a> on the following metal commodities:<\/p>\n\n\n\n<ul class=\"wp-block-list i8Z77e\">\n<li>Ouro<\/li>\n\n\n\n<li>Prata<\/li>\n\n\n\n<li>Platina<\/li>\n\n\n\n<li>Cobre<\/li>\n<\/ul>\n\n\n\n<h2 class=\"wp-block-heading\">Mercadorias Energ\u00e9ticas<\/h2>\n\n\n\n<p>Rastreamos as seguintes commodities:<\/p>\n\n\n\n<ul class=\"wp-block-list i8Z77e\">\n<li>\u00d3leo cru<\/li>\n\n\n\n<li>\u00d3leo de aquecimento<\/li>\n\n\n\n<li>G\u00e1s natural<\/li>\n\n\n\n<li>Gasolina<\/li>\n\n\n\n<li>Propano<\/li>\n<\/ul>\n\n\n\n<h2 class=\"wp-block-heading\">Mercadorias Pecu\u00e1rias<\/h2>\n\n\n\n<p>Podemos rastrear commodities pecu\u00e1rias, como:<\/p>\n\n\n\n<ul class=\"wp-block-list i8Z77e\">\n<li>Porcos magros<\/li>\n\n\n\n<li>Gado<\/li>\n\n\n\n<li>Vacas<\/li>\n\n\n\n<li>Galinhas<\/li>\n<\/ul>\n\n\n\n<h2 class=\"wp-block-heading\">O que pode impactar os pre\u00e7os<\/h2>\n\n\n\n<p>Os seguintes fatores podem impactar os pre\u00e7os das commodities.<\/p>\n\n\n\n<ul class=\"wp-block-list\">\n<li>Clima<\/li>\n\n\n\n<li>Rendimentos agr\u00edcolas mais baixos<\/li>\n\n\n\n<li>Estoques<\/li>\n\n\n\n<li>Culturas concorrentes como o etanol<\/li>\n\n\n\n<li>Exporta\u00e7\u00f5es<\/li>\n\n\n\n<li>Escassez de m\u00e3o de obra<\/li>\n\n\n\n<li>Demanda Industrial<\/li>\n\n\n\n<li>Pol\u00edtica Comercial (por exemplo, cotas, direitos, tarifas, antidumping)<\/li>\n\n\n\n<li>Pol\u00edtica Interna<\/li>\n<\/ul>\n\n\n\n<h2 class=\"wp-block-heading\">Pesquisa para tomadores de decis\u00e3o de commodities<\/h2>\n\n\n\n<figure class=\"gb-block-image gb-block-image-0751d21e\"><img loading=\"lazy\" decoding=\"async\" width=\"1456\" height=\"816\" class=\"gb-image gb-image-0751d21e\" src=\"https:\/\/www.sisinternational.com\/wp-content\/uploads\/2025\/08\/Oit-petroleum-petrochemical-9.jpg\" alt=\"Pesquisa e Estrat\u00e9gia de Mercado Internacional da SIS\" title=\"Oit petroleum petrochemical (9)\" srcset=\"https:\/\/www.sisinternational.com\/wp-content\/uploads\/2025\/08\/Oit-petroleum-petrochemical-9.jpg 1456w, https:\/\/www.sisinternational.com\/wp-content\/uploads\/2025\/08\/Oit-petroleum-petrochemical-9-300x168.jpg 300w, https:\/\/www.sisinternational.com\/wp-content\/uploads\/2025\/08\/Oit-petroleum-petrochemical-9-1024x574.jpg 1024w, https:\/\/www.sisinternational.com\/wp-content\/uploads\/2025\/08\/Oit-petroleum-petrochemical-9-768x430.jpg 768w, https:\/\/www.sisinternational.com\/wp-content\/uploads\/2025\/08\/Oit-petroleum-petrochemical-9-18x10.jpg 18w\" sizes=\"auto, (max-width: 1456px) 100vw, 1456px\"><\/figure>\n\n\n\n<p><\/p>\n\n\n\n<p>As a <a href=\"https:\/\/www.sisinternational.com\/pt\/pericia\/curriculos-de-experiencia\/curriculo-de-experiencia-na-industria-automotiva\/\" title=\"Empresa de pesquisa de mercado da ind\u00fastria automotiva\"  data-wpil-monitor-id=\"10964\">Market Research company<\/a>, we connect you to buyers and influencers with the following services<\/p>\n\n\n\n<ul class=\"wp-block-list\">\n<li>Compradores<\/li>\n\n\n\n<li>Exportadores<\/li>\n\n\n\n<li>Especialistas no assunto<\/li>\n\n\n\n<li>Influenciadores da ind\u00fastria<\/li>\n<\/ul>\n\n\n\n<h2 class=\"wp-block-heading\">An\u00e1lise de pre\u00e7os e volume<\/h2>\n\n\n\n<p>Fornecemos as seguintes solu\u00e7\u00f5es de pesquisa de commodities:<\/p>\n\n\n\n<ul class=\"wp-block-list\">\n<li>Pre\u00e7os de atacado<\/li>\n\n\n\n<li>Pre\u00e7o m\u00e9dio<\/li>\n\n\n\n<li>Pre\u00e7os de varejo<\/li>\n\n\n\n<li>Estoques<\/li>\n\n\n\n<li>Volume comercial<\/li>\n\n\n\n<li>Perfis de comprador e an\u00e1lises<\/li>\n\n\n\n<li>Pre\u00e7os FX e Cobertura<\/li>\n<\/ul>\n\n\n\n<h2 class=\"wp-block-heading\">Localiza\u00e7\u00e3o de nossas instala\u00e7\u00f5es em Nova York<\/h2>\n\n\n\n<p>  <iframe loading=\"lazy\" src=\"https:\/\/www.google.com\/maps\/embed?pb=!1m18!1m12!1m3!1d3022.976188376966!2d-73.99130312499956!3d40.740549471389315!2m3!1f0!2f0!3f0!3m2!1i1024!2i768!4f13.1!3m3!1m2!1s0x89c259a15798c731%3A0xd695d09bdd495f25!2s11%20E%2022nd%20St%20FL%202%2C%20New%20York%2C%20NY%2010010%2C%20USA!5e0!3m2!1sen!2spe!4v1726171763526!5m2!1sen!2spe\" width=\"600\" height=\"450\" allowfullscreen=\"allowfullscreen\" data-mce-fragment=\"1\"><\/iframe>  <\/p>\n\n\n\n<h3 class=\"wp-block-heading\">11 E 22nd Street, 2\u00ba andar, Nova York, NY 10010 T: +1(212) 505-6805<\/h3>\n\n\n\n<hr class=\"wp-block-separator has-alpha-channel-opacity\"\/>\n\n\n\n<h2 class=\"wp-block-heading\"><span style=\"font-weight: 400;\">Sobre SIS Internacional<\/span><\/h2>\n\n\n\n<p><a href=\"https:\/\/www.sisinternational.com\/pt\/\"><span style=\"font-weight: 400;\">SIS Internacional<\/span><\/a><span style=\"font-weight: 400;\"> offers Quantitative, Qualitative, and Strategy Research. We provide data, tools, strategies, reports, and insights for decision-making. We also conduct interviews, surveys, focus groups, and other <a href=\"https:\/\/www.sisinternational.com\/pt\/quantitative-market-research-methods-and-techniques\/\" title=\"Quantitative Market Research Methods and Techniques\"  data-wpil-monitor-id=\"10965\">Market Research methods<\/a> and approaches.<\/span><a href=\"https:\/\/www.sisinternational.com\/pt\/sobre-a-sis-international-research\/contact-sis-international-market-research\/\"><span style=\"font-weight: 400;\"> Entre em contato conosco<\/span><\/a><span style=\"font-weight: 400;\"> para o seu pr\u00f3ximo projeto de pesquisa de mercado.<\/span><\/p>\n\n\n\n<p><\/p>","protected":false},"excerpt":{"rendered":"<p>A SIS \u00e9 uma empresa l\u00edder global em pesquisa de mercado e consultoria estrat\u00e9gica. Descubra novas oportunidades com a pesquisa de mercado de pre\u00e7os de commodities.<\/p>","protected":false},"author":1,"featured_media":63971,"parent":27462,"menu_order":36,"comment_status":"closed","ping_status":"closed","template":"","meta":{"footnotes":""},"class_list":["post-35230","page","type-page","status-publish","has-post-thumbnail"],"_links":{"self":[{"href":"https:\/\/www.sisinternational.com\/pt\/wp-json\/wp\/v2\/pages\/35230","targetHints":{"allow":["GET"]}}],"collection":[{"href":"https:\/\/www.sisinternational.com\/pt\/wp-json\/wp\/v2\/pages"}],"about":[{"href":"https:\/\/www.sisinternational.com\/pt\/wp-json\/wp\/v2\/types\/page"}],"author":[{"embeddable":true,"href":"https:\/\/www.sisinternational.com\/pt\/wp-json\/wp\/v2\/users\/1"}],"replies":[{"embeddable":true,"href":"https:\/\/www.sisinternational.com\/pt\/wp-json\/wp\/v2\/comments?post=35230"}],"version-history":[{"count":5,"href":"https:\/\/www.sisinternational.com\/pt\/wp-json\/wp\/v2\/pages\/35230\/revisions"}],"predecessor-version":[{"id":81793,"href":"https:\/\/www.sisinternational.com\/pt\/wp-json\/wp\/v2\/pages\/35230\/revisions\/81793"}],"up":[{"embeddable":true,"href":"https:\/\/www.sisinternational.com\/pt\/wp-json\/wp\/v2\/pages\/27462"}],"wp:featuredmedia":[{"embeddable":true,"href":"https:\/\/www.sisinternational.com\/pt\/wp-json\/wp\/v2\/media\/63971"}],"wp:attachment":[{"href":"https:\/\/www.sisinternational.com\/pt\/wp-json\/wp\/v2\/media?parent=35230"}],"curies":[{"name":"wp","href":"https:\/\/api.w.org\/{rel}","templated":true}]}}