{"id":35196,"date":"2020-05-02T00:01:03","date_gmt":"2020-05-02T00:01:03","guid":{"rendered":"https:\/\/www.sisinternational.com\/?page_id=35196"},"modified":"2025-09-12T20:46:08","modified_gmt":"2025-09-13T00:46:08","slug":"pesquisa-de-mercado-de-engenharia","status":"publish","type":"page","link":"https:\/\/www.sisinternational.com\/pt\/pericia\/pesquisa-de-mercado-de-engenharia\/","title":{"rendered":"Pesquisa de mercado de engenharia"},"content":{"rendered":"<h1 class=\"wp-block-heading p1\"><span class=\"s1\">Pesquisa de mercado de engenharia<\/span><\/h1>\n\n\n\n<figure class=\"gb-block-image gb-block-image-ca0ed1eb\"><img loading=\"lazy\" decoding=\"async\" width=\"1456\" height=\"816\" class=\"gb-image gb-image-ca0ed1eb\" src=\"https:\/\/www.sisinternational.com\/wp-content\/uploads\/2025\/08\/Construction-30-1.jpg\" alt=\"Pesquisa e Estrat\u00e9gia de Mercado Internacional da SIS\" title=\"Construction (30)\" srcset=\"https:\/\/www.sisinternational.com\/wp-content\/uploads\/2025\/08\/Construction-30-1.jpg 1456w, https:\/\/www.sisinternational.com\/wp-content\/uploads\/2025\/08\/Construction-30-1-300x168.jpg 300w, https:\/\/www.sisinternational.com\/wp-content\/uploads\/2025\/08\/Construction-30-1-1024x574.jpg 1024w, https:\/\/www.sisinternational.com\/wp-content\/uploads\/2025\/08\/Construction-30-1-768x430.jpg 768w, https:\/\/www.sisinternational.com\/wp-content\/uploads\/2025\/08\/Construction-30-1-18x10.jpg 18w\" sizes=\"auto, (max-width: 1456px) 100vw, 1456px\"><\/figure>\n\n\n\n<p><\/p>\n\n\n\n<h2 class=\"wp-block-heading p2\"><span class=\"s2\">Pesquisa de mercado de engenharia revela insights para o crescimento dos neg\u00f3cios<\/span><\/h2>\n\n\n\n<p class=\"p2\"><span class=\"s2\">This sector has a technical nature, so it often requires<\/span> specialized market researchers. We survey engineering firms, engineering professionals, industry bodies, and those who provide design solutions. SIS International Research has extensive experience in conducting engineering market research<span class=\"s2\">.<\/span><\/p>\n\n\n\n<h3 class=\"wp-block-heading\">Tipos de Engenharia:<\/h3>\n\n\n\n<ul class=\"wp-block-list\">\n<li>Engenharia el\u00e9trica<\/li>\n\n\n\n<li>Engenheiro qu\u00edmico<\/li>\n\n\n\n<li>Engenharia de petr\u00f3leo<\/li>\n\n\n\n<li>Engenharia Civil<\/li>\n\n\n\n<li>Engenharia Mec\u00e2nica<\/li>\n\n\n\n<li>Engenharia Biom\u00e9dica<\/li>\n\n\n\n<li>Engenharia Agr\u00edcola<\/li>\n\n\n\n<li>Engenharia aeroespacial<\/li>\n\n\n\n<li>Engenharia Ambiental<\/li>\n<\/ul>\n\n\n\n<h2 class=\"wp-block-heading p3\"><span class=\"s2\">Tend\u00eancias da ind\u00fastria<\/span><\/h2>\n\n\n\n<p class=\"p4\"><span class=\"s2\">The first industrial revolution took place hundreds of years ago, therefore experts describe today&#8217;s industrial revolution as Industry 4.0, as a result, they adopted a change to a more self-aware and digitized system of work that will use Big Data and the <a href=\"https:\/\/www.sisinternational.com\/pt\/solucoes\/consultoria-sis-blockchain\/blockchain-internet-das-coisas\/\" title=\"Blockchain e a Internet das Coisas\"  data-wpil-monitor-id=\"9007\">Internet das Coisas<\/a>.<span class=\"s2\"> Tamb\u00e9m utilizar\u00e1 a nova infra-estrutura de comunica\u00e7\u00f5es. Assim, a Ind\u00fastria 4.0 ser\u00e1 uma tend\u00eancia significativa e disruptiva na engenharia. <\/span><\/p>\n\n\n\n<p class=\"p4\"><span class=\"s2\">O crescimento do mercado ocorreu na ind\u00fastria de engenharia e constru\u00e7\u00e3o, apesar da escassez de m\u00e3o de obra e das press\u00f5es de custos. O sector tamb\u00e9m registou uma tend\u00eancia para projectos de licita\u00e7\u00e3o fixa. \u00c9 prov\u00e1vel que estes desafios continuem no futuro. No entanto, as empresas de E&amp;C ir\u00e3o desfrutar de v\u00e1rias oportunidades significativas na ind\u00fastria. O aumento em <\/span>cidade inteligente <span class=\"s2\">megaprojetos \u00e9 uma dessas oportunidades, e a iniciativa de transporte e infraestrutura dos EUA \u00e9 outra<\/span><span class=\"s2\">.<\/span><\/p>\n\n\n\n<p>O <a href=\"https:\/\/www.sisinternational.com\/pt\/pericia\/industrias\/pesquisa-de-mercado-de-energia\/\" title=\"Pesquisa de mercado de energia\"  data-wpil-monitor-id=\"9004\">energy sector is another new market<\/a> to observe. As a result, many countries should see sustainable energy getting a bigger bite of the pie. These energy sources include solar, wind, utility-scale renewable fuels, and hydropower. Innovations may also occur in:<\/p>\n\n\n\n<ul class=\"wp-block-list\">\n<li><a href=\"https:\/\/www.sisinternational.com\/pt\/solucoes\/pesquisa-de-mercado-de-ia-e-consultoria-estrategica\/meio-ambiente-sustentabilidade-automacao-consultoria-em-inteligencia-artificial\/\" title=\"Consultoria em Automa\u00e7\u00e3o Ambiental e Sustentabilidade e Intelig\u00eancia Artificial\"  data-wpil-monitor-id=\"9003\">Energia sustent\u00e1vel e intelig\u00eancia artificial<\/a><\/li>\n\n\n\n<li>Armazenamento de energia, incluindo baterias<\/li>\n\n\n\n<li>Paridade da grade<\/li>\n\n\n\n<li>Blockchain<\/li>\n\n\n\n<li>Recurso energ\u00e9tico distribu\u00eddo<\/li>\n\n\n\n<li>C\u00edber seguran\u00e7a<\/li>\n\n\n\n<li>O clima pol\u00edtico<\/li>\n<\/ul>\n\n\n\n<h2 class=\"wp-block-heading p3\"><span class=\"s2\">An\u00e1lise do mercado de servi\u00e7os<\/span><\/h2>\n\n\n\n<p class=\"p4\"><span class=\"s2\">O aumento nas receitas da ind\u00fastria acompanha o ritmo da economia dos EUA em geral. O crescimento pode ocorrer devido a um aumento no valor da constru\u00e7\u00e3o privada n\u00e3o residencial. Os analistas utilizam frequentemente este sector como proxy da procura de servi\u00e7os industriais porque os pre\u00e7os e a procura das mat\u00e9rias-primas podem ter impacto na rentabilidade.&nbsp;<\/span><\/p>\n\n\n\n<p class=\"p4\"><span class=\"s2\">The main driver of the engineering services <a href=\"https:\/\/www.sisinternational.com\/pt\/solucoes\/pesquisa-de-consultoria-em-estrategia-fintech\/consultoria-em-pesquisa-de-mercado-de-inclusao-financeira-em-economia-emergente\/\" title=\"Pesquisa e consultoria de mercado de inclus\u00e3o financeira em economias emergentes\"  data-wpil-monitor-id=\"9002\">market is investments in emerging economies<\/a>, and these investments are occurring in the industrial, transport, and commercial infrastructure sectors. Most engineering <a href=\"https:\/\/www.sisinternational.com\/pt\/solucoes\/consultoria-em-hotelaria-e-turismo-em-viagens\/consultoria-em-estrategia-de-pesquisa-de-mercado-para-empresa-de-gestao-hoteleira\/\" title=\"Pesquisa de mercado e consultoria estrat\u00e9gica para empresas de gest\u00e3o hoteleira\"  data-wpil-monitor-id=\"9005\">companies function only in their regional\/national markets<\/a>, however, they do so for two reasons:<\/span><\/p>\n\n\n\n<ul class=\"wp-block-list\">\n<li><span class=\"s2\">Regulamentos regionais<\/span><\/li>\n\n\n\n<li><span class=\"s2\">Expertise em servi\u00e7os especializados de engenharia<\/span><\/li>\n<\/ul>\n\n\n\n<h2 class=\"wp-block-heading p3\"><span class=\"s2\">Perspectivas da Ind\u00fastria de Servi\u00e7os<\/span><\/h2>\n\n\n\n<p class=\"p4\"><span class=\"s2\">COVID-19 has had adverse effects on <a href=\"https:\/\/www.sisinternational.com\/pt\/publicacoes\/pesquisa-de-mercado-de-negocios-escalaveis-7-maneiras-de-construir-um-negocio-escalavel\/\" title=\"Pesquisa de mercado de neg\u00f3cios escal\u00e1veis: 7 maneiras de construir um neg\u00f3cio escal\u00e1vel\"  data-wpil-monitor-id=\"9006\">business activity and markets<\/a>, and consequently, it is presenting many challenges to the engineering and construction industry. These challenges can intensify depending on the length and severity of the crisis. For instance, construction jobs have already been canceled, and others suspended.<\/span><\/p>\n\n\n\n<p class=\"p4\"><span class=\"s2\">Os especialistas esperam que os efeitos do COVID-19 sejam tempor\u00e1rios. A ind\u00fastria precisar\u00e1 de mais engenheiros do que nunca quando o mundo voltar \u00e0 normalidade.<\/span> <a href=\"https:\/\/www.sciencedaily.com\/news\/computers_math\/robotics\/\" target=\"_blank\" rel=\"noopener\">R<\/a><a href=\"https:\/\/www.sciencedaily.com\/news\/computers_math\/robotics\/\" target=\"_blank\" rel=\"noopener\">ob\u00f3tica<\/a><a href=\"https:\/\/www.sciencedaily.com\/news\/computers_math\/robotics\/\" target=\"_blank\" rel=\"noopener\"> e<\/a><a href=\"https:\/\/www.sciencedaily.com\/news\/computers_math\/robotics\/\" target=\"_blank\" rel=\"noopener\"> intelig\u00eancia artificial<\/a> <span class=\"s2\">estimular\u00e1 esse crescimento na demanda, assim como a realidade virtual e a manufatura aditiva. Outras tecnologias ser\u00e3o incorporadas em produtos de engenharia, tais como dispositivos m\u00e9dicos. Os especialistas tamb\u00e9m esperam um aumento na produ\u00e7\u00e3o de equipamentos de transporte. Produtos e m\u00e1quinas de inform\u00e1tica e eletr\u00f4nicos tamb\u00e9m aumentar\u00e3o a produ\u00e7\u00e3o.<\/span><\/p>\n\n\n\n<h2 class=\"wp-block-heading p3\"><span class=\"s2\">Por que a pesquisa de mercado de engenharia \u00e9 t\u00e3o importante?<\/span><\/h2>\n\n\n\n<p class=\"p4\"><span class=\"s2\">The engineering industry is one of the most diverse in the world because it covers OEM assembly and the manufacturing of components. It also includes the maintenance of equipment and machinery after their sale. Thus, you must work with the right <a href=\"https:\/\/www.sisinternational.com\/pt\/pericia\/curriculos-de-experiencia\/curriculo-de-experiencia-na-industria-automotiva\/\" title=\"Empresa de pesquisa de mercado da ind\u00fastria automotiva\" data-wpil-monitor-id=\"9001\">Market Research company<\/a>. <\/span><\/p>\n\n\n\n<p class=\"p4\">Pesquisa de mercado de engenharia<span class=\"s2\"> provides insights into the current state of the industry and also forecasts business activity in the sector. At <a href=\"https:\/\/www.sisinternational.com\/pt\/entre-em-contato-com-a-sis-international-market-research\/\" title=\"Contate-nos\" data-wpil-monitor-id=\"9000\">A SIS International Research<\/a>, we give our clients the information they need in addition to helping them to plan for the future and to come up with effective growth strategies. To get this information, for instance, we survey:<\/span><\/p>\n\n\n\n<ul class=\"wp-block-list ul1\">\n<li><span class=\"s2\">Engenheiro el\u00e9trico\u00a0<\/span><\/li>\n\n\n\n<li><span class=\"s2\">Engenheiro Qu\u00edmico<\/span><\/li>\n\n\n\n<li><span class=\"s2\">Engenheiro mec\u00e2nico\u00a0<\/span><\/li>\n\n\n\n<li><span class=\"s2\">Engenheiro de Qualidade\u00a0<\/span><\/li>\n\n\n\n<li><span class=\"s2\">Engenheiro industrial\u00a0<\/span><\/li>\n\n\n\n<li><span class=\"s2\">Engenheiro de Manufatura\u00a0<\/span><\/li>\n\n\n\n<li><span class=\"s2\">Engenheiro petrol\u00edfero\u00a0<\/span><\/li>\n\n\n\n<li><span class=\"s2\">Engenheiro de Processo\u00a0<\/span><\/li>\n\n\n\n<li><span class=\"s2\">Engenheiro de Projetos\u00a0<\/span><\/li>\n\n\n\n<li><span class=\"s2\">Engenheiro de software\u00a0<\/span><\/li>\n\n\n\n<li><span class=\"s2\">Engenheiro de Rob\u00f3tica<\/span><\/li>\n\n\n\n<li><span class=\"s2\">Comprador\/Planejador\u00a0<\/span><\/li>\n\n\n\n<li><span class=\"s2\">Gerente de Supply Chain\u00a0<\/span><\/li>\n\n\n\n<li><span class=\"s2\">Gerente de Materiais\u00a0<\/span><\/li>\n\n\n\n<li><span class=\"s2\">Engenheiro de Compras\u00a0<\/span><\/li>\n\n\n\n<li>Executivos C Suite<\/li>\n\n\n\n<li>Presidentes<\/li>\n\n\n\n<li><span class=\"s5\">Vice-presidentes<\/span><\/li>\n\n\n\n<li><span class=\"s2\">Diretores<\/span><\/li>\n\n\n\n<li><span class=\"s2\">Gerentes<\/span><\/li>\n\n\n\n<li><span class=\"s2\">T\u00e9cnico Eletromec\u00e2nico<\/span><\/li>\n\n\n\n<li><span class=\"s2\">T\u00e9cnico de qualidade\u00a0<\/span><\/li>\n\n\n\n<li><span class=\"s2\">T\u00e9cnico de Teste\u00a0<\/span><\/li>\n\n\n\n<li><span class=\"s2\">T\u00e9cnico em eletr\u00f4nica\u00a0<\/span><\/li>\n\n\n\n<li><span class=\"s2\">Engenheiro Mecatr\u00f4nico<\/span><\/li>\n<\/ul>\n\n\n\n<p><\/p>","protected":false},"excerpt":{"rendered":"<p>A SIS \u00e9 uma empresa l\u00edder global em pesquisa e estrat\u00e9gia de mercado, especializada em pesquisa de mercado de engenharia. Descubra como podemos aumentar seus lucros.<\/p>","protected":false},"author":1,"featured_media":62987,"parent":14514,"menu_order":60,"comment_status":"closed","ping_status":"closed","template":"","meta":{"footnotes":""},"class_list":["post-35196","page","type-page","status-publish","has-post-thumbnail"],"_links":{"self":[{"href":"https:\/\/www.sisinternational.com\/pt\/wp-json\/wp\/v2\/pages\/35196","targetHints":{"allow":["GET"]}}],"collection":[{"href":"https:\/\/www.sisinternational.com\/pt\/wp-json\/wp\/v2\/pages"}],"about":[{"href":"https:\/\/www.sisinternational.com\/pt\/wp-json\/wp\/v2\/types\/page"}],"author":[{"embeddable":true,"href":"https:\/\/www.sisinternational.com\/pt\/wp-json\/wp\/v2\/users\/1"}],"replies":[{"embeddable":true,"href":"https:\/\/www.sisinternational.com\/pt\/wp-json\/wp\/v2\/comments?post=35196"}],"version-history":[{"count":4,"href":"https:\/\/www.sisinternational.com\/pt\/wp-json\/wp\/v2\/pages\/35196\/revisions"}],"predecessor-version":[{"id":81508,"href":"https:\/\/www.sisinternational.com\/pt\/wp-json\/wp\/v2\/pages\/35196\/revisions\/81508"}],"up":[{"embeddable":true,"href":"https:\/\/www.sisinternational.com\/pt\/wp-json\/wp\/v2\/pages\/14514"}],"wp:featuredmedia":[{"embeddable":true,"href":"https:\/\/www.sisinternational.com\/pt\/wp-json\/wp\/v2\/media\/62987"}],"wp:attachment":[{"href":"https:\/\/www.sisinternational.com\/pt\/wp-json\/wp\/v2\/media?parent=35196"}],"curies":[{"name":"wp","href":"https:\/\/api.w.org\/{rel}","templated":true}]}}