{"id":35108,"date":"2020-04-25T22:14:08","date_gmt":"2020-04-25T22:14:08","guid":{"rendered":"https:\/\/www.sisinternational.com\/?page_id=35108"},"modified":"2026-01-27T15:24:07","modified_gmt":"2026-01-27T20:24:07","slug":"pesquisa-de-mercado-de-loja-de-ferragens","status":"publish","type":"page","link":"https:\/\/www.sisinternational.com\/pt\/pericia\/pesquisa-de-mercado-de-loja-de-ferragens\/","title":{"rendered":"Pesquisa de mercado de lojas de ferragens e melhorias residenciais"},"content":{"rendered":"<h1 class=\"wp-block-heading\">Pesquisa de mercado de lojas de ferragens e melhorias residenciais<\/h1>\n\n\n\n<figure class=\"gb-block-image gb-block-image-c7f7ff23\"><img loading=\"lazy\" decoding=\"async\" width=\"1456\" height=\"816\" class=\"gb-image gb-image-c7f7ff23\" src=\"https:\/\/www.sisinternational.com\/wp-content\/uploads\/2025\/08\/Smart-home-3.jpg\" alt=\"Pesquisa e Estrat\u00e9gia de Mercado Internacional da SIS\" title=\"Smart home (3)\" srcset=\"https:\/\/www.sisinternational.com\/wp-content\/uploads\/2025\/08\/Smart-home-3.jpg 1456w, https:\/\/www.sisinternational.com\/wp-content\/uploads\/2025\/08\/Smart-home-3-300x168.jpg 300w, https:\/\/www.sisinternational.com\/wp-content\/uploads\/2025\/08\/Smart-home-3-1024x574.jpg 1024w, https:\/\/www.sisinternational.com\/wp-content\/uploads\/2025\/08\/Smart-home-3-768x430.jpg 768w, https:\/\/www.sisinternational.com\/wp-content\/uploads\/2025\/08\/Smart-home-3-18x10.jpg 18w\" sizes=\"auto, (max-width: 1456px) 100vw, 1456px\"><\/figure>\n\n\n\n<p><\/p>\n\n\n\n<h2 class=\"wp-block-heading\">Lojas de ferragens s\u00e3o uma parte importante da sociedade<\/h2>\n\n\n\n<p>At Hardware stores, buyers buy vital products and equipment for homes and businesses.\u00a0 Customers can efficiently buy products that improve lives and boost productivity.<\/p>\n\n\n\n<p>A SIS tem uma vasta experi\u00eancia em ajudar cadeias de lojas de ferragens a se tornarem globais, a atingir objetivos estrat\u00e9gicos e a melhor atender \u00e0s necessidades dos clientes.<\/p>\n\n\n\n<h2 class=\"wp-block-heading\">Pesquisa de mercado de lojas de ferragens e melhorias residenciais<\/h2>\n\n\n\n<p>Ajudamos as lojas de ferragens a examinar o seguinte:<\/p>\n\n\n\n<ul class=\"wp-block-list ul1\">\n<li><span class=\"s2\">Which categories to emphasize in store to be best aligned with consumer needs\/DIY behavior<\/span><\/li>\n\n\n\n<li><span class=\"s2\">Profundidade de sortimento em v\u00e1rias categorias de produtos<\/span><\/li>\n\n\n\n<li><span class=\"s2\">Embalagem do produto (embalagens a granel vs. embalagens individuais) por categoria<\/span><\/li>\n\n\n\n<li><span class=\"s2\">\u00canfase colocada em sortimentos de itens sazonais<\/span><\/li>\n\n\n\n<li>Mistura de marketing<\/li>\n<\/ul>\n\n\n\n<p class=\"p1\"><span class=\"s1\">We provide valuable insights regarding purchasing behavior, current home improvement trends, and the purchase journey. The overall project objectives are:<\/span><\/p>\n\n\n\n<ul class=\"wp-block-list ol2\">\n<li><span class=\"s1\">Develop a greater understanding of who the local home maintenance and home improvement shopper\u00a0<\/span><\/li>\n\n\n\n<li><span class=\"s1\">Determine quais projetos os clientes t\u00eam maior probabilidade de realizar<\/span><\/li>\n\n\n\n<li><span class=\"s1\">Determine how customers complete projects across the 3 main project types<\/span><\/li>\n<\/ul>\n\n\n\n<h2 class=\"wp-block-heading p3\"><span class=\"s1\">Comportamento do consumidor<\/span><\/h2>\n\n\n\n<ul class=\"wp-block-list ol2\">\n<li><span class=\"s1\">Determine onde os clientes compram<\/span><\/li>\n\n\n\n<li><span class=\"s1\">Identifique as fontes usadas para obter informa\u00e7\u00f5es sobre quais produtos comprar<\/span><\/li>\n\n\n\n<li><span class=\"s1\">Breve perfil atitudinal<\/span><\/li>\n\n\n\n<li><span class=\"s1\">Offer in-depth analysis and reporting of the findings in a final report to be presented to the client team if requested<\/span><\/li>\n<\/ul>\n\n\n\n<h2 class=\"wp-block-heading\">Clientes de encanamento<\/h2>\n\n\n\n<p class=\"p1\"><span class=\"s1\">Definimos um segmento como<b>\u00a0Pluming Related Projects, <\/b>que \u00e9 categorizado por aqueles que fizeram alguma das seguintes coisas nos \u00faltimos 3 anos ou que provavelmente far\u00e3o isso nos pr\u00f3ximos 2 anos.<\/span><\/p>\n\n\n\n<p class=\"p2\"><span class=\"s1\">Esses indiv\u00edduos ser\u00e3o direcionados com seu conhecimento desses tipos de tarefas.<\/span><\/p>\n\n\n\n<ul class=\"wp-block-list ul1\">\n<li><span class=\"s1\">Consertando uma v\u00e1lvula com vazamento no tanque do vaso sanit\u00e1rio<\/span><\/li>\n\n\n\n<li><span class=\"s1\">Consertando um vaso sanit\u00e1rio com vazamento (\u00e1gua saindo da base do vaso sanit\u00e1rio)<\/span><\/li>\n\n\n\n<li><span class=\"s1\">Consertando uma torneira de pia com vazamento<\/span><\/li>\n\n\n\n<li><span class=\"s1\">Substituindo uma torneira<\/span><\/li>\n\n\n\n<li><span class=\"s1\">Consertando um vazamento ou vazamentos nos canos embaixo da pia<\/span><\/li>\n\n\n\n<li><span class=\"s1\">Consertando um banheiro entupido<\/span><\/li>\n\n\n\n<li><span class=\"s1\">Desentupindo uma pia<\/span><\/li>\n\n\n\n<li><span class=\"s1\">Substituindo um chuveiro<\/span><\/li>\n\n\n\n<li><span class=\"s1\">Substituir ou instalar um aquecedor de \u00e1gua<\/span><\/li>\n<\/ul>\n\n\n\n<p class=\"p1\"><span class=\"s1\">Indiv\u00edduos sob o<b> Projetos relacionados a eletricidade e ilumina\u00e7\u00e3o<\/b> s\u00e3o categorizados por aqueles que fizeram alguma das seguintes coisas nos \u00faltimos 3 anos ou que provavelmente far\u00e3o isso nos pr\u00f3ximos 2 anos.<\/span><\/p>\n\n\n\n<h2 class=\"wp-block-heading\">Clientes Eletricistas<\/h2>\n\n\n\n<p class=\"p1\"><span class=\"s1\">Electricians are therefore very skilled for having to protect against surges and are multi-talented.\u00a0<\/span><\/p>\n\n\n\n<ul class=\"wp-block-list ul1\">\n<li><span class=\"s3\">Substituir ou instalar uma nova campainha com fio?\u00a0<\/span><\/li>\n\n\n\n<li><span class=\"s3\">Substituir ou instalar um novo ventilador de teto?\u00a0<\/span><\/li>\n\n\n\n<li><span class=\"s3\">Substituir ou instalar uma nova lumin\u00e1ria?\u00a0<\/span><\/li>\n\n\n\n<li><span class=\"s3\">Substituir ou adicionar uma placa de interruptor?\u00a0<\/span><\/li>\n\n\n\n<li><span class=\"s1\">Substituir ou adicionar uma placa recept\u00e1culo?\u00a0 <\/span><span class=\"s5\">Ou placa de tomada de parede?<\/span><\/li>\n\n\n\n<li><span class=\"s1\">Substituir ou instalar um triturador de lixo embaixo da pia?\u00a0<\/span><\/li>\n<\/ul>\n\n\n\n<h2 class=\"wp-block-heading\">Outros clientes<\/h2>\n\n\n\n<p class=\"p1\"><span class=\"s1\">Indiv\u00edduos sob o<b> Outros projetos<\/b> s\u00e3o categorizados por aqueles que fizeram alguma das seguintes coisas nos \u00faltimos 3 anos ou que provavelmente far\u00e3o isso nos pr\u00f3ximos 2 anos.<\/span><\/p>\n\n\n\n<p class=\"p2\"><span class=\"s1\">These are all high-incidence as these DIY jobs are done by the head of the household. Even the elderly will ask a neighbor to do this job for them rather than employing a contractor. <\/span><\/p>\n\n\n\n<ul class=\"wp-block-list ul1\">\n<li><span class=\"s1\">Substituir ou instalar uma fechadura de porta? <\/span><\/li>\n\n\n\n<li><span class=\"s1\">Substituindo uma porta em sua casa?<\/span><\/li>\n\n\n\n<li><span class=\"s1\">Pintando um c\u00f4modo ou c\u00f4modos da sua casa?<\/span><\/li>\n\n\n\n<li><span class=\"s1\">Pintando a parte externa da sua casa?<\/span><\/li>\n\n\n\n<li><span class=\"s1\">Consertando um telhado com vazamento?<\/span><\/li>\n\n\n\n<li><span class=\"s1\">Instalando persianas ou cortinas?<\/span><\/li>\n<\/ul>\n\n\n\n<h2 class=\"wp-block-heading\">Pesquisa de mercado de financiamento de melhorias residenciais<\/h2>\n\n\n\n<p>We conduct research with contractors and lenders on the topic of Home Improvement Lending and Financing.&nbsp; For example, we conduct <a href=\"https:\/\/www.sisinternational.com\/pt\/metodos-alternativos-de-pesquisa-e-visitas-domiciliares\/\" title=\"M\u00e9todos alternativos de pesquisa e visitas domiciliares\u00a0\"  data-wpil-monitor-id=\"850\">research on how small-to-mid-sized home<\/a> improving and remodeling businesses finance their operations.&nbsp; We examine:<\/p>\n\n\n\n<ul class=\"wp-block-list\">\n<li>qual \u00e9 o ambiente de neg\u00f3cios em que esses empreiteiros operam<\/li>\n\n\n\n<li>quais s\u00e3o suas necessidades de financiamento hoje<\/li>\n\n\n\n<li>quais alternativas eles usam para atender a essas necessidades<\/li>\n\n\n\n<li>quais s\u00e3o as rea\u00e7\u00f5es dos empreiteiros a tr\u00eas novos conceitos que poderiam atender \u00e0s suas necessidades financeiras<\/li>\n<\/ul>\n\n\n\n<p>Descobrimos as principais necessidades n\u00e3o atendidas relacionadas ao gerenciamento do fluxo de caixa, tipos de financiamento e formas de envolver empreiteiros de constru\u00e7\u00e3o.<\/p>\n\n\n\n<h2 class=\"wp-block-heading\">Metodologia de Teste de Localiza\u00e7\u00e3o Central<\/h2>\n\n\n\n<p class=\"p1\"><span class=\"s1\">A Central Location Test (CLT) is a face-to-face methodology in which respondents are invited to take part in research that is conducted in a public accessible place, such as a hall or specialized facility. <a class=\"wpil_keyword_link\" href=\"https:\/\/www.sisinternational.com\/pt\/solucoes\/solucoes-de-branding-e-pesquisa-de-clientes\/pesquisa-de-mercado-para-testes-de-produtos\/empresa-de-testes-de-localizacao-central-de-topo\/\"   title=\"Melhor empresa de testes de localiza\u00e7\u00e3o central\" data-wpil-keyword-link=\"linked\"  data-wpil-monitor-id=\"754\">Central Location Testing<\/a> thrives on showing products or stimulus to a big group of respondents that need to be carried out in standard conditions and\/or procedures. Central Location Testing typically achieves a higher response rate and better results in research that may be too long or difficult for the respondent to carry out individually. <\/span><\/p>\n\n\n\n<h2 class=\"wp-block-heading p1\"><span class=\"s1\">Metodologia de exemplo<\/span><\/h2>\n\n\n\n<ul class=\"wp-block-list ul1\">\n<li><span class=\"s1\">Segmenta\u00e7\u00e3o n=450 entrevistados\u00a0<\/span><\/li>\n\n\n\n<li><span class=\"s1\">Segmentado em n=150 por tipo de projeto:<\/span>\n<ul class=\"wp-block-list\">\n<li>\n<ul class=\"wp-block-list\">\n<li><span class=\"s1\"><b>Projetos relacionados a plumagem<\/b> <\/span><\/li>\n\n\n\n<li><span class=\"s1\"><b>Projetos relacionados a eletricidade e ilumina\u00e7\u00e3o<\/b> <\/span><\/li>\n\n\n\n<li><span class=\"s1\"><b>Outros projetos<\/b><\/span><\/li>\n<\/ul>\n<\/li>\n<\/ul>\n<\/li>\n\n\n\n<li><span class=\"s1\"> Cada entrevistado gastar\u00e1 de 20 a 25 minutos respondendo \u00e0 pesquisa em tablets <\/span><\/li>\n\n\n\n<li><span class=\"s1\">A SIS usar\u00e1 as perguntas fornecidas pela equipe do cliente e traduzir\u00e1 e modificar\u00e1 as perguntas para o mercado local conforme necess\u00e1rio<\/span><\/li>\n\n\n\n<li><span class=\"s1\">Nenhuma altera\u00e7\u00e3o ser\u00e1 feita a menos que aprovada pelo cliente<\/span><\/li>\n\n\n\n<li><span class=\"s1\">O question\u00e1rio consiste principalmente em quest\u00f5es fechadas de m\u00faltipla escolha, com at\u00e9 5 quest\u00f5es abertas<\/span><\/li>\n<\/ul>\n\n\n\n<h2 class=\"wp-block-heading p1\"><span class=\"s1\">Mercado alvo<\/span><\/h2>\n\n\n\n<p><span class=\"s1\">Um mercado-alvo comum para os nossos estudos neste setor s\u00e3o os consumidores que realizaram pelo menos um dos tipos de projetos acima nos \u00faltimos 3 anos ou planeiam faz\u00ea-lo nos pr\u00f3ximos 2 anos:<\/span><\/p>\n\n\n\n<ul class=\"wp-block-list ul1\">\n<li><span class=\"s1\">Pintura Interior<\/span><\/li>\n\n\n\n<li><span class=\"s1\">Pintura Exterior<\/span><\/li>\n\n\n\n<li><span class=\"s1\">Conserto de encanamento leve (consertar vaso sanit\u00e1rio, substituir torneira, etc.)<\/span><\/li>\n\n\n\n<li><span class=\"s1\">Luz El\u00e9trica (substituir l\u00e2mpadas, interruptores, etc)<\/span><\/li>\n\n\n\n<li><span class=\"s1\">Plante um jardim\/flores<\/span><\/li>\n\n\n\n<li><span class=\"s1\">Manuten\u00e7\u00e3o do gramado (fertilizante, etc)<\/span><\/li>\n\n\n\n<li><span class=\"s1\">Recrutar para mix de representa\u00e7\u00e3o do projeto<\/span><\/li>\n<\/ul>\n\n\n\n<p>It is important to recruit for a mix of project representation.\u00a0 We may focus on consumers who have purchased a home maintenance\/home improvement item for their home in the past year using a self-service format store.\u00a0 The age range is typically ages 30-50, and there may be a mix of 60% males\/40% female.\u00a0 Depending on which country we survey, the <a href=\"https:\/\/www.sisinternational.com\/pt\/pesquisa-de-mercado-no-oriente-medio\/\" title=\"Pesquisa de mercado no Oriente M\u00e9dio\"  data-wpil-monitor-id=\"7343\">middle class is defined by local market<\/a> standards.\u00a0 We may also examine the role of e-commerce and online research in the purchasing decision.<\/p>\n\n\n\n<p><\/p>","protected":false},"excerpt":{"rendered":"<p>Descubra como a pesquisa de mercado de lojas de ferragens e melhorias residenciais pode aumentar seu desempenho.<\/p>","protected":false},"author":1,"featured_media":64960,"parent":14514,"menu_order":57,"comment_status":"closed","ping_status":"closed","template":"","meta":{"footnotes":""},"class_list":["post-35108","page","type-page","status-publish","has-post-thumbnail"],"_links":{"self":[{"href":"https:\/\/www.sisinternational.com\/pt\/wp-json\/wp\/v2\/pages\/35108","targetHints":{"allow":["GET"]}}],"collection":[{"href":"https:\/\/www.sisinternational.com\/pt\/wp-json\/wp\/v2\/pages"}],"about":[{"href":"https:\/\/www.sisinternational.com\/pt\/wp-json\/wp\/v2\/types\/page"}],"author":[{"embeddable":true,"href":"https:\/\/www.sisinternational.com\/pt\/wp-json\/wp\/v2\/users\/1"}],"replies":[{"embeddable":true,"href":"https:\/\/www.sisinternational.com\/pt\/wp-json\/wp\/v2\/comments?post=35108"}],"version-history":[{"count":6,"href":"https:\/\/www.sisinternational.com\/pt\/wp-json\/wp\/v2\/pages\/35108\/revisions"}],"predecessor-version":[{"id":80986,"href":"https:\/\/www.sisinternational.com\/pt\/wp-json\/wp\/v2\/pages\/35108\/revisions\/80986"}],"up":[{"embeddable":true,"href":"https:\/\/www.sisinternational.com\/pt\/wp-json\/wp\/v2\/pages\/14514"}],"wp:featuredmedia":[{"embeddable":true,"href":"https:\/\/www.sisinternational.com\/pt\/wp-json\/wp\/v2\/media\/64960"}],"wp:attachment":[{"href":"https:\/\/www.sisinternational.com\/pt\/wp-json\/wp\/v2\/media?parent=35108"}],"curies":[{"name":"wp","href":"https:\/\/api.w.org\/{rel}","templated":true}]}}