{"id":34845,"date":"2020-04-05T00:27:21","date_gmt":"2020-04-05T00:27:21","guid":{"rendered":"https:\/\/www.sisinternational.com\/?page_id=34845"},"modified":"2025-09-13T01:18:54","modified_gmt":"2025-09-13T05:18:54","slug":"pesquisa-de-mercado-de-franquia","status":"publish","type":"page","link":"https:\/\/www.sisinternational.com\/pt\/pericia\/pesquisa-de-mercado-de-franquia\/","title":{"rendered":"Pesquisa de mercado de franquia"},"content":{"rendered":"<h1 class=\"wp-block-heading\">Pesquisa de mercado de franquia<\/h1>\n\n\n\n<figure class=\"gb-block-image gb-block-image-0fa2707f\"><img loading=\"lazy\" decoding=\"async\" width=\"1456\" height=\"816\" class=\"gb-image gb-image-0fa2707f\" src=\"https:\/\/www.sisinternational.com\/wp-content\/uploads\/2025\/08\/Franchise-2.jpg\" alt=\"Pesquisa e Estrat\u00e9gia de Mercado Internacional da SIS\" title=\"Franchise (2)\" srcset=\"https:\/\/www.sisinternational.com\/wp-content\/uploads\/2025\/08\/Franchise-2.jpg 1456w, https:\/\/www.sisinternational.com\/wp-content\/uploads\/2025\/08\/Franchise-2-300x168.jpg 300w, https:\/\/www.sisinternational.com\/wp-content\/uploads\/2025\/08\/Franchise-2-1024x574.jpg 1024w, https:\/\/www.sisinternational.com\/wp-content\/uploads\/2025\/08\/Franchise-2-768x430.jpg 768w, https:\/\/www.sisinternational.com\/wp-content\/uploads\/2025\/08\/Franchise-2-18x10.jpg 18w\" sizes=\"auto, (max-width: 1456px) 100vw, 1456px\"><\/figure>\n\n\n\n<p><\/p>\n\n\n\n<h2 class=\"wp-block-heading\">A SIS realiza as seguintes solu\u00e7\u00f5es de Pesquisa de Mercado de Franquias:<\/h2>\n\n\n\n<ul class=\"wp-block-list\">\n<li>Pesquisa de mercado de satisfa\u00e7\u00e3o do franqueado<\/li>\n\n\n\n<li>Pesquisa de mercado de satisfa\u00e7\u00e3o dos funcion\u00e1rios<\/li>\n\n\n\n<li>Viabilidade do local e avalia\u00e7\u00e3o de localiza\u00e7\u00e3o<\/li>\n\n\n\n<li>Oportunidade de mercado, dimensionamento de avalia\u00e7\u00f5es de entrada<\/li>\n\n\n\n<li>Rastreamento da Ind\u00fastria<\/li>\n\n\n\n<li>Analise competitiva<\/li>\n\n\n\n<li><a href=\"https:\/\/www.sisinternational.com\/pt\/pericia\/industrias\/voz-da-pesquisa-de-mercado-do-cliente-sobre-alimentos-e-bebidas\/\" title=\"Pesquisa de Mercado Voz do Cliente em Alimentos e Bebidas\"  data-wpil-monitor-id=\"9246\">Pesquisa de mercado do cliente<\/a><\/li>\n<\/ul>\n\n\n\n<h2 class=\"wp-block-heading\">T\u00f3picos estrat\u00e9gicos a examinar:<\/h2>\n\n\n\n<ul class=\"wp-block-list\">\n<li><span style=\"font-weight: 400;\">Qual \u00e9 a for\u00e7a inerente da sua franquia? em rela\u00e7\u00e3o a outras franquias? concorrentes?<\/span><\/li>\n\n\n\n<li><span style=\"font-weight: 400;\">Por que os clientes escolhem essa franquia espec\u00edfica?<\/span><\/li>\n\n\n\n<li><span style=\"font-weight: 400;\">Qual \u00e9 o valor dessa franquia para a comunidade?<\/span><\/li>\n\n\n\n<li><span style=\"font-weight: 400;\">What is the derived <a href=\"https:\/\/www.sisinternational.com\/pt\/pericia\/industrias\/pesquisa-de-mercado-de-medicao-de-marca\/\" title=\"Pesquisa de mercado de medi\u00e7\u00e3o de marca\"  data-wpil-monitor-id=\"9252\">measurement of the franchise brand<\/a> equity at the local level?<\/span><\/li>\n\n\n\n<li><span style=\"font-weight: 400;\">Quais s\u00e3o os pontos fracos percebidos da sua franquia?<\/span><\/li>\n\n\n\n<li><span style=\"font-weight: 400;\">Quais s\u00e3o os pontos fortes percebidos de sua franquia?<\/span><\/li>\n\n\n\n<li><span style=\"font-weight: 400;\">Quais atributos da sua franquia apoiam a fidelidade do cliente?<\/span><\/li>\n\n\n\n<li><span style=\"font-weight: 400;\">Sua franquia est\u00e1 sujeita a riscos competitivos no mercado?<\/span><\/li>\n\n\n\n<li><span style=\"font-weight: 400;\">What <a href=\"https:\/\/www.sisinternational.com\/pt\/pericia\/industrias\/k-beleza-oportunidades-de-tendencias-de-cuidados-com-a-pele-coreana\/\" title=\"K Beauty \u2013 Tend\u00eancias e oportunidades de cuidados com a pele na Coreia\"  data-wpil-monitor-id=\"9256\">trends offer opportunities<\/a> to your franchise?<\/span><\/li>\n\n\n\n<li><span style=\"font-weight: 400;\">Quais tend\u00eancias oferecem amea\u00e7as \u00e0 sua franquia?<\/span><\/li>\n\n\n\n<li>Como voc\u00ea pode reposicionar estrategicamente sua franquia para fortalecer a sa\u00fade dela?<\/li>\n<\/ul>\n\n\n\n<h2 class=\"wp-block-heading\">Decis\u00f5es estrat\u00e9gicas a serem tomadas<\/h2>\n\n\n\n<ul class=\"wp-block-list\">\n<li><span style=\"font-weight: 400;\">Quais s\u00e3o as tend\u00eancias, atitudes e expectativas atuais dos clientes?<\/span><\/li>\n\n\n\n<li><span style=\"font-weight: 400;\">Quais s\u00e3o os seus n\u00edveis atuais de satisfa\u00e7\u00e3o do cliente?<\/span><\/li>\n\n\n\n<li><span style=\"font-weight: 400;\">Quais s\u00e3o as necessidades atendidas de seus clientes?<\/span><\/li>\n\n\n\n<li><span style=\"font-weight: 400;\">Quais s\u00e3o as necessidades n\u00e3o atendidas de seus clientes?<\/span><\/li>\n\n\n\n<li><span style=\"font-weight: 400;\">Quais s\u00e3o os gostos dos seus clientes?<\/span><\/li>\n\n\n\n<li><span style=\"font-weight: 400;\">O que seus clientes n\u00e3o gostam?<\/span><\/li>\n\n\n\n<li><span style=\"font-weight: 400;\">Qual \u00e9 a pontua\u00e7\u00e3o l\u00edquida do promotor da sua franquia? Em rela\u00e7\u00e3o a outras franquias? em rela\u00e7\u00e3o aos seus concorrentes?<\/span><\/li>\n\n\n\n<li><span style=\"font-weight: 400;\">Quais s\u00e3o os n\u00edveis atuais de satisfa\u00e7\u00e3o do seu cliente?<\/span><\/li>\n\n\n\n<li><span style=\"font-weight: 400;\">A fidelidade do cliente \u00e9 um derivado da satisfa\u00e7\u00e3o do cliente. Qual \u00e9 a sua medida de fidelidade do cliente?<\/span><\/li>\n\n\n\n<li><span style=\"font-weight: 400;\">Quanto voc\u00ea corre o risco de perder um cliente, dados os n\u00edveis atuais de satisfa\u00e7\u00e3o do cliente?<\/span><\/li>\n\n\n\n<li><span style=\"font-weight: 400;\">Como os n\u00edveis de satisfa\u00e7\u00e3o do cliente afetar\u00e3o sua reputa\u00e7\u00e3o?<\/span><\/li>\n\n\n\n<li><span style=\"font-weight: 400;\">What services do you need to employ to <a href=\"https:\/\/www.sisinternational.com\/pt\/melhorando-o-relacionamento-com-o-cliente\/\" title=\"Como melhorar a satisfa\u00e7\u00e3o do cliente e encantar clientes insatisfeitos\"  data-wpil-monitor-id=\"9248\">improve your customer satisfaction<\/a> and customer loyalty index or ratings?<\/span><\/li>\n\n\n\n<li><span style=\"font-weight: 400;\">Quais s\u00e3o as oportunidades de treinamento para franquias?<\/span><\/li>\n\n\n\n<li><span style=\"font-weight: 400;\">Quais s\u00e3o as recomenda\u00e7\u00f5es dos clientes para franquias?<\/span><\/li>\n\n\n\n<li><span style=\"font-weight: 400;\">Qual \u00e9 a classifica\u00e7\u00e3o da sua franquia entre outras franquias? E concorrentes?<\/span><\/li>\n\n\n\n<li><span style=\"font-weight: 400;\">Onde est\u00e3o as oportunidades para sua franquia melhorar?<\/span><\/li>\n\n\n\n<li><span style=\"font-weight: 400;\">Qual a probabilidade de os clientes atuais indicarem sua franquia?<\/span><\/li>\n<\/ul>\n\n\n\n<p><\/p>","protected":false},"excerpt":{"rendered":"<p>A SIS \u00e9 uma empresa l\u00edder global em pesquisa de mercado e consultoria estrat\u00e9gica. Descubra maneiras de expandir seu neg\u00f3cio de franquia com insights e dados.<\/p>","protected":false},"author":1,"featured_media":63810,"parent":14514,"menu_order":55,"comment_status":"closed","ping_status":"closed","template":"","meta":{"footnotes":""},"class_list":["post-34845","page","type-page","status-publish","has-post-thumbnail"],"_links":{"self":[{"href":"https:\/\/www.sisinternational.com\/pt\/wp-json\/wp\/v2\/pages\/34845","targetHints":{"allow":["GET"]}}],"collection":[{"href":"https:\/\/www.sisinternational.com\/pt\/wp-json\/wp\/v2\/pages"}],"about":[{"href":"https:\/\/www.sisinternational.com\/pt\/wp-json\/wp\/v2\/types\/page"}],"author":[{"embeddable":true,"href":"https:\/\/www.sisinternational.com\/pt\/wp-json\/wp\/v2\/users\/1"}],"replies":[{"embeddable":true,"href":"https:\/\/www.sisinternational.com\/pt\/wp-json\/wp\/v2\/comments?post=34845"}],"version-history":[{"count":4,"href":"https:\/\/www.sisinternational.com\/pt\/wp-json\/wp\/v2\/pages\/34845\/revisions"}],"predecessor-version":[{"id":81547,"href":"https:\/\/www.sisinternational.com\/pt\/wp-json\/wp\/v2\/pages\/34845\/revisions\/81547"}],"up":[{"embeddable":true,"href":"https:\/\/www.sisinternational.com\/pt\/wp-json\/wp\/v2\/pages\/14514"}],"wp:featuredmedia":[{"embeddable":true,"href":"https:\/\/www.sisinternational.com\/pt\/wp-json\/wp\/v2\/media\/63810"}],"wp:attachment":[{"href":"https:\/\/www.sisinternational.com\/pt\/wp-json\/wp\/v2\/media?parent=34845"}],"curies":[{"name":"wp","href":"https:\/\/api.w.org\/{rel}","templated":true}]}}