{"id":34814,"date":"2020-03-15T22:36:18","date_gmt":"2020-03-15T22:36:18","guid":{"rendered":"https:\/\/www.sisinternational.com\/?page_id=34814"},"modified":"2026-01-26T18:30:44","modified_gmt":"2026-01-26T23:30:44","slug":"entrevistas-por-telefone-pesquisa-de-mercado","status":"publish","type":"page","link":"https:\/\/www.sisinternational.com\/pt\/solucoes\/solucoes-de-pesquisa-quantitativa-qualitativa\/entrevistas-por-telefone-pesquisa-de-mercado\/","title":{"rendered":"Pesquisa de mercado de entrevistas em profundidade por telefone"},"content":{"rendered":"<h1 class=\"wp-block-heading\">Pesquisa de mercado de entrevistas em profundidade por telefone<\/h1>\n\n\n\n<figure class=\"gb-block-image gb-block-image-c3baeabf\"><img loading=\"lazy\" decoding=\"async\" width=\"1456\" height=\"816\" class=\"gb-image gb-image-c3baeabf\" src=\"https:\/\/www.sisinternational.com\/wp-content\/uploads\/2025\/08\/Computer-Assisted-Telephone-Interviewing-6-2.jpg\" alt=\"Pesquisa e Estrat\u00e9gia de Mercado Internacional da SIS\" title=\"Computer Assisted Telephone Interviewing 6 (2)\" srcset=\"https:\/\/www.sisinternational.com\/wp-content\/uploads\/2025\/08\/Computer-Assisted-Telephone-Interviewing-6-2.jpg 1456w, https:\/\/www.sisinternational.com\/wp-content\/uploads\/2025\/08\/Computer-Assisted-Telephone-Interviewing-6-2-300x168.jpg 300w, https:\/\/www.sisinternational.com\/wp-content\/uploads\/2025\/08\/Computer-Assisted-Telephone-Interviewing-6-2-1024x574.jpg 1024w, https:\/\/www.sisinternational.com\/wp-content\/uploads\/2025\/08\/Computer-Assisted-Telephone-Interviewing-6-2-768x430.jpg 768w, https:\/\/www.sisinternational.com\/wp-content\/uploads\/2025\/08\/Computer-Assisted-Telephone-Interviewing-6-2-18x10.jpg 18w\" sizes=\"auto, (max-width: 1456px) 100vw, 1456px\"><\/figure>\n\n\n\n<p><\/p>\n\n\n\n<h2 class=\"wp-block-heading p3\"><span class=\"s1\">Entrevistas em profundidade por telefone ou TDIs s\u00e3o discuss\u00f5es individuais entre um moderador e um entrevistado. <\/span><\/h2>\n\n\n\n<p class=\"p3\"><span class=\"s1\">Eles seguem o padr\u00e3o exato de uma entrevista em profundidade. A \u00fanica diferen\u00e7a \u00e9 que as partes os realizam por telefone e n\u00e3o pessoalmente. Este tipo de discuss\u00e3o \u00e9 \u00fatil em pesquisas de mercado B2B e de sa\u00fade. Eles s\u00e3o especialmente \u00fateis onde os participantes s\u00e3o dif\u00edceis de alcan\u00e7ar. Tamb\u00e9m \u00e9 uma excelente ferramenta para usar quando o assunto \u00e9 complexo. <\/span><\/p>\n\n\n\n<p class=\"p3\"><span class=\"s1\">TDIs tend to allow for more time with the respondent. It\u2019s much easier to take a little time out of someone\u2019s schedule if you only ask for a phone call. It\u2019s harder to get into the logistics of a face-to-face meeting. These interviews are valuable. Why? Because they arrive at the heart of the customers\u2019 decision-making process. TDI is one of the best ways to solve the puzzle of B2B and Healthcare business decisions. They also show what the customers want.<\/span><\/p>\n\n\n\n<h2 class=\"wp-block-heading p5\"><span class=\"s1\">T\u00e9cnicas Qualitativas<\/span><\/h2>\n\n\n\n<p class=\"p6\"><span class=\"s1\">TDIs are a qualitative data collection technique. It involves honest, one-on-one engagement with individual participants. The interviewer must have the requisite experience. That\u2019s the best way for these interviews to succeed and prevent data loss. He or she should know skilled elicitation techniques. Such techniques coax information from recalcitrant participants. The interviewer can undermine the entire process if he or she does not have the experience or the skill.<\/span><\/p>\n\n\n\n<h2 class=\"wp-block-heading p5\"><span class=\"s1\">Usando software de videoconfer\u00eancia<\/span><\/h2>\n\n\n\n<p class=\"p6\"><span class=\"s1\">Many free video conferencing options, such as Skype, Zoom, and Facetime, are available. Skype is the most popular. It allows the Moderator to ask questions and the participant to respond online. The dynamics are like a face-to-face setting. Such interviews overcome the barrier of geography. The participants may also feel more comfortable meeting online. Their ideal location is their home or office.<\/span><\/p>\n\n\n\n<h2 class=\"wp-block-heading p5\"><span class=\"s1\">Transcri\u00e7\u00e3o<\/span><\/h2>\n\n\n\n<p class=\"p6\"><span class=\"s1\">Podemos gravar essas discuss\u00f5es e fazer c\u00f3pias escritas atrav\u00e9s da transcri\u00e7\u00e3o das entrevistas. Adaptamos o processo de transcri\u00e7\u00e3o para diferentes finalidades, dependendo das suas necessidades. A transcri\u00e7\u00e3o nos permite julgar a relev\u00e2ncia da entrevista. Os usu\u00e1rios agora podem digitalizar a c\u00f3pia escrita em vez de ouvir a grava\u00e7\u00e3o todas as vezes. A transcri\u00e7\u00e3o tamb\u00e9m melhora os esfor\u00e7os de otimiza\u00e7\u00e3o de mecanismos de pesquisa e aumenta o alcance do p\u00fablico.<\/span><\/p>\n\n\n\n<h2 class=\"wp-block-heading p5\"><span class=\"s1\">An\u00e1lise<\/span><\/h2>\n\n\n\n<p><\/p>\n\n\n\n<figure class=\"gb-block-image gb-block-image-ff9f6e62\"><img loading=\"lazy\" decoding=\"async\" width=\"1456\" height=\"816\" class=\"gb-image gb-image-ff9f6e62\" src=\"https:\/\/www.sisinternational.com\/wp-content\/uploads\/2025\/08\/Online-focus-group-16-1.jpg\" alt=\"Pesquisa e Estrat\u00e9gia de Mercado Internacional da SIS\" title=\"Online focus group (16)\" srcset=\"https:\/\/www.sisinternational.com\/wp-content\/uploads\/2025\/08\/Online-focus-group-16-1.jpg 1456w, https:\/\/www.sisinternational.com\/wp-content\/uploads\/2025\/08\/Online-focus-group-16-1-300x168.jpg 300w, https:\/\/www.sisinternational.com\/wp-content\/uploads\/2025\/08\/Online-focus-group-16-1-1024x574.jpg 1024w, https:\/\/www.sisinternational.com\/wp-content\/uploads\/2025\/08\/Online-focus-group-16-1-768x430.jpg 768w, https:\/\/www.sisinternational.com\/wp-content\/uploads\/2025\/08\/Online-focus-group-16-1-18x10.jpg 18w\" sizes=\"auto, (max-width: 1456px) 100vw, 1456px\"><\/figure>\n\n\n\n<p><\/p>\n\n\n\n<p class=\"p6\"><span class=\"s1\">Early forms of <a href=\"https:\/\/www.sisinternational.com\/pt\/solucoes\/pesquisa-de-mercado-de-ia-e-consultoria-estrategica\/pesquisa-de-mercado-de-ia-de-visao-computacional\/\" title=\"Pesquisa de mercado de IA de vis\u00e3o computacional\"  data-wpil-monitor-id=\"6914\">market analytics were computations<\/a> taken from a study of the strength of a company. These computations were from sales data, profitability levels for product lines, and similar measurements. They gave internal teams some direction based on the success of strategies used before. That changed with the Internet. Market analytics now refers to information obtained from all the relevant sources. We can now analyze everything collected and integrated into a customer\u2019s profile. Examples are contact information and buying history. TDIs are a part of the data-gathering process. Marketers can use the information gathered to increase the efficiency of businesses.<\/span><\/p>\n\n\n\n<h2 class=\"wp-block-heading p5\"><span class=\"s1\">Comunicando<\/span><\/h2>\n\n\n\n<p class=\"p6\"><span class=\"s1\">SIS International Research offers full analysis reporting, setting the groundwork for your business\u2019 marketing policy decisions. We base our reporting on the results of TDIs and other forms of Market Research. We also have an in-depth collection of market reports. Customers can review these reports to improve their <a href=\"https:\/\/www.sisinternational.com\/pt\/cobertura\/pesquisa-de-mercado-africa\/pesquisa-de-mercado-no-mali\/\" title=\"Pesquisa de mercado no Mali\"  data-wpil-monitor-id=\"3864\">research and marketing<\/a> strategies. Go to the Expertise tab and click on Publications to start your market research process. Our research can help to advance your company\u2019s industry knowledge.<\/span><\/p>\n\n\n\n<h2 class=\"wp-block-heading p5\"><span class=\"s1\">Modera\u00e7\u00e3o Qualitativa<\/span><\/h2>\n\n\n\n<p class=\"p6\"><span class=\"s1\">O Moderador \u00e9 a pessoa que lidera uma discuss\u00e3o em grupo. O termo tamb\u00e9m se refere ao entrevistador num TDI. \u00c9 o termo geral usado nos EUA para designar um pesquisador de mercado qualitativo. Aqui, a Modera\u00e7\u00e3o Qualitativa \u00e9 geralmente uma parte significativa do papel do pesquisador. Algumas pessoas preferem usar a palavra \u201cfacilitador\u201d para Pesquisa Qualitativa de Mercado. Implica uma posi\u00e7\u00e3o mais aberta adotada pelo pesquisador sobre os participantes.<\/span><\/p>\n\n\n\n<h2 class=\"wp-block-heading p5\"><span class=\"s1\">Principais fatores de sucesso<\/span><\/h2>\n\n\n\n<p class=\"p3\"><span class=\"s1\">Telephone Depth Interviews work best when researchers have a mix of skills. These competencies include experience, skilled elicitation techniques, and multilingual capabilities. The team at <a href=\"https:\/\/www.linkedin.com\/company\/sisinternationalresearch\" target=\"_blank\" rel=\"noopener\">A SIS International Research<\/a> has this mix, so we\u2019re in the best position to provide insight and analysis. Contact us today for more information on <a href=\"https:\/\/www.sisinternational.com\/pt\/pericia\/industrias\/entrevista-por-telefone-assistida-por-computador-pesquisa-de-mercado\/\" title=\"Pesquisa de mercado de entrevistas por telefone assistidas por computador\" data-wpil-monitor-id=\"5773\">market research using telephone-depth interviews<\/a>.<\/span><\/p>\n\n\n\n<h2 class=\"wp-block-heading\">Localiza\u00e7\u00e3o de nossas instala\u00e7\u00f5es em Nova York<\/h2>\n\n\n\n<p>\n\n\n\n<iframe loading=\"lazy\" src=\"https:\/\/www.google.com\/maps\/embed?pb=!1m18!1m12!1m3!1d3022.976188376966!2d-73.99130312499956!3d40.740549471389315!2m3!1f0!2f0!3f0!3m2!1i1024!2i768!4f13.1!3m3!1m2!1s0x89c259a15798c731%3A0xd695d09bdd495f25!2s11%20E%2022nd%20St%20FL%202%2C%20New%20York%2C%20NY%2010010%2C%20USA!5e0!3m2!1sen!2spe!4v1726171763526!5m2!1sen!2spe\" width=\"600\" height=\"450\" allowfullscreen=\"allowfullscreen\" data-mce-fragment=\"1\"><\/iframe>\n\n\n\n<\/p>\n\n\n\n<h3 class=\"wp-block-heading\">11 E 22nd Street, 2\u00ba andar, Nova York, NY 10010 T: +1(212) 505-6805<\/h3>\n\n\n\n<hr class=\"wp-block-separator has-alpha-channel-opacity\"\/>\n\n\n\n<h2 class=\"wp-block-heading\"><span style=\"font-weight: 400;\">Sobre SIS Internacional<\/span><\/h2>\n\n\n\n<p><a href=\"https:\/\/www.sisinternational.com\/pt\/\"><span style=\"font-weight: 400;\">SIS Internacional<\/span><\/a><span style=\"font-weight: 400;\"> oferece pesquisa quantitativa, qualitativa e estrat\u00e9gica. Fornecemos dados, ferramentas, estrat\u00e9gias, relat\u00f3rios e insights para a tomada de decis\u00f5es. Tamb\u00e9m realizamos entrevistas, pesquisas, grupos focais e outros m\u00e9todos e abordagens de Pesquisa de Mercado.<\/span><a href=\"https:\/\/www.sisinternational.com\/pt\/sobre-a-sis-international-research\/contact-sis-international-market-research\/\"><span style=\"font-weight: 400;\"> Entre em contato conosco<\/span><\/a><span style=\"font-weight: 400;\"> para o seu pr\u00f3ximo projeto de pesquisa de mercado.<\/span><\/p>\n\n\n\n<p><\/p>","protected":false},"excerpt":{"rendered":"<p>Realizamos pesquisas de mercado com entrevistas telef\u00f4nicas aprofundadas para fornecer insights para vantagens comerciais.<\/p>","protected":false},"author":1,"featured_media":64209,"parent":14660,"menu_order":17,"comment_status":"closed","ping_status":"closed","template":"","meta":{"footnotes":""},"class_list":["post-34814","page","type-page","status-publish","has-post-thumbnail"],"_links":{"self":[{"href":"https:\/\/www.sisinternational.com\/pt\/wp-json\/wp\/v2\/pages\/34814","targetHints":{"allow":["GET"]}}],"collection":[{"href":"https:\/\/www.sisinternational.com\/pt\/wp-json\/wp\/v2\/pages"}],"about":[{"href":"https:\/\/www.sisinternational.com\/pt\/wp-json\/wp\/v2\/types\/page"}],"author":[{"embeddable":true,"href":"https:\/\/www.sisinternational.com\/pt\/wp-json\/wp\/v2\/users\/1"}],"replies":[{"embeddable":true,"href":"https:\/\/www.sisinternational.com\/pt\/wp-json\/wp\/v2\/comments?post=34814"}],"version-history":[{"count":8,"href":"https:\/\/www.sisinternational.com\/pt\/wp-json\/wp\/v2\/pages\/34814\/revisions"}],"predecessor-version":[{"id":80484,"href":"https:\/\/www.sisinternational.com\/pt\/wp-json\/wp\/v2\/pages\/34814\/revisions\/80484"}],"up":[{"embeddable":true,"href":"https:\/\/www.sisinternational.com\/pt\/wp-json\/wp\/v2\/pages\/14660"}],"wp:featuredmedia":[{"embeddable":true,"href":"https:\/\/www.sisinternational.com\/pt\/wp-json\/wp\/v2\/media\/64209"}],"wp:attachment":[{"href":"https:\/\/www.sisinternational.com\/pt\/wp-json\/wp\/v2\/media?parent=34814"}],"curies":[{"name":"wp","href":"https:\/\/api.w.org\/{rel}","templated":true}]}}