{"id":34809,"date":"2020-03-15T22:03:10","date_gmt":"2020-03-15T22:03:10","guid":{"rendered":"https:\/\/www.sisinternational.com\/?page_id=34809"},"modified":"2026-01-26T17:13:39","modified_gmt":"2026-01-26T22:13:39","slug":"pesquisa-de-mercado-de-gestao-de-investimentos","status":"publish","type":"page","link":"https:\/\/www.sisinternational.com\/pt\/solucoes\/pesquisa-de-consultoria-em-estrategia-fintech\/pesquisa-de-mercado-de-gestao-de-investimentos\/","title":{"rendered":"Pesquisa de mercado de gest\u00e3o de investimentos"},"content":{"rendered":"<h1 class=\"wp-block-heading\">Pesquisa de mercado de gest\u00e3o de investimentos<\/h1>\n\n\n\n<figure class=\"gb-block-image gb-block-image-16543f79\"><img loading=\"lazy\" decoding=\"async\" width=\"1456\" height=\"816\" class=\"gb-image gb-image-16543f79\" src=\"https:\/\/www.sisinternational.com\/wp-content\/uploads\/2025\/09\/Forex-6.jpg\" alt=\"Pesquisa e Estrat\u00e9gia de Mercado Internacional da SIS\" title=\"Forex (6)\" srcset=\"https:\/\/www.sisinternational.com\/wp-content\/uploads\/2025\/09\/Forex-6.jpg 1456w, https:\/\/www.sisinternational.com\/wp-content\/uploads\/2025\/09\/Forex-6-300x168.jpg 300w, https:\/\/www.sisinternational.com\/wp-content\/uploads\/2025\/09\/Forex-6-1024x574.jpg 1024w, https:\/\/www.sisinternational.com\/wp-content\/uploads\/2025\/09\/Forex-6-768x430.jpg 768w, https:\/\/www.sisinternational.com\/wp-content\/uploads\/2025\/09\/Forex-6-18x10.jpg 18w\" sizes=\"auto, (max-width: 1456px) 100vw, 1456px\"><\/figure>\n\n\n\n<hr class=\"wp-block-separator has-alpha-channel-opacity is-style-dots\"\/>\n\n\n\n<p class=\"p3\"><span class=\"s1\">A gest\u00e3o de investimentos n\u00e3o se refere apenas \u00e0 compra e venda de ativos financeiros. <\/span><span class=\"s1\">Refere-se tamb\u00e9m \u00e0 movimenta\u00e7\u00e3o desses ativos e outros investimentos. A express\u00e3o refere-se mais frequentemente a um Gestor de Investimentos que supervisiona e negocia os activos de uma carteira de investimentos para atingir um objectivo espec\u00edfico. Eles tentam atingir esses objetivos em benef\u00edcio dos seus clientes, cujo dinheiro eles t\u00eam o dever de administrar.<\/span><\/p>\n\n\n\n<h2 class=\"wp-block-heading\"><strong>O que \u00e9 pesquisa de mercado de gest\u00e3o de investimentos?<\/strong><\/h2>\n\n\n\n<p><span style=\"font-weight: 400;\">The investment management market studies the mechanisms and trends of the investment world, providing valuable insights that aid in the formulation of investment strategies and decisions. It is about interpreting market signals, understanding investor sentiments, and predicting economic trends.<\/span><\/p>\n\n\n\n<p><span style=\"font-weight: 400;\">Furthermore, investment <a href=\"https:\/\/www.sisinternational.com\/pt\/pericia\/industrias\/gerente-de-beneficios-de-farmacia-pesquisa-de-mercado-pbm\/\" title=\"Pesquisa de mercado do Gerente de Benef\u00edcios Farmac\u00eauticos (PBM)\"  data-wpil-monitor-id=\"4249\">management market research<\/a> identifies emerging markets and sectors with high growth potential, narrowing down the choices and allowing investment managers to focus on areas with the most promising returns.<\/span><\/p>\n\n\n\n<h2 class=\"wp-block-heading\"><strong>Por que as empresas precisam de pesquisa de mercado de gest\u00e3o de investimentos<\/strong><\/h2>\n\n\n\n<figure class=\"gb-block-image gb-block-image-b1823321\"><img loading=\"lazy\" decoding=\"async\" width=\"1456\" height=\"816\" class=\"gb-image gb-image-b1823321\" src=\"https:\/\/www.sisinternational.com\/wp-content\/uploads\/2025\/09\/Money-1.jpg\" alt=\"Pesquisa e Estrat\u00e9gia de Mercado Internacional da SIS\" title=\"Money (1)\" srcset=\"https:\/\/www.sisinternational.com\/wp-content\/uploads\/2025\/09\/Money-1.jpg 1456w, https:\/\/www.sisinternational.com\/wp-content\/uploads\/2025\/09\/Money-1-300x168.jpg 300w, https:\/\/www.sisinternational.com\/wp-content\/uploads\/2025\/09\/Money-1-1024x574.jpg 1024w, https:\/\/www.sisinternational.com\/wp-content\/uploads\/2025\/09\/Money-1-768x430.jpg 768w, https:\/\/www.sisinternational.com\/wp-content\/uploads\/2025\/09\/Money-1-18x10.jpg 18w\" sizes=\"auto, (max-width: 1456px) 100vw, 1456px\"><\/figure>\n\n\n\n<p><\/p>\n\n\n\n<p><span style=\"font-weight: 400;\"><a href=\"https:\/\/www.sisinternational.com\/pt\/pericia\/industrias\/esg-investindo-pesquisa-de-mercado\/\" title=\"Pesquisa de mercado de investimentos ESG\"  data-wpil-monitor-id=\"4892\">Investment management market research<\/a> equips businesses with the insights to understand global investment landscape changes and their implications. This understanding is crucial for companies to stay agile and adaptive, ensuring their investment strategies are relevant and effective in the current market context.<\/span><\/p>\n\n\n\n<p><span style=\"font-weight: 400;\">Al\u00e9m disso, <a href=\"https:\/\/www.sisinternational.com\/pt\/pericia\/industrias\/diretor-de-investimentos-pesquisa-de-mercado\/\" title=\"Diretor de Investimentos Pesquisa de Mercado\"  data-wpil-monitor-id=\"5099\">pesquisa de mercado de gest\u00e3o de investimentos<\/a> helps businesses align their investment strategies with their broader corporate objectives. It provides deeper insights into market trends, competitor movements, and investment opportunities, allowing businesses to stay one step ahead.&nbsp;<\/span><\/p>\n\n\n\n<h2 class=\"wp-block-heading\"><strong>Benef\u00edcios da pesquisa de mercado de gest\u00e3o de investimentos<\/strong><\/h2>\n\n\n\n<p><span style=\"font-weight: 400;\">No entanto, <a href=\"https:\/\/www.sisinternational.com\/pt\/retorno-do-investimento-em-pesquisa-de-mercado\/\" title=\"Retorno do Investimento em Pesquisa de Mercado\"  data-wpil-monitor-id=\"5483\">pesquisa de mercado de gest\u00e3o de investimentos<\/a> offers a multitude of benefits that can significantly influence their financial strategies and outcomes, including:<\/span><\/p>\n\n\n\n<ul class=\"wp-block-list\">\n<li><b>Tomada de decis\u00e3o informada<\/b><span style=\"font-weight: 400;\">: Fornece uma base s\u00f3lida para uma tomada de decis\u00e3o informada. Com acesso a an\u00e1lises abrangentes de mercado, tend\u00eancias de investimento e previs\u00f5es, empresas e investidores podem tomar decis\u00f5es com base em dados emp\u00edricos e insights de especialistas, reduzindo os riscos associados a suposi\u00e7\u00f5es ou decis\u00f5es baseadas na intui\u00e7\u00e3o.<\/span><\/li>\n\n\n\n<li><b>Aloca\u00e7\u00e3o Estrat\u00e9gica de Ativos<\/b>: Investment <a href=\"https:\/\/www.sisinternational.com\/pt\/pericia\/industrias\/pesquisa-de-mercado-de-gestao-de-frota\/\" title=\"Pesquisa de mercado de gest\u00e3o de frota\"  data-wpil-monitor-id=\"5913\">management market research<\/a> aids in effective asset allocation by providing insights into various asset classes and their performance under different market conditions.\u00a0<\/span><\/li>\n\n\n\n<li><b>An\u00e1lise de tend\u00eancias de mercado<\/b><span style=\"font-weight: 400;\">: Esta pesquisa oferece uma an\u00e1lise aprofundada das tend\u00eancias de mercado atuais e emergentes, permitindo que empresas e investidores capitalizem novas oportunidades e fiquem \u00e0 frente das mudan\u00e7as do mercado.<\/span><\/li>\n<\/ul>\n\n\n\n<h2 class=\"wp-block-heading\"><strong>Como a pesquisa de mercado de gest\u00e3o de investimentos difere da pesquisa de mercado tradicional?<\/strong><\/h2>\n\n\n\n<figure class=\"gb-block-image gb-block-image-f060a83d\"><img loading=\"lazy\" decoding=\"async\" width=\"1456\" height=\"816\" class=\"gb-image gb-image-f060a83d\" src=\"https:\/\/www.sisinternational.com\/wp-content\/uploads\/2025\/08\/Finance-6.jpg\" alt=\"Pesquisa e Estrat\u00e9gia de Mercado Internacional da SIS\" title=\"Finance (6)\" srcset=\"https:\/\/www.sisinternational.com\/wp-content\/uploads\/2025\/08\/Finance-6.jpg 1456w, https:\/\/www.sisinternational.com\/wp-content\/uploads\/2025\/08\/Finance-6-300x168.jpg 300w, https:\/\/www.sisinternational.com\/wp-content\/uploads\/2025\/08\/Finance-6-1024x574.jpg 1024w, https:\/\/www.sisinternational.com\/wp-content\/uploads\/2025\/08\/Finance-6-768x430.jpg 768w, https:\/\/www.sisinternational.com\/wp-content\/uploads\/2025\/08\/Finance-6-18x10.jpg 18w\" sizes=\"auto, (max-width: 1456px) 100vw, 1456px\"><\/figure>\n\n\n\n<p><\/p>\n\n\n\n<p><span style=\"font-weight: 400;\">Traditional market research primarily concentrates on consumer behavior, market trends, and competitive landscapes in various industries. Investment <a href=\"https:\/\/www.sisinternational.com\/pt\/pericia\/industrias\/pesquisa-de-mercado-de-gestao-de-residuos\/\" title=\"Pesquisa de mercado de gest\u00e3o de res\u00edduos\"  data-wpil-monitor-id=\"5961\">management market research<\/a>, on the other hand, delves into financial markets, investment opportunities, economic trends, and investor behavior. Its focus is narrower yet deeper in the financial space, aimed at guiding investment decisions and strategies.<\/span><\/p>\n\n\n\n<p><span style=\"font-weight: 400;\">The methods used in investment <a href=\"https:\/\/www.sisinternational.com\/pt\/solucoes\/solucoes-de-pesquisa-quantitativa-qualitativa\/pesquisa-de-mercado-de-gerenciamento-de-instalacoes\/\" title=\"Pesquisa de mercado de gest\u00e3o de instala\u00e7\u00f5es\"  data-wpil-monitor-id=\"6448\">management market research<\/a> are more specialized and quantitative compared to traditional market research. Furthermore, the audience for investment management market research is primarily financial professionals, investors, and fund managers. In contrast, traditional market research targets a broader range of business professionals, including marketers, product managers, and executives. The utilization of investment research is more focused on guiding investment decisions, portfolio management, and risk mitigation.<\/span><\/p>\n\n\n\n<h2 class=\"wp-block-heading\"><strong>O que esperar da pesquisa de mercado de gest\u00e3o de investimentos<\/strong><\/h2>\n\n\n\n<p><span style=\"font-weight: 400;\">Ao se envolver em pesquisas de mercado de gest\u00e3o de investimentos, existem v\u00e1rios aspectos e resultados importantes que as empresas e os investidores podem esperar, incluindo:<\/span><\/p>\n\n\n\n<p><b>\u2022 An\u00e1lise Abrangente de Mercado<\/b><span style=\"font-weight: 400;\">: fornece uma an\u00e1lise aprofundada do mercado de investimento, incluindo tend\u00eancias atuais, proje\u00e7\u00f5es futuras e percep\u00e7\u00f5es espec\u00edficas do setor.<\/span><\/p>\n\n\n\n<p><b>\u2022 Avalia\u00e7\u00e3o de Riscos e Estrat\u00e9gias de Gest\u00e3o<\/b><span style=\"font-weight: 400;\">: A pesquisa de mercado de gest\u00e3o de investimentos normalmente inclui uma avalia\u00e7\u00e3o completa dos riscos associados a diferentes estrat\u00e9gias de investimento e classes de ativos.<\/span><\/p>\n\n\n\n<p><b>\u2022 Identifica\u00e7\u00e3o de oportunidades de investimento<\/b><span style=\"font-weight: 400;\">: Esta investiga\u00e7\u00e3o destaca frequentemente potenciais oportunidades de investimento, apoiadas por dados e an\u00e1lises. Estas oportunidades s\u00e3o identificadas com base nas tend\u00eancias atuais do mercado, indicadores econ\u00f3micos e proje\u00e7\u00f5es financeiras.<\/span><\/p>\n\n\n\n<p><b>\u2022 An\u00e1lise de Impacto Regulat\u00f3rio e Econ\u00f4mico<\/b><span style=\"font-weight: 400;\">: The research also covers the impact of regulatory changes and economic developments on investment strategies.&nbsp;<\/span><\/p>\n\n\n\n<p><b>\u2022 Benchmarks e m\u00e9tricas de desempenho<\/b>: Investment management <a href=\"https:\/\/www.linkedin.com\/pulse\/how-market-research-enables-growth-ruth-stanat-phekf\/\" target=\"_blank\" rel=\"noopener\">pesquisa de mercado<\/a> usually provides benchmarks and performance metrics that help in evaluating the success of investment strategies.<\/p>\n\n\n\n<h2 class=\"wp-block-heading\"><strong>Tend\u00eancias Atuais no Mercado de Gest\u00e3o de Investimentos<\/strong><\/h2>\n\n\n\n<figure class=\"gb-block-image gb-block-image-8dc9a10e\"><img loading=\"lazy\" decoding=\"async\" width=\"1456\" height=\"816\" class=\"gb-image gb-image-8dc9a10e\" src=\"https:\/\/www.sisinternational.com\/wp-content\/uploads\/2025\/08\/Finance-4.jpg\" alt=\"Pesquisa e Estrat\u00e9gia de Mercado Internacional da SIS\" title=\"Finance (4)\" srcset=\"https:\/\/www.sisinternational.com\/wp-content\/uploads\/2025\/08\/Finance-4.jpg 1456w, https:\/\/www.sisinternational.com\/wp-content\/uploads\/2025\/08\/Finance-4-300x168.jpg 300w, https:\/\/www.sisinternational.com\/wp-content\/uploads\/2025\/08\/Finance-4-1024x574.jpg 1024w, https:\/\/www.sisinternational.com\/wp-content\/uploads\/2025\/08\/Finance-4-768x430.jpg 768w, https:\/\/www.sisinternational.com\/wp-content\/uploads\/2025\/08\/Finance-4-18x10.jpg 18w\" sizes=\"auto, (max-width: 1456px) 100vw, 1456px\"><\/figure>\n\n\n\n<p><\/p>\n\n\n\n<p><b>\u2022 Maior foco na sustentabilidade e nos investimentos ESG<\/b><span style=\"font-weight: 400;\">: Uma das tend\u00eancias proeminentes \u00e9 a crescente \u00eanfase nos factores ambientais, sociais e de governa\u00e7\u00e3o (ESG) nas decis\u00f5es de investimento. Os investidores est\u00e3o cada vez mais a considerar a sustentabilidade e o impacto \u00e9tico dos seus investimentos, levando a um aumento de fundos e estrat\u00e9gias centrados em ESG.<\/span><\/p>\n\n\n\n<p><b>\u2022 Avan\u00e7os Tecnol\u00f3gicos e Digitaliza\u00e7\u00e3o<\/b><span style=\"font-weight: 400;\">: A ind\u00fastria de gest\u00e3o de investimentos est\u00e1 testemunhando uma r\u00e1pida digitaliza\u00e7\u00e3o, com tecnologias como IA, aprendizado de m\u00e1quina e blockchain transformando a forma como os investimentos s\u00e3o gerenciados e as decis\u00f5es s\u00e3o tomadas.<\/span><\/p>\n\n\n\n<p><b>\u2022 Personaliza\u00e7\u00e3o e Customiza\u00e7\u00e3o em Produtos de Investimento<\/b><span style=\"font-weight: 400;\">: A customiza\u00e7\u00e3o e a personaliza\u00e7\u00e3o est\u00e3o se tornando fundamentais na gest\u00e3o de investimentos, com os investidores procurando solu\u00e7\u00f5es personalizadas que se alinhem com seus objetivos espec\u00edficos e toler\u00e2ncia ao risco.<\/span><\/p>\n\n\n\n<p><b>\u2022 Aumento de investimentos alternativos<\/b><span style=\"font-weight: 400;\">: There is a growing interest in alternative investments like private equity, real estate, and hedge funds.&nbsp;<\/span><\/p>\n\n\n\n<h2 class=\"wp-block-heading\"><strong>Tecnologias e ferramentas em pesquisa de mercado de gest\u00e3o de investimentos<\/strong><\/h2>\n\n\n\n<p><span style=\"font-weight: 400;\">The adoption of advanced technologies and tools in <a href=\"https:\/\/www.sisinternational.com\/pt\/pericia\/industrias\/tecnologia-medica-pesquisa-de-mercado-de-tecnologia-medica\/\" title=\"Pesquisa de mercado de tecnologia m\u00e9dica (Med Tech)\" data-wpil-monitor-id=\"4217\">pesquisa de mercado de gest\u00e3o de investimentos<\/a> has been transformative. These innovations enhance the accuracy and depth of research, streamlining the entire process. Here&#8217;s an overview of some key technologies and tools currently shaping <a href=\"https:\/\/www.sisinternational.com\/pt\/cobertura\/pesquisa-de-mercado-africa\/pesquisa-de-mercado-na-mauritania-africa\/\" title=\"Pesquisa de Mercado na Maurit\u00e2nia, \u00c1frica \u2013 uma Vis\u00e3o Geral\" data-wpil-monitor-id=\"5287\">pesquisa de mercado de gest\u00e3o de investimentos<\/a> today:<\/span><\/p>\n\n\n\n<p><b>\u2022 Intelig\u00eancia Artificial e Aprendizado de M\u00e1quina<\/b><span style=\"font-weight: 400;\">: These technologies enable the analysis of massive datasets, uncovering patterns and insights that would be impossible to detect manually. AI algorithms can predict market trends, identify investment opportunities \u2013 and even automate certain investment decisions.<\/span><\/p>\n\n\n\n<p><b>\u2022 Tecnologia Blockchain<\/b><span style=\"font-weight: 400;\">: Blockchain is increasingly being used in investment management for its security and transparency features. It offers a decentralized ledger system, which is particularly useful in verifying transactions and maintaining immutable records, reducing the risk of fraud and errors.<\/span><\/p>\n\n\n\n<p><b>\u2022 Robo-conselheiros<\/b><span style=\"font-weight: 400;\">: Robo-consultores analisam perfis de investidores e sugerem estrat\u00e9gias de investimento e solu\u00e7\u00f5es de gest\u00e3o de portf\u00f3lio, tornando a consultoria de investimento mais acess\u00edvel e econ\u00f4mica.<\/span><\/p>\n\n\n\n<p><b>\u2022 Bancos de dados e plataformas financeiras<\/b><span style=\"font-weight: 400;\">: Bloomberg Terminal, Eikon e outras plataformas de dados financeiros s\u00e3o indispens\u00e1veis na pesquisa de investimentos. Eles fornecem acesso em tempo real a dados de mercado, not\u00edcias, demonstra\u00e7\u00f5es financeiras e ferramentas anal\u00edticas, todos cruciais para uma an\u00e1lise abrangente do mercado.<\/span><\/p>\n\n\n\n<h2 class=\"wp-block-heading\"><strong>Oportunidades em pesquisa de mercado de gest\u00e3o de investimentos para empresas<\/strong><\/h2>\n\n\n\n<figure class=\"wp-block-image\"><img decoding=\"async\" src=\"https:\/\/www.sisinternational.com\/wp-content\/uploads\/2025\/01\/Financial-services-1.jpeg\" alt=\"Pesquisa e Estrat\u00e9gia de Mercado Internacional da SIS\" class=\"wp-image-55770\"><\/figure>\n\n\n\n<p><\/p>\n\n\n\n<p><b>\u2022 Acesso a insights de investimento global<\/b><span style=\"font-weight: 400;\">: Investment management market research provides access to global market insights. This international perspective is invaluable for businesses looking to expand internationally or diversify their investment portfolios across different regions.<\/span><\/p>\n\n\n\n<p><b>\u2022 Identifica\u00e7\u00e3o de Mercados e Setores Emergentes<\/b><span style=\"font-weight: 400;\">: Through comprehensive market research, businesses can identify and capitalize on emerging markets and sectors.&nbsp;<\/span><\/p>\n\n\n\n<p><b>\u2022 Estrat\u00e9gias de Investimento Personalizadas<\/b>: Businesses can leverage <a href=\"https:\/\/www.sisinternational.com\/pt\/a-crise-global-de-talentos-um-white-paper-de-ruth-stanat\/\" title=\"Pesquisa de mercado de gest\u00e3o de talentos\" data-wpil-monitor-id=\"2199\">market research to develop customized investment strategies<\/a> that align with their specific goals and risk appetite. Personalized strategies are more likely to yield successful outcomes, as they take into account the unique aspects of each business.<\/span><\/p>\n\n\n\n<p><b>\u2022 Adaptabilidade \u00e0s mudan\u00e7as do mercado<\/b><span style=\"font-weight: 400;\">: Investment management market research keeps businesses informed about market trends and economic shifts, enabling them to adapt their investment strategies accordingly.&nbsp;<\/span><\/p>\n\n\n\n<p><b>\u2022 Capacidades aprimoradas de tomada de decis\u00e3o<\/b>: With access to detailed market analysis and forecasts, businesses can enhance their decision-making capabilities.&nbsp;<\/p>\n\n\n\n<h2 class=\"wp-block-heading\">Termos comuns em <strong>Pesquisa de mercado de gest\u00e3o de investimentos<\/strong><\/h2>\n\n\n\n<h2 class=\"wp-block-heading p4\"><span class=\"s1\">Ativos<\/span><\/h2>\n\n\n\n<p class=\"p3\"><span class=\"s1\">An Asset Manager is a financial services provider. Asset Managers are usually individuals or investment banks. Their job is to oversee all or part of a client\u2019s portfolio. The asset manager\u2019s job entails defining what investments to make or avoid. Their primary focus is to grow a client\u2019s portfolio. They do rigorous <a href=\"https:\/\/www.sisinternational.com\/pt\/cobertura\/pesquisa-de-mercado-africa\/pesquisa-de-mercado-no-mali\/\" title=\"Pesquisa de mercado no Mali\" data-wpil-monitor-id=\"3867\">research to analyze market<\/a> trends to meet the goal of their job.<\/span><\/p>\n\n\n\n<h2 class=\"wp-block-heading p4\"><span class=\"s1\">Banco privado<\/span><\/h2>\n\n\n\n<p class=\"p3\"><span class=\"s1\">Private Banking involves institutions that deliver financial management services. Most of their clients are individuals with high net worth. These institutions offer investment-related help. They aim to tackle every client&#8217;s full financial condition. Consumer banks of every size now have Private Banking divisions. Private Banking clients don\u2019t even have to wait in line or use a teller for services. They get concierge-like service and enviable rates. They also have direct access to the employees working their accounts.<\/span><\/p>\n\n\n\n<h2 class=\"wp-block-heading p4\"><span class=\"s1\">Mercado sem atrito<\/span><\/h2>\n\n\n\n<p class=\"p3\"><span class=\"s1\">A frictionless market is a hypothetical trading setting. There, all limitations and costs related to transactions are non-existent. Investment managers use frictionless <a href=\"https:\/\/www.sisinternational.com\/pt\/pericia\/industrias\/pesquisa-de-mercado-ecologia\/\" title=\"Pesquisa de mercado em ecologia\" data-wpil-monitor-id=\"3883\">markets to support their research<\/a> and trading concepts. They must view both frictionless and friction analysis. It\u2019s the only way to get a correct understanding of an asset\u2019s return. The rise of new trading programs through FinTech is widening the range of activity, and helping to move toward almost frictionless markets.<\/span><\/p>\n\n\n\n<h2 class=\"wp-block-heading p4\"><span class=\"s1\">Foco no cliente<\/span><\/h2>\n\n\n\n<p class=\"p3\"><span class=\"s1\">Centricidade no Cliente significa desenvolver e executar o que os clientes valorizam. Os clientes muitas vezes trocam de provedores de gest\u00e3o de patrim\u00f4nio em busca de uma experi\u00eancia melhor. Isso for\u00e7a as empresas a mudar de marcha. Eles agora precisam priorizar as necessidades do cliente. Centricidade no Cliente tamb\u00e9m significa dar prioridade ao produto ou servi\u00e7o certo. Esse produto ou servi\u00e7o deve funcionar da maneira certa desde o in\u00edcio e sempre para clientes exigentes.<\/span><\/p>\n\n\n\n<h2 class=\"wp-block-heading p4\"><span class=\"s1\">Consultores FinTech e Robo<\/span><\/h2>\n\n\n\n<p class=\"p3\"><span class=\"s1\">FinTech is the meeting of finance and technology, and it is transforming the landscape of investment management. Artificial Intelligence is one of the new developments. Other FinTech disruptors are Machine Learning and Big Data. FinTech uses them to assess investment prospects, mitigate risks, and enhance portfolios. It involves the use of Robo-advisors or automated wealth advisors. FinTech also includes blockchain and distributed ledger technology.&nbsp;<\/span><\/p>\n\n\n\n<h2 class=\"wp-block-heading p4\"><span class=\"s1\">Corretores<\/span><\/h2>\n\n\n\n<p class=\"p3\"><span class=\"s1\">Before the advent of online trading, accessing a broker used to be a luxury reserved for the rich. Individual investors no longer need a broker to trade on the stock market. Many online services even offer commission-free trading. As a result, the broker&#8217;s job has changed. Although they still execute orders, many have expanded their services. They now offer personalized investment management to justify charging high commissions.<\/span><\/p>\n\n\n\n<h2 class=\"wp-block-heading p4\"><span class=\"s1\">Investidores institucionais<\/span><\/h2>\n\n\n\n<p class=\"p3\"><span class=\"s1\">Institutional Investors are trusts, corporations, or other legal entities that invest in financial markets on behalf of groups or individuals. These institutions include pension plans, endowments, sovereign wealth funds, banks, foundations, and insurance companies, and they can invest funds for current and future generations.&nbsp;<\/span><\/p>\n\n\n\n<h2 class=\"wp-block-heading p4\"><span class=\"s1\">Como a SIS International Research ajuda os gestores de investimentos<\/span><\/h2>\n\n\n\n<p class=\"p5\"><span class=\"s1\">Podemos ajudar as empresas de gest\u00e3o de investimentos a otimizar os seus ativos sob gest\u00e3o. Nossos analistas de pesquisa de alto n\u00edvel tamb\u00e9m podem ajudar na diversifica\u00e7\u00e3o de portf\u00f3lios. Oferecemos uma ampla gama de op\u00e7\u00f5es de pesquisa de mercado qualitativa e quantitativa. Contate-nos agora para discutir como podemos ajudar seu neg\u00f3cio de gest\u00e3o de investimentos.<\/span><\/p>\n\n\n\n<h2 class=\"wp-block-heading\">Localiza\u00e7\u00e3o de nossas instala\u00e7\u00f5es em Nova York<\/h2>\n\n\n\n<p>  <iframe loading=\"lazy\" src=\"https:\/\/www.google.com\/maps\/embed?pb=!1m18!1m12!1m3!1d3022.976188376966!2d-73.99130312499956!3d40.740549471389315!2m3!1f0!2f0!3f0!3m2!1i1024!2i768!4f13.1!3m3!1m2!1s0x89c259a15798c731%3A0xd695d09bdd495f25!2s11%20E%2022nd%20St%20FL%202%2C%20New%20York%2C%20NY%2010010%2C%20USA!5e0!3m2!1sen!2spe!4v1726171763526!5m2!1sen!2spe\" width=\"600\" height=\"450\" allowfullscreen=\"allowfullscreen\" data-mce-fragment=\"1\"><\/iframe>  <\/p>\n\n\n\n<h3 class=\"wp-block-heading\">11 E 22nd Street, 2\u00ba andar, Nova York, NY 10010 T: +1(212) 505-6805<\/h3>\n\n\n\n<hr class=\"wp-block-separator has-alpha-channel-opacity\"\/>\n\n\n\n<h2 class=\"wp-block-heading\"><strong>Sobre SIS Internacional<\/strong><\/h2>\n\n\n\n<p><a href=\"https:\/\/www.sisinternational.com\/pt\/\"><span style=\"font-weight: 400;\">SIS Internacional<\/span><\/a><span style=\"font-weight: 400;\"> oferece pesquisa quantitativa, qualitativa e estrat\u00e9gica. Fornecemos dados, ferramentas, estrat\u00e9gias, relat\u00f3rios e insights para a tomada de decis\u00f5es. Tamb\u00e9m realizamos entrevistas, pesquisas, grupos focais e outros m\u00e9todos e abordagens de Pesquisa de Mercado.<\/span><a href=\"https:\/\/www.sisinternational.com\/pt\/sobre-a-sis-international-research\/contact-sis-international-market-research\/\"><span style=\"font-weight: 400;\"> Entre em contato conosco<\/span><\/a><span style=\"font-weight: 400;\"> para o seu pr\u00f3ximo projeto de pesquisa de mercado.<\/span><\/p>\n\n\n\n<p><span style=\"font-weight: 400;\">&nbsp;<\/span><\/p>\n\n\n\n<p><\/p>\n\n\n\n<p><\/p>","protected":false},"excerpt":{"rendered":"<p>A SIS FinTech Strategy Consulting fornece pesquisas de mercado de gest\u00e3o de investimentos. Descubra novas maneiras de aumentar os lucros e obter vantagens.<\/p>","protected":false},"author":1,"featured_media":68135,"parent":27462,"menu_order":35,"comment_status":"closed","ping_status":"closed","template":"","meta":{"footnotes":""},"class_list":["post-34809","page","type-page","status-publish","has-post-thumbnail"],"_links":{"self":[{"href":"https:\/\/www.sisinternational.com\/pt\/wp-json\/wp\/v2\/pages\/34809","targetHints":{"allow":["GET"]}}],"collection":[{"href":"https:\/\/www.sisinternational.com\/pt\/wp-json\/wp\/v2\/pages"}],"about":[{"href":"https:\/\/www.sisinternational.com\/pt\/wp-json\/wp\/v2\/types\/page"}],"author":[{"embeddable":true,"href":"https:\/\/www.sisinternational.com\/pt\/wp-json\/wp\/v2\/users\/1"}],"replies":[{"embeddable":true,"href":"https:\/\/www.sisinternational.com\/pt\/wp-json\/wp\/v2\/comments?post=34809"}],"version-history":[{"count":17,"href":"https:\/\/www.sisinternational.com\/pt\/wp-json\/wp\/v2\/pages\/34809\/revisions"}],"predecessor-version":[{"id":80031,"href":"https:\/\/www.sisinternational.com\/pt\/wp-json\/wp\/v2\/pages\/34809\/revisions\/80031"}],"up":[{"embeddable":true,"href":"https:\/\/www.sisinternational.com\/pt\/wp-json\/wp\/v2\/pages\/27462"}],"wp:featuredmedia":[{"embeddable":true,"href":"https:\/\/www.sisinternational.com\/pt\/wp-json\/wp\/v2\/media\/68135"}],"wp:attachment":[{"href":"https:\/\/www.sisinternational.com\/pt\/wp-json\/wp\/v2\/media?parent=34809"}],"curies":[{"name":"wp","href":"https:\/\/api.w.org\/{rel}","templated":true}]}}