{"id":34686,"date":"2020-02-29T04:57:31","date_gmt":"2020-02-29T04:57:31","guid":{"rendered":"https:\/\/www.sisinternational.com\/?page_id=34686"},"modified":"2026-01-25T19:37:11","modified_gmt":"2026-01-26T00:37:11","slug":"pesquisa-de-mercado-financeiro-da-cadeia-de-suprimentos","status":"publish","type":"page","link":"https:\/\/www.sisinternational.com\/pt\/solucoes\/pesquisa-de-consultoria-em-estrategia-fintech\/pesquisa-de-mercado-financeiro-da-cadeia-de-suprimentos\/","title":{"rendered":"Pesquisa de mercado financeiro da cadeia de suprimentos"},"content":{"rendered":"<h1 class=\"wp-block-heading\">Pesquisa de mercado financeiro da cadeia de suprimentos<\/h1>\n\n\n\n<figure class=\"gb-block-image gb-block-image-737a1663\"><img loading=\"lazy\" decoding=\"async\" width=\"1456\" height=\"816\" class=\"gb-image gb-image-737a1663\" src=\"https:\/\/www.sisinternational.com\/wp-content\/uploads\/2025\/08\/Finance-9.jpg\" alt=\"Pesquisa e Estrat\u00e9gia de Mercado Internacional da SIS\" title=\"Finance (9)\" srcset=\"https:\/\/www.sisinternational.com\/wp-content\/uploads\/2025\/08\/Finance-9.jpg 1456w, https:\/\/www.sisinternational.com\/wp-content\/uploads\/2025\/08\/Finance-9-300x168.jpg 300w, https:\/\/www.sisinternational.com\/wp-content\/uploads\/2025\/08\/Finance-9-1024x574.jpg 1024w, https:\/\/www.sisinternational.com\/wp-content\/uploads\/2025\/08\/Finance-9-768x430.jpg 768w, https:\/\/www.sisinternational.com\/wp-content\/uploads\/2025\/08\/Finance-9-18x10.jpg 18w\" sizes=\"auto, (max-width: 1456px) 100vw, 1456px\"><\/figure>\n\n\n\n<p><\/p>\n\n\n\n<hr class=\"wp-block-separator has-alpha-channel-opacity is-style-dots\"\/>\n\n\n\n<p><span style=\"font-weight: 400;\">In today&#8217;s interconnected world, with supply chains stretching across continents and encompassing a multitude of stakeholders, the need for robust financial strategies is more pronounced. Consequently, supply chain finance market research emerges as a critical tool for understanding the mechanisms, opportunities, and challenges inherent in optimizing the financial aspects of the supply chain.<\/span><\/p>\n\n\n\n<h2 class=\"wp-block-heading\"><strong>Compreendendo a pesquisa de mercado financeiro da cadeia de suprimentos<\/strong><\/h2>\n\n\n\n<p><span style=\"font-weight: 400;\">Supply chain <a href=\"https:\/\/sisaisolutions.com\/application-of-ai-in-financial-services\/\" target=\"_blank\" rel=\"noopener\">finance market research analyzes<\/a> data related to the financial aspects of supply chains, from suppliers&#8217; creditworthiness to payment mechanisms&#8217; efficiency. It offers businesses valuable insights into enhancing their working capital and strengthening their supply chain operations.<\/span><\/p>\n\n\n\n<p><span style=\"font-weight: 400;\">At its core, supply chain <a href=\"https:\/\/www.sisinternational.com\/pt\/solucoes\/pesquisa-de-consultoria-em-estrategia-fintech\/pesquisa-de-mercado-de-consultor-financeiro-independente\/\" title=\"Pesquisa de mercado de consultor financeiro independente\" data-wpil-monitor-id=\"6031\">finance market research<\/a> seeks to understand the financial relationships and dependencies between the different entities in a supply chain. It examines how funds flow between suppliers, manufacturers, distributors, and retailers, identifying areas where financial processes can be optimized to benefit all parties involved.&nbsp;<\/span><\/p>\n\n\n\n<h2 class=\"wp-block-heading\"><strong>Import\u00e2ncia da pesquisa de mercado financeiro da cadeia de suprimentos<\/strong><\/h2>\n\n\n\n<p><span style=\"font-weight: 400;\"><a href=\"https:\/\/www.sisinternational.com\/pt\/solucoes\/consultoria-estrategica\/pesquisa-de-mercado-da-cadeia-de-suprimentos\/\" title=\"Pesquisa de mercado da cadeia de suprimentos\" data-wpil-monitor-id=\"6541\">Supply chain finance market research<\/a> empowers companies to mitigate risks associated with supplier insolvency or liquidity constraints. It protects the company&#8217;s interests and ensures the resilience of the entire supply chain.<\/span><\/p>\n\n\n\n<p><span style=\"font-weight: 400;\">Moreover, supply chain finance market research identifies cost-saving opportunities. Businesses can optimize their working capital management by analyzing payment terms, financing options, and cash flow strategies. <\/span><span style=\"font-weight: 400;\">Al\u00e9m da gest\u00e3o de riscos e da redu\u00e7\u00e3o de custos, a pesquisa de mercado financeiro da cadeia de abastecimento promove a inova\u00e7\u00e3o nas opera\u00e7\u00f5es financeiras. \u00c0 medida que surgem novas tecnologias e instrumentos financeiros, a investiga\u00e7\u00e3o ajuda as empresas a adaptarem-se e a adotarem estes avan\u00e7os, mantendo-se competitivas num mercado em constante mudan\u00e7a.<\/span><\/p>\n\n\n\n<h2 class=\"wp-block-heading\"><strong>Quais s\u00e3o os benef\u00edcios da pesquisa de mercado financeiro da cadeia de suprimentos?<\/strong><\/h2>\n\n\n\n<figure class=\"gb-block-image gb-block-image-17eefa34\"><img loading=\"lazy\" decoding=\"async\" width=\"1456\" height=\"816\" class=\"gb-image gb-image-17eefa34\" src=\"https:\/\/www.sisinternational.com\/wp-content\/uploads\/2025\/08\/Finance-13.jpg\" alt=\"Pesquisa e Estrat\u00e9gia de Mercado Internacional da SIS\" title=\"Finance (13)\" srcset=\"https:\/\/www.sisinternational.com\/wp-content\/uploads\/2025\/08\/Finance-13.jpg 1456w, https:\/\/www.sisinternational.com\/wp-content\/uploads\/2025\/08\/Finance-13-300x168.jpg 300w, https:\/\/www.sisinternational.com\/wp-content\/uploads\/2025\/08\/Finance-13-1024x574.jpg 1024w, https:\/\/www.sisinternational.com\/wp-content\/uploads\/2025\/08\/Finance-13-768x430.jpg 768w, https:\/\/www.sisinternational.com\/wp-content\/uploads\/2025\/08\/Finance-13-18x10.jpg 18w\" sizes=\"auto, (max-width: 1456px) 100vw, 1456px\"><\/figure>\n\n\n\n<p><\/p>\n\n\n\n<p><span style=\"font-weight: 400;\">Businesses that invest time and resources into this type of research can expect various advantages that improve their financial standing and enhance their strategic positioning.<\/span><\/p>\n\n\n\n<p><b> \u2022 Melhor tomada de decis\u00e3o: <\/b><span style=\"font-weight: 400;\">Supply chain finance market research equips decision-makers with data-driven insights, enabling them to craft strategies aligning with financial and operational goals.&nbsp;<\/span><\/p>\n\n\n\n<p><b> \u2022 Aumento da efici\u00eancia operacional: <\/b><span style=\"font-weight: 400;\">A pesquisa fornece insights sobre as pr\u00e1ticas e ferramentas financeiras mais eficientes, ajudando as empresas a simplificar processos como faturamento, pagamentos e gerenciamento de fluxo de caixa.<\/span><\/p>\n\n\n\n<p><b> \u2022 Mitiga\u00e7\u00e3o de riscos: <\/b><span style=\"font-weight: 400;\">Companies can proactively protect themselves against credit risk, currency fluctuations, and market volatility, thereby securing their supply chains against unforeseen events.<\/span><\/p>\n\n\n\n<p><b> \u2022 Relacionamentos Estrat\u00e9gicos com Fornecedores: <\/b>Supply chain finance <a href=\"https:\/\/www.sisinternational.com\/pt\/pericia\/industrias\/pesquisa-de-mercado-de-diversidade-de-fornecedores\/\" title=\"Pesquisa de mercado de diversidade de fornecedores\" data-wpil-monitor-id=\"5811\">market research helps businesses understand their suppliers<\/a>&#8216; financial stability and performance. With this knowledge, companies can develop mutually beneficial financing arrangements such as dynamic discounting or reverse factoring, which can strengthen supplier relationships and ensure continuity of supply.<\/span><\/p>\n\n\n\n<p><b> \u2022 Vantagem competitiva: <\/b>Companies that leverage <a href=\"https:\/\/www.sisinternational.com\/pt\/white-paper-que-vem-primeiro-demanda-ou-oferta\/\" title=\"White Paper: O que vem primeiro: demanda ou oferta?\" data-wpil-monitor-id=\"4787\">supply chain finance<\/a> effectively can respond more quickly to market demands, invest in growth opportunities, and ultimately deliver greater value to their customers.<\/span><\/p>\n\n\n\n<h2 class=\"wp-block-heading\"><strong>Quem usa a pesquisa de mercado financeiro da cadeia de suprimentos<\/strong><\/h2>\n\n\n\n<p><span style=\"font-weight: 400;\">Principalmente, <\/span><b>Diretores Financeiros (CFOs)<\/b><span style=\"font-weight: 400;\"> e <\/span><b>departamentos do tesouro<\/b><span style=\"font-weight: 400;\"> utilizar pesquisas de mercado financeiro da cadeia de suprimentos para garantir liquidez e gerenciar o capital de giro de maneira mais eficaz. Os insights desta pesquisa permitem que eles criem estrat\u00e9gias diferenciadas que equilibrem risco e recompensa no \u00e2mbito financeiro da cadeia de suprimentos.<\/span><\/p>\n\n\n\n<p><span style=\"font-weight: 400;\">Para <\/span><b>unidades de vendas e desenvolvimento de neg\u00f3cios<\/b><span style=\"font-weight: 400;\">, supply chain finance market research provides intelligence supporting customer payment terms negotiation.&nbsp;<\/span><\/p>\n\n\n\n<p><b>Fabricantes e distribuidores<\/b><span style=\"font-weight: 400;\"> use <a href=\"https:\/\/www.sisinternational.com\/pt\/solucoes\/pesquisa-de-mercado-industrial-2\/\" title=\"Pesquisa de mercado de manufatura\" data-wpil-monitor-id=\"5520\">pesquisa de mercado financeiro da cadeia de suprimentos<\/a> to identify opportunities for improving cash-to-cash cycle times. By doing so, they can free up cash trapped in the supply chain, enabling reinvestment in growth initiatives or new product development.<\/span><\/p>\n\n\n\n<p><b>Institui\u00e7\u00f5es financeiras e empresas fintech<\/b><span style=\"font-weight: 400;\"> are also key supply chain finance market research users. They leverage the insights to design tailored financial products that address the specific needs of businesses seeking to enhance their supply chain operations.<\/span><\/p>\n\n\n\n<p><span style=\"font-weight: 400;\">Por \u00faltimo, <a href=\"https:\/\/www.sisinternational.com\/pt\/solucoes\/pesquisa-de-mercado-de-ia-e-consultoria-estrategica\/consultoria-de-automacao-de-ia-da-cadeia-de-suprimentos\/\" title=\"Consultoria em automa\u00e7\u00e3o de IA para cadeia de suprimentos\" data-wpil-monitor-id=\"4410\">consultants and advisory firms integrate supply chain<\/a> finance market research into their services, providing clients with strategic advice on managing and improving their financial supply chain processes.<\/span><\/p>\n\n\n\n<h2 class=\"wp-block-heading\"><strong>Quando conduzir pesquisas de mercado financeiro da cadeia de suprimentos<\/strong><\/h2>\n\n\n\n<figure class=\"gb-block-image gb-block-image-50c3d896\"><img loading=\"lazy\" decoding=\"async\" width=\"1456\" height=\"816\" class=\"gb-image gb-image-50c3d896\" src=\"https:\/\/www.sisinternational.com\/wp-content\/uploads\/2025\/08\/Finance-18.jpg\" alt=\"Pesquisa e Estrat\u00e9gia de Mercado Internacional da SIS\" title=\"Finance (18)\" srcset=\"https:\/\/www.sisinternational.com\/wp-content\/uploads\/2025\/08\/Finance-18.jpg 1456w, https:\/\/www.sisinternational.com\/wp-content\/uploads\/2025\/08\/Finance-18-300x168.jpg 300w, https:\/\/www.sisinternational.com\/wp-content\/uploads\/2025\/08\/Finance-18-1024x574.jpg 1024w, https:\/\/www.sisinternational.com\/wp-content\/uploads\/2025\/08\/Finance-18-768x430.jpg 768w, https:\/\/www.sisinternational.com\/wp-content\/uploads\/2025\/08\/Finance-18-18x10.jpg 18w\" sizes=\"auto, (max-width: 1456px) 100vw, 1456px\"><\/figure>\n\n\n\n<p><\/p>\n\n\n\n<p><span style=\"font-weight: 400;\">Antes de nos aprofundarmos nos casos espec\u00edficos que necessitam de investiga\u00e7\u00e3o do mercado financeiro da cadeia de abastecimento, \u00e9 crucial reconhecer que tal investiga\u00e7\u00e3o n\u00e3o \u00e9 um projecto \u00fanico. Em vez disso, \u00e9 um processo cont\u00ednuo que apoia a tomada de decis\u00f5es estrat\u00e9gicas e a gest\u00e3o de riscos cont\u00ednuas.<\/span><\/p>\n\n\n\n<p><b>Durante o Planejamento Estrat\u00e9gico<\/b><\/p>\n\n\n\n<p><span style=\"font-weight: 400;\">When companies embark on strategic planning, supply chain finance market research provides the financial insights needed to support long-term goals.&nbsp;<\/span><\/p>\n\n\n\n<p><b>Em resposta \u00e0s mudan\u00e7as do mercado<\/b><\/p>\n\n\n\n<p><span style=\"font-weight: 400;\">A din\u00e2mica do mercado (tais como flutua\u00e7\u00f5es nos pre\u00e7os das mat\u00e9rias-primas, taxas de c\u00e2mbio ou taxas de juro) pode ter um impacto significativo nos custos e riscos associados ao financiamento da cadeia de abastecimento. A realiza\u00e7\u00e3o de pesquisas de mercado na sequ\u00eancia de tais mudan\u00e7as pode ajudar as empresas a adaptar as suas estrat\u00e9gias de financiamento em conformidade.<\/span><\/p>\n\n\n\n<p><b>Seguindo mudan\u00e7as regulat\u00f3rias<\/b><\/p>\n\n\n\n<p><span style=\"font-weight: 400;\">Regulatory changes can profoundly affect supply chain finance. Businesses must undertake market research to comprehend new compliance requirements and adjust their financial strategies to maintain legal and competitive standing.<\/span><\/p>\n\n\n\n<p><b>Em meio aos avan\u00e7os tecnol\u00f3gicos<\/b><\/p>\n\n\n\n<p><span style=\"font-weight: 400;\">As new technologies emerge, they change how supply chain finance can be managed. Research into these advancements enables companies to stay at the forefront of innovation and incorporate these technologies into their financial operations.<\/span><\/p>\n\n\n\n<h2 class=\"wp-block-heading\"><strong>O que esperar da pesquisa de mercado financeiro da cadeia de suprimentos<\/strong><\/h2>\n\n\n\n<p><span style=\"font-weight: 400;\">When undertaking supply chain finance market research, businesses can anticipate various outcomes and deliverables that will aid in enhancing their supply chain strategies. Here&#8217;s what to expect:<\/span><\/p>\n\n\n\n<p><b> \u2022 An\u00e1lise detalhada da ind\u00fastria: <\/b><span style=\"font-weight: 400;\">Supply chain finance market research provides a comprehensive analysis of the industry, including current trends, challenges, and opportunities within supply chain finance.&nbsp;<\/span><\/p>\n\n\n\n<p><b> \u2022 Benchmarking Financeiro: <\/b><span style=\"font-weight: 400;\">The research offers benchmarking data against which companies can measure their performance. T<\/span><\/p>\n\n\n\n<p><b> \u2022 Informa\u00e7\u00f5es sobre conformidade regulat\u00f3ria: <\/b><span style=\"font-weight: 400;\">Supply chain finance market research informs businesses about current and upcoming regulatory changes that could affect their operations.&nbsp;<\/span><\/p>\n\n\n\n<p><b> \u2022 Financiamento de Solu\u00e7\u00f5es e Inova\u00e7\u00f5es: <\/b><span style=\"font-weight: 400;\">Research can uncover new and innovative financing solutions that may benefit the company.&nbsp;<\/span><\/p>\n\n\n\n<h2 class=\"wp-block-heading p3\"><span class=\"s1\">Blockchain, Machine Learning e IA tamb\u00e9m revolucionaram o mercado global da cadeia de suprimentos.<\/span><\/h2>\n\n\n\n<figure class=\"gb-block-image gb-block-image-bdf52c29\"><img loading=\"lazy\" decoding=\"async\" width=\"1456\" height=\"816\" class=\"gb-image gb-image-bdf52c29\" src=\"https:\/\/www.sisinternational.com\/wp-content\/uploads\/2025\/08\/Fintech-14.jpg\" alt=\"Pesquisa e Estrat\u00e9gia de Mercado Internacional da SIS\" title=\"Fintech (14)\" srcset=\"https:\/\/www.sisinternational.com\/wp-content\/uploads\/2025\/08\/Fintech-14.jpg 1456w, https:\/\/www.sisinternational.com\/wp-content\/uploads\/2025\/08\/Fintech-14-300x168.jpg 300w, https:\/\/www.sisinternational.com\/wp-content\/uploads\/2025\/08\/Fintech-14-1024x574.jpg 1024w, https:\/\/www.sisinternational.com\/wp-content\/uploads\/2025\/08\/Fintech-14-768x430.jpg 768w, https:\/\/www.sisinternational.com\/wp-content\/uploads\/2025\/08\/Fintech-14-18x10.jpg 18w\" sizes=\"auto, (max-width: 1456px) 100vw, 1456px\"><\/figure>\n\n\n\n<p><\/p>\n\n\n\n<p class=\"p3\"><span class=\"s1\">O crescimento de algumas pequenas e m\u00e9dias empresas (PME) tamb\u00e9m \u00e9 um factor. <\/span><\/p>\n\n\n\n<p class=\"p3\"><span class=\"s1\">The banking sector has become a key global supply chain finance market player. The increased demand for payables has also become a significant trend, driving the market&#8217;s growth. Emerging markets have also made companies look for solutions. They are seeking more cash and assets offered by supply chain finance markets.<\/span><\/p>\n\n\n\n<h2 class=\"wp-block-heading p5\"><span class=\"s1\">Desafios enfrentados pelo mercado financeiro da cadeia de suprimentos<\/span><\/h2>\n\n\n\n<p class=\"p3\"><span class=\"s1\">Os principais desafios enfrentados pelo mercado global de financiamento da cadeia de suprimentos s\u00e3o:<\/span><\/p>\n\n\n\n<ul class=\"wp-block-list\">\n<li><span class=\"s1\">Concorr\u00eancia entre novos provedores de financiamento e bancos<\/span><\/li>\n\n\n\n<li><span class=\"s1\">As taxas de juros dos fornecedores<\/span><\/li>\n\n\n\n<li><span class=\"s1\">Falta de estoque suficiente <\/span><\/li>\n\n\n\n<li><span class=\"s1\">Objetivos diferentes para compradores e vendedores<\/span><\/li>\n\n\n\n<li><span class=\"s1\">Excesso de depend\u00eancia de sistemas tecnol\u00f3gicos e redes neurais. <\/span><\/li>\n<\/ul>\n\n\n\n<h2 class=\"wp-block-heading p5\"><span class=\"s1\">O futuro do mercado financeiro da cadeia de suprimentos<\/span><\/h2>\n\n\n\n<p class=\"p3\"><span class=\"s1\">Os especialistas esperam que o mercado cres\u00e7a. Este crescimento deve-se ao impacto dos novos mercados emergentes e dos novos fornecedores de financiamento. O mercado global tamb\u00e9m se tornou transparente e mais aberto a intervenientes novos e ainda mais pequenos. <\/span><\/p>\n\n\n\n<p class=\"p3\"><span class=\"s1\">Finally, AI will impact the supply chain finance market. Machine Learning and Blockchain will also be significant factors. <\/span><\/p>\n\n\n\n<p class=\"p3\"><span class=\"s1\">Supply Chain Finance allows a small supplier to access affordable financing. It also decreases the time taken to collect payment. Thus, it improves the company\u2019s cash flow, which it can use for something else. It removes outstanding debts owed to a company from its balance sheets. It also allows another party to assume payment risk on its behalf.<\/span><\/p>\n\n\n\n<h2 class=\"wp-block-heading\">Localiza\u00e7\u00e3o de nossas instala\u00e7\u00f5es em Nova York<\/h2>\n\n\n\n<p>\n\n\n\n<iframe loading=\"lazy\" src=\"https:\/\/www.google.com\/maps\/embed?pb=!1m18!1m12!1m3!1d3022.976188376966!2d-73.99130312499956!3d40.740549471389315!2m3!1f0!2f0!3f0!3m2!1i1024!2i768!4f13.1!3m3!1m2!1s0x89c259a15798c731%3A0xd695d09bdd495f25!2s11%20E%2022nd%20St%20FL%202%2C%20New%20York%2C%20NY%2010010%2C%20USA!5e0!3m2!1sen!2spe!4v1726171763526!5m2!1sen!2spe\" width=\"600\" height=\"450\" allowfullscreen=\"allowfullscreen\" data-mce-fragment=\"1\"><\/iframe>\n\n\n\n<\/p>\n\n\n\n<h3 class=\"wp-block-heading\">11 E 22nd Street, 2\u00ba andar, Nova York, NY 10010 T: +1(212) 505-6805<\/h3>\n\n\n\n<hr class=\"wp-block-separator has-alpha-channel-opacity\"\/>\n\n\n\n<h2 class=\"wp-block-heading\"><span style=\"font-weight: 400;\">Sobre SIS Internacional<\/span><\/h2>\n\n\n\n<p><a href=\"https:\/\/www.sisinternational.com\/pt\/\"><span style=\"font-weight: 400;\">SIS Internacional<\/span><\/a><span style=\"font-weight: 400;\"> oferece pesquisa quantitativa, qualitativa e estrat\u00e9gica. Fornecemos dados, ferramentas, estrat\u00e9gias, relat\u00f3rios e insights para a tomada de decis\u00f5es. Tamb\u00e9m realizamos entrevistas, pesquisas, grupos focais e outros m\u00e9todos e abordagens de Pesquisa de Mercado.<\/span><a href=\"https:\/\/www.sisinternational.com\/pt\/sobre-a-sis-international-research\/contact-sis-international-market-research\/\"><span style=\"font-weight: 400;\"> Entre em contato conosco<\/span><\/a><span style=\"font-weight: 400;\"> para o seu pr\u00f3ximo projeto de pesquisa de mercado.<\/span><\/p>\n\n\n\n<p><\/p>","protected":false},"excerpt":{"rendered":"<p>Fornecemos pesquisa e consultoria de mercado financeiro para cadeia de suprimentos.<\/p>","protected":false},"author":1,"featured_media":62819,"parent":27462,"menu_order":32,"comment_status":"closed","ping_status":"closed","template":"","meta":{"footnotes":""},"class_list":["post-34686","page","type-page","status-publish","has-post-thumbnail"],"_links":{"self":[{"href":"https:\/\/www.sisinternational.com\/pt\/wp-json\/wp\/v2\/pages\/34686","targetHints":{"allow":["GET"]}}],"collection":[{"href":"https:\/\/www.sisinternational.com\/pt\/wp-json\/wp\/v2\/pages"}],"about":[{"href":"https:\/\/www.sisinternational.com\/pt\/wp-json\/wp\/v2\/types\/page"}],"author":[{"embeddable":true,"href":"https:\/\/www.sisinternational.com\/pt\/wp-json\/wp\/v2\/users\/1"}],"replies":[{"embeddable":true,"href":"https:\/\/www.sisinternational.com\/pt\/wp-json\/wp\/v2\/comments?post=34686"}],"version-history":[{"count":11,"href":"https:\/\/www.sisinternational.com\/pt\/wp-json\/wp\/v2\/pages\/34686\/revisions"}],"predecessor-version":[{"id":80126,"href":"https:\/\/www.sisinternational.com\/pt\/wp-json\/wp\/v2\/pages\/34686\/revisions\/80126"}],"up":[{"embeddable":true,"href":"https:\/\/www.sisinternational.com\/pt\/wp-json\/wp\/v2\/pages\/27462"}],"wp:featuredmedia":[{"embeddable":true,"href":"https:\/\/www.sisinternational.com\/pt\/wp-json\/wp\/v2\/media\/62819"}],"wp:attachment":[{"href":"https:\/\/www.sisinternational.com\/pt\/wp-json\/wp\/v2\/media?parent=34686"}],"curies":[{"name":"wp","href":"https:\/\/api.w.org\/{rel}","templated":true}]}}