{"id":34666,"date":"2020-02-29T03:58:35","date_gmt":"2020-02-29T03:58:35","guid":{"rendered":"https:\/\/www.sisinternational.com\/?page_id=34666"},"modified":"2026-01-26T17:28:55","modified_gmt":"2026-01-26T22:28:55","slug":"pesquisa-de-mercado-de-pagamentos-ponto-a-ponto-ponto-a-ponto","status":"publish","type":"page","link":"https:\/\/www.sisinternational.com\/pt\/solucoes\/pesquisa-de-consultoria-em-estrategia-fintech\/pesquisa-de-mercado-de-pagamentos-ponto-a-ponto-ponto-a-ponto\/","title":{"rendered":"Peer-to-Peer Payments Market Research"},"content":{"rendered":"<h1 class=\"wp-block-heading\">Peer-to-Peer Payments Market Research<\/h1>\n\n\n\n<figure class=\"gb-block-image gb-block-image-b0cd82b6\"><img loading=\"lazy\" decoding=\"async\" width=\"1456\" height=\"816\" class=\"gb-image gb-image-b0cd82b6\" src=\"https:\/\/www.sisinternational.com\/wp-content\/uploads\/2025\/10\/Peer-to-Peer-Payments-1.jpg\" alt=\"Pesquisa e Estrat\u00e9gia de Mercado Internacional da SIS\" title=\"Peer-to-Peer Payments (1)\" srcset=\"https:\/\/www.sisinternational.com\/wp-content\/uploads\/2025\/10\/Peer-to-Peer-Payments-1.jpg 1456w, https:\/\/www.sisinternational.com\/wp-content\/uploads\/2025\/10\/Peer-to-Peer-Payments-1-300x168.jpg 300w, https:\/\/www.sisinternational.com\/wp-content\/uploads\/2025\/10\/Peer-to-Peer-Payments-1-1024x574.jpg 1024w, https:\/\/www.sisinternational.com\/wp-content\/uploads\/2025\/10\/Peer-to-Peer-Payments-1-768x430.jpg 768w, https:\/\/www.sisinternational.com\/wp-content\/uploads\/2025\/10\/Peer-to-Peer-Payments-1-18x10.jpg 18w\" sizes=\"auto, (max-width: 1456px) 100vw, 1456px\"><\/figure>\n\n\n\n<hr class=\"wp-block-separator has-alpha-channel-opacity is-style-dots\"\/>\n\n\n\n<p><span style=\"font-weight: 400;\">Peer-to-Peer payments have emerged as a groundbreaking force in the financial sector, reshaping the way we exchange money\u2026 But, how can businesses stay ahead and make informed decisions in this dynamic environment? The answer lies in peer-to-peer payments market research.<\/span><\/p>\n\n\n\n<h2 class=\"wp-block-heading\"><strong>Compreendendo a pesquisa de mercado de pagamentos ponto a ponto<\/strong><\/h2>\n\n\n\n<p><span style=\"font-weight: 400;\">Peer-to-peer payments market research involves studying user behaviors, preferences, and adoption rates across various P2P payment platforms. Businesses must dissect the factors driving the adoption of P2P payments and the challenges they pose. By conducting P2P <a class=\"wpil_keyword_link\" href=\"https:\/\/www.sisinternational.com\/pt\/solucoes\/pesquisa-de-consultoria-em-estrategia-fintech\/pesquisa-de-mercado-de-pagamentos\/\"   title=\"Pesquisa de mercado de pagamentos\" data-wpil-keyword-link=\"linked\"  data-wpil-monitor-id=\"442\">pesquisa de mercado de pagamentos<\/a>, businesses can position themselves to harness the full potential of this transformative technology.&nbsp;<\/span><\/p>\n\n\n\n<p><span class=\"s1\">Examples are Venmo, PayPal, Zelle, and Square Cash. These payment systems allow users to send money to one another. P2P customers send money using their mobile devices via a linked card or bank account.<\/span><\/p>\n\n\n\n<h2 class=\"wp-block-heading\"><strong>Import\u00e2ncia da pesquisa de mercado de pagamentos P2P<\/strong><\/h2>\n\n\n\n<p><span style=\"font-weight: 400;\">P2P payments market research offers valuable insights into the dynamics of P2P payments, shedding light on user preferences, security concerns, and adoption patterns. It allows companies to adopt a consumer-centric approach and tailor their products and services to meet customers&#8217; evolving needs. This enhances user satisfaction and fosters brand loyalty in a fiercely competitive market.<\/span><\/p>\n\n\n\n<p><span style=\"font-weight: 400;\">Furthermore, market research can uncover potential pitfalls and vulnerabilities in the P2P payments landscape, enabling businesses to address security concerns and compliance issues proactively. However, it offers many other benefits for businesses, including:<\/span><\/p>\n\n\n\n<ul class=\"wp-block-list\">\n<li><b> Inova\u00e7\u00e3o Estrat\u00e9gica: <\/b><span style=\"font-weight: 400;\">P2P payments market research exposes companies to emerging technologies and trends within the payment industry.&nbsp;<\/span><\/li>\n\n\n\n<li><b> Vantagem competitiva:<\/b><span style=\"font-weight: 400;\"> By staying ahead of market trends and understanding the competitive landscape, companies can position themselves as leaders in the P2P payments sector.&nbsp;<\/span><\/li>\n\n\n\n<li><b> Efici\u00eancia de custos:<\/b><span style=\"font-weight: 400;\"> Compreender a din\u00e2mica do mercado e o comportamento do consumidor pode levar a estrat\u00e9gias rent\u00e1veis. A pesquisa de mercado de pagamentos P2P ajuda as empresas a alocar recursos de forma eficaz, minimizando despesas desnecess\u00e1rias e maximizando o impacto dos seus investimentos.<\/span><\/li>\n\n\n\n<li><b> Escalabilidade:<\/b><span style=\"font-weight: 400;\"> Businesses aiming for growth and expansion can benefit significantly from P2P payments market research. It provides insights into potential markets, user demographics, and growth opportunities, enabling companies to scale their operations strategically.<\/span><\/li>\n<\/ul>\n\n\n\n<h2 class=\"wp-block-heading\"><strong>Quem usa pesquisa de mercado de pagamentos ponto a ponto<\/strong><\/h2>\n\n\n\n<figure class=\"gb-block-image gb-block-image-1b33d891\"><img loading=\"lazy\" decoding=\"async\" width=\"1456\" height=\"816\" class=\"gb-image gb-image-1b33d891\" src=\"https:\/\/www.sisinternational.com\/wp-content\/uploads\/2025\/08\/Multicultural-Advertising-Services-for-a-Famous-Peer-to-Peer-Payments-Technology-Company.jpg\" alt=\"Pesquisa e Estrat\u00e9gia de Mercado Internacional da SIS\" title=\"Servi\u00e7os de publicidade multicultural para uma famosa empresa de tecnologia de pagamentos peer-to-peer\" srcset=\"https:\/\/www.sisinternational.com\/wp-content\/uploads\/2025\/08\/Multicultural-Advertising-Services-for-a-Famous-Peer-to-Peer-Payments-Technology-Company.jpg 1456w, https:\/\/www.sisinternational.com\/wp-content\/uploads\/2025\/08\/Multicultural-Advertising-Services-for-a-Famous-Peer-to-Peer-Payments-Technology-Company-300x168.jpg 300w, https:\/\/www.sisinternational.com\/wp-content\/uploads\/2025\/08\/Multicultural-Advertising-Services-for-a-Famous-Peer-to-Peer-Payments-Technology-Company-1024x574.jpg 1024w, https:\/\/www.sisinternational.com\/wp-content\/uploads\/2025\/08\/Multicultural-Advertising-Services-for-a-Famous-Peer-to-Peer-Payments-Technology-Company-768x430.jpg 768w, https:\/\/www.sisinternational.com\/wp-content\/uploads\/2025\/08\/Multicultural-Advertising-Services-for-a-Famous-Peer-to-Peer-Payments-Technology-Company-18x10.jpg 18w\" sizes=\"auto, (max-width: 1456px) 100vw, 1456px\"><\/figure>\n\n\n\n<p><\/p>\n\n\n\n<p><span style=\"font-weight: 400;\">Understanding the user base of the peer-to-peer payments market research is key to comprehend its relevance in today&#8217;s financial landscape. Here are some of the most critical users of this market research:<\/span><\/p>\n\n\n\n<p><b> <span class=\"s1\">- <\/span>Institui\u00e7\u00f5es financeiras: <\/b><span style=\"font-weight: 400;\">Os bancos e cooperativas de cr\u00e9dito tradicionais est\u00e3o profundamente interessados em pesquisas de mercado de pagamentos P2P \u00e0 medida que se adaptam \u00e0 evolu\u00e7\u00e3o das prefer\u00eancias dos clientes. A investiga\u00e7\u00e3o ajuda-os a alinhar os seus servi\u00e7os e ofertas digitais com as expectativas dos consumidores conhecedores de tecnologia.<\/span><\/p>\n\n\n\n<p><b> <span class=\"s1\">- <\/span>Startups Fintech: <\/b><span style=\"font-weight: 400;\">As startups Fintech est\u00e3o na vanguarda das inova\u00e7\u00f5es em pagamentos P2P. Eles dependem fortemente de pesquisas de mercado para identificar lacunas no mercado, compreender o comportamento do usu\u00e1rio e ajustar seus produtos para obter experi\u00eancias de usu\u00e1rio ideais.<\/span><\/p>\n\n\n\n<p><b> <span class=\"s1\">- <\/span>Provedores de servi\u00e7os de pagamento:<\/b><span style=\"font-weight: 400;\"> As empresas que facilitam o processamento de pagamentos, incluindo pagamentos P2P, utilizam pesquisas de mercado para otimizar as suas plataformas, melhorar as medidas de seguran\u00e7a e manter-se competitivas num cen\u00e1rio em constante mudan\u00e7a.<\/span><\/p>\n\n\n\n<p><b> <span class=\"s1\">- <\/span>Empresas de com\u00e9rcio eletr\u00f4nico: <\/b><span style=\"font-weight: 400;\">Os varejistas online integram op\u00e7\u00f5es de pagamento P2P em seus processos de checkout. A pesquisa de mercado os ajuda a identificar os m\u00e9todos de pagamento preferidos, garantindo uma experi\u00eancia de compra perfeita para os clientes.<\/span><\/p>\n\n\n\n<p><b> <span class=\"s1\">- <\/span>\u00d3rg\u00e3os Reguladores:<\/b><span style=\"font-weight: 400;\"> Government agencies and regulatory bodies use P2P <a href=\"https:\/\/www.sisinternational.com\/pt\/pericia\/industrias\/pesquisa-de-mercado-do-governo-federal\/\" title=\"Pesquisa de Mercado do Governo Federal\"  data-wpil-monitor-id=\"5770\">pesquisa de mercado de pagamentos<\/a> to understand the impact of these technologies on financial markets and to develop appropriate regulations and safeguards.<\/span><\/p>\n\n\n\n<h2 class=\"wp-block-heading\"><strong>Como a pesquisa de mercado de pagamentos P2P difere da pesquisa de mercado tradicional?<\/strong><\/h2>\n\n\n\n<p><span style=\"font-weight: 400;\">A pesquisa de mercado de pagamentos P2P \u00e9 inerentemente digital, concentrando-se no cen\u00e1rio em r\u00e1pida evolu\u00e7\u00e3o de pagamentos digitais, aplicativos m\u00f3veis e plataformas online. A pesquisa de mercado tradicional, por outro lado, abrange um espectro mais amplo de ind\u00fastrias e setores.<\/span><\/p>\n\n\n\n<p><span style=\"font-weight: 400;\">Al\u00e9m disso,<\/span> <span style=\"font-weight: 400;\">P2P payments market research closely tracks emerging technologies within the financial sector such as blockchain, cryptocurrencies, and digital wallets. These technologies are transforming transactions, and understanding their impact is essential. Traditional market research may not delve as deeply into these specific technological trends.<\/span><\/p>\n\n\n\n<p><span style=\"font-weight: 400;\">Adicionalmente,<\/span> <span style=\"font-weight: 400;\">as mobile devices become the primary conduit for P2P payments, this research provides insights into mobile usage patterns, app adoption, and mobile payment trends. Traditional market research may not capture these mobile-centric insights as comprehensively.<\/span><\/p>\n\n\n\n<h2 class=\"wp-block-heading\"><strong>Tend\u00eancias atuais na pesquisa de mercado de pagamentos P2P<\/strong><\/h2>\n\n\n\n<figure class=\"gb-block-image gb-block-image-adfcc3e9\"><img loading=\"lazy\" decoding=\"async\" width=\"1456\" height=\"816\" class=\"gb-image gb-image-adfcc3e9\" src=\"https:\/\/www.sisinternational.com\/wp-content\/uploads\/2025\/08\/Bank-4.jpg\" alt=\"Pesquisa e Estrat\u00e9gia de Mercado Internacional da SIS\" title=\"Bank (4)\" srcset=\"https:\/\/www.sisinternational.com\/wp-content\/uploads\/2025\/08\/Bank-4.jpg 1456w, https:\/\/www.sisinternational.com\/wp-content\/uploads\/2025\/08\/Bank-4-300x168.jpg 300w, https:\/\/www.sisinternational.com\/wp-content\/uploads\/2025\/08\/Bank-4-1024x574.jpg 1024w, https:\/\/www.sisinternational.com\/wp-content\/uploads\/2025\/08\/Bank-4-768x430.jpg 768w, https:\/\/www.sisinternational.com\/wp-content\/uploads\/2025\/08\/Bank-4-18x10.jpg 18w\" sizes=\"auto, (max-width: 1456px) 100vw, 1456px\"><\/figure>\n\n\n\n<p><\/p>\n\n\n\n<p><span style=\"font-weight: 400;\">Para permanecer na vanguarda do cen\u00e1rio de pesquisa de mercado de pagamentos peer-to-peer em r\u00e1pida evolu\u00e7\u00e3o, \u00e9 fundamental estar atento \u00e0s \u00faltimas tend\u00eancias e desenvolvimentos \u2013 e aqui est\u00e3o algumas das tend\u00eancias atuais que moldam este campo:<\/span><\/p>\n\n\n\n<p><b> <span class=\"s1\">- <\/span>Integra\u00e7\u00e3o de IA e aprendizado de m\u00e1quina:<\/b><span style=\"font-weight: 400;\"> A pesquisa de mercado de pagamentos P2P utiliza cada vez mais a intelig\u00eancia artificial (IA) e o aprendizado de m\u00e1quina para analisar vastos conjuntos de dados. Essas tecnologias melhoram a precis\u00e3o dos dados, permitem an\u00e1lises preditivas e identificam padr\u00f5es complexos no comportamento do usu\u00e1rio.<\/span><\/p>\n\n\n\n<p><b> <span class=\"s1\">- <\/span>Insights centrados em dispositivos m\u00f3veis:<\/b><span style=\"font-weight: 400;\"> With the continued growth of mobile payments, research is focusing on mobile-centric insights. Understanding mobile app usage, user preferences, and mobile security measures is paramount.<\/span><\/p>\n\n\n\n<p><b> <span class=\"s1\">- <\/span>Blockchain e criptomoedas:<\/b><span style=\"font-weight: 400;\"> The emergence of blockchain technology and cryptocurrencies within the P2P payments sector has sparked research interest. Investigating the impact of decentralized finance (DeFi) and digital currencies is a growing trend.<\/span><\/p>\n\n\n\n<p><b> <span class=\"s1\">- <\/span>Protocolos de seguran\u00e7a aprimorados: <\/b><span style=\"font-weight: 400;\">The importance of security in P2P payments cannot be overstated. Research focuses on the latest security protocols, encryption methods, and fraud detection techniques to safeguard user transactions.<\/span><\/p>\n\n\n\n<p><b> <span class=\"s1\">- <\/span>Otimiza\u00e7\u00e3o da experi\u00eancia do usu\u00e1rio:<\/b><span style=\"font-weight: 400;\"> User experience is critical to P2P payment adoption. Research delves into user interface design, app usability, and feedback mechanisms to enhance the customer journey.<\/span><\/p>\n\n\n\n<h2 class=\"wp-block-heading\"><strong>Oportunidades no mercado de pagamentos P2P para empresas<\/strong><\/h2>\n\n\n\n<p><span style=\"font-weight: 400;\">No cen\u00e1rio din\u00e2mico dos pagamentos P2P, as empresas podem encontrar uma infinidade de oportunidades para prosperar e inovar, tais como:<\/span><\/p>\n\n\n\n<p><b> <span class=\"s1\">- <\/span>Expans\u00e3o global:<\/b><span style=\"font-weight: 400;\"> Digital transactions&#8217; borderless nature opens doors for global expansion. P2P payments market research can help businesses identify target markets with high adoption potential, regulatory considerations, and user preferences in different regions.<\/span><\/p>\n\n\n\n<p><b> <span class=\"s1\">- <\/span>Parcerias e Alian\u00e7as:<\/b><span style=\"font-weight: 400;\"> Collaborations with fintech startups, payment service providers, or even traditional financial institutions present businesses with opportunities to broaden their reach and offer complementary services. Market research aids in identifying suitable partners and potential synergies.<\/span><\/p>\n\n\n\n<p><b> <span class=\"s1\">- <\/span>Solu\u00e7\u00f5es de seguran\u00e7a: <\/b><span style=\"font-weight: 400;\">The increasing concern over cybersecurity allows businesses to develop and market robust security solutions, such as biometric authentication, tokenization, or fraud detection systems. P2P payments <a href=\"https:\/\/www.sisinternational.com\/pt\/pericia\/industrias\/pesquisa-de-mercado-de-seguranca\/\" title=\"Pesquisa de mercado de seguran\u00e7a\"  data-wpil-monitor-id=\"6539\">market research helps identify security<\/a> trends and user expectations.<\/span><\/p>\n\n\n\n<p><b> <span class=\"s1\">- <\/span>Monetiza\u00e7\u00e3o de dados:<\/b><span style=\"font-weight: 400;\"> As empresas podem explorar estrat\u00e9gias de monetiza\u00e7\u00e3o de dados, como oferecer insights an\u00f4nimos a outras empresas ou anunciantes. A pesquisa de mercado pode identificar tend\u00eancias de monetiza\u00e7\u00e3o de dados e potenciais parceiros.<\/span><\/p>\n\n\n\n<p><span class=\"s1\"><b>\u2022 Servi\u00e7os de conformidade:<\/b><span style=\"font-weight: 400;\"> Evolving regulations require businesses to stay compliant. P2P payments market research can reveal the industry&#8217;s specific compliance needs, allowing companies to offer consulting or compliance-related services<\/span><\/span><span class=\"s1\">.<\/span><\/p>\n\n\n\n<h2 class=\"wp-block-heading p5\"><span class=\"s1\">Sistemas P2P, uma solu\u00e7\u00e3o eficaz para micropagamentos<\/span><\/h2>\n\n\n\n<figure class=\"gb-block-image gb-block-image-d58bdd65\"><img loading=\"lazy\" decoding=\"async\" width=\"1456\" height=\"816\" class=\"gb-image gb-image-d58bdd65\" src=\"https:\/\/www.sisinternational.com\/wp-content\/uploads\/2025\/08\/Fintech-17.jpg\" alt=\"Pesquisa e Estrat\u00e9gia de Mercado Internacional da SIS\" title=\"Fintech (17)\" srcset=\"https:\/\/www.sisinternational.com\/wp-content\/uploads\/2025\/08\/Fintech-17.jpg 1456w, https:\/\/www.sisinternational.com\/wp-content\/uploads\/2025\/08\/Fintech-17-300x168.jpg 300w, https:\/\/www.sisinternational.com\/wp-content\/uploads\/2025\/08\/Fintech-17-1024x574.jpg 1024w, https:\/\/www.sisinternational.com\/wp-content\/uploads\/2025\/08\/Fintech-17-768x430.jpg 768w, https:\/\/www.sisinternational.com\/wp-content\/uploads\/2025\/08\/Fintech-17-18x10.jpg 18w\" sizes=\"auto, (max-width: 1456px) 100vw, 1456px\"><\/figure>\n\n\n\n<p><\/p>\n\n\n\n<p class=\"p2\"><span class=\"s1\">Micropayments are financial transactions involving tiny sums of money. PayPal defines anything less than US$12 as a micropayment, whereas Visa defines the amount as US$20. In practice, it\u2019s difficult for businesses to recoup micropayment processing costs. A growth area in micropayments has been using them in online virtual reality games. P2P payment systems make it easier and cheaper to settle micropayments. <\/span><\/p>\n\n\n\n<p class=\"p4\"><span class=\"s1\">Micropayments are a modern solution to an old problem. For a micropayment system to work, it must have large transaction volumes, small transaction fees, and instant payments. Most blockchains now have a link to a cryptocurrency. With micropayments, central banks can connect them to standard currencies. Once we have widespread adoption of micropayments, the way we do business will change.<\/span><\/p>\n\n\n\n<h2 class=\"wp-block-heading\">Sobre a pesquisa de mercado de pagamentos P2P<\/h2>\n\n\n\n<p class=\"p2\"><span class=\"s1\"><a href=\"https:\/\/www.linkedin.com\/company\/sisinternationalresearch\/posts\/?feedView=all\" target=\"_blank\" rel=\"noopener\">SIS Research<\/a> offers Market Research services, including Consumer Research, Customer Loyalty, and Segmentation, Industry Tracking, Competitive Analysis, and FinTech Strategy Consulting. SIS provides Focus Groups, Surveys, Consumer Online Communities, and Global Market Expansion strategies. Call us today to schedule a consultation.<\/span><\/p>\n\n\n\n<h2 class=\"wp-block-heading\">Localiza\u00e7\u00e3o de nossas instala\u00e7\u00f5es em Nova York<\/h2>\n\n\n\n<p>\n\n\n\n<iframe loading=\"lazy\" src=\"https:\/\/www.google.com\/maps\/embed?pb=!1m18!1m12!1m3!1d3022.976188376966!2d-73.99130312499956!3d40.740549471389315!2m3!1f0!2f0!3f0!3m2!1i1024!2i768!4f13.1!3m3!1m2!1s0x89c259a15798c731%3A0xd695d09bdd495f25!2s11%20E%2022nd%20St%20FL%202%2C%20New%20York%2C%20NY%2010010%2C%20USA!5e0!3m2!1sen!2spe!4v1726171763526!5m2!1sen!2spe\" width=\"600\" height=\"450\" allowfullscreen=\"allowfullscreen\" data-mce-fragment=\"1\"><\/iframe>\n\n\n\n<\/p>\n\n\n\n<h3 class=\"wp-block-heading\">11 E 22nd Street, 2\u00ba andar, Nova York, NY 10010 T: +1(212) 505-6805<\/h3>\n\n\n\n<hr class=\"wp-block-separator has-alpha-channel-opacity\"\/>\n\n\n\n<h2 class=\"wp-block-heading\"><span style=\"font-weight: 400;\">Sobre SIS Internacional<\/span><\/h2>\n\n\n\n<p><a href=\"https:\/\/www.sisinternational.com\/pt\/\"><span style=\"font-weight: 400;\">SIS Internacional<\/span><\/a><span style=\"font-weight: 400;\"> oferece pesquisa quantitativa, qualitativa e estrat\u00e9gica. Fornecemos dados, ferramentas, estrat\u00e9gias, relat\u00f3rios e insights para a tomada de decis\u00f5es. Tamb\u00e9m realizamos entrevistas, pesquisas, grupos focais e outros m\u00e9todos e abordagens de Pesquisa de Mercado.<\/span><a href=\"https:\/\/www.sisinternational.com\/pt\/sobre-a-sis-international-research\/contact-sis-international-market-research\/\"><span style=\"font-weight: 400;\"> Entre em contato conosco<\/span><\/a><span style=\"font-weight: 400;\"> para o seu pr\u00f3ximo projeto de pesquisa de mercado.<\/span><\/p>\n\n\n\n<p><\/p>","protected":false},"excerpt":{"rendered":"<p>Fornecemos pesquisas de mercado de pagamentos peer-to-peer (P2P).<\/p>","protected":false},"author":1,"featured_media":71785,"parent":27462,"menu_order":28,"comment_status":"closed","ping_status":"closed","template":"","meta":{"footnotes":""},"class_list":["post-34666","page","type-page","status-publish","has-post-thumbnail"],"_links":{"self":[{"href":"https:\/\/www.sisinternational.com\/pt\/wp-json\/wp\/v2\/pages\/34666","targetHints":{"allow":["GET"]}}],"collection":[{"href":"https:\/\/www.sisinternational.com\/pt\/wp-json\/wp\/v2\/pages"}],"about":[{"href":"https:\/\/www.sisinternational.com\/pt\/wp-json\/wp\/v2\/types\/page"}],"author":[{"embeddable":true,"href":"https:\/\/www.sisinternational.com\/pt\/wp-json\/wp\/v2\/users\/1"}],"replies":[{"embeddable":true,"href":"https:\/\/www.sisinternational.com\/pt\/wp-json\/wp\/v2\/comments?post=34666"}],"version-history":[{"count":10,"href":"https:\/\/www.sisinternational.com\/pt\/wp-json\/wp\/v2\/pages\/34666\/revisions"}],"predecessor-version":[{"id":80122,"href":"https:\/\/www.sisinternational.com\/pt\/wp-json\/wp\/v2\/pages\/34666\/revisions\/80122"}],"up":[{"embeddable":true,"href":"https:\/\/www.sisinternational.com\/pt\/wp-json\/wp\/v2\/pages\/27462"}],"wp:featuredmedia":[{"embeddable":true,"href":"https:\/\/www.sisinternational.com\/pt\/wp-json\/wp\/v2\/media\/71785"}],"wp:attachment":[{"href":"https:\/\/www.sisinternational.com\/pt\/wp-json\/wp\/v2\/media?parent=34666"}],"curies":[{"name":"wp","href":"https:\/\/api.w.org\/{rel}","templated":true}]}}