{"id":34647,"date":"2020-02-26T05:51:08","date_gmt":"2020-02-26T05:51:08","guid":{"rendered":"https:\/\/www.sisinternational.com\/?page_id=34647"},"modified":"2026-01-26T18:57:27","modified_gmt":"2026-01-26T23:57:27","slug":"pesquisa-de-mercado-de-analise-de-dados-bancarios","status":"publish","type":"page","link":"https:\/\/www.sisinternational.com\/pt\/solucoes\/pesquisa-de-consultoria-em-estrategia-fintech\/pesquisa-de-mercado-de-analise-de-dados-bancarios\/","title":{"rendered":"Pesquisa de mercado de an\u00e1lise de dados banc\u00e1rios"},"content":{"rendered":"<h1 class=\"gb-headline gb-headline-5d1675a8 gb-headline-text\">Pesquisa de mercado de an\u00e1lise de dados banc\u00e1rios<\/h1>\n\n\n\n<figure class=\"gb-block-image gb-block-image-49fecfeb\"><img loading=\"lazy\" decoding=\"async\" width=\"1456\" height=\"816\" class=\"gb-image gb-image-49fecfeb\" src=\"https:\/\/www.sisinternational.com\/wp-content\/uploads\/2025\/08\/Data-37.jpg\" alt=\"Pesquisa e Estrat\u00e9gia de Mercado Internacional da SIS\" title=\"Data (37)\" srcset=\"https:\/\/www.sisinternational.com\/wp-content\/uploads\/2025\/08\/Data-37.jpg 1456w, https:\/\/www.sisinternational.com\/wp-content\/uploads\/2025\/08\/Data-37-300x168.jpg 300w, https:\/\/www.sisinternational.com\/wp-content\/uploads\/2025\/08\/Data-37-1024x574.jpg 1024w, https:\/\/www.sisinternational.com\/wp-content\/uploads\/2025\/08\/Data-37-768x430.jpg 768w, https:\/\/www.sisinternational.com\/wp-content\/uploads\/2025\/08\/Data-37-18x10.jpg 18w\" sizes=\"auto, (max-width: 1456px) 100vw, 1456px\"><\/figure>\n\n\n\n<h2 class=\"wp-block-heading\"><\/h2>\n\n\n\n<hr class=\"wp-block-separator has-alpha-channel-opacity is-style-dots\"\/>\n\n\n\n<h2 class=\"wp-block-heading p3\"><span class=\"s1\">A an\u00e1lise de dados desempenha um papel significativo no setor banc\u00e1rio<\/span><\/h2>\n\n\n\n<p class=\"p3\"><span class=\"s1\">Gaining the top position in the banking sector is not easy in today&#8217;s competitive world. Executives need a better understanding of banking details and current status, which plays a significant role in lifting the bank\u2019s position to the top. Banks can use a data analytics program to order and examine customer details. Such a program shows deposits and other transactions. It&#8217;s an excellent tool for customer retention and compliance.<\/span><\/p>\n\n\n\n<h2 class=\"wp-block-heading\"><strong>Compreendendo a pesquisa de mercado de an\u00e1lise de dados banc\u00e1rios<\/strong><\/h2>\n\n\n\n<p><span style=\"font-weight: 400;\">Bank <a href=\"https:\/\/www.sisinternational.com\/pt\/solucoes\/pesquisa-de-mercado-de-ia-e-consultoria-estrategica\/ciencia-de-dados-e-pesquisa-de-mercado-de-ia\/\" title=\"Pesquisa de mercado de IA em ci\u00eancia de dados\"  data-wpil-monitor-id=\"2403\">data analytics market research<\/a> analyzes customer behavior analysis, risk assessment, fraud detection, and operational optimization, among other elements. By leveraging advanced analytics tools and techniques, financial institutions gain invaluable insights into their operations, enabling them to make data-driven decisions that drive profitability and enhance customer satisfaction.<\/span><\/p>\n\n\n\n<h2 class=\"wp-block-heading\"><strong>Por que as empresas precisam de pesquisa de mercado de an\u00e1lise de dados banc\u00e1rios<\/strong><\/h2>\n\n\n\n<figure class=\"gb-block-image gb-block-image-02a2b2f7\"><img loading=\"lazy\" decoding=\"async\" width=\"1456\" height=\"816\" class=\"gb-image gb-image-02a2b2f7\" src=\"https:\/\/www.sisinternational.com\/wp-content\/uploads\/2025\/08\/Data-38.jpg\" alt=\"Pesquisa e Estrat\u00e9gia de Mercado Internacional da SIS\" title=\"Data (38)\" srcset=\"https:\/\/www.sisinternational.com\/wp-content\/uploads\/2025\/08\/Data-38.jpg 1456w, https:\/\/www.sisinternational.com\/wp-content\/uploads\/2025\/08\/Data-38-300x168.jpg 300w, https:\/\/www.sisinternational.com\/wp-content\/uploads\/2025\/08\/Data-38-1024x574.jpg 1024w, https:\/\/www.sisinternational.com\/wp-content\/uploads\/2025\/08\/Data-38-768x430.jpg 768w, https:\/\/www.sisinternational.com\/wp-content\/uploads\/2025\/08\/Data-38-18x10.jpg 18w\" sizes=\"auto, (max-width: 1456px) 100vw, 1456px\"><\/figure>\n\n\n\n<p><\/p>\n\n\n\n<p><span style=\"font-weight: 400;\"><a href=\"https:\/\/www.sisinternational.com\/pt\/atualizacao-de-tendencias-bancarias-e-financeiras-islamicas\/\" title=\"Pesquisa de Mercado Banc\u00e1rio Isl\u00e2mico\"  data-wpil-monitor-id=\"2869\">Bank data analytics market research<\/a> provides invaluable insights into customer trends, allowing banks to tailor their products and services effectively to meet evolving demands. It also enables banks to assess and mitigate various risks, including credit risks, market risks, and fraud risks.&nbsp;<\/span><\/p>\n\n\n\n<p><span style=\"font-weight: 400;\">Moreover, operational efficiency is essential for banks to optimize resources and streamline processes. Bank <a href=\"https:\/\/www.sisinternational.com\/pt\/pericia\/industrias\/dados-de-treinamento-pesquisa-de-mercado\/\" title=\"Pesquisa de mercado de dados de treinamento\"  data-wpil-monitor-id=\"3424\">data analytics market research<\/a> helps banks identify inefficiencies, simplify workflows, and allocate resources effectively.&nbsp;&nbsp;<\/span><\/p>\n\n\n\n<p><span style=\"font-weight: 400;\">Al\u00e9m disso, esta investiga\u00e7\u00e3o ajuda os bancos a garantir a conformidade com as normas regulamentares, fornecendo informa\u00e7\u00f5es sobre os requisitos regulamentares e monitorizando as atividades de conformidade... Mas oferece muitos outros benef\u00edcios, incluindo:<\/span><\/p>\n\n\n\n<p><b>\u2022 Melhor experi\u00eancia do cliente:<\/b><span style=\"font-weight: 400;\"> Bank <a href=\"https:\/\/www.sisinternational.com\/pt\/pericia\/industrias\/terceirizacao-de-analise-de-dados\/\" title=\"Terceiriza\u00e7\u00e3o de pesquisa de mercado de dados e an\u00e1lises\"  data-wpil-monitor-id=\"3668\">data analytics market research<\/a> allows banks to better understand their customers&#8217; needs, preferences, and behaviors. This insight enables them to tailor their products and services to meet customer expectations, deliver personalized experiences, and build stronger customer relationships.<\/span><\/p>\n\n\n\n<p><b>\u2022 Detec\u00e7\u00e3o e Preven\u00e7\u00e3o de Fraudes:<\/b><span style=\"font-weight: 400;\"> Com a crescente preval\u00eancia da fraude no setor banc\u00e1rio, a dete\u00e7\u00e3o e preven\u00e7\u00e3o de atividades fraudulentas \u00e9 uma prioridade m\u00e1xima para os bancos. A pesquisa de mercado de an\u00e1lise de dados banc\u00e1rios equipa os bancos com ferramentas e capacidades para detectar padr\u00f5es suspeitos e anomalias em dados de transa\u00e7\u00f5es, permitindo-lhes identificar e prevenir fraudes em tempo real.<\/span><\/p>\n\n\n\n<p><b>\u2022 Efici\u00eancia operacional:<\/b><span style=\"font-weight: 400;\"> Esta pesquisa permite que os bancos analisem os seus processos operacionais, identifiquem \u00e1reas de melhoria e simplifiquem os fluxos de trabalho, levando a uma maior produtividade e efici\u00eancia em toda a organiza\u00e7\u00e3o.<\/span><\/p>\n\n\n\n<h2 class=\"wp-block-heading\"><strong>Como a pesquisa de mercado de an\u00e1lise de dados banc\u00e1rios difere da pesquisa de mercado tradicional?<\/strong><\/h2>\n\n\n\n<p><span style=\"font-weight: 400;\">A pesquisa de mercado de an\u00e1lise de dados banc\u00e1rios lida com grandes volumes de dados financeiros complexos, incluindo dados transacionais, informa\u00e7\u00f5es de clientes, dados de mercado e dados regulat\u00f3rios. A pesquisa de mercado tradicional, por outro lado, normalmente envolve a coleta e an\u00e1lise de dados de pesquisas, grupos focais e fontes secund\u00e1rias, que podem n\u00e3o ser t\u00e3o volumosos ou complexos quanto os dados financeiros.<\/span><\/p>\n\n\n\n<p><span style=\"font-weight: 400;\">Additionally, bank data analytics market research often employs predictive analytics techniques to forecast future trends, identify risks, and make strategic decisions. Traditional market research may focus more on descriptive analytics to understand past trends and current market conditions.<\/span><\/p>\n\n\n\n<p><span style=\"font-weight: 400;\">Al\u00e9m disso, <a href=\"https:\/\/www.sisinternational.com\/pt\/entendendo-o-sistema-bancario-paralelo-da-china\/\" title=\"Compreendendo o sistema banc\u00e1rio paralelo da China\"  data-wpil-monitor-id=\"4378\">pesquisa de mercado de an\u00e1lise de dados banc\u00e1rios<\/a> requires a thorough understanding of regulatory requirements and compliance standards, given the sensitive nature of financial data. Traditional market research may not have the same level of regulatory scrutiny, although ethical considerations and data privacy concerns are still relevant.<\/span><\/p>\n\n\n\n<h2 class=\"wp-block-heading\"><strong>Espere resultados da pesquisa de mercado de an\u00e1lise de dados banc\u00e1rios<\/strong><\/h2>\n\n\n\n<figure class=\"gb-block-image gb-block-image-3ed670ee\"><img loading=\"lazy\" decoding=\"async\" width=\"1456\" height=\"816\" class=\"gb-image gb-image-3ed670ee\" src=\"https:\/\/www.sisinternational.com\/wp-content\/uploads\/2025\/08\/Data-33.jpg\" alt=\"Pesquisa e Estrat\u00e9gia de Mercado Internacional da SIS\" title=\"Data (33)\" srcset=\"https:\/\/www.sisinternational.com\/wp-content\/uploads\/2025\/08\/Data-33.jpg 1456w, https:\/\/www.sisinternational.com\/wp-content\/uploads\/2025\/08\/Data-33-300x168.jpg 300w, https:\/\/www.sisinternational.com\/wp-content\/uploads\/2025\/08\/Data-33-1024x574.jpg 1024w, https:\/\/www.sisinternational.com\/wp-content\/uploads\/2025\/08\/Data-33-768x430.jpg 768w, https:\/\/www.sisinternational.com\/wp-content\/uploads\/2025\/08\/Data-33-18x10.jpg 18w\" sizes=\"auto, (max-width: 1456px) 100vw, 1456px\"><\/figure>\n\n\n\n<p><\/p>\n\n\n\n<p><span style=\"font-weight: 400;\">Businesses can expect several key results from conducting <a href=\"https:\/\/www.sisinternational.com\/pt\/cobertura\/as-americas\/cobertura-dos-eua\/pesquisa-de-mercado-em-key-west-florida\/\" title=\"Pesquisa de mercado de Key West Fl\u00f3rida\"  data-wpil-monitor-id=\"7157\">pesquisa de mercado de an\u00e1lise de dados banc\u00e1rios<\/a>. These results include:<\/span><\/p>\n\n\n\n<p><b>\u2022 An\u00e1lise Abrangente de Dados:<\/b><span style=\"font-weight: 400;\"> A pesquisa de mercado de an\u00e1lise de dados banc\u00e1rios envolve uma an\u00e1lise abrangente de dados financeiros, incluindo dados transacionais, informa\u00e7\u00f5es de clientes, dados de mercado e dados regulat\u00f3rios. As empresas podem esperar insights aprofundados sobre suas opera\u00e7\u00f5es, comportamento do cliente, tend\u00eancias de mercado e requisitos de conformidade regulat\u00f3ria.<\/span><\/p>\n\n\n\n<p><b>\u2022 Solu\u00e7\u00f5es Personalizadas:<\/b><span style=\"font-weight: 400;\"> Bank data analytics market research provides customized solutions tailored to the specific needs and objectives of banking sector businesses.&nbsp;<\/span><\/p>\n\n\n\n<p><b>\u2022 Conformidade regulat\u00f3ria:<\/b><span style=\"font-weight: 400;\"> A pesquisa de mercado garante a conformidade regulat\u00f3ria ao aderir aos padr\u00f5es do setor e \u00e0s melhores pr\u00e1ticas para lidar com dados financeiros confidenciais. As empresas podem esperar medidas robustas de seguran\u00e7a de dados, pr\u00e1ticas \u00e9ticas de tratamento de dados e conformidade com os requisitos regulamentares para proteger a privacidade e confidencialidade do cliente.<\/span><\/p>\n\n\n\n<p><b>\u2022 Recomenda\u00e7\u00f5es Estrat\u00e9gicas:<\/b><span style=\"font-weight: 400;\"> Fornece recomenda\u00e7\u00f5es estrat\u00e9gicas baseadas em insights baseados em dados, permitindo que as empresas tomem decis\u00f5es informadas que impulsionam o crescimento e a rentabilidade.&nbsp;<\/span><\/p>\n\n\n\n<h2 class=\"wp-block-heading\"><strong>Tend\u00eancias atuais em pesquisa de mercado de an\u00e1lise de dados banc\u00e1rios<\/strong><\/h2>\n\n\n\n<p><span style=\"font-weight: 400;\">Several current trends are shaping the landscape of <a href=\"https:\/\/www.sisinternational.com\/pt\/pericia\/industrias\/pesquisa-de-mercado-de-rastreamento-de-tendencias\/\" title=\"Pesquisa de mercado de rastreamento de tend\u00eancias\"  data-wpil-monitor-id=\"5458\">pesquisa de mercado de an\u00e1lise de dados banc\u00e1rios<\/a>. Some of these trends include:<\/span><\/p>\n\n\n\n<p><b>\u2022 Aprendizado de m\u00e1quina e IA:<\/b><span style=\"font-weight: 400;\"> Machine learning and artificial intelligence (AI) are increasingly adopted in bank data analytics market research to enhance predictive modeling, risk assessment, and customer segmentation. Banks leverage machine learning algorithms to analyze customer behavior, detect anomalies, and personalize banking experiences, improving customer satisfaction and retention.<\/span><\/p>\n\n\n\n<p><b>\u2022 Detec\u00e7\u00e3o e Preven\u00e7\u00e3o de Fraudes:<\/b><span style=\"font-weight: 400;\"> With the rise of sophisticated cyber threats and financial fraud, banks prioritize fraud detection and prevention in their data analytics initiatives. Advanced analytics techniques, such as anomaly detection and pattern recognition, are being employed to identify fraudulent activities in real-time, helping banks mitigate risks and protect their assets and customers.<\/span><\/p>\n\n\n\n<p><b>\u2022 Otimiza\u00e7\u00e3o da Experi\u00eancia do Cliente:<\/b><span style=\"font-weight: 400;\"> Melhorar a experi\u00eancia do cliente tornou-se um ponto focal para os bancos, impulsionando a ado\u00e7\u00e3o da an\u00e1lise de dados para compreender as prefer\u00eancias dos clientes, prever as suas necessidades e proporcionar experi\u00eancias banc\u00e1rias personalizadas. Os bancos est\u00e3o a aproveitar a an\u00e1lise de dados para otimizar canais digitais, personalizar ofertas de produtos e melhorar o envolvimento do cliente, conduzindo, em \u00faltima an\u00e1lise, a uma maior satisfa\u00e7\u00e3o e fidelidade do cliente.<\/span><\/p>\n\n\n\n<h2 class=\"wp-block-heading\"><strong>Oportunidades em pesquisa de mercado de an\u00e1lise de dados banc\u00e1rios para empresas<\/strong><\/h2>\n\n\n\n<p><span style=\"font-weight: 400;\">As empresas do setor banc\u00e1rio podem capitalizar diversas oportunidades oferecidas pela pesquisa de mercado de an\u00e1lise de dados banc\u00e1rios. Essas oportunidades incluem:<\/span><\/p>\n\n\n\n<ul class=\"wp-block-list\">\n<li><b>Insights aprimorados do cliente:<\/b><span style=\"font-weight: 400;\"> A pesquisa de mercado de an\u00e1lise de dados banc\u00e1rios fornece \u00e0s empresas insights aprimorados sobre o comportamento, prefer\u00eancias e necessidades do cliente.\u00a0<\/span><\/li>\n\n\n\n<li><b>Otimiza\u00e7\u00e3o da gest\u00e3o de riscos:<\/b><span style=\"font-weight: 400;\"> A pesquisa de mercado de an\u00e1lise de dados banc\u00e1rios permite que as empresas otimizem estrat\u00e9gias de gest\u00e3o de risco, identificando e mitigando riscos potenciais em tempo real.\u00a0<\/span><\/li>\n\n\n\n<li><b>Inova\u00e7\u00e3o de produto:<\/b><span style=\"font-weight: 400;\"> A pesquisa de mercado de an\u00e1lise de dados banc\u00e1rios permite que as empresas inovem e desenvolvam novos produtos e servi\u00e7os que atendam \u00e0s necessidades emergentes dos clientes e \u00e0s tend\u00eancias do mercado.\u00a0<\/span><\/li>\n<\/ul>\n\n\n\n<h2 class=\"wp-block-heading\"><strong>Desafios da pesquisa de mercado de an\u00e1lise de dados banc\u00e1rios para empresas<\/strong><\/h2>\n\n\n\n<figure class=\"gb-block-image gb-block-image-bf86607a\"><img loading=\"lazy\" decoding=\"async\" width=\"1456\" height=\"816\" class=\"gb-image gb-image-bf86607a\" src=\"https:\/\/www.sisinternational.com\/wp-content\/uploads\/2025\/08\/Bank-9.jpg\" alt=\"Pesquisa e Estrat\u00e9gia de Mercado Internacional da SIS\" title=\"Bank (9)\" srcset=\"https:\/\/www.sisinternational.com\/wp-content\/uploads\/2025\/08\/Bank-9.jpg 1456w, https:\/\/www.sisinternational.com\/wp-content\/uploads\/2025\/08\/Bank-9-300x168.jpg 300w, https:\/\/www.sisinternational.com\/wp-content\/uploads\/2025\/08\/Bank-9-1024x574.jpg 1024w, https:\/\/www.sisinternational.com\/wp-content\/uploads\/2025\/08\/Bank-9-768x430.jpg 768w, https:\/\/www.sisinternational.com\/wp-content\/uploads\/2025\/08\/Bank-9-18x10.jpg 18w\" sizes=\"auto, (max-width: 1456px) 100vw, 1456px\"><\/figure>\n\n\n\n<p><\/p>\n\n\n\n<p><span style=\"font-weight: 400;\">As empresas do setor banc\u00e1rio enfrentam v\u00e1rios desafios para aproveitar eficazmente a an\u00e1lise de dados. Esses desafios incluem:<\/span><\/p>\n\n\n\n<ul class=\"wp-block-list\">\n<li><b>Lacuna de talentos e habilidades:<\/b><span style=\"font-weight: 400;\"> Another challenge is the shortage of skilled data analytics professionals with expertise in banking and finance. Banks require diverse skills, including data science, statistical analysis, and domain knowledge in banking operations.\u00a0<\/span><\/li>\n\n\n\n<li><b>Complexidade de conformidade regulat\u00f3ria:<\/b><span style=\"font-weight: 400;\"> Banks operate in a highly regulated environment with stringent compliance requirements. Implementing data analytics solutions while ensuring compliance with GDPR, CCPA, and Basel III regulations poses significant challenges.<\/span><\/li>\n\n\n\n<li><b>Quest\u00f5es \u00e9ticas e de preconceito:<\/b> Considera\u00e7\u00f5es \u00e9ticas e preconceitos na an\u00e1lise de dados apresentam desafios para os bancos. A an\u00e1lise de grandes volumes de dados pode levar inadvertidamente a resultados tendenciosos ou pr\u00e1ticas anti\u00e9ticas, levantando preocupa\u00e7\u00f5es sobre justi\u00e7a, transpar\u00eancia e responsabiliza\u00e7\u00e3o.<\/li>\n<\/ul>\n\n\n\n<h2 class=\"wp-block-heading\"><strong>Key Elements to Consider in Bank Data Analytics Market Research<\/strong><\/h2>\n\n\n\n<h3 class=\"wp-block-heading\">Satisfa\u00e7\u00e3o do cliente<\/h3>\n\n\n\n<p class=\"p3\"><span class=\"s1\">Customer Satisfaction is crucial to achieving excellent business results. It helps retain existing customers and attract new ones. Banks generally inform customers about the details of the latest offers and other exciting deals through emails and messages. <\/span><\/p>\n\n\n\n<p class=\"p3\"><span class=\"s1\">O suporte a qualquer hora \u00e9 uma das melhores vantagens do setor banc\u00e1rio atual. A maioria dos principais setores banc\u00e1rios agora oferece suporte ao cliente 24 horas por dia, 7 dias por semana. Pode aumentar o n\u00famero de clientes e investidores na \u00e1rea banc\u00e1ria. <\/span><\/p>\n\n\n\n<p class=\"p3\"><span class=\"s1\">The monitoring of phone numbers and tracking codes is critical. It helps bankers get details about transactions and other banking details. The use of a data analytics program in the banking sector can reduce labor costs. It assures instant access to customer details and reduces the risk of time and money loss. Delays in banking transactions can cause the bank to lose customers. Banks can prevent customer loss by using data analytics.<\/span><\/p>\n\n\n\n<h3 class=\"wp-block-heading\">Aprendizado de m\u00e1quina<\/h3>\n\n\n\n<p class=\"p3\"><span class=\"s1\">Machine learning in banking is essential. It helps bankers achieve the best results in today&#8217;s marketing world. At present, many online services are available worldwide. These services provide training in machine learning. How do we use data science in banking? By using the right software programs. Artificial Intelligence (AI) is one of the best tools for promoting banking sectors.<\/span><\/p>\n\n\n\n<h3 class=\"wp-block-heading\">Fideliza\u00e7\u00e3o de clientes<\/h3>\n\n\n\n<p class=\"p3\"><span class=\"s1\">Customer retention is crucial for uplifting the bank&#8217;s value. Data analytics can help banks manage customer acquisition costs, and even better, it does so effectively. Customer segmentation is critical. It provides details of new offers and other exciting sales. Artificial intelligence helps bank marketers pick the targeted group or audience, dramatically extending customer lifetime value.<\/span><\/p>\n\n\n\n<h3 class=\"wp-block-heading\">Intelig\u00eancia artificial<\/h3>\n\n\n\n<p class=\"p3\"><span class=\"s1\">Finding new sources of growth is crucial to boosting profits. Your bank will need AI tools for this search, and it can also benefit from our expertise at SIS International.<\/span><\/p>\n\n\n\n<h3 class=\"wp-block-heading\">Modelagem de dados<\/h3>\n\n\n\n<p class=\"p3\"><span class=\"s1\">The shift from traditional to digital bank services calls for new techniques. For example, at SIS International, we use data modeling. This technique documents software and business system design. Financial institutions can move faster and smarter with real-time data, since it improves customer experience, boosts financial performance, and manages risk. It&#8217;s also helpful in developing an HR Talent Strategy with Data Scientists.<\/span><\/p>\n\n\n\n<h2 class=\"wp-block-heading\">Sobre a pesquisa de mercado de an\u00e1lise de dados banc\u00e1rios<\/h2>\n\n\n\n<p class=\"p3\"><span class=\"s1\">Having data is not enough. Banks need data quality controls. These controls ensure that the information they have is accessible and trustworthy, allowing them to remain competitive and compliant. They also need to know that they&#8217;re getting decent Returns on Assets (ROA) and Returns on Equity (ROE).<\/span><\/p>\n\n\n\n<p class=\"p3\"><span class=\"s1\">A SIS International fornece as seguintes solu\u00e7\u00f5es:<\/span><\/p>\n\n\n\n<ul class=\"wp-block-list\">\n<li><span class=\"s1\">Visualiza\u00e7\u00e3o de dados<\/span><\/li>\n\n\n\n<li><span class=\"s1\">Consultoria Estat\u00edstica<\/span><\/li>\n\n\n\n<li><span class=\"s1\">An\u00e1lise de regress\u00e3o<\/span><\/li>\n\n\n\n<li><span class=\"s1\">An\u00e1lise conjunta<\/span><\/li>\n\n\n\n<li><span class=\"s1\">An\u00e1lise preditiva<\/span><\/li>\n\n\n\n<li><span class=\"s1\">ANOVA<\/span><\/li>\n\n\n\n<li><span class=\"s1\">An\u00e1lise de Montecarlo<\/span><\/li>\n\n\n\n<li><span class=\"s1\">Modelagem de dados<\/span><\/li>\n\n\n\n<li><span class=\"s1\">Pacote de estat\u00edsticas gerais<\/span><\/li>\n\n\n\n<li><span class=\"s1\">An\u00e1lise de Caixa<\/span><\/li>\n\n\n\n<li><span class=\"s1\">Intervalos de confian\u00e7a<\/span><\/li>\n\n\n\n<li><span class=\"s1\">An\u00e1lise de valores discrepantes<\/span><\/li>\n\n\n\n<li><span class=\"s1\">An\u00e1lise de distribui\u00e7\u00e3o, assimetria e curtose<\/span><\/li>\n\n\n\n<li><span class=\"s1\">Alfa, estat\u00edstica F, valor p, etc.<\/span><\/li>\n\n\n\n<li><span class=\"s1\">An\u00e1lise de ROA e ROE<\/span><\/li>\n\n\n\n<li><span class=\"s1\">An\u00e1lise dessazonalizada<\/span><\/li>\n<\/ul>\n\n\n\n<h2 class=\"wp-block-heading\">Localiza\u00e7\u00e3o de nossas instala\u00e7\u00f5es em Nova York<\/h2>\n\n\n\n<p>  <iframe loading=\"lazy\" src=\"https:\/\/www.google.com\/maps\/embed?pb=!1m18!1m12!1m3!1d3022.976188376966!2d-73.99130312499956!3d40.740549471389315!2m3!1f0!2f0!3f0!3m2!1i1024!2i768!4f13.1!3m3!1m2!1s0x89c259a15798c731%3A0xd695d09bdd495f25!2s11%20E%2022nd%20St%20FL%202%2C%20New%20York%2C%20NY%2010010%2C%20USA!5e0!3m2!1sen!2spe!4v1726171763526!5m2!1sen!2spe\" width=\"600\" height=\"450\" allowfullscreen=\"allowfullscreen\" data-mce-fragment=\"1\"><\/iframe>  <\/p>\n\n\n\n<h3 class=\"wp-block-heading\">11 E 22nd Street, 2\u00ba andar, Nova York, NY 10010 T: +1(212) 505-6805<\/h3>\n\n\n\n<hr class=\"wp-block-separator has-alpha-channel-opacity\"\/>\n\n\n\n<h2 class=\"wp-block-heading\"><span style=\"font-weight: 400;\">Sobre SIS Internacional<\/span><\/h2>\n\n\n\n<p><a href=\"https:\/\/www.sisinternational.com\/pt\/\"><span style=\"font-weight: 400;\">SIS Internacional<\/span><\/a><span style=\"font-weight: 400;\"> oferece pesquisa quantitativa, qualitativa e estrat\u00e9gica. Fornecemos dados, ferramentas, estrat\u00e9gias, relat\u00f3rios e insights para a tomada de decis\u00f5es. Tamb\u00e9m realizamos entrevistas, pesquisas, grupos focais e outros m\u00e9todos e abordagens de Pesquisa de Mercado.<\/span><a href=\"https:\/\/www.sisinternational.com\/pt\/sobre-a-sis-international-research\/contact-sis-international-market-research\/\"><span style=\"font-weight: 400;\"> Entre em contato conosco<\/span><\/a><span style=\"font-weight: 400;\"> para o seu pr\u00f3ximo projeto de pesquisa de mercado.<\/span><\/p>\n\n\n\n<p><\/p>","protected":false},"excerpt":{"rendered":"<p>Fornecemos pesquisas de mercado de an\u00e1lise de dados banc\u00e1rios para impulsionar seu desempenho.<\/p>","protected":false},"author":1,"featured_media":64375,"parent":27462,"menu_order":25,"comment_status":"closed","ping_status":"closed","template":"","meta":{"footnotes":""},"class_list":["post-34647","page","type-page","status-publish","has-post-thumbnail"],"_links":{"self":[{"href":"https:\/\/www.sisinternational.com\/pt\/wp-json\/wp\/v2\/pages\/34647","targetHints":{"allow":["GET"]}}],"collection":[{"href":"https:\/\/www.sisinternational.com\/pt\/wp-json\/wp\/v2\/pages"}],"about":[{"href":"https:\/\/www.sisinternational.com\/pt\/wp-json\/wp\/v2\/types\/page"}],"author":[{"embeddable":true,"href":"https:\/\/www.sisinternational.com\/pt\/wp-json\/wp\/v2\/users\/1"}],"replies":[{"embeddable":true,"href":"https:\/\/www.sisinternational.com\/pt\/wp-json\/wp\/v2\/comments?post=34647"}],"version-history":[{"count":12,"href":"https:\/\/www.sisinternational.com\/pt\/wp-json\/wp\/v2\/pages\/34647\/revisions"}],"predecessor-version":[{"id":80718,"href":"https:\/\/www.sisinternational.com\/pt\/wp-json\/wp\/v2\/pages\/34647\/revisions\/80718"}],"up":[{"embeddable":true,"href":"https:\/\/www.sisinternational.com\/pt\/wp-json\/wp\/v2\/pages\/27462"}],"wp:featuredmedia":[{"embeddable":true,"href":"https:\/\/www.sisinternational.com\/pt\/wp-json\/wp\/v2\/media\/64375"}],"wp:attachment":[{"href":"https:\/\/www.sisinternational.com\/pt\/wp-json\/wp\/v2\/media?parent=34647"}],"curies":[{"name":"wp","href":"https:\/\/api.w.org\/{rel}","templated":true}]}}