{"id":34614,"date":"2020-02-17T16:45:56","date_gmt":"2020-02-17T16:45:56","guid":{"rendered":"https:\/\/www.sisinternational.com\/?page_id=34614"},"modified":"2026-01-27T16:53:38","modified_gmt":"2026-01-27T21:53:38","slug":"pesquisa-de-mercado-de-agencia-bancaria","status":"publish","type":"page","link":"https:\/\/www.sisinternational.com\/pt\/solucoes\/pesquisa-de-consultoria-em-estrategia-fintech\/pesquisa-de-mercado-de-agencia-bancaria\/","title":{"rendered":"Pesquisa de mercado de ag\u00eancias banc\u00e1rias"},"content":{"rendered":"<h1 class=\"gb-headline gb-headline-c384f282 gb-headline-text\">Pesquisa de mercado de ag\u00eancias banc\u00e1rias<\/h1>\n\n\n\n<figure class=\"gb-block-image gb-block-image-35c54e52\"><img loading=\"lazy\" decoding=\"async\" width=\"1456\" height=\"816\" class=\"gb-image gb-image-35c54e52\" src=\"https:\/\/www.sisinternational.com\/wp-content\/uploads\/2025\/08\/Bank-2-1.jpg\" alt=\"Pesquisa e Estrat\u00e9gia de Mercado Internacional da SIS\" title=\"Bank (2)\" srcset=\"https:\/\/www.sisinternational.com\/wp-content\/uploads\/2025\/08\/Bank-2-1.jpg 1456w, https:\/\/www.sisinternational.com\/wp-content\/uploads\/2025\/08\/Bank-2-1-300x168.jpg 300w, https:\/\/www.sisinternational.com\/wp-content\/uploads\/2025\/08\/Bank-2-1-1024x574.jpg 1024w, https:\/\/www.sisinternational.com\/wp-content\/uploads\/2025\/08\/Bank-2-1-768x430.jpg 768w, https:\/\/www.sisinternational.com\/wp-content\/uploads\/2025\/08\/Bank-2-1-18x10.jpg 18w\" sizes=\"auto, (max-width: 1456px) 100vw, 1456px\"><\/figure>\n\n\n\n<h1 class=\"wp-block-heading\"><\/h1>\n\n\n\n<hr class=\"wp-block-separator has-alpha-channel-opacity is-style-dots\"\/>\n\n\n\n<h2 class=\"wp-block-heading p3\"><span class=\"s1\">Abrir uma nova ag\u00eancia banc\u00e1ria hoje em dia \u00e9 um empreendimento audacioso. <\/span><\/h2>\n\n\n\n<p class=\"p3\"><span class=\"s1\">Por um lado, a competi\u00e7\u00e3o \u00e9 mais acirrada. A ind\u00fastria tamb\u00e9m mudou completamente devido \u00e0 transforma\u00e7\u00e3o digital. Assim, a pesquisa de mercado das ag\u00eancias banc\u00e1rias tornou-se uma ferramenta essencial. Os bancos podem utiliz\u00e1-lo para avaliar o estado atual dos neg\u00f3cios e oportunidades de nicho. <\/span><\/p>\n\n\n\n<h2 class=\"wp-block-heading\"><strong>Compreendendo a pesquisa de mercado de ag\u00eancias banc\u00e1rias<\/strong><\/h2>\n\n\n\n<p><span style=\"font-weight: 400;\"><a href=\"https:\/\/www.sisinternational.com\/pt\/atualizacao-de-tendencias-bancarias-e-financeiras-islamicas\/\" title=\"Pesquisa de Mercado Banc\u00e1rio Isl\u00e2mico\"  data-wpil-monitor-id=\"2873\">Bank branch market research<\/a> allows financial institutions to make data-driven decisions, optimize branch operations, and tailor services to meet evolving customer needs.<\/span><\/p>\n\n\n\n<p><span style=\"font-weight: 400;\">One fundamental aspect of <a href=\"https:\/\/www.sisinternational.com\/pt\/entendendo-o-sistema-bancario-paralelo-da-china\/\" title=\"Compreendendo o sistema banc\u00e1rio paralelo da China\"  data-wpil-monitor-id=\"4383\">pesquisa de mercado de ag\u00eancia banc\u00e1ria<\/a> is its focus on understanding customer behavior within the physical banking environment. This includes analyzing transaction volumes and customer interactions to identify opportunities for improving service delivery and enhancing customer satisfaction.<\/span><\/p>\n\n\n\n<p><span style=\"font-weight: 400;\">Al\u00e9m disso, a pesquisa de mercado das ag\u00eancias banc\u00e1rias vai al\u00e9m das ag\u00eancias individuais para abranger tend\u00eancias de mercado mais amplas e an\u00e1lises da concorr\u00eancia. Ao avaliar a satura\u00e7\u00e3o do mercado, as mudan\u00e7as demogr\u00e1ficas e o posicionamento competitivo, as institui\u00e7\u00f5es financeiras podem identificar segmentos de mercado inexplorados e desenvolver estrat\u00e9gias espec\u00edficas de expans\u00e3o.<\/span><\/p>\n\n\n\n<h2 class=\"wp-block-heading\"><strong>Pesquisa de mercado de ag\u00eancias banc\u00e1rias: por que \u00e9 importante?<\/strong><\/h2>\n\n\n\n<figure class=\"gb-block-image gb-block-image-e49258c8\"><img loading=\"lazy\" decoding=\"async\" width=\"1456\" height=\"816\" class=\"gb-image gb-image-e49258c8\" src=\"https:\/\/www.sisinternational.com\/wp-content\/uploads\/2025\/08\/Bank-8-1.jpg\" alt=\"Pesquisa e Estrat\u00e9gia de Mercado Internacional da SIS\" title=\"Bank (8)\" srcset=\"https:\/\/www.sisinternational.com\/wp-content\/uploads\/2025\/08\/Bank-8-1.jpg 1456w, https:\/\/www.sisinternational.com\/wp-content\/uploads\/2025\/08\/Bank-8-1-300x168.jpg 300w, https:\/\/www.sisinternational.com\/wp-content\/uploads\/2025\/08\/Bank-8-1-1024x574.jpg 1024w, https:\/\/www.sisinternational.com\/wp-content\/uploads\/2025\/08\/Bank-8-1-768x430.jpg 768w, https:\/\/www.sisinternational.com\/wp-content\/uploads\/2025\/08\/Bank-8-1-18x10.jpg 18w\" sizes=\"auto, (max-width: 1456px) 100vw, 1456px\"><\/figure>\n\n\n\n<p><\/p>\n\n\n\n<p><span style=\"font-weight: 400;\">A pesquisa de mercado de ag\u00eancias banc\u00e1rias permite que as institui\u00e7\u00f5es financeiras otimizem suas redes de ag\u00eancias para obter m\u00e1xima efici\u00eancia e efic\u00e1cia. Atrav\u00e9s de uma an\u00e1lise cuidadosa da procura do mercado, das tend\u00eancias demogr\u00e1ficas e do posicionamento competitivo, os bancos podem alocar recursos estrategicamente, abrir novas sucursais em \u00e1reas de elevado potencial e agilizar as opera\u00e7\u00f5es para melhorar a rentabilidade.<\/span><\/p>\n\n\n\n<p><span style=\"font-weight: 400;\">Furthermore, bank branch market research is a foundational element in strategic planning and decision-making for financial institutions. Whether it&#8217;s identifying growth opportunities, evaluating the feasibility of new products and services, or assessing the impact of regulatory changes, market research provides the data-driven insights necessary for informed decision-making.<\/span><\/p>\n\n\n\n<p><span style=\"font-weight: 400;\">No entanto, tem muitos outros benef\u00edcios, incluindo:<\/span><\/p>\n\n\n\n<p><b>\u2022 Experi\u00eancia aprimorada do cliente<\/b><span style=\"font-weight: 400;\">: By understanding customer preferences and behaviors, banks can enhance the overall branch experience, leading to higher satisfaction and customer loyalty.<\/span><\/p>\n\n\n\n<p><b>\u2022 Opera\u00e7\u00f5es otimizadas de filiais<\/b><span style=\"font-weight: 400;\">: Atrav\u00e9s de insights baseados em dados, os bancos podem simplificar as opera\u00e7\u00f5es das ag\u00eancias, alocar recursos de forma eficaz e melhorar a efici\u00eancia operacional, reduzindo, em \u00faltima an\u00e1lise, custos e maximizando a rentabilidade.<\/span><\/p>\n\n\n\n<p><b>\u2022 Tomada de decis\u00e3o informada<\/b><span style=\"font-weight: 400;\">: A pesquisa de mercado de ag\u00eancias banc\u00e1rias fornece aos bancos os dados e insights necess\u00e1rios para tomar decis\u00f5es estrat\u00e9gicas informadas.<\/span><\/p>\n\n\n\n<p><b>\u2022 Vantagem competitiva<\/b><span style=\"font-weight: 400;\">: Ao manterem-se \u00e0 frente das tend\u00eancias do mercado e das prefer\u00eancias dos consumidores, os bancos podem diferenciar-se dos concorrentes, oferecendo servi\u00e7os \u00fanicos e personalizados que repercutem nos clientes.<\/span><\/p>\n\n\n\n<p><b>\u2022 Mitiga\u00e7\u00e3o de riscos<\/b><span style=\"font-weight: 400;\">: A pesquisa de mercado das ag\u00eancias banc\u00e1rias ajuda os bancos a identificar potenciais riscos e desafios, permitindo-lhes mitigar proativamente esses riscos e desenvolver planos de conting\u00eancia, salvaguardando assim a sua estabilidade financeira.<\/span><\/p>\n\n\n\n<h2 class=\"wp-block-heading\"><strong>Como a pesquisa de mercado de ag\u00eancias banc\u00e1rias difere da pesquisa de mercado tradicional?<\/strong><\/h2>\n\n\n\n<p><span style=\"font-weight: 400;\">Ao contr\u00e1rio da pesquisa de mercado tradicional, que pode se concentrar em canais on-line ou no comportamento geral do consumidor, a pesquisa de mercado de ag\u00eancias banc\u00e1rias concentra-se nas localiza\u00e7\u00f5es das ag\u00eancias f\u00edsicas, analisando os layouts das ag\u00eancias e as intera\u00e7\u00f5es dos clientes nesses ambientes.<\/span><\/p>\n\n\n\n<p><span style=\"font-weight: 400;\">Similarly, bank branch market research often adopts a more customer-centric approach to understand customer preferences, behaviors, and experiences within the branch environment. This includes gathering feedback on branch services, waiting times, and overall satisfaction levels.<\/span><\/p>\n\n\n\n<h2 class=\"wp-block-heading\"><strong>Que resultados as empresas podem esperar da pesquisa de mercado de ag\u00eancias banc\u00e1rias?<\/strong><\/h2>\n\n\n\n<p><span style=\"font-weight: 400;\">Ao realizar pesquisas de mercado de ag\u00eancias banc\u00e1rias, as institui\u00e7\u00f5es financeiras podem esperar uma an\u00e1lise abrangente que abrange v\u00e1rios fatores que influenciam o desempenho das ag\u00eancias e a satisfa\u00e7\u00e3o do cliente, incluindo:<\/span><\/p>\n\n\n\n<p><b>Insights baseados em dados<\/b><span style=\"font-weight: 400;\">:<\/span><\/p>\n\n\n\n<p><span style=\"font-weight: 400;\">A pesquisa de mercado de ag\u00eancias banc\u00e1rias aproveita t\u00e9cnicas de an\u00e1lise de dados para extrair insights valiosos de intera\u00e7\u00f5es com clientes, registros de transa\u00e7\u00f5es e m\u00e9tricas de desempenho de ag\u00eancias. Esta abordagem baseada em dados permite que os bancos identifiquem tend\u00eancias, padr\u00f5es e oportunidades de melhoria.<\/span><\/p>\n\n\n\n<p><b>Avalia\u00e7\u00e3o de Desempenho da Filial<\/b><span style=\"font-weight: 400;\">:<\/span><\/p>\n\n\n\n<p><span style=\"font-weight: 400;\">Bank branch market research involves evaluating individual branches&#8217; performance based on metrics such as foot traffic, transaction volumes, wait times, and service quality. This evaluation helps identify high-performing branches and areas for improvement.<\/span><\/p>\n\n\n\n<p><b>Analise competitiva<\/b><span style=\"font-weight: 400;\">:<\/span><\/p>\n\n\n\n<p><span style=\"font-weight: 400;\">Financial institutions conduct competitive analysis as part of <a href=\"https:\/\/www.sisinternational.com\/pt\/solucoes\/solucoes-de-pesquisa-quantitativa-qualitativa\/pesquisa-de-mercado-de-analise-de-cluster\/\" title=\"Pesquisa de mercado de an\u00e1lise de cluster\"  data-wpil-monitor-id=\"7021\">pesquisa de mercado de ag\u00eancia banc\u00e1ria<\/a> to benchmark their branch performance against competitors. This involves assessing competitor branch locations, service offerings, customer satisfaction levels, and market positioning.<\/span><\/p>\n\n\n\n<p><b>Efici\u00eancia operacional<\/b><span style=\"font-weight: 400;\">:<\/span><\/p>\n\n\n\n<p><span style=\"font-weight: 400;\">Outro aspecto da pesquisa de mercado das ag\u00eancias banc\u00e1rias \u00e9 otimizar as opera\u00e7\u00f5es das ag\u00eancias para obter a m\u00e1xima efici\u00eancia. Isso inclui avaliar os n\u00edveis de pessoal, layouts de filiais, sistemas de filas e integra\u00e7\u00e3o de tecnologia para agilizar as opera\u00e7\u00f5es e melhorar o atendimento ao cliente.<\/span><\/p>\n\n\n\n<p><b>Recomenda\u00e7\u00f5es Estrat\u00e9gicas<\/b><span style=\"font-weight: 400;\">:<\/span><\/p>\n\n\n\n<p><span style=\"font-weight: 400;\">Financial institutions receive strategic recommendations to enhance branch performance and customer satisfaction based on the insights gathered from bank branch market research.&nbsp;<\/span><\/p>\n\n\n\n<h2 class=\"wp-block-heading\"><strong>Tend\u00eancias atuais em pesquisa de mercado de ag\u00eancias banc\u00e1rias<\/strong><\/h2>\n\n\n\n<figure class=\"gb-block-image gb-block-image-dfcaaf36\"><img loading=\"lazy\" decoding=\"async\" width=\"1456\" height=\"816\" class=\"gb-image gb-image-dfcaaf36\" src=\"https:\/\/www.sisinternational.com\/wp-content\/uploads\/2025\/08\/Bank-5.jpg\" alt=\"Pesquisa e Estrat\u00e9gia de Mercado Internacional da SIS\" title=\"Bank (5)\" srcset=\"https:\/\/www.sisinternational.com\/wp-content\/uploads\/2025\/08\/Bank-5.jpg 1456w, https:\/\/www.sisinternational.com\/wp-content\/uploads\/2025\/08\/Bank-5-300x168.jpg 300w, https:\/\/www.sisinternational.com\/wp-content\/uploads\/2025\/08\/Bank-5-1024x574.jpg 1024w, https:\/\/www.sisinternational.com\/wp-content\/uploads\/2025\/08\/Bank-5-768x430.jpg 768w, https:\/\/www.sisinternational.com\/wp-content\/uploads\/2025\/08\/Bank-5-18x10.jpg 18w\" sizes=\"auto, (max-width: 1456px) 100vw, 1456px\"><\/figure>\n\n\n\n<p><\/p>\n\n\n\n<p><span style=\"font-weight: 400;\">As the banking industry continues to evolve, several trends are shaping the landscape of bank branch market research. These trends reflect consumers&#8217; changing preferences, advancements in technology, and the evolving regulatory environment.&nbsp;<\/span><\/p>\n\n\n\n<p><b>\u2022 Transforma\u00e7\u00e3o Digital<\/b><span style=\"font-weight: 400;\">: Com a ascens\u00e3o do banco digital, h\u00e1 uma \u00eanfase crescente na integra\u00e7\u00e3o de canais digitais com experi\u00eancias de ag\u00eancias f\u00edsicas. A pesquisa de mercado de ag\u00eancias banc\u00e1rias agora inclui a an\u00e1lise das intera\u00e7\u00f5es dos clientes em plataformas digitais e a avalia\u00e7\u00e3o do impacto da transforma\u00e7\u00e3o digital no desempenho das ag\u00eancias.<\/span><\/p>\n\n\n\n<p><b>\u2022 Otimiza\u00e7\u00e3o da Experi\u00eancia do Cliente<\/b>: Customer experience has become a focal point in <a href=\"https:\/\/www.sisinternational.com\/pt\/pericia\/curriculos-de-experiencia\/curriculo-de-experiencia-em-estudos-de-etnografia\/\" title=\"Experi\u00eancia em pesquisa de mercado em etnografia\"  data-wpil-monitor-id=\"6356\">pesquisa de mercado de ag\u00eancia banc\u00e1ria<\/a>, with financial institutions striving to create seamless and personalized customer experiences. This trend involves gathering feedback on branch services, employee interactions, and overall satisfaction to identify areas for improvement.<\/span><\/p>\n\n\n\n<p><b>\u2022 An\u00e1lise de dados e IA<\/b><span style=\"font-weight: 400;\">: As institui\u00e7\u00f5es financeiras utilizam ferramentas de an\u00e1lise de dados para analisar o comportamento do cliente, prever tend\u00eancias e otimizar as opera\u00e7\u00f5es das ag\u00eancias. Chatbots e assistentes virtuais com tecnologia de IA tamb\u00e9m melhoram o atendimento ao cliente e agilizam as intera\u00e7\u00f5es nas filiais.<\/span><\/p>\n\n\n\n<p><b>\u2022 Redesenho e Layout da Filial<\/b><span style=\"font-weight: 400;\">: Banks are reimagining branch layouts and designs to create more customer-centric environments. Bank <a href=\"https:\/\/www.sisinternational.com\/pt\/solucoes\/solucoes-de-branding-e-pesquisa-de-clientes\/pesquisa-de-layout-de-loja\/\" title=\"Pesquisa de layout de loja\"  data-wpil-monitor-id=\"6507\">branch<\/a> market research includes evaluating the effectiveness of branch layouts, traffic flow, and the use of technology to enhance the overall branch experience.<\/span><\/p>\n\n\n\n<p><b>\u2022 Envolvimento da comunidade<\/b><span style=\"font-weight: 400;\">: Financial institutions focus on building stronger connections with their local communities through community engagement initiatives. Bank branch market research may involve assessing the impact of community events, sponsorships, and outreach programs on brand perception and customer loyalty.<\/span><\/p>\n\n\n\n<h2 class=\"wp-block-heading\"><strong>Oportunidades em pesquisa de mercado de ag\u00eancias banc\u00e1rias para empresas<\/strong><\/h2>\n\n\n\n<p><span style=\"font-weight: 400;\">Para as empresas que operam no setor banc\u00e1rio, a participa\u00e7\u00e3o em pesquisas de mercado de ag\u00eancias banc\u00e1rias apresenta diversas oportunidades para impulsionar o crescimento, aumentar a satisfa\u00e7\u00e3o do cliente e permanecer competitivas. Aqui est\u00e3o algumas oportunidades importantes a serem consideradas:<\/span><\/p>\n\n\n\n<p><b>\u2022 Otimizando o desempenho da filial<\/b><span style=\"font-weight: 400;\">: por meio de pesquisas de mercado de ag\u00eancias banc\u00e1rias, as empresas podem identificar oportunidades para otimizar o desempenho das ag\u00eancias analisando o tr\u00e1fego de pedestres, os volumes de transa\u00e7\u00f5es e as intera\u00e7\u00f5es com os clientes. Isto inclui a identifica\u00e7\u00e3o de ag\u00eancias de alto desempenho e a implementa\u00e7\u00e3o de estrat\u00e9gias para replicar o seu sucesso em toda a rede.<\/span><\/p>\n\n\n\n<p><b>\u2022 Expandindo o alcance do mercado<\/b><span style=\"font-weight: 400;\">: Ao realizar pesquisas de mercado de ag\u00eancias banc\u00e1rias, as empresas podem identificar segmentos de mercado inexplorados e oportunidades de crescimento, permitindo-lhes expandir estrategicamente a sua rede de ag\u00eancias para novas regi\u00f5es geogr\u00e1ficas ou segmentos demogr\u00e1ficos.&nbsp;<\/span><\/p>\n\n\n\n<p><b>\u2022 Construindo fidelidade \u00e0 marca<\/b><span style=\"font-weight: 400;\">: por meio de pesquisas de mercado de ag\u00eancias banc\u00e1rias, as empresas podem fortalecer o relacionamento com os clientes e construir fidelidade \u00e0 marca, entendendo as necessidades dos clientes, abordando os pontos problem\u00e1ticos e proporcionando experi\u00eancias personalizadas.<\/span><\/p>\n\n\n\n<h2 class=\"wp-block-heading\">Principais \u00e1reas a serem analisadas com pesquisa de mercado de ag\u00eancias banc\u00e1rias<\/h2>\n\n\n\n<figure class=\"gb-block-image gb-block-image-2e4d3657\"><img loading=\"lazy\" decoding=\"async\" width=\"1456\" height=\"816\" class=\"gb-image gb-image-2e4d3657\" src=\"https:\/\/www.sisinternational.com\/wp-content\/uploads\/2025\/08\/Bank-4-1.jpg\" alt=\"Pesquisa e Estrat\u00e9gia de Mercado Internacional da SIS\" title=\"Bank (4)\" srcset=\"https:\/\/www.sisinternational.com\/wp-content\/uploads\/2025\/08\/Bank-4-1.jpg 1456w, https:\/\/www.sisinternational.com\/wp-content\/uploads\/2025\/08\/Bank-4-1-300x168.jpg 300w, https:\/\/www.sisinternational.com\/wp-content\/uploads\/2025\/08\/Bank-4-1-1024x574.jpg 1024w, https:\/\/www.sisinternational.com\/wp-content\/uploads\/2025\/08\/Bank-4-1-768x430.jpg 768w, https:\/\/www.sisinternational.com\/wp-content\/uploads\/2025\/08\/Bank-4-1-18x10.jpg 18w\" sizes=\"auto, (max-width: 1456px) 100vw, 1456px\"><\/figure>\n\n\n\n<p><\/p>\n\n\n\n<h3 class=\"wp-block-heading p3\"><span class=\"s1\">1. Manuseio automatizado de dinheiro e moedas<\/span><\/h3>\n\n\n\n<p class=\"p3\"><span class=\"s1\">Before outlining plans for new bank branches, it is necessary to cover the basics. People want their banks to handle their finances, but they also want them to put simple procedures in place to attend to their needs. Automated cash and coin handling is an effective way to improve the customer experience. The initial costs may be high, yet automated cash and coin handling will make customers more satisfied. It will also free the staff to focus on core activities to grow the branch.<\/span><\/p>\n\n\n\n<h3 class=\"wp-block-heading p3\"><span class=\"s1\">2. Estrat\u00e9gia omnicanal<\/span><\/h3>\n\n\n\n<p class=\"p3\"><span class=\"s1\">Banks must recognize that digital transformation changed the industry. They have new ways to attract clients and maintain their customer base. Yet, it doesn&#8217;t make sense to have a website, an app, and a social profile if they don&#8217;t dialogue with each other. The omnichannel attitude is an excellent solution to create a frictionless customer experience, which can be consistent across all platforms. <\/span><\/p>\n\n\n\n<p class=\"p3\"><span class=\"s1\">The omnichannel approach is a cross-content strategy. Banks can apply it to integrate all the settings where they are present. For example, if an app is in place, displaying general information about the branch is a good idea. The bank can give information, such as working hours and services. They can also offer a personalized experience by providing specific information. For example, they can add the name and contact information of the manager for the individual account. This way, digital banking will become more integrated with its physical counterpart. It will also be more engaging as a customer experience.<\/span><\/p>\n\n\n\n<h3 class=\"wp-block-heading p3\"><span class=\"s1\">3. Banco aberto<\/span><\/h3>\n\n\n\n<p class=\"p3\"><span class=\"s1\">A pesquisa de mercado pode abordar o open banking em duas frentes. Primeiro, o open banking tem a ver com transpar\u00eancia. As pessoas querem saber se suas informa\u00e7\u00f5es financeiras est\u00e3o seguras. Nesse sentido, \u00e9 uma excelente pr\u00e1tica informar aos clientes que tipo de dados o banco armazena. O banco deve assegurar-lhes que n\u00e3o partilhar\u00e1 estes dados sem o seu consentimento.<\/span><\/p>\n\n\n\n<p class=\"p3\"><span class=\"s1\">No entanto, os clientes precisam saber que o compartilhamento de dados pode ser ben\u00e9fico. \u00c9 a outra faceta do open banking. Nesse sentido, os bancos podem usar Interfaces de Programa\u00e7\u00e3o de Aplicativos (APIs). Esses programas utilizam os dados coletados para apresentar ofertas personalizadas de diferentes empresas. Eles podem ter um impacto positivo no marketing de relacionamento com o cliente. Assim, o cliente pode aproveitar uma experi\u00eancia personalizada. <\/span><\/p>\n\n\n\n<p class=\"p3\"><span class=\"s1\">One of the most underexploited niches in open banking is the Small\u2014to Mid-Sized Enterprise (SME). Open banking is useful not only to individual customers; SMEs can also benefit. Plus, when the offer hits the right target, it provides a higher return on investment to the bank.<\/span><\/p>\n\n\n\n<h3 class=\"wp-block-heading p3\"><span class=\"s1\">4. Sinaliza\u00e7\u00e3o Digital<\/span><\/h3>\n\n\n\n<p class=\"p3\"><span class=\"s1\">After the bank <a href=\"https:\/\/www.sisinternational.com\/pt\/pericia\/industrias\/pesquisa-de-mercado-com-mapa-de-calor\/\" title=\"Pesquisa de mercado com mapa de calor\"  data-wpil-monitor-id=\"7668\">maps the market<\/a>, it can set up a branch. Now, it is time to think about how to convey the bank&#8217;s message to the public. Digital signage is an excellent yet overlooked tool to enhance customer experience. It is not a new concept, but it is still a potent marketing tool. Why? Because it is inexpensive to implement compared with other options. Your marketing team can do content management in-house.<\/span><\/p>\n\n\n\n<h2 class=\"wp-block-heading\"><strong>Desafios da pesquisa de mercado de ag\u00eancias banc\u00e1rias para empresas<\/strong><\/h2>\n\n\n\n<p><span style=\"font-weight: 400;\">While bank branch market research offers numerous opportunities for businesses in the banking sector, it also presents several challenges that must be addressed to maximize effectiveness.&nbsp;<\/span><\/p>\n\n\n\n<p><b>\u2022 Privacidade e conformidade de dados<\/b><span style=\"font-weight: 400;\">: Gathering and analyzing customer data for bank branch market research must comply with strict data privacy regulations, such as GDPR and CCPA. Ensuring compliance while extracting valuable insights can be challenging for businesses, requiring robust data governance and compliance measures.<\/span><\/p>\n\n\n\n<p><b>\u2022 Complexidade de intera\u00e7\u00f5es multicanais<\/b><span style=\"font-weight: 400;\">: Com a prolifera\u00e7\u00e3o de canais banc\u00e1rios digitais, os clientes interagem com os bancos atrav\u00e9s de v\u00e1rios pontos de contacto, incluindo online, m\u00f3veis e nas ag\u00eancias. A integra\u00e7\u00e3o de dados destes diversos canais para obter uma vis\u00e3o hol\u00edstica do comportamento e das prefer\u00eancias dos clientes pode ser complexa e desafiadora para as empresas que realizam pesquisas de mercado de ag\u00eancias banc\u00e1rias.<\/span><\/p>\n\n\n\n<p><b>\u2022 R\u00e1pidos avan\u00e7os tecnol\u00f3gicos<\/b><span style=\"font-weight: 400;\">: O ritmo acelerado dos avan\u00e7os tecnol\u00f3gicos no setor banc\u00e1rio apresenta desafios para as empresas que realizam pesquisas de mercado de ag\u00eancias banc\u00e1rias. Manter-se atualizado com as tecnologias mais recentes, como IA, aprendizado de m\u00e1quina e ferramentas de an\u00e1lise de dados, e integr\u00e1-las em metodologias de pesquisa exige investimento e conhecimento cont\u00ednuos.<\/span><\/p>\n\n\n\n<h2 class=\"wp-block-heading\">Localiza\u00e7\u00e3o de nossas instala\u00e7\u00f5es em Nova York<\/h2>\n\n\n\n<p>  <iframe loading=\"lazy\" src=\"https:\/\/www.google.com\/maps\/embed?pb=!1m18!1m12!1m3!1d3022.976188376966!2d-73.99130312499956!3d40.740549471389315!2m3!1f0!2f0!3f0!3m2!1i1024!2i768!4f13.1!3m3!1m2!1s0x89c259a15798c731%3A0xd695d09bdd495f25!2s11%20E%2022nd%20St%20FL%202%2C%20New%20York%2C%20NY%2010010%2C%20USA!5e0!3m2!1sen!2spe!4v1726171763526!5m2!1sen!2spe\" width=\"600\" height=\"450\" allowfullscreen=\"allowfullscreen\" data-mce-fragment=\"1\"><\/iframe>  <\/p>\n\n\n\n<h3 class=\"wp-block-heading\">11 E 22nd Street, 2\u00ba andar, Nova York, NY 10010 T: +1(212) 505-6805<\/h3>\n\n\n\n<hr class=\"wp-block-separator has-alpha-channel-opacity\"\/>\n\n\n\n<h2 class=\"wp-block-heading\"><span style=\"font-weight: 400;\">Sobre SIS Internacional<\/span><\/h2>\n\n\n\n<p><a href=\"https:\/\/www.sisinternational.com\/pt\/\"><span style=\"font-weight: 400;\">SIS Internacional<\/span><\/a><span style=\"font-weight: 400;\"> oferece pesquisa quantitativa, qualitativa e estrat\u00e9gica. Fornecemos dados, ferramentas, estrat\u00e9gias, relat\u00f3rios e insights para a tomada de decis\u00f5es. Tamb\u00e9m realizamos entrevistas, pesquisas, grupos focais e outros m\u00e9todos e abordagens de Pesquisa de Mercado.<\/span><a href=\"https:\/\/www.sisinternational.com\/pt\/sobre-a-sis-international-research\/contact-sis-international-market-research\/\"><span style=\"font-weight: 400;\"> Entre em contato conosco<\/span><\/a><span style=\"font-weight: 400;\"> para o seu pr\u00f3ximo projeto de pesquisa de mercado.<\/span><\/p>\n\n\n\n<p><\/p>","protected":false},"excerpt":{"rendered":"<p>A SIS FinTech and Strategy Consulting fornece pesquisas de mercado de ag\u00eancias banc\u00e1rias para impulsionar o desempenho na economia global acelerada de hoje.<\/p>","protected":false},"author":1,"featured_media":62864,"parent":27462,"menu_order":24,"comment_status":"closed","ping_status":"closed","template":"","meta":{"footnotes":""},"class_list":["post-34614","page","type-page","status-publish","has-post-thumbnail"],"_links":{"self":[{"href":"https:\/\/www.sisinternational.com\/pt\/wp-json\/wp\/v2\/pages\/34614","targetHints":{"allow":["GET"]}}],"collection":[{"href":"https:\/\/www.sisinternational.com\/pt\/wp-json\/wp\/v2\/pages"}],"about":[{"href":"https:\/\/www.sisinternational.com\/pt\/wp-json\/wp\/v2\/types\/page"}],"author":[{"embeddable":true,"href":"https:\/\/www.sisinternational.com\/pt\/wp-json\/wp\/v2\/users\/1"}],"replies":[{"embeddable":true,"href":"https:\/\/www.sisinternational.com\/pt\/wp-json\/wp\/v2\/comments?post=34614"}],"version-history":[{"count":11,"href":"https:\/\/www.sisinternational.com\/pt\/wp-json\/wp\/v2\/pages\/34614\/revisions"}],"predecessor-version":[{"id":81289,"href":"https:\/\/www.sisinternational.com\/pt\/wp-json\/wp\/v2\/pages\/34614\/revisions\/81289"}],"up":[{"embeddable":true,"href":"https:\/\/www.sisinternational.com\/pt\/wp-json\/wp\/v2\/pages\/27462"}],"wp:featuredmedia":[{"embeddable":true,"href":"https:\/\/www.sisinternational.com\/pt\/wp-json\/wp\/v2\/media\/62864"}],"wp:attachment":[{"href":"https:\/\/www.sisinternational.com\/pt\/wp-json\/wp\/v2\/media?parent=34614"}],"curies":[{"name":"wp","href":"https:\/\/api.w.org\/{rel}","templated":true}]}}