{"id":34608,"date":"2020-02-17T16:09:02","date_gmt":"2020-02-17T16:09:02","guid":{"rendered":"https:\/\/www.sisinternational.com\/?page_id=34608"},"modified":"2026-01-27T16:50:38","modified_gmt":"2026-01-27T21:50:38","slug":"pesquisa-de-mercado-antilavagem-de-dinheiro-e-lavagem-de-dinheiro","status":"publish","type":"page","link":"https:\/\/www.sisinternational.com\/pt\/solucoes\/pesquisa-de-consultoria-em-estrategia-fintech\/pesquisa-de-mercado-antilavagem-de-dinheiro-e-lavagem-de-dinheiro\/","title":{"rendered":"Anti Money Laundering Market Research"},"content":{"rendered":"<h1 class=\"wp-block-heading\">Anti Money Laundering Market Research<\/h1>\n\n\n\n<figure class=\"gb-block-image gb-block-image-513ad044\"><img loading=\"lazy\" decoding=\"async\" width=\"1456\" height=\"816\" class=\"gb-image gb-image-513ad044\" src=\"https:\/\/www.sisinternational.com\/wp-content\/uploads\/2025\/08\/Bank-6-1.jpg\" alt=\"Pesquisa e Estrat\u00e9gia de Mercado Internacional da SIS\" title=\"Bank (6)\" srcset=\"https:\/\/www.sisinternational.com\/wp-content\/uploads\/2025\/08\/Bank-6-1.jpg 1456w, https:\/\/www.sisinternational.com\/wp-content\/uploads\/2025\/08\/Bank-6-1-300x168.jpg 300w, https:\/\/www.sisinternational.com\/wp-content\/uploads\/2025\/08\/Bank-6-1-1024x574.jpg 1024w, https:\/\/www.sisinternational.com\/wp-content\/uploads\/2025\/08\/Bank-6-1-768x430.jpg 768w, https:\/\/www.sisinternational.com\/wp-content\/uploads\/2025\/08\/Bank-6-1-18x10.jpg 18w\" sizes=\"auto, (max-width: 1456px) 100vw, 1456px\"><\/figure>\n\n\n\n<hr class=\"wp-block-separator has-alpha-channel-opacity is-style-dots\"\/>\n\n\n\n<h2 class=\"wp-block-heading p3\"><span class=\"s1\">Solu\u00e7\u00f5es para ajudar as empresas a combater a lavagem de dinheiro e promover a conformidade<\/span><\/h2>\n\n\n\n<p class=\"p3\"><span class=\"s1\">What is Money Laundering? Money laundering is the process of legitimizing the proceeds of crime. It involves introducing the money into the legal financial system. The cash is then circulated into different accounts to create\u00a0confusion. Finally, the launderer integrates the funds into the financial system. Such money often encourages acts of terrorism and drug trafficking.<\/span><\/p>\n\n\n\n<h2 class=\"wp-block-heading\"><strong>Understanding Anti Money Laundering Market Research<\/strong><\/h2>\n\n\n\n<p><span style=\"font-weight: 400;\">AML market research aims to identify, assess, and mitigate the risks associated with money laundering and other illicit financial activities. This research involves analyzing vast amounts of financial data, transaction patterns, customer behavior, and regulatory requirements to develop robust strategies and tools for detecting and preventing money laundering activities.&nbsp;<\/span><\/p>\n\n\n\n<p><span style=\"font-weight: 400;\">Anti-money laundering market research aims to enable businesses and regulatory authorities to stay ahead of emerging trends, evolving threats, and regulatory changes in the financial landscape. Moreover, anti-money laundering market <a href=\"https:\/\/www.sisinternational.com\/pt\/saude-inteligente\/\" title=\"Pesquisa de mercado de sa\u00fade inteligente\"  data-wpil-monitor-id=\"7627\">research facilitates the development of innovative solutions<\/a> and best practices for enhancing the effectiveness and efficiency of anti-money laundering efforts across various sectors of the economy.<\/span><\/p>\n\n\n\n<h2 class=\"wp-block-heading\"><strong>Why Is Anti Money Laundering Market Research So Important?<\/strong><\/h2>\n\n\n\n<figure class=\"gb-block-image gb-block-image-ba7b2bd7\"><img loading=\"lazy\" decoding=\"async\" width=\"1456\" height=\"816\" class=\"gb-image gb-image-ba7b2bd7\" src=\"https:\/\/www.sisinternational.com\/wp-content\/uploads\/2025\/08\/Bank-4.jpg\" alt=\"Pesquisa e Estrat\u00e9gia de Mercado Internacional da SIS\" title=\"Bank (4)\" srcset=\"https:\/\/www.sisinternational.com\/wp-content\/uploads\/2025\/08\/Bank-4.jpg 1456w, https:\/\/www.sisinternational.com\/wp-content\/uploads\/2025\/08\/Bank-4-300x168.jpg 300w, https:\/\/www.sisinternational.com\/wp-content\/uploads\/2025\/08\/Bank-4-1024x574.jpg 1024w, https:\/\/www.sisinternational.com\/wp-content\/uploads\/2025\/08\/Bank-4-768x430.jpg 768w, https:\/\/www.sisinternational.com\/wp-content\/uploads\/2025\/08\/Bank-4-18x10.jpg 18w\" sizes=\"auto, (max-width: 1456px) 100vw, 1456px\"><\/figure>\n\n\n\n<p><\/p>\n\n\n\n<p><span style=\"font-weight: 400;\">AML market research provides valuable insights and intelligence that empower organizations to effectively detect, prevent, and disrupt illicit financial activities. Furthermore, anti-money laundering market research enables businesses to stay abreast of evolving regulatory requirements and international standards related to anti-money laundering efforts.&nbsp;<\/span><\/p>\n\n\n\n<p><span style=\"font-weight: 400;\">Anti-money laundering market research also equips businesses with the knowledge and expertise to navigate complex regulatory landscapes, implement effective AML compliance programs, and demonstrate their commitment to combating money laundering. In any case, AML market research brings several other benefits such as:<\/span><\/p>\n\n\n\n<p><b>\u2022 Pr\u00e1ticas de conformidade aprimoradas:<\/b><span style=\"font-weight: 400;\"> Regulatory landscapes continually evolve, and AML market research provides the intelligence needed to adapt to these changes seamlessly.<\/span><\/p>\n\n\n\n<p><b>\u2022 Salvaguardando a reputa\u00e7\u00e3o:<\/b><span style=\"font-weight: 400;\"> No mundo interconectado das finan\u00e7as, a reputa\u00e7\u00e3o \u00e9 inestim\u00e1vel. a pesquisa de mercado contra lavagem de dinheiro ajuda as organiza\u00e7\u00f5es a manter sua integridade, evitando a associa\u00e7\u00e3o com atividades de lavagem de dinheiro.<\/span><\/p>\n\n\n\n<p><b>\u2022 Efici\u00eancia operacional:<\/b><span style=\"font-weight: 400;\"> AML market research can uncover opportunities to streamline and enhance operational processes.&nbsp;<\/span><\/p>\n\n\n\n<h2 class=\"wp-block-heading p5\"><span class=\"s1\">History of Anti Money Laundering <\/span><\/h2>\n\n\n\n<p class=\"p3\"><span class=\"s1\">A Lei do Sigilo Banc\u00e1rio criada no ano de 1970 atua como uma camada de seguran\u00e7a contra crimes financeiros. A lei fornece \u00e0s autoridades reguladoras as ferramentas certas para coibir o branqueamento de capitais. O Congresso aprovou a Lei Patriota, que estabelece requisitos de conformidade em 2001. A lei deu \u00e0s autoridades poderes e novas ideias para combater o branqueamento de capitais. Tamb\u00e9m abordou o financiamento do terrorismo. <\/span><\/p>\n\n\n\n<p class=\"p3\"><span class=\"s1\">The Patriot Act requires all financial institutions to conduct customer due diligence. This process involves identifying a customer\u2019s details and maintaining personal data and records for future reference. Banks now have to check whether a customer is on the wanted list of criminals in the country. They are also mandated to confirm the nature of a client&#8217;s business and its legality.<\/span><\/p>\n\n\n\n<h2 class=\"wp-block-heading\"><strong>When to Conduct Anti Money Laundering Market Research<\/strong><\/h2>\n\n\n\n<p><span style=\"font-weight: 400;\">A pesquisa de mercado contra o branqueamento de capitais \u00e9 fundamental para as organiza\u00e7\u00f5es que procuram fortalecer a sua seguran\u00e7a financeira \u2013 e existem alguns indicadores para considerar este movimento estrat\u00e9gico:<\/span><\/p>\n\n\n\n<p><b><span style=\"font-weight: 400;\">- <\/span>Maior escrut\u00ednio regulat\u00f3rio:<\/b><span style=\"font-weight: 400;\"> Rising regulatory scrutiny signals organizations to reevaluate their AML strategies. If regulatory authorities are intensifying their focus on financial crime prevention, businesses should proactively conduct AML market research to align with the latest compliance requirements.<\/span><\/p>\n\n\n\n<p><b><span style=\"font-weight: 400;\">- <\/span>Mudan\u00e7as nas opera\u00e7\u00f5es comerciais:<\/b><span style=\"font-weight: 400;\"> Any significant changes in the nature or scale of business operations should prompt a thorough anti-money laundering market research initiative. Expansion into new markets, introducing innovative products or services, or modifying transaction volumes may necessitate an updated AML strategy.<\/span><\/p>\n\n\n\n<p><span style=\"font-weight: 400;\">- <\/span><b>Aumento not\u00e1vel no volume de transa\u00e7\u00f5es:<\/b><span style=\"font-weight: 400;\"> Um aumento repentino no volume de transa\u00e7\u00f5es pode indicar a necessidade de mecanismos AML mais robustos. Os elevados volumes de transa\u00e7\u00f5es podem potencialmente ocultar atividades de branqueamento de capitais, tornando essencial que as organiza\u00e7\u00f5es realizem pesquisas de mercado contra o branqueamento de capitais e adaptem as suas estrat\u00e9gias em conformidade.<\/span><\/p>\n\n\n\n<h2 class=\"wp-block-heading\"><strong>Como a pesquisa de mercado antilavagem de dinheiro difere da pesquisa de mercado tradicional?<\/strong><\/h2>\n\n\n\n<figure class=\"gb-block-image gb-block-image-29623692\"><img loading=\"lazy\" decoding=\"async\" width=\"1456\" height=\"816\" class=\"gb-image gb-image-29623692\" src=\"https:\/\/www.sisinternational.com\/wp-content\/uploads\/2025\/08\/Bank-3-1.jpg\" alt=\"Pesquisa e Estrat\u00e9gia de Mercado Internacional da SIS\" title=\"Bank (3)\" srcset=\"https:\/\/www.sisinternational.com\/wp-content\/uploads\/2025\/08\/Bank-3-1.jpg 1456w, https:\/\/www.sisinternational.com\/wp-content\/uploads\/2025\/08\/Bank-3-1-300x168.jpg 300w, https:\/\/www.sisinternational.com\/wp-content\/uploads\/2025\/08\/Bank-3-1-1024x574.jpg 1024w, https:\/\/www.sisinternational.com\/wp-content\/uploads\/2025\/08\/Bank-3-1-768x430.jpg 768w, https:\/\/www.sisinternational.com\/wp-content\/uploads\/2025\/08\/Bank-3-1-18x10.jpg 18w\" sizes=\"auto, (max-width: 1456px) 100vw, 1456px\"><\/figure>\n\n\n\n<p><\/p>\n\n\n\n<p><span style=\"font-weight: 400;\">Anti-money laundering market research prioritizes identifying and preventing financial crimes such as money laundering, terrorist financing, and fraud. Its primary objective is to detect and mitigate risks associated with illicit financial activities rather than analyzing consumer preferences or market demand.<\/span><\/p>\n\n\n\n<p><span style=\"font-weight: 400;\">Moreover, AML market research is inherently guided by regulatory frameworks and compliance requirements established by financial authorities and international organizations. While traditional market research may incorporate regulatory considerations, its main emphasis is understanding consumer behavior and market dynamics.&nbsp;<\/span><\/p>\n\n\n\n<p><span style=\"font-weight: 400;\">While both traditional market research and anti-money laundering market research adhere to ethical principles and legal frameworks, the latter emphasizes compliance with anti-money laundering laws and regulations. AML market research practitioners must navigate complex legal and regulatory landscapes governing financial transactions, privacy, and data protection to ensure the ethical conduct of research activities.<\/span><\/p>\n\n\n\n<h2 class=\"wp-block-heading\"><strong>What to Expect from Anti Money Laundering Market Research<\/strong><\/h2>\n\n\n\n<p><span style=\"font-weight: 400;\">A pesquisa de mercado contra a lavagem de dinheiro oferece insights e estrat\u00e9gias abrangentes adaptadas para combater crimes financeiros e garantir a conformidade regulat\u00f3ria no setor financeiro. Aqui est\u00e1 o que as empresas podem esperar da pesquisa de mercado AML:<\/span><\/p>\n\n\n\n<p><b>\u2022 Avalia\u00e7\u00e3o aprofundada de riscos:<\/b><span style=\"font-weight: 400;\"> Anti money laundering market research conducts thorough risk assessments to identify vulnerabilities and potential threats associated with money laundering, terrorist financing, and other illicit activities.<\/span><\/p>\n\n\n\n<p><b>\u2022 Orienta\u00e7\u00e3o de Conformidade Regulat\u00f3ria:<\/b><span style=\"font-weight: 400;\"> Anti money laundering market research provides guidance and expertise on navigating complex regulatory frameworks governing anti-money laundering activities.<\/span><\/p>\n\n\n\n<p><b>\u2022 Solu\u00e7\u00f5es e Ferramentas Tecnol\u00f3gicas: <\/b><span style=\"font-weight: 400;\"> Anti money laundering market research leverages cutting-edge technologies such as artificial intelligence, machine learning, and blockchain to develop innovative solutions for detecting and preventing financial crimes.<\/span><\/p>\n\n\n\n<p><b>\u2022 Colabora\u00e7\u00e3o intersetorial:<\/b><span style=\"font-weight: 400;\"> Anti money laundering <a href=\"https:\/\/www.sisinternational.com\/pt\/pericia\/industrias\/pesquisa-de-mercado-da-industria-de-carona\/\" title=\"Pesquisa de mercado de compartilhamento de viagens\"  data-wpil-monitor-id=\"6384\">market research encourages collaboration and information sharing<\/a> among financial institutions, regulatory bodies, law enforcement agencies, and other stakeholders in combating financial crimes.<\/span><\/p>\n\n\n\n<p><b>\u2022 Monitoramento e Avalia\u00e7\u00e3o Cont\u00ednua:<\/b><span style=\"font-weight: 400;\"> Anti money laundering market research emphasizes the importance of monitoring and evaluating anti-money laundering measures to ensure their effectiveness and relevance in mitigating evolving risks.<\/span><\/p>\n\n\n\n<h2 class=\"wp-block-heading p5\"><span class=\"s1\">Gest\u00e3o de Risco para AML<\/span><\/h2>\n\n\n\n<figure class=\"gb-block-image gb-block-image-65012399\"><img loading=\"lazy\" decoding=\"async\" width=\"1456\" height=\"816\" class=\"gb-image gb-image-65012399\" src=\"https:\/\/www.sisinternational.com\/wp-content\/uploads\/2025\/08\/Bank-1.jpg\" alt=\"Pesquisa e Estrat\u00e9gia de Mercado Internacional da SIS\" title=\"Bank (1)\" srcset=\"https:\/\/www.sisinternational.com\/wp-content\/uploads\/2025\/08\/Bank-1.jpg 1456w, https:\/\/www.sisinternational.com\/wp-content\/uploads\/2025\/08\/Bank-1-300x168.jpg 300w, https:\/\/www.sisinternational.com\/wp-content\/uploads\/2025\/08\/Bank-1-1024x574.jpg 1024w, https:\/\/www.sisinternational.com\/wp-content\/uploads\/2025\/08\/Bank-1-768x430.jpg 768w, https:\/\/www.sisinternational.com\/wp-content\/uploads\/2025\/08\/Bank-1-18x10.jpg 18w\" sizes=\"auto, (max-width: 1456px) 100vw, 1456px\"><\/figure>\n\n\n\n<p><\/p>\n\n\n\n<p class=\"p3\"><span class=\"s1\">Os crimes financeiros tornaram-se generalizados nos \u00faltimos tempos. Assim, a gest\u00e3o de risco \u00e9 uma necessidade para toda institui\u00e7\u00e3o financeira. Os sistemas de monitoriza\u00e7\u00e3o de transa\u00e7\u00f5es s\u00e3o agora obrigat\u00f3rios para as institui\u00e7\u00f5es financeiras. Estes sistemas permitem \u00e0s institui\u00e7\u00f5es combater o branqueamento de capitais e outros crimes financeiros. Eles oferecem ferramentas flex\u00edveis de gerenciamento de risco. Essas ferramentas tamb\u00e9m os equipam com o sistema de conformidade Know Your Customer (KYC). A maioria dos softwares de sistema de monitoramento de transa\u00e7\u00f5es est\u00e1 em conformidade com KYC. Ajuda os bancos a obter uma previs\u00e3o intuitiva de quaisquer atividades suspeitas de clientes. <\/span><\/p>\n\n\n\n<p class=\"p3\"><span class=\"s1\">Os sistemas de conformidade KYC tamb\u00e9m ajudam a identificar os benefici\u00e1rios finais. A maioria dos pa\u00edses permitiu \u00e0s organiza\u00e7\u00f5es financeiras o acesso \u00e0s informa\u00e7\u00f5es de registo. Esse acesso permite a identifica\u00e7\u00e3o dos benefici\u00e1rios efetivos finais. <\/span><\/p>\n\n\n\n<h2 class=\"wp-block-heading p5\"><span class=\"s1\">Automation in<strong> Anti Money laundering market research<\/strong><\/span><\/h2>\n\n\n\n<p class=\"p3\"><span class=\"s1\">Os processos de gest\u00e3o de riscos em AML exigem tecnologia e automa\u00e7\u00e3o. A maioria das institui\u00e7\u00f5es financeiras adotou a Automa\u00e7\u00e3o Rob\u00f3tica de Processos (RPA). Eles usam RPA em seus sistemas de conformidade KYC e monitoramento de transa\u00e7\u00f5es. <\/span><\/p>\n\n\n\n<p class=\"p3\"><span class=\"s1\">Manual risk assessment and monitoring are expensive and time-consuming. Risk analysts who use manual systems can only work with a small data set to confirm a security alert. Automation takes less time. It also allows analysts to conduct thorough investigations using a broader data set. They can do more extensive data checks and ensure that they consider more parameters. Such tests are necessary when investigating both domestic and international high-risk accounts.<\/span><\/p>\n\n\n\n<h2 class=\"wp-block-heading\"><strong>Opportunities in Anti Money Laundering Market Research<\/strong><\/h2>\n\n\n\n<p><span style=\"font-weight: 400;\">The anti money laundering market research field presents several significant opportunities for businesses aiming to mitigate financial risks and comply with regulatory standards. These opportunities include:<\/span><\/p>\n\n\n\n<p><b>\u2022 Integra\u00e7\u00e3o tecnol\u00f3gica:<\/b><span style=\"font-weight: 400;\"> Businesses can leverage advanced technologies such as AI and machine learning (ML) to enhance their AML efforts.<\/span><\/p>\n\n\n\n<p><b>\u2022 Treino e educa\u00e7\u00e3o:<\/b><span style=\"font-weight: 400;\"> Given the evolving landscape of financial crimes, continuous training and education in AML practices are needed.<\/span><\/p>\n\n\n\n<p><b>\u2022 Expans\u00e3o global:<\/b><span style=\"font-weight: 400;\"> \u00c0 medida que as amea\u00e7as de branqueamento de capitais transcendem as fronteiras geogr\u00e1ficas, existe uma procura global por solu\u00e7\u00f5es AML. As empresas podem aproveitar as oportunidades de expans\u00e3o oferecendo os seus servi\u00e7os a n\u00edvel internacional, satisfazendo as necessidades de conformidade das institui\u00e7\u00f5es financeiras que operam em diferentes jurisdi\u00e7\u00f5es.<\/span><\/p>\n\n\n\n<p><b>\u2022 Oportunidades de parceria:<\/b><span style=\"font-weight: 400;\"> A colabora\u00e7\u00e3o com \u00f3rg\u00e3os reguladores, ag\u00eancias de aplica\u00e7\u00e3o da lei e outras partes interessadas apresenta oportunidades significativas para as empresas no mercado AML.<\/span><\/p>\n\n\n\n<p><b>\u2022 Inova\u00e7\u00f5es na tecnologia Blockchain:<\/b><span style=\"font-weight: 400;\"> O surgimento da tecnologia blockchain oferece oportunidades promissoras para melhorar as pr\u00e1ticas de LBC. As empresas podem explorar solu\u00e7\u00f5es inovadoras que aproveitem a transpar\u00eancia e a imutabilidade do blockchain para melhorar.<\/span><\/p>\n\n\n\n<h2 class=\"wp-block-heading p5\"><span class=\"s1\">San\u00e7\u00f5es financeiras em lavagem de dinheiro<\/span><\/h2>\n\n\n\n<figure class=\"gb-block-image gb-block-image-1dfaecd9\"><img loading=\"lazy\" decoding=\"async\" width=\"1456\" height=\"816\" class=\"gb-image gb-image-1dfaecd9\" src=\"https:\/\/www.sisinternational.com\/wp-content\/uploads\/2025\/08\/Bank-8.jpg\" alt=\"Pesquisa e Estrat\u00e9gia de Mercado Internacional da SIS\" title=\"Bank (8)\" srcset=\"https:\/\/www.sisinternational.com\/wp-content\/uploads\/2025\/08\/Bank-8.jpg 1456w, https:\/\/www.sisinternational.com\/wp-content\/uploads\/2025\/08\/Bank-8-300x168.jpg 300w, https:\/\/www.sisinternational.com\/wp-content\/uploads\/2025\/08\/Bank-8-1024x574.jpg 1024w, https:\/\/www.sisinternational.com\/wp-content\/uploads\/2025\/08\/Bank-8-768x430.jpg 768w, https:\/\/www.sisinternational.com\/wp-content\/uploads\/2025\/08\/Bank-8-18x10.jpg 18w\" sizes=\"auto, (max-width: 1456px) 100vw, 1456px\"><\/figure>\n\n\n\n<p><\/p>\n\n\n\n<p class=\"p3\"><span class=\"s1\">A ind\u00fastria RegTech precisa seguir todas as regulamenta\u00e7\u00f5es estabelecidas para lavagem de dinheiro. Isso inclui o conhecimento do regime de san\u00e7\u00f5es, que se aplica a alguns pa\u00edses estrangeiros de alto risco, e de grupos de apoio terrorista. Tamb\u00e9m se aplica \u00e0s regi\u00f5es de tr\u00e1fico de drogas. Os EUA imp\u00f5em san\u00e7\u00f5es econ\u00f3micas abrangentes ou espec\u00edficas a indiv\u00edduos e sectores. Tamb\u00e9m sanciona ind\u00fastrias, estados ou continentes que representam uma amea\u00e7a \u00e0 sua seguran\u00e7a. Como tal, a lei espera que as institui\u00e7\u00f5es financeiras cumpram. T\u00eam de assinalar quaisquer atividades suspeitas de qualquer membro de um regime sancionado. <\/span><\/p>\n\n\n\n<p class=\"p3\"><span class=\"s1\">Special committees and monitoring groups manage the typical UN sanctions regime. The European Union also uses sanctions as part of its Common Foreign and Security Policy. The United States applies financial and economic sanctions more than any other country. The Treasury Department has its Office of Foreign Assets Control (OFAC), which administers the more than two dozen existing US sanctions programs.<\/span><\/p>\n\n\n\n<p class=\"p3\"><span class=\"s1\">Money laundering is a challenge in almost all countries globally. As such, government authorities have developed compliance regulations for financial institutions. The laws created help with risk assessment and monitoring local and international high-risk accounts.&nbsp; <\/span><\/p>\n\n\n\n<h2 class=\"wp-block-heading p3\"><span class=\"s1\">About Anti Money Laundering Market Research and Strategy Consulting Solutions<\/span><\/h2>\n\n\n\n<p class=\"p3\"><span class=\"s1\"> SIS helps FinTech companies and Financial Services organizations to combat Money Laundering, and to adopt Regulation Technology (RegTech).&nbsp; Our solutions include:<\/span><\/p>\n\n\n\n<ul class=\"wp-block-list\">\n<li>Consultoria em ado\u00e7\u00e3o de tecnologia<\/li>\n\n\n\n<li>Analise competitiva<\/li>\n\n\n\n<li>An\u00e1lise de tend\u00eancias<\/li>\n\n\n\n<li>Compras especializadas<\/li>\n\n\n\n<li>Pesquisa de mercado do cliente<\/li>\n\n\n\n<li>Rastreamento da Ind\u00fastria<\/li>\n\n\n\n<li>Avalia\u00e7\u00f5es de tecnologia de regula\u00e7\u00e3o<\/li>\n<\/ul>\n\n\n\n<h2 class=\"wp-block-heading\">Localiza\u00e7\u00e3o de nossas instala\u00e7\u00f5es em Nova York<\/h2>\n\n\n\n<p>  <iframe loading=\"lazy\" src=\"https:\/\/www.google.com\/maps\/embed?pb=!1m18!1m12!1m3!1d3022.976188376966!2d-73.99130312499956!3d40.740549471389315!2m3!1f0!2f0!3f0!3m2!1i1024!2i768!4f13.1!3m3!1m2!1s0x89c259a15798c731%3A0xd695d09bdd495f25!2s11%20E%2022nd%20St%20FL%202%2C%20New%20York%2C%20NY%2010010%2C%20USA!5e0!3m2!1sen!2spe!4v1726171763526!5m2!1sen!2spe\" width=\"600\" height=\"450\" allowfullscreen=\"allowfullscreen\" data-mce-fragment=\"1\"><\/iframe>  <\/p>\n\n\n\n<h3 class=\"wp-block-heading\">11 E 22nd Street, 2\u00ba andar, Nova York, NY 10010 T: +1(212) 505-6805<\/h3>\n\n\n\n<hr class=\"wp-block-separator has-alpha-channel-opacity\"\/>\n\n\n\n<h2 class=\"wp-block-heading\"><span style=\"font-weight: 400;\">Sobre SIS Internacional<\/span><\/h2>\n\n\n\n<p><a href=\"https:\/\/www.sisinternational.com\/pt\/\"><span style=\"font-weight: 400;\">SIS Internacional<\/span><\/a><span style=\"font-weight: 400;\"> oferece pesquisa quantitativa, qualitativa e estrat\u00e9gica. Fornecemos dados, ferramentas, estrat\u00e9gias, relat\u00f3rios e insights para a tomada de decis\u00f5es. Tamb\u00e9m realizamos entrevistas, pesquisas, grupos focais e outros m\u00e9todos e abordagens de Pesquisa de Mercado.<\/span><a href=\"https:\/\/www.sisinternational.com\/pt\/sobre-a-sis-international-research\/contact-sis-international-market-research\/\"><span style=\"font-weight: 400;\"> Entre em contato conosco<\/span><\/a><span style=\"font-weight: 400;\"> para o seu pr\u00f3ximo projeto de pesquisa de mercado.<\/span><\/p>\n\n\n\n<p><\/p>","protected":false},"excerpt":{"rendered":"<p>Descubra novas fontes de vantagem competitiva com a Pesquisa de Mercado AML.<\/p>","protected":false},"author":1,"featured_media":63033,"parent":27462,"menu_order":23,"comment_status":"closed","ping_status":"closed","template":"","meta":{"footnotes":""},"class_list":["post-34608","page","type-page","status-publish","has-post-thumbnail"],"_links":{"self":[{"href":"https:\/\/www.sisinternational.com\/pt\/wp-json\/wp\/v2\/pages\/34608","targetHints":{"allow":["GET"]}}],"collection":[{"href":"https:\/\/www.sisinternational.com\/pt\/wp-json\/wp\/v2\/pages"}],"about":[{"href":"https:\/\/www.sisinternational.com\/pt\/wp-json\/wp\/v2\/types\/page"}],"author":[{"embeddable":true,"href":"https:\/\/www.sisinternational.com\/pt\/wp-json\/wp\/v2\/users\/1"}],"replies":[{"embeddable":true,"href":"https:\/\/www.sisinternational.com\/pt\/wp-json\/wp\/v2\/comments?post=34608"}],"version-history":[{"count":9,"href":"https:\/\/www.sisinternational.com\/pt\/wp-json\/wp\/v2\/pages\/34608\/revisions"}],"predecessor-version":[{"id":81250,"href":"https:\/\/www.sisinternational.com\/pt\/wp-json\/wp\/v2\/pages\/34608\/revisions\/81250"}],"up":[{"embeddable":true,"href":"https:\/\/www.sisinternational.com\/pt\/wp-json\/wp\/v2\/pages\/27462"}],"wp:featuredmedia":[{"embeddable":true,"href":"https:\/\/www.sisinternational.com\/pt\/wp-json\/wp\/v2\/media\/63033"}],"wp:attachment":[{"href":"https:\/\/www.sisinternational.com\/pt\/wp-json\/wp\/v2\/media?parent=34608"}],"curies":[{"name":"wp","href":"https:\/\/api.w.org\/{rel}","templated":true}]}}