{"id":34603,"date":"2020-02-17T15:42:13","date_gmt":"2020-02-17T15:42:13","guid":{"rendered":"https:\/\/www.sisinternational.com\/?page_id=34603"},"modified":"2026-01-25T18:51:06","modified_gmt":"2026-01-25T23:51:06","slug":"pesquisa-de-mercado-de-seguros-contra-acidentes-patrimoniais","status":"publish","type":"page","link":"https:\/\/www.sisinternational.com\/pt\/pericia\/pesquisa-de-mercado-de-seguros-contra-acidentes-patrimoniais\/","title":{"rendered":"Pesquisa de mercado de seguros de propriedades e acidentes"},"content":{"rendered":"<h1 class=\"wp-block-heading\"><span class=\"s1\">Pesquisa de mercado de seguros de propriedades e acidentes<\/span><\/h1>\n\n\n\n<figure class=\"gb-block-image gb-block-image-32f2dfda\"><img loading=\"lazy\" decoding=\"async\" width=\"1456\" height=\"816\" class=\"gb-image gb-image-32f2dfda\" src=\"https:\/\/www.sisinternational.com\/wp-content\/uploads\/2025\/08\/Real-estate-architect-house-2.jpg\" alt=\"Pesquisa e Estrat\u00e9gia de Mercado Internacional da SIS\" title=\"Real estate architect house (2)\" srcset=\"https:\/\/www.sisinternational.com\/wp-content\/uploads\/2025\/08\/Real-estate-architect-house-2.jpg 1456w, https:\/\/www.sisinternational.com\/wp-content\/uploads\/2025\/08\/Real-estate-architect-house-2-300x168.jpg 300w, https:\/\/www.sisinternational.com\/wp-content\/uploads\/2025\/08\/Real-estate-architect-house-2-1024x574.jpg 1024w, https:\/\/www.sisinternational.com\/wp-content\/uploads\/2025\/08\/Real-estate-architect-house-2-768x430.jpg 768w, https:\/\/www.sisinternational.com\/wp-content\/uploads\/2025\/08\/Real-estate-architect-house-2-18x10.jpg 18w\" sizes=\"auto, (max-width: 1456px) 100vw, 1456px\"><\/figure>\n\n\n\n<p><\/p>\n\n\n\n<h2 class=\"wp-block-heading p3\"><span class=\"s1\">O termo Seguro de Propriedade e Acidentes cobre muitos tipos de ap\u00f3lices. <\/span><\/h2>\n\n\n\n<p class=\"p3\"><span class=\"s1\">\u00c9 um investimento inteligente que pode ajudar voc\u00ea e sua fam\u00edlia em caso de imprevisto em sua propriedade. Tamb\u00e9m pode proteger propriet\u00e1rios de empresas e fornecer cobertura para a\u00e7\u00f5es judiciais. <\/span><\/p>\n\n\n\n<p class=\"p3\"><span class=\"s1\">O seguro patrimonial e de acidentes \u00e9 um tipo de cobertura que ajuda a proteg\u00ea-lo. Ele tamb\u00e9m protege a propriedade que voc\u00ea possui. O seguro de propriedade ajuda a cobrir coisas que voc\u00ea possui, como seu carro ou sua casa. Seguro contra acidentes significa que a ap\u00f3lice inclui cobertura de responsabilidade civil. Ele protege voc\u00ea se voc\u00ea for respons\u00e1vel por um acidente que cause ferimentos a outra pessoa. Voc\u00ea tamb\u00e9m pode precisar dele se causar danos aos pertences de outra pessoa.<\/span><\/p>\n\n\n\n<h2 class=\"wp-block-heading p5\"><span class=\"s1\">Responsabilidade pelo Amianto<\/span><\/h2>\n\n\n\n<p class=\"p3\"><span class=\"s1\">Property and Casualty <a href=\"https:\/\/www.sisinternational.com\/pt\/solucoes\/pesquisa-de-consultoria-em-estrategia-fintech\/consultoria-em-estrategia-de-pesquisa-de-mercado-de-seguros-contra-interrupcao-de-negocios\/\" title=\"Pesquisa de mercado de seguros contra interrup\u00e7\u00e3o de neg\u00f3cios e consultoria estrat\u00e9gica\"  data-wpil-monitor-id=\"10951\">Insurance is critical for businesses<\/a> whose workers deal with asbestos. It doesn&#8217;t matter if the exposure is direct or indirect. It may be necessary to get Asbestos Liability insurance, since not all Property and Casualty policies cover asbestos exposure. Check your policy to ensure that you have coverage.<\/span><\/p>\n\n\n\n<h2 class=\"wp-block-heading p5\"><span class=\"s1\">Neglig\u00eancia m\u00e9dica<\/span><\/h2>\n\n\n\n<p class=\"p3\"><span class=\"s1\">Os dados estat\u00edsticos mostram que a neglig\u00eancia m\u00e9dica \u00e9 uma ocorr\u00eancia comum. Isso pode acontecer se o m\u00e9dico n\u00e3o conseguir diagnosticar uma doen\u00e7a. Ou ele ou ela pode estar prescrevendo o medicamento errado por ignor\u00e2ncia ou erro. <\/span><\/p>\n\n\n\n<p class=\"p3\"><span class=\"s1\">Alguns estados exigem que os m\u00e9dicos tenham cobertura de seguro para neglig\u00eancia m\u00e9dica. Este tipo de pol\u00edtica protege os profissionais de sa\u00fade contra reclama\u00e7\u00f5es de pacientes. O seguro contra erros m\u00e9dicos pode assumir v\u00e1rias formas. Indiv\u00edduos ou grupos podem adquirir cobertura de uma seguradora privada tradicional. Ou um empregador, como um hospital, pode manter a ap\u00f3lice. Essa pol\u00edtica cobrir\u00e1 os profissionais de sa\u00fade que emprega. <\/span><\/p>\n\n\n\n<h2 class=\"wp-block-heading p5\"><span class=\"s1\">Subscri\u00e7\u00e3o<\/span><\/h2>\n\n\n\n<p class=\"p3\"><span class=\"s1\">The insurance company is underwriting for its customers. Thus, it has to work out premium amounts based on the information provided by the customer. Usually, the premium is higher for some high-risk customers. In some cases, the insurance company may not sell insurance to certain customers. Insurance <a href=\"https:\/\/www.sisinternational.com\/pt\/solucoes\/consultoria-estrategica\/analise-de-dados\/\" title=\"Empresa de an\u00e1lise de dados\"  data-wpil-monitor-id=\"10950\">companies require a lot of data<\/a> for their Actuarial tasks. The data helps them calculate your insurance risk. <\/span><\/p>\n\n\n\n<p class=\"p3\"><span class=\"s1\">Not all insurance companies have the staff to <a href=\"https:\/\/www.sisinternational.com\/pt\/cobertura\/europa\/pesquisa-de-mercado-em-liverpool-reino-unido\/\" title=\"Pesquisa de Mercado em Liverpool | Grupos focais e coleta de dados no Reino Unido\"  data-wpil-monitor-id=\"10944\">collect actuarial data<\/a>. Some may not have the expertise to compile this information. Hence it is wise to hire the services of an experienced market research firm. A market <a href=\"https:\/\/www.sisinternational.com\/pt\/pericia\/industrias\/pesquisa-de-mercado-de-seguro-saude\/\" title=\"Pesquisa de mercado de seguros de sa\u00fade\"  data-wpil-monitor-id=\"5217\">pesquisar<\/a> firm can collect the data needed from insurance buyers. <\/span><\/p>\n\n\n\n<h2 class=\"wp-block-heading p5\"><span class=\"s1\">RegTech<\/span><\/h2>\n\n\n\n<p class=\"p3\"><span class=\"s1\">O setor de seguros \u00e9 altamente regulamentado. O governo \u00e0s vezes implementa novas leis para proteger os compradores contra fraudes. As companhias de seguros devem garantir que seguem os regulamentos. Muitos est\u00e3o usando tecnologia regulat\u00f3ria, ou RegTech, para fazer isso. Um grande n\u00famero de empresas fornece RegTech. Compilar dados sobre essas empresas de tecnologia \u00e9 uma tarefa demorada e tediosa. Uma empresa de pesquisa de mercado tamb\u00e9m pode coletar informa\u00e7\u00f5es sobre todas essas empresas Regtech. Ele permite que a seguradora escolha um determinado provedor.<\/span><\/p>\n\n\n\n<h2 class=\"wp-block-heading p5\"><span class=\"s1\">APIs<\/span><\/h2>\n\n\n\n<p class=\"p3\"><span class=\"s1\">If an insurance company uses the services of a market research firm, it will need access to the data compiled. APIs allow the <a href=\"https:\/\/www.sisinternational.com\/pt\/pericia\/industrias\/construcao-de-consultoria-em-estrategia-de-pesquisa-de-mercado-de-seguros\/\" title=\"Building Insurance Market Research\"  data-wpil-monitor-id=\"5019\">insurance company to access the market research<\/a> data. API stands for Application Programming Interface. It is a piece of software that allows two applications to communicate with each other. Advanced <a href=\"https:\/\/www.sisinternational.com\/pt\/solucoes\/pesquisa-de-consultoria-em-estrategia-fintech\/pesquisa-de-mercado-de-analise-de-dados-bancarios\/\" title=\"Pesquisa de mercado de an\u00e1lise de dados banc\u00e1rios\"  data-wpil-monitor-id=\"10946\">Analytics is also available for the data<\/a> required by the insurance company. It does not have to waste resources analyzing the data to get the information they need. APIs make it easy to retrieve. <\/span><\/p>\n\n\n\n<p class=\"p3\"><span class=\"s1\">Firms can also use RPA (<a href=\"https:\/\/www.sisinternational.com\/pt\/financial-services-consulting\/robotic-process-automation-in-financial-services\/\" title=\"Robotic Process Automation in Financial Services\"  data-wpil-monitor-id=\"10943\">Robotic Process Automation<\/a>) and Artificial Intelligence ( AI ). These technologies allow them to gain insights into insurance risk. It also enables the insurance company to set a suitable premium amount.<\/span><\/p>\n\n\n\n<h2 class=\"wp-block-heading\">Sobre a pesquisa de mercado de seguros de propriedades e acidentes<\/h2>\n\n\n\n<p class=\"p3\"><span class=\"s1\">A SIS Market Research pode encontrar a ap\u00f3lice de seguro de propriedades e acidentes mais adequada para voc\u00ea. Tamb\u00e9m podemos cuidar de suas necessidades de compila\u00e7\u00e3o de dados. Ligue-nos hoje para uma consulta.<\/span><\/p>\n\n\n\n<p><\/p>","protected":false},"excerpt":{"rendered":"<p>Aumente o desempenho da sua empresa com pesquisas de mercado de seguros de propriedades e acidentes. <\/p>","protected":false},"author":1,"featured_media":63325,"parent":14514,"menu_order":53,"comment_status":"closed","ping_status":"closed","template":"","meta":{"footnotes":""},"class_list":["post-34603","page","type-page","status-publish","has-post-thumbnail"],"_links":{"self":[{"href":"https:\/\/www.sisinternational.com\/pt\/wp-json\/wp\/v2\/pages\/34603","targetHints":{"allow":["GET"]}}],"collection":[{"href":"https:\/\/www.sisinternational.com\/pt\/wp-json\/wp\/v2\/pages"}],"about":[{"href":"https:\/\/www.sisinternational.com\/pt\/wp-json\/wp\/v2\/types\/page"}],"author":[{"embeddable":true,"href":"https:\/\/www.sisinternational.com\/pt\/wp-json\/wp\/v2\/users\/1"}],"replies":[{"embeddable":true,"href":"https:\/\/www.sisinternational.com\/pt\/wp-json\/wp\/v2\/comments?post=34603"}],"version-history":[{"count":6,"href":"https:\/\/www.sisinternational.com\/pt\/wp-json\/wp\/v2\/pages\/34603\/revisions"}],"predecessor-version":[{"id":81790,"href":"https:\/\/www.sisinternational.com\/pt\/wp-json\/wp\/v2\/pages\/34603\/revisions\/81790"}],"up":[{"embeddable":true,"href":"https:\/\/www.sisinternational.com\/pt\/wp-json\/wp\/v2\/pages\/14514"}],"wp:featuredmedia":[{"embeddable":true,"href":"https:\/\/www.sisinternational.com\/pt\/wp-json\/wp\/v2\/media\/63325"}],"wp:attachment":[{"href":"https:\/\/www.sisinternational.com\/pt\/wp-json\/wp\/v2\/media?parent=34603"}],"curies":[{"name":"wp","href":"https:\/\/api.w.org\/{rel}","templated":true}]}}