{"id":34591,"date":"2020-02-16T05:09:39","date_gmt":"2020-02-16T05:09:39","guid":{"rendered":"https:\/\/www.sisinternational.com\/?page_id=34591"},"modified":"2026-03-12T12:35:52","modified_gmt":"2026-03-12T16:35:52","slug":"pesquisa-de-mercado-de-seguro-saude","status":"publish","type":"page","link":"https:\/\/www.sisinternational.com\/pt\/solucoes\/pesquisa-de-mercado-de-saude\/pesquisa-de-mercado-de-seguro-saude\/","title":{"rendered":"Pesquisa de mercado de seguros de sa\u00fade"},"content":{"rendered":"<h1 class=\"wp-block-heading\"><span class=\"s1\">Pesquisa de mercado de seguros de sa\u00fade<\/span><\/h1>\n\n\n\n<figure class=\"gb-block-image gb-block-image-f22e6098\"><img loading=\"lazy\" decoding=\"async\" width=\"1456\" height=\"816\" class=\"gb-image gb-image-f22e6098\" src=\"https:\/\/www.sisinternational.com\/wp-content\/uploads\/2025\/08\/Healthcare-16.jpg\" alt=\"Pesquisa e Estrat\u00e9gia de Mercado Internacional da SIS\" title=\"Healthcare (16)\" srcset=\"https:\/\/www.sisinternational.com\/wp-content\/uploads\/2025\/08\/Healthcare-16.jpg 1456w, https:\/\/www.sisinternational.com\/wp-content\/uploads\/2025\/08\/Healthcare-16-300x168.jpg 300w, https:\/\/www.sisinternational.com\/wp-content\/uploads\/2025\/08\/Healthcare-16-1024x574.jpg 1024w, https:\/\/www.sisinternational.com\/wp-content\/uploads\/2025\/08\/Healthcare-16-768x430.jpg 768w, https:\/\/www.sisinternational.com\/wp-content\/uploads\/2025\/08\/Healthcare-16-18x10.jpg 18w\" sizes=\"auto, (max-width: 1456px) 100vw, 1456px\"><\/figure>\n\n\n\n<p><\/p>\n\n\n\n<h2 class=\"wp-block-heading p3\"><span class=\"s1\">O mercado de seguros de sa\u00fade est\u00e1 mudando com a evolu\u00e7\u00e3o da RegTech e de outros requisitos de conformidade. <\/span><\/h2>\n\n\n\n<p class=\"p3\"><span class=\"s1\">Se estiver procurando benef\u00edcios de sa\u00fade, voc\u00ea precisar\u00e1 obter cota\u00e7\u00f5es de provedores. \u00c9 a melhor maneira de encontrar um programa que ofere\u00e7a o melhor valor pelo seu dinheiro. <\/span><\/p>\n\n\n\n<p class=\"p3\"><span class=\"s1\">Before getting or purchasing anything, we have to investigate certain variables. Healthcare is no exception. For health insurance, the principal issues are the premiums and health coverage. Keep these two components in mind as you begin your search for the best options on the market. <\/span><\/p>\n\n\n\n<h2 class=\"wp-block-heading p5\"><span class=\"s1\">Assist\u00eancia m\u00e9dica de pagador \u00fanico<\/span><\/h2>\n\n\n\n<p class=\"p3\"><span class=\"s1\">Tamb\u00e9m denominado \u201cMedicare for All\u201d, o seguro sa\u00fade nacional de pagador \u00fanico \u00e9 um sistema proposto para uso di\u00e1rio. Neste sistema, uma ag\u00eancia p\u00fablica ou semip\u00fablica coordena o financiamento da sa\u00fade. A presta\u00e7\u00e3o de cuidados permanece em m\u00e3os privadas. O seguro de pagador \u00fanico ainda n\u00e3o \u00e9 uma realidade, embora seja uma proposta popular.<\/span><\/p>\n\n\n\n<p class=\"p3\"><span class=\"s1\">O pagador \u00fanico \u00e9 de longe o tipo de plano mais barato. Permite-lhe visitar especialistas e cl\u00ednicas m\u00e9dicas \u00e0 sua escolha. Tal sistema seria financiado pelos contribuintes. Tamb\u00e9m estaria sujeito \u00e0 regulamenta\u00e7\u00e3o pelas autoridades de seguros relevantes. <\/span><\/p>\n\n\n\n<h2 class=\"wp-block-heading p5\"><span class=\"s1\">Seguro Privado vs. Seguro P\u00fablico<\/span><\/h2>\n\n\n\n<p class=\"p3\"><span class=\"s1\">Dever\u00edamos deixar os cuidados de sa\u00fade para o mercado livre ou o governo deveria fornec\u00ea-los? O debate continua, com muitos comparando o mercado dos EUA aos do Reino Unido e do Canad\u00e1. A pesquisa de mercado \u00e9 essencial para determinar a resposta \u00e0 quest\u00e3o da sa\u00fade.<\/span><\/p>\n\n\n\n<h2 class=\"wp-block-heading p5\"><span class=\"s1\">Rumo a uma nova estrat\u00e9gia de benef\u00edcios de sa\u00fade<\/span><\/h2>\n\n\n\n<p><span class=\"s1\">The debate over single-payer and private vs. public insurance can become moot. Many large employers are adopting a new healthcare benefits strategy, which includes <a href=\"https:\/\/www.sisinternational.com\/pt\/saude-inteligente\/\" title=\"Pesquisa de mercado de sa\u00fade inteligente\"  data-wpil-monitor-id=\"1957\">innovations<\/a> such as on-site health clinics and health coaching. It leads to healthier employees with less need for coverage.<\/span><\/p>\n\n\n\n<h2 class=\"wp-block-heading p5\"><span class=\"s1\">Organiza\u00e7\u00e3o Profissional de Empregadores (PEO)<\/span><\/h2>\n\n\n\n<p class=\"p3\"><span class=\"s1\">Should you outsource your company&#8217;s health insurance to a PEO? A PEO gives you access to all its carriers; thus, you have more options. Even better, you won&#8217;t have to administer the plan &#8211; that&#8217;s the PEO&#8217;s job. <a href=\"https:\/\/www.sisinternational.com\/pt\/solucoes\/solucoes-de-branding-e-pesquisa-de-clientes\/pesquisa-de-mercado-para-contar-historias\/\" title=\"Pesquisa de mercado para contar hist\u00f3rias\"  data-wpil-monitor-id=\"5957\">Market research will tell<\/a> you whether a PEO is the best option for you.<\/span><\/p>\n\n\n\n<h2 class=\"wp-block-heading p5\"><span class=\"s1\">How Healthcare Benefits Improve HR Talent Strategy<\/span><\/h2>\n\n\n\n<p class=\"p3\"><span class=\"s1\">Hiring and retaining talented workers is getting harder and harder. Thus, HR specialists are leveraging employee benefits as a tool to boost employee recruitment and retention. Healthcare is one such benefit. The right plan will help you attract and keep your best talent. That&#8217;s why it&#8217;s wise to be careful in your selection.<\/span><\/p>\n\n\n\n<h2 class=\"wp-block-heading p5\"><span class=\"s1\">Inscri\u00e7\u00f5es Abertas<\/span><\/h2>\n\n\n\n<p class=\"p3\"><span class=\"s1\">Open enrollment is a particular time of year when individuals can sign up for health insurance. The health plan must ensure that any eligible person who applies during open enrollment. It&#8217;s one of the best times to look for affordable health coverage.<\/span><\/p>\n\n\n\n<h2 class=\"wp-block-heading p5\"><span class=\"s1\">Benef\u00edcios de seguro sa\u00fade para empreendedores<\/span><\/h2>\n\n\n\n<p class=\"p3\"><span class=\"s1\">Encontrar bons planos de seguro para empreendedores pode ser dif\u00edcil. A \u201cpartilha de custos de sa\u00fade\u201d \u00e9 uma das formas de obter cobertura. \u00c9 uma forma de as pessoas saud\u00e1veis se protegerem contra acontecimentos inesperados na vida. O custo \u00e9 muito inferior ao do seguro tradicional e inclui os principais tipos de cuidados.<\/span><\/p>\n\n\n\n<h2 class=\"wp-block-heading p5\"><span class=\"s1\">Benef\u00edcios para a sa\u00fade e a gera\u00e7\u00e3o do mil\u00eanio<\/span><\/h2>\n\n\n\n<p class=\"p7\"><span class=\"s1\">A sua organiza\u00e7\u00e3o emprega uma grande propor\u00e7\u00e3o de millennials? \u00c9 importante notar que este grupo apresenta desafios especiais. Por exemplo, muitos millennials t\u00eam problemas de sa\u00fade que afetam a sua qualidade de vida. A sa\u00fade mental \u00e9 uma dessas condi\u00e7\u00f5es. Voc\u00ea precisar\u00e1 considerar esses dados ao escolher um plano.<\/span><\/p>\n\n\n\n<h2 class=\"wp-block-heading p5\"><span class=\"s1\">Gig Economia e Seguro Sa\u00fade<\/span><\/h2>\n\n\n\n<p class=\"p3\"><span class=\"s1\">A gig economy apoia gestores e artistas. Profissionais prontos para embarcar a qualquer momento e motoristas de plant\u00e3o tamb\u00e9m fazem parte desse grupo. Estes contratantes independentes muitas vezes n\u00e3o t\u00eam o n\u00edvel adequado de seguro de sa\u00fade. Se o fizerem, nem sempre \u00e9 a um custo acess\u00edvel. Se voc\u00ea faz parte da economia gig, pode precisar de ajuda para pesquisar o plano certo para voc\u00ea.<\/span><\/p>\n\n\n\n<p class=\"p3\"><span class=\"s1\">Todos os anos, mais e mais pessoas adquirem seus planos de sa\u00fade online. Muitos n\u00e3o sabem quais s\u00e3o os melhores para eles. A maioria escolhe planos de seguro sa\u00fade com pr\u00eamios mensais baixos. Mais tarde, eles descobrem que esse acordo n\u00e3o atende \u00e0s suas necessidades nem \u00e0s dos seus trabalhadores. As despesas podem ser muito maiores no longo prazo. O plano de sa\u00fade mais adequado acabar\u00e1 sendo aquele que oferece a melhor rela\u00e7\u00e3o custo-benef\u00edcio. N\u00e3o importa se n\u00e3o \u00e9 o plano com o pr\u00eamio mais baixo.<\/span><\/p>\n\n\n\n<h2 class=\"wp-block-heading\">Sobre a pesquisa de mercado de seguros de sa\u00fade<\/h2>\n\n\n\n<p class=\"p3\"><span class=\"s1\">Do you need Health <a href=\"https:\/\/www.sisinternational.com\/pt\/pericia\/industrias\/construcao-de-consultoria-em-estrategia-de-pesquisa-de-mercado-de-seguros\/\" title=\"Building Insurance Market Research\"  data-wpil-monitor-id=\"5021\">Insurance Market Research<\/a>?<span class=\"Apple-converted-space\">&nbsp; <\/span>A SIS Internacional ajuda voc\u00ea. Fazemos pesquisas de mercado para encontrar o plano que melhor se adapta a voc\u00ea ou \u00e0 sua organiza\u00e7\u00e3o. Ligue-nos agora para uma cota\u00e7\u00e3o para lidar com a cobertura do seu seguro de sa\u00fade.<\/span><\/p>\n\n\n\n<p><\/p>","protected":false},"excerpt":{"rendered":"<p>A SIS \u00e9 uma empresa l\u00edder global em pesquisa de mercado e consultoria estrat\u00e9gica. Obtenha an\u00e1lises de dados e insights da pesquisa de mercado de seguros de sa\u00fade.<\/p>","protected":false},"author":1,"featured_media":62434,"parent":11294,"menu_order":52,"comment_status":"closed","ping_status":"closed","template":"","meta":{"footnotes":""},"class_list":["post-34591","page","type-page","status-publish","has-post-thumbnail"],"_links":{"self":[{"href":"https:\/\/www.sisinternational.com\/pt\/wp-json\/wp\/v2\/pages\/34591","targetHints":{"allow":["GET"]}}],"collection":[{"href":"https:\/\/www.sisinternational.com\/pt\/wp-json\/wp\/v2\/pages"}],"about":[{"href":"https:\/\/www.sisinternational.com\/pt\/wp-json\/wp\/v2\/types\/page"}],"author":[{"embeddable":true,"href":"https:\/\/www.sisinternational.com\/pt\/wp-json\/wp\/v2\/users\/1"}],"replies":[{"embeddable":true,"href":"https:\/\/www.sisinternational.com\/pt\/wp-json\/wp\/v2\/comments?post=34591"}],"version-history":[{"count":6,"href":"https:\/\/www.sisinternational.com\/pt\/wp-json\/wp\/v2\/pages\/34591\/revisions"}],"predecessor-version":[{"id":79627,"href":"https:\/\/www.sisinternational.com\/pt\/wp-json\/wp\/v2\/pages\/34591\/revisions\/79627"}],"up":[{"embeddable":true,"href":"https:\/\/www.sisinternational.com\/pt\/wp-json\/wp\/v2\/pages\/11294"}],"wp:featuredmedia":[{"embeddable":true,"href":"https:\/\/www.sisinternational.com\/pt\/wp-json\/wp\/v2\/media\/62434"}],"wp:attachment":[{"href":"https:\/\/www.sisinternational.com\/pt\/wp-json\/wp\/v2\/media?parent=34591"}],"curies":[{"name":"wp","href":"https:\/\/api.w.org\/{rel}","templated":true}]}}