{"id":34568,"date":"2020-02-08T21:49:34","date_gmt":"2020-02-08T21:49:34","guid":{"rendered":"https:\/\/www.sisinternational.com\/?page_id=34568"},"modified":"2026-01-25T16:41:14","modified_gmt":"2026-01-25T21:41:14","slug":"analise-de-dados","status":"publish","type":"page","link":"https:\/\/www.sisinternational.com\/pt\/solucoes\/consultoria-estrategica\/analise-de-dados\/","title":{"rendered":"Empresa de an\u00e1lise de dados"},"content":{"rendered":"<h1 class=\"wp-block-heading\">Empresa de an\u00e1lise de dados<\/h1>\n\n\n\n<figure class=\"gb-block-image gb-block-image-68ed9aa7\"><img loading=\"lazy\" decoding=\"async\" width=\"1456\" height=\"816\" class=\"gb-image gb-image-68ed9aa7\" src=\"https:\/\/www.sisinternational.com\/wp-content\/uploads\/2025\/08\/Data-38.jpg\" alt=\"Pesquisa e Estrat\u00e9gia de Mercado Internacional da SIS\" title=\"Data (38)\" srcset=\"https:\/\/www.sisinternational.com\/wp-content\/uploads\/2025\/08\/Data-38.jpg 1456w, https:\/\/www.sisinternational.com\/wp-content\/uploads\/2025\/08\/Data-38-300x168.jpg 300w, https:\/\/www.sisinternational.com\/wp-content\/uploads\/2025\/08\/Data-38-1024x574.jpg 1024w, https:\/\/www.sisinternational.com\/wp-content\/uploads\/2025\/08\/Data-38-768x430.jpg 768w, https:\/\/www.sisinternational.com\/wp-content\/uploads\/2025\/08\/Data-38-18x10.jpg 18w\" sizes=\"auto, (max-width: 1456px) 100vw, 1456px\"><\/figure>\n\n\n\n<p><\/p>\n\n\n\n<h2 class=\"wp-block-heading p3\"><span class=\"s1\">Transforme seus dados em insights<\/span><\/h2>\n\n\n\n<p class=\"p3\"><span class=\"s1\">Do you feel your business is missing insight for confident decision making?&nbsp; Having support from a professional Data &amp; Analytics team can improve the effectiveness and profitability of your business. <\/span><\/p>\n\n\n\n<p class=\"p3\"><span class=\"s1\">No entanto, montar uma equipe interna de Data &amp; Analytics em sua empresa pode ser uma tarefa cara e desafiadora. Pode levar algum tempo para que a nova equipe se torne produtiva, entregue resultados e gere um retorno sobre o investimento (ROI). <\/span><\/p>\n\n\n\n<p class=\"p3\"><span class=\"s1\">Have you considered outsourcing your Data &amp; Analytics department? A professional <a href=\"https:\/\/www.sisinternational.com\/pt\/sis-application-of-quantitative-data-analytics-to-sensory-testing\/\" title=\"SIS Application of Quantitative Data Analytics to Sensory Testing\"  data-wpil-monitor-id=\"1280\">Data Analytics consultancy like SIS<\/a> can provide you with cutting-edge analysis, tools, analytics and reports. By outsourcing Data Analysis, you can also receive the required reports rapidly and cost effectively. <\/span><\/p>\n\n\n\n<h2 class=\"wp-block-heading p3\"><span class=\"s1\">Nossa Proposta de Valor<\/span><\/h2>\n\n\n\n<p class=\"p3\"><span class=\"s1\">At SIS Research, our reports are clear and easy to digest. We have experts who add value with their experience. We gather and analyze your data rapidly. We are your strategic partner for Data Science and <a href=\"https:\/\/www.sisinternational.com\/pt\/pericia\/industrias\/consultoria-em-analise-de-ciencia-de-dados\/\" title=\"Consultoria em Ci\u00eancia de Dados e Analytics\"  data-wpil-monitor-id=\"3675\">An\u00e1lise de dados<\/a>.<\/span><\/p>\n\n\n\n<h2 class=\"wp-block-heading\">Somos mais econ\u00f4micos e mais especializados do que contratar uma equipe de ci\u00eancia de dados.<\/h2>\n\n\n\n<p class=\"p3\"><span class=\"s1\">Nossas equipes de Data &amp; Analytics conhecem muitas t\u00e9cnicas anal\u00edticas. Podemos criar insights sobre todos os seus processos de neg\u00f3cios. Com mais insights, a tomada de decis\u00f5es se torna mais natural e eficaz. Voc\u00ea pode descobrir novas fontes de vantagem e encontrar maneiras de se tornar mais lucrativo.<\/span><\/p>\n\n\n\n<h2 class=\"wp-block-heading\">Nossos benef\u00edcios<\/h2>\n\n\n\n<ul class=\"wp-block-list\">\n<li>Custo-beneficio<\/li>\n\n\n\n<li>Especializado<\/li>\n\n\n\n<li>R\u00e1pido<\/li>\n\n\n\n<li>Global<\/li>\n\n\n\n<li>Imparcial<\/li>\n\n\n\n<li>Relat\u00f3rios avan\u00e7ados estrat\u00e9gicos e acion\u00e1veis<\/li>\n\n\n\n<li>Capacidades estat\u00edsticas avan\u00e7adas<\/li>\n<\/ul>\n\n\n\n<h2 class=\"wp-block-heading\">Solu\u00e7\u00f5es<\/h2>\n\n\n\n<p class=\"p3\"><span class=\"s1\">Na SIS Research, oferecemos as seguintes solu\u00e7\u00f5es:<\/span><\/p>\n\n\n\n<ul class=\"wp-block-list\">\n<li><span class=\"s1\"><b>Visualiza\u00e7\u00e3o de dados e Tableau.<\/b> Nossas ferramentas mostram seus resultados graficamente, o que \u00e9 f\u00e1cil de digerir e entender. Podemos fazer isso de acordo com suas necessidades e desejos. <\/span><\/li>\n\n\n\n<li><span class=\"s1\"><b>An\u00e1lise de regress\u00e3o<\/b> mostra a rela\u00e7\u00e3o entre duas ou mais vari\u00e1veis. Esta ferramenta ajuda voc\u00ea a entender como os componentes do sistema se relacionam entre si. Mostra os elementos que precisam ser melhorados para criar um impacto positivo na organiza\u00e7\u00e3o. <\/span><\/li>\n\n\n\n<li><span class=\"s1\">Com <b>An\u00e1lise conjunta<\/b>, voc\u00ea verifica o desempenho de seus produtos e servi\u00e7os. Voc\u00ea tamb\u00e9m v\u00ea como seus clientes os percebem. Conjoint analisa os diferentes componentes e recursos de seus produtos e servi\u00e7os. Os clientes podem avaliar pe\u00e7as separadas. Esta classifica\u00e7\u00e3o fornecer\u00e1 informa\u00e7\u00f5es valiosas para as equipes de marketing. <\/span><\/li>\n\n\n\n<li><span class=\"s1\"><b>An\u00e1lise preditiva<\/b> prever padr\u00f5es e tend\u00eancias futuras. Ao analisar dados hist\u00f3ricos, podemos prever resultados futuros. <\/span><\/li>\n\n\n\n<li><span class=\"s1\"><b>An\u00e1lise de vari\u00e2ncia (ANOVA)<\/b> compara a diferen\u00e7a entre mais de duas vari\u00e1veis. Para ser mais espec\u00edfico, examina a varia\u00e7\u00e3o dentro dos grupos. Tamb\u00e9m analisa a mudan\u00e7a entre grupos. ANOVA \u00e9 uma ferramenta \u00fatil para compreender conjuntos de dados mais complicados. <\/span><\/li>\n\n\n\n<li><span class=\"s1\"><b>An\u00e1lise de Montecarlo<\/b> permite que os pesquisadores realizem v\u00e1rios testes. Podemos definir todos os resultados poss\u00edveis de um evento ou investimento. <\/span><\/li>\n\n\n\n<li><span class=\"s1\"><b>Modelagem de dados<\/b> analisa os conceitos cujos dados voc\u00ea deseja rastrear e eles se tornam tabelas em um banco de dados. <\/span><\/li>\n\n\n\n<li><span class=\"s1\"><b>SQL e Python<\/b> \u00e9 outra ferramenta de an\u00e1lise que oferece muitas op\u00e7\u00f5es aos cientistas de dados. Essa ferramenta facilita o processamento, a consulta e o uso dos dados coletados. <\/span><\/li>\n\n\n\n<li><span class=\"s1\">N\u00f3s oferecemos <b>An\u00e1lise de ROA e ROE<\/b>. ROA significa Retorno sobre Ativos e ROE \u00e9 Retorno sobre o Patrim\u00f4nio L\u00edquido. <\/span><\/li>\n\n\n\n<li><span class=\"s1\">A <b>Relat\u00f3rio dessazonalizado<\/b> \u00e9 onde retiramos seus dados dos padr\u00f5es sazonais. <\/span><\/li>\n\n\n\n<li><span class=\"s1\">Tamb\u00e9m oferecemos um <b>Pacote de an\u00e1lise abrangente<\/b>. Inclui o seguinte:\u00a0<\/span>\n<ul class=\"wp-block-list\">\n<li><span class=\"s1\">An\u00e1lise de Caixa<\/span><\/li>\n\n\n\n<li><span class=\"s1\">Intervalos de confian\u00e7a<\/span><\/li>\n\n\n\n<li><span class=\"s1\">An\u00e1lise de valores discrepantes<\/span><\/li>\n\n\n\n<li><span class=\"s1\">An\u00e1lise de distribui\u00e7\u00e3o, assimetria e curtose<\/span><\/li>\n\n\n\n<li><span class=\"s1\">Alfa, estat\u00edstica F, valor p, etc.<\/span><\/li>\n<\/ul>\n<\/li>\n<\/ul>\n\n\n\n<h2 class=\"wp-block-heading\">Por que a an\u00e1lise de dados \u00e9 cr\u00edtica<\/h2>\n\n\n\n<p class=\"p3\"><span class=\"s1\">Uma empresa de pesquisa de mercado e uma empresa de an\u00e1lise de dados podem fornecer ao seu neg\u00f3cio os tipos de an\u00e1lise acima, o que criar\u00e1 uma compreens\u00e3o mais aprofundada de sua empresa, produtos e servi\u00e7os. Tamb\u00e9m pode ajudar com suas finan\u00e7as, efici\u00eancia e muito mais. <\/span><\/p>\n\n\n\n<p class=\"p3\"><span class=\"s1\">Data &amp; Analytics consulting is low-cost, efficient, and reliable.&nbsp; It can uncover a deeper understanding of your operations&nbsp;<\/span><\/p>\n\n\n\n<p class=\"p3\"><span class=\"s1\">A Market <a class=\"wpil_keyword_link\" href=\"https:\/\/www.sisinternational.com\/pt\/\"   title=\"In\u00edcio\" data-wpil-keyword-link=\"linked\"  data-wpil-monitor-id=\"756\">Research and Strategy<\/a> Consulting company like SIS is skilled at Data Analysis and tools.&nbsp; We can examine the products\/services you offer. We can examine the relationships of different components within the business.&nbsp; We can uncover efficiencies in the decision-making process, and provide actionable data and insight for confident decision making.<\/span><\/p>\n\n\n\n<p><\/p>","protected":false},"excerpt":{"rendered":"<p>O SIS atua como sua equipe de ci\u00eancia de dados e an\u00e1lise de dados. Fornecemos solu\u00e7\u00f5es de Data Analytics e Consultoria Estat\u00edstica.<\/p>","protected":false},"author":1,"featured_media":64376,"parent":14567,"menu_order":13,"comment_status":"closed","ping_status":"closed","template":"","meta":{"footnotes":""},"class_list":["post-34568","page","type-page","status-publish","has-post-thumbnail"],"_links":{"self":[{"href":"https:\/\/www.sisinternational.com\/pt\/wp-json\/wp\/v2\/pages\/34568","targetHints":{"allow":["GET"]}}],"collection":[{"href":"https:\/\/www.sisinternational.com\/pt\/wp-json\/wp\/v2\/pages"}],"about":[{"href":"https:\/\/www.sisinternational.com\/pt\/wp-json\/wp\/v2\/types\/page"}],"author":[{"embeddable":true,"href":"https:\/\/www.sisinternational.com\/pt\/wp-json\/wp\/v2\/users\/1"}],"replies":[{"embeddable":true,"href":"https:\/\/www.sisinternational.com\/pt\/wp-json\/wp\/v2\/comments?post=34568"}],"version-history":[{"count":6,"href":"https:\/\/www.sisinternational.com\/pt\/wp-json\/wp\/v2\/pages\/34568\/revisions"}],"predecessor-version":[{"id":77883,"href":"https:\/\/www.sisinternational.com\/pt\/wp-json\/wp\/v2\/pages\/34568\/revisions\/77883"}],"up":[{"embeddable":true,"href":"https:\/\/www.sisinternational.com\/pt\/wp-json\/wp\/v2\/pages\/14567"}],"wp:featuredmedia":[{"embeddable":true,"href":"https:\/\/www.sisinternational.com\/pt\/wp-json\/wp\/v2\/media\/64376"}],"wp:attachment":[{"href":"https:\/\/www.sisinternational.com\/pt\/wp-json\/wp\/v2\/media?parent=34568"}],"curies":[{"name":"wp","href":"https:\/\/api.w.org\/{rel}","templated":true}]}}