{"id":33419,"date":"2019-10-06T21:53:24","date_gmt":"2019-10-06T21:53:24","guid":{"rendered":"https:\/\/www.sisinternational.com\/?page_id=33419"},"modified":"2025-09-13T18:13:39","modified_gmt":"2025-09-13T22:13:39","slug":"pesquisa-de-mercado-em-idaho","status":"publish","type":"page","link":"https:\/\/www.sisinternational.com\/pt\/cobertura\/north-america\/cobertura-dos-eua\/pesquisa-de-mercado-em-idaho\/","title":{"rendered":"Pesquisa de mercado em Idaho"},"content":{"rendered":"<h1 class=\"wp-block-heading\">Pesquisa de mercado em Idaho<\/h1>\n\n\n\n<figure class=\"gb-block-image gb-block-image-7d19e551\"><img loading=\"lazy\" decoding=\"async\" width=\"1456\" height=\"816\" class=\"gb-image gb-image-7d19e551\" src=\"https:\/\/www.sisinternational.com\/wp-content\/uploads\/2025\/09\/Idaho-5.jpg\" alt=\"Pesquisa e Estrat\u00e9gia de Mercado Internacional da SIS\" title=\"Idaho (5)\" srcset=\"https:\/\/www.sisinternational.com\/wp-content\/uploads\/2025\/09\/Idaho-5.jpg 1456w, https:\/\/www.sisinternational.com\/wp-content\/uploads\/2025\/09\/Idaho-5-300x168.jpg 300w, https:\/\/www.sisinternational.com\/wp-content\/uploads\/2025\/09\/Idaho-5-1024x574.jpg 1024w, https:\/\/www.sisinternational.com\/wp-content\/uploads\/2025\/09\/Idaho-5-768x430.jpg 768w, https:\/\/www.sisinternational.com\/wp-content\/uploads\/2025\/09\/Idaho-5-18x10.jpg 18w\" sizes=\"auto, (max-width: 1456px) 100vw, 1456px\"><\/figure>\n\n\n\n<p><\/p>\n\n\n\n<h2 class=\"wp-block-heading p3\"><span class=\"s1\">Tamb\u00e9m conhecido como \u201cEstado Gem\u201d, Idaho compreende 83.569 milhas quadradas de terra e tem 1,7 milh\u00e3o de habitantes. <\/span><\/h2>\n\n\n\n<p class=\"p3\"><span class=\"s1\">Washington, Oregon, Montana, Nevada e Wyoming fazem fronteira com Idaho. Compartilha uma fronteira curta com a Col\u00fambia Brit\u00e2nica, Canad\u00e1. Boise \u00e9 sua capital e maior cidade. <\/span><\/p>\n\n\n\n<p class=\"p3\"><span class=\"s1\">A state that is both scenic and adventurous, Idaho offers a little bit of everything. Part of Yellowstone Park is in this state. Idaho Falls, Coeur d\u2019Alene, and Shoshone Falls are some of the top things to look forward to when visiting Idaho. You can always expect unpredictable weather here. Despite this, many people consider July and August to be the best months. Winter is cold, and fall characterized by cooler type weather. <\/span><\/p>\n\n\n\n<h2 class=\"wp-block-heading p5\"><span class=\"s1\">Energia<\/span><\/h2>\n\n\n\n<p class=\"p3\"><span class=\"s1\">The Department of Energy designed the Idaho National Laboratory. This laboratory is the <a href=\"https:\/\/www.sisinternational.com\/pt\/pericia\/curriculos-de-experiencia\/empresa-de-pesquisa-de-mercado-b2b\/\" title=\"Melhor empresa de pesquisa de mercado B2B\"  data-wpil-monitor-id=\"8028\">top nuclear research<\/a> facility in the nation. Its engineers do development, testing, and demonstration of new materials and fuels so that the residents enjoy clean and sustainable energy through the advancement of the facility. <\/span><\/p>\n\n\n\n<h2 class=\"wp-block-heading p5\"><span class=\"s1\">Aeroespacial<\/span><\/h2>\n\n\n\n<p class=\"p3\"><span class=\"s1\">Aerospace businesses keep finding a home here. Idaho is home to more than 24 aerospace companies, such as Empire Airlines. Its location is ideal as it is close to several international airports. These companies engage in airplane assembly and its related <a href=\"https:\/\/www.sisinternational.com\/pt\/solucoes\/teste-de-sabor\/servicos-de-teste-de-produtos-em-nova-york\/\" title=\"Servi\u00e7os de teste de produtos em Nova York\"  data-wpil-monitor-id=\"8029\">products and services<\/a>. Aerospace continues to play a massive role in the economic development of Idaho. <\/span><\/p>\n\n\n\n<h2 class=\"wp-block-heading p5\"><span class=\"s1\">Fabrica\u00e7\u00e3o Avan\u00e7ada <\/span><\/h2>\n\n\n\n<p class=\"p3\"><span class=\"s1\">The use of cutting-edge processes is what makes the difference from conventional manufacturing. Moreover, in Idaho, businesses have access to such methods along with a skilled workforce. These skills and advancements make Idaho the ideal place to invest in manufacturing. Companies such as Motive Power and Unitech Composites have done so. They have found that Idaho provides an opportunity for the use of technology. The state also has an excellent transportation network, which complements its technological advancements.<\/span><\/p>\n\n\n\n<h2 class=\"wp-block-heading p5\"><span class=\"s1\">Produ\u00e7\u00e3o de alimentos<\/span><\/h2>\n\n\n\n<p class=\"p3\"><span class=\"s1\">A maioria das pessoas conhece Idaho pela produ\u00e7\u00e3o de batatas. No entanto, a sua produ\u00e7\u00e3o inclui latic\u00ednios, vinhos, gado, colheitas e sementes. GoGo, Squeeze e Chobani acharam ben\u00e9fico abrir uma loja em Idaho.<\/span><\/p>\n\n\n\n<h2 class=\"wp-block-heading p5\"><span class=\"s1\">Turismo e Atividades Recreativas ao Ar Livre<\/span><\/h2>\n\n\n\n<p class=\"p3\"><span class=\"s1\">O turismo \u00e9 respons\u00e1vel por grande parte da receita de Idaho. O estado oferece muitas atividades ao ar livre para incentivar os visitantes. Tanto visitantes quanto empres\u00e1rios est\u00e3o observando e aproveitando a beleza externa de Idaho. As oportunidades s\u00e3o vastas neste setor. <\/span><\/p>\n\n\n\n<h2 class=\"wp-block-heading p5\"><span class=\"s1\">Incentivos empresariais em Idaho<\/span><\/h2>\n\n\n\n<p class=\"p3\"><span class=\"s1\">Idaho tornou ben\u00e9fico fazer neg\u00f3cios no estado de Gem. Alguns incentivos incluem: <\/span><\/p>\n\n\n\n<ul class=\"wp-block-list\">\n<li><span class=\"s1\">Fundo de Oportunidades de Idaho. Este fundo destina-se ao desenvolvimento de infra-estruturas. Esse desenvolvimento ajuda a atrair ou acomodar novas instala\u00e7\u00f5es comerciais. <\/span><\/li>\n\n\n\n<li><span class=\"s1\">TRI &#8211; Tax Reimbursement Incentive, can offer a tax credit up to 30% on income generated by a business<\/span><\/li>\n\n\n\n<li><span class=\"s1\">Isen\u00e7\u00e3o de imposto sobre a propriedade. Esta isen\u00e7\u00e3o \u00e9 para empresas novas ou existentes que investem pelo menos $500K. Essas empresas podem se qualificar para isen\u00e7\u00e3o do imposto sobre a propriedade. Em alguns casos, a isen\u00e7\u00e3o fiscal dura at\u00e9 5 anos. <\/span><\/li>\n\n\n\n<li><span class=\"s1\">Investment in Human Resources. This incentive can result in a reimbursement of up to $3,000 when training employees.<\/span><\/li>\n\n\n\n<li><span class=\"s1\">Cr\u00e9dito Fiscal de Investimento. Ao investir em m\u00e1quinas e equipamentos em Idaho, uma empresa pode receber um cr\u00e9dito fiscal 3%.<\/span><\/li>\n<\/ul>\n\n\n\n<h2 class=\"wp-block-heading\">Sobre pesquisa de mercado em Idaho<\/h2>\n\n\n\n<p class=\"p3\"><span class=\"s1\">For your business to thrive, you need information. <a href=\"https:\/\/www.sisinternational.com\/pt\/solucoes\/solucoes-de-pesquisa-quantitativa-qualitativa\/recrutamento-de-pesquisa-qualitativa\/\" title=\"Recrutamento de Pesquisa Qualitativa\"  data-wpil-monitor-id=\"8026\">Pesquisa qualitativa e quantitativa<\/a> can help you figure out your business location. It tells you what the consumer needs or current wants are. It also gives you the best <a href=\"https:\/\/www.sisinternational.com\/pt\/solucoes\/pesquisa-de-consultoria-em-estrategia-fintech\/consultoria-em-estrategia-de-pesquisa-de-mercado-de-seguros-contra-interrupcao-de-negocios\/\" title=\"Pesquisa de mercado de seguros contra interrup\u00e7\u00e3o de neg\u00f3cios e consultoria estrat\u00e9gica\"  data-wpil-monitor-id=\"8030\">strategy to use for your business<\/a> success. SIS can do this and more for you. We specialize in Qualitative, Quantitative, and Strategy Research. The future and <a href=\"https:\/\/www.sisinternational.com\/pt\/predictive-analytics\/\" title=\"Predictive Analytics: Your Crystal Ball for Business Success\"  data-wpil-monitor-id=\"8027\">success of your business<\/a> are in your hands. Moreover, you can trust <a href=\"https:\/\/www.sisinternational.com\/pt\/sis-revela-plataforma-de-ciencia-de-dados-e-analise-quantitativa\/\" title=\"SIS revela plataforma de ci\u00eancia de dados e an\u00e1lise quantitativa\"  data-wpil-monitor-id=\"8025\">SIS<\/a> to assist you in taking loads of data and transforming it into a solid base for your decision-making. Click on the link below and experience how we can assist in your business success.<\/span><\/p>\n\n\n\n<h2 class=\"wp-block-heading\">&nbsp;<\/h2>","protected":false},"excerpt":{"rendered":"<p>Descubra novas oportunidades de neg\u00f3cios com Pesquisa de Mercado em Idaho.<\/p>","protected":false},"author":1,"featured_media":66550,"parent":19303,"menu_order":55,"comment_status":"closed","ping_status":"closed","template":"","meta":{"footnotes":""},"class_list":["post-33419","page","type-page","status-publish","has-post-thumbnail"],"_links":{"self":[{"href":"https:\/\/www.sisinternational.com\/pt\/wp-json\/wp\/v2\/pages\/33419","targetHints":{"allow":["GET"]}}],"collection":[{"href":"https:\/\/www.sisinternational.com\/pt\/wp-json\/wp\/v2\/pages"}],"about":[{"href":"https:\/\/www.sisinternational.com\/pt\/wp-json\/wp\/v2\/types\/page"}],"author":[{"embeddable":true,"href":"https:\/\/www.sisinternational.com\/pt\/wp-json\/wp\/v2\/users\/1"}],"replies":[{"embeddable":true,"href":"https:\/\/www.sisinternational.com\/pt\/wp-json\/wp\/v2\/comments?post=33419"}],"version-history":[{"count":4,"href":"https:\/\/www.sisinternational.com\/pt\/wp-json\/wp\/v2\/pages\/33419\/revisions"}],"predecessor-version":[{"id":81352,"href":"https:\/\/www.sisinternational.com\/pt\/wp-json\/wp\/v2\/pages\/33419\/revisions\/81352"}],"up":[{"embeddable":true,"href":"https:\/\/www.sisinternational.com\/pt\/wp-json\/wp\/v2\/pages\/19303"}],"wp:featuredmedia":[{"embeddable":true,"href":"https:\/\/www.sisinternational.com\/pt\/wp-json\/wp\/v2\/media\/66550"}],"wp:attachment":[{"href":"https:\/\/www.sisinternational.com\/pt\/wp-json\/wp\/v2\/media?parent=33419"}],"curies":[{"name":"wp","href":"https:\/\/api.w.org\/{rel}","templated":true}]}}