{"id":33413,"date":"2019-10-06T19:22:04","date_gmt":"2019-10-06T19:22:04","guid":{"rendered":"https:\/\/www.sisinternational.com\/?page_id=33413"},"modified":"2025-09-13T18:06:55","modified_gmt":"2025-09-13T22:06:55","slug":"pesquisa-de-mercado-em-vermont","status":"publish","type":"page","link":"https:\/\/www.sisinternational.com\/pt\/cobertura\/north-america\/cobertura-dos-eua\/pesquisa-de-mercado-em-vermont\/","title":{"rendered":"Pesquisa de mercado em Vermont"},"content":{"rendered":"<h1 class=\"wp-block-heading\">Pesquisa de mercado em Vermont<\/h1>\n\n\n\n<figure class=\"gb-block-image gb-block-image-429df7f0\"><img loading=\"lazy\" decoding=\"async\" width=\"1456\" height=\"816\" class=\"gb-image gb-image-429df7f0\" src=\"https:\/\/www.sisinternational.com\/wp-content\/uploads\/2025\/09\/Vermont-2.jpg\" alt=\"Pesquisa e Estrat\u00e9gia de Mercado Internacional da SIS\" title=\"Vermont (2)\" srcset=\"https:\/\/www.sisinternational.com\/wp-content\/uploads\/2025\/09\/Vermont-2.jpg 1456w, https:\/\/www.sisinternational.com\/wp-content\/uploads\/2025\/09\/Vermont-2-300x168.jpg 300w, https:\/\/www.sisinternational.com\/wp-content\/uploads\/2025\/09\/Vermont-2-1024x574.jpg 1024w, https:\/\/www.sisinternational.com\/wp-content\/uploads\/2025\/09\/Vermont-2-768x430.jpg 768w, https:\/\/www.sisinternational.com\/wp-content\/uploads\/2025\/09\/Vermont-2-18x10.jpg 18w\" sizes=\"auto, (max-width: 1456px) 100vw, 1456px\"><\/figure>\n\n\n\n<p><\/p>\n\n\n\n<h2 class=\"wp-block-heading p2\"><span class=\"s1\">Vermont fica na Nova Inglaterra, no canto nordeste dos Estados Unidos. <\/span><\/h2>\n\n\n\n<p class=\"p2\"><span class=\"s1\">Com uma estimativa de 624.000 residentes, tem a segunda menor popula\u00e7\u00e3o de todos os estados dos EUA. \u00c9 um estado pequeno, o sexto menor do pa\u00eds em \u00e1rea. Burlington \u00e9 a maior cidade, com 42 mil habitantes, e South Burlington, localizada no condado de Chittenden, tem a segunda maior popula\u00e7\u00e3o de Vermont. Tem uma popula\u00e7\u00e3o de 18.000 pessoas. Outras grandes \u00e1reas metropolitanas incluem Rutland, Barre e Montpelier, a capital de Vermont.<\/span><\/p>\n\n\n\n<p class=\"p2\"><span class=\"s1\">Est\u00e2ncias de esqui animadas, montanhas serenas e arborizadas e verdadeiro xarope de bordo fazem parte de Vermont, sendo uma das principais atra\u00e7\u00f5es a Fazenda e Museu Billings em Woodstock. Um museu de hist\u00f3ria ao ar livre, o Billings \u00e9 um dos melhores do pa\u00eds. Outra atra\u00e7\u00e3o \u00e9 Hildene \u2013 a Lincoln Family Home, uma impressionante mans\u00e3o em estilo georgiano. \u00c9 a casa da fam\u00edlia dos descendentes do presidente Lincoln.<\/span><\/p>\n\n\n\n<h2 class=\"wp-block-heading p5\"><span class=\"s1\">Principais ind\u00fastrias em Vermont<\/span><\/h2>\n\n\n\n<p class=\"p2\"><span class=\"s1\">The largest employer in Vermont is the US Government, with most public employees working in the fields of education and healthcare. Full-service restaurants are also major employers, but they have one of the lowest average earnings figures. There is a noticeable lack of professional services in Vermont. For example, the state has few technical and professional consultants and lawyers. However, it has an extensive semiconductor and other <a href=\"https:\/\/www.sisinternational.com\/pt\/solucoes\/pesquisa-de-mercado-de-ia-e-consultoria-estrategica\/consultoria-de-inteligencia-artificial-em-automacao-da-industria-eletronica\/\" title=\"Consultoria em Automa\u00e7\u00e3o da Ind\u00fastria Eletr\u00f4nica e Intelig\u00eancia Artificial\"  data-wpil-monitor-id=\"9063\">electronic manufacturing industry<\/a>.<\/span><\/p>\n\n\n\n<h2 class=\"wp-block-heading\">Fabrica\u00e7\u00e3o<\/h2>\n\n\n\n<p class=\"p6\"><span class=\"s1\">Manufacturing is Vermont\u2019s leading industry, accounting for approximately 11 percent of state&#8217;s GDP. The state has over 1000 manufacturing firms, and a new <a href=\"https:\/\/www.sisinternational.com\/pt\/pericia\/industrias\/pesquisa-de-mercado-de-geracao-de-energia\/\" title=\"Pesquisa de mercado de gera\u00e7\u00e3o de energia\"  data-wpil-monitor-id=\"9059\">generation of market<\/a> leaders is driving innovation in this sector. Agriculture, tech, and energy are also leading industries, with other vital lines of business being software development, IT, financial services, and insurance. Renewable energy, green companies, and food and beverage also contribute to GDP. Vermont also manufactures consumer goods. Finally, the state has vibrant <a href=\"https:\/\/www.sisinternational.com\/pt\/solucoes\/pesquisa-de-mercado-de-ia-e-consultoria-estrategica\/adocao-de-ia-viagens-hospitalidade-turismo-consultoria-da-industria\/\" title=\"Ado\u00e7\u00e3o de IA em consultoria da ind\u00fastria de viagens, hotelaria e turismo\"  data-wpil-monitor-id=\"9064\">tourism and outdoor recreation industries<\/a>. Each industry has strong <a href=\"https:\/\/www.sisinternational.com\/pt\/solucoes\/solucoes-de-branding-e-pesquisa-de-clientes\/pesquisa-de-mercado-para-contar-historias\/\" title=\"Pesquisa de mercado para contar hist\u00f3rias\"  data-wpil-monitor-id=\"9060\">stories to tell<\/a> about Vermont as a place to live, work, or start and grow a business.<\/span><\/p>\n\n\n\n<h2 class=\"wp-block-heading p5\"><span class=\"s1\">Destaques e vantagens de fazer neg\u00f3cios em Vermont<\/span><\/h2>\n\n\n\n<p class=\"p2\"><span class=\"s1\">Os empreendedores est\u00e3o estabelecendo mais empresas iniciantes em Vermont do que nunca. Por que registrar uma nova empresa em Vermont? Aqui est\u00e3o alguns dos motivos:<\/span><\/p>\n\n\n\n<ul class=\"wp-block-list\">\n<li><span class=\"s1\"><b>Imposto de renda zero: <\/b>You can enjoy the fact that Vermont does not tax S corporations<\/span><\/li>\n\n\n\n<li><span class=\"s1\"><b>Outros incentivos fiscais:<\/b> O estado, algumas cidades e condados como Newport oferecem v\u00e1rios programas de incentivo. Esses programas s\u00e3o para empresas iniciantes que se registram como LLCs.<\/span><\/li>\n\n\n\n<li><span class=\"s1\"><b>Programas de capital e incentivos:<\/b> Esses programas variam desde investimentos anjos at\u00e9 uma ampla variedade de fontes de d\u00edvida. A Autoridade de Desenvolvimento Econ\u00f4mico de Vermont oferece muitos desses programas.<\/span><\/li>\n\n\n\n<li><span class=\"s1\"><b>Prote\u00e7\u00e3o de responsabilidade limitada:<\/b> Os propriet\u00e1rios de LLCs em Vermont desfrutam de prote\u00e7\u00e3o semelhante \u00e0 das corpora\u00e7\u00f5es.<\/span><\/li>\n\n\n\n<li><span class=\"s1\"><b>Distribui\u00e7\u00e3o flex\u00edvel de lucros:<\/b> Uma empresa iniciante registrada em Vermont pode selecionar diferentes formas de distribuir lucros. Este acordo \u00e9 diferente das parcerias, onde a percentagem \u00e9 de 50-50<\/span><\/li>\n<\/ul>\n\n\n\n<h2 class=\"wp-block-heading\">Ambiente de neg\u00f3cios favor\u00e1vel<\/h2>\n\n\n\n<p class=\"p6\"><span class=\"s1\">Vermont oferece a op\u00e7\u00e3o de incorporar empresas como \u201ccorpora\u00e7\u00f5es de benef\u00edcios\u201d. Esse benef\u00edcio permite que as empresas acrescentem uma miss\u00e3o social aos seus objetivos financeiros. Permitir\u00e1 que a corpora\u00e7\u00e3o de benef\u00edcios apoie oportunidades econ\u00f3micas para comunidades ou indiv\u00edduos. Essas oportunidades podem estar fora da norma no curso normal dos neg\u00f3cios. Eles tamb\u00e9m fornecem \u00e0s comunidades e indiv\u00edduos carentes ou de baixa renda os produtos e servi\u00e7os necess\u00e1rios. As empresas beneficentes tamb\u00e9m podem ter interesse em preservar ou melhorar o meio ambiente.<\/span><\/p>\n\n\n\n<h2 class=\"wp-block-heading p5\"><span class=\"s1\">Sobre pesquisa de mercado em Vermont<\/span><\/h2>\n\n\n\n<p class=\"p2\"><span class=\"s1\"><a href=\"https:\/\/www.sisinternational.com\/pt\/top-5-benefits-of-conducting-quantitative-market-research\/\" title=\"Top 5 Benefits of Conducting Quantitative Market Research\"  data-wpil-monitor-id=\"9058\">Pesquisa Quantitativa de Mercado<\/a> uses statistical, mathematical, and computational tools to derive results. It involves experiments, surveys, and real-time data gathering, and offers a more subjective overview. For Qualitative research, we use Focus Groups and other tools. We help <a href=\"https:\/\/www.sisinternational.com\/pt\/publicacoes\/pesquisa-de-mercado-de-negocios-escalaveis-7-maneiras-de-construir-um-negocio-escalavel\/\" title=\"Pesquisa de mercado de neg\u00f3cios escal\u00e1veis: 7 maneiras de construir um neg\u00f3cio escal\u00e1vel\"  data-wpil-monitor-id=\"9062\">businesses define their markets<\/a> and strengthen their competitive advantages. Both types of <a href=\"https:\/\/www.sisinternational.com\/pt\/pericia\/curriculos-de-experiencia\/pesquisa-de-marca\/\" title=\"Empresa de pesquisa de marca\"  data-wpil-monitor-id=\"9061\">research are beneficial to companies<\/a> considering doing business in Vermont.<\/span><\/p>\n\n\n\n<p class=\"p2\"><span class=\"s1\"><a href=\"https:\/\/www.sisinternational.com\/pt\/what-to-expect-in-your-first-year-entering-a-new-market-5-essential-strategies\/\" title=\"What to Expect in Your First Year Entering a New Market: 5 Essential Strategies\"  data-wpil-monitor-id=\"9065\">Strategy Research is also essential<\/a>. It helps businesses to identify potential opportunities and threats. It minimizes investment risk and helps companies to strengthen their position. It also facilitates strategic planning. It allows businesses to discover their own and their competitors\u2019 weaknesses and strengths. It also helps them to stay ahead of the competition and assists them in spotting emerging trends. <\/span><\/p>\n\n\n\n<p><\/p>\n\n\n\n<h2 class=\"wp-block-heading\">&nbsp;<\/h2>","protected":false},"excerpt":{"rendered":"<p>Descubra novas oportunidades de neg\u00f3cios com Pesquisa de Mercado em Vermont.<\/p>","protected":false},"author":1,"featured_media":66734,"parent":19303,"menu_order":53,"comment_status":"closed","ping_status":"closed","template":"","meta":{"footnotes":""},"class_list":["post-33413","page","type-page","status-publish","has-post-thumbnail"],"_links":{"self":[{"href":"https:\/\/www.sisinternational.com\/pt\/wp-json\/wp\/v2\/pages\/33413","targetHints":{"allow":["GET"]}}],"collection":[{"href":"https:\/\/www.sisinternational.com\/pt\/wp-json\/wp\/v2\/pages"}],"about":[{"href":"https:\/\/www.sisinternational.com\/pt\/wp-json\/wp\/v2\/types\/page"}],"author":[{"embeddable":true,"href":"https:\/\/www.sisinternational.com\/pt\/wp-json\/wp\/v2\/users\/1"}],"replies":[{"embeddable":true,"href":"https:\/\/www.sisinternational.com\/pt\/wp-json\/wp\/v2\/comments?post=33413"}],"version-history":[{"count":5,"href":"https:\/\/www.sisinternational.com\/pt\/wp-json\/wp\/v2\/pages\/33413\/revisions"}],"predecessor-version":[{"id":81518,"href":"https:\/\/www.sisinternational.com\/pt\/wp-json\/wp\/v2\/pages\/33413\/revisions\/81518"}],"up":[{"embeddable":true,"href":"https:\/\/www.sisinternational.com\/pt\/wp-json\/wp\/v2\/pages\/19303"}],"wp:featuredmedia":[{"embeddable":true,"href":"https:\/\/www.sisinternational.com\/pt\/wp-json\/wp\/v2\/media\/66734"}],"wp:attachment":[{"href":"https:\/\/www.sisinternational.com\/pt\/wp-json\/wp\/v2\/media?parent=33413"}],"curies":[{"name":"wp","href":"https:\/\/api.w.org\/{rel}","templated":true}]}}