{"id":33361,"date":"2019-10-05T19:40:43","date_gmt":"2019-10-05T19:40:43","guid":{"rendered":"https:\/\/www.sisinternational.com\/?page_id=33361"},"modified":"2026-01-25T17:03:53","modified_gmt":"2026-01-25T22:03:53","slug":"pesquisa-de-mercado-em-illinois","status":"publish","type":"page","link":"https:\/\/www.sisinternational.com\/pt\/cobertura\/north-america\/cobertura-dos-eua\/pesquisa-de-mercado-em-illinois\/","title":{"rendered":"Pesquisa de mercado em Illinois"},"content":{"rendered":"<h1 class=\"wp-block-heading\"><span class=\"s1\">Pesquisa de mercado em Illinois<\/span><\/h1>\n\n\n\n<figure class=\"gb-block-image gb-block-image-b874140b\"><img loading=\"lazy\" decoding=\"async\" width=\"1456\" height=\"816\" class=\"gb-image gb-image-b874140b\" src=\"https:\/\/www.sisinternational.com\/wp-content\/uploads\/2025\/09\/Chicago-1.jpg\" alt=\"Pesquisa e Estrat\u00e9gia de Mercado Internacional da SIS\" title=\"Chicago (1)\" srcset=\"https:\/\/www.sisinternational.com\/wp-content\/uploads\/2025\/09\/Chicago-1.jpg 1456w, https:\/\/www.sisinternational.com\/wp-content\/uploads\/2025\/09\/Chicago-1-300x168.jpg 300w, https:\/\/www.sisinternational.com\/wp-content\/uploads\/2025\/09\/Chicago-1-1024x574.jpg 1024w, https:\/\/www.sisinternational.com\/wp-content\/uploads\/2025\/09\/Chicago-1-768x430.jpg 768w, https:\/\/www.sisinternational.com\/wp-content\/uploads\/2025\/09\/Chicago-1-18x10.jpg 18w\" sizes=\"auto, (max-width: 1456px) 100vw, 1456px\"><\/figure>\n\n\n\n<p><\/p>\n\n\n\n<h2 class=\"wp-block-heading p2\"><span class=\"s1\">Em 1818, o estado da pradaria de Illinois tornou-se o 21\u00ba<\/span><span class=\"s2\"><sup>st<\/sup><\/span><span class=\"s1\"> estado dos EUA. <\/span><\/h2>\n\n\n\n<p class=\"p2\"><span class=\"s1\">Faz fronteira com os estados de Indiana ao leste e Wisconsin ao norte. O grande rio Mississippi fica a oeste, separando-o de Iowa e Missouri. A paisagem de Illinois possui vastas \u00e1reas de florestas, fazendas, colinas e p\u00e2ntanos. \u00c9 o lar de uma das maiores cidades dos EUA: The Windy City, Chicago, que fica \u00e0s margens do Lago Michigan.<\/span><\/p>\n\n\n\n<h2 class=\"wp-block-heading\">\u00c1reas Econ\u00f3micas<\/h2>\n\n\n\n<p class=\"p2\"><span class=\"s1\">Chicago is the largest city in Illinois. Its population is around two million. Situated in the center of Illinois, Chicago is the third-largest metropolitan area in the USA. Thus, there is an extensive customer base for a business. It also means that there are a large job <a href=\"https:\/\/www.sisinternational.com\/pt\/pericia\/industrias\/pesquisa-de-mercado-de-trabalho\/\" title=\"Pesquisa de Mercado de Trabalho\"  data-wpil-monitor-id=\"10926\">market and skilled labor<\/a> pool.&nbsp; <\/span><\/p>\n\n\n\n<p class=\"p2\"><span class=\"s1\">Algumas das outras cidades importantes s\u00e3o Aurora, Rockford, Joliet, Naperville e a capital, Springfield. Juntas, essas cidades abrigam mais de 756 mil pessoas. O estado tem uma popula\u00e7\u00e3o de mais de doze milh\u00f5es no total.<\/span><\/p>\n\n\n\n<h2 class=\"wp-block-heading\">Atra\u00e7\u00f5es<\/h2>\n\n\n\n<p class=\"p2\">Peoria (pictured) is home to over 110,000 people, and is on the Illinois River.&nbsp; The Peoria Riverfront museum is an important attraction.<\/p>\n\n\n\n<p class=\"p2\">Al\u00e9m disso, <span class=\"s1\">Springfield \u00e9 o orgulhoso local de nascimento do presidente Abraham Lincoln, e essa cidade possui diversas atra\u00e7\u00f5es dedicadas \u00e0 sua vida e obra. Essas atra\u00e7\u00f5es incluem a Biblioteca e Museu Presidencial Abraham Lincoln e o T\u00famulo de Lincoln no Cemit\u00e9rio Oak Ridge, no norte do estado. Illinois tem muitos outros locais hist\u00f3ricos para ver. Os visitantes podem escolher entre v\u00e1rios parques, como o belo Starved Rock State Park. A Feira Estadual realizada em Harvey tamb\u00e9m \u00e9 interessante.<\/span><\/p>\n\n\n\n<p><span class=\"s1\">Illinois \u00e9 o lar de alguns dos museus mais bem classificados do mundo, a maioria dos quais com sede em Chicago. Estes incluem institui\u00e7\u00f5es conceituadas como o Museu de Ci\u00eancia e Ind\u00fastria, o Museu Field de Hist\u00f3ria Natural e o Instituto de Arte de Chicago.<span class=\"Apple-converted-space\">&nbsp; <\/span>As \u00e1reas de interesse ao ar livre incluem Millennium Park e Wrigley Field. <\/span><\/p>\n\n\n\n<h2 class=\"wp-block-heading\">Oportunidades de neg\u00f3cio<\/h2>\n\n\n\n<p class=\"p2\"><span class=\"s1\">Illinois is home to thriving manufacturing, agriculture, exports, and mining industries. There are also significant economic growth <a href=\"https:\/\/www.sisinternational.com\/pt\/solucoes\/consultoria-sis-blockchain\/oportunidades-de-blockchain-alem-dos-servicos-financeiros\/\" title=\"Oportunidades Blockchain al\u00e9m dos servi\u00e7os financeiros\"  data-wpil-monitor-id=\"10929\">opportunities in the services<\/a> sector, mainly in the areas of finance, technology, government, and transportation.<\/span><\/p>\n\n\n\n<h2 class=\"wp-block-heading\">Servi\u00e7os industriais<\/h2>\n\n\n\n<p class=\"p2\"><span class=\"s1\">As ind\u00fastrias de servi\u00e7os em Illinois est\u00e3o em r\u00e1pido crescimento. Os especialistas esperam que eles se tornem seus maiores geradores de renda. Os servi\u00e7os pessoais, como assist\u00eancia m\u00e9dica, hot\u00e9is, escrit\u00f3rios de advocacia e contabilidade, est\u00e3o na lideran\u00e7a. Os servi\u00e7os financeiros est\u00e3o em segundo lugar. Muitas pessoas consideram Chicago a capital financeira do meio-oeste americano. Os servi\u00e7os de atacado e varejo tamb\u00e9m contribuem significativamente para os resultados financeiros.<\/span><\/p>\n\n\n\n<h2 class=\"wp-block-heading\">Agricultura<\/h2>\n\n\n\n<p class=\"p2\"><span class=\"s1\">A ind\u00fastria agr\u00edcola \u00e9 um dos pilares da economia de Illinois devido ao seu solo f\u00e9rtil. Milho, soja, trigo e ab\u00f3bora est\u00e3o entre as culturas mais cultivadas no estado.<\/span><\/p>\n\n\n\n<h2 class=\"wp-block-heading\">Fabrica\u00e7\u00e3o<\/h2>\n\n\n\n<p class=\"p2\"><span class=\"s1\">Illinois is also well known for the manufacturing of large machines. These include farm machinery and construction equipment. There are also quite a few companies processing food items. Some of these <a href=\"https:\/\/www.sisinternational.com\/pt\/solucoes\/teste-de-sabor\/food-product-tests-in-ny\/\" title=\"Food Product Tests In NY\"  data-wpil-monitor-id=\"10927\">foods are dairy products<\/a>, cereals, baked goods, and candy.<\/span><\/p>\n\n\n\n<h2 class=\"wp-block-heading\">Minera\u00e7\u00e3o e Energia<\/h2>\n\n\n\n<p class=\"p2\"><span class=\"s1\">A ind\u00fastria mineira concentra-se no carv\u00e3o, mas o petr\u00f3leo tamb\u00e9m d\u00e1 uma contribui\u00e7\u00e3o significativa para a ind\u00fastria. Illinois produz brita, areia, cascalho e at\u00e9 produtos minerais, como argilas.<\/span><\/p>\n\n\n\n<h2 class=\"wp-block-heading p2\">Sobre pesquisa de mercado em Illinois<\/h2>\n\n\n\n<p class=\"p2\"><span class=\"s1\">Market Research in Illinois provides essential data. Newcomers can learn about the many businesses already operating in the state. It also aids <a href=\"https:\/\/www.sisinternational.com\/pt\/cobertura\/as-americas\/pesquisa-de-mercado-no-caribe\/empresa-de-consultoria-estrategica-caribenha\/\" title=\"Empresa de consultoria estrat\u00e9gica do Caribe\"  data-wpil-monitor-id=\"10932\">companies<\/a> in coming up with the best strategies to ensure longevity. <a href=\"https:\/\/www.sisinternational.com\/pt\/solucoes\/pesquisa-de-mercado-de-ia-e-consultoria-estrategica\/processamento-de-linguagem-natural-pesquisa-de-mercado-de-ia\/\" title=\"Pesquisa de mercado de IA de processamento de linguagem natural\"  data-wpil-monitor-id=\"10931\">Research is crucial to the decision-making process<\/a> by increasing its efficiency. It also shows the impact a company can have in the area.<\/span><\/p>\n\n\n\n<p class=\"p2\"><span class=\"s1\">SIS International Research is a <a href=\"https:\/\/www.sisinternational.com\/pt\/cobertura\/pesquisa-de-mercado-africa\/pesquisa-de-mercado-na-tanzania\/\" title=\"Pesquisa de mercado na Tanz\u00e2nia\"  data-wpil-monitor-id=\"3937\">Mercado<\/a> Research and Strategy Consulting provider for the B2B, Consumer, Healthcare, and other industries. SIS provides Customer Interviews, Surveys, Focus Groups, Ethnography, Competitive Analysis, and Product Testing. We can help you stay competitive by giving you full insight. You can learn about the business landscape through <a href=\"https:\/\/www.sisinternational.com\/pt\/cobertura\/pesquisa-de-mercado-asia\/pesquisa-de-mercado-micronesia\/\" title=\"Pesquisa de mercado na Micron\u00e9sia\"  data-wpil-monitor-id=\"3954\">pesquisa de oportunidade de mercado<\/a>. We also offer competitor analysis, market intelligence, and other services.<\/span><\/p>\n\n\n\n<h2 class=\"wp-block-heading\">&nbsp;<\/h2>","protected":false},"excerpt":{"rendered":"<p>Descubra novas oportunidades de neg\u00f3cios com a Pesquisa de Mercado em Illinois.<\/p>","protected":false},"author":1,"featured_media":66514,"parent":19303,"menu_order":50,"comment_status":"closed","ping_status":"closed","template":"","meta":{"footnotes":""},"class_list":["post-33361","page","type-page","status-publish","has-post-thumbnail"],"_links":{"self":[{"href":"https:\/\/www.sisinternational.com\/pt\/wp-json\/wp\/v2\/pages\/33361","targetHints":{"allow":["GET"]}}],"collection":[{"href":"https:\/\/www.sisinternational.com\/pt\/wp-json\/wp\/v2\/pages"}],"about":[{"href":"https:\/\/www.sisinternational.com\/pt\/wp-json\/wp\/v2\/types\/page"}],"author":[{"embeddable":true,"href":"https:\/\/www.sisinternational.com\/pt\/wp-json\/wp\/v2\/users\/1"}],"replies":[{"embeddable":true,"href":"https:\/\/www.sisinternational.com\/pt\/wp-json\/wp\/v2\/comments?post=33361"}],"version-history":[{"count":8,"href":"https:\/\/www.sisinternational.com\/pt\/wp-json\/wp\/v2\/pages\/33361\/revisions"}],"predecessor-version":[{"id":81788,"href":"https:\/\/www.sisinternational.com\/pt\/wp-json\/wp\/v2\/pages\/33361\/revisions\/81788"}],"up":[{"embeddable":true,"href":"https:\/\/www.sisinternational.com\/pt\/wp-json\/wp\/v2\/pages\/19303"}],"wp:featuredmedia":[{"embeddable":true,"href":"https:\/\/www.sisinternational.com\/pt\/wp-json\/wp\/v2\/media\/66514"}],"wp:attachment":[{"href":"https:\/\/www.sisinternational.com\/pt\/wp-json\/wp\/v2\/media?parent=33361"}],"curies":[{"name":"wp","href":"https:\/\/api.w.org\/{rel}","templated":true}]}}