{"id":33207,"date":"2019-09-21T19:17:51","date_gmt":"2019-09-21T19:17:51","guid":{"rendered":"https:\/\/www.sisinternational.com\/?page_id=33207"},"modified":"2026-03-13T00:43:25","modified_gmt":"2026-03-13T04:43:25","slug":"pesquisa-de-mercado-na-nova-zelandia","status":"publish","type":"page","link":"https:\/\/www.sisinternational.com\/pt\/cobertura\/pesquisa-de-mercado-oceania\/pesquisa-de-mercado-na-nova-zelandia\/","title":{"rendered":"Pesquisa de mercado na Nova Zel\u00e2ndia"},"content":{"rendered":"<h1 class=\"wp-block-heading\"><span style=\"font-weight: 400;\"><strong>Pesquisa de mercado na Nova Zel\u00e2ndia<\/strong><\/span><\/h1>\n\n\n\n<figure class=\"gb-block-image gb-block-image-17b3f680\"><img loading=\"lazy\" decoding=\"async\" width=\"1456\" height=\"816\" class=\"gb-image gb-image-17b3f680\" src=\"https:\/\/www.sisinternational.com\/wp-content\/uploads\/2025\/09\/New-Zealand-2.jpg\" alt=\"Pesquisa e Estrat\u00e9gia de Mercado Internacional da SIS\" title=\"New Zealand (2)\" srcset=\"https:\/\/www.sisinternational.com\/wp-content\/uploads\/2025\/09\/New-Zealand-2.jpg 1456w, https:\/\/www.sisinternational.com\/wp-content\/uploads\/2025\/09\/New-Zealand-2-300x168.jpg 300w, https:\/\/www.sisinternational.com\/wp-content\/uploads\/2025\/09\/New-Zealand-2-1024x574.jpg 1024w, https:\/\/www.sisinternational.com\/wp-content\/uploads\/2025\/09\/New-Zealand-2-768x430.jpg 768w, https:\/\/www.sisinternational.com\/wp-content\/uploads\/2025\/09\/New-Zealand-2-18x10.jpg 18w\" sizes=\"auto, (max-width: 1456px) 100vw, 1456px\"><\/figure>\n\n\n\n<p><\/p>\n\n\n\n<hr class=\"wp-block-separator has-alpha-channel-opacity is-style-dots\"\/>\n\n\n\n<p><\/p>\n\n\n\n<div class=\"wp-block-columns has-global-color-9-color has-text-color has-background has-link-color wp-elements-a3efdc1cb6c04e2f3e52928c813d5fa1 is-layout-flex wp-container-core-columns-is-layout-9d6595d7 wp-block-columns-is-layout-flex\" style=\"background-color:#f7f9fa6e\">\n<div class=\"wp-block-column is-layout-flow wp-block-column-is-layout-flow\" style=\"flex-basis:18%\"><\/div>\n\n\n\n<div class=\"wp-block-column is-vertically-aligned-center is-layout-flow wp-block-column-is-layout-flow\" style=\"flex-basis:71.28%\">\n<div class=\"wp-block-rank-math-toc-block aligncenter has-global-color-9-color has-text-color has-link-color wp-elements-4312cfe8c0e6da63f98818a13bae8018\" style=\"font-size:16px\" id=\"rank-math-toc\"><h2><br><strong>T<\/strong>able of Contents<\/h2><nav><ul><li class=\"\"><a href=\"#new-zealand-is-in-the-pacific-ocean\">New Zealand is in the Pacific Ocean\u00a0<\/a><\/li><li class=\"\"><a href=\"#seasons-in-new-zealand\">Temporadas na Nova Zel\u00e2ndia<\/a><\/li><li class=\"\"><a href=\"#investing-in-new-zealand\">Investindo na Nova Zel\u00e2ndia<\/a><\/li><li class=\"\"><a href=\"#agriculture\">Agricultura<\/a><\/li><li class=\"\"><a href=\"#forestry\">Silvicultura<\/a><\/li><li class=\"\"><a href=\"#mining\">Minera\u00e7\u00e3o<\/a><\/li><li class=\"\"><a href=\"#fishing\">pescaria<\/a><\/li><li class=\"\"><a href=\"#benefits-of-doing-business-in-new-zealand\">Benef\u00edcios de fazer neg\u00f3cios na Nova Zel\u00e2ndia<\/a><\/li><li class=\"\"><a href=\"#about-market-research-in-new-zealand\">Sobre pesquisa de mercado na Nova Zel\u00e2ndia<\/a><\/li><\/ul><\/nav><\/div>\n<\/div>\n<\/div>\n\n\n\n<h2 class=\"wp-block-heading\" id=\"new-zealand-is-in-the-pacific-ocean\"><span style=\"font-weight: 400;\"><strong>New Zealand is in the Pacific Ocean&nbsp;<\/strong><\/span><\/h2>\n\n\n\n<p><span style=\"font-weight: 400;\">Os Maori a chamavam de \u201cTerra da Longa Nuvem Branca\u201d e compreende cerca de 600 pequenas ilhas. Possui duas massas insulares principais \u2013 a Ilha Sul e a Ilha Norte. Sua \u00e1rea total \u00e9 de 268.000 quil\u00f4metros quadrados (103.500 milhas quadradas). A maior parte da popula\u00e7\u00e3o da Nova Zel\u00e2ndia vive em Auckland, sendo a cidade de Wellington a sua capital.&nbsp;<\/span><\/p>\n\n\n\n<p><span style=\"font-weight: 400;\">English is New Zealand\u2019s primary language. It boasts a population of 4.9 million, with most persons being of European origin.&nbsp;<\/span><\/p>\n\n\n\n<h2 class=\"wp-block-heading\" id=\"seasons-in-new-zealand\"><span style=\"font-weight: 400;\"><strong>Temporadas na Nova Zel\u00e2ndia<\/strong><\/span><\/h2>\n\n\n\n<figure class=\"gb-block-image gb-block-image-ab21fd41\"><img loading=\"lazy\" decoding=\"async\" width=\"1456\" height=\"816\" class=\"gb-image gb-image-ab21fd41\" src=\"https:\/\/www.sisinternational.com\/wp-content\/uploads\/2025\/09\/New-Zealand-1.jpg\" alt=\"Pesquisa e Estrat\u00e9gia de Mercado Internacional da SIS\" title=\"New Zealand (1)\" srcset=\"https:\/\/www.sisinternational.com\/wp-content\/uploads\/2025\/09\/New-Zealand-1.jpg 1456w, https:\/\/www.sisinternational.com\/wp-content\/uploads\/2025\/09\/New-Zealand-1-300x168.jpg 300w, https:\/\/www.sisinternational.com\/wp-content\/uploads\/2025\/09\/New-Zealand-1-1024x574.jpg 1024w, https:\/\/www.sisinternational.com\/wp-content\/uploads\/2025\/09\/New-Zealand-1-768x430.jpg 768w, https:\/\/www.sisinternational.com\/wp-content\/uploads\/2025\/09\/New-Zealand-1-18x10.jpg 18w\" sizes=\"auto, (max-width: 1456px) 100vw, 1456px\"><\/figure>\n\n\n\n<p><\/p>\n\n\n\n<p><span style=\"font-weight: 400;\">Spring is in September-November, while summer is between the months of December and<\/span> February. Fall is between the months of March-May and winter is from June to <span style=\"font-weight: 400;\">August. Temperatures along the coast tend to be mild. If you go inland, you can get temperatures as low as -10C. Travelers to the far north will experience subtropical weather.&nbsp;<\/span><\/p>\n\n\n\n<p><span style=\"font-weight: 400;\">New Zealand has many scenic trails and picturesque locations. You can even hike through some of the Lord of the Rings filming locations (yes, you heard right). It can make you feel as if you are in Middle-earth. New Zealand offers both sides (and the middle) of the world. You can jump off one of the world\u2019s highest cliffs in Queenstown. Alternatively, you can visit the illuminated caves in Waitomo Glowworm.&nbsp;<\/span><\/p>\n\n\n\n<h2 class=\"wp-block-heading\" id=\"investing-in-new-zealand\"><span style=\"font-weight: 400;\">Investindo na Nova Zel\u00e2ndia<\/span><\/h2>\n\n\n\n<p><span style=\"font-weight: 400;\">New Zealand operates under a mixed market principle. Apart from the service sector, their economic drivers include agriculture, fishing, and horticulture. Opportunities are ripe for developing those sectors into more prominent and more effective industries.&nbsp;<\/span><\/p>\n\n\n\n<h2 class=\"wp-block-heading\" id=\"agriculture\"><span style=\"font-weight: 400;\">Agricultura<\/span><\/h2>\n\n\n\n<p><span style=\"font-weight: 400;\">A agricultura \u00e9 a precursora dos setores comerciais da Nova Zel\u00e2ndia. A agricultura pastoril, incluindo a cria\u00e7\u00e3o de ovinos, a cria\u00e7\u00e3o de gado de corte e a nova mas popular cria\u00e7\u00e3o de veados, constitui a parte mais substancial deste sector. A produ\u00e7\u00e3o leiteira tamb\u00e9m partilha uma fatia do bolo, com a Nova Zel\u00e2ndia a fornecer 2,2 % da procura global de leite.&nbsp;<\/span><\/p>\n\n\n\n<p><span style=\"font-weight: 400;\">O kiwi \u00e9 o produto de exporta\u00e7\u00e3o mais significativo da Nova Zel\u00e2ndia. Os agricultores tamb\u00e9m cultivam frutas como cerejas, damascos, p\u00eassegos e ameixas. Al\u00e9m disso, produzem uvas para as vin\u00edcolas locais e exportam para os mercados. Conhecida como viticultura, \u00e9 uma ind\u00fastria em crescimento na Nova Zel\u00e2ndia.<\/span><span style=\"font-weight: 400;\">&nbsp;<\/span><\/p>\n\n\n\n<h2 class=\"wp-block-heading\" id=\"forestry\"><span style=\"font-weight: 400;\">Silvicultura<\/span><\/h2>\n\n\n\n<p><span style=\"font-weight: 400;\">A Nova Zel\u00e2ndia exporta uma grande quantidade de madeira para Austr\u00e1lia, China, Coreia do Sul e Jap\u00e3o.&nbsp;<\/span><\/p>\n\n\n\n<h2 class=\"wp-block-heading\" id=\"mining\"><span style=\"font-weight: 400;\">Minera\u00e7\u00e3o<\/span><\/h2>\n\n\n\n<p><span style=\"font-weight: 400;\">As fontes naturais s\u00e3o abundantes na Nova Zel\u00e2ndia. Petr\u00f3leo, g\u00e1s, min\u00e9rio de ferro, carv\u00e3o, prata e ouro s\u00e3o alguns dos principais recursos naturais extra\u00eddos na Nova Zel\u00e2ndia para exporta\u00e7\u00e3o.<\/span><\/p>\n\n\n\n<h2 class=\"wp-block-heading\" id=\"fishing\"><span style=\"font-weight: 400;\">pescaria<\/span><\/h2>\n\n\n\n<p><\/p>\n\n\n\n<p><span style=\"font-weight: 400;\">A Nova Zel\u00e2ndia tem uma ind\u00fastria pesqueira vibrante que exporta aproximadamente 90% de suas capturas. O territ\u00f3rio pesqueiro do pa\u00eds abrange 2,5 milhas quadradas. A procura de peixe continua a crescer \u00e0 medida que os consumidores procuram escolhas alimentares mais saud\u00e1veis. A Nova Zel\u00e2ndia est\u00e1 envolvida na piscicultura e frutos do mar, como ostras e mexilh\u00f5es, est\u00e3o na mesa de exporta\u00e7\u00e3o.&nbsp;<\/span><\/p>\n\n\n\n<h2 class=\"wp-block-heading\" id=\"benefits-of-doing-business-in-new-zealand\"><span style=\"font-weight: 400;\"><strong>Benef\u00edcios de fazer neg\u00f3cios na Nova Zel\u00e2ndia<\/strong><\/span><\/h2>\n\n\n\n<figure class=\"gb-block-image gb-block-image-41e7e76d\"><img loading=\"lazy\" decoding=\"async\" width=\"1456\" height=\"816\" class=\"gb-image gb-image-41e7e76d\" src=\"https:\/\/www.sisinternational.com\/wp-content\/uploads\/2025\/09\/New-Zealand-3.jpg\" alt=\"Pesquisa e Estrat\u00e9gia de Mercado Internacional da SIS\" title=\"New Zealand (3)\" srcset=\"https:\/\/www.sisinternational.com\/wp-content\/uploads\/2025\/09\/New-Zealand-3.jpg 1456w, https:\/\/www.sisinternational.com\/wp-content\/uploads\/2025\/09\/New-Zealand-3-300x168.jpg 300w, https:\/\/www.sisinternational.com\/wp-content\/uploads\/2025\/09\/New-Zealand-3-1024x574.jpg 1024w, https:\/\/www.sisinternational.com\/wp-content\/uploads\/2025\/09\/New-Zealand-3-768x430.jpg 768w, https:\/\/www.sisinternational.com\/wp-content\/uploads\/2025\/09\/New-Zealand-3-18x10.jpg 18w\" sizes=\"auto, (max-width: 1456px) 100vw, 1456px\"><\/figure>\n\n\n\n<p><\/p>\n\n\n\n<p><span style=\"font-weight: 400;\">O governo oferece incentivos fiscais para incentivar o investimento. Alguns recursos principais incluem:<\/span><\/p>\n\n\n\n<ul class=\"wp-block-list\">\n<li><span style=\"font-weight: 400;\"> Al\u00edvio de dupla tributa\u00e7\u00e3o&nbsp;<\/span><\/li>\n\n\n\n<li><span style=\"font-weight: 400;\"> Income exception for overseas investment,<\/span> which can mean up to a <span style=\"font-weight: 400;\">4-year tax exemption&nbsp;<\/span><\/li>\n\n\n\n<li><span style=\"font-weight: 400;\"> Taxa de imposto corporativo de 28%<\/span><\/li>\n\n\n\n<li><span style=\"font-weight: 400;\"> Nenhum imposto sobre ganho de capital para a maioria dos investimentos<\/span><\/li>\n<\/ul>\n\n\n\n<p><\/p>\n\n\n\n<!DOCTYPE html>\n<html lang=\"en\">\n<head>\n    <meta charset=\"UTF-8\">\n    <meta name=\"viewport\" content=\"width=device-width, initial-scale=1.0\">\n    <title>AI Blog Banner<\/title>\n    <style>\n        * {\n            margin: 0;\n            padding: 0;\n            box-sizing: border-box;\n        }\n\n        .banner {\n            position: relative;\n            width: 100%;\n            height: 350px;\n            overflow: hidden;\n            display: flex;\n            align-items: center;\n            justify-content: center;\n            font-family: 'Arial', sans-serif;\n            border-radius: 25px;\n        }\n\n        .animated-background {\n            position: absolute;\n            top: 0;\n            left: 0;\n            width: 100%;\n            height: 100%;\n            background: linear-gradient(45deg, #003f6b, #2d5a7b, #003f6b, #2d5a7b);\n            background-size: 400% 400%;\n            animation: gradientMove 8s ease-in-out infinite;\n        }\n\n        .ai-pattern {\n            position: absolute;\n            top: 0;\n            left: 0;\n            width: 100%;\n            height: 100%;\n            opacity: 0.1;\n            background-image: \n                radial-gradient(circle at 20% 20%, rgba(255,255,255,0.3) 2px, transparent 2px),\n                radial-gradient(circle at 80% 80%, rgba(255,255,255,0.2) 1px, transparent 1px),\n                radial-gradient(circle at 40% 60%, rgba(255,255,255,0.15) 1.5px, transparent 1.5px),\n                radial-gradient(circle at 60% 20%, rgba(255,255,255,0.25) 1px, transparent 1px),\n                radial-gradient(circle at 80% 40%, rgba(255,255,255,0.2) 2px, transparent 2px);\n            background-size: 100px 100px, 150px 150px, 80px 80px, 120px 120px, 90px 90px;\n            animation: patternFloat 12s linear infinite;\n        }\n\n        .neural-network {\n            position: absolute;\n            top: 0;\n            left: 0;\n            width: 100%;\n            height: 100%;\n            opacity: 0.08;\n        }\n\n        .neural-line {\n            position: absolute;\n            height: 1px;\n            background: linear-gradient(90deg, transparent, rgba(255,255,255,0.5), transparent);\n            animation: neuralPulse 6s ease-in-out infinite;\n        }\n\n        .neural-line:nth-child(1) {\n            top: 30%;\n            left: 0;\n            width: 60%;\n            animation-delay: 0s;\n        }\n\n        .neural-line:nth-child(2) {\n            top: 50%;\n            right: 0;\n            width: 70%;\n            animation-delay: 2s;\n        }\n\n        .neural-line:nth-child(3) {\n            top: 70%;\n            left: 20%;\n            width: 50%;\n            animation-delay: 4s;\n        }\n\n        .content {\n            position: relative;\n            z-index: 10;\n            text-align: center;\n            color: white !important;\n            max-width: 800px;\n            padding: 30px;\n        }\n\n        .content * {\n            color: white !important;\n        }\n\n        .cta-text {\n            font-size: 1.9rem;\n            font-weight: 700;\n            margin-bottom: 15px;\n            color: white !important;\n            background: linear-gradient(90deg, rgba(255,255,255,0.6), rgba(255,255,255,1), rgba(230,230,230,1), rgba(255,255,255,1), rgba(240,240,240,0.8), rgba(255,255,255,0.6));\n            background-size: 200% 100%;\n            -webkit-background-clip: text;\n            -webkit-text-fill-color: transparent;\n            background-clip: text;\n            animation: shineEffect 10s ease-in-out infinite;\n            line-height: 1.3;\n        }\n\n        .cta-subheading {\n            font-size: 1rem;\n            font-weight: 400;\n            margin-bottom: 25px;\n            color: white !important;\n            line-height: 1.6;\n            opacity: 0.95;\n        }\n\n        .cta-button {\n            background: linear-gradient(135deg, #8a6b0f, #bd9013, #d4a519);\n            border: 2px solid #8a6b0f;\n            color: white !important;\n            padding: 18px 40px;\n            font-size: 1.2rem;\n            font-weight: 600;\n            border-radius: 50px;\n            cursor: pointer;\n            transition: all 0.3s ease;\n            text-decoration: none;\n            display: inline-block;\n            position: relative;\n            overflow: hidden;\n        }\n\n        .cta-button::before {\n            content: '';\n            position: absolute;\n            top: 0;\n            left: -100%;\n            width: 100%;\n            height: 100%;\n            background: linear-gradient(90deg, \n                transparent 0%, \n                rgba(255, 255, 255, 0.3) 25%,\n                rgba(255, 255, 255, 0.6) 50%,\n                rgba(255, 255, 255, 0.3) 75%,\n                transparent 100%);\n            animation: shine 3s ease-in-out infinite;\n        }\n\n        .cta-button:hover {\n            transform: translateY(-3px);\n            box-shadow: 0 10px 25px rgba(0,0,0,0.2);\n            border-color: #bd9013;\n            background: linear-gradient(135deg, #bd9013, #d4a519, #e6b61f);\n        }\n\n        .floating-elements {\n            position: absolute;\n            top: 0;\n            left: 0;\n            width: 100%;\n            height: 100%;\n            pointer-events: none;\n        }\n\n        .floating-circle {\n            position: absolute;\n            border-radius: 50%;\n            background: rgba(255,255,255,0.1);\n            animation: float 8s ease-in-out infinite;\n        }\n\n        .floating-circle:nth-child(1) {\n            width: 80px;\n            height: 80px;\n            top: 20%;\n            left: 10%;\n            animation-delay: 0s;\n        }\n\n        .floating-circle:nth-child(2) {\n            width: 60px;\n            height: 60px;\n            top: 60%;\n            right: 15%;\n            animation-delay: 3s;\n        }\n\n        .floating-circle:nth-child(3) {\n            width: 40px;\n            height: 40px;\n            top: 80%;\n            left: 80%;\n            animation-delay: 6s;\n        }\n\n        .floating-circle:nth-child(4) {\n            width: 70px;\n            height: 70px;\n            top: 10%;\n            right: 20%;\n            animation-delay: 1.5s;\n        }\n\n        .floating-circle:nth-child(5) {\n            width: 50px;\n            height: 50px;\n            top: 75%;\n            left: 30%;\n            animation-delay: 4.5s;\n        }\n\n        @keyframes gradientMove {\n            0% { background-position: 0% 50%; }\n            25% { background-position: 100% 50%; }\n            50% { background-position: 100% 100%; }\n            75% { background-position: 0% 100%; }\n            100% { background-position: 0% 50%; }\n        }\n\n        @keyframes patternFloat {\n            0% { transform: translateX(0) translateY(0); }\n            33% { transform: translateX(30px) translateY(-20px); }\n            66% { transform: translateX(-20px) translateY(10px); }\n            100% { transform: translateX(0) translateY(0); }\n        }\n\n        @keyframes neuralPulse {\n            0%, 100% { opacity: 0.08; }\n            50% { opacity: 0.2; }\n        }\n\n        @keyframes shineEffect {\n            0% { background-position: 200% 0; }\n            100% { background-position: -200% 0; }\n        }\n\n        @keyframes shine {\n            0% {\n                left: -100%;\n            }\n            20%, 100% {\n                left: 100%;\n            }\n        }\n\n        @keyframes float {\n            0%, 100% { transform: translateY(0px) rotate(0deg); }\n            33% { transform: translateY(-30px) rotate(120deg); }\n            66% { transform: translateY(15px) rotate(240deg); }\n        }\n\n        @media (max-width: 768px) {\n            .banner {\n                height: 320px;\n                padding: 30px 0;\n            }\n            \n            .content {\n                padding: 40px 20px;\n            }\n            \n            .cta-text {\n                font-size: 1.3rem;\n                margin-bottom: 12px;\n            }\n            \n            .cta-subheading {\n                font-size: 0.85rem;\n                margin-bottom: 20px;\n            }\n            \n            .cta-button {\n                padding: 14px 28px;\n                font-size: 0.95rem;\n            }\n        }\n    <\/style>\n<\/head>\n<body>\n    <div class=\"banner\">\n        <div class=\"animated-background\"><\/div>\n        \n        <div class=\"ai-pattern\"><\/div>\n        \n        <div class=\"neural-network\">\n            <div class=\"neural-line\"><\/div>\n            <div class=\"neural-line\"><\/div>\n            <div class=\"neural-line\"><\/div>\n        <\/div>\n        \n        <div class=\"floating-elements\">\n            <div class=\"floating-circle\"><\/div>\n            <div class=\"floating-circle\"><\/div>\n            <div class=\"floating-circle\"><\/div>\n            <div class=\"floating-circle\"><\/div>\n            <div class=\"floating-circle\"><\/div>\n        <\/div>\n        \n        <div class=\"content\">\n            <div class=\"cta-text\">Ready to explore the insights that drive smarter decisions?<\/div>\n            <div class=\"cta-subheading\">Contact our Research experts today.<\/div>\n            <a href=\"mailto:Research@sisinternational.com\" class=\"cta-button\">Contact us now!<\/a>\n        <\/div>\n    <\/div>\n<\/body>\n<\/html>\n\n\n\n<p><\/p>\n\n\n\n<h2 class=\"wp-block-heading\" id=\"about-market-research-in-new-zealand\"><span style=\"font-weight: 400;\"><strong>Sobre pesquisa de mercado na Nova Zel\u00e2ndia<\/strong><\/span><\/h2>\n\n\n\n<p><span style=\"font-weight: 400;\">Qualitative and Quantitative Research help businesses wishing to invest in New Zealand. With research, they can understand how customers may respond to a new product. Research can pinpoint potential issues that may affect business decisions. Qualitative Market Research uncovers the reasons and behaviors behind purchasing, and includes methods such as Focus Groups, Customer <a href=\"https:\/\/www.sisinternational.com\/pt\/entrevistas-presenciais-e-online-os-pros-e-os-contras\/\" title=\"Entrevistas F2F e Online: Os pr\u00f3s e os contras\" data-wpil-monitor-id=\"7448\">Interviews and Online<\/a> Communities.&nbsp; Quantitative <a href=\"https:\/\/www.sisinternational.com\/pt\/solucoes\/pesquisa-de-consultoria-em-estrategia-fintech\/compre-agora-pague-depois-pesquisa-de-mercado-bnpl\/\" title=\"Buy Now Pay Later Market Research\" data-wpil-monitor-id=\"5122\">Market Research measures the extent of buying<\/a> behavior and includes methods such as Online, App and Mobile surveys.&nbsp; Strategy <a href=\"https:\/\/www.sisinternational.com\/pt\/cobertura\/pesquisa-de-mercado-africa\/pesquisa-de-mercado-na-tanzania\/\" title=\"Pesquisa de mercado na Tanz\u00e2nia\" data-wpil-monitor-id=\"3946\">Research uncovers new market<\/a> opportunities and strategic threats.&nbsp; Key Strategy Research solutions include Competitive Analysis, New Market Opportunity and Go-To-Market Strategy. With Research and Strategy solutions, companies have the opportunity to explore their most pressing strategic issues. We can help you to improve efficiency, profitability, and market share.<\/span><\/p>\n\n\n<h2>Localiza\u00e7\u00e3o de nossas instala\u00e7\u00f5es em Nova York<\/h2>\n<p><!-- \/wp:post-content --> <!-- wp:html --> <iframe loading=\"lazy\" src=\"https:\/\/www.google.com\/maps\/embed?pb=!1m18!1m12!1m3!1d3022.976188376966!2d-73.99130312499956!3d40.740549471389315!2m3!1f0!2f0!3f0!3m2!1i1024!2i768!4f13.1!3m3!1m2!1s0x89c259a15798c731%3A0xd695d09bdd495f25!2s11%20E%2022nd%20St%20FL%202%2C%20New%20York%2C%20NY%2010010%2C%20USA!5e0!3m2!1sen!2spe!4v1726171763526!5m2!1sen!2spe\" width=\"600\" height=\"450\" allowfullscreen=\"allowfullscreen\" data-mce-fragment=\"1\"><\/iframe> <!-- \/wp:html --> <!-- wp:paragraph --><\/p>\n<h3 class=\"wp-block-heading\">11 E 22nd Street, andar 2, Nova York, NY 10010 T: +1(212) 505-6805<\/h3>\n<hr \/>\n<h2><span style=\"font-weight: 400;\">Sobre SIS Internacional<\/span><\/h2>\n<p><a href=\"https:\/\/www.sisinternational.com\/pt\/\"><span style=\"font-weight: 400;\">SIS Internacional<\/span><\/a><span style=\"font-weight: 400;\"> oferece pesquisa quantitativa, qualitativa e estrat\u00e9gica. Fornecemos dados, ferramentas, estrat\u00e9gias, relat\u00f3rios e insights para a tomada de decis\u00f5es. Tamb\u00e9m realizamos entrevistas, pesquisas, grupos focais e outros m\u00e9todos e abordagens de Pesquisa de Mercado.<\/span><a href=\"https:\/\/www.sisinternational.com\/pt\/sobre-a-sis-international-research\/contact-sis-international-market-research\/\"><span style=\"font-weight: 400;\"> Entre em contato conosco<\/span><\/a><span style=\"font-weight: 400;\"> para o seu pr\u00f3ximo projeto de pesquisa de mercado.<\/span><\/p>\n<p>\u00a0<\/p>","protected":false},"excerpt":{"rendered":"<p>Descubra novas oportunidades de neg\u00f3cios com Pesquisa de Mercado na Nova Zel\u00e2ndia.<\/p>","protected":false},"author":1,"featured_media":66638,"parent":42665,"menu_order":5,"comment_status":"closed","ping_status":"closed","template":"","meta":{"_uag_custom_page_level_css":"","footnotes":""},"class_list":["post-33207","page","type-page","status-publish","has-post-thumbnail"],"uagb_featured_image_src":{"full":["https:\/\/www.sisinternational.com\/wp-content\/uploads\/2025\/09\/New-Zealand-2.jpg",1456,816,false],"thumbnail":["https:\/\/www.sisinternational.com\/wp-content\/uploads\/2025\/09\/New-Zealand-2-150x150.jpg",150,150,true],"medium":["https:\/\/www.sisinternational.com\/wp-content\/uploads\/2025\/09\/New-Zealand-2-300x168.jpg",300,168,true],"medium_large":["https:\/\/www.sisinternational.com\/wp-content\/uploads\/2025\/09\/New-Zealand-2-768x430.jpg",768,430,true],"large":["https:\/\/www.sisinternational.com\/wp-content\/uploads\/2025\/09\/New-Zealand-2-1024x574.jpg",1024,574,true],"1536x1536":["https:\/\/www.sisinternational.com\/wp-content\/uploads\/2025\/09\/New-Zealand-2.jpg",1456,816,false],"2048x2048":["https:\/\/www.sisinternational.com\/wp-content\/uploads\/2025\/09\/New-Zealand-2.jpg",1456,816,false],"trp-custom-language-flag":["https:\/\/www.sisinternational.com\/wp-content\/uploads\/2025\/09\/New-Zealand-2-18x10.jpg",18,10,true]},"uagb_author_info":{"display_name":"Ruth Stanat","author_link":"https:\/\/www.sisinternational.com\/pt\/author\/expert\/"},"uagb_comment_info":0,"uagb_excerpt":"Discover new business opportunities with Market Research in New Zealand.","_links":{"self":[{"href":"https:\/\/www.sisinternational.com\/pt\/wp-json\/wp\/v2\/pages\/33207","targetHints":{"allow":["GET"]}}],"collection":[{"href":"https:\/\/www.sisinternational.com\/pt\/wp-json\/wp\/v2\/pages"}],"about":[{"href":"https:\/\/www.sisinternational.com\/pt\/wp-json\/wp\/v2\/types\/page"}],"author":[{"embeddable":true,"href":"https:\/\/www.sisinternational.com\/pt\/wp-json\/wp\/v2\/users\/1"}],"replies":[{"embeddable":true,"href":"https:\/\/www.sisinternational.com\/pt\/wp-json\/wp\/v2\/comments?post=33207"}],"version-history":[{"count":18,"href":"https:\/\/www.sisinternational.com\/pt\/wp-json\/wp\/v2\/pages\/33207\/revisions"}],"predecessor-version":[{"id":84114,"href":"https:\/\/www.sisinternational.com\/pt\/wp-json\/wp\/v2\/pages\/33207\/revisions\/84114"}],"up":[{"embeddable":true,"href":"https:\/\/www.sisinternational.com\/pt\/wp-json\/wp\/v2\/pages\/42665"}],"wp:featuredmedia":[{"embeddable":true,"href":"https:\/\/www.sisinternational.com\/pt\/wp-json\/wp\/v2\/media\/66638"}],"wp:attachment":[{"href":"https:\/\/www.sisinternational.com\/pt\/wp-json\/wp\/v2\/media?parent=33207"}],"curies":[{"name":"wp","href":"https:\/\/api.w.org\/{rel}","templated":true}]}}