{"id":33199,"date":"2019-09-21T19:02:42","date_gmt":"2019-09-21T19:02:42","guid":{"rendered":"https:\/\/www.sisinternational.com\/?page_id=33199"},"modified":"2026-03-13T00:44:15","modified_gmt":"2026-03-13T04:44:15","slug":"pesquisa-de-mercado-na-australia","status":"publish","type":"page","link":"https:\/\/www.sisinternational.com\/pt\/cobertura\/pesquisa-de-mercado-oceania\/pesquisa-de-mercado-na-australia\/","title":{"rendered":"Pesquisa de mercado na Austr\u00e1lia"},"content":{"rendered":"<h1 class=\"wp-block-heading\"><span style=\"font-weight: 400;\"><strong>Pesquisa de mercado na Austr\u00e1lia<\/strong><\/span><\/h1>\n\n\n\n<figure class=\"gb-block-image gb-block-image-e53cf86c\"><img loading=\"lazy\" decoding=\"async\" width=\"1456\" height=\"816\" class=\"gb-image gb-image-e53cf86c\" src=\"https:\/\/www.sisinternational.com\/wp-content\/uploads\/2025\/09\/Australia-1.jpg\" alt=\"Pesquisa e Estrat\u00e9gia de Mercado Internacional da SIS\" title=\"Australia (1)\" srcset=\"https:\/\/www.sisinternational.com\/wp-content\/uploads\/2025\/09\/Australia-1.jpg 1456w, https:\/\/www.sisinternational.com\/wp-content\/uploads\/2025\/09\/Australia-1-300x168.jpg 300w, https:\/\/www.sisinternational.com\/wp-content\/uploads\/2025\/09\/Australia-1-1024x574.jpg 1024w, https:\/\/www.sisinternational.com\/wp-content\/uploads\/2025\/09\/Australia-1-768x430.jpg 768w, https:\/\/www.sisinternational.com\/wp-content\/uploads\/2025\/09\/Australia-1-18x10.jpg 18w\" sizes=\"auto, (max-width: 1456px) 100vw, 1456px\"><\/figure>\n\n\n\n<p><\/p>\n\n\n\n<hr class=\"wp-block-separator has-alpha-channel-opacity is-style-dots\"\/>\n\n\n\n<p><span style=\"font-weight: 400;\">A Austr\u00e1lia possui uma economia est\u00e1vel e pr\u00f3spera caracterizada pela inova\u00e7\u00e3o e uma forte base de consumidores \u2013 e com pesquisas de mercado na Austr\u00e1lia, empresas, empreendedores e investidores podem desbloquear um tesouro de insights e dados, lan\u00e7ando luz sobre as prefer\u00eancias, comportamentos e expectativas de consumidores neste mercado din\u00e2mico.<\/span><\/p>\n\n\n\n<h2 class=\"wp-block-heading\"><span style=\"font-weight: 400;\"><strong>A Austr\u00e1lia compreende seu continente e muitas ilhas menores. <\/strong><\/span><\/h2>\n\n\n\n<p><span style=\"font-weight: 400;\">\u00c9 o maior pa\u00eds da Oceania. Sua capital \u00e9 Camberra e sua maior cidade \u00e9 Sydney. A Austr\u00e1lia tem uma popula\u00e7\u00e3o de cerca de 26 milh\u00f5es de pessoas. \u00c9 um pa\u00eds urbanizado, com alta qualidade de vida, educa\u00e7\u00e3o e sa\u00fade.<\/span><\/p>\n\n\n\n<p><span style=\"font-weight: 400;\">A Austr\u00e1lia est\u00e1 na lista de lugares para viajar de muitas pessoas. Possui lindos litorais e belos terrenos. Tamb\u00e9m possui marcos de renome mundial, como a \u00d3pera de Sydney. A \u201cLand Down Under\u201d, como muitas pessoas a chamam, tem um clima temperado. Voc\u00ea experimentar\u00e1 flutua\u00e7\u00f5es variadas com base em sua localiza\u00e7\u00e3o. As partes do sul da Austr\u00e1lia t\u00eam um clima mais frio do que o norte. Essa parte do pa\u00eds tem ver\u00f5es amenos e invernos chuvosos ocasionais. O clima tropical \u00e9 t\u00edpico da regi\u00e3o norte. Essa regi\u00e3o tem ver\u00f5es \u00famidos e invernos secos.&nbsp;<\/span><\/p>\n\n\n\n<h2 class=\"wp-block-heading\"><span style=\"font-weight: 400;\"><strong>Import\u00e2ncia da Pesquisa de Mercado na Austr\u00e1lia<\/strong><\/span><\/h2>\n\n\n\n<p><span style=\"font-weight: 400;\">Navegar no cen\u00e1rio pr\u00f3spero e competitivo da Austr\u00e1lia exige uma compreens\u00e3o profunda da mec\u00e2nica do seu mercado porque os australianos possuem um conjunto \u00fanico de prefer\u00eancias e expectativas - e a pesquisa de mercado na Austr\u00e1lia facilita a compreens\u00e3o do comportamento, tend\u00eancias e demandas do consumidor, servindo como base para o desenvolvimento. produtos e estrat\u00e9gias que repercutam no p\u00fablico local.<\/span><\/p>\n\n\n\n<p><span style=\"font-weight: 400;\">De qualquer forma, estes s\u00e3o alguns dos benef\u00edcios mais importantes que as empresas podem obter ao realizar pesquisas de mercado na Austr\u00e1lia:<\/span><\/p>\n\n\n\n<p><b>\u2022 Identifica\u00e7\u00e3o e An\u00e1lise de Tend\u00eancias: <\/b><span style=\"font-weight: 400;\">As tend\u00eancias do mercado australiano s\u00e3o din\u00e2micas e multifacetadas. A pesquisa de mercado permite \u00e0s empresas identificar e analisar essas tend\u00eancias, facilitando o desenvolvimento de produtos e servi\u00e7os alinhados \u00e0s demandas atuais e futuras do mercado.&nbsp;<\/span><\/p>\n\n\n\n<p><b>\u2022 Posicionamento de marca aprimorado: <\/b><span style=\"font-weight: 400;\">Compreender o cen\u00e1rio competitivo \u00e9 vital para um posicionamento eficaz da marca. A pesquisa de mercado fornece insights sobre as estrat\u00e9gias dos concorrentes e as prefer\u00eancias dos consumidores, permitindo que as empresas posicionem suas marcas de uma forma que repercuta no p\u00fablico-alvo e, ao mesmo tempo, se diferencie dos concorrentes.<\/span><\/p>\n\n\n\n<p><b>\u2022 Aumento da satisfa\u00e7\u00e3o do cliente: <\/b><span style=\"font-weight: 400;\">Ao compreender as necessidades e expectativas dos clientes, as empresas podem aprimorar suas ofertas, levando ao aumento da satisfa\u00e7\u00e3o e fidelidade do cliente.&nbsp;<\/span><\/p>\n\n\n\n<h2 class=\"wp-block-heading\"><span style=\"font-weight: 400;\"><strong>Quais s\u00e3o as principais atra\u00e7\u00f5es tur\u00edsticas e cidades?&nbsp;<\/strong><\/span><\/h2>\n\n\n\n<p><span style=\"font-weight: 400;\">Para empresas que operam nos setores de turismo, hotelaria ou viagens, a pesquisa de mercado na Austr\u00e1lia oferece uma janela para os principais destinos do pa\u00eds que atraem continuamente turistas globais:<\/span><\/p>\n\n\n\n<p><b>\u2022 Grande Barreira de Coral: <\/b><span style=\"font-weight: 400;\">Como uma das Sete Maravilhas Naturais do Mundo, a Grande Barreira de Corais atrai milh\u00f5es de visitantes anualmente.&nbsp;<\/span><\/p>\n\n\n\n<p><b>\u2022 Sidney: <\/b><span style=\"font-weight: 400;\">Lar de marcos ic\u00f4nicos como a \u00d3pera de Sydney e a Harbour Bridge, Sydney \u00e9 um \u00edm\u00e3 para turistas nacionais e internacionais. A pesquisa de mercado na Austr\u00e1lia baseada no turismo de Sydney pode ajudar as empresas a compreender a din\u00e2mica do turismo urbano e a demanda por diversos servi\u00e7os de hospitalidade e viagens.<\/span><\/p>\n\n\n\n<p><b>\u2022 Melbourne: <\/b><span style=\"font-weight: 400;\">Conhecida por seu vibrante cen\u00e1rio art\u00edstico, festivais culturais e eventos esportivos, Melbourne \u00e9 um destino privilegiado. A participa\u00e7\u00e3o em pesquisas de mercado oferece dados valiosos sobre o turismo cultural e o potencial para patroc\u00ednios e parcerias de eventos.<\/span><\/p>\n\n\n\n<p><b>\u2022 Costa Dourada: <\/b><span style=\"font-weight: 400;\">Famosa por suas belas praias e parques tem\u00e1ticos emocionantes, Gold Coast atrai uma grande variedade de turistas. A pesquisa de mercado nesta cidade ajuda as empresas a explorar os mercados de turismo de lazer e aventura, a compreender a demografia dos visitantes e a elaborar ofertas personalizadas.<\/span><\/p>\n\n\n\n<h2 class=\"wp-block-heading\"><span style=\"font-weight: 400;\"><strong>Principais ind\u00fastrias no mercado australiano<\/strong><\/span><\/h2>\n\n\n\n<figure class=\"gb-block-image gb-block-image-c07f409b\"><img loading=\"lazy\" decoding=\"async\" width=\"1456\" height=\"816\" class=\"gb-image gb-image-c07f409b\" src=\"https:\/\/www.sisinternational.com\/wp-content\/uploads\/2025\/09\/Australia-4.jpg\" alt=\"Pesquisa e Estrat\u00e9gia de Mercado Internacional da SIS\" title=\"Australia (4)\" srcset=\"https:\/\/www.sisinternational.com\/wp-content\/uploads\/2025\/09\/Australia-4.jpg 1456w, https:\/\/www.sisinternational.com\/wp-content\/uploads\/2025\/09\/Australia-4-300x168.jpg 300w, https:\/\/www.sisinternational.com\/wp-content\/uploads\/2025\/09\/Australia-4-1024x574.jpg 1024w, https:\/\/www.sisinternational.com\/wp-content\/uploads\/2025\/09\/Australia-4-768x430.jpg 768w, https:\/\/www.sisinternational.com\/wp-content\/uploads\/2025\/09\/Australia-4-18x10.jpg 18w\" sizes=\"auto, (max-width: 1456px) 100vw, 1456px\"><\/figure>\n\n\n\n<p><\/p>\n\n\n\n<p><span style=\"font-weight: 400;\">Um mergulho profundo na pesquisa de mercado revela ind\u00fastrias-chave que impulsionam a economia do pa\u00eds, cada uma apresentando oportunidades e desafios \u00fanicos para as empresas:<\/span><\/p>\n\n\n\n<p><b>\u2022 Minera\u00e7\u00e3o e Recursos: <\/b><span style=\"font-weight: 400;\">A Austr\u00e1lia \u00e9 rica em minerais e recursos, com empresas como o Grupo BHP e a Rio Tinto desempenhando pap\u00e9is fundamentais no setor mineiro global. A realiza\u00e7\u00e3o de pesquisas de mercado nesta ind\u00fastria na Austr\u00e1lia oferece insights sobre a demanda por v\u00e1rios minerais, oportunidades de investimento e a sa\u00fade geral do setor.<\/span><\/p>\n\n\n\n<p><b>\u2022 Servi\u00e7os financeiros: <\/b><span style=\"font-weight: 400;\">With major firms like Commonwealth Bank, Westpac, and ANZ, Australia\u2019s financial services sector is robust and innovative. In-depth market research helps businesses understand consumer financial behavior, emerging <a class=\"wpil_keyword_link\" href=\"https:\/\/www.sisinternational.com\/pt\/fintech-trends-2025\/\" title=\"FinTech Trends\" data-wpil-keyword-link=\"linked\" data-wpil-monitor-id=\"446\">tend\u00eancias de fintech<\/a>, and the competitive landscape in this sector.<\/span><\/p>\n\n\n\n<p><b>\u2022 Educa\u00e7\u00e3o e treinamento: <\/b><span style=\"font-weight: 400;\">Com institui\u00e7\u00f5es renomadas como a Universidade de Sydney e a Universidade Nacional Australiana, o setor educacional contribui significativamente para a economia. Um estudo de mercado pode fornecer insights sobre a demografia dos alunos, prefer\u00eancias de cursos e colabora\u00e7\u00f5es internacionais.<\/span><\/p>\n\n\n\n<p><b>\u2022 Agricultura: <\/b><span style=\"font-weight: 400;\">Com empresas l\u00edderes como GrainCorp e Elders, a agricultura continua a ser uma ind\u00fastria fundamental. A participa\u00e7\u00e3o em pesquisas de mercado na Austr\u00e1lia fornece informa\u00e7\u00f5es vitais sobre o rendimento das colheitas, as tend\u00eancias da pecu\u00e1ria e a demanda por v\u00e1rios produtos agr\u00edcolas, nacional e internacionalmente.<\/span><\/p>\n\n\n\n<p><b>\u2022 Turismo: <\/b><span style=\"font-weight: 400;\">With attractions like the Great Barrier Reef and Sydney Opera House, tourism is a significant industry. Therefore, having comprehensive insights allows businesses to understand traveler behaviors, popular destinations, and potential areas for investment in hospitality and travel services.<\/span><\/p>\n\n\n\n<h2 class=\"wp-block-heading\"><span style=\"font-weight: 400;\"><strong>Oportunidades na Austr\u00e1lia<\/strong><\/span><\/h2>\n\n\n\n<p><span style=\"font-weight: 400;\">A localiza\u00e7\u00e3o do pa\u00eds na \u00c1sia-Pac\u00edfico oferece diversas oportunidades aos novos investidores. O mercado australiano permite que voc\u00ea construa ou expanda seu neg\u00f3cio.&nbsp;<\/span><\/p>\n\n\n\n<h2 class=\"wp-block-heading\"><span style=\"font-weight: 400;\">Minera\u00e7\u00e3o&nbsp;<\/span><\/h2>\n\n\n\n<p><span style=\"font-weight: 400;\">A Austr\u00e1lia possui um vasto espa\u00e7o terrestre e recursos naturais abundantes. Esses fatores permitiram que a minera\u00e7\u00e3o fosse a base da economia australiana. Alguns de seus recursos incluem ferro, bauxita, cobre, ouro, ur\u00e2nio e prata. Essa lista n\u00e3o \u00e9 exaustiva.&nbsp;<\/span><\/p>\n\n\n\n<h2 class=\"wp-block-heading\"><span style=\"font-weight: 400;\">Fabrica\u00e7\u00e3o<\/span><\/h2>\n\n\n\n<p><span style=\"font-weight: 400;\">A manufatura tamb\u00e9m desempenha um papel significativo na economia em expans\u00e3o da Austr\u00e1lia. A Austr\u00e1lia tem mais avi\u00f5es per capita do que qualquer outro pa\u00eds. Portanto, n\u00e3o \u00e9 surpresa que a GE Aviation e a Boeing liderem a ind\u00fastria manufatureira. A Austr\u00e1lia \u00e9 um dos principais pa\u00edses produtores do mundo. Tamb\u00e9m produz roupas, t\u00eaxteis e cal\u00e7ados. A fabrica\u00e7\u00e3o de alimentos e bebidas contribui significativamente para a economia, e o pa\u00eds exporta latic\u00ednios e produtos \u00e0 base de carne, a\u00e7\u00facar e confeitaria. Tamb\u00e9m processa frutos do mar.<\/span><\/p>\n\n\n\n<h2 class=\"wp-block-heading\"><span style=\"font-weight: 400;\">Assist\u00eancia m\u00e9dica<\/span><\/h2>\n\n\n\n<p><span style=\"font-weight: 400;\">A Commonwealth classificou o sistema de sa\u00fade como o segundo melhor do mundo. A Austr\u00e1lia possui um sistema avan\u00e7ado. \u00c9 adequado n\u00e3o apenas para investiga\u00e7\u00f5es m\u00e9dicas, mas tamb\u00e9m para ensaios cl\u00ednicos. A infra-estrutura de sa\u00fade \u00e9 de primeira qualidade e contribui consideravelmente para o seu PIB.&nbsp;<\/span><\/p>\n\n\n\n<h2 class=\"wp-block-heading\"><span style=\"font-weight: 400;\">Ind\u00fastria Financeira<\/span><\/h2>\n\n\n\n<p><span style=\"font-weight: 400;\">A Austr\u00e1lia \u00e9 um dos pa\u00edses mais est\u00e1veis do mundo das finan\u00e7as. Todos os seus bancos dominantes s\u00e3o conhecidos por fazerem parte do c\u00edrculo dos bancos mais seguros do mundo. Goza de acesso a financiamento e da capacidade de fazer neg\u00f3cios em todo o mundo com seguran\u00e7a e facilidade. Estes factores asseguram a continuidade do sector financeiro como um motor econ\u00f3mico cr\u00edtico.<\/span><\/p>\n\n\n\n<h2 class=\"wp-block-heading\"><span style=\"font-weight: 400;\">Turismo<\/span><\/h2>\n\n\n\n<p><\/p>\n\n\n\n<p><span style=\"font-weight: 400;\">A terra dos cangurus \u00e9 um destino tur\u00edstico invejado porque a beleza c\u00eanica da Austr\u00e1lia atrai muitos visitantes aos seus vastos territ\u00f3rios. A maioria dos visitantes vem do Jap\u00e3o, Reino Unido, EUA e China. Oferece experi\u00eancias gastron\u00f4micas requintadas e flora e fauna incr\u00edveis. A aura m\u00e1gica garante que continue no topo da lista de destinos de viagem.<\/span><\/p>\n\n\n\n<h2 class=\"wp-block-heading\"><span style=\"font-weight: 400;\"><strong>Desafios para as empresas<\/strong><\/span><\/h2>\n\n\n\n<figure class=\"gb-block-image gb-block-image-bfe89eea\"><img loading=\"lazy\" decoding=\"async\" width=\"1456\" height=\"816\" class=\"gb-image gb-image-bfe89eea\" src=\"https:\/\/www.sisinternational.com\/wp-content\/uploads\/2025\/09\/Australia-2.jpg\" alt=\"Pesquisa e Estrat\u00e9gia de Mercado Internacional da SIS\" title=\"Australia (2)\" srcset=\"https:\/\/www.sisinternational.com\/wp-content\/uploads\/2025\/09\/Australia-2.jpg 1456w, https:\/\/www.sisinternational.com\/wp-content\/uploads\/2025\/09\/Australia-2-300x168.jpg 300w, https:\/\/www.sisinternational.com\/wp-content\/uploads\/2025\/09\/Australia-2-1024x574.jpg 1024w, https:\/\/www.sisinternational.com\/wp-content\/uploads\/2025\/09\/Australia-2-768x430.jpg 768w, https:\/\/www.sisinternational.com\/wp-content\/uploads\/2025\/09\/Australia-2-18x10.jpg 18w\" sizes=\"auto, (max-width: 1456px) 100vw, 1456px\"><\/figure>\n\n\n\n<p><\/p>\n\n\n\n<p><span style=\"font-weight: 400;\">Embora a Austr\u00e1lia ofere\u00e7a uma infinidade de oportunidades de investimento, a realiza\u00e7\u00e3o de pesquisas de mercado eficazes na Austr\u00e1lia tamb\u00e9m traz um conjunto de desafios que as empresas devem enfrentar para ter sucesso neste mercado maduro. Estes s\u00e3o alguns dos desafios mais importantes a superar:<\/span><\/p>\n\n\n\n<p><b>\u2022 Vasta Diversidade Geogr\u00e1fica: <\/b><span style=\"font-weight: 400;\">A vasta extens\u00e3o territorial e as diversas regi\u00f5es geogr\u00e1ficas da Austr\u00e1lia significam que os comportamentos, as prefer\u00eancias e a din\u00e2mica do mercado dos consumidores podem variar significativamente de uma regi\u00e3o para outra. A pesquisa de mercado deve ter em conta estas diferen\u00e7as regionais para fornecer informa\u00e7\u00f5es precisas.<\/span><\/p>\n\n\n\n<p><b>\u2022 Mercado competitivo: <\/b><span style=\"font-weight: 400;\">O ambiente de neg\u00f3cios da Austr\u00e1lia \u00e9 altamente competitivo, com atores locais e internacionais. Isso intensifica o desafio de se destacar no mercado.&nbsp;<\/span><\/p>\n\n\n\n<p><b>\u2022 Altos Custos Operacionais: <\/b><span style=\"font-weight: 400;\">Australia is known for its high operational costs, including labor and real estate. <a href=\"https:\/\/www.sisinternational.com\/pt\/pericia\/industrias\/pesquisa-de-mercado-de-cabeamento-estruturado\/\" title=\"Pesquisa de mercado de cabeamento estruturado\" data-wpil-monitor-id=\"5759\">Market research in Australia<\/a> should include insights into cost structures and efficiency strategies.<\/span><\/p>\n\n\n\n<p><b>\u2022 Sensibilidade cultural: <\/b><span style=\"font-weight: 400;\">As empresas devem ser culturalmente sens\u00edveis ao comercializar e operar na Austr\u00e1lia, dada a sua popula\u00e7\u00e3o diversificada.&nbsp;<\/span><\/p>\n\n\n\n<p><b>\u2022 Dados privados:<\/b><span style=\"font-weight: 400;\"> Os regulamentos de privacidade de dados s\u00e3o rigorosos na Austr\u00e1lia. A pesquisa de mercado deve ser conduzida com um forte foco na prote\u00e7\u00e3o de dados para garantir a conformidade.<\/span><\/p>\n\n\n\n<p><b>\u2022 Satura\u00e7\u00e3o de mercado: <\/b><span style=\"font-weight: 400;\">In some sectors, the market may be saturated, making it challenging for new entrants to gain a foothold. For this reason, <a href=\"https:\/\/www.sisinternational.com\/pt\/cobertura\/pesquisa-de-mercado-africa\/pesquisa-de-mercado-na-tanzania\/\" title=\"Pesquisa de mercado na Tanz\u00e2nia\" data-wpil-monitor-id=\"3950\">researchers must identify niche markets<\/a> or innovative approaches to overcome saturation.<\/span><\/p>\n\n\n\n<h2 class=\"wp-block-heading\"><span style=\"font-weight: 400;\"><strong>Fazendo neg\u00f3cios na Austr\u00e1lia<\/strong><\/span><\/h2>\n\n\n\n<p><span style=\"font-weight: 400;\">A Austr\u00e1lia tem uma for\u00e7a de trabalho saud\u00e1vel, educada e motivada. Colocar uma empresa em funcionamento pode ser t\u00e3o simples quanto 1-2-3.&nbsp; <\/span><span style=\"font-weight: 400;\">Alguns dos benef\u00edcios de fazer neg\u00f3cios na Austr\u00e1lia s\u00e3o os seguintes:<\/span><\/p>\n\n\n\n<ul class=\"wp-block-list\">\n<li><span style=\"font-weight: 400;\">Os custos sustentados no desenvolvimento e nas iniciativas de investiga\u00e7\u00e3o podem atrair uma compensa\u00e7\u00e3o fiscal de 43,5%<\/span><\/li>\n\n\n\n<li><span style=\"font-weight: 400;\">Concess\u00f5es isentas de impostos para algumas importa\u00e7\u00f5es de mat\u00e9rias-primas. Estas concess\u00f5es aplicam-se apenas a empresas australianas&nbsp;<\/span><\/li>\n\n\n\n<li><span style=\"font-weight: 400;\">Os empres\u00e1rios podem candidatar-se a subs\u00eddios para ajudar o seu neg\u00f3cio a crescer. Estas inje\u00e7\u00f5es de capital permitem-lhes competir em mercados novos ou inovadores&nbsp;<\/span><\/li>\n\n\n\n<li><span style=\"font-weight: 400;\">Os investidores estrangeiros podem usufruir de cr\u00e9ditos fiscais e descontos para empresas. Os investidores que financiam projetos de pesquisa e desenvolvimento na Austr\u00e1lia tamb\u00e9m podem ter acesso a esses benef\u00edcios<\/span><\/li>\n<\/ul>\n\n\n\n<h2 class=\"wp-block-heading\"><span style=\"font-weight: 400;\">Sobre pesquisa de mercado na Austr\u00e1lia<\/span><\/h2>\n\n\n\n<p><span style=\"font-weight: 400;\">A pesquisa de mercado d\u00e1 \u00e0s empresas uma ideia de como os clientes responder\u00e3o a um novo produto. Tamb\u00e9m mostra poss\u00edveis problemas que podem afetar as decis\u00f5es de neg\u00f3cios. SIS oferece Pesquisa Quantitativa, Qualitativa e Estrat\u00e9gica. Ajudamos a garantir que voc\u00ea tome as melhores decis\u00f5es de neg\u00f3cios poss\u00edveis. Assim, ajudamos voc\u00ea a melhorar a efici\u00eancia, lucratividade e participa\u00e7\u00e3o de mercado.&nbsp;<\/span><\/p>\n\n\n\n<p><\/p>\n\n\n\n<p><\/p>","protected":false},"excerpt":{"rendered":"<p>Descubra novas oportunidades de neg\u00f3cios com Pesquisa de Mercado na Austr\u00e1lia.<\/p>","protected":false},"author":1,"featured_media":66627,"parent":42665,"menu_order":4,"comment_status":"closed","ping_status":"closed","template":"","meta":{"footnotes":""},"class_list":["post-33199","page","type-page","status-publish","has-post-thumbnail"],"_links":{"self":[{"href":"https:\/\/www.sisinternational.com\/pt\/wp-json\/wp\/v2\/pages\/33199","targetHints":{"allow":["GET"]}}],"collection":[{"href":"https:\/\/www.sisinternational.com\/pt\/wp-json\/wp\/v2\/pages"}],"about":[{"href":"https:\/\/www.sisinternational.com\/pt\/wp-json\/wp\/v2\/types\/page"}],"author":[{"embeddable":true,"href":"https:\/\/www.sisinternational.com\/pt\/wp-json\/wp\/v2\/users\/1"}],"replies":[{"embeddable":true,"href":"https:\/\/www.sisinternational.com\/pt\/wp-json\/wp\/v2\/comments?post=33199"}],"version-history":[{"count":9,"href":"https:\/\/www.sisinternational.com\/pt\/wp-json\/wp\/v2\/pages\/33199\/revisions"}],"predecessor-version":[{"id":84115,"href":"https:\/\/www.sisinternational.com\/pt\/wp-json\/wp\/v2\/pages\/33199\/revisions\/84115"}],"up":[{"embeddable":true,"href":"https:\/\/www.sisinternational.com\/pt\/wp-json\/wp\/v2\/pages\/42665"}],"wp:featuredmedia":[{"embeddable":true,"href":"https:\/\/www.sisinternational.com\/pt\/wp-json\/wp\/v2\/media\/66627"}],"wp:attachment":[{"href":"https:\/\/www.sisinternational.com\/pt\/wp-json\/wp\/v2\/media?parent=33199"}],"curies":[{"name":"wp","href":"https:\/\/api.w.org\/{rel}","templated":true}]}}