{"id":33182,"date":"2019-09-21T18:25:53","date_gmt":"2019-09-21T18:25:53","guid":{"rendered":"https:\/\/www.sisinternational.com\/?page_id=33182"},"modified":"2026-01-24T14:16:50","modified_gmt":"2026-01-24T19:16:50","slug":"pesquisa-de-mercado-no-havai","status":"publish","type":"page","link":"https:\/\/www.sisinternational.com\/pt\/cobertura\/north-america\/cobertura-dos-eua\/pesquisa-de-mercado-no-havai\/","title":{"rendered":"Pesquisa de mercado no Hava\u00ed"},"content":{"rendered":"<h1 class=\"wp-block-heading\">Pesquisa de mercado no Hava\u00ed<\/h1>\n\n\n\n<figure class=\"gb-block-image gb-block-image-a501de4c\"><img loading=\"lazy\" decoding=\"async\" width=\"1456\" height=\"816\" class=\"gb-image gb-image-a501de4c\" src=\"https:\/\/www.sisinternational.com\/wp-content\/uploads\/2025\/09\/Hawai-4-1.jpg\" alt=\"Pesquisa e Estrat\u00e9gia de Mercado Internacional da SIS\" title=\"Hawai (4)\" srcset=\"https:\/\/www.sisinternational.com\/wp-content\/uploads\/2025\/09\/Hawai-4-1.jpg 1456w, https:\/\/www.sisinternational.com\/wp-content\/uploads\/2025\/09\/Hawai-4-1-300x168.jpg 300w, https:\/\/www.sisinternational.com\/wp-content\/uploads\/2025\/09\/Hawai-4-1-1024x574.jpg 1024w, https:\/\/www.sisinternational.com\/wp-content\/uploads\/2025\/09\/Hawai-4-1-768x430.jpg 768w, https:\/\/www.sisinternational.com\/wp-content\/uploads\/2025\/09\/Hawai-4-1-18x10.jpg 18w\" sizes=\"auto, (max-width: 1456px) 100vw, 1456px\"><\/figure>\n\n\n\n<p><\/p>\n\n\n\n<h2 class=\"wp-block-heading\"><span style=\"font-weight: 400;\">O Hava\u00ed \u00e9 um estado insular dos EUA localizado no Oceano Pac\u00edfico, 3.758 milhas a oeste do continente dos EUA.<\/span><\/h2>\n\n\n\n<p><span style=\"font-weight: 400;\">Este estado \u00e9 um aglomerado de pequenas ilhas, ilhotas, rochas, recifes de coral e at\u00f3is. O Hava\u00ed tem um arquip\u00e9lago de oito ilhas principais que abrigam quase 1,5 milh\u00e3o de americanos. Todos os havaianos nascem cidad\u00e3os americanos, j\u00e1 que o Hava\u00ed \u00e9 um dos cinquenta estados dos EUA&nbsp;<\/span><\/p>\n\n\n\n<p><span style=\"font-weight: 400;\">Os ilh\u00e9us ganham a vida de v\u00e1rias maneiras. Muitos aproveitam os recursos naturais que as ilhas t\u00eam para oferecer. Eles geram receitas atrav\u00e9s dos mesmos meios prim\u00e1rios que qualquer outro estado. Esses meios incluem agricultura, pesca, manufatura e ind\u00fastria de servi\u00e7os. \u00c9 claro que as especificidades diferem entre as regi\u00f5es. O Hava\u00ed produz produtos agr\u00edcolas diferentes em compara\u00e7\u00e3o com, digamos, o Alasca ou o Colorado.<\/span><\/p>\n\n\n\n<h2 class=\"wp-block-heading\"><span style=\"font-weight: 400;\">Alimenta\u00e7\u00e3o, Agricultura e Pesca<\/span><\/h2>\n\n\n\n<p><span style=\"font-weight: 400;\">Farmers on the islands rear animals and cultivate crops to harvest and sell to customers. In this way, they earn revenue, which they use to support their livelihood. Chickens, cattle, and hogs are the most common livestock reared and sold on the islands. Farmers also sell their by-products, such as dairy and eggs.\u00a0<\/span><\/p>\n\n\n\n<p><span style=\"font-weight: 400;\">Voc\u00ea j\u00e1 ouviu falar em pizza havaiana? N\u00e3o \u00e9 uma inven\u00e7\u00e3o de nenhuma das ilhas. No entanto, as coberturas exclusivas desta pizza s\u00e3o presunto e abacaxi. O abacaxi \u00e9, h\u00e1 muito tempo, um s\u00edmbolo do Hava\u00ed. \u00c9 por isso que muitas pessoas associam o abacaxi \u00e0s ilhas havaianas. O abacaxi, junto com a cana-de-a\u00e7\u00facar, s\u00e3o as culturas mais valiosas do Hava\u00ed. As nozes de macad\u00e2mia tamb\u00e9m s\u00e3o um dos principais produtos de exporta\u00e7\u00e3o. No entanto, os agricultores n\u00e3o est\u00e3o nem um pouco limitados na selec\u00e7\u00e3o dos produtos agr\u00edcolas a cultivar. Voc\u00ea tamb\u00e9m encontrar\u00e1 abacate, banana, feij\u00e3o, caf\u00e9 e milho. Goiaba, alface, batata e tomate s\u00e3o algumas das outras culturas cultivadas nas ilhas.<\/span><\/p>\n\n\n\n<p><span style=\"font-weight: 400;\">Estar cercado pelo Oceano Pac\u00edfico permite aos pescadores uma oportunidade desobstru\u00edda. Muitos praticam a pesca comercial. O camar\u00e3o, o camar\u00e3o, o espadarte e o atum est\u00e3o entre os produtos pesqueiros do arquip\u00e9lago. Os ilh\u00e9us tamb\u00e9m praticam a ca\u00e7a \u00e0s baleias.<\/span><\/p>\n\n\n\n<h2 class=\"wp-block-heading\"><span style=\"font-weight: 400;\">Fabrica\u00e7\u00e3o<\/span><\/h2>\n\n\n\n<p><span style=\"font-weight: 400;\">Os produtos petrol\u00edferos dominam as exporta\u00e7\u00f5es do estado, e este setor arrecadou quase US$300 milh\u00f5es no ano de 2018. Os havaianos agregam valor a muitos tipos de mat\u00e9rias-primas atrav\u00e9s do processo de fabrica\u00e7\u00e3o. Por exemplo, eles criam pe\u00e7as de motores de avi\u00f5es e imprimem jornais. Os havaianos tamb\u00e9m fabricam p\u00e3es, doces, refrigerantes, a\u00e7\u00facar refinado e alguns sucos, itens feitos de pedra, vidro e argila e algumas roupas. O estado tamb\u00e9m possui uma ind\u00fastria vibrante, que enlata abacaxi para conservar a iguaria.&nbsp;<\/span><\/p>\n\n\n\n<h2 class=\"wp-block-heading\"><span style=\"font-weight: 400;\">Oportunidades de servi\u00e7os<\/span><\/h2>\n\n\n\n<figure class=\"gb-block-image gb-block-image-e7f7a202\"><img loading=\"lazy\" decoding=\"async\" width=\"1456\" height=\"816\" class=\"gb-image gb-image-e7f7a202\" src=\"https:\/\/www.sisinternational.com\/wp-content\/uploads\/2025\/09\/Hawai-4.jpg\" alt=\"Pesquisa e Estrat\u00e9gia de Mercado Internacional da SIS\" title=\"Hawai (4)\" srcset=\"https:\/\/www.sisinternational.com\/wp-content\/uploads\/2025\/09\/Hawai-4.jpg 1456w, https:\/\/www.sisinternational.com\/wp-content\/uploads\/2025\/09\/Hawai-4-300x168.jpg 300w, https:\/\/www.sisinternational.com\/wp-content\/uploads\/2025\/09\/Hawai-4-1024x574.jpg 1024w, https:\/\/www.sisinternational.com\/wp-content\/uploads\/2025\/09\/Hawai-4-768x430.jpg 768w, https:\/\/www.sisinternational.com\/wp-content\/uploads\/2025\/09\/Hawai-4-18x10.jpg 18w\" sizes=\"auto, (max-width: 1456px) 100vw, 1456px\"><\/figure>\n\n\n\n<p><\/p>\n\n\n\n<p><span style=\"font-weight: 400;\">The service sector is where Hawaiians generate most of the state\u2019s revenue. This sector makes up 9 percent of the state\u2019s gross product, with services ranging from a plethora of options. The intangible money-makers of Hawaii do include community, business, and personal services. Health care is a service; the law is one as well. Accounting, engineering, and car rentals are all service-based. Also falling in the service category are finance, insurance, and real estate. The islands also have military services like the Army, Air Force, Navy, and Marines.\u00a0<\/span><\/p>\n\n\n\n<h2 class=\"wp-block-heading\"><span style=\"font-weight: 400;\">Viagens e turismo<\/span><\/h2>\n\n\n\n<p><span style=\"font-weight: 400;\">Um dos servi\u00e7os geradores de receitas mais significativos no Hava\u00ed \u00e9 a ind\u00fastria do turismo. O turismo tem desempenhado um dos pap\u00e9is mais proeminentes na gera\u00e7\u00e3o de receitas. Turistas viajam de todas as partes do mundo para este \u201cpara\u00edso\u201d bem anunciado. As ilhas oferecem acomoda\u00e7\u00f5es de alto n\u00edvel. Os h\u00f3spedes tamb\u00e9m podem saborear a requintada cozinha havaiana.<\/span><\/p>\n\n\n\n<h2 class=\"wp-block-heading\"><span style=\"font-weight: 400;\">Sobre pesquisa de mercado no Hava\u00ed<\/span><\/h2>\n\n\n\n<p><span style=\"font-weight: 400;\">For the state of Hawaii, market research aids investors. It assists them in understanding how the most prominent businesses and industries came to be. <a href=\"https:\/\/www.sisinternational.com\/pt\/solucoes\/solucoes-de-pesquisa-quantitativa-qualitativa\/discrete-choice-in-market-research\/\" title=\"Discrete Choice in Market Research\"  data-wpil-monitor-id=\"933\">Pesquisa de mercado<\/a> tells prospective investors why these continue to be the industries of choice for Hawaiians. It aids their understanding of the problems a sector may have. Our analysis also assists them in finding solutions to these problems. <\/span><\/p>\n\n\n\n<p><span style=\"font-weight: 400;\"><a href=\"https:\/\/www.sisinternational.com\/pt\/qualitative-research-to-enhance-customer-experience\/\" title=\"Qualitative Research to Enhance Customer Experience\"  data-wpil-monitor-id=\"9136\">Qualitative Research informs companies why customers<\/a> buy products.\u00a0 Key Qualitative methods include Focus Groups, Customer Interviews, and Online Communities.\u00a0 Quantitative <a href=\"https:\/\/www.sisinternational.com\/pt\/how-to-conduct-effective-quantitative-market-research\/\" title=\"How to Conduct Effective Quantitative Market Research\"  data-wpil-monitor-id=\"9137\">Pesquisar<\/a> measures the extent of certain buying phenomena and is often conducted by Online, Mobile, and App surveys.\u00a0 They can see the statistics and exactly how well the industry is doing. <a href=\"https:\/\/www.sisinternational.com\/pt\/a-necessidade-de-inteligencia-competitiva-nesta-recessao\/\" title=\"A necessidade de intelig\u00eancia competitiva em uma recess\u00e3o\"  data-wpil-monitor-id=\"9135\">Strategy Research informs companies about competition<\/a>, innovation, industries, and Go-To-Market Strategy.\u00a0 Armed with these insights, they can understand the customers\u2019 reasons for supporting that industry. They can also see precisely how they can fit themselves in and make a profit.<\/span><\/p>\n\n\n\n<p><\/p>\n\n\n\n<h2 class=\"wp-block-heading\">&nbsp;<\/h2>","protected":false},"excerpt":{"rendered":"<p>Descubra novas oportunidades de neg\u00f3cios com Pesquisa de Mercado no Hava\u00ed.<\/p>","protected":false},"author":1,"featured_media":68287,"parent":19303,"menu_order":41,"comment_status":"closed","ping_status":"closed","template":"","meta":{"footnotes":""},"class_list":["post-33182","page","type-page","status-publish","has-post-thumbnail"],"_links":{"self":[{"href":"https:\/\/www.sisinternational.com\/pt\/wp-json\/wp\/v2\/pages\/33182","targetHints":{"allow":["GET"]}}],"collection":[{"href":"https:\/\/www.sisinternational.com\/pt\/wp-json\/wp\/v2\/pages"}],"about":[{"href":"https:\/\/www.sisinternational.com\/pt\/wp-json\/wp\/v2\/types\/page"}],"author":[{"embeddable":true,"href":"https:\/\/www.sisinternational.com\/pt\/wp-json\/wp\/v2\/users\/1"}],"replies":[{"embeddable":true,"href":"https:\/\/www.sisinternational.com\/pt\/wp-json\/wp\/v2\/comments?post=33182"}],"version-history":[{"count":5,"href":"https:\/\/www.sisinternational.com\/pt\/wp-json\/wp\/v2\/pages\/33182\/revisions"}],"predecessor-version":[{"id":81527,"href":"https:\/\/www.sisinternational.com\/pt\/wp-json\/wp\/v2\/pages\/33182\/revisions\/81527"}],"up":[{"embeddable":true,"href":"https:\/\/www.sisinternational.com\/pt\/wp-json\/wp\/v2\/pages\/19303"}],"wp:featuredmedia":[{"embeddable":true,"href":"https:\/\/www.sisinternational.com\/pt\/wp-json\/wp\/v2\/media\/68287"}],"wp:attachment":[{"href":"https:\/\/www.sisinternational.com\/pt\/wp-json\/wp\/v2\/media?parent=33182"}],"curies":[{"name":"wp","href":"https:\/\/api.w.org\/{rel}","templated":true}]}}