{"id":33177,"date":"2019-09-21T18:09:07","date_gmt":"2019-09-21T18:09:07","guid":{"rendered":"https:\/\/www.sisinternational.com\/?page_id=33177"},"modified":"2026-01-27T15:22:06","modified_gmt":"2026-01-27T20:22:06","slug":"pesquisa-de-mercado-em-nevada","status":"publish","type":"page","link":"https:\/\/www.sisinternational.com\/pt\/cobertura\/north-america\/cobertura-dos-eua\/pesquisa-de-mercado-em-nevada\/","title":{"rendered":"Pesquisa de mercado em Nevada"},"content":{"rendered":"<h1 class=\"wp-block-heading\">Pesquisa de mercado em Nevada<\/h1>\n\n\n\n<figure class=\"gb-block-image gb-block-image-3be8ad83\"><img loading=\"lazy\" decoding=\"async\" width=\"1456\" height=\"816\" class=\"gb-image gb-image-3be8ad83\" src=\"https:\/\/www.sisinternational.com\/wp-content\/uploads\/2025\/09\/Nevada-2.jpg\" alt=\"Pesquisa e Estrat\u00e9gia de Mercado Internacional da SIS\" title=\"Nevada (2)\" srcset=\"https:\/\/www.sisinternational.com\/wp-content\/uploads\/2025\/09\/Nevada-2.jpg 1456w, https:\/\/www.sisinternational.com\/wp-content\/uploads\/2025\/09\/Nevada-2-300x168.jpg 300w, https:\/\/www.sisinternational.com\/wp-content\/uploads\/2025\/09\/Nevada-2-1024x574.jpg 1024w, https:\/\/www.sisinternational.com\/wp-content\/uploads\/2025\/09\/Nevada-2-768x430.jpg 768w, https:\/\/www.sisinternational.com\/wp-content\/uploads\/2025\/09\/Nevada-2-18x10.jpg 18w\" sizes=\"auto, (max-width: 1456px) 100vw, 1456px\"><\/figure>\n\n\n\n<p><\/p>\n\n\n\n<h2 class=\"wp-block-heading\"><span style=\"font-weight: 400;\">O que \u00e9 pesquisa de mercado em Nevada? Por que isso \u00e9 importante?<\/span><\/h2>\n\n\n\n<p><span style=\"font-weight: 400;\">A pesquisa de mercado em Nevada visa compreender as complexidades do mercado local e tomar decis\u00f5es baseadas em dados que promovam o crescimento e a inova\u00e7\u00e3o. Ele fornece insights acion\u00e1veis que impulsionam o planejamento estrat\u00e9gico e a tomada de decis\u00f5es.&nbsp;<\/span><\/p>\n\n\n\n<p><span style=\"font-weight: 400;\">This market research helps businesses identify opportunities for growth and innovation. By analyzing Nevada-specific market data, companies can identify unmet needs and emerging trends, enabling them to develop new products and services that meet these demands.\u00a0<\/span><\/p>\n\n\n\n<p><span style=\"font-weight: 400;\">Al\u00e9m disso, a pesquisa de mercado em Nevada \u00e9 crucial para a mitiga\u00e7\u00e3o de riscos. Compreender as condi\u00e7\u00f5es de mercado e o comportamento do consumidor de Nevada ajuda as empresas a antecipar desafios potenciais e a desenvolver estrat\u00e9gias para enfrent\u00e1-los. Esta previs\u00e3o \u00e9 inestim\u00e1vel para navegar nas flutua\u00e7\u00f5es econ\u00f3micas, nas press\u00f5es competitivas e nas mudan\u00e7as regulamentares exclusivas do estado.<\/span><\/p>\n\n\n\n<p><span style=\"font-weight: 400;\">Furthermore, market research in Nevada helps optimize marketing strategies. By gaining insights into local consumer preferences and behavior, businesses can tailor their marketing efforts to resonate with their target audience. This targeted approach increases the effectiveness of marketing campaigns, leading to higher engagement and conversion rates.<\/span><\/p>\n\n\n\n<h2 class=\"wp-block-heading\"><span style=\"font-weight: 400;\">Quando realizar pesquisas de mercado em Nevada<\/span><\/h2>\n\n\n\n<p><span style=\"font-weight: 400;\">Determinar os momentos ideais para realizar pesquisas de mercado \u00e9 crucial para maximizar o seu impacto. As empresas devem realizar pesquisas de mercado em v\u00e1rios est\u00e1gios para garantir crescimento cont\u00ednuo, adaptabilidade e planejamento estrat\u00e9gico.<\/span><\/p>\n\n\n\n<ul class=\"wp-block-list\">\n<li><b>Antes de lan\u00e7ar um novo produto ou servi\u00e7o:<\/b><span style=\"font-weight: 400;\"> A realiza\u00e7\u00e3o de pesquisas de mercado em Nevada antes de lan\u00e7ar um novo produto ou servi\u00e7o ajuda as empresas a compreender a demanda do mercado, identificar p\u00fablicos-alvo e desenvolver estrat\u00e9gias de marketing eficazes.&nbsp;<\/span><\/li>\n\n\n\n<li><b>Entrando em um novo mercado:<\/b><span style=\"font-weight: 400;\"> Ao expandir para novos mercados geogr\u00e1ficos ou demogr\u00e1ficos em Nevada, a pesquisa de mercado fornece insights sobre o comportamento do consumidor local, cen\u00e1rios competitivos e potencial de mercado. Esta informa\u00e7\u00e3o \u00e9 vital para adaptar estrat\u00e9gias que se ajustem \u00e0s caracter\u00edsticas \u00fanicas do novo mercado.<\/span><\/li>\n\n\n\n<li><b>Avaliando campanhas de marketing:<\/b><span style=\"font-weight: 400;\"> A pesquisa de mercado p\u00f3s-campanha \u00e9 valiosa para avaliar a efic\u00e1cia dos esfor\u00e7os de marketing, compreender as rea\u00e7\u00f5es dos consumidores e refinar estrat\u00e9gias futuras. Esse processo iterativo melhora o desempenho da campanha ao longo do tempo.<\/span><\/li>\n<\/ul>\n\n\n\n<h2 class=\"wp-block-heading\"><span style=\"font-weight: 400;\">Resultados esperados da pesquisa de mercado da SIS em Nevada<\/span><\/h2>\n\n\n\n<figure class=\"gb-block-image gb-block-image-028552ec\"><img loading=\"lazy\" decoding=\"async\" width=\"1456\" height=\"816\" class=\"gb-image gb-image-028552ec\" src=\"https:\/\/www.sisinternational.com\/wp-content\/uploads\/2025\/09\/Nevada-4.jpg\" alt=\"Pesquisa e Estrat\u00e9gia de Mercado Internacional da SIS\" title=\"Nevada (4)\" srcset=\"https:\/\/www.sisinternational.com\/wp-content\/uploads\/2025\/09\/Nevada-4.jpg 1456w, https:\/\/www.sisinternational.com\/wp-content\/uploads\/2025\/09\/Nevada-4-300x168.jpg 300w, https:\/\/www.sisinternational.com\/wp-content\/uploads\/2025\/09\/Nevada-4-1024x574.jpg 1024w, https:\/\/www.sisinternational.com\/wp-content\/uploads\/2025\/09\/Nevada-4-768x430.jpg 768w, https:\/\/www.sisinternational.com\/wp-content\/uploads\/2025\/09\/Nevada-4-18x10.jpg 18w\" sizes=\"auto, (max-width: 1456px) 100vw, 1456px\"><\/figure>\n\n\n\n<p><\/p>\n\n\n\n<p><a href=\"https:\/\/www.linkedin.com\/company\/sisinternationalresearch\/\" target=\"_blank\" rel=\"noopener\"><span style=\"font-weight: 400;\">SIS Internacional<\/span><\/a><span style=\"font-weight: 400;\">Os servi\u00e7os de pesquisa de mercado da em Nevada s\u00e3o projetados para fornecer \u00e0s empresas insights acion\u00e1veis que impulsionam o sucesso. Aqui est\u00e3o os resultados esperados de nossa abrangente pesquisa de mercado.<\/span><\/p>\n\n\n\n<p><b>Planejamento Estrat\u00e9gico Aprimorado:<\/b><span style=\"font-weight: 400;\">&nbsp;<\/span><\/p>\n\n\n\n<p><span style=\"font-weight: 400;\">Nossa pesquisa de mercado em Nevada fornece \u00e0s empresas os dados e insights necess\u00e1rios para desenvolver estrat\u00e9gias robustas, alinhar seus objetivos com as oportunidades de mercado e enfrentar os desafios de forma eficaz.<\/span><\/p>\n\n\n\n<p><b>Aumento da receita:<\/b><span style=\"font-weight: 400;\">&nbsp;<\/span><\/p>\n\n\n\n<p><span style=\"font-weight: 400;\">Nosso <a href=\"https:\/\/www.sisinternational.com\/pt\/cobertura\/pesquisa-de-mercado-asia\/pesquisa-de-mercado-micronesia\/\" title=\"Pesquisa de mercado na Micron\u00e9sia\" data-wpil-monitor-id=\"3967\">research helps businesses understand Nevada&#8217;s market<\/a> demands and consumer preferences, enabling them to tailor their products and services to meet customer needs and increase sales and revenue.<\/span><\/p>\n\n\n\n<p><b>Redu\u00e7\u00e3o de risco:<\/b><span style=\"font-weight: 400;\">&nbsp;<\/span><\/p>\n\n\n\n<p><a href=\"https:\/\/twitter.com\/SISIntlResearch\" target=\"_blank\" rel=\"noopener\"><span style=\"font-weight: 400;\">SIS<\/span><\/a><span style=\"font-weight: 400;\"> ajuda as empresas a antecipar riscos potenciais e a desenvolver estrat\u00e9gias para os mitigar, garantindo estabilidade e resili\u00eancia num ambiente de mercado din\u00e2mico.<\/span><\/p>\n\n\n\n<p><b>Efici\u00eancia de marketing aprimorada:<\/b><span style=\"font-weight: 400;\">&nbsp;<\/span><\/p>\n\n\n\n<p><span style=\"font-weight: 400;\">Com insights detalhados sobre o comportamento do consumidor local, as empresas podem criar campanhas de marketing direcionadas que ressoem com seu p\u00fablico de Nevada, aumentando o engajamento e as taxas de convers\u00e3o.<\/span><\/p>\n\n\n\n<p><b>Crescimento Acelerado e Inova\u00e7\u00e3o:<\/b><span style=\"font-weight: 400;\">&nbsp;<\/span><\/p>\n\n\n\n<p><span style=\"font-weight: 400;\">A pesquisa de mercado da SIS International identifica tend\u00eancias e oportunidades emergentes, permitindo que as empresas inovem e expandam a sua presen\u00e7a no mercado, impulsionando o crescimento sustent\u00e1vel.<\/span><\/p>\n\n\n\n<p><b>ROI aumentado:<\/b><span style=\"font-weight: 400;\">&nbsp;<\/span><\/p>\n\n\n\n<p><span style=\"font-weight: 400;\">Effective <a href=\"https:\/\/www.sisinternational.com\/pt\/solucoes\/pesquisa-de-mercado-de-ia-e-consultoria-estrategica\/pesquisa-de-mercado-de-ia-com-realidade-aumentada\/\" title=\"Pesquisa de mercado de IA em realidade aumentada\" data-wpil-monitor-id=\"7310\">market<\/a> research maximizes return on investment by ensuring that business decisions are data-driven and aligned with market realities, thereby optimizing performance and profitability.<\/span><\/p>\n\n\n\n<h2 class=\"wp-block-heading\"><span style=\"font-weight: 400;\">Principais atra\u00e7\u00f5es tur\u00edsticas de Nevada<\/span><\/h2>\n\n\n\n<p><span style=\"font-weight: 400;\">Nevada is renowned for its diverse and vibrant attractions, attracting millions of visitors each year. These attractions highlight the state\u2019s cultural and natural beauty and significantly contribute to its economy, providing valuable data for market research.<\/span><\/p>\n\n\n\n<p><b>\u2022 Faixa de Las Vegas:<\/b><span style=\"font-weight: 400;\"> A Las Vegas Strip \u00e9 um dos destinos tur\u00edsticos mais emblem\u00e1ticos do mundo, conhecida por seus luxuosos cassinos, hot\u00e9is e locais de entretenimento.&nbsp;<\/span><\/p>\n\n\n\n<p><b>\u2022 Represa Hoover:<\/b><span style=\"font-weight: 400;\"> Esta maravilha da engenharia atrai turistas interessados em hist\u00f3ria e tecnologia. A pesquisa de mercado explora o envolvimento dos visitantes, os interesses educacionais e os benef\u00edcios econ\u00f3micos do turismo.<\/span><\/p>\n\n\n\n<p><b>\u2022 Red Rock Canyon:<\/b><span style=\"font-weight: 400;\"> Um destino popular para caminhantes e amantes da natureza, Red Rock Canyon oferece informa\u00e7\u00f5es sobre ecoturismo, demografia dos visitantes e impacto do turismo nos esfor\u00e7os de conserva\u00e7\u00e3o.<\/span><\/p>\n\n\n\n<p><b>\u2022Reno:<\/b><span style=\"font-weight: 400;\"> Reno oferece uma mistura de jogos, atividades ao ar livre e atra\u00e7\u00f5es culturais. A investiga\u00e7\u00e3o centra-se na compreens\u00e3o das prefer\u00eancias dos visitantes, das contribui\u00e7\u00f5es econ\u00f3micas locais e das tend\u00eancias de crescimento do turismo.<\/span><\/p>\n\n\n\n<p><b>\u2022 Parque Nacional da Grande Bacia:<\/b><span style=\"font-weight: 400;\"> Esta joia menos conhecida oferece atra\u00e7\u00f5es \u00fanicas, como as Cavernas Lehman e os antigos pinheiros bristlecone.&nbsp;<\/span><\/p>\n\n\n\n<h2 class=\"wp-block-heading\"><span style=\"font-weight: 400;\">Agricultura<\/span><\/h2>\n\n\n\n<p><span style=\"font-weight: 400;\">Muitos nevadanos criam gado como forma de subsist\u00eancia. Os principais produtos s\u00e3o ovinos e bovinos de fazenda, que criam para vender aos agricultores e outros clientes. A maioria de seus clientes est\u00e1 em Idaho, Calif\u00f3rnia, e nos estados do Centro-Oeste. Eles vendem a carne de alguns animais como porcos, cordeiros e ovelhas. Eles n\u00e3o desperdi\u00e7am nenhuma parte do animal e vendem sua l\u00e3 para f\u00e1bricas t\u00eaxteis. O mercado agr\u00edcola deste estado gira t\u00e3o fortemente em torno da pecu\u00e1ria que a principal cultura em Nevada \u00e9 o feno. Os agricultores usam-no para alimentar o gado. No entanto, o feno n\u00e3o \u00e9 a \u00fanica cultura produzida. Alguns agricultores tamb\u00e9m cultivam cevada, sementes de alfafa, hortel\u00e3, alho, batata, cebola e trigo.<\/span><\/p>\n\n\n\n<h2 class=\"wp-block-heading\"><span style=\"font-weight: 400;\">Fabrica\u00e7\u00e3o<\/span><\/h2>\n\n\n\n<p><span style=\"font-weight: 400;\">This state manufactures raw products into finished goods, as do many others. Nevada focuses on producing printed, food, building, and machinery products. For example, Nevadans own publishing and printing companies. They also process food, pack meat, and produce coffee. Nevadans process concrete. They create machines like home appliances, computer equipment, and neon signs. In this state, one would also find citizens involved in plastic production. Other products of Nevada include chemicals and construction tools.<\/span><\/p>\n\n\n\n<h2 class=\"wp-block-heading\"><span style=\"font-weight: 400;\">Minera\u00e7\u00e3o<\/span><\/h2>\n\n\n\n<p><span style=\"font-weight: 400;\">The state of Nevada alone produces almost 75 percent of the gold produced in America. Nevada is also home to a few other precious metals, including silver, which it leads in production. Nevadan miners also find copper, limestone, lithium, barite, and diatomite. The state also produces a few other minerals, like oil and salt.\u00a0<\/span><\/p>\n\n\n\n<h2 class=\"wp-block-heading\"><span style=\"font-weight: 400;\">Oportunidades de servi\u00e7os<\/span><\/h2>\n\n\n\n<p><span style=\"font-weight: 400;\">A receita e a economia de Nevada dependem do setor de servi\u00e7os, que oferece uma ampla gama de opera\u00e7\u00f5es. Isso inclui publicidade, hospitais, escolas particulares e atacado e varejo. Nevada tamb\u00e9m possui setores vibrantes de seguros, finan\u00e7as e imobili\u00e1rio, que foram parte da raz\u00e3o pela qual Nevada foi o estado dos EUA com crescimento mais r\u00e1pido na d\u00e9cada de 1990.&nbsp;<\/span><\/p>\n\n\n\n<h2 class=\"wp-block-heading\">\u00c1reas urbanas<\/h2>\n\n\n\n<p><span style=\"font-weight: 400;\">Nevada is home to the Las Vegas and Reno metropolitan areas in Clark County. These two cities are among the state\u2019s largest and most revenue-generating<\/span>, with Las Vegas being one of the country\u2019s biggest tourist attractions. People worldwide travel to Las Vegas to visit the city and throw millions into the economy. Tourism, gaming, and conventions boost<span style=\"font-weight: 400;\"> the economy. These activities rake in over $1.6 billion in revenue. These three sectors also fuel hotels, restaurants, and transportation services.\u00a0<\/span><\/p>\n\n\n\n<h2 class=\"wp-block-heading\"><span style=\"font-weight: 400;\">Drivers de mercado em Nevada<\/span><\/h2>\n\n\n\n<figure class=\"gb-block-image gb-block-image-be0a9368\"><img loading=\"lazy\" decoding=\"async\" width=\"1456\" height=\"816\" class=\"gb-image gb-image-be0a9368\" src=\"https:\/\/www.sisinternational.com\/wp-content\/uploads\/2025\/09\/Nevada-3.jpg\" alt=\"Pesquisa e Estrat\u00e9gia de Mercado Internacional da SIS\" title=\"Nevada (3)\" srcset=\"https:\/\/www.sisinternational.com\/wp-content\/uploads\/2025\/09\/Nevada-3.jpg 1456w, https:\/\/www.sisinternational.com\/wp-content\/uploads\/2025\/09\/Nevada-3-300x168.jpg 300w, https:\/\/www.sisinternational.com\/wp-content\/uploads\/2025\/09\/Nevada-3-1024x574.jpg 1024w, https:\/\/www.sisinternational.com\/wp-content\/uploads\/2025\/09\/Nevada-3-768x430.jpg 768w, https:\/\/www.sisinternational.com\/wp-content\/uploads\/2025\/09\/Nevada-3-18x10.jpg 18w\" sizes=\"auto, (max-width: 1456px) 100vw, 1456px\"><\/figure>\n\n\n\n<p><\/p>\n\n\n\n<ul class=\"wp-block-list\">\n<li><b>Avan\u00e7os tecnol\u00f3gicos:<\/b><span style=\"font-weight: 400;\"> Rapid technological development, including big data analytics, artificial intelligence, and machine learning, drives demand for sophisticated market research methods. These technologies enable more precise data collection and analysis, providing deeper insights into consumer behavior and market trends.<\/span><\/li>\n\n\n\n<li><b>Crescimento do Turismo e da Hotelaria:<\/b><span style=\"font-weight: 400;\"> Os pr\u00f3speros setores de turismo e hospitalidade de Nevada s\u00e3o os principais impulsionadores da pesquisa de mercado. Compreender as prefer\u00eancias dos visitantes, os padr\u00f5es de gastos e as tend\u00eancias sazonais \u00e9 crucial para que as empresas deste setor otimizem as suas ofertas e melhorem a experi\u00eancia do visitante.<\/span><\/li>\n\n\n\n<li><b>Diversifica\u00e7\u00e3o Econ\u00f3mica:<\/b><span style=\"font-weight: 400;\"> Nevada est\u00e1 diversificando ativamente sua economia al\u00e9m do jogo e do turismo, com investimentos significativos em tecnologia, energia renov\u00e1vel e manufatura.&nbsp;<\/span><\/li>\n<\/ul>\n\n\n\n<h2 class=\"wp-block-heading\"><span style=\"font-weight: 400;\">Como o mercado de pesquisa de mercado da SIS International em Nevada ajuda as empresas&nbsp;<\/span><\/h2>\n\n\n\n<p><span style=\"font-weight: 400;\">A pesquisa de mercado da SIS International em Nevada foi projetada para fornecer \u00e0s empresas insights pr\u00e1ticos que impulsionam o sucesso. Aqui est\u00e3o os resultados esperados de nossa abrangente pesquisa de mercado.<\/span><\/p>\n\n\n\n<p><b>Reduz o risco:<\/b><span style=\"font-weight: 400;\">&nbsp;<\/span><\/p>\n\n\n\n<p><span style=\"font-weight: 400;\">A pesquisa de mercado da SIS International identifica riscos e desafios potenciais, permitindo que as empresas desenvolvam estrat\u00e9gias de mitiga\u00e7\u00e3o. Esta abordagem proativa garante estabilidade e resili\u00eancia num ambiente de mercado din\u00e2mico.<\/span><\/p>\n\n\n\n<p><b>Aumenta a receita:<\/b><span style=\"font-weight: 400;\">&nbsp;<\/span><\/p>\n\n\n\n<p><span style=\"font-weight: 400;\">Nosso <a href=\"https:\/\/www.sisinternational.com\/pt\/cobertura\/pesquisa-de-mercado-asia\/pesquisa-de-mercado-tonga\/\" title=\"Pesquisa de mercado em Tonga\" data-wpil-monitor-id=\"3968\">research helps businesses understand Nevada&#8217;s market<\/a> demands and consumer preferences, enabling them to tailor their products and services to meet customer needs and increase sales and revenue.<\/span><\/p>\n\n\n\n<p><b>Economiza dinheiro:<\/b><span style=\"font-weight: 400;\">&nbsp;<\/span><\/p>\n\n\n\n<p><span style=\"font-weight: 400;\">Uma pesquisa de mercado eficaz pode evitar erros dispendiosos, fornecendo dados e insights precisos que orientam as decis\u00f5es de neg\u00f3cios. Ao evitar investimentos e estrat\u00e9gias equivocadas, as empresas podem poupar dinheiro e alocar recursos de forma mais eficiente.<\/span><\/p>\n\n\n\n<p><b>Poupa tempo:<\/b><span style=\"font-weight: 400;\">&nbsp;<\/span><\/p>\n\n\n\n<p><span style=\"font-weight: 400;\">We accelerate decision-making by providing timely, relevant insights. This efficiency allows businesses to respond quickly to market changes and seize opportunities faster than their competitors.<\/span><\/p>\n\n\n\n<p><b>Acelera o crescimento e a inova\u00e7\u00e3o:<\/b><span style=\"font-weight: 400;\">&nbsp;<\/span><\/p>\n\n\n\n<p><span style=\"font-weight: 400;\">A pesquisa de mercado da SIS International identifica tend\u00eancias e oportunidades emergentes, permitindo que as empresas inovem e expandam a sua presen\u00e7a no mercado, impulsionando o crescimento sustent\u00e1vel.<\/span><\/p>\n\n\n\n<p><b>Aumenta o ROI:<\/b><span style=\"font-weight: 400;\">&nbsp;<\/span><\/p>\n\n\n\n<p><span style=\"font-weight: 400;\">Uma pesquisa de mercado eficaz maximiza o retorno do investimento, garantindo que as decis\u00f5es de neg\u00f3cios sejam orientadas por dados e alinhadas com as realidades do mercado, levando a um desempenho e rentabilidade otimizados.<\/span><\/p>\n\n\n\n<h2 class=\"wp-block-heading\">&nbsp;<\/h2>\n\n\n\n<p><span style=\"font-weight: 400;\">&nbsp;<\/span><\/p>","protected":false},"excerpt":{"rendered":"<p>Descubra novas oportunidades de neg\u00f3cios com Pesquisa de Mercado em Nevada.<\/p>","protected":false},"author":1,"featured_media":66444,"parent":19303,"menu_order":40,"comment_status":"closed","ping_status":"closed","template":"","meta":{"footnotes":""},"class_list":["post-33177","page","type-page","status-publish","has-post-thumbnail"],"_links":{"self":[{"href":"https:\/\/www.sisinternational.com\/pt\/wp-json\/wp\/v2\/pages\/33177","targetHints":{"allow":["GET"]}}],"collection":[{"href":"https:\/\/www.sisinternational.com\/pt\/wp-json\/wp\/v2\/pages"}],"about":[{"href":"https:\/\/www.sisinternational.com\/pt\/wp-json\/wp\/v2\/types\/page"}],"author":[{"embeddable":true,"href":"https:\/\/www.sisinternational.com\/pt\/wp-json\/wp\/v2\/users\/1"}],"replies":[{"embeddable":true,"href":"https:\/\/www.sisinternational.com\/pt\/wp-json\/wp\/v2\/comments?post=33177"}],"version-history":[{"count":8,"href":"https:\/\/www.sisinternational.com\/pt\/wp-json\/wp\/v2\/pages\/33177\/revisions"}],"predecessor-version":[{"id":80957,"href":"https:\/\/www.sisinternational.com\/pt\/wp-json\/wp\/v2\/pages\/33177\/revisions\/80957"}],"up":[{"embeddable":true,"href":"https:\/\/www.sisinternational.com\/pt\/wp-json\/wp\/v2\/pages\/19303"}],"wp:featuredmedia":[{"embeddable":true,"href":"https:\/\/www.sisinternational.com\/pt\/wp-json\/wp\/v2\/media\/66444"}],"wp:attachment":[{"href":"https:\/\/www.sisinternational.com\/pt\/wp-json\/wp\/v2\/media?parent=33177"}],"curies":[{"name":"wp","href":"https:\/\/api.w.org\/{rel}","templated":true}]}}