{"id":33113,"date":"2019-09-14T20:45:33","date_gmt":"2019-09-14T20:45:33","guid":{"rendered":"https:\/\/www.sisinternational.com\/?page_id=33113"},"modified":"2025-09-13T19:03:59","modified_gmt":"2025-09-13T23:03:59","slug":"pesquisa-de-mercado-em-delaware","status":"publish","type":"page","link":"https:\/\/www.sisinternational.com\/pt\/cobertura\/north-america\/cobertura-dos-eua\/pesquisa-de-mercado-em-delaware\/","title":{"rendered":"Pesquisa de mercado em Delaware"},"content":{"rendered":"<h1 class=\"wp-block-heading\"><span class=\"s1\">Pesquisa de mercado em Delaware<\/span><\/h1>\n\n\n\n<figure class=\"gb-block-image gb-block-image-90aa7e7d\"><img loading=\"lazy\" decoding=\"async\" width=\"1456\" height=\"816\" class=\"gb-image gb-image-90aa7e7d\" src=\"https:\/\/www.sisinternational.com\/wp-content\/uploads\/2025\/09\/Delaware-2.jpg\" alt=\"Pesquisa e Estrat\u00e9gia de Mercado Internacional da SIS\" title=\"Delaware (2)\" srcset=\"https:\/\/www.sisinternational.com\/wp-content\/uploads\/2025\/09\/Delaware-2.jpg 1456w, https:\/\/www.sisinternational.com\/wp-content\/uploads\/2025\/09\/Delaware-2-300x168.jpg 300w, https:\/\/www.sisinternational.com\/wp-content\/uploads\/2025\/09\/Delaware-2-1024x574.jpg 1024w, https:\/\/www.sisinternational.com\/wp-content\/uploads\/2025\/09\/Delaware-2-768x430.jpg 768w, https:\/\/www.sisinternational.com\/wp-content\/uploads\/2025\/09\/Delaware-2-18x10.jpg 18w\" sizes=\"auto, (max-width: 1456px) 100vw, 1456px\"><\/figure>\n\n\n\n<p><\/p>\n\n\n\n<h2 class=\"wp-block-heading p3\"><span class=\"s1\">Delaware \u00e9 um dos 50 estados dos EUA com uma popula\u00e7\u00e3o de cerca de 1 milh\u00e3o de pessoas. <\/span><\/h2>\n\n\n\n<p class=\"p3\"><span class=\"s1\">It is the second smallest state by area. Delaware has three counties: Sussex, Castle, and Kent, and over 50 cities, including Wilmington, Hartly, and the capital, Dover.\u00a0 Its location is beneficially located in the North East Corridor with proximity to major cities of NYC, Philadelphia, Baltimore and Washington DC. The unemployment rate in Delaware is relatively low, and its GDP is over $75 billion.<\/span><\/p>\n\n\n\n<h2 class=\"wp-block-heading p5\"><span class=\"s1\">Vitalidade Econ\u00f3mica<\/span><\/h2>\n\n\n\n<p class=\"p3\"><span class=\"s1\">Por que Delaware \u00e9 excepcional?&nbsp;<\/span><span class=\"s1\">Delaware tem a ind\u00fastria qu\u00edmica mais proeminente dos Estados Unidos. A sede da DuPont fica em Delaware. A DuPont \u00e9 o principal fabricante de produtos qu\u00edmicos do mundo.<\/span><\/p>\n\n\n\n<p class=\"p3\"><span class=\"s1\">O estado exporta uma grande variedade de produtos qu\u00edmicos para todo o mundo, incluindo Teflon, Nylon, tapetes Stainmaster e materiais impressos. A ind\u00fastria qu\u00edmica fortalece a economia de Delaware.<\/span><\/p>\n\n\n\n<h2 class=\"wp-block-heading\">Ind\u00fastria Agr\u00edcola<\/h2>\n\n\n\n<p class=\"p3\"><span class=\"s1\">A ind\u00fastria agr\u00edcola tamb\u00e9m det\u00e9m uma parte significativa da economia de Delaware. O estado \u00e9 o maior produtor de frango de corte.&nbsp;<\/span><span class=\"s1\">Al\u00e9m disso, a economia depende de latic\u00ednios, batata, soja e milho. Com a proximidade do Oceano Atl\u00e2ntico, a ind\u00fastria pesqueira tamb\u00e9m est\u00e1 no auge. <\/span><\/p>\n\n\n\n<h2 class=\"wp-block-heading p3\"><span class=\"s1\">Ind\u00fastrias em crescimento<\/span><\/h2>\n\n\n\n<p class=\"p3\"><span class=\"s1\">Os setores de sa\u00fade, financeiro, aeron\u00e1utico e turismo tamb\u00e9m contribuem para a economia.<\/span><\/p>\n\n\n\n<h2 class=\"wp-block-heading p5\"><span class=\"s1\">Come\u00e7ando um neg\u00f3cio em Delaware<\/span><\/h2>\n\n\n\n<p class=\"p3\"><span class=\"s1\">Delaware has one of the most favorable systems of new business formation.&nbsp; Many corporations decide to incorporate their businesses in Delaware due to its business-friendly laws and incentives.&nbsp; Delaware also provides support for startups. New businesses can get full technical assistance for the structuring of a corporation. Hence, the state offers greater privacy and provides tax advantages. These benefits include investor opportunities for your corporation.<\/span><\/p>\n\n\n\n<h2 class=\"wp-block-heading p5\"><span class=\"s1\">Sobre pesquisa de mercado em Delaware<\/span><\/h2>\n\n\n\n<p class=\"p5\"><span class=\"s1\">Para qualquer neg\u00f3cio, a Pesquisa de Mercado \u00e9 obrigat\u00f3ria.&nbsp;&nbsp;<\/span><span class=\"s1\">Por que? <\/span><\/p>\n\n\n\n<p class=\"p3\"><span class=\"s1\">People should understand the needs of the customer base. These needs are social, cultural, and economic, and they influence your business. Your team will have to engage with communities. You&#8217;ll also need in-depth interviews about the possible opportunities for business.<\/span><\/p>\n\n\n\n<p class=\"p3\"><span class=\"s1\">You also <a href=\"https:\/\/www.sisinternational.com\/pt\/analysis-b2b\/\" title=\"What Business Leaders Need to Know Right Now\"  data-wpil-monitor-id=\"8083\">need to know<\/a> about your competitors. At SIS International, when we do <strong>Pesquisa de estrat\u00e9gia<\/strong>, it includes complete customer and competitor analysis. We identify the potential strengths and weaknesses of your competitors. This knowledge will help you to build up a successful business.<\/span><\/p>\n\n\n\n<p class=\"p3\"><span class=\"s1\">Getting help from native Delaware is <a href=\"https:\/\/www.sisinternational.com\/pt\/pericia\/industrias\/pesquisa-de-mercado-de-fundamentos-de-cozinha\/\" title=\"Pesquisa de mercado de fundamentos de cozinha\"  data-wpil-monitor-id=\"8079\">essential when doing proper Qualitative Research<\/a>. Want to know how the people of Delaware are likely to respond to your <a href=\"https:\/\/www.sisinternational.com\/pt\/solucoes\/teste-de-sabor\/servicos-de-teste-de-produtos-em-nova-york\/\" title=\"Servi\u00e7os de teste de produtos em Nova York\"  data-wpil-monitor-id=\"8082\">product or service<\/a>? <strong>Pesquisa qualitativa<\/strong> provides a rich, detailed picture. It shows you why people act the way they do. It also tells you their feelings about these actions.\u00a0 Key methods includes Customer Interviews, Focus Groups, and Ethnography.\u00a0 Qualitative <a href=\"https:\/\/www.sisinternational.com\/pt\/solucoes\/solucoes-de-pesquisa-quantitativa-qualitativa\/entrevistas-por-telefone-pesquisa-de-mercado\/\" title=\"Pesquisa de mercado de entrevistas em profundidade por telefone\"  data-wpil-monitor-id=\"8087\">Pesquisar<\/a> records attitudes and feelings and provides depth and detail to your data. It creates openness by encouraging people to open up in their responses. This type of research can explore new topics not considered by your <a href=\"https:\/\/www.sisinternational.com\/pt\/pericia\/curriculos-de-experiencia\/pesquisa-de-marca\/\" title=\"Empresa de pesquisa de marca\"  data-wpil-monitor-id=\"8085\">company<\/a>.<\/span><\/p>\n\n\n\n<p class=\"p3\"><span class=\"s1\"><strong>Pesquisa quantitativa<\/strong> allows you to do a broader study involving more subjects. With this type of Research, it&#8217;s easier to show overall results. Quantitative <a href=\"https:\/\/www.sisinternational.com\/pt\/sampling-techniques-in-qualitative-research-the-complete-guide-to-choosing-the-right-method\/\" title=\"Sampling Techniques in Qualitative Research: The Complete Guide to Choosing the Right Method\"  data-wpil-monitor-id=\"8080\">Research provides for greater impartiality and completeness<\/a> of results. It uses standards, which means that we can replicate your study, analyze it, and compare it to similar ones. <a href=\"https:\/\/www.sisinternational.com\/pt\/pericia\/curriculos-de-experiencia\/pesquisa-de-mercado-de-produtos-de-higiene-pessoal\/\" title=\"Pesquisa de mercado de produtos de cuidados pessoais\"  data-wpil-monitor-id=\"8078\">Researchers can avoid personal<\/a> bias by keeping their distance from participating subjects. They can also use persons unknown to them.<\/span><\/p>\n\n\n\n<p class=\"p3\"><span class=\"s1\">Comprehensive <a href=\"https:\/\/www.sisinternational.com\/pt\/publicacoes\/pesquisa-de-mercado-de-negocios-escalaveis-7-maneiras-de-construir-um-negocio-escalavel\/\" title=\"Pesquisa de mercado de neg\u00f3cios escal\u00e1veis: 7 maneiras de construir um neg\u00f3cio escal\u00e1vel\"  data-wpil-monitor-id=\"8076\">Market Research helps to grow your business<\/a>. It optimizes your performance, reduces risk, and helps you to beat out the competitors.<\/span><\/p>\n\n\n\n<h2 class=\"wp-block-heading\">&nbsp;<\/h2>","protected":false},"excerpt":{"rendered":"<p>Descubra novas oportunidades de neg\u00f3cios com Pesquisa de Mercado em Delaware.<\/p>","protected":false},"author":1,"featured_media":66527,"parent":19303,"menu_order":39,"comment_status":"closed","ping_status":"closed","template":"","meta":{"footnotes":""},"class_list":["post-33113","page","type-page","status-publish","has-post-thumbnail"],"_links":{"self":[{"href":"https:\/\/www.sisinternational.com\/pt\/wp-json\/wp\/v2\/pages\/33113","targetHints":{"allow":["GET"]}}],"collection":[{"href":"https:\/\/www.sisinternational.com\/pt\/wp-json\/wp\/v2\/pages"}],"about":[{"href":"https:\/\/www.sisinternational.com\/pt\/wp-json\/wp\/v2\/types\/page"}],"author":[{"embeddable":true,"href":"https:\/\/www.sisinternational.com\/pt\/wp-json\/wp\/v2\/users\/1"}],"replies":[{"embeddable":true,"href":"https:\/\/www.sisinternational.com\/pt\/wp-json\/wp\/v2\/comments?post=33113"}],"version-history":[{"count":4,"href":"https:\/\/www.sisinternational.com\/pt\/wp-json\/wp\/v2\/pages\/33113\/revisions"}],"predecessor-version":[{"id":81362,"href":"https:\/\/www.sisinternational.com\/pt\/wp-json\/wp\/v2\/pages\/33113\/revisions\/81362"}],"up":[{"embeddable":true,"href":"https:\/\/www.sisinternational.com\/pt\/wp-json\/wp\/v2\/pages\/19303"}],"wp:featuredmedia":[{"embeddable":true,"href":"https:\/\/www.sisinternational.com\/pt\/wp-json\/wp\/v2\/media\/66527"}],"wp:attachment":[{"href":"https:\/\/www.sisinternational.com\/pt\/wp-json\/wp\/v2\/media?parent=33113"}],"curies":[{"name":"wp","href":"https:\/\/api.w.org\/{rel}","templated":true}]}}