{"id":32733,"date":"2019-08-24T20:13:48","date_gmt":"2019-08-24T20:13:48","guid":{"rendered":"https:\/\/www.sisinternational.com\/?page_id=32733"},"modified":"2025-11-15T20:56:04","modified_gmt":"2025-11-16T01:56:04","slug":"pesquisa-de-mercado-na-carolina-do-sul","status":"publish","type":"page","link":"https:\/\/www.sisinternational.com\/pt\/cobertura\/north-america\/cobertura-dos-eua\/pesquisa-de-mercado-na-carolina-do-sul\/","title":{"rendered":"Pesquisa de mercado na Carolina do Sul"},"content":{"rendered":"<h1 class=\"wp-block-heading\">Pesquisa de mercado na Carolina do Sul<\/h1>\n\n\n\n<figure class=\"gb-block-image gb-block-image-abfefef9\"><img loading=\"lazy\" decoding=\"async\" width=\"1456\" height=\"816\" class=\"gb-image gb-image-abfefef9\" src=\"https:\/\/www.sisinternational.com\/wp-content\/uploads\/2025\/09\/Charleston-South-Carolina-3.jpg\" alt=\"Pesquisa e Estrat\u00e9gia de Mercado Internacional da SIS\" title=\"Charleston South Carolina (3)\" srcset=\"https:\/\/www.sisinternational.com\/wp-content\/uploads\/2025\/09\/Charleston-South-Carolina-3.jpg 1456w, https:\/\/www.sisinternational.com\/wp-content\/uploads\/2025\/09\/Charleston-South-Carolina-3-300x168.jpg 300w, https:\/\/www.sisinternational.com\/wp-content\/uploads\/2025\/09\/Charleston-South-Carolina-3-1024x574.jpg 1024w, https:\/\/www.sisinternational.com\/wp-content\/uploads\/2025\/09\/Charleston-South-Carolina-3-768x430.jpg 768w, https:\/\/www.sisinternational.com\/wp-content\/uploads\/2025\/09\/Charleston-South-Carolina-3-18x10.jpg 18w\" sizes=\"auto, (max-width: 1456px) 100vw, 1456px\"><\/figure>\n\n\n\n<p><\/p>\n\n\n\n<h2 class=\"wp-block-heading\">A Carolina do Sul est\u00e1 localizada no sudeste dos Estados Unidos.<\/h2>\n\n\n\n<p>A Carolina do Norte fica na fronteira norte e o Oceano Atl\u00e2ntico fica no sudeste. O estado compartilha sua fronteira sudoeste com a Ge\u00f3rgia. Sua maior cidade \u00e9 Charlestown e sua capital \u00e9 Columbia. Nomeada em homenagem a Carlos 1, Rei da Inglaterra, a Carolina do Norte cobre 32.030 milhas quadradas de espa\u00e7o e \u00e9 o 23\u00ba estado mais populoso dos EUA.<\/p>\n\n\n\n<p>A Carolina do Sul possui um setor industrial muito diversificado. Ele cont\u00e9m a quantidade certa de ind\u00fastria para um investidor interessado. Aqui est\u00e3o os principais impulsionadores econ\u00f4micos na Carolina do Sul<\/p>\n\n\n\n<h2 class=\"wp-block-heading\">Ind\u00fastria da avia\u00e7\u00e3o<\/h2>\n\n\n\n<p>South Carolina is home to mega aerospace providers such as Boeing. The state has proven to be a mecca to top aerospace suppliers due to its skilled labor force. It also has a high-end infrastructure and advanced manufacturing skills.<\/p>\n\n\n\n<h2 class=\"wp-block-heading\">Ci\u00eancias da Vida e Biotecnologia<\/h2>\n\n\n\n<p>Large pharmaceutical and biotechnological companies have made their home in SC. This state has shown commitment to life sciences and has cultivated several expansions and investments. It has top-notch hospital systems and <a href=\"https:\/\/www.sisinternational.com\/pt\/solucoes\/pesquisa-de-mercado-consumidor\/\" title=\"Consumer Market Research Services for Smarter Business Decisions\"  data-wpil-monitor-id=\"8063\">services and research<\/a>, and development advancements. South Carolina is the number one destination for cutting-edge institutions.<\/p>\n\n\n\n<h2 class=\"wp-block-heading\">Transporte<\/h2>\n\n\n\n<p>Due to South Carolina\u2019s location, access to commercial services is a breeze. The state has five major airports. It also has timely access to airports in both Atlanta and Charlotte. North Carolina is a convenient and accessible hub. Its location is a great help to both local and international trade. Also, being the seventh-largest port in the US makes SC a desirable destination. It\u2019s perfect for import and export businesses.<\/p>\n\n\n\n<h2 class=\"wp-block-heading\">Fabrica\u00e7\u00e3o Automotiva<\/h2>\n\n\n\n<p>A procura por ve\u00edculos mais limpos, mais novos, mais r\u00e1pidos e mais inovadores est\u00e1 a aumentar. A Carolina do Sul continua a incentivar e fortalecer suas f\u00e1bricas automotivas e suprimentos relacionados. Conhecida por sua tecnologia avan\u00e7ada, SC continua atraindo ind\u00fastrias. Essas ind\u00fastrias incluem a fabrica\u00e7\u00e3o n\u00e3o apenas de ve\u00edculos, mas tamb\u00e9m de pe\u00e7as associadas, etc.<\/p>\n\n\n\n<h2 class=\"wp-block-heading\">Reciclando<\/h2>\n\n\n\n<p>We live in an age where climate change is no longer a distant thought but a reality. South Carolina has made strides in the ability to convert wastage. It turns garbage into new and usable materials. It boasts more than 500 companies working to create a cleaner environment. South Carolina leads in our quest to save the Earth.<\/p>\n\n\n\n<p>South Carolina also has a goal of encouraging economic activity. The state wants to continue to keep its unemployment ratio in the low single figures. SC provides statutory incentives such as:<\/p>\n\n\n\n<ul class=\"wp-block-list\">\n<li>Sem impostos sobre estoque<\/li>\n\n\n\n<li>Renda local n\u00e3o tribut\u00e1vel<\/li>\n\n\n\n<li>Sem impostos estaduais sobre a propriedade<\/li>\n\n\n\n<li>Nenhum imposto sobre vendas aplicado a produtos inteiros<\/li>\n\n\n\n<li>N\u00e3o h\u00e1 impostos sobre vendas de energia para fins industriais, materiais industriais e de fabrica\u00e7\u00e3o. Tamb\u00e9m n\u00e3o h\u00e1 imposto sobre vendas sobre seus produtos acabados.<\/li>\n<\/ul>\n\n\n\n<p>Este estado tamb\u00e9m oferece uma estrutura favor\u00e1vel de imposto de renda. Essa estrutura torna desej\u00e1vel fazer neg\u00f3cios em SC.<\/p>\n\n\n\n<h2 class=\"wp-block-heading\">For\u00e7a de trabalho<\/h2>\n\n\n\n<p>South Carolina has a population of about 5 million and a labor force of 2 million. This state has a diversified type of labor, but has invested in its human resources, and provides several avenues for continued learning and advancement. The commitment by both government and industries continues to produce a skilled workforce. This workforce can remain committed and adapt as technology continues to advance.<\/p>\n\n\n\n<h2 class=\"wp-block-heading\">Sobre pesquisa de mercado na Carolina do Sul<\/h2>\n\n\n\n<p>Quantitative, Qualitative, and <a href=\"https:\/\/www.sisinternational.com\/pt\/solucoes\/pesquisa-de-consultoria-em-estrategia-fintech\/consultoria-em-estrategia-de-pesquisa-de-mercado-de-seguros-contra-interrupcao-de-negocios\/\" title=\"Pesquisa de mercado de seguros contra interrup\u00e7\u00e3o de neg\u00f3cios e consultoria estrat\u00e9gica\"  data-wpil-monitor-id=\"8062\">Strategy Research can provide businesses<\/a> with insights into their competitors. It also informs them about their <a href=\"https:\/\/www.sisinternational.com\/pt\/pericia\/industrias\/voz-da-pesquisa-de-mercado-do-cliente-sobre-alimentos-e-bebidas\/\" title=\"Pesquisa de Mercado Voz do Cliente em Alimentos e Bebidas\"  data-wpil-monitor-id=\"8064\">market and customers<\/a>. It can <a href=\"https:\/\/www.sisinternational.com\/pt\/solucoes\/solucoes-de-branding-e-pesquisa-de-clientes\/pesquisa-de-mercado-para-contar-historias\/\" title=\"Pesquisa de mercado para contar hist\u00f3rias\"  data-wpil-monitor-id=\"8065\">tell them the best marketing<\/a> strategies to use. It informs the <a href=\"https:\/\/www.sisinternational.com\/pt\/estrategia-de-marketing-completa-para-uma-empresa-americana-de-financas-pessoais-online\/\" title=\"Estrat\u00e9gia de marketing completa para uma empresa americana de finan\u00e7as pessoais online\"  data-wpil-monitor-id=\"8061\">online marketing strategy<\/a>. It helps firms plan everything from email newsletters to the design of their website. It also helps with social networking and search engine optimization. <a href=\"https:\/\/www.sisinternational.com\/pt\/top-5-benefits-of-conducting-quantitative-market-research\/\" title=\"Top 5 Benefits of Conducting Quantitative Market Research\"  data-wpil-monitor-id=\"8060\">Pesquisa Quantitativa de Mercado<\/a> includes questionnaires and surveys. Qualitative <a href=\"https:\/\/www.sisinternational.com\/pt\/pesquisa-de-mercado-veterana-dos-eua-2\/\" title=\"Pesquisa de mercado de veteranos dos EUA\"  data-wpil-monitor-id=\"8059\">Market Research strategies<\/a> include individual interviews, online and offline focus groups, and observations or \u201cshop-alongs.\u201d<\/p>\n\n\n\n<p>If you have a business and you&#8217;re looking to set up shop in South Carolina, tap into Market Research. Leverage it to <a href=\"https:\/\/www.sisinternational.com\/pt\/solucoes\/consultoria-estrategica\/consultoria-de-execucao-de-desenvolvimento-de-estrategia\/\" title=\"Consultoria de Desenvolvimento e Execu\u00e7\u00e3o de Estrat\u00e9gia\"  data-wpil-monitor-id=\"8066\">develop effective strategies<\/a> that help your business grow and prosper.<\/p>\n\n\n\n<p><\/p>","protected":false},"excerpt":{"rendered":"<p>Descubra novas oportunidades de neg\u00f3cios com Pesquisa de Mercado na Carolina do Sul.<\/p>","protected":false},"author":1,"featured_media":66676,"parent":19303,"menu_order":37,"comment_status":"closed","ping_status":"closed","template":"","meta":{"footnotes":""},"class_list":["post-32733","page","type-page","status-publish","has-post-thumbnail"],"_links":{"self":[{"href":"https:\/\/www.sisinternational.com\/pt\/wp-json\/wp\/v2\/pages\/32733","targetHints":{"allow":["GET"]}}],"collection":[{"href":"https:\/\/www.sisinternational.com\/pt\/wp-json\/wp\/v2\/pages"}],"about":[{"href":"https:\/\/www.sisinternational.com\/pt\/wp-json\/wp\/v2\/types\/page"}],"author":[{"embeddable":true,"href":"https:\/\/www.sisinternational.com\/pt\/wp-json\/wp\/v2\/users\/1"}],"replies":[{"embeddable":true,"href":"https:\/\/www.sisinternational.com\/pt\/wp-json\/wp\/v2\/comments?post=32733"}],"version-history":[{"count":4,"href":"https:\/\/www.sisinternational.com\/pt\/wp-json\/wp\/v2\/pages\/32733\/revisions"}],"predecessor-version":[{"id":81358,"href":"https:\/\/www.sisinternational.com\/pt\/wp-json\/wp\/v2\/pages\/32733\/revisions\/81358"}],"up":[{"embeddable":true,"href":"https:\/\/www.sisinternational.com\/pt\/wp-json\/wp\/v2\/pages\/19303"}],"wp:featuredmedia":[{"embeddable":true,"href":"https:\/\/www.sisinternational.com\/pt\/wp-json\/wp\/v2\/media\/66676"}],"wp:attachment":[{"href":"https:\/\/www.sisinternational.com\/pt\/wp-json\/wp\/v2\/media?parent=32733"}],"curies":[{"name":"wp","href":"https:\/\/api.w.org\/{rel}","templated":true}]}}