{"id":32723,"date":"2019-08-24T19:33:59","date_gmt":"2019-08-24T19:33:59","guid":{"rendered":"https:\/\/www.sisinternational.com\/?page_id=32723"},"modified":"2026-01-26T15:13:29","modified_gmt":"2026-01-26T20:13:29","slug":"pesquisa-de-mercado-em-iowa","status":"publish","type":"page","link":"https:\/\/www.sisinternational.com\/pt\/cobertura\/north-america\/cobertura-dos-eua\/pesquisa-de-mercado-em-iowa\/","title":{"rendered":"Pesquisa de mercado em Iowa"},"content":{"rendered":"<h1 class=\"wp-block-heading\">Pesquisa de mercado em Iowa<\/h1>\n\n\n\n<figure class=\"gb-block-image gb-block-image-90d95785\"><img loading=\"lazy\" decoding=\"async\" width=\"1456\" height=\"816\" class=\"gb-image gb-image-90d95785\" src=\"https:\/\/www.sisinternational.com\/wp-content\/uploads\/2025\/09\/Iowa-3.jpg\" alt=\"Pesquisa e Estrat\u00e9gia de Mercado Internacional da SIS\" title=\"Iowa (3)\" srcset=\"https:\/\/www.sisinternational.com\/wp-content\/uploads\/2025\/09\/Iowa-3.jpg 1456w, https:\/\/www.sisinternational.com\/wp-content\/uploads\/2025\/09\/Iowa-3-300x168.jpg 300w, https:\/\/www.sisinternational.com\/wp-content\/uploads\/2025\/09\/Iowa-3-1024x574.jpg 1024w, https:\/\/www.sisinternational.com\/wp-content\/uploads\/2025\/09\/Iowa-3-768x430.jpg 768w, https:\/\/www.sisinternational.com\/wp-content\/uploads\/2025\/09\/Iowa-3-18x10.jpg 18w\" sizes=\"auto, (max-width: 1456px) 100vw, 1456px\"><\/figure>\n\n\n\n<p><\/p>\n\n\n\n<h2 class=\"wp-block-heading\"><span style=\"font-weight: 400;\">Conhecido como o \u201cEstado Hawkeye\u201d, Iowa fica no meio-oeste dos EUA.<\/span><\/h2>\n\n\n\n<p><span style=\"font-weight: 400;\">Iowa boasts of being one of the safest places to live.\u00a0It is the 30th-largest state with a population of 3,123,899 (30th Largest State, 2015) and a land area of 55,869 sq. mi. (144,701 sq. km). The state capital is Des Moines. Large cities include Cedar Rapids, Davenport, and Sioux City. The Mississippi River forms its east border, and the Missouri and Big Sioux Rivers its west. Minnesota is to the north, Illinois to the East, Missouri to the South, and Nebraska to the West.<\/span><\/p>\n\n\n\n<h2 class=\"wp-block-heading\"><span style=\"font-weight: 400;\">Agricultura<\/span><\/h2>\n\n\n\n<p><span style=\"font-weight: 400;\">A principal fonte de renda de Iowa \u00e9 a agricultura e a produ\u00e7\u00e3o de alimentos. Este estado produz mais de 7% do abastecimento alimentar dos EUA. Seus agricultores fornecem carne su\u00edna, soja, ovos e milho. Eles tamb\u00e9m s\u00e3o conhecidos por suas ind\u00fastrias de perus e latic\u00ednios. Iowa tamb\u00e9m tem um pr\u00f3spero setor de produtos de base biol\u00f3gica. Os especialistas atribuem o aumento da produ\u00e7\u00e3o animal \u00e0 alimenta\u00e7\u00e3o de alta qualidade.<\/span><\/p>\n\n\n\n<h2 class=\"wp-block-heading\"><span style=\"font-weight: 400;\">Energia renov\u00e1vel<\/span><\/h2>\n\n\n\n<p><span style=\"font-weight: 400;\">As altera\u00e7\u00f5es clim\u00e1ticas s\u00e3o um tema de consider\u00e1vel preocupa\u00e7\u00e3o n\u00e3o s\u00f3 nos EUA mas no mundo. Iowa \u00e9 l\u00edder em energia renov\u00e1vel, concentrando seus esfor\u00e7os na produ\u00e7\u00e3o de gera\u00e7\u00e3o e\u00f3lica. \u00c9 tamb\u00e9m l\u00edder na produ\u00e7\u00e3o de biodiesel e etanol. O Conselho Americano de Energia Renov\u00e1vel classificou Iowa como l\u00edder neste setor.<\/span><\/p>\n\n\n\n<h2 class=\"wp-block-heading\"><span style=\"font-weight: 400;\">Ind\u00fastria de Telecomunica\u00e7\u00f5es<\/span><\/h2>\n\n\n\n<p><span style=\"font-weight: 400;\">Este estado abriga um setor de telecomunica\u00e7\u00f5es em constante crescimento. Possui uma rede de fibra \u00f3ptica em todo o estado, que fornece conectividade at\u00e9 mesmo \u00e0s \u00e1reas rurais mais remotas. Os data centers da Microsoft e do Google estabeleceram-se neste estado.<\/span><\/p>\n\n\n\n<h2 class=\"wp-block-heading\"><span style=\"font-weight: 400;\">Localiza\u00e7\u00e3o estrat\u00e9gica<\/span><\/h2>\n\n\n\n<p><span style=\"font-weight: 400;\">Devido \u00e0 sua localiza\u00e7\u00e3o, Iowa oferece uma vantagem \u00fanica para as empresas. \u00c9 excelente para empresas que lidam com fornecedores nacionais e internacionais. As institui\u00e7\u00f5es de transporte, distribui\u00e7\u00e3o e armazenamento respondem por uma grande parte do PIB do estado.<\/span><\/p>\n\n\n\n<h2 class=\"wp-block-heading\"><span style=\"font-weight: 400;\">Facilidade de fazer neg\u00f3cios<\/span><\/h2>\n\n\n\n<p><span style=\"font-weight: 400;\">Em 2018, o US News reconheceu Iowa como o \u201cMelhor Estado para se Viver\u201d. Ganhou essa classifica\u00e7\u00e3o devido aos seus cuidados de sa\u00fade, infraestrutura, educa\u00e7\u00e3o e oportunidades. Iowa oferece vantagens comerciais da seguinte forma:<\/span><\/p>\n\n\n\n<h2 class=\"wp-block-heading\"><span style=\"font-weight: 400;\">Incentivos Fiscais<\/span><\/h2>\n\n\n\n<figure class=\"gb-block-image gb-block-image-0efeabb5\"><img loading=\"lazy\" decoding=\"async\" width=\"1456\" height=\"816\" class=\"gb-image gb-image-0efeabb5\" src=\"https:\/\/www.sisinternational.com\/wp-content\/uploads\/2025\/09\/Iowa-1.jpg\" alt=\"Pesquisa e Estrat\u00e9gia de Mercado Internacional da SIS\" title=\"Iowa (1)\" srcset=\"https:\/\/www.sisinternational.com\/wp-content\/uploads\/2025\/09\/Iowa-1.jpg 1456w, https:\/\/www.sisinternational.com\/wp-content\/uploads\/2025\/09\/Iowa-1-300x168.jpg 300w, https:\/\/www.sisinternational.com\/wp-content\/uploads\/2025\/09\/Iowa-1-1024x574.jpg 1024w, https:\/\/www.sisinternational.com\/wp-content\/uploads\/2025\/09\/Iowa-1-768x430.jpg 768w, https:\/\/www.sisinternational.com\/wp-content\/uploads\/2025\/09\/Iowa-1-18x10.jpg 18w\" sizes=\"auto, (max-width: 1456px) 100vw, 1456px\"><\/figure>\n\n\n\n<p><\/p>\n\n\n\n<p><span style=\"font-weight: 400;\">Compar\u00e1vel a outros estados dos EUA, a IOWA oferece benef\u00edcios como:<\/span><span style=\"font-weight: 400;\">&nbsp;<\/span><\/p>\n\n\n\n<ul class=\"wp-block-list\">\n<li><span style=\"font-weight: 400;\">Uma dedu\u00e7\u00e3o de cinquenta por cento do imposto de renda corporativo.<\/span><\/li>\n\n\n\n<li><span style=\"font-weight: 400;\">Imposto n\u00e3o unit\u00e1rio e de fator \u00fanico. Iowa cobra impostos apenas sobre a parcela da receita total de vendas no estado.<\/span><\/li>\n<\/ul>\n\n\n\n<p>Iowa oferece incentivos fiscais na seguinte lista \u2013 embora n\u00e3o exaustiva \u2013 abaixo:<\/p>\n\n\n\n<ul class=\"wp-block-list\">\n<li><span style=\"font-weight: 400;\">imposto sobre propriedade pessoal. Os propriet\u00e1rios de empresas n\u00e3o precisam pagar impostos sobre mat\u00e9rias-primas, seus estoques de produtos em processo ou produtos comerciais.&nbsp;<\/span><\/li>\n\n\n\n<li><span style=\"font-weight: 400;\">on equipment, industrial machinery, or computers, or purchases of same. The beneficiaries of this break are insurance companies and financial institutions. It also applies to some commercial enterprises. These entities must use the equipment for manufacturing or processing data.<\/span><\/li>\n\n\n\n<li><span style=\"font-weight: 400;\">nos materiais utilizados no processo de fabrica\u00e7\u00e3o. H\u00e1 tamb\u00e9m redu\u00e7\u00e3o de impostos na compra de eletricidade ou g\u00e1s natural, propano ou \u00e1gua. A empresa deve estar utilizando essas mat\u00e9rias-primas para a fabrica\u00e7\u00e3o.&nbsp;<\/span><\/li>\n<\/ul>\n\n\n\n<h2 class=\"wp-block-heading\"><span style=\"font-weight: 400;\">Estado de direito ao trabalho<\/span><\/h2>\n\n\n\n<p><span style=\"font-weight: 400;\">A lei de Iowa estipula que ningu\u00e9m pode for\u00e7ar um funcion\u00e1rio a se registrar em um sindicato. Os funcion\u00e1rios n\u00e3o precisam pagar taxas ou taxas a nenhum sindicato, organiza\u00e7\u00e3o ou associa\u00e7\u00e3o.<\/span><\/p>\n\n\n\n<p>Iowa provides Regulatory Assistance through a special program. Businesses and regulators can communicate with ease. This communication facilitates the fulfillment of the necessary processes in an expedited manner. It makes it easy to <a href=\"https:\/\/www.sisinternational.com\/pt\/abrir-um-negocio-na-turquia\/\" title=\"Abrir um neg\u00f3cio na Turquia\"  data-wpil-monitor-id=\"9310\">set up a business<\/a> in the Hawkeye State.<\/p>\n\n\n\n<p><span style=\"font-weight: 400;\">The people of Iowa are productive, skilled, well-educated, and known for their work ethic. Education is a valued commodity in Iowa, a state that continues to invest in its people.<\/span><\/p>\n\n\n\n<h2 class=\"wp-block-heading\">Significado pol\u00edtico<\/h2>\n\n\n\n<p>Iowa is the location of the &#8220;Iowa Caucus&#8221; during the autumn and early winter of every fourth year as a result of the American elections.&nbsp; Political candidates come to Iowa to campaign.&nbsp; While other states have primaries, Iowa is one of the first to hold its caucus before other states hold theirs.&nbsp; As a result, the state receives a disproportionate amount of national and global attention.&nbsp; Iowa is important because it shows the opinions of an important cross-section of American voters located in the middle of the country.&nbsp; Politicians use the findings and results as a barometer to assess broader national opinion on political issues and candidates.&nbsp; Naturally, the fundraising efforts and tourism by candidates from all over the country boost the local economy.<\/p>\n\n\n\n<h2 class=\"wp-block-heading\">Sobre pesquisa de mercado em Iowa<\/h2>\n\n\n\n<p>We conduct Qualitative, Quantitative and Strategy Market Research in Iowa.&nbsp; Key <a href=\"https:\/\/www.sisinternational.com\/pt\/sampling-techniques-in-qualitative-research-the-complete-guide-to-choosing-the-right-method\/\" title=\"Sampling Techniques in Qualitative Research: The Complete Guide to Choosing the Right Method\"  data-wpil-monitor-id=\"9306\">Qualitative Research methods<\/a> include Focus Groups, Online Communities, Customer In-Depth Interviews, and Telephone Interviews.&nbsp; Our <a href=\"https:\/\/www.sisinternational.com\/pt\/quantitative-market-research-methods-and-techniques\/\" title=\"Quantitative Market Research Methods and Techniques\"  data-wpil-monitor-id=\"9307\">Quantitative Research methods<\/a> include CATI Telephone Surveys, Online Surveys and Mobile Quantitative surveys.&nbsp; Our Strategy <a href=\"https:\/\/www.sisinternational.com\/pt\/cobertura\/pesquisa-de-mercado-asia\/pesquisa-de-mercado-micronesia\/\" title=\"Pesquisa de mercado na Micron\u00e9sia\" data-wpil-monitor-id=\"3972\">Research Group provides Market<\/a> Opportunity &amp; Entry research, Channel Intelligence, Innovation Research and Competitive Analysis.<\/p>\n\n\n\n<h2 class=\"wp-block-heading\">&nbsp;<\/h2>","protected":false},"excerpt":{"rendered":"<p>Descubra novas oportunidades de neg\u00f3cios com a Pesquisa de Mercado em Iowa.<\/p>","protected":false},"author":1,"featured_media":66569,"parent":19303,"menu_order":34,"comment_status":"closed","ping_status":"closed","template":"","meta":{"footnotes":""},"class_list":["post-32723","page","type-page","status-publish","has-post-thumbnail"],"_links":{"self":[{"href":"https:\/\/www.sisinternational.com\/pt\/wp-json\/wp\/v2\/pages\/32723","targetHints":{"allow":["GET"]}}],"collection":[{"href":"https:\/\/www.sisinternational.com\/pt\/wp-json\/wp\/v2\/pages"}],"about":[{"href":"https:\/\/www.sisinternational.com\/pt\/wp-json\/wp\/v2\/types\/page"}],"author":[{"embeddable":true,"href":"https:\/\/www.sisinternational.com\/pt\/wp-json\/wp\/v2\/users\/1"}],"replies":[{"embeddable":true,"href":"https:\/\/www.sisinternational.com\/pt\/wp-json\/wp\/v2\/comments?post=32723"}],"version-history":[{"count":6,"href":"https:\/\/www.sisinternational.com\/pt\/wp-json\/wp\/v2\/pages\/32723\/revisions"}],"predecessor-version":[{"id":81558,"href":"https:\/\/www.sisinternational.com\/pt\/wp-json\/wp\/v2\/pages\/32723\/revisions\/81558"}],"up":[{"embeddable":true,"href":"https:\/\/www.sisinternational.com\/pt\/wp-json\/wp\/v2\/pages\/19303"}],"wp:featuredmedia":[{"embeddable":true,"href":"https:\/\/www.sisinternational.com\/pt\/wp-json\/wp\/v2\/media\/66569"}],"wp:attachment":[{"href":"https:\/\/www.sisinternational.com\/pt\/wp-json\/wp\/v2\/media?parent=32723"}],"curies":[{"name":"wp","href":"https:\/\/api.w.org\/{rel}","templated":true}]}}