{"id":32477,"date":"2019-08-10T18:51:58","date_gmt":"2019-08-10T18:51:58","guid":{"rendered":"https:\/\/www.sisinternational.com\/?page_id=32477"},"modified":"2025-09-13T19:37:47","modified_gmt":"2025-09-13T23:37:47","slug":"pesquisa-de-mercado-em-utah","status":"publish","type":"page","link":"https:\/\/www.sisinternational.com\/pt\/cobertura\/north-america\/cobertura-dos-eua\/pesquisa-de-mercado-em-utah\/","title":{"rendered":"Pesquisa de mercado em Utah"},"content":{"rendered":"<h1 class=\"wp-block-heading\">Pesquisa de mercado em Utah<\/h1>\n\n\n\n<figure class=\"gb-block-image gb-block-image-adbb8ca9\"><img loading=\"lazy\" decoding=\"async\" width=\"1456\" height=\"816\" class=\"gb-image gb-image-adbb8ca9\" src=\"https:\/\/www.sisinternational.com\/wp-content\/uploads\/2025\/09\/Utah-3.jpg\" alt=\"Pesquisa e Estrat\u00e9gia de Mercado Internacional da SIS\" title=\"Utah (3)\" srcset=\"https:\/\/www.sisinternational.com\/wp-content\/uploads\/2025\/09\/Utah-3.jpg 1456w, https:\/\/www.sisinternational.com\/wp-content\/uploads\/2025\/09\/Utah-3-300x168.jpg 300w, https:\/\/www.sisinternational.com\/wp-content\/uploads\/2025\/09\/Utah-3-1024x574.jpg 1024w, https:\/\/www.sisinternational.com\/wp-content\/uploads\/2025\/09\/Utah-3-768x430.jpg 768w, https:\/\/www.sisinternational.com\/wp-content\/uploads\/2025\/09\/Utah-3-18x10.jpg 18w\" sizes=\"auto, (max-width: 1456px) 100vw, 1456px\"><\/figure>\n\n\n\n<p><\/p>\n\n\n\n<h2 class=\"wp-block-heading\"><span style=\"font-weight: 400;\">Utah is an ideal state for new organizations and is home to many successful companies. <\/span><\/h2>\n\n\n\n<p><span style=\"font-weight: 400;\">Its nickname is the Beehive State due to the industrious nature of the population. The economy of Utah has expanded in 2006 at a yearly rate of 2.3 percent, against the national rate of 0.5 percent.<\/span><\/p>\n\n\n\n<p><span style=\"font-weight: 400;\">Salt Lake \u00e9 a maior cidade com uma popula\u00e7\u00e3o de 200.000 habitantes, seguida por West Valley City, que abriga 136.000 pessoas. Provo, West Jordan e Orem s\u00e3o os pr\u00f3ximos, seguidos por Sandy, Ogden e St. Layton e South Jordan tamb\u00e9m s\u00e3o cidades importantes.<\/span><\/p>\n\n\n\n<h2 class=\"wp-block-heading\">Oportunidades de neg\u00f3cio<\/h2>\n\n\n\n<p><span style=\"font-weight: 400;\">Os comp\u00f3sitos avan\u00e7ados constituem a principal ind\u00fastria, e o estado produz rodas de bicicleta de fibra de carbono, componentes aeroespaciais e muito mais. Emprega mais de 10.000 pessoas. Outros setores significativos s\u00e3o aeroespacial, data centers, m\u00eddia digital e distribui\u00e7\u00e3o.<\/span><\/p>\n\n\n\n<p><span style=\"font-weight: 400;\">Empreendedores e empresas consideram este estado um ambiente f\u00e9rtil para o crescimento: resultado de d\u00e9cadas de trabalho \u00e1rduo de seus moradores. Utah tem muitas empresas inovadoras em crescimento e uma for\u00e7a de trabalho qualificada. Tamb\u00e9m mostrou um aumento no n\u00famero de empresas, grandes e pequenas, e muitas organiza\u00e7\u00f5es ic\u00f4nicas estabeleceram bases neste estado. V\u00e1rios factores atraem estas empresas, por exemplo, a popula\u00e7\u00e3o instru\u00edda e os incentivos fiscais. Outras atra\u00e7\u00f5es s\u00e3o o confi\u00e1vel sistema de transporte p\u00fablico e os im\u00f3veis acess\u00edveis.<\/span><\/p>\n\n\n\n<h2 class=\"wp-block-heading\">Vantagens de abrir uma empresa em Utah<\/h2>\n\n\n\n<h3 class=\"wp-block-heading\">Incentivos fiscais<\/h3>\n\n\n\n<p><span style=\"font-weight: 400;\">O Gabinete de Desenvolvimento Econ\u00f3mico do Governador administra um programa de cr\u00e9dito fiscal conhecido como Financiamento de Incremento da Zona de Desenvolvimento Econ\u00f3mico. Destina-se tanto a organiza\u00e7\u00f5es novas como a organiza\u00e7\u00f5es em crescimento e concede cr\u00e9ditos fiscais p\u00f3s-desempenho de at\u00e9 30% das receitas do estado. Este cr\u00e9dito \u00e9 aplic\u00e1vel durante toda a exist\u00eancia de qualquer novo projeto comercial. Tem validade de 20 anos. Al\u00e9m disso, uma empresa registrada como S corporation em Utah n\u00e3o precisa pagar imposto de renda. Em vez disso, a receita ou perda do neg\u00f3cio \u00e9 repassada aos acionistas. As corpora\u00e7\u00f5es S em Utah desfrutam de uma vida independente. A incapacidade de um acionista n\u00e3o afeta as opera\u00e7\u00f5es comerciais.<\/span><\/p>\n\n\n\n<h3 class=\"wp-block-heading\">For\u00e7a de trabalho jovem<\/h3>\n\n\n\n<p><span style=\"font-weight: 400;\">Utah tem uma idade m\u00e9dia de 29 anos. Um ter\u00e7o da popula\u00e7\u00e3o \u00e9 bil\u00edngue, resultado da grande popula\u00e7\u00e3o, a maioria da qual passa o tempo viajando para o exterior. As empresas apreciam a habilidade lingu\u00edstica. Atraiu organiza\u00e7\u00f5es internacionais como Goldman Sachs e eBay.<\/span><\/p>\n\n\n\n<h3 class=\"wp-block-heading\">Incentivos Empresariais<\/h3>\n\n\n\n<p><span style=\"font-weight: 400;\">Existem v\u00e1rios incentivos empresariais. Estes incluem programas de financiamento e incentivos \u00e0 inova\u00e7\u00e3o dispon\u00edveis para as empresas. Alguns dos principais programas incluem:<\/span><\/p>\n\n\n\n<ul class=\"wp-block-list\">\n<li><b>Recycle <\/b><a href=\"https:\/\/www.sisinternational.com\/pt\/publicacoes\/pesquisa-de-mercado-de-negocios-escalaveis-7-maneiras-de-construir-um-negocio-escalavel\/\" title=\"Pesquisa de mercado de neg\u00f3cios escal\u00e1veis: 7 maneiras de construir um neg\u00f3cio escal\u00e1vel\"  data-wpil-monitor-id=\"8047\">market development zone: This is for businesses<\/a> that deal with recycling. It gives them an opportunity for expansion. The program helps enterprises deal with the collection of recycled materials. It also helps with the processing and distribution of these materials.<\/span><\/li>\n\n\n\n<li><b>Programa de zona empresarial (EZ):<\/b><span style=\"font-weight: 400;\"> O estado criou este programa para incentivar o desenvolvimento. O seu objectivo \u00e9 estimular o crescimento econ\u00f3mico em locais espec\u00edficos em dificuldades. Ap\u00f3s o registro, novas empresas tornam-se eleg\u00edveis para este programa. Eles recebem cr\u00e9ditos fiscais que podem manter por cerca de tr\u00eas anos.<\/span><\/li>\n<\/ul>\n\n\n\n<h2 class=\"wp-block-heading\">Turismo<\/h2>\n\n\n\n<p><span style=\"font-weight: 400;\">Este estado compreende cidades hist\u00f3ricas e vibrantes. As paisagens naturais de Utah cont\u00eam monumentos nacionais, parques estaduais e florestas. Essas atra\u00e7\u00f5es atraem visitantes de todo o mundo.<\/span><\/p>\n\n\n\n<p><span style=\"font-weight: 400;\">Os condados de Garfield, Grand e Rich apresentam o maior crescimento anual no emprego. Daggett, Kane e Wayne tamb\u00e9m demonstraram altas taxas de crescimento. O condado de Rich tem uma diferen\u00e7a m\u00e9dia no pico anual de trabalho de 77 por cento de 2001 a 2018. O condado de Kane \u00e9 uma \u00e1rea menos sazonal, mas os n\u00edveis de emprego flutuam em uma m\u00e9dia de 35 por cento. Os condados de Utah t\u00eam mais coisas em comum do que a sazonalidade. As condi\u00e7\u00f5es clim\u00e1ticas amenas do estado o tornam ideal para o turismo, e as economias de v\u00e1rios munic\u00edpios dependem desse setor.<\/span><\/p>\n\n\n\n<h2 class=\"wp-block-heading\">Oportunidades tecnol\u00f3gicas<\/h2>\n\n\n\n<p><span style=\"font-weight: 400;\">An essential <a href=\"https:\/\/www.sisinternational.com\/pt\/principais-fatores-de-sucesso-na-pesquisa-de-mercado-automotivo\/\" title=\"Principais fatores de sucesso na pesquisa de mercado automotivo\"  data-wpil-monitor-id=\"8048\">factor in the success<\/a> of Utah is its enormous technology sector. This sector resides in a location called Silicon Slopes. It aims to make Utah tech companies share information and resources. In this way, it will attract other businesses to the state.<\/span><\/p>\n\n\n\n<h2 class=\"wp-block-heading\">&nbsp;<\/h2>","protected":false},"excerpt":{"rendered":"<p>Descubra novas oportunidades de neg\u00f3cios com a Pesquisa de Mercado em Utah.<\/p>","protected":false},"author":1,"featured_media":66732,"parent":19303,"menu_order":28,"comment_status":"closed","ping_status":"closed","template":"","meta":{"footnotes":""},"class_list":["post-32477","page","type-page","status-publish","has-post-thumbnail"],"_links":{"self":[{"href":"https:\/\/www.sisinternational.com\/pt\/wp-json\/wp\/v2\/pages\/32477","targetHints":{"allow":["GET"]}}],"collection":[{"href":"https:\/\/www.sisinternational.com\/pt\/wp-json\/wp\/v2\/pages"}],"about":[{"href":"https:\/\/www.sisinternational.com\/pt\/wp-json\/wp\/v2\/types\/page"}],"author":[{"embeddable":true,"href":"https:\/\/www.sisinternational.com\/pt\/wp-json\/wp\/v2\/users\/1"}],"replies":[{"embeddable":true,"href":"https:\/\/www.sisinternational.com\/pt\/wp-json\/wp\/v2\/comments?post=32477"}],"version-history":[{"count":3,"href":"https:\/\/www.sisinternational.com\/pt\/wp-json\/wp\/v2\/pages\/32477\/revisions"}],"predecessor-version":[{"id":81355,"href":"https:\/\/www.sisinternational.com\/pt\/wp-json\/wp\/v2\/pages\/32477\/revisions\/81355"}],"up":[{"embeddable":true,"href":"https:\/\/www.sisinternational.com\/pt\/wp-json\/wp\/v2\/pages\/19303"}],"wp:featuredmedia":[{"embeddable":true,"href":"https:\/\/www.sisinternational.com\/pt\/wp-json\/wp\/v2\/media\/66732"}],"wp:attachment":[{"href":"https:\/\/www.sisinternational.com\/pt\/wp-json\/wp\/v2\/media?parent=32477"}],"curies":[{"name":"wp","href":"https:\/\/api.w.org\/{rel}","templated":true}]}}