{"id":32284,"date":"2019-07-07T00:06:05","date_gmt":"2019-07-07T00:06:05","guid":{"rendered":"https:\/\/www.sisinternational.com\/?page_id=32284"},"modified":"2025-09-13T19:32:06","modified_gmt":"2025-09-13T23:32:06","slug":"pesquisa-de-mercado-em-indiana","status":"publish","type":"page","link":"https:\/\/www.sisinternational.com\/pt\/cobertura\/north-america\/cobertura-dos-eua\/pesquisa-de-mercado-em-indiana\/","title":{"rendered":"Pesquisa de mercado em Indiana"},"content":{"rendered":"<h1 class=\"wp-block-heading\"><span style=\"font-weight: 400;\">Pesquisa de mercado em Indiana<\/span><\/h1>\n\n\n\n<figure class=\"gb-block-image gb-block-image-5a61c787\"><img loading=\"lazy\" decoding=\"async\" width=\"1456\" height=\"816\" class=\"gb-image gb-image-5a61c787\" src=\"https:\/\/www.sisinternational.com\/wp-content\/uploads\/2025\/09\/Indiana-5.jpg\" alt=\"Pesquisa e Estrat\u00e9gia de Mercado Internacional da SIS\" title=\"Indiana (5)\" srcset=\"https:\/\/www.sisinternational.com\/wp-content\/uploads\/2025\/09\/Indiana-5.jpg 1456w, https:\/\/www.sisinternational.com\/wp-content\/uploads\/2025\/09\/Indiana-5-300x168.jpg 300w, https:\/\/www.sisinternational.com\/wp-content\/uploads\/2025\/09\/Indiana-5-1024x574.jpg 1024w, https:\/\/www.sisinternational.com\/wp-content\/uploads\/2025\/09\/Indiana-5-768x430.jpg 768w, https:\/\/www.sisinternational.com\/wp-content\/uploads\/2025\/09\/Indiana-5-18x10.jpg 18w\" sizes=\"auto, (max-width: 1456px) 100vw, 1456px\"><\/figure>\n\n\n\n<p><\/p>\n\n\n\n<h2 class=\"wp-block-heading\"><span style=\"font-weight: 400;\">O estado de Indiana fica nas regi\u00f5es do Centro-Oeste e dos Grandes Lagos dos Estados Unidos. <\/span><\/h2>\n\n\n\n<p><span style=\"font-weight: 400;\">Fica entre Kentucky e Michigan, com Ohio e Illinois compartilhando sua fronteira. Indiana, sendo o 17\u00ba estado mais populoso dos EUA, cont\u00e9m quase 6,7 milh\u00f5es de pessoas. Tem uma \u00e1rea de 36.418 milhas quadradas.<\/span><\/p>\n\n\n\n<p><span style=\"font-weight: 400;\">Uma propor\u00e7\u00e3o significativa da renda de Indiana vem da ind\u00fastria. Datado de 1975, Indiana h\u00e1 muito tempo ganhou a honra de ser o maior estado produtor de a\u00e7o dos EUA. Situada no noroeste de Indiana, a regi\u00e3o de Calumet fornece 17% do total das reservas de a\u00e7o dos EUA. Calumet \u00e9 a maior regi\u00e3o produtora de a\u00e7o dos EUA.<\/span><\/p>\n\n\n\n<p><span style=\"font-weight: 400;\">A fabrica\u00e7\u00e3o de autom\u00f3veis tamb\u00e9m possui uma ampla infraestrutura em Indiana. \u00c9 o segundo maior estado fabricante de autom\u00f3veis. Indiana tamb\u00e9m fabrica dispositivos m\u00e9dicos, equipamentos de transporte e borracha. Maquin\u00e1rios fabris, autom\u00f3veis e produtos qu\u00edmicos s\u00e3o alguns dos outros produtos de Indiana.<\/span><\/p>\n\n\n\n<h2 class=\"wp-block-heading\"><span style=\"font-weight: 400;\">Transporte<\/span><\/h2>\n\n\n\n<p><span style=\"font-weight: 400;\">O lema do estado de Indiana \u00e9 \u201cA Encruzilhada da Am\u00e9rica\u201d. O estado tem uma ind\u00fastria de transporte em progresso. Ele tem a vantagem de que 75% das regi\u00f5es dos EUA est\u00e3o a um dia de viagem. Assim, locomotivas, transporte rodovi\u00e1rio e armazenamento s\u00e3o um setor proeminente e vital de Indiana. O estado possui portos no rio Ohio e no lago Michigan para auxiliar esta ind\u00fastria.<\/span><\/p>\n\n\n\n<p><span style=\"font-weight: 400;\">Indiana is also a global logistics leader, offering businesses a robust competitive advantage with its access to North <a href=\"https:\/\/www.sisinternational.com\/pt\/cobertura\/as-americas\/cobertura-dos-eua\/pesquisa-de-mercado-afro-americano\/\" title=\"Pesquisa de mercado afro-americano\"  data-wpil-monitor-id=\"8049\">American and world markets<\/a>. Its logistics and transportation industry provides more than a hundred thousand jobs. This industry accounts for over 4 percent of jobs in the state. The concentration level is 44 percent more than the nationwide average.<\/span><\/p>\n\n\n\n<h2 class=\"wp-block-heading\"><span style=\"font-weight: 400;\">Tecnologia da Informa\u00e7\u00e3o<\/span><\/h2>\n\n\n\n<p><span style=\"font-weight: 400;\">Indianapolis is the leading sponsor of <a href=\"https:\/\/www.sisinternational.com\/pt\/pesquisa-de-mercado-on-line\/\" title=\"O que \u00e9 pesquisa de mercado online?\"  data-wpil-monitor-id=\"8050\">marketing related to IT and online<\/a> advertisement. There is constant growth in the industry. Indiana has first-rate universities. They provide graduates at a fast rate while boosting technology-related business.<\/span><\/p>\n\n\n\n<h2 class=\"wp-block-heading\"><span style=\"font-weight: 400;\">Turismo<\/span><\/h2>\n\n\n\n<p><span style=\"font-weight: 400;\">The state of Indiana joins educational values with fun experiences and offers many tourist attractions, including the Snite Museum of Art and the Studebaker National Museum. There&#8217;s also the infamous WonderLab Science Museum. For people who love the outdoors, there are hiking trails with enchanting scenery. There&#8217;s also Prophetstown State Park and campsites like Indiana Dunes National Lakeshore, all of which influence the increase of <a href=\"https:\/\/www.sisinternational.com\/pt\/solucoes\/consultoria-em-hotelaria-e-turismo-em-viagens\/consultoria-de-marketing-para-restaurantes-de-hoteis\/\" title=\"Consultoria de Marketing em Restaurantes Hoteleiros\"  data-wpil-monitor-id=\"8054\">hotels and restaurants<\/a> in such places. Their popularity could attract a large number of people while boosting the business.<\/span><span style=\"font-weight: 400;\">&nbsp;<\/span><\/p>\n\n\n\n<h2 class=\"wp-block-heading\"><span style=\"font-weight: 400;\">Neg\u00f3cios em Indian\u00e1polis<\/span><\/h2>\n\n\n\n<p><span style=\"font-weight: 400;\">Indianapolis is the core transportation, industrial, and commercial center of the state. It also serves in that role for the Midwest. An enlarged economic base assists Indianapolis. The city&#8217;s prominent industry was manufacturing up until the 1980s. Retailing and <a href=\"https:\/\/www.sisinternational.com\/pt\/solucoes\/pesquisa-de-consultoria-em-estrategia-fintech\/pesquisa-de-mercado-da-industria-de-servicos-financeiros\/\" title=\"Pesquisa de mercado da ind\u00fastria de servi\u00e7os financeiros\"  data-wpil-monitor-id=\"8052\">services have now replaced this industry<\/a>. Indianapolis is home to the country&#8217;s top sporting events. Each significant sporting event enhances the economy by tens of millions of dollars. It expands the business opportunities while amplifying the tax payments to the city. The major economic factors are the hotel industry, including conventions and tourism.<\/span><\/p>\n\n\n\n<h2 class=\"wp-block-heading\"><span style=\"font-weight: 400;\">For\u00e7a de trabalho<\/span><\/h2>\n\n\n\n<p><span style=\"font-weight: 400;\">In Indianapolis alone, the labor force is about one million skilled local workers. Labor estimates show that the worker productivity rate in Indianapolis is very high. In fact, it is higher than the national average. Thus, Indianapolis aids in providing a further boost to the state&#8217;s evergreen economy. This achievement is partly due to the diversity within the vast economy of Indiana. Companies find value in the skilled labor force, transportation, and quality of life. The state also offers business incentives. Thus, it provides many opportunities for investors in business and start-ups.<\/span><\/p>\n\n\n\n<p><span style=\"font-weight: 400;\">Indiana has a favorable business climate.\u00a0 The state&#8217;s business infrastructure continues is robust, and the state continues to improve economic policy, development and incentives. Thus, there are tremendous advantages for investing, start-ups, and business in Indiana. Another advantage is the passionate hard-work of the workforce. <a href=\"https:\/\/www.sisinternational.com\/pt\/pericia\/curriculos-de-experiencia\/empresa-de-pesquisa-de-mercado-b2b\/\" title=\"Melhor empresa de pesquisa de mercado B2B\"  data-wpil-monitor-id=\"8057\">Companies have access to top<\/a> financial professionals, elected officials, and non-profit organizations.<\/span><\/p>\n\n\n\n<h2 class=\"wp-block-heading\">&nbsp;<\/h2>","protected":false},"excerpt":{"rendered":"<p>Fornecemos pesquisas de mercado em Indiana em cidades como Indian\u00e1polis, Fort Wayne, Bloomington e Evansville.<\/p>","protected":false},"author":1,"featured_media":66566,"parent":19303,"menu_order":26,"comment_status":"closed","ping_status":"closed","template":"","meta":{"footnotes":""},"class_list":["post-32284","page","type-page","status-publish","has-post-thumbnail"],"_links":{"self":[{"href":"https:\/\/www.sisinternational.com\/pt\/wp-json\/wp\/v2\/pages\/32284","targetHints":{"allow":["GET"]}}],"collection":[{"href":"https:\/\/www.sisinternational.com\/pt\/wp-json\/wp\/v2\/pages"}],"about":[{"href":"https:\/\/www.sisinternational.com\/pt\/wp-json\/wp\/v2\/types\/page"}],"author":[{"embeddable":true,"href":"https:\/\/www.sisinternational.com\/pt\/wp-json\/wp\/v2\/users\/1"}],"replies":[{"embeddable":true,"href":"https:\/\/www.sisinternational.com\/pt\/wp-json\/wp\/v2\/comments?post=32284"}],"version-history":[{"count":5,"href":"https:\/\/www.sisinternational.com\/pt\/wp-json\/wp\/v2\/pages\/32284\/revisions"}],"predecessor-version":[{"id":81356,"href":"https:\/\/www.sisinternational.com\/pt\/wp-json\/wp\/v2\/pages\/32284\/revisions\/81356"}],"up":[{"embeddable":true,"href":"https:\/\/www.sisinternational.com\/pt\/wp-json\/wp\/v2\/pages\/19303"}],"wp:featuredmedia":[{"embeddable":true,"href":"https:\/\/www.sisinternational.com\/pt\/wp-json\/wp\/v2\/media\/66566"}],"wp:attachment":[{"href":"https:\/\/www.sisinternational.com\/pt\/wp-json\/wp\/v2\/media?parent=32284"}],"curies":[{"name":"wp","href":"https:\/\/api.w.org\/{rel}","templated":true}]}}