{"id":32275,"date":"2019-07-06T23:36:30","date_gmt":"2019-07-06T23:36:30","guid":{"rendered":"https:\/\/www.sisinternational.com\/?page_id=32275"},"modified":"2025-09-13T19:30:39","modified_gmt":"2025-09-13T23:30:39","slug":"pesquisa-de-mercado-no-tennessee","status":"publish","type":"page","link":"https:\/\/www.sisinternational.com\/pt\/cobertura\/north-america\/cobertura-dos-eua\/pesquisa-de-mercado-no-tennessee\/","title":{"rendered":"Pesquisa de mercado no Tennessee"},"content":{"rendered":"<h1 class=\"wp-block-heading\">Pesquisa de mercado no Tennessee<\/h1>\n\n\n\n<figure class=\"gb-block-image gb-block-image-215b0999\"><img loading=\"lazy\" decoding=\"async\" width=\"1456\" height=\"816\" class=\"gb-image gb-image-215b0999\" src=\"https:\/\/www.sisinternational.com\/wp-content\/uploads\/2025\/09\/Tennessee-2.jpg\" alt=\"Pesquisa e Estrat\u00e9gia de Mercado Internacional da SIS\" title=\"Tennessee (2)\" srcset=\"https:\/\/www.sisinternational.com\/wp-content\/uploads\/2025\/09\/Tennessee-2.jpg 1456w, https:\/\/www.sisinternational.com\/wp-content\/uploads\/2025\/09\/Tennessee-2-300x168.jpg 300w, https:\/\/www.sisinternational.com\/wp-content\/uploads\/2025\/09\/Tennessee-2-1024x574.jpg 1024w, https:\/\/www.sisinternational.com\/wp-content\/uploads\/2025\/09\/Tennessee-2-768x430.jpg 768w, https:\/\/www.sisinternational.com\/wp-content\/uploads\/2025\/09\/Tennessee-2-18x10.jpg 18w\" sizes=\"auto, (max-width: 1456px) 100vw, 1456px\"><\/figure>\n\n\n\n<p><\/p>\n\n\n\n<h2 class=\"wp-block-heading\"><span style=\"font-weight: 400;\">Conhecido como \u201cO Estado Volunt\u00e1rio\u201d, o Tennessee \u00e9 um estado sem litoral no sul dos EUA. <\/span><\/h2>\n\n\n\n<p><span style=\"font-weight: 400;\">Tennessee is the home of the NFL&#8217;s Tennessee Titans and NHL&#8217;s Nashville Predators. You&#8217;ll also find the legendary Tennessee Volunteers college football program, and the NBA&#8217;s Memphis Grizzlies has its base here.&nbsp; Tennessee has defined geography with a West Tennessee, Middle Tennessee, and East Tennessee. The state bird of Tennessee is the mockingbird, and the state flower (cultivated) is the Iris.&nbsp;&nbsp;<\/span><\/p>\n\n\n\n<h2 class=\"wp-block-heading\"><span style=\"font-weight: 400;\">Ind\u00fastrias do Tennessee<\/span><\/h2>\n\n\n\n<p><span style=\"font-weight: 400;\">The Oak Ridge National <a href=\"https:\/\/www.sisinternational.com\/pt\/pericia\/industrias\/pesquisa-de-mercado-laboratorial\/\" title=\"Pesquisa de mercado laboratorial\"  data-wpil-monitor-id=\"8058\">Laboratory<\/a> was a principal place for nuclear research. Most of the work for the famed Manhattan Project also took place in Oak Ridge. The Oak Ridge National Laboratory is a significant employer in the state.&nbsp; <\/span><span style=\"font-weight: 400;\">As grandes ind\u00fastrias do Tennessee incluem agricultura, turismo e manufatura. Gado, soja e aves s\u00e3o os principais produtos agr\u00edcolas do Tennessee.<\/span><\/p>\n\n\n\n<h2 class=\"wp-block-heading\"><span style=\"font-weight: 400;\">Fazendo neg\u00f3cios no Tennessee<\/span><\/h2>\n\n\n\n<p><span style=\"font-weight: 400;\">Como \u201cestado de direito ao trabalho\u201d, a falta de sindicatos e de trabalho organizado \u00e9 m\u00ednima e est\u00e1 a diminuir. O estado n\u00e3o cobra imposto de renda pessoal sobre os sal\u00e1rios dos funcion\u00e1rios. A taxa de desemprego em 2016 no Tennessee era de 4,3%. A taxa de pobreza do Tennessee \u00e9 superior \u00e0 m\u00e9dia nacional dos EUA.<\/span><\/p>\n\n\n\n<p><span style=\"font-weight: 400;\">Some of the corporations in Tennessee are AutoZone, International Paper, and FedEx. Others are The Pilot Corporation, Eastman Chemical Company, and the Regal Entertainment Group. Tennessee has Nissan Motor <a href=\"https:\/\/www.sisinternational.com\/pt\/estrategia-de-marketing-completa-para-uma-empresa-americana-de-financas-pessoais-online\/\" title=\"Estrat\u00e9gia de marketing completa para uma empresa americana de finan\u00e7as pessoais online\"  data-wpil-monitor-id=\"8056\">Company&#8217;s North American<\/a> headquarters.<\/span><span style=\"font-weight: 400;\">&nbsp;<\/span><\/p>\n\n\n\n<h2 class=\"wp-block-heading\"><span style=\"font-weight: 400;\">Popula\u00e7\u00e3o do Tennessee<\/span><\/h2>\n\n\n\n<p><span style=\"font-weight: 400;\">The population of Tennessee is over 6.7 million. Since 2010, Tennessee&#8217;s population has increased by 424,000 people. Tennessee has a rank of 16th for the most populated U.S. states. Nashville, with almost 668,000 people, is the largest city by population in the state of Tennessee. Memphis, which has nearly 652,000 people, is second. Knoxville is third on the most populous list with 187,000 people, and Chattanooga is fourth with 132,631. Clarksville is fifth with 121,477 people. Murfreesboro is sixth, Franklin, seventh, and Jackson, eighth. Johnson <a href=\"https:\/\/www.sisinternational.com\/pt\/solucoes\/solucoes-de-branding-e-pesquisa-de-clientes\/pesquisa-de-mercado-para-testes-de-produtos\/sis-internationals-teste-de-sabor-de-comida\/\" title=\"O que torna a SIS International Research a TOP empresa de pesquisa de mercado para testes de sabor de alimentos na cidade de Nova York\"  data-wpil-monitor-id=\"8055\">City and Bartlett top<\/a> out the ten biggest cities by population rank in Tennessee.<\/span><\/p>\n\n\n\n<h2 class=\"wp-block-heading\"><span style=\"font-weight: 400;\">Principais locais tur\u00edsticos no Tennessee<\/span><\/h2>\n\n\n\n<p><span style=\"font-weight: 400;\">Algumas das principais atra\u00e7\u00f5es tur\u00edsticas do Tennessee s\u00e3o Ober Gatlinburg e \u201cDollywood\u201d de Dolly Parton, localizado em Pigeon Forge. Outras atra\u00e7\u00f5es incluem o Aqu\u00e1rio Ripley e o Partenon. Tennessee tamb\u00e9m abriga o Hall da Fama e Museu da M\u00fasica Country. Para os f\u00e3s de u\u00edsque, a Destilaria Jack Daniel&#039;s \u00e9 um local favorito situado em Lynchburg. Tennessee tamb\u00e9m \u00e9 o local da mans\u00e3o de Elvis Presley, Graceland. Milh\u00f5es de pessoas visitam Graceland todos os anos. Graceland inclui os t\u00famulos de Elvis e de seus pais.<\/span><span style=\"font-weight: 400;\">&nbsp;<\/span><\/p>\n\n\n\n<p><span style=\"font-weight: 400;\">NASCAR fans can visit the state to watch a car race at the Bristol Motor Speedway. For animal lovers, the Memphis Zoo is a popular attraction. It is accessible to residents of Tennessee and surrounding states. Another great attraction is the National Civil Rights Museum, located in Memphis. This museum gives visitors an in-depth look at the history of the Civil Rights movement and <a href=\"https:\/\/www.sisinternational.com\/pt\/solucoes\/solucoes-de-branding-e-pesquisa-de-clientes\/pesquisa-de-mercado-para-contar-historias\/\" title=\"Pesquisa de mercado para contar hist\u00f3rias\"  data-wpil-monitor-id=\"8051\">tells the story<\/a> of Martin Luther King.\u00a0<\/span><\/p>\n\n\n\n<h2 class=\"wp-block-heading\"><span style=\"font-weight: 400;\">Vantagens de fazer neg\u00f3cios no Tennessee<\/span><\/h2>\n\n\n\n<p><span style=\"font-weight: 400;\">Tennessee never stopped creating goods used all over the world. They continued even when other states gave up on their manufacturing workforce. &#8220;Made in Tennessee&#8221; has special meaning in the international community. Tennessee so believes in its workforce that it&#8217;s investing in education to strengthen it. Companies choose Tennessee for these qualities. They also prefer it because of its sound fiscal <a href=\"https:\/\/www.sisinternational.com\/pt\/solucoes\/pesquisa-de-consultoria-em-estrategia-fintech\/pesquisa-de-mercado-de-gestao-de-investimentos\/\" title=\"Pesquisa de mercado de gest\u00e3o de investimentos\"  data-wpil-monitor-id=\"8053\">management and its investments<\/a> into the economic ecosystem.<\/span><\/p>\n\n\n\n<h2 class=\"wp-block-heading\">&nbsp;<\/h2>","protected":false},"excerpt":{"rendered":"<p>Realizamos pesquisas de mercado no Tennessee, inclusive em cidades como Nashville, Memphis, Knoxville e Chattanooga.<\/p>","protected":false},"author":1,"featured_media":66724,"parent":19303,"menu_order":24,"comment_status":"closed","ping_status":"closed","template":"","meta":{"footnotes":""},"class_list":["post-32275","page","type-page","status-publish","has-post-thumbnail"],"_links":{"self":[{"href":"https:\/\/www.sisinternational.com\/pt\/wp-json\/wp\/v2\/pages\/32275","targetHints":{"allow":["GET"]}}],"collection":[{"href":"https:\/\/www.sisinternational.com\/pt\/wp-json\/wp\/v2\/pages"}],"about":[{"href":"https:\/\/www.sisinternational.com\/pt\/wp-json\/wp\/v2\/types\/page"}],"author":[{"embeddable":true,"href":"https:\/\/www.sisinternational.com\/pt\/wp-json\/wp\/v2\/users\/1"}],"replies":[{"embeddable":true,"href":"https:\/\/www.sisinternational.com\/pt\/wp-json\/wp\/v2\/comments?post=32275"}],"version-history":[{"count":3,"href":"https:\/\/www.sisinternational.com\/pt\/wp-json\/wp\/v2\/pages\/32275\/revisions"}],"predecessor-version":[{"id":81357,"href":"https:\/\/www.sisinternational.com\/pt\/wp-json\/wp\/v2\/pages\/32275\/revisions\/81357"}],"up":[{"embeddable":true,"href":"https:\/\/www.sisinternational.com\/pt\/wp-json\/wp\/v2\/pages\/19303"}],"wp:featuredmedia":[{"embeddable":true,"href":"https:\/\/www.sisinternational.com\/pt\/wp-json\/wp\/v2\/media\/66724"}],"wp:attachment":[{"href":"https:\/\/www.sisinternational.com\/pt\/wp-json\/wp\/v2\/media?parent=32275"}],"curies":[{"name":"wp","href":"https:\/\/api.w.org\/{rel}","templated":true}]}}