{"id":32224,"date":"2019-07-06T01:06:34","date_gmt":"2019-07-06T01:06:34","guid":{"rendered":"https:\/\/www.sisinternational.com\/?page_id=32224"},"modified":"2026-01-25T17:07:44","modified_gmt":"2026-01-25T22:07:44","slug":"pesquisa-de-mercado-em-minnesota","status":"publish","type":"page","link":"https:\/\/www.sisinternational.com\/pt\/cobertura\/north-america\/cobertura-dos-eua\/pesquisa-de-mercado-em-minnesota\/","title":{"rendered":"Pesquisa de mercado em Minnesota"},"content":{"rendered":"<h1 class=\"wp-block-heading\"><strong>Pesquisa de mercado em Minnesota<\/strong><\/h1>\n\n\n\n<figure class=\"gb-block-image gb-block-image-02e8bce3\"><img loading=\"lazy\" decoding=\"async\" width=\"1456\" height=\"816\" class=\"gb-image gb-image-02e8bce3\" src=\"https:\/\/www.sisinternational.com\/wp-content\/uploads\/2025\/09\/Minnesota-1.jpg\" alt=\"Pesquisa e Estrat\u00e9gia de Mercado Internacional da SIS\" title=\"Minnesota (1)\" srcset=\"https:\/\/www.sisinternational.com\/wp-content\/uploads\/2025\/09\/Minnesota-1.jpg 1456w, https:\/\/www.sisinternational.com\/wp-content\/uploads\/2025\/09\/Minnesota-1-300x168.jpg 300w, https:\/\/www.sisinternational.com\/wp-content\/uploads\/2025\/09\/Minnesota-1-1024x574.jpg 1024w, https:\/\/www.sisinternational.com\/wp-content\/uploads\/2025\/09\/Minnesota-1-768x430.jpg 768w, https:\/\/www.sisinternational.com\/wp-content\/uploads\/2025\/09\/Minnesota-1-18x10.jpg 18w\" sizes=\"auto, (max-width: 1456px) 100vw, 1456px\"><\/figure>\n\n\n\n<p><\/p>\n\n\n\n<p>O que diferencia as empresas de sucesso no cen\u00e1rio competitivo de Minnesota? A pesquisa de mercado em Minnesota \u00e9 a chave para compreender esse mercado din\u00e2mico. Das movimentadas cidades g\u00eameas \u00e0s vastas \u00e1reas agr\u00edcolas, Minnesota oferece uma combina\u00e7\u00e3o \u00fanica de oportunidades e desafios que exigem uma navega\u00e7\u00e3o cuidadosa.<\/p>\n\n\n\n<h3 class=\"wp-block-heading\">O que \u00e9 pesquisa de mercado em Minnesota?&nbsp;<\/h3>\n\n\n\n<p>A pesquisa de mercado em Minnesota ajuda as empresas a compreender as caracter\u00edsticas e tend\u00eancias \u00fanicas que definem a economia, a produtividade e a lucratividade diversificadas do estado. As empresas precisam desta pesquisa para navegar pelos desafios e oportunidades do diversificado cen\u00e1rio econ\u00f4mico deste estado.&nbsp;<\/p>\n\n\n\n<p>Uma das principais quest\u00f5es abordadas pela pesquisa de mercado em Minnesota s\u00e3o as principais ind\u00fastrias do estado. Por exemplo, Minnesota \u00e9 reconhecido por suas instala\u00e7\u00f5es de sa\u00fade de classe mundial, incluindo a Cl\u00ednica Mayo e as principais empresas de dispositivos m\u00e9dicos. Outra raz\u00e3o cr\u00edtica para a realiza\u00e7\u00e3o de pesquisas de mercado em Minnesota \u00e9 o setor manufatureiro do estado.<\/p>\n\n\n\n<h3 class=\"wp-block-heading\">Nossa an\u00e1lise e recomenda\u00e7\u00f5es atuais do mercado<\/h3>\n\n\n\n<p>Na SIS International, recomendamos focar no pr\u00f3spero setor de sa\u00fade de Minnesota. Com institui\u00e7\u00f5es de renome mundial, como a Cl\u00ednica Mayo, e empresas l\u00edderes em dispositivos m\u00e9dicos, como a Medtronic, o setor de sa\u00fade em Minnesota \u00e9 robusto e cheio de potencial. Consideramos esta uma excelente oportunidade para as empresas de sa\u00fade investirem em tecnologias inovadoras e parcerias que melhorem o atendimento ao paciente e a efici\u00eancia operacional.<\/p>\n\n\n\n<p>Em segundo lugar, a ind\u00fastria transformadora do Minnesota oferece oportunidades significativas de crescimento e desenvolvimento. O estado \u00e9 conhecido por suas capacidades de fabrica\u00e7\u00e3o avan\u00e7adas, produzindo uma ampla gama de produtos, desde dispositivos m\u00e9dicos at\u00e9 produtos aliment\u00edcios. Recomendamos que as empresas transformadoras aproveitem a investiga\u00e7\u00e3o de mercado para compreender as tend\u00eancias da ind\u00fastria, otimizar as cadeias de abastecimento e adotar novas tecnologias que melhorem a produtividade e a competitividade.<\/p>\n\n\n\n<p>We also recommend that businesses pay close attention to Minnesota&#8217;s agricultural sector, which remains vital to the state&#8217;s economy. With increasing consumer demand for organic and locally-sourced foods, agricultural businesses can benefit from market research that identifies trends in consumer preferences and regulatory changes. Exploring <a href=\"https:\/\/www.sisinternational.com\/pt\/agricultura-sustentavel-2\/\" title=\"Pesquisa de Mercado de Agricultura Sustent\u00e1vel\"  data-wpil-monitor-id=\"2440\">sustainable agricultural<\/a> practices and new technologies can help businesses meet market demands and enhance productivity.<\/p>\n\n\n\n<h2 class=\"wp-block-heading\">Principais ind\u00fastrias em Minnesota<\/h2>\n\n\n\n<p>A economia de Minnesota tem v\u00e1rios setores importantes e compreender suas caracter\u00edsticas \u00fanicas \u00e9 essencial para as empresas que buscam ter sucesso em Minnesota. A pesquisa de mercado em Minnesota pode ajudar a identificar tend\u00eancias, oportunidades e vantagens competitivas nesses setores.<\/p>\n\n\n\n<h4 class=\"wp-block-heading\">Fabrica\u00e7\u00e3o<\/h4>\n\n\n\n<p>Minnesota tem um forte setor de manufatura que inclui manufatura avan\u00e7ada, processamento de alimentos e produ\u00e7\u00e3o de alta tecnologia. Empresas como 3M e General Mills exemplificam o sucesso da manufatura em Minnesota. A pesquisa de mercado em Minnesota fornece insights sobre tend\u00eancias da ind\u00fastria, din\u00e2mica da cadeia de suprimentos e avan\u00e7os tecnol\u00f3gicos, ajudando as empresas de manufatura a otimizar suas opera\u00e7\u00f5es, melhorar a qualidade do produto e ficar \u00e0 frente da concorr\u00eancia.<\/p>\n\n\n\n<h4 class=\"wp-block-heading\">Agricultura e Produ\u00e7\u00e3o Alimentar<\/h4>\n\n\n\n<p>O setor agr\u00edcola inclui processamento e distribui\u00e7\u00e3o de alimentos. A pesquisa de mercado em Minnesota ajuda as empresas agr\u00edcolas a compreender as tend\u00eancias nas prefer\u00eancias dos consumidores por alimentos org\u00e2nicos e de origem local, mudan\u00e7as regulat\u00f3rias e avan\u00e7os na tecnologia agr\u00edcola. Essas informa\u00e7\u00f5es s\u00e3o cruciais para a tomada de decis\u00f5es informadas que aumentam a produtividade e a lucratividade.<\/p>\n\n\n\n<h4 class=\"wp-block-heading\">Tecnologia e Inova\u00e7\u00e3o<\/h4>\n\n\n\n<p>Minnesota est\u00e1 experimentando um crescimento significativo no seu setor de tecnologia, especialmente em cidades como Minneapolis e St. Paul. O ecossistema tecnol\u00f3gico do estado inclui startups, empresas de tecnologia estabelecidas e institui\u00e7\u00f5es de pesquisa. Empresas como Digi International e Jamf destacam o sucesso dos neg\u00f3cios de tecnologia em Minnesota.<\/p>\n\n\n\n<h4 class=\"wp-block-heading\">Servi\u00e7os financeiros<\/h4>\n\n\n\n<p>A ind\u00fastria de servi\u00e7os financeiros em Minnesota \u00e9 robusta, com grandes institui\u00e7\u00f5es como o US Bank e a Ameriprise Financial sediadas no estado. Este setor inclui servi\u00e7os banc\u00e1rios, de seguros e de investimento. A pesquisa de mercado em Minnesota ajuda as institui\u00e7\u00f5es financeiras a compreender as tend\u00eancias econ\u00f4micas, o comportamento do consumidor e as mudan\u00e7as regulat\u00f3rias, garantindo que permane\u00e7am competitivas e em conformidade.<\/p>\n\n\n\n<h4 class=\"wp-block-heading\">Varejo<\/h4>\n\n\n\n<p>Minnesota \u00e9 o lar de grandes gigantes do varejo, como Target e Best Buy. O setor varejista no estado \u00e9 din\u00e2mico, com um mix de grandes redes e pequenos neg\u00f3cios. A pesquisa de mercado em Minnesota fornece aos varejistas insights sobre os h\u00e1bitos de compra dos consumidores, tend\u00eancias de mercado e estrat\u00e9gias competitivas. Essas informa\u00e7\u00f5es s\u00e3o vitais para o desenvolvimento de campanhas de marketing eficazes, otimizando a variedade de produtos e melhorando a experi\u00eancia do cliente.<\/p>\n\n\n\n<h2 class=\"wp-block-heading\">Minneapolis-St. \u00c1rea Metropolitana de Paulo<\/h2>\n\n\n\n<figure class=\"gb-block-image gb-block-image-9fbcdf71\"><img loading=\"lazy\" decoding=\"async\" width=\"1456\" height=\"816\" class=\"gb-image gb-image-9fbcdf71\" src=\"https:\/\/www.sisinternational.com\/wp-content\/uploads\/2025\/09\/Minnesota-4.jpg\" alt=\"Pesquisa e Estrat\u00e9gia de Mercado Internacional da SIS\" title=\"Minnesota (4)\" srcset=\"https:\/\/www.sisinternational.com\/wp-content\/uploads\/2025\/09\/Minnesota-4.jpg 1456w, https:\/\/www.sisinternational.com\/wp-content\/uploads\/2025\/09\/Minnesota-4-300x168.jpg 300w, https:\/\/www.sisinternational.com\/wp-content\/uploads\/2025\/09\/Minnesota-4-1024x574.jpg 1024w, https:\/\/www.sisinternational.com\/wp-content\/uploads\/2025\/09\/Minnesota-4-768x430.jpg 768w, https:\/\/www.sisinternational.com\/wp-content\/uploads\/2025\/09\/Minnesota-4-18x10.jpg 18w\" sizes=\"auto, (max-width: 1456px) 100vw, 1456px\"><\/figure>\n\n\n\n<p><\/p>\n\n\n\n<p><span style=\"font-weight: 400;\">Minneapolis-St. Paul is the state&#8217;s most well-known and largest economic center. This metropolitan district is also known as the Twin Cities. It is home to Major League Baseball&#8217;s Minnesota Twins.&nbsp; The University of Minnesota, an educational and research hub, is also in Minneapolis. It is one of the main employers in the state and takes in hundreds of millions in donations each year.<\/span><\/p>\n\n\n\n<p><span style=\"font-weight: 400;\">V\u00e1rias grandes corpora\u00e7\u00f5es t\u00eam sede em Minnesota. Best Buy, Supervalu e Target t\u00eam seus principais escrit\u00f3rios em Twin Cities. A Target Corporation tem um impacto econ\u00f3mico significativo no estado \u2013 n\u00e3o \u00e9 de admirar, uma vez que as suas receitas rondam as dezenas de milhares de milh\u00f5es. O maior shopping center do pa\u00eds, o Mall of America, fica em Bloomington, Minnesota, a apenas 16 quil\u00f4metros ao sul de Minneapolis.<\/span><\/p>\n\n\n\n<h2 class=\"wp-block-heading\">Principais atra\u00e7\u00f5es tur\u00edsticas em Minnesota<\/h2>\n\n\n\n<p>Minnesota tem diversas atra\u00e7\u00f5es tur\u00edsticas, atraindo milh\u00f5es de visitantes todos os anos, e a pesquisa de mercado em Minnesota \u00e9 essencial para identificar tend\u00eancias e oportunidades no setor de turismo.<\/p>\n\n\n\n<h4 class=\"wp-block-heading\">Shopping da America<\/h4>\n\n\n\n<p>O Mall of America, localizado em Bloomington, \u00e9 o maior shopping dos Estados Unidos e uma grande atra\u00e7\u00e3o tur\u00edstica. Possui centenas de lojas, um parque de divers\u00f5es coberto, um aqu\u00e1rio e in\u00fameras op\u00e7\u00f5es gastron\u00f4micas. As empresas do Mall of America podem se beneficiar da pesquisa de mercado em Minnesota, compreendendo a demografia dos visitantes, os padr\u00f5es de gastos e os hor\u00e1rios de pico de visitas.&nbsp;<\/p>\n\n\n\n<h4 class=\"wp-block-heading\">Regi\u00e3o selvagem da \u00e1rea de canoagem de Boundary Waters<\/h4>\n\n\n\n<p>A Boundary Waters Canoe Area Wilderness (BWCAW) \u00e9 uma \u00e1rea natural intocada que atrai entusiastas de atividades ao ar livre em todo o mundo. Os visitantes v\u00eam para passear de canoa, caminhar, pescar e acampar nesta vasta regi\u00e3o selvagem. A pesquisa de mercado em Minnesota ajuda as empresas desta regi\u00e3o a identificar os tipos de atividades e servi\u00e7os ao ar livre que mais atraem os visitantes. Essa percep\u00e7\u00e3o permite a cria\u00e7\u00e3o de experi\u00eancias personalizadas que aprimoram a aventura na natureza.<\/p>\n\n\n\n<h4 class=\"wp-block-heading\">Instituto de Arte de Minneapolis<\/h4>\n\n\n\n<p>O Minneapolis Institute of Art (MIA) abriga uma extensa cole\u00e7\u00e3o de obras de arte que abrangem 5.000 anos de hist\u00f3ria. \u00c9 um centro cultural para amantes da arte e turistas. As empresas e institui\u00e7\u00f5es ligadas ao MIA podem utilizar pesquisas de mercado para compreender os interesses dos visitantes, otimizar as ofertas de exposi\u00e7\u00f5es e melhorar os esfor\u00e7os de marketing para atrair um p\u00fablico mais amplo.<\/p>\n\n\n\n<h4 class=\"wp-block-heading\">Passeio panor\u00e2mico pela costa norte<\/h4>\n\n\n\n<p>A North Shore Scenic Drive ao longo do Lago Superior oferece vistas deslumbrantes, cachoeiras e pequenas cidades encantadoras. \u00c9 uma rota popular para turistas que buscam belezas c\u00eanicas e recrea\u00e7\u00e3o ao ar livre. A pesquisa de mercado em Minnesota ajuda as empresas locais ao longo do North Shore a compreender a demografia, as prefer\u00eancias e os h\u00e1bitos de consumo dos turistas. Essas informa\u00e7\u00f5es permitem que as empresas adaptem seus servi\u00e7os e esfor\u00e7os de marketing para atrair e encantar visitantes.<\/p>\n\n\n\n<h4 class=\"wp-block-heading\">Feira Estadual de Minnesota<\/h4>\n\n\n\n<p>A Feira Estadual de Minnesota, realizada anualmente em St. Paul, \u00e9 uma das maiores feiras estaduais dos Estados Unidos. Possui uma grande variedade de atra\u00e7\u00f5es, incluindo vendedores de alimentos, exposi\u00e7\u00f5es agr\u00edcolas, entretenimento e passeios. A pesquisa de mercado em Minnesota fornece insights sobre perfis de visitantes, atra\u00e7\u00f5es populares e padr\u00f5es de gastos. Essas informa\u00e7\u00f5es s\u00e3o cruciais para que as empresas e fornecedores participantes da feira maximizem sua presen\u00e7a e lucratividade.<\/p>\n\n\n\n<h2 class=\"wp-block-heading\">Drivers de mercado<\/h2>\n\n\n\n<figure class=\"gb-block-image gb-block-image-75e5fe45\"><img loading=\"lazy\" decoding=\"async\" width=\"1456\" height=\"816\" class=\"gb-image gb-image-75e5fe45\" src=\"https:\/\/www.sisinternational.com\/wp-content\/uploads\/2025\/09\/Minnesota-3.jpg\" alt=\"Pesquisa e Estrat\u00e9gia de Mercado Internacional da SIS\" title=\"Minnesota (3)\" srcset=\"https:\/\/www.sisinternational.com\/wp-content\/uploads\/2025\/09\/Minnesota-3.jpg 1456w, https:\/\/www.sisinternational.com\/wp-content\/uploads\/2025\/09\/Minnesota-3-300x168.jpg 300w, https:\/\/www.sisinternational.com\/wp-content\/uploads\/2025\/09\/Minnesota-3-1024x574.jpg 1024w, https:\/\/www.sisinternational.com\/wp-content\/uploads\/2025\/09\/Minnesota-3-768x430.jpg 768w, https:\/\/www.sisinternational.com\/wp-content\/uploads\/2025\/09\/Minnesota-3-18x10.jpg 18w\" sizes=\"auto, (max-width: 1456px) 100vw, 1456px\"><\/figure>\n\n\n\n<p><\/p>\n\n\n\n<p>Compreender os impulsionadores do mercado em Minnesota \u00e9 essencial para as empresas que procuram capitalizar as oportunidades de crescimento e navegar no cen\u00e1rio econ\u00f3mico \u00fanico do estado. A pesquisa de mercado em Minnesota ajuda a identificar esses fatores e fornece informa\u00e7\u00f5es valiosas para a tomada de decis\u00f5es estrat\u00e9gicas.<\/p>\n\n\n\n<h4 class=\"wp-block-heading\">Sa\u00fade e inova\u00e7\u00e3o m\u00e9dica<\/h4>\n\n\n\n<p>A presen\u00e7a de institui\u00e7\u00f5es de renome mundial, como a Cl\u00ednica Mayo, e empresas l\u00edderes em dispositivos m\u00e9dicos, como a Medtronic, impulsiona avan\u00e7os na tecnologia m\u00e9dica e no atendimento ao paciente. A pesquisa de mercado em Minnesota ajuda as empresas deste setor a se manterem informadas sobre as tend\u00eancias emergentes, as necessidades dos pacientes e as inova\u00e7\u00f5es tecnol\u00f3gicas, permitindo-lhes manter uma vantagem competitiva.<\/p>\n\n\n\n<h4 class=\"wp-block-heading\">Fabrica\u00e7\u00e3o Avan\u00e7ada<\/h4>\n\n\n\n<p>O estado abriga grandes empresas de manufatura como 3M e Honeywell, que produzem uma ampla gama de produtos, desde dispositivos m\u00e9dicos at\u00e9 bens industriais. A pesquisa de mercado em Minnesota fornece insights sobre tend\u00eancias do setor, din\u00e2mica da cadeia de suprimentos e avan\u00e7os tecnol\u00f3gicos. Essas informa\u00e7\u00f5es ajudam as empresas de manufatura a otimizar as opera\u00e7\u00f5es, melhorar a qualidade dos produtos e permanecer competitivas.<\/p>\n\n\n\n<h4 class=\"wp-block-heading\">Produ\u00e7\u00e3o Agr\u00edcola e Processamento de Alimentos<\/h4>\n\n\n\n<p>Minnesota \u00e9 um produtor l\u00edder de v\u00e1rias culturas, incluindo milho, soja e beterraba sacarina, e abriga grandes empresas de processamento de alimentos, como General Mills e Cargill. A pesquisa de mercado em Minnesota ajuda as empresas agr\u00edcolas a compreender as prefer\u00eancias dos consumidores por alimentos org\u00e2nicos e de origem local, mudan\u00e7as regulat\u00f3rias e avan\u00e7os na tecnologia agr\u00edcola. Esses insights permitem que as empresas aumentem a produtividade e atendam \u00e0s demandas do mercado.<\/p>\n\n\n\n<h4 class=\"wp-block-heading\">Tecnologia e Inova\u00e7\u00e3o<\/h4>\n\n\n\n<p>O setor de tecnologia em Minnesota est\u00e1 crescendo rapidamente, especialmente em cidades como Minneapolis e St. Paul. O ecossistema tecnol\u00f3gico do estado inclui startups, empresas de tecnologia estabelecidas e institui\u00e7\u00f5es de pesquisa. Empresas como Digi International e Code42 destacam o sucesso dos neg\u00f3cios de tecnologia em Minnesota.&nbsp;<\/p>\n\n\n\n<h4 class=\"wp-block-heading\">Energia renov\u00e1vel<\/h4>\n\n\n\n<p>Minnesota est\u00e1 investindo cada vez mais em fontes de energia renov\u00e1veis, como energia e\u00f3lica e solar. Tanto os mandatos regulat\u00f3rios quanto a demanda do consumidor por solu\u00e7\u00f5es de energia verde impulsionam essa mudan\u00e7a em dire\u00e7\u00e3o \u00e0 sustentabilidade. A pesquisa de mercado em Minnesota auxilia as empresas de energia a entender as tend\u00eancias de mercado, os requisitos regulat\u00f3rios e os avan\u00e7os tecnol\u00f3gicos. Essas informa\u00e7\u00f5es s\u00e3o cruciais para desenvolver projetos de energia sustent\u00e1vel e atender \u00e0 crescente demanda por energia renov\u00e1vel.<\/p>\n\n\n\n<h2 class=\"wp-block-heading\">Como a pesquisa de mercado da SIS International em Minnesota ajuda as empresas<\/h2>\n\n\n\n<p>A SIS International se dedica a ajudar empresas a prosperar em Minnesota, fornecendo servi\u00e7os abrangentes de pesquisa de mercado. Nossa expertise e insights permitem que as empresas tomem decis\u00f5es informadas, aprimorem o planejamento estrat\u00e9gico e alcancem objetivos de crescimento. Veja como nossa <a href=\"https:\/\/www.linkedin.com\/pulse\/how-market-research-enables-growth-ruth-stanat-phekf\/\" target=\"_blank\" rel=\"noopener\"><span style=\"font-weight: 400;\">pesquisa de mercado<\/span><\/a> em Minnesota pode beneficiar o seu neg\u00f3cio:<\/p>\n\n\n\n<h4 class=\"wp-block-heading\">Planejamento Estrat\u00e9gico Aprimorado<\/h4>\n\n\n\n<p>A SIS International oferece \u00e0s empresas os dados e an\u00e1lises necess\u00e1rios para desenvolver estrat\u00e9gias eficazes. Ao entender as condi\u00e7\u00f5es do mercado local, as prefer\u00eancias do consumidor e os cen\u00e1rios competitivos, as empresas podem criar estrat\u00e9gias personalizadas que se alinham com a din\u00e2mica de mercado \u00fanica de Minnesota. Esse alinhamento estrat\u00e9gico garante que as empresas possam maximizar suas oportunidades e mitigar riscos.<\/p>\n\n\n\n<h4 class=\"wp-block-heading\">Redu\u00e7\u00e3o de risco<\/h4>\n\n\n\n<p>Operar num mercado din\u00e2mico e por vezes vol\u00e1til como Minnesota exige que as empresas gerenciem os riscos de forma eficaz. <a href=\"https:\/\/twitter.com\/SISIntlResearch\" target=\"_blank\" rel=\"noopener\"><span style=\"font-weight: 400;\">SIS<\/span><\/a> a pesquisa fornece \u00e0s empresas as informa\u00e7\u00f5es para antecipar desafios potenciais, como flutua\u00e7\u00f5es econ\u00f4micas, mudan\u00e7as regulat\u00f3rias e riscos ambientais. Essa abordagem proativa permite que as empresas desenvolvam planos de conting\u00eancia e estrat\u00e9gias para mitigar riscos.<\/p>\n\n\n\n<h4 class=\"wp-block-heading\">Melhor efici\u00eancia de marketing<\/h4>\n\n\n\n<p>O marketing direcionado \u00e9 essencial para alcan\u00e7ar a diversificada base de consumidores de Minnesota. <a href=\"https:\/\/www.sisinternational.com\/pt\/sobre-a-sis-international-research\/contact-sis-international-market-research\/\">Nossa pesquisa de mercado<\/a> ajuda as empresas a compreender as nuances culturais, prefer\u00eancias e comportamentos de diferentes grupos demogr\u00e1ficos em Minnesota. Esse conhecimento permite que as empresas criem campanhas de marketing altamente eficazes que repercutam em seu p\u00fablico-alvo, melhorando o engajamento e as taxas de convers\u00e3o.<\/p>\n\n\n\n<h4 class=\"wp-block-heading\">Crescimento Acelerado e Inova\u00e7\u00e3o<\/h4>\n\n\n\n<p><a href=\"https:\/\/www.linkedin.com\/company\/sisinternationalresearch\/\" target=\"_blank\" rel=\"noopener\"><span style=\"font-weight: 400;\">SIS Internacional<\/span><\/a>A pesquisa de mercado da empresa em Minnesota apoia as empresas na identifica\u00e7\u00e3o de novas oportunidades de crescimento e na promo\u00e7\u00e3o da inova\u00e7\u00e3o. Mantendo-se informados sobre as tend\u00eancias do mercado, tecnologias emergentes e demandas dos consumidores, as empresas podem desenvolver produtos e servi\u00e7os inovadores que atendam \u00e0s necessidades em evolu\u00e7\u00e3o do mercado de Minnesota. Esta abordagem inovadora impulsiona o crescimento sustentado e a vantagem competitiva.<\/p>\n\n\n\n<h4 class=\"wp-block-heading\">ROI aumentado<\/h4>\n\n\n\n<p>Ao tomar decis\u00f5es baseadas em dados, as empresas podem otimizar a aloca\u00e7\u00e3o de recursos, reduzir o desperd\u00edcio e obter maiores retornos sobre o investimento. A pesquisa de mercado da SIS International em Minnesota garante que as empresas possam alocar seus or\u00e7amentos de forma eficaz, concentrando-se em estrat\u00e9gias e iniciativas que proporcionem o maior ROI.<\/p>\n\n\n\n<h4 class=\"wp-block-heading\">Maior satisfa\u00e7\u00e3o do cliente<\/h4>\n\n\n\n<p>Nosso <a href=\"https:\/\/www.linkedin.com\/pulse\/how-market-research-enables-growth-ruth-stanat-phekf\/\" target=\"_blank\" rel=\"noopener\"><span style=\"font-weight: 400;\">pesquisa de mercado<\/span><\/a> em Minnesota fornece \u00e0s empresas insights profundos sobre as prefer\u00eancias do cliente, pontos problem\u00e1ticos e n\u00edveis de satisfa\u00e7\u00e3o. Essas informa\u00e7\u00f5es permitem que as empresas melhorem o atendimento ao cliente, melhorem a qualidade do produto e criem experi\u00eancias personalizadas que promovam lealdade e satisfa\u00e7\u00e3o.<\/p>\n\n\n\n<h4 class=\"wp-block-heading\">Entrada no mercado e suporte \u00e0 expans\u00e3o<\/h4>\n\n\n\n<p>SIS offers comprehensive market entry and expansion support for businesses looking to enter or expand in Minnesota. Our <a href=\"https:\/\/www.sisinternational.com\/pt\/cobertura\/pesquisa-de-mercado-asia\/pesquisa-de-mercado-filipina\/\" title=\"Pesquisa de mercado filipino\" data-wpil-monitor-id=\"3994\">research helps businesses assess market<\/a> potential, identify strategic locations, and develop entry strategies that ensure successful market penetration and growth.<\/p>\n\n\n\n<h4 class=\"wp-block-heading\">Benchmarking competitivo<\/h4>\n\n\n\n<p>Ficar \u00e0 frente da concorr\u00eancia exige que as empresas monitorem e analisem continuamente as atividades dos concorrentes. A pesquisa de mercado da SIS International em Minnesota fornece \u00e0s empresas dados de benchmarking competitivo, ajudando-as a compreender os seus pontos fortes e fracos em rela\u00e7\u00e3o aos seus concorrentes.&nbsp;<\/p>\n\n\n\n<h4 class=\"wp-block-heading\">Tomada de decis\u00e3o informada<\/h4>\n\n\n\n<p>A pesquisa de mercado em Minnesota permite que as empresas tomem decis\u00f5es informadas. Com dados de mercado precisos e atualizados, as empresas podem navegar com confian\u00e7a pelas complexidades do mercado de Minnesota, aproveitar oportunidades e atingir seus objetivos de neg\u00f3cios.<\/p>\n\n\n\n<h2 class=\"wp-block-heading\"><strong>Sobre SIS Internacional<\/strong><\/h2>\n\n\n\n<p><a href=\"https:\/\/www.sisinternational.com\/pt\/\"><span style=\"font-weight: 400;\">SIS Internacional<\/span><\/a><span style=\"font-weight: 400;\"> oferece pesquisa quantitativa, qualitativa e estrat\u00e9gica. Fornecemos dados, ferramentas, estrat\u00e9gias, relat\u00f3rios e insights para a tomada de decis\u00f5es. Tamb\u00e9m realizamos entrevistas, pesquisas, grupos focais e outros m\u00e9todos e abordagens de Pesquisa de Mercado.<\/span><a href=\"https:\/\/www.sisinternational.com\/pt\/sobre-a-sis-international-research\/contact-sis-international-market-research\/\"><span style=\"font-weight: 400;\"> Entre em contato conosco<\/span><\/a><span style=\"font-weight: 400;\"> para o seu pr\u00f3ximo projeto de pesquisa de mercado.<\/span><\/p>\n\n\n\n<h2 class=\"wp-block-heading\">&nbsp;<\/h2>","protected":false},"excerpt":{"rendered":"<p>A Pesquisa de Mercado em Minnesota revela novas oportunidades de neg\u00f3cios.<\/p>","protected":false},"author":1,"featured_media":66607,"parent":19303,"menu_order":20,"comment_status":"closed","ping_status":"closed","template":"","meta":{"footnotes":""},"class_list":["post-32224","page","type-page","status-publish","has-post-thumbnail"],"_links":{"self":[{"href":"https:\/\/www.sisinternational.com\/pt\/wp-json\/wp\/v2\/pages\/32224","targetHints":{"allow":["GET"]}}],"collection":[{"href":"https:\/\/www.sisinternational.com\/pt\/wp-json\/wp\/v2\/pages"}],"about":[{"href":"https:\/\/www.sisinternational.com\/pt\/wp-json\/wp\/v2\/types\/page"}],"author":[{"embeddable":true,"href":"https:\/\/www.sisinternational.com\/pt\/wp-json\/wp\/v2\/users\/1"}],"replies":[{"embeddable":true,"href":"https:\/\/www.sisinternational.com\/pt\/wp-json\/wp\/v2\/comments?post=32224"}],"version-history":[{"count":10,"href":"https:\/\/www.sisinternational.com\/pt\/wp-json\/wp\/v2\/pages\/32224\/revisions"}],"predecessor-version":[{"id":78137,"href":"https:\/\/www.sisinternational.com\/pt\/wp-json\/wp\/v2\/pages\/32224\/revisions\/78137"}],"up":[{"embeddable":true,"href":"https:\/\/www.sisinternational.com\/pt\/wp-json\/wp\/v2\/pages\/19303"}],"wp:featuredmedia":[{"embeddable":true,"href":"https:\/\/www.sisinternational.com\/pt\/wp-json\/wp\/v2\/media\/66607"}],"wp:attachment":[{"href":"https:\/\/www.sisinternational.com\/pt\/wp-json\/wp\/v2\/media?parent=32224"}],"curies":[{"name":"wp","href":"https:\/\/api.w.org\/{rel}","templated":true}]}}