{"id":31852,"date":"2019-06-09T23:12:39","date_gmt":"2019-06-09T23:12:39","guid":{"rendered":"https:\/\/www.sisinternational.com\/?page_id=31852"},"modified":"2026-01-26T18:39:28","modified_gmt":"2026-01-26T23:39:28","slug":"pesquisa-de-mercado-de-negociacao-algoritmica","status":"publish","type":"page","link":"https:\/\/www.sisinternational.com\/pt\/solucoes\/pesquisa-de-consultoria-em-estrategia-fintech\/pesquisa-de-mercado-de-negociacao-algoritmica\/","title":{"rendered":"Pesquisa de mercado de negocia\u00e7\u00e3o algor\u00edtmica"},"content":{"rendered":"<h1 class=\"gb-headline gb-headline-96057d69 gb-headline-text\">Pesquisa de mercado de negocia\u00e7\u00e3o algor\u00edtmica<\/h1>\n\n\n\n<figure class=\"gb-block-image gb-block-image-eb64fc68\"><img loading=\"lazy\" decoding=\"async\" width=\"1456\" height=\"816\" class=\"gb-image gb-image-eb64fc68\" src=\"https:\/\/www.sisinternational.com\/wp-content\/uploads\/2025\/08\/Finance-13.jpg\" alt=\"Pesquisa e Estrat\u00e9gia de Mercado Internacional da SIS\" title=\"Finance (13)\" srcset=\"https:\/\/www.sisinternational.com\/wp-content\/uploads\/2025\/08\/Finance-13.jpg 1456w, https:\/\/www.sisinternational.com\/wp-content\/uploads\/2025\/08\/Finance-13-300x168.jpg 300w, https:\/\/www.sisinternational.com\/wp-content\/uploads\/2025\/08\/Finance-13-1024x574.jpg 1024w, https:\/\/www.sisinternational.com\/wp-content\/uploads\/2025\/08\/Finance-13-768x430.jpg 768w, https:\/\/www.sisinternational.com\/wp-content\/uploads\/2025\/08\/Finance-13-18x10.jpg 18w\" sizes=\"auto, (max-width: 1456px) 100vw, 1456px\"><\/figure>\n\n\n\n<hr class=\"wp-block-separator has-alpha-channel-opacity is-style-dots\"\/>\n\n\n\n<h2 class=\"wp-block-heading\"><strong>A negocia\u00e7\u00e3o algor\u00edtmica est\u00e1 aumentando<\/strong><\/h2>\n\n\n\n<p><span style=\"font-weight: 400;\">Algorithmic Trading involves pre-programmed trades to efficiently and automatically execute financial trading. Investment Banks, Pension Funds, Mutual Funds, and other Institutional Investors commonly use it.\u00a0 Algorithms are a set of rules and instructions made by computer programs. Finance companies use algorithms on the stock exchange to automate the execution of new changes in the market without any human intervention. With the rise of data science and technology in finance, algorithmic trading is rising and transforming financial markets.<\/span><\/p>\n\n\n\n<h2 class=\"wp-block-heading\"><strong>O que \u00e9 pesquisa de mercado de negocia\u00e7\u00e3o algor\u00edtmica?<\/strong><\/h2>\n\n\n\n<p><span style=\"font-weight: 400;\">Algorithmic <a href=\"https:\/\/www.sisinternational.com\/pt\/compreender-o-regime-de-comercio-de-emissoes-da-ue-um-relatorio-sis\/\" title=\"Pesquisa de mercado de com\u00e9rcio de emiss\u00f5es\"  data-wpil-monitor-id=\"1725\">trading market research<\/a> involves systematically analyzing financial markets, trading strategies, and market data using quantitative techniques, statistical models, and machine learning algorithms. The primary objective of this research is to develop, backtest, and optimize algorithmic trading strategies that generate alpha and outperform traditional trading approaches.<\/span><\/p>\n\n\n\n<h2 class=\"wp-block-heading\"><strong>Por que as empresas precisam de pesquisa de mercado de negocia\u00e7\u00e3o algor\u00edtmica?<\/strong><\/h2>\n\n\n\n<figure class=\"gb-block-image gb-block-image-7e981f12\"><img loading=\"lazy\" decoding=\"async\" width=\"1456\" height=\"816\" class=\"gb-image gb-image-7e981f12\" src=\"https:\/\/www.sisinternational.com\/wp-content\/uploads\/2025\/09\/Forex-1.jpg\" alt=\"Pesquisa e Estrat\u00e9gia de Mercado Internacional da SIS\" title=\"Forex (1)\" srcset=\"https:\/\/www.sisinternational.com\/wp-content\/uploads\/2025\/09\/Forex-1.jpg 1456w, https:\/\/www.sisinternational.com\/wp-content\/uploads\/2025\/09\/Forex-1-300x168.jpg 300w, https:\/\/www.sisinternational.com\/wp-content\/uploads\/2025\/09\/Forex-1-1024x574.jpg 1024w, https:\/\/www.sisinternational.com\/wp-content\/uploads\/2025\/09\/Forex-1-768x430.jpg 768w, https:\/\/www.sisinternational.com\/wp-content\/uploads\/2025\/09\/Forex-1-18x10.jpg 18w\" sizes=\"auto, (max-width: 1456px) 100vw, 1456px\"><\/figure>\n\n\n\n<p><\/p>\n\n\n\n<p><span style=\"font-weight: 400;\">Businesses require algorithmic trading market research to understand market dynamics, identify emerging trends, and gain insights into investor behavior. Companies can make informed decisions regarding their trading strategies and investment allocations by analyzing market data and macroeconomic indicators.<\/span><\/p>\n\n\n\n<p><span style=\"font-weight: 400;\">Moreover, algorithmic trading market research helps businesses enhance their trading performance and optimize their investment portfolios. This research also enables businesses to diversify their trading strategies, manage risk effectively, and capitalize on market inefficiencies.<\/span><\/p>\n\n\n\n<p><span style=\"font-weight: 400;\">A pesquisa algor\u00edtmica de mercado de negocia\u00e7\u00e3o tamb\u00e9m \u00e9 essencial para navegar em mercados financeiros complexos, otimizar o seu desempenho comercial, automatizar as suas opera\u00e7\u00f5es comerciais e cumprir os requisitos regulamentares... Mas tem muitos outros benef\u00edcios para as empresas, incluindo:<\/span><\/p>\n\n\n\n<p><b>\u2022 Melhor gerenciamento de riscos<\/b>: Market research enables businesses to assess and mitigate risks associated with <a href=\"https:\/\/www.sisinternational.com\/pt\/marketing-direto\/\" title=\"O que \u00e9 marketing direto?\"  data-wpil-monitor-id=\"6988\">algorithmic trading strategies<\/a>, and develop robust risk management strategies to protect their investments and minimize losses.<\/span><\/p>\n\n\n\n<p><b>\u2022 Tomada de decis\u00e3o mais r\u00e1pida<\/b><span style=\"font-weight: 400;\">: Algorithmic trading market research facilitates faster decision-making by providing businesses with real-time market insights and actionable intelligence. By leveraging advanced data analytics and predictive modeling techniques, companies can make informed investment decisions quickly and decisively, gaining a competitive edge in the marketplace.<\/span><\/p>\n\n\n\n<p><b>\u2022 Efici\u00eancia de custos<\/b><span style=\"font-weight: 400;\">: A pesquisa algor\u00edtmica de mercado de negocia\u00e7\u00e3o ajuda as empresas a otimizar suas estrat\u00e9gias de negocia\u00e7\u00e3o, reduzir custos de negocia\u00e7\u00e3o, agilizar suas opera\u00e7\u00f5es de negocia\u00e7\u00e3o, minimizar custos de transa\u00e7\u00e3o e melhorar a efici\u00eancia geral de custos.<\/span><\/p>\n\n\n\n<p><b>\u2022 Escalabilidade<\/b><span style=\"font-weight: 400;\">: A pesquisa algor\u00edtmica de mercado de negocia\u00e7\u00e3o permite que as empresas dimensionem suas opera\u00e7\u00f5es comerciais de forma eficaz, expandindo suas atividades comerciais em v\u00e1rios mercados e classes de ativos, sem comprometer o desempenho ou a efici\u00eancia.<\/span><\/p>\n\n\n\n<h2 class=\"wp-block-heading\"><strong>Principais fatores de sucesso<\/strong><\/h2>\n\n\n\n<p><span style=\"font-weight: 400;\">No dom\u00ednio da pesquisa de mercado de negocia\u00e7\u00e3o algor\u00edtmica, v\u00e1rios fatores-chave de sucesso contribuem para a efic\u00e1cia e efici\u00eancia dos esfor\u00e7os de pesquisa \u2013 e aqui est\u00e3o alguns fatores-chave de sucesso que as empresas devem considerar antes de realizar pesquisas de mercado de negocia\u00e7\u00e3o algor\u00edtmica:<\/span><\/p>\n\n\n\n<p><b>\u2022 Qualidade e acessibilidade dos dados<\/b><span style=\"font-weight: 400;\">: High-quality data is the cornerstone of effective algorithmic trading market research. Businesses must have access to reliable, accurate, and timely <a href=\"https:\/\/www.sisinternational.com\/pt\/cobertura\/pesquisa-de-mercado-asia\/pesquisa-de-mercado-filipina\/\" title=\"Pesquisa de mercado filipino\"  data-wpil-monitor-id=\"4003\">market data to conduct thorough research<\/a> and analysis.<\/span><\/p>\n\n\n\n<p><b>\u2022 Infraestrutura tecnol\u00f3gica<\/b>: A robust technology infrastructure is essential to support <a href=\"https:\/\/www.sisinternational.com\/pt\/pericia\/industrias\/tecnologia-medica-pesquisa-de-mercado-de-tecnologia-medica\/\" title=\"Pesquisa de mercado de tecnologia m\u00e9dica (Med Tech)\"  data-wpil-monitor-id=\"4219\">pesquisa de mercado de negocia\u00e7\u00e3o algor\u00edtmica<\/a> efforts. Businesses must invest in scalable and reliable technology infrastructure, including high-speed connectivity, powerful computing resources, and secure data storage.<\/span><\/p>\n\n\n\n<p><b>\u2022 Estrutura de Gest\u00e3o de Riscos<\/b><span style=\"font-weight: 400;\">: Businesses must implement a robust risk management framework to identify, assess, and mitigate risks associated with algorithmic trading strategies. This framework should include comprehensive risk assessment processes, monitoring mechanisms, and contingency plans to manage unexpected events.<\/span><\/p>\n\n\n\n<p><b>\u2022 Aprendizagem e Adapta\u00e7\u00e3o Cont\u00ednuas<\/b><span style=\"font-weight: 400;\">: Financial markets are dynamic and ever-changing, requiring businesses to learn and adapt to new market conditions and trends continuously. Businesses must foster a culture of continuous learning and adaptation, encouraging researchers to stay abreast of the latest developments in algorithmic trading, technological advancements, and regulatory changes.<\/span><\/p>\n\n\n\n<h2 class=\"wp-block-heading\">Como a pesquisa de mercado apoia empresas financeiras<\/h2>\n\n\n\n<figure class=\"gb-block-image gb-block-image-9050a3d3\"><img loading=\"lazy\" decoding=\"async\" width=\"1456\" height=\"816\" class=\"gb-image gb-image-9050a3d3\" src=\"https:\/\/www.sisinternational.com\/wp-content\/uploads\/2025\/09\/Forex-7.jpg\" alt=\"Pesquisa e Estrat\u00e9gia de Mercado Internacional da SIS\" title=\"Forex (7)\" srcset=\"https:\/\/www.sisinternational.com\/wp-content\/uploads\/2025\/09\/Forex-7.jpg 1456w, https:\/\/www.sisinternational.com\/wp-content\/uploads\/2025\/09\/Forex-7-300x168.jpg 300w, https:\/\/www.sisinternational.com\/wp-content\/uploads\/2025\/09\/Forex-7-1024x574.jpg 1024w, https:\/\/www.sisinternational.com\/wp-content\/uploads\/2025\/09\/Forex-7-768x430.jpg 768w, https:\/\/www.sisinternational.com\/wp-content\/uploads\/2025\/09\/Forex-7-18x10.jpg 18w\" sizes=\"auto, (max-width: 1456px) 100vw, 1456px\"><\/figure>\n\n\n\n<p><\/p>\n\n\n\n<p><span style=\"font-weight: 400;\">As organiza\u00e7\u00f5es e empresas t\u00eam muitos motivos para confiar na pesquisa de mercado. Primeiro, impulsiona o crescimento. Tamb\u00e9m ajuda as empresas a terem ideias sobre como introduzir novos gatilhos de mercado. A investiga\u00e7\u00e3o \u00e9 essencial quando as empresas lan\u00e7am novos produtos ou concebem novos servi\u00e7os. Veja por que voc\u00ea deve investir em Pesquisa Estrat\u00e9gica de Mercado.<\/span><\/p>\n\n\n\n<h2 class=\"wp-block-heading\"><span style=\"font-weight: 400;\">1. Ajuda a minimizar os riscos de investimento<\/span><\/h2>\n\n\n\n<p><span style=\"font-weight: 400;\">Research helps businesses narrow their <a href=\"https:\/\/www.sisinternational.com\/pt\/o-que-e-um-grupo-focal\/\" title=\"O que \u00e9 um grupo focal?\"  data-wpil-monitor-id=\"1480\">focus to a specific potential market group<\/a>, reducing costs for product testing, market testing, and overall marketing plans.<\/span><\/p>\n\n\n\n<h2 class=\"wp-block-heading\"><span style=\"font-weight: 400;\">2. Ajuda voc\u00ea a reconhecer oportunidades e amea\u00e7as potenciais<\/span><\/h2>\n\n\n\n<p><span style=\"font-weight: 400;\">Voc\u00ea pode usar tanto a pesquisa secund\u00e1ria (pesquisa documental) quanto a pesquisa prim\u00e1ria (trabalho de campo). Voc\u00ea pode pensar nesses m\u00e9todos como seguros. Eles protegem voc\u00ea dos perigos que podem prejudicar o crescimento potencial. Por que o uso de pesquisas qualitativas eficientes \u00e9 uma boa ideia? As empresas podem us\u00e1-lo para destacar e identificar amea\u00e7as ou oportunidades espec\u00edficas. Em outras circunst\u00e2ncias, voc\u00ea poderia ter ignorado essas oportunidades e amea\u00e7as.<\/span><\/p>\n\n\n\n<h2 class=\"wp-block-heading\"><span style=\"font-weight: 400;\">3. A pesquisa de mercado ajuda sua empresa a descobrir os pontos fracos e fortes dos concorrentes<\/span><\/h2>\n\n\n\n<p><span style=\"font-weight: 400;\">Market Research is helpful in the FinTech market. Firms that rely on new technology advancements can benefit from thorough market research. Make sure a <a href=\"https:\/\/www.sisinternational.com\/pt\/pericia\/industrias\/pesquisa-de-mercado-de-reputacao\/\" title=\"Pesquisa de mercado de reputa\u00e7\u00e3o\"  data-wpil-monitor-id=\"4095\">reputable company does your market research<\/a>.&nbsp; <\/span><\/p>\n\n\n\n<p><span style=\"font-weight: 400;\">Research and Competitive Intelligence can help you anticipate market movements. Corporate Intelligence that leverages Game Theory and Scenario Planning can help you understand competitors&#8217; motivations.<\/span><\/p>\n\n\n\n<p><span style=\"font-weight: 400;\">Adopting an &#8220;eyes wide open&#8221; approach to any research project is best. Research done by professional analysts will help you discover potential competitor gaps. You can fill these gaps and exploit them as possible growth engines for your firm.<\/span><\/p>\n\n\n\n<h2 class=\"wp-block-heading\"><span style=\"font-weight: 400;\">4. Ajuda as empresas a identificar tend\u00eancias emergentes<\/span><\/h2>\n\n\n\n<p><span style=\"font-weight: 400;\">Proper market research can help firms discover new business trends. These trends can help to keep the firms ahead of their competitors. When businesses notice them, launching relevant new products and services is easier.<\/span><\/p>\n\n\n\n<h2 class=\"wp-block-heading\"><strong>Tecnologias e ferramentas em pesquisa de mercado de negocia\u00e7\u00e3o algor\u00edtmica<\/strong><\/h2>\n\n\n\n<p><span style=\"font-weight: 400;\">In algorithmic trading market research, businesses leverage various advanced technologies and tools to analyze market data, develop trading strategies, and optimize algorithmic trading systems.<\/span><\/p>\n\n\n\n<p><b>\u2022 Plataformas de an\u00e1lise de dados<\/b><span style=\"font-weight: 400;\">: Businesses use advanced data analytics platforms equipped with data visualization, statistical analysis, and machine learning algorithms to uncover insights from historical market data, identify trading patterns, and develop predictive models.<\/span><\/p>\n\n\n\n<p><b>\u2022 Feeds de dados de mercado<\/b><span style=\"font-weight: 400;\">: Os feeds de dados de mercado s\u00e3o essenciais para acessar dados de mercado em tempo real e executar negocia\u00e7\u00f5es nos mercados financeiros. As empresas dependem de feeds de dados de mercado de alta qualidade provenientes de bolsas, fornecedores de dados e fornecedores de dados de mercado para se manterem informadas sobre pre\u00e7os de mercado, volumes de negocia\u00e7\u00e3o e n\u00edveis de liquidez, permitindo-lhes tomar decis\u00f5es de negocia\u00e7\u00e3o atempadas e executar negocia\u00e7\u00f5es com precis\u00e3o.<\/span><\/p>\n\n\n\n<p><b>\u2022 Servi\u00e7os de computa\u00e7\u00e3o em nuvem<\/b>: Cloud computing services provide businesses with scalable and cost-effective computing resources for conducting <a href=\"https:\/\/www.sisinternational.com\/pt\/solucoes\/pesquisa-de-mercado-de-ia-e-consultoria-estrategica\/pesquisa-de-mercado-de-ia-de-visao-computacional\/\" title=\"Pesquisa de mercado de IA de vis\u00e3o computacional\"  data-wpil-monitor-id=\"2768\">pesquisa de mercado de negocia\u00e7\u00e3o algor\u00edtmica<\/a>. Businesses leverage cloud computing platforms to deploy algorithmic trading systems, run backtests, and analyze large datasets without needing extensive on-premises infrastructure.<\/span><\/p>\n\n\n\n<h2 class=\"wp-block-heading\"><strong>Oportunidades em pesquisa de mercado de negocia\u00e7\u00e3o algor\u00edtmica&nbsp;<\/strong><\/h2>\n\n\n\n<figure class=\"gb-block-image gb-block-image-e665e531\"><img loading=\"lazy\" decoding=\"async\" width=\"1456\" height=\"816\" class=\"gb-image gb-image-e665e531\" src=\"https:\/\/www.sisinternational.com\/wp-content\/uploads\/2025\/09\/Forex-6.jpg\" alt=\"Pesquisa e Estrat\u00e9gia de Mercado Internacional da SIS\" title=\"Forex (6)\" srcset=\"https:\/\/www.sisinternational.com\/wp-content\/uploads\/2025\/09\/Forex-6.jpg 1456w, https:\/\/www.sisinternational.com\/wp-content\/uploads\/2025\/09\/Forex-6-300x168.jpg 300w, https:\/\/www.sisinternational.com\/wp-content\/uploads\/2025\/09\/Forex-6-1024x574.jpg 1024w, https:\/\/www.sisinternational.com\/wp-content\/uploads\/2025\/09\/Forex-6-768x430.jpg 768w, https:\/\/www.sisinternational.com\/wp-content\/uploads\/2025\/09\/Forex-6-18x10.jpg 18w\" sizes=\"auto, (max-width: 1456px) 100vw, 1456px\"><\/figure>\n\n\n\n<p><\/p>\n\n\n\n<p><span style=\"font-weight: 400;\">A pesquisa de mercado de negocia\u00e7\u00e3o algor\u00edtmica apresenta in\u00fameras oportunidades para as empresas obterem uma vantagem competitiva, melhorarem o desempenho comercial e capitalizarem as inefici\u00eancias do mercado. Aqui est\u00e3o algumas oportunidades importantes hoje:<\/span><\/p>\n\n\n\n<p><b>\u2022 An\u00e1lise de Microestrutura de Mercado<\/b><span style=\"font-weight: 400;\">: Algorithmic trading market research provides businesses with insights into market microstructure, or the internal mechanics of financial markets. By analyzing market microstructure data, order flow dynamics, and liquidity patterns, businesses can better understand market dynamics, identify trading opportunities, and optimize their trading strategies for improved execution quality.<\/span><\/p>\n\n\n\n<p><b>\u2022 Desenvolvimento de Estrat\u00e9gia Quantitativa<\/b><span style=\"font-weight: 400;\">: As empresas podem aproveitar a pesquisa de mercado de negocia\u00e7\u00e3o algor\u00edtmica para desenvolver estrat\u00e9gias de negocia\u00e7\u00e3o quantitativas que exploram anomalias estat\u00edsticas e inefici\u00eancias de mercado.<\/span><\/p>\n\n\n\n<p><b>\u2022 Diversifica\u00e7\u00e3o e Otimiza\u00e7\u00e3o de Portf\u00f3lio<\/b><span style=\"font-weight: 400;\">: A pesquisa algor\u00edtmica de mercado de negocia\u00e7\u00e3o permite que as empresas diversifiquem suas estrat\u00e9gias de negocia\u00e7\u00e3o e otimizem suas carteiras de investimento para obter melhores retornos ajustados ao risco.<\/span><\/p>\n\n\n\n<h2 class=\"wp-block-heading\"><strong>Desafios da pesquisa de mercado de negocia\u00e7\u00e3o algor\u00edtmica&nbsp;<\/strong><\/h2>\n\n\n\n<p><span style=\"font-weight: 400;\">As empresas enfrentam v\u00e1rios desafios para aproveitar estas oportunidades de forma eficaz \u2013 e superar estes desafios \u00e9 essencial para que as empresas tenham sucesso na pesquisa de mercado de negocia\u00e7\u00e3o algor\u00edtmica e alcancem os seus objetivos comerciais.&nbsp;<\/span><\/p>\n\n\n\n<p><b>\u2022 Qualidade e disponibilidade de dados<\/b><span style=\"font-weight: 400;\">: One of the primary challenges in algorithmic trading market research is the quality and availability of data. Businesses rely on vast historical and real-time market data to develop and backtest trading strategies. However, ensuring market data&#8217;s accuracy, completeness, and timeliness can be challenging, especially when dealing with multiple data sources and formats.<\/span><\/p>\n\n\n\n<p><b>\u2022 Infraestrutura tecnol\u00f3gica<\/b><span style=\"font-weight: 400;\">: As empresas precisam de acesso a recursos de computa\u00e7\u00e3o de alto desempenho, solu\u00e7\u00f5es de armazenamento de dados e infraestrutura de rede para processar grandes volumes de dados de mercado, executar backtests e implantar sistemas de negocia\u00e7\u00e3o automatizados. A gest\u00e3o e o dimensionamento desta infraestrutura tecnol\u00f3gica podem representar desafios, especialmente para empresas mais pequenas com recursos limitados.<\/span><\/p>\n\n\n\n<p><b>\u2022 Din\u00e2mica e Volatilidade do Mercado<\/b><span style=\"font-weight: 400;\">: Financial markets are inherently complex and dynamic, characterized by rapid changes in market conditions, volatility, and liquidity. Businesses conducting algorithmic trading market research need to develop robust trading strategies that can adapt to changing market dynamics and effectively navigate volatile market conditions.<\/span><\/p>\n\n\n\n<h2 class=\"wp-block-heading\"><strong>Sobre pesquisa de mercado de negocia\u00e7\u00e3o algor\u00edtmica<\/strong><\/h2>\n\n\n\n<p><span style=\"font-weight: 400;\">Businesses use quantitative research to give a numerical value to problems. This type of research generates valuable statistical data. Enterprises use it to quantify behaviors, opinions, attitudes, and other variables. These variables relate to your business&#8217;s potential market. <\/span><\/p>\n\n\n\n<p><span style=\"font-weight: 400;\">Alternativamente, as empresas usam a Pesquisa Qualitativa para compreender opini\u00f5es, raz\u00f5es e motiva\u00e7\u00f5es subjacentes. Ele fornece insights sobre os problemas enfrentados por sua empresa ou organiza\u00e7\u00e3o. Desta forma, oferece novas ideias e poss\u00edveis solu\u00e7\u00f5es.<\/span><\/p>\n\n\n\n<p><span style=\"font-weight: 400;\">Market Research can greatly benefit Algorithmic trading firms as they navigate the complicated financial markets. It will help you to make better short- and long-term decisions for your company.&nbsp;<\/span><\/p>\n\n\n\n<h2 class=\"wp-block-heading\">Localiza\u00e7\u00e3o de nossas instala\u00e7\u00f5es em Nova York<\/h2>\n\n\n\n<p>  <iframe loading=\"lazy\" src=\"https:\/\/www.google.com\/maps\/embed?pb=!1m18!1m12!1m3!1d3022.976188376966!2d-73.99130312499956!3d40.740549471389315!2m3!1f0!2f0!3f0!3m2!1i1024!2i768!4f13.1!3m3!1m2!1s0x89c259a15798c731%3A0xd695d09bdd495f25!2s11%20E%2022nd%20St%20FL%202%2C%20New%20York%2C%20NY%2010010%2C%20USA!5e0!3m2!1sen!2spe!4v1726171763526!5m2!1sen!2spe\" width=\"600\" height=\"450\" allowfullscreen=\"allowfullscreen\" data-mce-fragment=\"1\"><\/iframe>  <\/p>\n\n\n\n<h3 class=\"wp-block-heading\">11 E 22nd Street, 2\u00ba andar, Nova York, NY 10010 T: +1(212) 505-6805<\/h3>\n\n\n\n<hr class=\"wp-block-separator has-alpha-channel-opacity\"\/>\n\n\n\n<h2 class=\"wp-block-heading\"><span style=\"font-weight: 400;\">Sobre SIS Internacional<\/span><\/h2>\n\n\n\n<p><a href=\"https:\/\/www.sisinternational.com\/pt\/\"><span style=\"font-weight: 400;\">SIS Internacional<\/span><\/a><span style=\"font-weight: 400;\"> oferece pesquisa quantitativa, qualitativa e estrat\u00e9gica. Fornecemos dados, ferramentas, estrat\u00e9gias, relat\u00f3rios e insights para a tomada de decis\u00f5es. Tamb\u00e9m realizamos entrevistas, pesquisas, grupos focais e outros m\u00e9todos e abordagens de Pesquisa de Mercado.<\/span><a href=\"https:\/\/www.sisinternational.com\/pt\/sobre-a-sis-international-research\/contact-sis-international-market-research\/\"><span style=\"font-weight: 400;\"> Entre em contato conosco<\/span><\/a><span style=\"font-weight: 400;\"> para o seu pr\u00f3ximo projeto de pesquisa de mercado.<\/span><\/p>\n\n\n\n<p><\/p>\n\n\n\n<p><\/p>","protected":false},"excerpt":{"rendered":"<p>Descubra como a Algorithmic Trading Market Research pode revelar oportunidades para criar valor.<\/p>","protected":false},"author":1,"featured_media":62824,"parent":27462,"menu_order":21,"comment_status":"closed","ping_status":"closed","template":"","meta":{"footnotes":""},"class_list":["post-31852","page","type-page","status-publish","has-post-thumbnail"],"_links":{"self":[{"href":"https:\/\/www.sisinternational.com\/pt\/wp-json\/wp\/v2\/pages\/31852","targetHints":{"allow":["GET"]}}],"collection":[{"href":"https:\/\/www.sisinternational.com\/pt\/wp-json\/wp\/v2\/pages"}],"about":[{"href":"https:\/\/www.sisinternational.com\/pt\/wp-json\/wp\/v2\/types\/page"}],"author":[{"embeddable":true,"href":"https:\/\/www.sisinternational.com\/pt\/wp-json\/wp\/v2\/users\/1"}],"replies":[{"embeddable":true,"href":"https:\/\/www.sisinternational.com\/pt\/wp-json\/wp\/v2\/comments?post=31852"}],"version-history":[{"count":14,"href":"https:\/\/www.sisinternational.com\/pt\/wp-json\/wp\/v2\/pages\/31852\/revisions"}],"predecessor-version":[{"id":80556,"href":"https:\/\/www.sisinternational.com\/pt\/wp-json\/wp\/v2\/pages\/31852\/revisions\/80556"}],"up":[{"embeddable":true,"href":"https:\/\/www.sisinternational.com\/pt\/wp-json\/wp\/v2\/pages\/27462"}],"wp:featuredmedia":[{"embeddable":true,"href":"https:\/\/www.sisinternational.com\/pt\/wp-json\/wp\/v2\/media\/62824"}],"wp:attachment":[{"href":"https:\/\/www.sisinternational.com\/pt\/wp-json\/wp\/v2\/media?parent=31852"}],"curies":[{"name":"wp","href":"https:\/\/api.w.org\/{rel}","templated":true}]}}