{"id":31835,"date":"2019-06-09T22:18:46","date_gmt":"2019-06-09T22:18:46","guid":{"rendered":"https:\/\/www.sisinternational.com\/?page_id=31835"},"modified":"2026-01-24T18:12:13","modified_gmt":"2026-01-24T23:12:13","slug":"pesquisa-de-mercado-de-seguranca-inteligente","status":"publish","type":"page","link":"https:\/\/www.sisinternational.com\/pt\/pericia\/pesquisa-de-mercado-de-seguranca-inteligente\/","title":{"rendered":"Pesquisa de mercado de seguran\u00e7a inteligente"},"content":{"rendered":"<h1 class=\"wp-block-heading\"><span style=\"font-weight: 400;\">Pesquisa de mercado de seguran\u00e7a inteligente<\/span><\/h1>\n\n\n\n<figure class=\"gb-block-image gb-block-image-a0f5460d\"><img loading=\"lazy\" decoding=\"async\" width=\"1456\" height=\"816\" class=\"gb-image gb-image-a0f5460d\" src=\"https:\/\/www.sisinternational.com\/wp-content\/uploads\/2025\/08\/Cibersecurity-security-5.jpg\" alt=\"Pesquisa e Estrat\u00e9gia de Mercado Internacional da SIS\" title=\"Cibersecurity security (5)\" srcset=\"https:\/\/www.sisinternational.com\/wp-content\/uploads\/2025\/08\/Cibersecurity-security-5.jpg 1456w, https:\/\/www.sisinternational.com\/wp-content\/uploads\/2025\/08\/Cibersecurity-security-5-300x168.jpg 300w, https:\/\/www.sisinternational.com\/wp-content\/uploads\/2025\/08\/Cibersecurity-security-5-1024x574.jpg 1024w, https:\/\/www.sisinternational.com\/wp-content\/uploads\/2025\/08\/Cibersecurity-security-5-768x430.jpg 768w, https:\/\/www.sisinternational.com\/wp-content\/uploads\/2025\/08\/Cibersecurity-security-5-18x10.jpg 18w\" sizes=\"auto, (max-width: 1456px) 100vw, 1456px\"><\/figure>\n\n\n\n<p><\/p>\n\n\n\n<h2 class=\"wp-block-heading\"><span style=\"font-weight: 400;\">A pesquisa de mercado de seguran\u00e7a inteligente est\u00e1 crescendo<\/span><\/h2>\n\n\n\n<p><span style=\"font-weight: 400;\">Smart Security Solutions are new products and services that include Home Security Systems, Door sensors, wireless CCTV footage and Security Services that can be controlled from mobile devices.&nbsp; Leveraging the Internet of Things (IoT), this industry is growing rapidly.<\/span><\/p>\n\n\n\n<p><span style=\"font-weight: 400;\">Market research as a service is there to help any company. It helps organizations, service providers, and individuals make better-informed decisions. It should be more embedded in every firm&#8217;s strategic plan. Like their counterparts in other sectors, <a href=\"https:\/\/www.sisinternational.com\/pt\/saude-de-seguranca-cibernetica\/\" title=\"Pesquisa de mercado de seguran\u00e7a cibern\u00e9tica em sa\u00fade\"  data-wpil-monitor-id=\"1923\">Market Research can benefit smart security<\/a> companies. It equips these companies to deal with the environment in which they operate. It does so in the following ways: <\/span><\/p>\n\n\n\n<h2 class=\"wp-block-heading\"><span style=\"font-weight: 400;\">Identifique oportunidades<\/span><\/h2>\n\n\n\n<p><span style=\"font-weight: 400;\">A realiza\u00e7\u00e3o de pesquisas de mercado ajuda a fornecer informa\u00e7\u00f5es claras sobre seus clientes-alvo. Ele informa seus interesses e mostra seus canais de marketing. Essas informa\u00e7\u00f5es permitem que voc\u00ea identifique uma oportunidade para sua empresa de seguran\u00e7a inteligente. Com isso em mente, voc\u00ea poder\u00e1 encontrar novos locais onde poder\u00e1 promover seu servi\u00e7o. Voc\u00ea tamb\u00e9m pode criar atualiza\u00e7\u00f5es de pedidos lucrativas. Outro benef\u00edcio \u00e9 que a Pesquisa de Mercado permite que voc\u00ea fa\u00e7a parceria com outras empresas.<\/span><\/p>\n\n\n\n<h2 class=\"wp-block-heading\"><span style=\"font-weight: 400;\">Menores riscos de investimento<\/span><\/h2>\n\n\n\n<p><span style=\"font-weight: 400;\">Um fluxo constante de clientes e vendas \u00e9 o que garante que sua empresa sobreviva por muito tempo. O que garante isso \u00e9 a pesquisa de mercado. \u00c9 a pesquisa de mercado que determina se voc\u00ea ainda atende \u00e0s necessidades de seus clientes atuais. <\/span><\/p>\n\n\n\n<p><span style=\"font-weight: 400;\">Tamb\u00e9m lhe dir\u00e1 como atrair e manter clientes em potencial. Pode-se aplicar este princ\u00edpio testando novos produtos e designs antes do lan\u00e7amento. A Pesquisa de Mercado tamb\u00e9m encontra motivos pelos quais os clientes n\u00e3o voltam. Ajuda voc\u00ea a obter insights sobre \u00e1reas problem\u00e1ticas.<\/span><\/p>\n\n\n\n<h2 class=\"wp-block-heading\"><span style=\"font-weight: 400;\">Desenvolva materiais promocionais relevantes<\/span><\/h2>\n\n\n\n<p><span style=\"font-weight: 400;\">Voc\u00ea j\u00e1 se perguntou quais imagens ou textos colocar em suas contas de m\u00eddia social, site ou folhetos? Se sim, ent\u00e3o a pesquisa de mercado mostrar\u00e1 que voc\u00ea sabe exatamente o que fazer. Voc\u00ea j\u00e1 ter\u00e1 estabelecido as frustra\u00e7\u00f5es, necessidades e desejos de seus clientes. Assim, voc\u00ea sabe exatamente o que abordar quando come\u00e7ar a criar seus materiais de marketing. Ajudaria se voc\u00ea tamb\u00e9m tivesse uma ideia de como lidar com essas quest\u00f5es.<\/span><\/p>\n\n\n\n<h2 class=\"wp-block-heading\"><span style=\"font-weight: 400;\">Saiba onde anunciar <\/span><\/h2>\n\n\n\n<p><span style=\"font-weight: 400;\">Many smart security companies face budgetary constraints. You thus need to optimize your marketing budget to get the best returns possible. Market research helps find the best channels to reach your intended audience. It will tell you whether to use ads or to place posters and flyers in strategic locations. Ads on social media platforms might be the best way to reach potential customers. Market <a href=\"https:\/\/www.sisinternational.com\/pt\/saude-inteligente\/\" title=\"Pesquisa de mercado de sa\u00fade inteligente\"  data-wpil-monitor-id=\"1961\">pesquisar<\/a> will confirm whether this is the best route for a smart security company.<\/span><\/p>\n\n\n\n<h2 class=\"wp-block-heading\"><span style=\"font-weight: 400;\">Superar os concorrentes<\/span><\/h2>\n\n\n\n<p><span style=\"font-weight: 400;\">Quanto mais voc\u00ea conhece seus clientes, melhor voc\u00ea os atende. Voc\u00ea quer ofuscar seus concorrentes? <\/span><\/p>\n\n\n\n<p><span style=\"font-weight: 400;\">Voc\u00ea pode fazer isso com o atendimento satisfat\u00f3rio e oportuno das necessidades de seus clientes. <\/span><\/p>\n\n\n\n<p><span style=\"font-weight: 400;\">A Pesquisa de Mercado ajuda voc\u00ea a saber mais sobre a natureza do mercado. Com isso, voc\u00ea pode atingir clientes insatisfeitos e segmentos de mercado mal atendidos. <\/span><\/p>\n\n\n\n<p><span style=\"font-weight: 400;\">Voc\u00ea pode identificar suas necessidades n\u00e3o atendidas e preencher as lacunas. Dessa forma, voc\u00ea os vence e vence seus concorrentes, sem d\u00favida.<\/span><\/p>\n\n\n\n<h2 class=\"wp-block-heading\"><span style=\"font-weight: 400;\">Melhora o Planejamento Estrat\u00e9gico<\/span><\/h2>\n\n\n\n<p><span style=\"font-weight: 400;\">Strategic market planning helps you set goals for your <a href=\"https:\/\/www.sisinternational.com\/pt\/pericia\/industrias\/pesquisa-de-mercado-de-seguranca\/\" title=\"Pesquisa de mercado de seguran\u00e7a\"  data-wpil-monitor-id=\"6532\">smart<\/a> security firm. <\/span>Por meio da pesquisa, voc\u00ea pode descobrir se as metas s\u00e3o alcan\u00e7\u00e1veis.&nbsp;<span style=\"font-weight: 400;\">A pesquisa tamb\u00e9m ajuda voc\u00ea a encontrar maneiras de atingir esses objetivos. A Pesquisa de Mercado fornece informa\u00e7\u00f5es essenciais e relevantes.&nbsp;<\/span><span style=\"font-weight: 400;\">Tem um efeito positivo em seus objetivos de curto e longo prazo.<\/span><\/p>\n\n\n\n<h2 class=\"wp-block-heading\"><span style=\"font-weight: 400;\">Facilita a tomada de decis\u00f5es informadas<\/span><\/h2>\n\n\n\n<p><span style=\"font-weight: 400;\">Voc\u00ea ver\u00e1 a import\u00e2ncia da pesquisa de mercado quando precisar tomar decis\u00f5es cr\u00edticas. A utiliza\u00e7\u00e3o do relat\u00f3rio de pesquisa de mercado como ponto de refer\u00eancia provou promover melhores escolhas. Funciona melhor do que crit\u00e9rios arbitr\u00e1rios de tomada de decis\u00e3o. Tamb\u00e9m torna todo o processo muito simples.<\/span><\/p>\n\n\n\n<h2 class=\"wp-block-heading\"><span style=\"font-weight: 400;\">Sobre a pesquisa de mercado de seguran\u00e7a inteligente<\/span><\/h2>\n\n\n\n<p><span style=\"font-weight: 400;\">Marketing security, particularly smart security, is not an easy thing. Luckily, market research promises to make it gain general acceptance. As a smart security company, you need to consider a market research service, and you will enjoy more profitability and a larger share of the market.&nbsp; We conduct Qualitative, Quantitative and Strategy Research.&nbsp; Our solutions include:<\/span><\/p>\n\n\n\n<ul class=\"wp-block-list\">\n<li>Grupos de foco<\/li>\n\n\n\n<li>Entrevistas com clientes<\/li>\n\n\n\n<li>pesquisas<\/li>\n\n\n\n<li>Analise competitiva<\/li>\n\n\n\n<li>Pesquisa e consultoria estrat\u00e9gica<\/li>\n<\/ul>\n\n\n\n<p><\/p>","protected":false},"excerpt":{"rendered":"<p>A Smart Security Solutions oferece sistemas de seguran\u00e7a residencial, filmagens CCTV e servi\u00e7os acess\u00edveis por meio de dispositivos m\u00f3veis.<\/p>","protected":false},"author":1,"featured_media":64039,"parent":14514,"menu_order":51,"comment_status":"closed","ping_status":"closed","template":"","meta":{"footnotes":""},"class_list":["post-31835","page","type-page","status-publish","has-post-thumbnail"],"_links":{"self":[{"href":"https:\/\/www.sisinternational.com\/pt\/wp-json\/wp\/v2\/pages\/31835","targetHints":{"allow":["GET"]}}],"collection":[{"href":"https:\/\/www.sisinternational.com\/pt\/wp-json\/wp\/v2\/pages"}],"about":[{"href":"https:\/\/www.sisinternational.com\/pt\/wp-json\/wp\/v2\/types\/page"}],"author":[{"embeddable":true,"href":"https:\/\/www.sisinternational.com\/pt\/wp-json\/wp\/v2\/users\/1"}],"replies":[{"embeddable":true,"href":"https:\/\/www.sisinternational.com\/pt\/wp-json\/wp\/v2\/comments?post=31835"}],"version-history":[{"count":5,"href":"https:\/\/www.sisinternational.com\/pt\/wp-json\/wp\/v2\/pages\/31835\/revisions"}],"predecessor-version":[{"id":80115,"href":"https:\/\/www.sisinternational.com\/pt\/wp-json\/wp\/v2\/pages\/31835\/revisions\/80115"}],"up":[{"embeddable":true,"href":"https:\/\/www.sisinternational.com\/pt\/wp-json\/wp\/v2\/pages\/14514"}],"wp:featuredmedia":[{"embeddable":true,"href":"https:\/\/www.sisinternational.com\/pt\/wp-json\/wp\/v2\/media\/64039"}],"wp:attachment":[{"href":"https:\/\/www.sisinternational.com\/pt\/wp-json\/wp\/v2\/media?parent=31835"}],"curies":[{"name":"wp","href":"https:\/\/api.w.org\/{rel}","templated":true}]}}