{"id":31758,"date":"2019-06-03T04:41:36","date_gmt":"2019-06-03T04:41:36","guid":{"rendered":"https:\/\/www.sisinternational.com\/?page_id=31758"},"modified":"2025-09-13T21:36:22","modified_gmt":"2025-09-14T01:36:22","slug":"pesquisa-de-mercado-de-gestao-de-residuos","status":"publish","type":"page","link":"https:\/\/www.sisinternational.com\/pt\/pericia\/pesquisa-de-mercado-de-gestao-de-residuos\/","title":{"rendered":"Pesquisa de mercado de gest\u00e3o de res\u00edduos"},"content":{"rendered":"<h1 class=\"wp-block-heading\"><span style=\"font-weight: 400;\">Pesquisa de mercado de gest\u00e3o de res\u00edduos<\/span><\/h1>\n\n\n\n<figure class=\"gb-block-image gb-block-image-c825edf6\"><img loading=\"lazy\" decoding=\"async\" width=\"1456\" height=\"816\" class=\"gb-image gb-image-c825edf6\" src=\"https:\/\/www.sisinternational.com\/wp-content\/uploads\/2025\/08\/Circular-economy-2.jpg\" alt=\"Pesquisa e Estrat\u00e9gia de Mercado Internacional da SIS\" title=\"Circular economy (2)\" srcset=\"https:\/\/www.sisinternational.com\/wp-content\/uploads\/2025\/08\/Circular-economy-2.jpg 1456w, https:\/\/www.sisinternational.com\/wp-content\/uploads\/2025\/08\/Circular-economy-2-300x168.jpg 300w, https:\/\/www.sisinternational.com\/wp-content\/uploads\/2025\/08\/Circular-economy-2-1024x574.jpg 1024w, https:\/\/www.sisinternational.com\/wp-content\/uploads\/2025\/08\/Circular-economy-2-768x430.jpg 768w, https:\/\/www.sisinternational.com\/wp-content\/uploads\/2025\/08\/Circular-economy-2-18x10.jpg 18w\" sizes=\"auto, (max-width: 1456px) 100vw, 1456px\"><\/figure>\n\n\n\n<p><\/p>\n\n\n\n<h2 class=\"wp-block-heading\">Waste Management is an important and large industry that keeps societies moving and thriving.&nbsp; A city&#8217;s ability to grow depends on its ability to manage its waste.<\/h2>\n\n\n\n<p>Pesquisa de Mercado e Consultoria Estrat\u00e9gica fornecem dados, insights, ferramentas e estrat\u00e9gias para melhor gerenciar os res\u00edduos.<\/p>\n\n\n\n<h2 class=\"wp-block-heading\"><span style=\"font-weight: 400;\">A ind\u00fastria de gerenciamento de res\u00edduos est\u00e1 prosperando<\/span><\/h2>\n\n\n\n<p>With stable economic growths, rising populations and new technologies, there is optimism in the industry.&nbsp; Societies and businesses benefit from strong Waste Management resources to control and maintain the production of waste.<\/p>\n\n\n\n<p>But, challenges exist&nbsp; Climate change, health concerns, Sustainable development, conservation of scarce resources, lack of available land, and ocean pollution are challenges.&nbsp; The business of Waste Management faces challenges as well.&nbsp; Competition, commoditization, supplier power, supply chain disruptions, and buyer power all impact and constrain industry profitability.<\/p>\n\n\n\n<p>A pesquisa ajuda a identificar novas fontes de vantagem e lucratividade.<\/p>\n\n\n\n<h2 class=\"wp-block-heading\"><span style=\"font-weight: 400;\">Por que as empresas de gest\u00e3o de res\u00edduos investem em pesquisas de mercado<\/span><\/h2>\n\n\n\n<h2 class=\"wp-block-heading\"><span style=\"font-weight: 400;\">1.&nbsp; Enables you to maintain brand strength<\/span><\/h2>\n\n\n\n<p><span style=\"font-weight: 400;\">O dom\u00ednio da marca \u00e9 a chave para aumentar as vendas em nichos competitivos, como a gest\u00e3o de res\u00edduos. Durante a pesquisa, voc\u00ea consegue se envolver com seus clientes potenciais. Aqui voc\u00ea obt\u00e9m informa\u00e7\u00f5es em primeira m\u00e3o sobre os servi\u00e7os que seus clientes mais desejam. Tamb\u00e9m ajuda voc\u00ea a descobrir o momento certo para oferecer determinados servi\u00e7os. D\u00e1 uma ideia de quais b\u00f4nus e complementos eles podem precisar para que voc\u00ea possa planejar os melhores hor\u00e1rios para oferecer essas promo\u00e7\u00f5es.<\/span><\/p>\n\n\n\n<h2 class=\"wp-block-heading\"><span style=\"font-weight: 400;\">2. Ajuda a evitar riscos de investimento<\/span><\/h2>\n\n\n\n<p><span style=\"font-weight: 400;\">Like in any other businesses, you need to invest in workforce, machines, and equipment. <a href=\"https:\/\/www.sisinternational.com\/pt\/solucoes\/pesquisa-de-mercado-de-ia-e-consultoria-estrategica\/pesquisa-de-mercado-de-ia-com-deteccao-de-objetos\/\" title=\"Pesquisa de mercado de IA para detec\u00e7\u00e3o de objetos\"  data-wpil-monitor-id=\"9321\">Market research will help you detect<\/a> the areas in your company that need improvement. After identifying the weak areas, you can now make informed decisions on how to improve them. In that way, you don&#8217;t risk losing revenues due to poor choices.<\/span><\/p>\n\n\n\n<h2 class=\"wp-block-heading\"><span style=\"font-weight: 400;\">3. Ajuda na previs\u00e3o de mercado<\/span><\/h2>\n\n\n\n<p><span style=\"font-weight: 400;\">Quer saber os melhores momentos para aumentar ou reduzir sua for\u00e7a de trabalho? Use pesquisas de mercado para prever o mercado. Isso o ajudar\u00e1 a prever as temporadas\/per\u00edodos em que seus clientes mais precisar\u00e3o de seus servi\u00e7os. Essas informa\u00e7\u00f5es ser\u00e3o fundamentais para ajud\u00e1-lo a tomar decis\u00f5es lucrativas sobre a proje\u00e7\u00e3o de receitas. Tamb\u00e9m o ajudar\u00e1 a identificar os mercados mais lucrativos para mergulhar.<\/span><\/p>\n\n\n\n<h2 class=\"wp-block-heading\"><span style=\"font-weight: 400;\">4. A pesquisa de mercado identifica pontos fortes, pontos fracos, oportunidades e amea\u00e7as<\/span><\/h2>\n\n\n\n<p><span style=\"font-weight: 400;\">A elimina\u00e7\u00e3o de res\u00edduos \u00e9 um nicho de neg\u00f3cios muito competitivo. A natureza competitiva desse nicho exige que voc\u00ea esteja sempre no topo do seu jogo para vencer a concorr\u00eancia. Para saber como gerenciar suas atividades, voc\u00ea precisar\u00e1 de pesquisa. Isso o ajudar\u00e1 a identificar as t\u00e9cnicas que seus concorrentes est\u00e3o usando para aumentar as vendas. Ele tamb\u00e9m permite determinar onde eles est\u00e3o falhando, para que voc\u00ea possa fortalecer essas \u00e1reas do seu neg\u00f3cio para venc\u00ea-los no jogo.&nbsp; <\/span><span style=\"font-weight: 400;\">Understanding your Strengths, Weaknesses Opportunities and Threats is powerful.&nbsp; You can boost your profits, performance and competitiveness.&nbsp;<\/span><\/p>\n\n\n\n<h2 class=\"wp-block-heading\">5. A pesquisa de mercado conecta voc\u00ea aos clientes<\/h2>\n\n\n\n<p>Customer Interviews, Ethnography, and <a href=\"https:\/\/www.sisinternational.com\/pt\/focus-groups-that-deliver-real-voices-real-insight-real-advantage\/\" title=\"Focus Groups That Deliver Real Voices, Real Insight, Real Advantage\"  data-wpil-monitor-id=\"9323\">Focus Groups provide insights<\/a> into purchasing preferences of customers.&nbsp; Surveys quantify the extent of phenomenon.&nbsp; Spending more time with customers provides the ability to better serve their needs, and boost your profits.<\/p>\n\n\n\n<h2 class=\"wp-block-heading\">6.&nbsp; Market Research Creates Operational Efficiency<\/h2>\n\n\n\n<p><a href=\"https:\/\/www.sisinternational.com\/pt\/solucoes\/pesquisa-de-mercado-de-ia-e-consultoria-estrategica\/processamento-de-linguagem-natural-pesquisa-de-mercado-de-ia\/\" title=\"Pesquisa de mercado de IA de processamento de linguagem natural\"  data-wpil-monitor-id=\"9322\">Market Research identifies consumption processes<\/a> that can help you to build efficiency.&nbsp; With Strategy Research you can understand the processes that create the most value.&nbsp; You can identifies to prioritize processes and re-sequence others to boost profits.<\/p>\n\n\n\n<h2 class=\"wp-block-heading\"><span style=\"font-weight: 400;\">Sobre a pesquisa de mercado de gest\u00e3o de res\u00edduos<\/span><\/h2>\n\n\n\n<p><span style=\"font-weight: 400;\"><a href=\"https:\/\/www.sisinternational.com\/pt\/cobertura\/europa\/pesquisa-de-mercado-em-liverpool-reino-unido\/\" title=\"Pesquisa de Mercado em Liverpool | Grupos focais e coleta de dados no Reino Unido\"  data-wpil-monitor-id=\"9320\">Market Research is the systematic collection<\/a> and analysis of data about the consumers a company is targeting. <a href=\"https:\/\/www.sisinternational.com\/pt\/pericia\/curriculos-de-experiencia\/pesquisa-de-marca\/\" title=\"Empresa de pesquisa de marca\"  data-wpil-monitor-id=\"9324\">Companies do this research<\/a> to understand what their audience needs. They then summarize this research data in a report. The business owner can use this report to make informed decisions for the company.<\/span><\/p>\n\n\n\n<p><span style=\"font-weight: 400;\">This type of undertaking uses two approaches; Qualitative and <a href=\"https:\/\/www.sisinternational.com\/pt\/top-5-benefits-of-conducting-quantitative-market-research\/\" title=\"Top 5 Benefits of Conducting Quantitative Market Research\"  data-wpil-monitor-id=\"9318\">Pesquisa Quantitativa de Mercado<\/a>. In Qualitative Research, the focus is on non-numerical data. For the Quantitative approach, researchers take real measurements. Here, they will use data collection methods like questionnaires, surveys, and polls. Quantitative Research also includes the use of mathematical numerical data analysis, and much more.<\/span><\/p>\n\n\n\n<p><span style=\"font-weight: 400;\"><a href=\"https:\/\/www.sisinternational.com\/pt\/entre-em-contato-com-a-sis-international-market-research\/\" title=\"Contate-nos\"  data-wpil-monitor-id=\"9317\">A SIS International Research<\/a> has been in the business for many years. We have the experience, coverage and <a href=\"https:\/\/www.sisinternational.com\/pt\/pericia\/industrias\/pesquisa-de-mercado-de-recursos-naturais\/\" title=\"Pesquisa de mercado de recursos naturais\"  data-wpil-monitor-id=\"9319\">resources to deliver the best research<\/a> services.&nbsp;<\/span><\/p>\n\n\n\n<h2 class=\"wp-block-heading\"><a href=\"https:\/\/www.sisinternational.com\/pt\/about-sis\/contact-sis-international-market-research\/\">Contate-nos para seu pr\u00f3ximo projeto de pesquisa de mercado de gerenciamento de res\u00edduos.<\/a><\/h2>\n\n\n\n<p><\/p>","protected":false},"excerpt":{"rendered":"<p>Descubra como a Pesquisa de Mercado de Gest\u00e3o de Res\u00edduos pode impulsionar seu desempenho.<\/p>","protected":false},"author":1,"featured_media":64755,"parent":14514,"menu_order":50,"comment_status":"closed","ping_status":"closed","template":"","meta":{"footnotes":""},"class_list":["post-31758","page","type-page","status-publish","has-post-thumbnail"],"_links":{"self":[{"href":"https:\/\/www.sisinternational.com\/pt\/wp-json\/wp\/v2\/pages\/31758","targetHints":{"allow":["GET"]}}],"collection":[{"href":"https:\/\/www.sisinternational.com\/pt\/wp-json\/wp\/v2\/pages"}],"about":[{"href":"https:\/\/www.sisinternational.com\/pt\/wp-json\/wp\/v2\/types\/page"}],"author":[{"embeddable":true,"href":"https:\/\/www.sisinternational.com\/pt\/wp-json\/wp\/v2\/users\/1"}],"replies":[{"embeddable":true,"href":"https:\/\/www.sisinternational.com\/pt\/wp-json\/wp\/v2\/comments?post=31758"}],"version-history":[{"count":4,"href":"https:\/\/www.sisinternational.com\/pt\/wp-json\/wp\/v2\/pages\/31758\/revisions"}],"predecessor-version":[{"id":81559,"href":"https:\/\/www.sisinternational.com\/pt\/wp-json\/wp\/v2\/pages\/31758\/revisions\/81559"}],"up":[{"embeddable":true,"href":"https:\/\/www.sisinternational.com\/pt\/wp-json\/wp\/v2\/pages\/14514"}],"wp:featuredmedia":[{"embeddable":true,"href":"https:\/\/www.sisinternational.com\/pt\/wp-json\/wp\/v2\/media\/64755"}],"wp:attachment":[{"href":"https:\/\/www.sisinternational.com\/pt\/wp-json\/wp\/v2\/media?parent=31758"}],"curies":[{"name":"wp","href":"https:\/\/api.w.org\/{rel}","templated":true}]}}