{"id":31732,"date":"2019-05-27T04:16:46","date_gmt":"2019-05-27T04:16:46","guid":{"rendered":"https:\/\/www.sisinternational.com\/?page_id=31732"},"modified":"2026-03-12T12:41:27","modified_gmt":"2026-03-12T16:41:27","slug":"pesquisa-de-mercado-de-assistente-de-enfermagem-virtual","status":"publish","type":"page","link":"https:\/\/www.sisinternational.com\/pt\/solucoes\/pesquisa-de-mercado-de-saude\/pesquisa-de-mercado-de-assistente-de-enfermagem-virtual\/","title":{"rendered":"Pesquisa de mercado de assistente de enfermagem virtual"},"content":{"rendered":"<h1 class=\"wp-block-heading\"><span style=\"font-weight: 400;\">Pesquisa de mercado de assistente de enfermagem virtual<\/span><\/h1>\n\n\n\n<figure class=\"gb-block-image gb-block-image-4d96b787\"><img loading=\"lazy\" decoding=\"async\" width=\"1456\" height=\"816\" class=\"gb-image gb-image-4d96b787\" src=\"https:\/\/www.sisinternational.com\/wp-content\/uploads\/2025\/08\/Virtual-nurse-1.jpg\" alt=\"Pesquisa e Estrat\u00e9gia de Mercado Internacional da SIS\" title=\"Virtual nurse (1)\" srcset=\"https:\/\/www.sisinternational.com\/wp-content\/uploads\/2025\/08\/Virtual-nurse-1.jpg 1456w, https:\/\/www.sisinternational.com\/wp-content\/uploads\/2025\/08\/Virtual-nurse-1-300x168.jpg 300w, https:\/\/www.sisinternational.com\/wp-content\/uploads\/2025\/08\/Virtual-nurse-1-1024x574.jpg 1024w, https:\/\/www.sisinternational.com\/wp-content\/uploads\/2025\/08\/Virtual-nurse-1-768x430.jpg 768w, https:\/\/www.sisinternational.com\/wp-content\/uploads\/2025\/08\/Virtual-nurse-1-18x10.jpg 18w\" sizes=\"auto, (max-width: 1456px) 100vw, 1456px\"><\/figure>\n\n\n\n<p><\/p>\n\n\n\n<h2 class=\"wp-block-heading\"><span style=\"font-weight: 400;\">Como a pesquisa de mercado beneficia o setor de sa\u00fade<\/span><\/h2>\n\n\n\n<p><span style=\"font-weight: 400;\">A componente digital dos cuidados de sa\u00fade est\u00e1 a tornar-se rapidamente numa especialidade tecnol\u00f3gica onde m\u00e9dicos, enfermeiros e auxiliares de enfermagem desempenham um papel essencial. O acesso remoto aos cuidados de sa\u00fade abre muitas oportunidades. Os pacientes agora podem gerenciar sua sa\u00fade. Eles ainda precisam de orienta\u00e7\u00e3o profissional e acompanhamento dos prestadores de cuidados de sa\u00fade. <\/span><\/p>\n\n\n\n<ul class=\"wp-block-list\">\n<li><span style=\"font-weight: 400;\">How exactly are these professionals presenting the <a href=\"https:\/\/www.sisinternational.com\/pt\/pericia\/industrias\/pesquisa-de-mercado-demografica\/\" title=\"Pesquisa de mercado demogr\u00e1fica\"  data-wpil-monitor-id=\"10913\">market to the target demographic<\/a>? <\/span><\/li>\n\n\n\n<li><span style=\"font-weight: 400;\">Os pacientes sabem sobre os servi\u00e7os virtuais que voc\u00ea oferece? <\/span><\/li>\n\n\n\n<li><span style=\"font-weight: 400;\">Os pacientes sabem como uma enfermeira assistente virtual pode benefici\u00e1-los?&nbsp; <\/span><\/li>\n<\/ul>\n\n\n\n<p><span style=\"font-weight: 400;\">A pesquisa de mercado desempenha um papel crucial na resposta a essas perguntas.<\/span><\/p>\n\n\n\n<h2 class=\"wp-block-heading\"><span style=\"font-weight: 400;\">Elaborando a campanha de marketing certa<\/span><\/h2>\n\n\n\n<p><span style=\"font-weight: 400;\"><a href=\"https:\/\/www.sisinternational.com\/pt\/pericia\/industrias\/entrevista-por-telefone-assistida-por-computador-pesquisa-de-mercado\/\" title=\"Pesquisa de mercado de entrevistas por telefone assistidas por computador\"  data-wpil-monitor-id=\"5777\">Market research generates data for virtual<\/a> nurse assistants and other professionals, which they can use to craft an appropriate marketing campaign targeting a specific demographic. Accurate <a href=\"https:\/\/www.sisinternational.com\/pt\/pericia\/industrias\/pesquisa-de-mercado-de-coleta-de-dados\/\" title=\"Pesquisa de mercado de coleta de dados\"  data-wpil-monitor-id=\"10907\">data collection<\/a> and analysis are essential for creating marketing or advertising strategies that reach the correct demographic. The focus has to be on the demographic that health care services will benefit. Data collection is particularly important if the advertising <a href=\"https:\/\/www.sisinternational.com\/pt\/estrategia-de-marketing-integrada-para-uma-plataforma-de-negociacao-online-inovadora\/\" title=\"Campanha de marketing para uma plataforma inovadora de negocia\u00e7\u00e3o online\"  data-wpil-monitor-id=\"10908\">campaign targets a niche market<\/a>. For example, the aim can be clients looking for the services of virtual nurse assistants. Without reliable research data, the wrong reports may drive the marketing campaign. This type of marketing could affect the efficacy of the campaign.<\/span><\/p>\n\n\n\n<h2 class=\"wp-block-heading\"><span style=\"font-weight: 400;\">Tornando os dados do provedor mais confi\u00e1veis<\/span><\/h2>\n\n\n\n<p><span style=\"font-weight: 400;\">Accurate <a href=\"https:\/\/www.sisinternational.com\/pt\/solucoes\/pesquisa-de-consultoria-em-estrategia-fintech\/pesquisa-de-mercado-de-analise-de-dados-bancarios\/\" title=\"Pesquisa de mercado de an\u00e1lise de dados banc\u00e1rios\"  data-wpil-monitor-id=\"10916\">data comes from sound research<\/a> techniques. This principle also holds in the health care industry. In healthcare, wrong or inaccurate data can pose a danger to human lives. Health care businesses should avail themselves of vigorous and reliable market research. They should ensure that the market researchers that they hire can produce accurate data. By publishing the study, they put themselves in a credible, trusted position. This position makes them more attractive to potential customers. Reliable data makes for better advertising. For example, you can show how hiring a virtual nursing assistant reduces emergency room visits. &nbsp;Virtual nursing assistants can use such data for several other purposes, such as promoting their services to house-bound or senior patients.<\/span><\/p>\n\n\n\n<h2 class=\"wp-block-heading\"><span style=\"font-weight: 400;\">Cria\u00e7\u00e3o de servi\u00e7os de sa\u00fade direcionados que atendem a necessidades espec\u00edficas<\/span><\/h2>\n\n\n\n<p><span style=\"font-weight: 400;\">Marketing research not only focuses on how to present and deliver services. Survey results can also determine what kind of services a target population needs. A population is always more receptive to a <a href=\"https:\/\/www.sisinternational.com\/pt\/solucoes\/pesquisa-de-consultoria-em-estrategia-fintech\/pesquisa-de-mercado-de-servicos-financeiros\/\" title=\"Pesquisa de mercado de servi\u00e7os financeiros\"  data-wpil-monitor-id=\"10909\">marketing campaign for a service<\/a> that they need. The reverse is also true. For example, it <a href=\"https:\/\/www.sisinternational.com\/pt\/solucoes\/solucoes-de-branding-e-pesquisa-de-clientes\/pesquisa-de-mercado-para-contar-historias\/\" title=\"Pesquisa de mercado para contar hist\u00f3rias\"  data-wpil-monitor-id=\"10911\">tells you where to market<\/a> senior home health care services. It also tells you that such a venture would not make sense in an area where the older population is less than 5%.<\/span><\/p>\n\n\n\n<h2 class=\"wp-block-heading\"><span style=\"font-weight: 400;\">Manter-se atualizado sobre as tend\u00eancias do mercado<\/span><\/h2>\n\n\n\n<p><span style=\"font-weight: 400;\">A pesquisa de mercado re\u00fane dados sobre os produtos e servi\u00e7os que o p\u00fablico-alvo deseja. Tamb\u00e9m fornece informa\u00e7\u00f5es sobre o melhor tipo de entrega para dados demogr\u00e1ficos espec\u00edficos. Ele informa qual \u00e9poca do ano \u00e9 melhor para uma campanha espec\u00edfica e assim por diante. Todos esses dados podem ajudar na elabora\u00e7\u00e3o de campanhas eficazes e eficientes. Essas campanhas trar\u00e3o o mais alto n\u00edvel de exposi\u00e7\u00e3o a um novo produto ou servi\u00e7o.<\/span><\/p>\n\n\n\n<h2 class=\"wp-block-heading\">Sobre a pesquisa de mercado de enfermeiras virtuais<\/h2>\n\n\n\n<p><span style=\"font-weight: 400;\">Market research is crucial for any marketing campaign. We provide Qualitative, <a href=\"https:\/\/www.sisinternational.com\/pt\/how-to-design-effective-surveys-for-quantitative-research\/\" title=\"How to Design Effective Surveys for Quantitative Research\"  data-wpil-monitor-id=\"10912\">Quantitative and Strategy Research<\/a>.&nbsp; Research ensures campaign efficacy and better use of resources. It also gives you a better connection to the target demographic and assures the delivery of services to the demographic that needs it most. This information on the customers you&#8217;re advertising to is the reason why the best companies make market research a priority. They do due diligence before making important <a href=\"https:\/\/www.sisinternational.com\/pt\/publicacoes\/pesquisa-de-mercado-de-negocios-escalaveis-7-maneiras-de-construir-um-negocio-escalavel\/\" title=\"Pesquisa de mercado de neg\u00f3cios escal\u00e1veis: 7 maneiras de construir um neg\u00f3cio escal\u00e1vel\"  data-wpil-monitor-id=\"10914\">marketing and business<\/a> decisions. If businesses want to succeed in the health care industry, they should follow suit.<\/span><\/p>\n\n\n\n<h2 class=\"wp-block-heading\"><a href=\"https:\/\/www.sisinternational.com\/pt\/about-sis\/contact-sis-international-market-research\/\">Contate-nos para o seu pr\u00f3ximo <span style=\"font-weight: 400;\">Projeto de pesquisa de mercado de assistente de enfermagem virtual.<\/span><\/a><\/h2>\n\n\n\n<p><\/p>","protected":false},"excerpt":{"rendered":"<p>Descubra como a pesquisa de mercado do Virtual Nurse Assistant pode aumentar sua produtividade.<\/p>","protected":false},"author":1,"featured_media":64912,"parent":11294,"menu_order":49,"comment_status":"closed","ping_status":"closed","template":"","meta":{"footnotes":""},"class_list":["post-31732","page","type-page","status-publish","has-post-thumbnail"],"_links":{"self":[{"href":"https:\/\/www.sisinternational.com\/pt\/wp-json\/wp\/v2\/pages\/31732","targetHints":{"allow":["GET"]}}],"collection":[{"href":"https:\/\/www.sisinternational.com\/pt\/wp-json\/wp\/v2\/pages"}],"about":[{"href":"https:\/\/www.sisinternational.com\/pt\/wp-json\/wp\/v2\/types\/page"}],"author":[{"embeddable":true,"href":"https:\/\/www.sisinternational.com\/pt\/wp-json\/wp\/v2\/users\/1"}],"replies":[{"embeddable":true,"href":"https:\/\/www.sisinternational.com\/pt\/wp-json\/wp\/v2\/comments?post=31732"}],"version-history":[{"count":6,"href":"https:\/\/www.sisinternational.com\/pt\/wp-json\/wp\/v2\/pages\/31732\/revisions"}],"predecessor-version":[{"id":81785,"href":"https:\/\/www.sisinternational.com\/pt\/wp-json\/wp\/v2\/pages\/31732\/revisions\/81785"}],"up":[{"embeddable":true,"href":"https:\/\/www.sisinternational.com\/pt\/wp-json\/wp\/v2\/pages\/11294"}],"wp:featuredmedia":[{"embeddable":true,"href":"https:\/\/www.sisinternational.com\/pt\/wp-json\/wp\/v2\/media\/64912"}],"wp:attachment":[{"href":"https:\/\/www.sisinternational.com\/pt\/wp-json\/wp\/v2\/media?parent=31732"}],"curies":[{"name":"wp","href":"https:\/\/api.w.org\/{rel}","templated":true}]}}