{"id":31724,"date":"2019-05-27T03:35:02","date_gmt":"2019-05-27T03:35:02","guid":{"rendered":"https:\/\/www.sisinternational.com\/?page_id=31724"},"modified":"2026-01-24T21:21:35","modified_gmt":"2026-01-25T02:21:35","slug":"pesquisa-de-mercado-de-robotica","status":"publish","type":"page","link":"https:\/\/www.sisinternational.com\/pt\/pericia\/pesquisa-de-mercado-de-robotica\/","title":{"rendered":"Pesquisa de mercado de rob\u00f3tica"},"content":{"rendered":"<h1 class=\"wp-block-heading\">Pesquisa de mercado de rob\u00f3tica<\/h1>\n\n\n\n<figure class=\"gb-block-image gb-block-image-2b0bd51f\"><img loading=\"lazy\" decoding=\"async\" width=\"1456\" height=\"816\" class=\"gb-image gb-image-2b0bd51f\" src=\"https:\/\/www.sisinternational.com\/wp-content\/uploads\/2025\/08\/Industrial-2-1.jpg\" alt=\"Pesquisa e Estrat\u00e9gia de Mercado Internacional da SIS\" title=\"Industrial (2)\" srcset=\"https:\/\/www.sisinternational.com\/wp-content\/uploads\/2025\/08\/Industrial-2-1.jpg 1456w, https:\/\/www.sisinternational.com\/wp-content\/uploads\/2025\/08\/Industrial-2-1-300x168.jpg 300w, https:\/\/www.sisinternational.com\/wp-content\/uploads\/2025\/08\/Industrial-2-1-1024x574.jpg 1024w, https:\/\/www.sisinternational.com\/wp-content\/uploads\/2025\/08\/Industrial-2-1-768x430.jpg 768w, https:\/\/www.sisinternational.com\/wp-content\/uploads\/2025\/08\/Industrial-2-1-18x10.jpg 18w\" sizes=\"auto, (max-width: 1456px) 100vw, 1456px\"><\/figure>\n\n\n\n<p><\/p>\n\n\n\n<h2 class=\"wp-block-heading\"><span style=\"font-weight: 400;\">A rob\u00f3tica pode transformar seu neg\u00f3cio e sua ind\u00fastria<\/span><\/h2>\n\n\n\n<p>The rise of Digital Transformation, Artificial Intelligence and advances in cloud computing have unleashed a tremendous amount of investment in Robotics.&nbsp; By automating processes, companies are witnessing large gains in productivity and boosts in performance.&nbsp; Competitors can gain advantages by incorporating robotics in their businesses, and Market Research uncovers how your company can benefit.<\/p>\n\n\n\n<h2 class=\"wp-block-heading\">Os principais setores de crescimento em rob\u00f3tica incluem:<\/h2>\n\n\n\n<ul class=\"wp-block-list\">\n<li>Dispositivos rob\u00f3ticos<\/li>\n\n\n\n<li>Ve\u00edculos Aut\u00f4nomos A\u00e9reos, Mar\u00edtimos e Terrestres<\/li>\n\n\n\n<li>Explora\u00e7\u00e3o espacial<\/li>\n\n\n\n<li>Sistemas de controle<\/li>\n\n\n\n<li>Modelagem Biomim\u00e9tica<\/li>\n\n\n\n<li>Rob\u00f4s de fabrica\u00e7\u00e3o inteligentes<\/li>\n\n\n\n<li>Rob\u00f3tica de Sa\u00fade<\/li>\n\n\n\n<li>Rob\u00f3tica de entrega<\/li>\n<\/ul>\n\n\n\n<p><span style=\"font-weight: 400;\">A significant rise in the use of robots for manufacturing is expected over the next decade. Analysts also expect growth in related industries. For example, the <a href=\"https:\/\/www.sisinternational.com\/pt\/pericia\/industrias\/pesquisa-de-mercado-da-industria-da-borracha\/\" title=\"Pesquisa de mercado da ind\u00fastria da borracha\"  data-wpil-monitor-id=\"10835\">Rubber and Plastics industry<\/a> has projected an increase in the short term. The same goes for the Asian-Pacific technological markets.&nbsp;<\/span><\/p>\n\n\n\n<h2 class=\"wp-block-heading\">Benef\u00edcios da Rob\u00f3tica<\/h2>\n\n\n\n<ul class=\"wp-block-list\">\n<li>Aumentos na produtividade<\/li>\n\n\n\n<li>Aumento de empregos melhores<\/li>\n\n\n\n<li>Complementando o trabalho<\/li>\n\n\n\n<li>Menos risco<\/li>\n\n\n\n<li>Mais tempo de atividade<\/li>\n\n\n\n<li>Maior utiliza\u00e7\u00e3o de ativos<\/li>\n\n\n\n<li>Aumento do ROI e ROA<\/li>\n\n\n\n<li>Aumento da competitividade do mercado<\/li>\n\n\n\n<li>Maior Precis\u00e3o nos processos<\/li>\n<\/ul>\n\n\n\n<h2 class=\"wp-block-heading\">A pesquisa de mercado examina o impacto da rob\u00f3tica no seu neg\u00f3cio<\/h2>\n\n\n\n<h3 class=\"wp-block-heading\"><span style=\"font-weight: 400;\">1.&nbsp; It Offers Priceless Knowledge About Competitors<\/span><\/h3>\n\n\n\n<p><span style=\"font-weight: 400;\">Use of robots to aid humans in production and manufacturing has grown to notable levels. New entrants are making their way into the marketplace every other year. As a result, the market is becoming saturated. Established <a href=\"https:\/\/www.sisinternational.com\/pt\/pericia\/industrias\/solucoes-de-pesquisa-de-mercado-de-saude\/\" title=\"Empresa de pesquisa de mercado no setor de sa\u00fade\"  data-wpil-monitor-id=\"10831\">firms have already conducted their research<\/a>. If you\u2019re a market entrant, you should go a step further and dig deeper so you can stay relevant and agile. Your <a href=\"https:\/\/www.sisinternational.com\/pt\/solucoes\/consultoria-estrategica\/consultoria-em-estrategia-de-pesquisa-de-mercado-de-capacitacao-de-vendas\/\" title=\"Pesquisa de mercado e consultoria estrat\u00e9gica para capacita\u00e7\u00e3o de vendas\"  data-wpil-monitor-id=\"10854\">research will enable<\/a> you to make swift decisions. You can take advantage of loopholes and gaps that the competitor hasn\u2019t capitalized on, yet. You can then come up with faster and efficient robot-based machinery. With such innovation, you can <a href=\"https:\/\/www.sisinternational.com\/pt\/pericia\/industrias\/pesquisa-de-mercado-de-analise-meteorologica\/\" title=\"Pesquisa de mercado de an\u00e1lise meteorol\u00f3gica\"  data-wpil-monitor-id=\"10843\">weather the storm in the competitive market<\/a>.<\/span><\/p>\n\n\n\n<h3 class=\"wp-block-heading\"><span style=\"font-weight: 400;\">2.&nbsp; It Enables You to Test Your Products with Customers<\/span><\/h3>\n\n\n\n<p><span style=\"font-weight: 400;\">It is always wise to <a href=\"https:\/\/www.sisinternational.com\/pt\/solucoes\/teste-de-sabor\/sparkling-water-taste-testing\/\" title=\"Sparkling Water Taste Testing\"  data-wpil-monitor-id=\"10859\">test the depth of the waters<\/a> before submerging your two feet. No one wants to enter into the robotics industry in full throttle and end up bankrupt after a year or two. Consistency is key. You can only achieve consistency via a series of well-thought out <a href=\"https:\/\/www.sisinternational.com\/pt\/solucoes\/inovacao\/como-escalar-um-negocio\/\" title=\"Como escalar um neg\u00f3cio | Alcan\u00e7ando o crescimento exponencial\"  data-wpil-monitor-id=\"10862\">business<\/a> decisions. Qualitative <a href=\"https:\/\/www.sisinternational.com\/pt\/top-5-benefits-of-qualitative-market-research-for-businesses\/\" title=\"Top 5 Benefits of Qualitative Market Research for Businesses\"  data-wpil-monitor-id=\"10848\">pesquisar<\/a> can help you to maximize the benefits associated with the former and show you how to make the most of similar convergent technologies. It will be a pointer to why and how to invest.<\/span><\/p>\n\n\n\n<h3 class=\"wp-block-heading\"><span style=\"font-weight: 400;\">3.&nbsp; It Enables Business Growth<\/span><\/h3>\n\n\n\n<p><span style=\"font-weight: 400;\"><a href=\"https:\/\/www.sisinternational.com\/pt\/pericia\/industrias\/pesquisa-de-mercado-de-robos-cirurgicos\/\" title=\"Pesquisa de mercado de rob\u00f4s cir\u00fargicos\"  data-wpil-monitor-id=\"6615\">Market Research enables your robotics<\/a> business to scale greater heights. However, it demands that you keep pace with the latest trends in the marketplace. You will also need to cultivate cutting edge knowledge crucial to your firm\u2019s expansion. Quantitative research is a handy tool for a more extensive theoretical experience. It is essential for the development of new robots. For example, you need it in mobile robotics. In this field, you must understand the interaction between robot, task, and environment. &nbsp;<\/span><\/p>\n\n\n\n<h2 class=\"wp-block-heading\"><span style=\"font-weight: 400;\">Sobre pesquisa de mercado de rob\u00f3tica<\/span><\/h2>\n\n\n\n<p><span style=\"font-weight: 400;\">Mercado <a href=\"https:\/\/www.sisinternational.com\/pt\/solucoes\/pesquisa-de-consultoria-em-estrategia-fintech\/pesquisa-de-mercado-de-capital-de-risco\/\" title=\"Pesquisa de mercado de capital de risco\"  data-wpil-monitor-id=\"10839\">Pesquisar<\/a> is the prime catalyst for any successful business venture.&nbsp; It analyzes customers and competitors. The aim is to foster business growth. In a world of robots that are evolving, top-notch <a href=\"https:\/\/www.sisinternational.com\/pt\/pericia\/industrias\/pesquisa-de-mercado-sobre-perda-auditiva\/\" title=\"Pesquisa de mercado sobre perda auditiva\u00a0 \u00a0\"  data-wpil-monitor-id=\"3360\">market research will help you minimize losses<\/a>. It detects plenty of business opportunities. It also helps you to comprehend the needs of your customer. A blend of these yields business satisfaction.<\/span><\/p>\n\n\n\n<p><\/p>","protected":false},"excerpt":{"rendered":"<p>A transforma\u00e7\u00e3o digital, a IA e a computa\u00e7\u00e3o em nuvem desencadearam enormes investimentos em rob\u00f3tica e pesquisa de mercado de rob\u00f3tica.<\/p>","protected":false},"author":1,"featured_media":63181,"parent":14514,"menu_order":48,"comment_status":"closed","ping_status":"closed","template":"","meta":{"footnotes":""},"class_list":["post-31724","page","type-page","status-publish","has-post-thumbnail"],"_links":{"self":[{"href":"https:\/\/www.sisinternational.com\/pt\/wp-json\/wp\/v2\/pages\/31724","targetHints":{"allow":["GET"]}}],"collection":[{"href":"https:\/\/www.sisinternational.com\/pt\/wp-json\/wp\/v2\/pages"}],"about":[{"href":"https:\/\/www.sisinternational.com\/pt\/wp-json\/wp\/v2\/types\/page"}],"author":[{"embeddable":true,"href":"https:\/\/www.sisinternational.com\/pt\/wp-json\/wp\/v2\/users\/1"}],"replies":[{"embeddable":true,"href":"https:\/\/www.sisinternational.com\/pt\/wp-json\/wp\/v2\/comments?post=31724"}],"version-history":[{"count":5,"href":"https:\/\/www.sisinternational.com\/pt\/wp-json\/wp\/v2\/pages\/31724\/revisions"}],"predecessor-version":[{"id":81779,"href":"https:\/\/www.sisinternational.com\/pt\/wp-json\/wp\/v2\/pages\/31724\/revisions\/81779"}],"up":[{"embeddable":true,"href":"https:\/\/www.sisinternational.com\/pt\/wp-json\/wp\/v2\/pages\/14514"}],"wp:featuredmedia":[{"embeddable":true,"href":"https:\/\/www.sisinternational.com\/pt\/wp-json\/wp\/v2\/media\/63181"}],"wp:attachment":[{"href":"https:\/\/www.sisinternational.com\/pt\/wp-json\/wp\/v2\/media?parent=31724"}],"curies":[{"name":"wp","href":"https:\/\/api.w.org\/{rel}","templated":true}]}}