{"id":31703,"date":"2019-05-22T01:57:37","date_gmt":"2019-05-22T01:57:37","guid":{"rendered":"https:\/\/www.sisinternational.com\/?page_id=31703"},"modified":"2025-09-13T21:44:44","modified_gmt":"2025-09-14T01:44:44","slug":"pesquisa-de-mercado-de-drones","status":"publish","type":"page","link":"https:\/\/www.sisinternational.com\/pt\/pericia\/pesquisa-de-mercado-de-drones\/","title":{"rendered":"Pesquisa de mercado de drones"},"content":{"rendered":"<h1 class=\"wp-block-heading\">Pesquisa de mercado de drones<\/h1>\n\n\n\n<figure class=\"gb-block-image gb-block-image-f0d1028f\"><img loading=\"lazy\" decoding=\"async\" width=\"1456\" height=\"816\" class=\"gb-image gb-image-f0d1028f\" src=\"https:\/\/www.sisinternational.com\/wp-content\/uploads\/2025\/08\/Drone-11.jpg\" alt=\"Pesquisa e Estrat\u00e9gia de Mercado Internacional da SIS\" title=\"Drone (11)\" srcset=\"https:\/\/www.sisinternational.com\/wp-content\/uploads\/2025\/08\/Drone-11.jpg 1456w, https:\/\/www.sisinternational.com\/wp-content\/uploads\/2025\/08\/Drone-11-300x168.jpg 300w, https:\/\/www.sisinternational.com\/wp-content\/uploads\/2025\/08\/Drone-11-1024x574.jpg 1024w, https:\/\/www.sisinternational.com\/wp-content\/uploads\/2025\/08\/Drone-11-768x430.jpg 768w, https:\/\/www.sisinternational.com\/wp-content\/uploads\/2025\/08\/Drone-11-18x10.jpg 18w\" sizes=\"auto, (max-width: 1456px) 100vw, 1456px\"><\/figure>\n\n\n\n<p><\/p>\n\n\n\n<h2 class=\"wp-block-heading\"><span style=\"font-weight: 400;\">O mercado de drones est\u00e1 crescendo em todo o mundo&nbsp;&nbsp;<\/span><\/h2>\n\n\n\n<p><span style=\"font-weight: 400;\">Este crescimento se deve a um aumento significativo na popularidade do uso comercial de drones. Essas m\u00e1quinas podem ser usadas em diversas ind\u00fastrias.<\/span><\/p>\n\n\n\n<p><span style=\"font-weight: 400;\">A alta demanda e os baixos custos iniciais encorajaram muitas startups de drones. Com mais jogadores vem mais competi\u00e7\u00e3o, o que tornou mais desafiador administrar um neg\u00f3cio de drones.<\/span><\/p>\n\n\n\n<p><span style=\"font-weight: 400;\">To maintain a strong position in the drone market, startups rely on market research. It&#8217;s the best way to stay ahead of the competition. <a href=\"https:\/\/www.sisinternational.com\/pt\/pericia\/industrias\/pesquisa-de-mercado-de-coleta-de-dados\/\" title=\"Pesquisa de mercado de coleta de dados\"  data-wpil-monitor-id=\"8040\">Market research is about collecting<\/a> and analyzing customer information. It helps you make your drone business the best it can be, which in turn enables you to increase revenue and sales.<\/span><\/p>\n\n\n\n<h2 class=\"wp-block-heading\">Pesquisa de mercado na ind\u00fastria de drones<\/h2>\n\n\n\n<p><span style=\"font-weight: 400;\"><a href=\"https:\/\/www.sisinternational.com\/pt\/top-5-benefits-of-conducting-quantitative-market-research\/\" title=\"Top 5 Benefits of Conducting Quantitative Market Research\"  data-wpil-monitor-id=\"8035\">Pesquisa quantitativa de mercado<\/a> analyzes hard facts and statistics. This type of research is necessary to improve your products and services. It involves the large-scale collection of numerical data and statistics. <a href=\"https:\/\/www.sisinternational.com\/pt\/quantitative-market-research-methods-and-techniques\/\" title=\"Quantitative Market Research Methods and Techniques\"  data-wpil-monitor-id=\"8043\">Quantitative researchers use methods<\/a> such as surveys, polls, and many short interviews. They also use experiments, telephone interviews, emails, and observational research.<\/span><\/p>\n\n\n\n<p><span style=\"font-weight: 400;\"><a href=\"https:\/\/www.sisinternational.com\/pt\/tools-and-resources-for-qualitative-market-research\/\" title=\"Tools and Resources for Qualitative Market Research\"  data-wpil-monitor-id=\"8037\">Pesquisa de mercado qualitativa<\/a> discovers your customers&#8217; needs. It also measures their activities, attitude, and reactions toward your products and services. It determines what your customers feel about your products. It tells you their expectations of your business. Research reveals their attitudes towards your competitors, and what influences their buying decisions. <a href=\"https:\/\/www.sisinternational.com\/pt\/sampling-techniques-in-qualitative-research-the-complete-guide-to-choosing-the-right-method\/\" title=\"Sampling Techniques in Qualitative Research: The Complete Guide to Choosing the Right Method\"  data-wpil-monitor-id=\"8044\">Qualitative researchers<\/a> use unstructured observation and review methods. For example, they use focus groups, group discussions, and in-depth interviews.<\/span><\/p>\n\n\n\n<p><span style=\"font-weight: 400;\"><a href=\"https:\/\/www.sisinternational.com\/pt\/pericia\/industrias\/pesquisa-de-mercado-industrial\/\" title=\"Pesquisa e Estrat\u00e9gia de Mercado Industrial\"  data-wpil-monitor-id=\"8041\">Market research in the drone industry<\/a> offers you superior customer intelligence. It can help startups to project business growth and give them data-driven insights. Here are six reasons why you need market research for your drone enterprise:<\/span><\/p>\n\n\n\n<h2 class=\"wp-block-heading\">Ajuda voc\u00ea a encontrar seu nicho<\/h2>\n\n\n\n<p><span style=\"font-weight: 400;\">Um nicho \u00e9 um segmento espec\u00edfico no qual uma empresa se concentra. N\u00e3o fa\u00e7a neg\u00f3cios no mercado de drones sem identificar o seu nicho. Isso \u00e9 como atirar no escuro. Cada ind\u00fastria poss\u00edvel usa drones em uma ampla variedade de fun\u00e7\u00f5es. As pessoas os usam na agricultura, constru\u00e7\u00e3o, vigil\u00e2ncia, fotografia a\u00e9rea e v\u00eddeos. Eles tamb\u00e9m s\u00e3o \u00fateis para monitoramento de tr\u00e1fego, energia, atividades recreativas e muito mais.<\/span><\/p>\n\n\n\n<p><span style=\"font-weight: 400;\">Voc\u00ea deve ter uma ideia exata dos tipos de produtos e servi\u00e7os que sua empresa oferece. Por exemplo, voc\u00ea poderia ter muitos agricultores em sua regi\u00e3o interessados em uma forma de agricultura mais cient\u00edfica. Alternativamente, v\u00e1rios corretores de im\u00f3veis podem precisar de fotografia imobili\u00e1ria.<\/span><\/p>\n\n\n\n<p><span style=\"font-weight: 400;\">A pesquisa de mercado de drones determina seu segmento de mercado mais lucrativo. Ele testa seus produtos para identificar o que causa dor, problemas e desejos dos clientes. Ajuda voc\u00ea a ver quais problemas sua empresa est\u00e1 tentando resolver. Voc\u00ea descobrir\u00e1 o que interessa aos seus clientes e verificar\u00e1 a validade do seu nicho de mercado.<\/span><\/p>\n\n\n\n<h2 class=\"wp-block-heading\">Ajuda voc\u00ea a definir seu p\u00fablico-alvo<\/h2>\n\n\n\n<figure class=\"gb-block-image gb-block-image-20e69da2\"><img loading=\"lazy\" decoding=\"async\" width=\"1456\" height=\"816\" class=\"gb-image gb-image-20e69da2\" src=\"https:\/\/www.sisinternational.com\/wp-content\/uploads\/2025\/08\/Drone-8.jpg\" alt=\"Pesquisa e Estrat\u00e9gia de Mercado Internacional da SIS\" title=\"Drone (8)\" srcset=\"https:\/\/www.sisinternational.com\/wp-content\/uploads\/2025\/08\/Drone-8.jpg 1456w, https:\/\/www.sisinternational.com\/wp-content\/uploads\/2025\/08\/Drone-8-300x168.jpg 300w, https:\/\/www.sisinternational.com\/wp-content\/uploads\/2025\/08\/Drone-8-1024x574.jpg 1024w, https:\/\/www.sisinternational.com\/wp-content\/uploads\/2025\/08\/Drone-8-768x430.jpg 768w, https:\/\/www.sisinternational.com\/wp-content\/uploads\/2025\/08\/Drone-8-18x10.jpg 18w\" sizes=\"auto, (max-width: 1456px) 100vw, 1456px\"><\/figure>\n\n\n\n<p><\/p>\n\n\n\n<p><span style=\"font-weight: 400;\">Seu p\u00fablico-alvo \u00e9 o conjunto de clientes que sua empresa espera atender. Esse p\u00fablico geralmente tem necessidades semelhantes. A pesquisa qualitativa pode identificar os consumidores que est\u00e3o mais interessados em seus produtos\/servi\u00e7os. Ele identifica as pessoas espec\u00edficas com maior probabilidade de comprar de voc\u00ea do que de outras empresas do mercado.<\/span><\/p>\n\n\n\n<p><span style=\"font-weight: 400;\">Voc\u00ea pode categorizar as pessoas com maior probabilidade de comprar seus produtos. A maioria dos profissionais de marketing usa fatores como localiza\u00e7\u00e3o, idade e n\u00edvel de renda. Eles tamb\u00e9m analisam estilo de vida, atitudes, interesses, hobbies e muito mais.<\/span><\/p>\n\n\n\n<p><span style=\"font-weight: 400;\">Identifying your target audience helps you to understand them better. Once you know your buyers, you can cater to their needs. You&#8217;ll see how your drones fit into your customers&#8217; life. You&#8217;ll also find out what they find appealing and how they will use the product. Furthermore, <a href=\"https:\/\/www.sisinternational.com\/pt\/pesquisa-de-mercado-veterana-dos-eua-2\/\" title=\"Pesquisa de mercado de veteranos dos EUA\"  data-wpil-monitor-id=\"8034\">market research ensures you effective communication strategies<\/a> for your target market.<\/span><\/p>\n\n\n\n<h2 class=\"wp-block-heading\">Aumenta sua participa\u00e7\u00e3o no mercado<\/h2>\n\n\n\n<p><span style=\"font-weight: 400;\">A pesquisa ajuda voc\u00ea a encontrar seu nicho e mercado-alvo. Tamb\u00e9m pode ajud\u00e1-lo a estabelecer um plano de marketing eficaz, conquistando uma participa\u00e7\u00e3o de mercado mais significativa.<\/span><\/p>\n\n\n\n<p><span style=\"font-weight: 400;\">Seu plano de marketing pode fazer toda a diferen\u00e7a para o sucesso do seu neg\u00f3cio de drones. <\/span><\/p>\n\n\n\n<p><span style=\"font-weight: 400;\">A pesquisa de mercado de drones pode ajud\u00e1-lo a estabelecer metas alcan\u00e7\u00e1veis e identificar novas oportunidades no mercado. Tamb\u00e9m permite discernir novas \u00e1reas de expans\u00e3o.<\/span><\/p>\n\n\n\n<h2 class=\"wp-block-heading\">Ele mostra as mudan\u00e7as nas tend\u00eancias do mercado de drones<\/h2>\n\n\n\n<p><span style=\"font-weight: 400;\">A tecnologia drone mostrou um r\u00e1pido avan\u00e7o. \u00c9 um exemplo de como as tend\u00eancias de mercado do setor est\u00e3o mudando. A pesquisa de mercado pode ajud\u00e1-lo a identificar novas tend\u00eancias no mercado. Ajuda voc\u00ea a gerar ideias com potencial de lucro \u00e0 frente de seus concorrentes.<\/span><\/p>\n\n\n\n<h2 class=\"wp-block-heading\">Minimiza riscos e perdas<\/h2>\n\n\n\n<p><span style=\"font-weight: 400;\">In the current business climate, startups must protect themselves from loss. Qualitative and <a href=\"https:\/\/www.sisinternational.com\/pt\/top-5-benefits-of-qualitative-market-research-for-businesses\/\" title=\"Top 5 Benefits of Qualitative Market Research for Businesses\"  data-wpil-monitor-id=\"8038\">pesquisa de mercado qualitativa<\/a> is a boon for business owners. It helps remove costly assumptions in your business.<\/span><\/p>\n\n\n\n<h2 class=\"wp-block-heading\">Melhora a an\u00e1lise do concorrente<\/h2>\n\n\n\n<p><span style=\"font-weight: 400;\">The market research also involves competitive research (or competitive analysis). It consists of collecting and analyzing information about rival companies in the market. It helps you to create a competitive advantage. How? Because you will now know what your rivals are offering. You&#8217;ll also know how successful they are and which of their marketing efforts are failing. It pays to identify the strengths and weaknesses of your competitors&#8217; products. It helps you improve your products\/services to stand out from the rest.<\/span><\/p>\n\n\n\n<h2 class=\"wp-block-heading\">Sobre a pesquisa de mercado de drones<\/h2>\n\n\n\n<p><span style=\"font-weight: 400;\">O mercado de drones \u00e9 um mercado estimulante e em crescimento. A pesquisa de mercado de drones \u00e9 um \u00f3timo recurso que fornece recomenda\u00e7\u00f5es espec\u00edficas. \u00c9 para aumentar suas vendas e receitas. Isso o ajudar\u00e1 a tomar decis\u00f5es informadas. Voc\u00ea tamb\u00e9m poder\u00e1 ficar \u00e0 frente de seus concorrentes e ter um neg\u00f3cio pr\u00f3spero de drones.<\/span><\/p>\n\n\n\n<p><\/p>","protected":false},"excerpt":{"rendered":"<p>Descubra como voc\u00ea pode lan\u00e7ar seu pr\u00f3ximo projeto de pesquisa de mercado de drones.<\/p>","protected":false},"author":1,"featured_media":64467,"parent":14514,"menu_order":47,"comment_status":"closed","ping_status":"closed","template":"","meta":{"footnotes":""},"class_list":["post-31703","page","type-page","status-publish","has-post-thumbnail"],"_links":{"self":[{"href":"https:\/\/www.sisinternational.com\/pt\/wp-json\/wp\/v2\/pages\/31703","targetHints":{"allow":["GET"]}}],"collection":[{"href":"https:\/\/www.sisinternational.com\/pt\/wp-json\/wp\/v2\/pages"}],"about":[{"href":"https:\/\/www.sisinternational.com\/pt\/wp-json\/wp\/v2\/types\/page"}],"author":[{"embeddable":true,"href":"https:\/\/www.sisinternational.com\/pt\/wp-json\/wp\/v2\/users\/1"}],"replies":[{"embeddable":true,"href":"https:\/\/www.sisinternational.com\/pt\/wp-json\/wp\/v2\/comments?post=31703"}],"version-history":[{"count":4,"href":"https:\/\/www.sisinternational.com\/pt\/wp-json\/wp\/v2\/pages\/31703\/revisions"}],"predecessor-version":[{"id":68439,"href":"https:\/\/www.sisinternational.com\/pt\/wp-json\/wp\/v2\/pages\/31703\/revisions\/68439"}],"up":[{"embeddable":true,"href":"https:\/\/www.sisinternational.com\/pt\/wp-json\/wp\/v2\/pages\/14514"}],"wp:featuredmedia":[{"embeddable":true,"href":"https:\/\/www.sisinternational.com\/pt\/wp-json\/wp\/v2\/media\/64467"}],"wp:attachment":[{"href":"https:\/\/www.sisinternational.com\/pt\/wp-json\/wp\/v2\/media?parent=31703"}],"curies":[{"name":"wp","href":"https:\/\/api.w.org\/{rel}","templated":true}]}}