{"id":31667,"date":"2019-05-18T22:19:40","date_gmt":"2019-05-18T22:19:40","guid":{"rendered":"https:\/\/www.sisinternational.com\/?page_id=31667"},"modified":"2026-01-25T17:07:47","modified_gmt":"2026-01-25T22:07:47","slug":"pesquisa-de-mercado-para-tomadores-de-decisao-de-ti","status":"publish","type":"page","link":"https:\/\/www.sisinternational.com\/pt\/solucoes\/pesquisa-de-consultoria-em-estrategia-fintech\/pesquisa-de-mercado-para-tomadores-de-decisao-de-ti\/","title":{"rendered":"Pesquisa de mercado para tomadores de decis\u00e3o de TI"},"content":{"rendered":"<h1 class=\"wp-block-heading\">Pesquisa de mercado para tomadores de decis\u00e3o de TI<\/h1>\n\n\n\n<figure class=\"gb-block-image gb-block-image-08397f79\"><img loading=\"lazy\" decoding=\"async\" width=\"1456\" height=\"816\" class=\"gb-image gb-image-08397f79\" src=\"https:\/\/www.sisinternational.com\/wp-content\/uploads\/2025\/08\/Tech-15.jpg\" alt=\"Pesquisa e Estrat\u00e9gia de Mercado Internacional da SIS\" title=\"Tech (15)\" srcset=\"https:\/\/www.sisinternational.com\/wp-content\/uploads\/2025\/08\/Tech-15.jpg 1456w, https:\/\/www.sisinternational.com\/wp-content\/uploads\/2025\/08\/Tech-15-300x168.jpg 300w, https:\/\/www.sisinternational.com\/wp-content\/uploads\/2025\/08\/Tech-15-1024x574.jpg 1024w, https:\/\/www.sisinternational.com\/wp-content\/uploads\/2025\/08\/Tech-15-768x430.jpg 768w, https:\/\/www.sisinternational.com\/wp-content\/uploads\/2025\/08\/Tech-15-18x10.jpg 18w\" sizes=\"auto, (max-width: 1456px) 100vw, 1456px\"><\/figure>\n\n\n\n<hr class=\"wp-block-separator has-alpha-channel-opacity is-style-dots\"\/>\n\n\n\n<p><span style=\"font-weight: 400;\">IT decision maker market research is a systematic approach to understanding the behaviors, preferences, and challenges faced by individuals responsible for an organization&#8217;s technological direction and investments.&nbsp;<\/span><\/p>\n\n\n\n<h2 class=\"wp-block-heading\">O que \u00e9 pesquisa para tomadores de decis\u00f5es de TI?<\/h2>\n\n\n\n<p><span style=\"font-weight: 400;\">A pesquisa de mercado dos tomadores de decis\u00e3o de TI investiga a psique dos CIOs, CTOs, gerentes de TI e outras pessoas-chave que determinam os or\u00e7amentos de TI, selecionam fornecedores e definem a estrat\u00e9gia de TI que se alinhar\u00e1 \u00e0s metas e objetivos do neg\u00f3cio. <\/span><span style=\"font-weight: 400;\">In IT decision maker research, we conduct research with professionals at companies who influence purchasing and decision making in the company.&nbsp; This insight is very valuable and can provide the catalyst to make key decisions.&nbsp; <\/span><span style=\"font-weight: 400;\">As empresas de TI precisam conversar com os tomadores de decis\u00e3o de tecnologia para:<\/span><\/p>\n\n\n\n<ul class=\"wp-block-list\">\n<li><span style=\"font-weight: 400;\">para entender as prefer\u00eancias e os pontos problem\u00e1ticos do tomador de decis\u00e3o de neg\u00f3cios. <\/span><\/li>\n\n\n\n<li><span style=\"font-weight: 400;\">para entender os processos de compra, jornadas do cliente e padr\u00f5es<\/span><\/li>\n\n\n\n<li><span style=\"font-weight: 400;\">para testar novos produtos, campanhas publicit\u00e1rias, sites e conceitos<\/span><\/li>\n\n\n\n<li><span style=\"font-weight: 400;\">para entender as mudan\u00e7as nas tend\u00eancias do mercado<\/span><\/li>\n\n\n\n<li>para descobrir novas oportunidades e movimentos competitivos<\/li>\n<\/ul>\n\n\n\n<h2 class=\"wp-block-heading\"><strong>Por que as empresas precisam de pesquisa de mercado para tomadores de decis\u00e3o de TI<\/strong><\/h2>\n\n\n\n<p><span style=\"font-weight: 400;\">A pesquisa de mercado dos tomadores de decis\u00e3o de TI permite que as empresas antecipem necessidades, prevejam mudan\u00e7as na demanda e entendam o processo de tomada de decis\u00e3o pelo qual os l\u00edderes de TI passam ao avaliar solu\u00e7\u00f5es.<\/span><\/p>\n\n\n\n<p><span style=\"font-weight: 400;\">This research equips technology vendors and service providers with the knowledge to craft compelling value propositions that resonate with IT leaders, ensuring that their solutions align with the market&#8217;s pain points and aspirations. Moreover, by understanding the decision-making hierarchy within organizations, vendors can tailor their engagement strategies to the right stakeholders, enhancing the effectiveness of sales and marketing efforts.<\/span><\/p>\n\n\n\n<p><span style=\"font-weight: 400;\">Al\u00e9m disso, a pesquisa de mercado dos tomadores de decis\u00e3o de TI informa os roteiros de desenvolvimento de produtos. Mantendo o controle sobre o que os l\u00edderes de TI exigem hoje \u2014 e prevendo o que precisar\u00e3o amanh\u00e3 \u2014 as empresas podem alocar recursos de P&amp;D de maneira mais eficaz, garantindo que seus produtos permane\u00e7am relevantes e competitivos. No entanto, tem muitos outros benef\u00edcios, incluindo:&nbsp;<\/span><\/p>\n\n\n\n<ul class=\"wp-block-list\">\n<li><b> Alinhamento aprimorado do produto:<\/b><span style=\"font-weight: 400;\"> By understanding the priorities and challenges of IT decision makers, businesses can tailor their products and services to better meet the market&#8217;s needs.&nbsp;<\/span><\/li>\n\n\n\n<li><b> Diferencia\u00e7\u00e3o Competitiva:<\/b><span style=\"font-weight: 400;\"> Num cen\u00e1rio onde a diferencia\u00e7\u00e3o \u00e9 fundamental, os insights da pesquisa de mercado permitem \u00e0s empresas identificar pontos de venda e propostas de valor \u00fanicos que as distinguem dos concorrentes aos olhos dos decisores de TI.<\/span><\/li>\n\n\n\n<li><b> Mitiga\u00e7\u00e3o de riscos:<\/b><span style=\"font-weight: 400;\"> A deep understanding of market trends and IT decision-making processes helps anticipate industry shifts, allowing companies to pivot and adapt their strategies proactively and thus reducing business risk.<\/span><\/li>\n\n\n\n<li><b> Decis\u00f5es de investimento informadas:<\/b><span style=\"font-weight: 400;\"> A pesquisa de mercado dos tomadores de decis\u00e3o de TI orienta as empresas sobre onde investir seus recursos, garantindo que o desenvolvimento de produtos e os gastos com marketing sejam direcionados para \u00e1reas com maior potencial de retorno.<\/span><\/li>\n\n\n\n<li><b> Maior penetra\u00e7\u00e3o no mercado:<\/b><span style=\"font-weight: 400;\"> By clearly understanding the IT decision-making landscape, companies can identify new opportunities and untapped markets, paving the way for expansion and growth.<\/span><\/li>\n<\/ul>\n\n\n\n<h2 class=\"wp-block-heading\"><strong>Quem usa a pesquisa de mercado do tomador de decis\u00f5es de TI<\/strong><\/h2>\n\n\n\n<figure class=\"gb-block-image gb-block-image-f8ace60f\"><img loading=\"lazy\" decoding=\"async\" width=\"1456\" height=\"816\" class=\"gb-image gb-image-f8ace60f\" src=\"https:\/\/www.sisinternational.com\/wp-content\/uploads\/2025\/08\/Creativity-3.jpg\" srcset=\"https:\/\/www.sisinternational.com\/wp-content\/uploads\/2025\/08\/Creativity-3.jpg 1456w, https:\/\/www.sisinternational.com\/wp-content\/uploads\/2025\/08\/Creativity-3-300x168.jpg 300w, https:\/\/www.sisinternational.com\/wp-content\/uploads\/2025\/08\/Creativity-3-1024x574.jpg 1024w, https:\/\/www.sisinternational.com\/wp-content\/uploads\/2025\/08\/Creativity-3-768x430.jpg 768w, https:\/\/www.sisinternational.com\/wp-content\/uploads\/2025\/08\/Creativity-3-18x10.jpg 18w\" sizes=\"auto, (max-width: 1456px) 100vw, 1456px\" alt=\"Pesquisa e Estrat\u00e9gia de Mercado Internacional da SIS\"><\/figure>\n\n\n\n<p><\/p>\n\n\n\n<p><b>Fornecedores de tecnologia e prestadores de servi\u00e7os<\/b><span style=\"font-weight: 400;\"> utilize this research to understand IT leaders&#8217; needs, pain points, and decision-making criteria. They use these insights to refine product features, develop targeted marketing campaigns, and create sales strategies that speak directly to the concerns and aspirations of IT decision makers.<\/span><\/p>\n\n\n\n<p><span style=\"font-weight: 400;\">Al\u00e9m disso, eu<\/span><b>investidores e analistas financeiros<\/b><span style=\"font-weight: 400;\"> use esta pesquisa para avaliar a viabilidade e o sucesso futuro das empresas de tecnologia. Ao compreenderem as tend\u00eancias e prefer\u00eancias da comunidade de tomada de decis\u00e3o de TI, podem fazer previs\u00f5es mais informadas sobre quais as empresas que t\u00eam probabilidade de ter sucesso e quais as que poder\u00e3o fracassar.<\/span><\/p>\n\n\n\n<p><span style=\"font-weight: 400;\">Por \u00faltimo, <\/span><b>Tomadores de decis\u00e3o de TI<\/b><span style=\"font-weight: 400;\"> beneficiar desta pesquisa. Ao participar e ter acesso aos resultados das pesquisas de mercado, podem comparar os seus processos e decis\u00f5es com as tend\u00eancias mais amplas da ind\u00fastria, garantindo que as suas abordagens permanecem atuais e competitivas.<\/span><\/p>\n\n\n\n<h2 class=\"wp-block-heading\"><strong>O que esperar da pesquisa de mercado do tomador de decis\u00e3o de TI<\/strong><\/h2>\n\n\n\n<p><span style=\"font-weight: 400;\">As organiza\u00e7\u00f5es que iniciam pesquisas de mercado para tomadores de decis\u00f5es de TI podem esperar obter diretrizes de planejamento estrat\u00e9gico e execu\u00e7\u00e3o, refletindo a natureza complexa da tomada de decis\u00f5es de TI no mundo corporativo.<\/span><\/p>\n\n\n\n<p><b> \u2022 Comprehensive <\/b><a href=\"https:\/\/www.sisinternational.com\/pt\/cobertura\/pesquisa-de-mercado-asia\/pesquisa-de-mercado-filipina\/\" title=\"Pesquisa de mercado filipino\"  data-wpil-monitor-id=\"4007\">Market Understanding: The research<\/a> provides a thorough overview of the current IT landscape from the perspective of those making the purchasing decisions. It reveals how IT leaders perceive different technologies and solutions, and which factors they consider most critical when making decisions.<\/span><\/p>\n\n\n\n<p><b> \u2022 Identifica\u00e7\u00e3o dos principais motivadores de decis\u00e3o:<\/b><span style=\"font-weight: 400;\"> It is crucial to understand what motivates IT decision-makers. Market research identifies these key drivers, which may include cost, scalability, integration capabilities, vendor reputation, and the potential for competitive advantage.<\/span><\/p>\n\n\n\n<p><b> \u2022 Analise competitiva: <\/b><span style=\"font-weight: 400;\">The research offers insights into how competitors are perceived by IT decision makers. This includes not just product comparisons but also reputations, service quality, and thought leadership within the industry.<\/span><\/p>\n\n\n\n<p><b> \u2022 Tend\u00eancias emergentes: <\/b><span style=\"font-weight: 400;\">A pesquisa de mercado dos tomadores de decis\u00e3o de TI lan\u00e7a luz sobre tend\u00eancias e tecnologias emergentes que est\u00e3o ganhando for\u00e7a. Esta informa\u00e7\u00e3o prospectiva \u00e9 inestim\u00e1vel para se manter \u00e0 frente da curva e estar preparado para mudan\u00e7as na procura.<\/span><\/p>\n\n\n\n<p><b>\u2022 Barreiras \u00e0 Ado\u00e7\u00e3o: <\/b><span style=\"font-weight: 400;\">&nbsp;A pesquisa frequentemente revela desafios e obst\u00e1culos que os tomadores de decis\u00e3o de TI enfrentam na ado\u00e7\u00e3o de novas tecnologias. Esses insights ajudam as empresas a abordar as preocupa\u00e7\u00f5es de forma proativa e a melhorar suas ofertas.<\/span><\/p>\n\n\n\n<h2 class=\"wp-block-heading\"><strong>Considera\u00e7\u00f5es cr\u00edticas na tomada de decis\u00f5es de marketing de TI<\/strong><\/h2>\n\n\n\n<figure class=\"gb-block-image gb-block-image-5c488f22\"><img loading=\"lazy\" decoding=\"async\" width=\"1456\" height=\"816\" class=\"gb-image gb-image-5c488f22\" src=\"https:\/\/www.sisinternational.com\/wp-content\/uploads\/2025\/08\/Creativity-19.jpg\" alt=\"Pesquisa e Estrat\u00e9gia de Mercado Internacional da SIS\" title=\"Creativity (19)\" srcset=\"https:\/\/www.sisinternational.com\/wp-content\/uploads\/2025\/08\/Creativity-19.jpg 1456w, https:\/\/www.sisinternational.com\/wp-content\/uploads\/2025\/08\/Creativity-19-300x168.jpg 300w, https:\/\/www.sisinternational.com\/wp-content\/uploads\/2025\/08\/Creativity-19-1024x574.jpg 1024w, https:\/\/www.sisinternational.com\/wp-content\/uploads\/2025\/08\/Creativity-19-768x430.jpg 768w, https:\/\/www.sisinternational.com\/wp-content\/uploads\/2025\/08\/Creativity-19-18x10.jpg 18w\" sizes=\"auto, (max-width: 1456px) 100vw, 1456px\"><\/figure>\n\n\n\n<p><\/p>\n\n\n\n<p><span style=\"font-weight: 400;\">IT decision-makers must base any marketing plan on the core fundamentals. It&#8217;s important to have access, skilled recruited, respect for the respondent&#8217;s time and an efficient methodology.&nbsp; Key topics in ITDM research can include questions about:<\/span><\/p>\n\n\n\n<ul class=\"wp-block-list\">\n<li><b>Produtos: <\/b><span style=\"font-weight: 400;\">As empresas precisam decidir quais produtos planejam oferecer no futuro.<\/span><\/li>\n\n\n\n<li><b>Pre\u00e7o:<\/b><span style=\"font-weight: 400;\"> Product pricing plays a vital role in a customer\u2019s buying decision.&nbsp;<\/span><\/li>\n\n\n\n<li><b>Lugar:<\/b><span style=\"font-weight: 400;\">&nbsp;No sentido de marketing, \u201clugar\u201d refere-se \u00e0 distribui\u00e7\u00e3o do produto.<\/span><\/li>\n\n\n\n<li><b>Promo\u00e7\u00f5es:<\/b><span style=\"font-weight: 400;\">&nbsp;Os executivos da empresa devem considerar como se comunicar com outras pessoas sobre o produto.<\/span><\/li>\n<\/ul>\n\n\n\n<h2 class=\"wp-block-heading\"><strong>Tend\u00eancias atuais em pesquisas de mercado para tomadores de decis\u00f5es de TI<\/strong><\/h2>\n\n\n\n<p><span style=\"font-weight: 400;\">O panorama da pesquisa de mercado dos tomadores de decis\u00e3o de TI est\u00e1 em constante evolu\u00e7\u00e3o, refletindo a natureza din\u00e2mica da tecnologia e dos neg\u00f3cios \u2013 e aqui est\u00e3o algumas das tend\u00eancias atuais nesta \u00e1rea:&nbsp;<\/span><\/p>\n\n\n\n<p><b> \u2022 Influ\u00eancia da IA e do aprendizado de m\u00e1quina: <\/b><span style=\"font-weight: 400;\">AI and machine learning (ML) are being used to analyze market research data more efficiently and accurately.<\/span><\/p>\n\n\n\n<p><b> \u2022 The Rise of <\/b><a href=\"https:\/\/www.sisinternational.com\/pt\/pericia\/industrias\/pesquisa-de-mercado-devops\/\" title=\"Pesquisa de mercado DevOps\"  data-wpil-monitor-id=\"6106\">DevOps and Agile Methodologies: Research<\/a> indicates a shift in how IT decision makers are approaching project management and software development, with a growing lean towards Agile and DevOps cultures.<\/span><\/p>\n\n\n\n<p><b> - <\/b><a href=\"https:\/\/www.sisinternational.com\/pt\/pericia\/industrias\/pesquisa-de-mercado-de-computacao-em-nuvem\/\" title=\"Pesquisa de mercado de computa\u00e7\u00e3o em nuvem\"  data-wpil-monitor-id=\"3679\">Cloud Computing Adoption: Market research<\/a> continues to monitor the accelerating shift towards cloud services, assessing IT decision makers&#8217; preferences between public, private, and hybrid cloud solutions.<\/span><\/p>\n\n\n\n<p><b> \u2022 Sustentabilidade e Responsabilidade Corporativa:<\/b><span style=\"font-weight: 400;\"> IT decision makers are increasingly factoring in vendors&#8217; environmental impact and sustainability practices into their purchasing decisions.<\/span><\/p>\n\n\n\n<p><b> \u2022 Integra\u00e7\u00e3o da Internet das Coisas (IoT): <\/b><span style=\"font-weight: 400;\">As IoT devices proliferate, research delves into how IT leaders plan to integrate these technologies into their existing infrastructures.<\/span><\/p>\n\n\n\n<h2 class=\"wp-block-heading\"><strong>Oportunidades em pesquisa de mercado para tomadores de decis\u00e3o de TI&nbsp;<\/strong><\/h2>\n\n\n\n<p><span style=\"font-weight: 400;\">The insights derived from IT decision maker market research can unlock many opportunities for businesses operating within the technology sector. Here are some key areas where companies can leverage this research to their advantage:<\/span><\/p>\n\n\n\n<p><b> \u2022 Posicionamento estrat\u00e9gico:<\/b><span style=\"font-weight: 400;\"> A pesquisa de mercado permite que as empresas identifiquem nichos de mercado ou setores que podem estar mal atendidos. Ao posicionarem-se estrategicamente nestas \u00e1reas, as empresas podem capturar novos segmentos de mercado e diferenciar-se dos concorrentes.<\/span><\/p>\n\n\n\n<p><b> \u2022 Lideran\u00e7a inovadora:<\/b><span style=\"font-weight: 400;\"> Ao manterem-se informadas sobre as tend\u00eancias atuais e emergentes, as empresas podem se estabelecer como l\u00edderes inovadores no setor. A publica\u00e7\u00e3o de conte\u00fado perspicaz com base em pesquisas de mercado pode atrair a aten\u00e7\u00e3o dos tomadores de decis\u00e3o de TI e construir credibilidade da marca.<\/span><\/p>\n\n\n\n<p><b> \u2022 Parceria e Colabora\u00e7\u00e3o:<\/b><span style=\"font-weight: 400;\"> Compreender o ecossistema em que operam os decisores de TI pode ajudar as empresas a identificar potenciais parceiros e colaboradores que possam melhorar as suas ofertas de produtos e alargar o seu alcance no mercado.<\/span><\/p>\n\n\n\n<p><b> \u2022 Estrat\u00e9gias de pre\u00e7os:<\/b><span style=\"font-weight: 400;\"> Market research can reveal how much value IT decision makers place on different features and services, enabling businesses to structure their pricing to meet market expectations and maximize revenue.<\/span><\/p>\n\n\n\n<h2 class=\"wp-block-heading\"><strong>Benefits of IT Decision Maker Market Research<\/strong><\/h2>\n\n\n\n<ul class=\"wp-block-list\">\n<li>Ajuda voc\u00ea a iterar e desenvolver produtos melhores<\/li>\n\n\n\n<li><span style=\"font-weight: 400;\">Reduz o risco<\/span><\/li>\n\n\n\n<li>Identifica melhor o segmento-alvo mais apropriado<\/li>\n\n\n\n<li>Aumente o ROI, a produtividade e o ROE<\/li>\n\n\n\n<li>Descubra os processos de compra do cliente para melhorar a efic\u00e1cia das vendas<\/li>\n\n\n\n<li>Entenda os pre\u00e7os, a sensibilidade ao pre\u00e7o e a disposi\u00e7\u00e3o de pagar<\/li>\n\n\n\n<li>Descubra novas oportunidades de mercado<\/li>\n\n\n\n<li>Obtenha efici\u00eancia operacional<\/li>\n\n\n\n<li>Maximiza a receita<\/li>\n\n\n\n<li>Prever melhor a demanda do mercado<\/li>\n\n\n\n<li>Cria influ\u00eancia e buzz em torno do lan\u00e7amento de novos produtos<\/li>\n<\/ul>\n\n\n\n<h2 class=\"wp-block-heading\">Pesquisa de mercado de TI DM nos Estados Unidos e Canad\u00e1<\/h2>\n\n\n\n<p>We conduct IT Decision Market Research Research across the US.&nbsp; We have a Focus Group Facility in Manhattan NYC, where we often conduct high-level workshops and Focus Groups with senior technology decision makers.&nbsp; We also have conducted significant ITDM <a class=\"wpil_keyword_link\" href=\"https:\/\/www.sisinternational.com\/pt\/cobertura\/as-americas\/cobertura-dos-eua\/pesquisa-de-mercado-sao-francisco\/\"   title=\"Pesquisa de mercado em S\u00e3o Francisco\" data-wpil-keyword-link=\"linked\"  data-wpil-monitor-id=\"451\">Pesquisa de mercado em S\u00e3o Francisco<\/a>, Seattle, Boston, Los Angeles, Chicago, and Washington DC.<\/p>\n\n\n\n<h2 class=\"wp-block-heading\"><strong>IT Decision Maker Market Research in Australia &amp; New Zealand<\/strong><\/h2>\n\n\n\n<p>We have conducted extensive research in Australia through Tele-depth Interviews (TDIs &amp; IDIs). We can also connect you with technology managers through web meetings. Often, we are tasked with finding highly targeted Decision-Makers based on purchasing behavior, firm size, and industry sector. We can analyze intent to purchase, price sensitivity, customer journey, and firm decision-making processes.<\/p>\n\n\n\n<h2 class=\"wp-block-heading\"><strong>IT Decision Maker Market Research in the UK and Europe<\/strong><\/h2>\n\n\n\n<p>We conduct extensive research in Europe. From interviewing CIOs to rising FinTech leaders, we engage with organizations from various sectors and company sizes. Key centers for in-person ITDM Research include Frankfurt, Munich, London, Paris, Zurich, and beyond.<\/p>\n\n\n\n<h2 class=\"wp-block-heading\">Sobre a pesquisa de mercado do tomador de decis\u00e3o de TI<\/h2>\n\n\n\n<p><span style=\"font-weight: 400;\">SIS International uses a specific research method for decision makers in the IT field. &nbsp;This method calls for very targeted professionals to do qualitative interviews or quantitative surveys. We \u201crecruit\u201d senior IT Decision Makers for surveys and Focus Groups. We connect you with the following IT Professionals:<\/span><\/p>\n\n\n\n<ul class=\"wp-block-list\">\n<li><span style=\"font-weight: 400;\">Diretores de informa\u00e7\u00e3o (CIOs)<\/span><\/li>\n\n\n\n<li><span style=\"font-weight: 400;\">Diretores de Tecnologia (CTOs)<\/span><\/li>\n\n\n\n<li><span style=\"font-weight: 400;\">Diretores de Estrat\u00e9gia (CSOs)<\/span><\/li>\n\n\n\n<li><span style=\"font-weight: 400;\">Diretores de Seguran\u00e7a da Informa\u00e7\u00e3o (CISOs)<\/span><\/li>\n\n\n\n<li><span style=\"font-weight: 400;\">Desenvolvedores front-end<\/span><\/li>\n\n\n\n<li><span style=\"font-weight: 400;\">Desenvolvedores \/ Administradores da Web<\/span><\/li>\n\n\n\n<li>Arquitetos\/Engenheiros de Sistemas<\/li>\n\n\n\n<li>Gerentes DevOps<\/li>\n\n\n\n<li><span style=\"font-weight: 400;\">Webmasters<\/span><\/li>\n\n\n\n<li><span style=\"font-weight: 400;\">Engenheiros de computa\u00e7\u00e3o em nuvem<\/span><\/li>\n\n\n\n<li>Gerentes de compras de TI<\/li>\n\n\n\n<li><span style=\"font-weight: 400;\">Especialistas em redes de computadores<\/span><\/li>\n\n\n\n<li><span style=\"font-weight: 400;\">Administradores de banco de dados<\/span><\/li>\n\n\n\n<li><span style=\"font-weight: 400;\">Especialistas em seguran\u00e7a cibern\u00e9tica<\/span><\/li>\n\n\n\n<li><span style=\"font-weight: 400;\">Desenvolvedores de software\/aplicativos<\/span><\/li>\n<\/ul>\n\n\n\n<h2 class=\"wp-block-heading\"><strong>O que h\u00e1 de \u00fanico em n\u00f3s:<\/strong><\/h2>\n\n\n\n<p><a href=\"https:\/\/www.linkedin.com\/company\/sisinternationalresearch\/posts\/?feedView=all\" target=\"_blank\" rel=\"noopener\">SIS<\/a> is a key partner to many of the world&#8217;s largest technology companies.&nbsp; Below are a few of the reasons why Technology companies choose SIS:<\/p>\n\n\n\n<ul class=\"wp-block-list\">\n<li><span style=\"font-weight: 400;\">Escala global<\/span><\/li>\n\n\n\n<li><span style=\"font-weight: 400;\">Acesso a executivos de alto n\u00edvel em todo o mundo<\/span><\/li>\n\n\n\n<li><span style=\"font-weight: 400;\">Custo-benef\u00edcio<\/span><\/li>\n\n\n\n<li>Atendimento ao cliente 24 horas por dia<\/li>\n\n\n\n<li><a href=\"https:\/\/www.sisinternational.com\/pt\/solucoes\/inovacao\/pesquisa-de-mercado-agil\/\" title=\"Pesquisa de mercado \u00e1gil\" data-wpil-monitor-id=\"6109\">Pesquisa de mercado \u00e1gil<\/a> testing approaches<\/li>\n\n\n\n<li><span style=\"font-weight: 400;\">Equipe qualificada com experi\u00eancia no setor de tecnologia<\/span><\/li>\n<\/ul>\n\n\n\n<h2 class=\"wp-block-heading\">Localiza\u00e7\u00e3o de nossas instala\u00e7\u00f5es em Nova York<\/h2>\n\n\n\n<p>\n\n\n\n<iframe loading=\"lazy\" src=\"https:\/\/www.google.com\/maps\/embed?pb=!1m18!1m12!1m3!1d3022.976188376966!2d-73.99130312499956!3d40.740549471389315!2m3!1f0!2f0!3f0!3m2!1i1024!2i768!4f13.1!3m3!1m2!1s0x89c259a15798c731%3A0xd695d09bdd495f25!2s11%20E%2022nd%20St%20FL%202%2C%20New%20York%2C%20NY%2010010%2C%20USA!5e0!3m2!1sen!2spe!4v1726171763526!5m2!1sen!2spe\" width=\"600\" height=\"450\" allowfullscreen=\"allowfullscreen\" data-mce-fragment=\"1\"><\/iframe>\n\n\n\n<\/p>\n\n\n\n<h3 class=\"wp-block-heading\">11 E 22nd Street, 2\u00ba andar, Nova York, NY 10010 T: +1(212) 505-6805<\/h3>\n\n\n\n<hr class=\"wp-block-separator has-alpha-channel-opacity\"\/>\n\n\n\n<h2 class=\"wp-block-heading\"><span style=\"font-weight: 400;\">Sobre SIS Internacional<\/span><\/h2>\n\n\n\n<p><a href=\"https:\/\/www.sisinternational.com\/pt\/\"><span style=\"font-weight: 400;\">SIS Internacional<\/span><\/a><span style=\"font-weight: 400;\"> oferece pesquisa quantitativa, qualitativa e estrat\u00e9gica. Fornecemos dados, ferramentas, estrat\u00e9gias, relat\u00f3rios e insights para a tomada de decis\u00f5es. Tamb\u00e9m realizamos entrevistas, pesquisas, grupos focais e outros m\u00e9todos e abordagens de Pesquisa de Mercado.<\/span><a href=\"https:\/\/www.sisinternational.com\/pt\/sobre-a-sis-international-research\/contact-sis-international-market-research\/\"><span style=\"font-weight: 400;\"> Entre em contato conosco<\/span><\/a><span style=\"font-weight: 400;\"> para o seu pr\u00f3ximo projeto de pesquisa de mercado.<\/span><\/p>\n\n\n\n<p><\/p>","protected":false},"excerpt":{"rendered":"<p>Descubra como melhorar seus produtos e aumentar os lucros conversando com os tomadores de decis\u00e3o de TI.<\/p>","protected":false},"author":1,"featured_media":62732,"parent":27462,"menu_order":20,"comment_status":"closed","ping_status":"closed","template":"","meta":{"footnotes":""},"class_list":["post-31667","page","type-page","status-publish","has-post-thumbnail"],"_links":{"self":[{"href":"https:\/\/www.sisinternational.com\/pt\/wp-json\/wp\/v2\/pages\/31667","targetHints":{"allow":["GET"]}}],"collection":[{"href":"https:\/\/www.sisinternational.com\/pt\/wp-json\/wp\/v2\/pages"}],"about":[{"href":"https:\/\/www.sisinternational.com\/pt\/wp-json\/wp\/v2\/types\/page"}],"author":[{"embeddable":true,"href":"https:\/\/www.sisinternational.com\/pt\/wp-json\/wp\/v2\/users\/1"}],"replies":[{"embeddable":true,"href":"https:\/\/www.sisinternational.com\/pt\/wp-json\/wp\/v2\/comments?post=31667"}],"version-history":[{"count":10,"href":"https:\/\/www.sisinternational.com\/pt\/wp-json\/wp\/v2\/pages\/31667\/revisions"}],"predecessor-version":[{"id":79731,"href":"https:\/\/www.sisinternational.com\/pt\/wp-json\/wp\/v2\/pages\/31667\/revisions\/79731"}],"up":[{"embeddable":true,"href":"https:\/\/www.sisinternational.com\/pt\/wp-json\/wp\/v2\/pages\/27462"}],"wp:featuredmedia":[{"embeddable":true,"href":"https:\/\/www.sisinternational.com\/pt\/wp-json\/wp\/v2\/media\/62732"}],"wp:attachment":[{"href":"https:\/\/www.sisinternational.com\/pt\/wp-json\/wp\/v2\/media?parent=31667"}],"curies":[{"name":"wp","href":"https:\/\/api.w.org\/{rel}","templated":true}]}}