{"id":31498,"date":"2019-04-20T21:44:07","date_gmt":"2019-04-20T21:44:07","guid":{"rendered":"https:\/\/www.sisinternational.com\/?page_id=31498"},"modified":"2026-01-25T17:07:48","modified_gmt":"2026-01-25T22:07:48","slug":"pesquisa-de-mercado-agil","status":"publish","type":"page","link":"https:\/\/www.sisinternational.com\/pt\/solucoes\/inovacao\/pesquisa-de-mercado-agil\/","title":{"rendered":"Pesquisa de mercado \u00e1gil"},"content":{"rendered":"<h1 class=\"wp-block-heading\">Pesquisa de mercado \u00e1gil<\/h1>\n\n\n\n<figure class=\"gb-block-image gb-block-image-5cc6e708\"><img loading=\"lazy\" decoding=\"async\" width=\"1456\" height=\"816\" class=\"gb-image gb-image-5cc6e708\" src=\"https:\/\/www.sisinternational.com\/wp-content\/uploads\/2025\/08\/Strategy-consulting-36.jpg\" alt=\"Pesquisa e Estrat\u00e9gia de Mercado Internacional da SIS\" title=\"Strategy consulting (36)\" srcset=\"https:\/\/www.sisinternational.com\/wp-content\/uploads\/2025\/08\/Strategy-consulting-36.jpg 1456w, https:\/\/www.sisinternational.com\/wp-content\/uploads\/2025\/08\/Strategy-consulting-36-300x168.jpg 300w, https:\/\/www.sisinternational.com\/wp-content\/uploads\/2025\/08\/Strategy-consulting-36-1024x574.jpg 1024w, https:\/\/www.sisinternational.com\/wp-content\/uploads\/2025\/08\/Strategy-consulting-36-768x430.jpg 768w, https:\/\/www.sisinternational.com\/wp-content\/uploads\/2025\/08\/Strategy-consulting-36-18x10.jpg 18w\" sizes=\"auto, (max-width: 1456px) 100vw, 1456px\"><\/figure>\n\n\n\n<p><\/p>\n\n\n\n<h2 class=\"wp-block-heading\"><span style=\"font-weight: 400;\">Agile is an approach to carrying out projects with speed and flexibility. <\/span><\/h2>\n\n\n\n<p><span style=\"font-weight: 400;\">It adapts to changes in market and sector conditions. It turns these changes into a competitive advantage. How can it do that? By chopping the project into small parts to deliver them little by little in a defined time. All companies increasingly need to be flexible since they are in a constant state of uncertainty. A global economy, digital disruption,<\/span> and new technologies are constantly changing the business landscape.\u00a0 Companies must be able to react and adapt to an unexpected change <span style=\"font-weight: 400;\">quickly and efficiently. \u00a0<\/span><\/p>\n\n\n\n<h2 class=\"wp-block-heading\"><span style=\"font-weight: 400;\"><strong>Tornando seu neg\u00f3cio \u00e1gil<\/strong><\/span><\/h2>\n\n\n\n<p><span style=\"font-weight: 400;\">Companies are now taking a comprehensive Agile approach. They are implementing their principles and techniques throughout their organizations. They are also employing business agility in groups outside of information technology (IT). Many companies are currently expanding Agile into three main areas. These areas are product development, human resources, and portfolio management. <\/span><\/p>\n\n\n\n<p><span style=\"font-weight: 400;\">Qualquer empresa far\u00e1 bem em adotar a abordagem e pr\u00e1ticas Agile. Para os Recursos Humanos, ter\u00e1 um impacto positivo nas pr\u00e1ticas de contrata\u00e7\u00e3o, planos de carreira e fun\u00e7\u00f5es. Tamb\u00e9m melhora o gerenciamento e o treinamento do desempenho da cultura. Todas as \u00e1reas podem precisar de uma atualiza\u00e7\u00e3o para se alinharem aos princ\u00edpios e valores do Agile.<\/span><\/p>\n\n\n\n<p><span style=\"font-weight: 400;\">Com a gest\u00e3o de portf\u00f3lio Lean, algumas das pr\u00e1ticas podem ser novas para a empresa. Essas pr\u00e1ticas incluem planejamento, transpar\u00eancia e alinhamento. Tamb\u00e9m incluem a colabora\u00e7\u00e3o e a medi\u00e7\u00e3o de resultados alinhados com a abordagem. A empresa deve capacitar a equipe para tomar decis\u00f5es sobre como implementar essas pr\u00e1ticas. Assim, a empresa dever\u00e1 se tornar mais enxuta em seus processos. Deve eliminar coisas como longas cadeias de aprova\u00e7\u00e3o e outros gargalos.<\/span><\/p>\n\n\n\n<p><span style=\"font-weight: 400;\">O Agile mostra \u00e0s empresas como a entrega do maior valor resultar\u00e1 na maior satisfa\u00e7\u00e3o. Da mesma forma, permitir\u00e1 um ciclo de feedback mais restrito. T\u00e9cnicas como \u201cGoogle Design Sprint\u201d est\u00e3o permitindo a prototipagem do gerenciamento de produtos. Tamb\u00e9m permite que eles examinem ideias diferentes antecipadamente com os clientes.<\/span><\/p>\n\n\n\n<h2 class=\"wp-block-heading\">Como ser mais \u00e1gil<\/h2>\n\n\n\n<p><span style=\"font-weight: 400;\">The Agile approach is flexible and easier to learn. A unique feature is that it uses multidisciplinary teams. It brings together <a href=\"https:\/\/www.sisinternational.com\/pt\/pericia\/industrias\/pesquisa-de-mercado-de-design-industrial\/\" title=\"Pesquisa de mercado de design industrial\"  data-wpil-monitor-id=\"10834\">marketing people and designers<\/a>. It also includes those involved in the development and the business side of the company. Together, they provide the most realistic vision possible for the end user.<\/span><\/p>\n\n\n\n<p><span style=\"font-weight: 400;\">The Agile <a href=\"https:\/\/www.sisinternational.com\/pt\/solucoes\/pesquisa-de-mercado-de-produtos-de-beleza\/\" title=\"Consultoria em inova\u00e7\u00e3o em beleza e pesquisa de mercado de beleza\"  data-wpil-monitor-id=\"10852\">marketing concept is innovative<\/a>. It is of special interest to those who work with online applications, because companies need to respond faster to consumer interactions in the digital environment. <\/span><\/p>\n\n\n\n<p><span style=\"font-weight: 400;\">Agile <a href=\"https:\/\/www.sisinternational.com\/pt\/cobertura\/pesquisa-de-mercado-asia\/pesquisa-de-mercado-filipina\/\" title=\"Pesquisa de mercado filipino\"  data-wpil-monitor-id=\"4009\">marketers or researchers<\/a> have a significant amount of data at their fingertips. For example, social media analytics provide insight into clients who use these platforms. Agile market researchers can interact with customers using social content. Companies can use this valuable information for the <a href=\"https:\/\/www.sisinternational.com\/pt\/pericia\/industrias\/pesquisa-de-mercado-de-otimizacao-de-cardapio-de-comida-de-restaurante\/\" title=\"Pesquisa de mercado de otimiza\u00e7\u00e3o de card\u00e1pio de restaurantes e comidas\"  data-wpil-monitor-id=\"10842\">optimization of their marketing<\/a> campaigns. They can also use it to engage with existing clients and reduce churn rates.<\/span><\/p>\n\n\n\n<h2 class=\"wp-block-heading\">Sobre a pesquisa de mercado \u00e1gil<\/h2>\n\n\n\n<p><span style=\"font-weight: 400;\">The role of <a href=\"https:\/\/www.sisinternational.com\/pt\/packagings-role-in-brand-trust-why-your-box-matters-more-than-you-think\/\" title=\"Packaging&#8217;s Role in Brand Trust: Why Your Box Matters More Than You Think\"  data-wpil-monitor-id=\"1492\">pesquisa de mercado<\/a> is to generate information in time to create or align brand strategies. These strategies must be consumer-focused. Agility in this process, often seen as a differential, begins to be a need. Some research models must have a time for <a href=\"https:\/\/www.sisinternational.com\/pt\/cobertura\/europa\/pesquisa-de-mercado-em-liverpool-reino-unido\/\" title=\"Pesquisa de Mercado em Liverpool | Grupos focais e coleta de dados no Reino Unido\"  data-wpil-monitor-id=\"10857\">data<\/a> collection and analysis. This set time must be greater than what the market needs. Thus, incorporating new business models for the segment becomes essential. <\/span><\/p>\n\n\n\n<h2 class=\"wp-block-heading\"><span style=\"font-weight: 400;\"><strong>Pesquisa de mercado \u00e1gil Sprint<\/strong><\/span><\/h2>\n\n\n\n<p><span style=\"font-weight: 400;\">Scrum \u00e9 um m\u00e9todo \u00e1gil espec\u00edfico e um processo de desenvolvimento incremental. Um Sprint \u00e9 um tempo definido durante o qual os desenvolvedores devem concluir o trabalho e apresent\u00e1-lo para revis\u00e3o. O planejamento do sprint refere-se a um processo colaborativo envolvendo o Scrum Master facilitando a reuni\u00e3o. Tamb\u00e9m inclui o propriet\u00e1rio do produto. Os gestores podem esclarecer os detalhes dos itens do backlog do produto e seus crit\u00e9rios de aceita\u00e7\u00e3o. Da mesma forma, envolve uma equipe Agile. A equipe deve definir o trabalho e os esfor\u00e7os essenciais para cumprir o compromisso do Sprint.<\/span><\/p>\n\n\n\n<p>Agile Sprints are helpful in IT <a href=\"https:\/\/www.sisinternational.com\/pt\/solucoes\/solucoes-de-branding-e-pesquisa-de-clientes\/pesquisa-de-mercado-para-testes-de-produtos\/\" title=\"Pesquisa de mercado para testes de produtos\"  data-wpil-monitor-id=\"10838\">product and advertising testing<\/a>.&nbsp; Companies can test a <a href=\"https:\/\/www.sisinternational.com\/pt\/solucoes\/consultoria-estrategica\/pesquisa-de-mercado-de-produto-minimo-viavel\/\" title=\"Pesquisa de mercado de produto m\u00ednimo vi\u00e1vel\"  data-wpil-monitor-id=\"10829\">Minimum Viable Product<\/a> or prototype with a small number of interviews, make changes, and then test again in several phases.&nbsp; This allows a better, cheaper and faster product development process.<\/p>\n\n\n\n<h2 class=\"wp-block-heading\">Benef\u00edcios da pesquisa de mercado \u00e1gil<\/h2>\n\n\n\n<p><span style=\"font-weight: 400;\">A pesquisa de mercado \u00e1gil \u00e9 necess\u00e1ria porque permite \u00e0s empresas:<\/span><\/p>\n\n\n\n<ul class=\"wp-block-list\">\n<li><span style=\"font-weight: 400;\"><a href=\"https:\/\/www.sisinternational.com\/pt\/aumentando-a-penetracao-no-mercado-atraves-de-um-plano-de-marketing-abrangente\/\" title=\"Aumentando a penetra\u00e7\u00e3o no mercado por meio de um plano de marketing abrangente\"  data-wpil-monitor-id=\"10847\">Plan their marketing<\/a> efforts.<\/span><\/li>\n\n\n\n<li><span style=\"font-weight: 400;\">D\u00ea prioridade \u00e0s coisas essenciais, para assim ser mais produtivo.<\/span><\/li>\n\n\n\n<li><span style=\"font-weight: 400;\">Ter uma melhor resposta \u00e0s oportunidades que surgem.<\/span><\/li>\n\n\n\n<li><span style=\"font-weight: 400;\">Melhorar a satisfa\u00e7\u00e3o dos funcion\u00e1rios no trabalho.<\/span><\/li>\n\n\n\n<li><span style=\"font-weight: 400;\">Impulsione e invente novas ideias.<\/span><\/li>\n\n\n\n<li><span style=\"font-weight: 400;\">Tenha ciclos de desenvolvimento de produtos mais r\u00e1pidos.<\/span><\/li>\n\n\n\n<li><span style=\"font-weight: 400;\">Melhore a comunica\u00e7\u00e3o e aumente o fluxo de ideias e informa\u00e7\u00f5es.<\/span><\/li>\n\n\n\n<li><span style=\"font-weight: 400;\">Integrar a equipe ao processo de vendas.<\/span><\/li>\n<\/ul>\n\n\n\n<p><span style=\"font-weight: 400;\">Agile approaches allow businesses to understand the consumer faster. <a href=\"https:\/\/www.sisinternational.com\/pt\/solucoes\/consultoria-estrategica\/analise-de-dados\/\" title=\"Empresa de an\u00e1lise de dados\"  data-wpil-monitor-id=\"10863\">Companies can map their demands through data<\/a> extraction solutions in less time. Second, brands can communicate with consumers, also in a much shorter time. For this to happen, companies need to reconfigure their market research efforts. An excellent example to follow comes from startups: agility, low cost, innovation, and quality.<\/span><\/p>\n\n\n\n<p><\/p>","protected":false},"excerpt":{"rendered":"<p>Descubra como tornar seu neg\u00f3cio mais \u00e1gil com pesquisas e dados.<\/p>","protected":false},"author":1,"featured_media":62523,"parent":14459,"menu_order":4,"comment_status":"closed","ping_status":"closed","template":"","meta":{"footnotes":""},"class_list":["post-31498","page","type-page","status-publish","has-post-thumbnail"],"_links":{"self":[{"href":"https:\/\/www.sisinternational.com\/pt\/wp-json\/wp\/v2\/pages\/31498","targetHints":{"allow":["GET"]}}],"collection":[{"href":"https:\/\/www.sisinternational.com\/pt\/wp-json\/wp\/v2\/pages"}],"about":[{"href":"https:\/\/www.sisinternational.com\/pt\/wp-json\/wp\/v2\/types\/page"}],"author":[{"embeddable":true,"href":"https:\/\/www.sisinternational.com\/pt\/wp-json\/wp\/v2\/users\/1"}],"replies":[{"embeddable":true,"href":"https:\/\/www.sisinternational.com\/pt\/wp-json\/wp\/v2\/comments?post=31498"}],"version-history":[{"count":5,"href":"https:\/\/www.sisinternational.com\/pt\/wp-json\/wp\/v2\/pages\/31498\/revisions"}],"predecessor-version":[{"id":81777,"href":"https:\/\/www.sisinternational.com\/pt\/wp-json\/wp\/v2\/pages\/31498\/revisions\/81777"}],"up":[{"embeddable":true,"href":"https:\/\/www.sisinternational.com\/pt\/wp-json\/wp\/v2\/pages\/14459"}],"wp:featuredmedia":[{"embeddable":true,"href":"https:\/\/www.sisinternational.com\/pt\/wp-json\/wp\/v2\/media\/62523"}],"wp:attachment":[{"href":"https:\/\/www.sisinternational.com\/pt\/wp-json\/wp\/v2\/media?parent=31498"}],"curies":[{"name":"wp","href":"https:\/\/api.w.org\/{rel}","templated":true}]}}