{"id":31479,"date":"2019-04-18T03:07:51","date_gmt":"2019-04-18T03:07:51","guid":{"rendered":"https:\/\/www.sisinternational.com\/?page_id=31479"},"modified":"2025-09-13T23:24:52","modified_gmt":"2025-09-14T03:24:52","slug":"pesquisa-de-mercado-de-aprendizagem-profunda","status":"publish","type":"page","link":"https:\/\/www.sisinternational.com\/pt\/pericia\/pesquisa-de-mercado-de-aprendizagem-profunda\/","title":{"rendered":"Pesquisa de mercado de aprendizagem profunda"},"content":{"rendered":"<h1 class=\"wp-block-heading\"><span style=\"font-weight: 400;\">Pesquisa de mercado de aprendizagem profunda<\/span><\/h1>\n\n\n\n<figure class=\"gb-block-image gb-block-image-700b69b5\"><img loading=\"lazy\" decoding=\"async\" width=\"1456\" height=\"816\" class=\"gb-image gb-image-700b69b5\" src=\"https:\/\/www.sisinternational.com\/wp-content\/uploads\/2025\/08\/Deep-learning-machine-learning-42.jpg\" alt=\"Pesquisa e Estrat\u00e9gia de Mercado Internacional da SIS\" title=\"Deep learning machine learning (42)\" srcset=\"https:\/\/www.sisinternational.com\/wp-content\/uploads\/2025\/08\/Deep-learning-machine-learning-42.jpg 1456w, https:\/\/www.sisinternational.com\/wp-content\/uploads\/2025\/08\/Deep-learning-machine-learning-42-300x168.jpg 300w, https:\/\/www.sisinternational.com\/wp-content\/uploads\/2025\/08\/Deep-learning-machine-learning-42-1024x574.jpg 1024w, https:\/\/www.sisinternational.com\/wp-content\/uploads\/2025\/08\/Deep-learning-machine-learning-42-768x430.jpg 768w, https:\/\/www.sisinternational.com\/wp-content\/uploads\/2025\/08\/Deep-learning-machine-learning-42-18x10.jpg 18w\" sizes=\"auto, (max-width: 1456px) 100vw, 1456px\"><\/figure>\n\n\n\n<p><\/p>\n\n\n\n<h2 class=\"wp-block-heading\"><span style=\"font-weight: 400;\">For your business to grow, you must understand your customers. <\/span><\/h2>\n\n\n\n<p><span style=\"font-weight: 400;\">Voc\u00ea precisa corresponder \u00e0s expectativas deles e dar-lhes o melhor suporte poss\u00edvel. Ent\u00e3o \u00e9 a\u00ed que entra em jogo a necessidade de Deep Learning e pesquisa de mercado.<\/span><\/p>\n\n\n\n<h2 class=\"wp-block-heading\"><span style=\"font-weight: 400;\">O que \u00e9 aprendizagem profunda?<\/span><\/h2>\n\n\n\n<p><span style=\"font-weight: 400;\">Existem v\u00e1rias maneiras de fazer uma m\u00e1quina aprender um processo. O aprendizado profundo \u00e9 um desses m\u00e9todos. O conceito de Deep Learning tamb\u00e9m \u00e9 conhecido como aprendizagem hier\u00e1rquica ou aprendizagem estruturada profunda. Ao contr\u00e1rio dos outros processos, o m\u00e9todo Deep Learning concentra-se nas representa\u00e7\u00f5es de dados. Voc\u00ea pode supervisionar o processo de aprendizagem, ou pode ser n\u00e3o supervisionado ou semissupervisionado. Muitos campos e ind\u00fastrias j\u00e1 aplicam algumas arquiteturas de Deep Learning, como redes neurais recorrentes, redes de cren\u00e7as profundas e redes neurais profundas. Eles usam redes neurais para promover o aprendizado. Eles podem aprender tarefas complexas e processar muitos dados que n\u00e3o seriam poss\u00edveis para um ser humano.<\/span><\/p>\n\n\n\n<h2 class=\"wp-block-heading\"><span style=\"font-weight: 400;\">O mercado est\u00e1 crescendo<\/span><\/h2>\n\n\n\n<p><span style=\"font-weight: 400;\">Popular neural networks have around eight layers and 60 million parameters. The Deep Learning neural networks go up to 200 or 400 million settings. The great thing is that the market is growing. Businesses need Deep Learning to study business data, see problems, and identify solutions. Many companies are already accessing their benefits. Deep Learning continues to be very popular in the business world.<\/span><\/p>\n\n\n\n<h2 class=\"wp-block-heading\"><span style=\"font-weight: 400;\">Benef\u00edcios de aprendizagem profunda<\/span><\/h2>\n\n\n\n<p><span style=\"font-weight: 400;\">One of the main benefits of Deep Learning is that it transforms companies. Based on company data, it\u2019s a lot easier to figure out what\u2019s wrong, what customers expect, and what you need to change. The transformation process is comprehensive and meaningful. It can have a positive <a href=\"https:\/\/www.sisinternational.com\/pt\/o-efeito-das-culturas-de-mercado-nigerianas-nos-negocios\/\" title=\"O mercado nigeriano: o efeito da cultura nos neg\u00f3cios\"  data-wpil-monitor-id=\"11293\">effect on your business<\/a>. By studying company data, <a href=\"https:\/\/www.sisinternational.com\/pt\/solucoes\/inovacao\/pesquisa-de-mercado-de-aprendizagem-profunda\/\" title=\"Pesquisa de mercado de aprendizagem profunda\"  data-wpil-monitor-id=\"4760\">Deep Learning also allows markets<\/a> to be more efficient. It helps a lot, and it delivers a resounding <a href=\"https:\/\/www.sisinternational.com\/pt\/retorno-do-investimento-em-pesquisa-de-mercado\/\" title=\"Retorno do Investimento em Pesquisa de Mercado\"  data-wpil-monitor-id=\"11295\">return on investment<\/a> every time.<\/span><\/p>\n\n\n\n<p><span style=\"font-weight: 400;\">Muitas empresas est\u00e3o usando Deep Learning para compreender os dados da empresa. Eles tamb\u00e9m o usam para atingir bases de clientes espec\u00edficas. Muitas empresas tamb\u00e9m o utilizam para vis\u00e3o computacional, ajuste e otimiza\u00e7\u00e3o.<\/span><\/p>\n\n\n\n<h2 class=\"wp-block-heading\"><span style=\"font-weight: 400;\">Como as empresas est\u00e3o aplicando o Deep Learning?<\/span><\/h2>\n\n\n\n<p><span style=\"font-weight: 400;\">O <a href=\"https:\/\/www.sisinternational.com\/pt\/pericia\/industrias\/pesquisa-de-mercado-de-petroleo-e-gas\/\" title=\"Pesquisa de mercado de petr\u00f3leo e g\u00e1s\"  data-wpil-monitor-id=\"11289\">oil and gas<\/a> industry uses Deep Learning to lower its extraction costs. This industry also uses it for locating, delivering, and processing the oil. The construction industry uses Deep Learning to create step-by-step project simulations. With deep learning, it&#8217;s easy for builders to see what can go wrong. Also, for cybersecurity, Deep Learning can improve the detection rate for malware. Social media, finance, transportation, healthcare, and many other industries use Deep Learning.<\/span><\/p>\n\n\n\n<p><span style=\"font-weight: 400;\">Deep learning will help you understand your business and uncover new opportunities. This method processes a vast amount of data. You can use this data to figure out what approach and system will work for you. You can generate new business opportunities. You may also see some challenges that can arise from your competition. Once you have all that info, you can start speaking to decision makers. They can analyze the data and recommend changes.<\/span><\/p>\n\n\n\n<p><span style=\"font-weight: 400;\">While information is everywhere, the main issue is finding the right insights. <a href=\"https:\/\/www.sisinternational.com\/pt\/solucoes\/consultoria-estrategica\/analise-de-dados\/\" title=\"Empresa de an\u00e1lise de dados\"  data-wpil-monitor-id=\"11287\">Companies also need to use data<\/a> correctly. With help from SIS International, you will find it a lot easier to access deep learning and reach data scientists. You also get <a href=\"https:\/\/www.sisinternational.com\/pt\/solucoes\/pesquisa-de-mercado-consumidor\/\" title=\"Consumer Market Research Services for Smarter Business Decisions\"  data-wpil-monitor-id=\"11282\">consumer research and many other services<\/a> in a very affordable package. Don\u2019t hesitate! Talk to <a href=\"https:\/\/www.sisinternational.com\/pt\/dia-dos-namorados-como-sua-empresa-pode-sentir-o-amor\/\" title=\"Pesquisa de mercado do Dia dos Namorados: como sua empresa pode sentir o amor\"  data-wpil-monitor-id=\"11280\">SIS<\/a> International today to harness the power of deep learning for your business.<\/span><\/p>\n\n\n\n<h2 class=\"wp-block-heading\">Sobre pesquisa de mercado de aprendizagem profunda<\/h2>\n\n\n\n<p>SIS is a leading <a class=\"wpil_keyword_link\" href=\"https:\/\/www.sisinternational.com\/pt\/cobertura\/\"   title=\"Cobertura de pesquisa de mercado\" data-wpil-keyword-link=\"linked\"  data-wpil-monitor-id=\"759\">Pesquisa de mercado global<\/a> and Strategy Consulting company. We provide data, <a href=\"https:\/\/www.sisinternational.com\/pt\/focus-groups-that-deliver-real-voices-real-insight-real-advantage\/\" title=\"Focus Groups That Deliver Real Voices, Real Insight, Real Advantage\"  data-wpil-monitor-id=\"11291\">insights and strategies to gain advantage<\/a> in today&#8217;s fast-paced business landscape.&nbsp; With data and strategy, companies can better identify opportunities and advantages. Examples of our work include:<\/p>\n\n\n\n<ul class=\"wp-block-list\">\n<li><strong>Pesquisa qualitativa<\/strong>: <a href=\"https:\/\/www.sisinternational.com\/pt\/cobertura\/europa\/pesquisa-de-mercado-em-liverpool-reino-unido\/\" title=\"Pesquisa de Mercado em Liverpool | Grupos focais e coleta de dados no Reino Unido\"  data-wpil-monitor-id=\"11285\">Focus Groups with Data<\/a> Scientists and Customers<\/li>\n\n\n\n<li><strong>Pesquisa quantitativa<\/strong>: Pesquisas e coleta de dados para algoritmos e processamento de dados<\/li>\n\n\n\n<li><strong>Consultoria estrat\u00e9gica<\/strong>: Market Sizing, Go-To-Market Strategy, Technology Acquisition, and Competitive Analysis<\/li>\n<\/ul>","protected":false},"excerpt":{"rendered":"<p>Descubra novas maneiras de transformar seu neg\u00f3cio com Deep Learning Market Research.<\/p>","protected":false},"author":1,"featured_media":64419,"parent":14514,"menu_order":44,"comment_status":"closed","ping_status":"closed","template":"","meta":{"footnotes":""},"class_list":["post-31479","page","type-page","status-publish","has-post-thumbnail"],"_links":{"self":[{"href":"https:\/\/www.sisinternational.com\/pt\/wp-json\/wp\/v2\/pages\/31479","targetHints":{"allow":["GET"]}}],"collection":[{"href":"https:\/\/www.sisinternational.com\/pt\/wp-json\/wp\/v2\/pages"}],"about":[{"href":"https:\/\/www.sisinternational.com\/pt\/wp-json\/wp\/v2\/types\/page"}],"author":[{"embeddable":true,"href":"https:\/\/www.sisinternational.com\/pt\/wp-json\/wp\/v2\/users\/1"}],"replies":[{"embeddable":true,"href":"https:\/\/www.sisinternational.com\/pt\/wp-json\/wp\/v2\/comments?post=31479"}],"version-history":[{"count":6,"href":"https:\/\/www.sisinternational.com\/pt\/wp-json\/wp\/v2\/pages\/31479\/revisions"}],"predecessor-version":[{"id":81842,"href":"https:\/\/www.sisinternational.com\/pt\/wp-json\/wp\/v2\/pages\/31479\/revisions\/81842"}],"up":[{"embeddable":true,"href":"https:\/\/www.sisinternational.com\/pt\/wp-json\/wp\/v2\/pages\/14514"}],"wp:featuredmedia":[{"embeddable":true,"href":"https:\/\/www.sisinternational.com\/pt\/wp-json\/wp\/v2\/media\/64419"}],"wp:attachment":[{"href":"https:\/\/www.sisinternational.com\/pt\/wp-json\/wp\/v2\/media?parent=31479"}],"curies":[{"name":"wp","href":"https:\/\/api.w.org\/{rel}","templated":true}]}}