{"id":31453,"date":"2019-04-14T22:33:04","date_gmt":"2019-04-14T22:33:04","guid":{"rendered":"https:\/\/www.sisinternational.com\/?page_id=31453"},"modified":"2025-09-13T23:19:07","modified_gmt":"2025-09-14T03:19:07","slug":"pesquisa-de-mercado-devops","status":"publish","type":"page","link":"https:\/\/www.sisinternational.com\/pt\/pericia\/pesquisa-de-mercado-devops\/","title":{"rendered":"Pesquisa de mercado DevOps"},"content":{"rendered":"<h1 class=\"wp-block-heading\"><span style=\"font-weight: 400;\">Pesquisa de mercado DevOps<\/span><\/h1>\n\n\n\n<figure class=\"gb-block-image gb-block-image-45134c7a\"><img loading=\"lazy\" decoding=\"async\" width=\"1456\" height=\"816\" class=\"gb-image gb-image-45134c7a\" src=\"https:\/\/www.sisinternational.com\/wp-content\/uploads\/2025\/08\/Tech-19.jpg\" alt=\"Pesquisa e Estrat\u00e9gia de Mercado Internacional da SIS\" title=\"Tech (19)\" srcset=\"https:\/\/www.sisinternational.com\/wp-content\/uploads\/2025\/08\/Tech-19.jpg 1456w, https:\/\/www.sisinternational.com\/wp-content\/uploads\/2025\/08\/Tech-19-300x168.jpg 300w, https:\/\/www.sisinternational.com\/wp-content\/uploads\/2025\/08\/Tech-19-1024x574.jpg 1024w, https:\/\/www.sisinternational.com\/wp-content\/uploads\/2025\/08\/Tech-19-768x430.jpg 768w, https:\/\/www.sisinternational.com\/wp-content\/uploads\/2025\/08\/Tech-19-18x10.jpg 18w\" sizes=\"auto, (max-width: 1456px) 100vw, 1456px\"><\/figure>\n\n\n\n<p><\/p>\n\n\n\n<p><span style=\"font-weight: 400;\">DevOps \u00e9 um conjunto de processos de desenvolvimento de software que combina desenvolvimento de software e opera\u00e7\u00f5es de tecnologia da informa\u00e7\u00e3o para acelerar o ciclo de vida de desenvolvimento de sistemas. DevOps \u00e9 uma fus\u00e3o de duas palavras: Desenvolvimento e Opera\u00e7\u00f5es. Ambas as equipes t\u00eam responsabilidades diferentes no ciclo de gerenciamento de lan\u00e7amento de aplicativos. Est\u00e1 mais associado \u00e0 comunica\u00e7\u00e3o, colabora\u00e7\u00e3o e feedback entre v\u00e1rias partes interessadas, incluindo desenvolvedores, testadores e equipes de infraestrutura, gerenciamento de configura\u00e7\u00e3o e implanta\u00e7\u00e3o.<\/span><\/p>\n\n\n\n<h2 class=\"wp-block-heading\">Benef\u00edcios do DevOps<\/h2>\n\n\n\n<p><span style=\"font-weight: 400;\">DevOps has made it easy to cut out all the small hurdles that used to keep developers glued to their seats for days at a time. It has also removed the problems faced by the developer and operation team. Both parties had problems while communicating the project. It has bought reliability between the groups by increasing efficiency and consistency. The <a href=\"https:\/\/www.sisinternational.com\/pt\/solucoes\/pesquisa-de-consultoria-em-estrategia-fintech\/consultoria-de-aquisicao-de-clientes-de-servicos-financeiros\/\" title=\"Consultoria de aquisi\u00e7\u00e3o de clientes de servi\u00e7os financeiros\"  data-wpil-monitor-id=\"8022\">customers can now receive better service<\/a>, and the development and operation team can meet their goals in a much more efficient manner.<\/span><\/p>\n\n\n\n<h2 class=\"wp-block-heading\"><span style=\"font-weight: 400;\">Por que o DevOps \u00e9 bom para o crescimento dos neg\u00f3cios?<\/span><\/h2>\n\n\n\n<p><span style=\"font-weight: 400;\">Duas palavras descrevem o DevOps: flexibilidade e mobilidade. Testes e feedback do cliente s\u00e3o importantes quando se trata de fazer um bom produto. O resultado desejado \u00e9 que seu produto dure mais que o impacto inicial. Assim, faz sentido adaptar-se se quiser manter o produto relevante e capaz de fazer o seu trabalho. A adapta\u00e7\u00e3o n\u00e3o \u00e9 exatamente a coisa mais f\u00e1cil de realizar. \u00c0s vezes, as empresas t\u00eam longos ciclos de itera\u00e7\u00e3o. Eles tamb\u00e9m precisam escalar equipes grandes.<\/span><\/p>\n\n\n\n<p><span style=\"font-weight: 400;\">A principal tarefa de um engenheiro ou especialista em DevOps \u00e9 garantir que o software funcione. Tem que funcionar tanto do ponto de vista dos desenvolvedores quanto da infraestrutura.<\/span><\/p>\n\n\n\n<p><span style=\"font-weight: 400;\">When you put a DevOps culture in place, it enables you to make effective, prompt changes.&nbsp; The result is better <a href=\"https:\/\/www.sisinternational.com\/pt\/pericia\/curriculos-de-experiencia\/pesquisa-de-mercado-de-produtos-de-higiene-pessoal\/\" title=\"Pesquisa de mercado de produtos de cuidados pessoais\"  data-wpil-monitor-id=\"8019\">products that perform better in the market<\/a>.<\/span><\/p>\n\n\n\n<h2 class=\"wp-block-heading\"><span style=\"font-weight: 400;\">Quais s\u00e3o os principais benef\u00edcios do DevOps?<\/span><\/h2>\n\n\n\n<p><span style=\"font-weight: 400;\">As empresas que adotam o DevOps relatam melhorias not\u00e1veis. Algumas das melhorias incluem:<\/span><\/p>\n\n\n\n<ul class=\"wp-block-list\">\n<li><span style=\"font-weight: 400;\"><strong>Tempo de lan\u00e7amento no mercado mais r\u00e1pido<\/strong>. DevOps encurta o per\u00edodo entre a concep\u00e7\u00e3o de uma ideia e o tempo que leva para entrar em produ\u00e7\u00e3o e ficar dispon\u00edvel para venda<\/span><\/li>\n\n\n\n<li><strong>Redu\u00e7\u00f5es de custos<\/strong><\/li>\n\n\n\n<li><span style=\"font-weight: 400;\"><strong>Produtividade aumentada<\/strong> com entrega cont\u00ednua, desenvolvedores e testadores. Esse aprimoramento economiza tempo na cria\u00e7\u00e3o e manuten\u00e7\u00e3o de ambientes de trabalho. Isso leva a implanta\u00e7\u00f5es mais r\u00e1pidas<\/span><\/li>\n\n\n\n<li><strong>Feedback mais r\u00e1pido dos usu\u00e1rios<\/strong><\/li>\n\n\n\n<li><span style=\"font-weight: 400;\"><strong>Melhor qualidade do produto<\/strong>. Muitas empresas relatam um decl\u00ednio acentuado em bugs abertos e outras preocupa\u00e7\u00f5es<\/span><\/li>\n\n\n\n<li><span style=\"font-weight: 400;\"><strong>Lan\u00e7amentos confi\u00e1veis<\/strong>. Quando as empresas t\u00eam lan\u00e7amentos regulares, isso tamb\u00e9m significa menos bugs introduzidos e um menor impacto sobre os usu\u00e1rios<\/span><\/li>\n\n\n\n<li><strong>Mais satisfa\u00e7\u00e3o do cliente<\/strong><\/li>\n<\/ul>\n\n\n\n<h2 class=\"wp-block-heading\"><span style=\"font-weight: 400;\">Como funciona o DevOps?<\/span><\/h2>\n\n\n\n<p><span style=\"font-weight: 400;\">As empresas que usam o modelo DevOps n\u00e3o \u201cisolam\u201d suas equipes de desenvolvimento e opera\u00e7\u00f5es. Em vez disso, eles se fundem em uma unidade. Os engenheiros completam ent\u00e3o todo o ciclo de vida do aplicativo. Eles come\u00e7am com o desenvolvimento e testes e passam para a implanta\u00e7\u00e3o e opera\u00e7\u00f5es. Ao faz\u00ea-lo, desenvolvem diversas compet\u00eancias que n\u00e3o se restringem a uma \u00fanica fun\u00e7\u00e3o.<\/span><\/p>\n\n\n\n<p><span style=\"font-weight: 400;\">As equipes de Garantia de Qualidade e Seguran\u00e7a tamb\u00e9m podem se fundir com desenvolvimento e opera\u00e7\u00f5es. Essas fus\u00f5es ocorrem durante todo o ciclo de vida do aplicativo. Quando a seguran\u00e7a \u00e9 o foco de uma equipe DevOps, os pesquisadores \u00e0s vezes se referem a ela como DevSecOps.<\/span><\/p>\n\n\n\n<p><span style=\"font-weight: 400;\">Essas equipes encontraram maneiras de automatizar processos que antes eram manuais e lentos. Este processo os ajuda a inovar e criar novos aplicativos. Essas ferramentas tamb\u00e9m permitem que os engenheiros realizem tarefas que anteriormente exigiriam a ajuda de outras equipes. Por exemplo, a implanta\u00e7\u00e3o de c\u00f3digo ou o provisionamento de infraestrutura ficam mais f\u00e1ceis.<\/span><\/p>\n\n\n\n<h2 class=\"wp-block-heading\"><span style=\"font-weight: 400;\">Por que a pesquisa de mercado \u00e9 importante para DevOps?<\/span><\/h2>\n\n\n\n<p><span style=\"font-weight: 400;\">Market Research is a comprehensive, organized process that involves the gathering of relevant and informative data for a product, service, or market. <a href=\"https:\/\/www.sisinternational.com\/pt\/solucoes\/consultoria-estrategica\/analise-de-dados\/\" title=\"Empresa de an\u00e1lise de dados\"  data-wpil-monitor-id=\"8024\">Companies use this data<\/a> to examine and analyze the prevailing market scenario. They also make projections for use in business <a href=\"https:\/\/www.sisinternational.com\/pt\/solucoes\/sis-crescimento-global\/consultoria-em-planejamento-estrategico\/\" title=\"Consultoria em Planejamento Estrat\u00e9gico\"  data-wpil-monitor-id=\"8020\">planning and strategic<\/a> moves.<\/span><\/p>\n\n\n\n<p><span style=\"font-weight: 400;\">Here are some <a href=\"https:\/\/www.sisinternational.com\/pt\/pericia\/industrias\/gerente-de-beneficios-de-farmacia-pesquisa-de-mercado-pbm\/\" title=\"Pesquisa de mercado do Gerente de Benef\u00edcios Farmac\u00eauticos (PBM)\"  data-wpil-monitor-id=\"8018\">benefits of Market Research<\/a>:<\/span><\/p>\n\n\n\n<ul class=\"wp-block-list\">\n<li><span style=\"font-weight: 400;\">Ajuda no planejamento futuro do neg\u00f3cio, por exemplo:<\/span>\n<ul class=\"wp-block-list\">\n<li><span style=\"font-weight: 400;\">A empresa deveria ampliar sua linha de produtos?<\/span><\/li>\n\n\n\n<li><span style=\"font-weight: 400;\">A nova mercadoria ter\u00e1 lucro?<\/span><\/li>\n<\/ul>\n<\/li>\n\n\n\n<li><span style=\"font-weight: 400;\">Facilita o processo de tomada de decis\u00e3o<\/span><\/li>\n\n\n\n<li><span style=\"font-weight: 400;\">Fornece dados precisos (desmascarando mitos empresariais e julgamentos pessoais).<\/span><\/li>\n\n\n\n<li><span style=\"font-weight: 400;\">Reduz o risco.<\/span><\/li>\n\n\n\n<li><span style=\"font-weight: 400;\">Ajuda a reconhecer o diferencial competitivo da empresa.<\/span><\/li>\n<\/ul>\n\n\n\n<h2 class=\"wp-block-heading\"><span style=\"font-weight: 400;\">Pesquisa Quantitativa de Mercado<\/span><\/h2>\n\n\n\n<p><span style=\"font-weight: 400;\">This process generates numerical data, which <a href=\"https:\/\/www.sisinternational.com\/pt\/solucoes\/consultoria-estrategica\/pesquisa-de-avaliacao-de-mercado\/\" title=\"Pesquisa de avalia\u00e7\u00e3o de mercado\"  data-wpil-monitor-id=\"8021\">assesses the market&#8217;s<\/a> events and needs. <a href=\"https:\/\/www.sisinternational.com\/pt\/melhor-empresa-de-analise-da-industria-em-ny\/\" title=\"Melhor empresa de an\u00e1lise da ind\u00fastria em NY\"  data-wpil-monitor-id=\"8023\">Companies use it for statistical analysis<\/a> using different mathematical and computational methods. It quantifies attitudes, opinions, and behavior of a section of the user base. The researcher then extrapolates the data for the complete sample. We provide questionnaire development and surveys among DevOps professionals.<\/span><\/p>\n\n\n\n<h2 class=\"wp-block-heading\"><span style=\"font-weight: 400;\">Pesquisa qualitativa de mercado<\/span><\/h2>\n\n\n\n<p><span style=\"font-weight: 400;\">This type of research explores a variety of options and collects opinions. <a href=\"https:\/\/www.sisinternational.com\/pt\/cobertura\/europa\/pesquisa-de-mercado-em-liverpool-reino-unido\/\" title=\"Pesquisa de Mercado em Liverpool | Grupos focais e coleta de dados no Reino Unido\"  data-wpil-monitor-id=\"8017\">Researchers collect qualitative data through group<\/a> discussions, interviews, and so on. The company uses insights gleaned to examine different business decisions. We often conduct research interviews with DevOps professionals.&nbsp; We connect you with DevOps professionals and engineers.<\/span><\/p>\n\n\n\n<p><\/p>","protected":false},"excerpt":{"rendered":"<p>Fornecemos pesquisas de mercado DevOps para conectar voc\u00ea com profissionais de tecnologia de alto n\u00edvel.<\/p>","protected":false},"author":1,"featured_media":62736,"parent":14514,"menu_order":43,"comment_status":"closed","ping_status":"closed","template":"","meta":{"footnotes":""},"class_list":["post-31453","page","type-page","status-publish","has-post-thumbnail"],"_links":{"self":[{"href":"https:\/\/www.sisinternational.com\/pt\/wp-json\/wp\/v2\/pages\/31453","targetHints":{"allow":["GET"]}}],"collection":[{"href":"https:\/\/www.sisinternational.com\/pt\/wp-json\/wp\/v2\/pages"}],"about":[{"href":"https:\/\/www.sisinternational.com\/pt\/wp-json\/wp\/v2\/types\/page"}],"author":[{"embeddable":true,"href":"https:\/\/www.sisinternational.com\/pt\/wp-json\/wp\/v2\/users\/1"}],"replies":[{"embeddable":true,"href":"https:\/\/www.sisinternational.com\/pt\/wp-json\/wp\/v2\/comments?post=31453"}],"version-history":[{"count":3,"href":"https:\/\/www.sisinternational.com\/pt\/wp-json\/wp\/v2\/pages\/31453\/revisions"}],"predecessor-version":[{"id":81351,"href":"https:\/\/www.sisinternational.com\/pt\/wp-json\/wp\/v2\/pages\/31453\/revisions\/81351"}],"up":[{"embeddable":true,"href":"https:\/\/www.sisinternational.com\/pt\/wp-json\/wp\/v2\/pages\/14514"}],"wp:featuredmedia":[{"embeddable":true,"href":"https:\/\/www.sisinternational.com\/pt\/wp-json\/wp\/v2\/media\/62736"}],"wp:attachment":[{"href":"https:\/\/www.sisinternational.com\/pt\/wp-json\/wp\/v2\/media?parent=31453"}],"curies":[{"name":"wp","href":"https:\/\/api.w.org\/{rel}","templated":true}]}}