{"id":31437,"date":"2019-04-14T21:33:30","date_gmt":"2019-04-14T21:33:30","guid":{"rendered":"https:\/\/www.sisinternational.com\/?page_id=31437"},"modified":"2026-01-24T19:00:08","modified_gmt":"2026-01-25T00:00:08","slug":"pesquisa-de-mercado-de-produto-minimo-viavel","status":"publish","type":"page","link":"https:\/\/www.sisinternational.com\/pt\/solucoes\/consultoria-estrategica\/pesquisa-de-mercado-de-produto-minimo-viavel\/","title":{"rendered":"Pesquisa de mercado de produto m\u00ednimo vi\u00e1vel"},"content":{"rendered":"<h1 class=\"wp-block-heading\"><span style=\"font-weight: 400;\">Pesquisa de mercado de produto m\u00ednimo vi\u00e1vel<\/span><\/h1>\n\n\n\n<figure class=\"gb-block-image gb-block-image-58638728\"><img loading=\"lazy\" decoding=\"async\" width=\"1456\" height=\"816\" class=\"gb-image gb-image-58638728\" src=\"https:\/\/www.sisinternational.com\/wp-content\/uploads\/2025\/08\/Qualitative-research-1.jpg\" alt=\"Pesquisa e Estrat\u00e9gia de Mercado Internacional da SIS\" title=\"Qualitative research (1)\" srcset=\"https:\/\/www.sisinternational.com\/wp-content\/uploads\/2025\/08\/Qualitative-research-1.jpg 1456w, https:\/\/www.sisinternational.com\/wp-content\/uploads\/2025\/08\/Qualitative-research-1-300x168.jpg 300w, https:\/\/www.sisinternational.com\/wp-content\/uploads\/2025\/08\/Qualitative-research-1-1024x574.jpg 1024w, https:\/\/www.sisinternational.com\/wp-content\/uploads\/2025\/08\/Qualitative-research-1-768x430.jpg 768w, https:\/\/www.sisinternational.com\/wp-content\/uploads\/2025\/08\/Qualitative-research-1-18x10.jpg 18w\" sizes=\"auto, (max-width: 1456px) 100vw, 1456px\"><\/figure>\n\n\n\n<p><\/p>\n\n\n\n<p><span style=\"font-weight: 400;\">O Produto M\u00ednimo Vi\u00e1vel (MVP) \u00e9 o foco principal para start-ups. Trata da An\u00e1lise Qualitativa de Mercado dos produtos utilizados por poss\u00edveis clientes. Na verdade, o MVP visa impedir que as empresas construam produtos dos quais os clientes n\u00e3o precisar\u00e3o. \u00c9 como o modelo de neg\u00f3cio \u201cLean\u201d, que se esfor\u00e7a para eliminar desperd\u00edcios em produtos e processos. \u201cLean\u201d faz isso ao mesmo tempo em que satisfaz os desejos do cliente.<\/span><\/p>\n\n\n\n<h2 class=\"wp-block-heading\">O que \u00e9 um MVP?<\/h2>\n\n\n\n<p><span style=\"font-weight: 400;\">The term describes a version of a new product, which allows a team to collect the maximum amount of validated learning about customers with the least effort.&nbsp; MVPs are used in innovation approaches that encourage Rapid Experimentation in fast-paced industries. An MVP can be developed and tested with the assistance of Market Research.<\/span><\/p>\n\n\n\n<p><span style=\"font-weight: 400;\">Esta nova vers\u00e3o trouxe muitas defini\u00e7\u00f5es propostas. Tamb\u00e9m fez com que especialistas em pesquisa de mercado desenvolvessem novas metodologias. Para entender melhor os m\u00e9todos, a pesquisa de mercado pode ajudar os MVPs a crescer.<\/span><\/p>\n\n\n\n<h2 class=\"wp-block-heading\">Como desenvolver MVPs<\/h2>\n\n\n\n<p><span style=\"font-weight: 400;\">As etapas simples a seguir podem ajudar a desenvolver um Produto M\u00ednimo Vi\u00e1vel:<\/span><\/p>\n\n\n\n<ul class=\"wp-block-list\">\n<li><span style=\"font-weight: 400;\">Fa\u00e7a uma pesquisa de mercado completa.<\/span><\/li>\n\n\n\n<li><span style=\"font-weight: 400;\">Fa\u00e7a a si mesmo perguntas importantes como \u201cque problema seu produto resolve?\u201d \u201cqual \u00e9 o seu mercado-alvo?\u201d \u201cpor que os consumidores iriam querer comprar seu produto?\u201d<\/span><\/li>\n\n\n\n<li><span style=\"font-weight: 400;\">Projete um fluxo de usu\u00e1rio e UX \u2013 defina as etapas do processo.<\/span><\/li>\n\n\n\n<li><span style=\"font-weight: 400;\">Liste todos os recursos que voc\u00ea deseja.<\/span><\/li>\n\n\n\n<li><span style=\"font-weight: 400;\">Prossiga com o desenvolvimento do seu MVP<\/span><\/li>\n<\/ul>\n\n\n\n<p><span style=\"font-weight: 400;\">MVP e Lean est\u00e3o se tornando populares no atual ambiente de neg\u00f3cios acelerado. Um dos benef\u00edcios das startups \u00e9 que elas mostram aos empreendedores como construir um neg\u00f3cio sustent\u00e1vel. Eles podem verificar cientificamente esse aprendizado realizando v\u00e1rios experimentos. MVP \u00e9 um m\u00e9todo para medir o progresso no contexto de incerteza.<\/span><\/p>\n\n\n\n<h2 class=\"wp-block-heading\">Como a Pesquisa de Mercado pode ajud\u00e1-lo a desenvolver MVPs?<\/h2>\n\n\n\n<p><span style=\"font-weight: 400;\">Os empreendedores devem primeiro testar suas ideias e conceitos atrav\u00e9s de pesquisas e an\u00e1lises de mercado.<\/span><\/p>\n\n\n\n<p><span style=\"font-weight: 400;\">Market Researchers look for data about people or competitive on markets and companies. They then analyze it to understand the needs of your potential customers better. They use methods such as market surveys to study the needs of your customers. <a href=\"https:\/\/www.sisinternational.com\/pt\/rotulagem-de-produtos-nutricionais-asia\/\" title=\"Rotulagem e produtos nutricionais na pesquisa de mercado da \u00c1sia\"  data-wpil-monitor-id=\"2489\">Market research ensures that your product<\/a> fulfills customers&#8217; needs.<\/span><\/p>\n\n\n\n<h2 class=\"wp-block-heading\">M\u00e9todos de pesquisa qualitativa<\/h2>\n\n\n\n<p><span style=\"font-weight: 400;\">O m\u00e9todo qualitativo consiste em uma pesquisa aprofundada sobre os clientes-alvo. N\u00e3o se trata apenas das necessidades das pessoas ou do que elas pensam; \u00e9 mais sobre \u201cpor que eles pensam\u201d. <\/span><\/p>\n\n\n\n<p><span style=\"font-weight: 400;\">\u00c9 essencial focar no \u201cporqu\u00ea\u201d do comportamento do cliente ao fazer pesquisas de mercado. \u00c9 a primeira coisa a fazer quando voc\u00ea est\u00e1 inspirado para lan\u00e7ar um produto. Voc\u00ea pode implementar entrevistas presenciais e discuss\u00f5es em grupo com pessoas. Essas s\u00e3o as melhores maneiras de obter feedback aprofundado. Fa\u00e7a perguntas como:<\/span><\/p>\n\n\n\n<ul class=\"wp-block-list\">\n<li><span style=\"font-weight: 400;\">Isso \u00e9 f\u00e1cil de usar?<\/span><\/li>\n\n\n\n<li><span style=\"font-weight: 400;\">O design \u00e9 atraente?<\/span><\/li>\n\n\n\n<li><span style=\"font-weight: 400;\">Qual \u00e9 a sua opini\u00e3o sobre a embalagem?<\/span><\/li>\n\n\n\n<li><span style=\"font-weight: 400;\">O pre\u00e7o est\u00e1 certo?<\/span><\/li>\n<\/ul>\n\n\n\n<h2 class=\"wp-block-heading\">M\u00e9todos de pesquisa quantitativa<\/h2>\n\n\n\n<p><span style=\"font-weight: 400;\">O m\u00e9todo de pesquisa quantitativa utiliza pesquisas e question\u00e1rios de clientes. \u00c9 \u00fatil para obter feedback de clientes em potencial. \u00c9 importante que os pesquisadores tenham cuidado ao selecionar as perguntas da pesquisa. Os resultados devem fornecer dados significativos. Fa\u00e7a perguntas como \u201ccom que frequ\u00eancia voc\u00ea visita uma loja de varejo\u201d? \u201cQuais produtos voc\u00ea compra\u201d? \u201cPor que voc\u00ea os compra?\u201d \u201cEm qual local voc\u00ea compra?\u201d <\/span><\/p>\n\n\n\n<p><span style=\"font-weight: 400;\">A pesquisa quantitativa pode criar uma imagem mais clara de como os consumidores se comportam. Os dados obtidos tamb\u00e9m podem servir como um guia adequado na tomada de decis\u00f5es de neg\u00f3cios.<\/span><\/p>\n\n\n\n<h2 class=\"wp-block-heading\">Pesquisa de concorrentes<\/h2>\n\n\n\n<p><span style=\"font-weight: 400;\"><a class=\"wpil_keyword_link\" href=\"https:\/\/www.sisinternational.com\/pt\/pericia\/industrias\/pesquisa-de-concorrentes\/\"   title=\"Pesquisa de concorrentes\" data-wpil-keyword-link=\"linked\"  data-wpil-monitor-id=\"454\">Competitor research<\/a> analyzes the strengths and weaknesses of your existing and prospective competitors. Additionally, it provides strategies to identify potential opportunities and threats. <\/span><\/p>\n\n\n\n<p><span style=\"font-weight: 400;\">Depois, voc\u00ea s\u00f3 precisa criar novos recursos e estrat\u00e9gias que funcionem. Certifique-se de que eles ser\u00e3o \u00fateis para atrair clientes mais rapidamente do que seus concorrentes. Sim, isso \u00e9 poss\u00edvel! Recomendamos que voc\u00ea implante a An\u00e1lise SWOT \u2013 An\u00e1lise de Pontos Fortes, Pontos Fracos, Oportunidades e Amea\u00e7as.<\/span><\/p>\n\n\n\n<h2 class=\"wp-block-heading\">Benef\u00edcios de um produto m\u00ednimo vi\u00e1vel<\/h2>\n\n\n\n<p><span style=\"font-weight: 400;\">Existem v\u00e1rios outros benef\u00edcios em criar um MVP:<\/span><\/p>\n\n\n\n<ul class=\"wp-block-list\">\n<li><span style=\"font-weight: 400;\">Testa o produto em condi\u00e7\u00f5es reais de mercado.<\/span><\/li>\n\n\n\n<li><span style=\"font-weight: 400;\">Ajuda as empresas a se concentrarem nas principais caracter\u00edsticas do produto.<\/span><\/li>\n\n\n\n<li><span style=\"font-weight: 400;\">Reduz o custo do produto e do tempo.<\/span><\/li>\n\n\n\n<li><span style=\"font-weight: 400;\">Isso acelera a curva de aprendizado da equipe.<\/span><\/li>\n\n\n\n<li><span style=\"font-weight: 400;\">Ele cria um processo \u00e1gil e iterativo.<\/span><\/li>\n\n\n\n<li><span style=\"font-weight: 400;\">Isso salva o neg\u00f3cio de um fracasso vi\u00e1vel.<\/span><\/li>\n<\/ul>\n\n\n\n<h2 class=\"wp-block-heading\">Sobre a pesquisa de mercado de produto m\u00ednimo vi\u00e1vel<\/h2>\n\n\n\n<p>SIS is a leading <a class=\"wpil_keyword_link\" href=\"https:\/\/www.sisinternational.com\/pt\/cobertura\/\"   title=\"Cobertura de pesquisa de mercado\" data-wpil-keyword-link=\"linked\"  data-wpil-monitor-id=\"455\">Pesquisa de mercado global<\/a> and Strategy Consulting company.&nbsp; We provide research, data, analysis and strategy to enhance your product development process.&nbsp; Key tools we use:<\/p>\n\n\n\n<ul class=\"wp-block-list\">\n<li>Grupos focais e entrevistas com clientes<\/li>\n\n\n\n<li>Cocria\u00e7\u00e3o<\/li>\n\n\n\n<li>pesquisas<\/li>\n\n\n\n<li>Teste \u00e1gil de produtos<\/li>\n\n\n\n<li>Sprints \u00c1geis<\/li>\n\n\n\n<li>Comunidades de insights on-line<\/li>\n<\/ul>\n\n\n\n<p><\/p>","protected":false},"excerpt":{"rendered":"<p>Fornecemos pesquisa e estrat\u00e9gia de mercado de produtos m\u00ednimos vi\u00e1veis.<\/p>","protected":false},"author":1,"featured_media":65095,"parent":14567,"menu_order":12,"comment_status":"closed","ping_status":"closed","template":"","meta":{"footnotes":""},"class_list":["post-31437","page","type-page","status-publish","has-post-thumbnail"],"_links":{"self":[{"href":"https:\/\/www.sisinternational.com\/pt\/wp-json\/wp\/v2\/pages\/31437","targetHints":{"allow":["GET"]}}],"collection":[{"href":"https:\/\/www.sisinternational.com\/pt\/wp-json\/wp\/v2\/pages"}],"about":[{"href":"https:\/\/www.sisinternational.com\/pt\/wp-json\/wp\/v2\/types\/page"}],"author":[{"embeddable":true,"href":"https:\/\/www.sisinternational.com\/pt\/wp-json\/wp\/v2\/users\/1"}],"replies":[{"embeddable":true,"href":"https:\/\/www.sisinternational.com\/pt\/wp-json\/wp\/v2\/comments?post=31437"}],"version-history":[{"count":5,"href":"https:\/\/www.sisinternational.com\/pt\/wp-json\/wp\/v2\/pages\/31437\/revisions"}],"predecessor-version":[{"id":76833,"href":"https:\/\/www.sisinternational.com\/pt\/wp-json\/wp\/v2\/pages\/31437\/revisions\/76833"}],"up":[{"embeddable":true,"href":"https:\/\/www.sisinternational.com\/pt\/wp-json\/wp\/v2\/pages\/14567"}],"wp:featuredmedia":[{"embeddable":true,"href":"https:\/\/www.sisinternational.com\/pt\/wp-json\/wp\/v2\/media\/65095"}],"wp:attachment":[{"href":"https:\/\/www.sisinternational.com\/pt\/wp-json\/wp\/v2\/media?parent=31437"}],"curies":[{"name":"wp","href":"https:\/\/api.w.org\/{rel}","templated":true}]}}