{"id":31367,"date":"2019-03-26T22:22:47","date_gmt":"2019-03-26T22:22:47","guid":{"rendered":"https:\/\/www.sisinternational.com\/?page_id=31367"},"modified":"2026-01-26T14:21:56","modified_gmt":"2026-01-26T19:21:56","slug":"pesquisa-de-mercado-de-cassino-de-apostas-esportivas-de-jogos-on-line","status":"publish","type":"page","link":"https:\/\/www.sisinternational.com\/pt\/pericia\/pesquisa-de-mercado-de-cassino-de-apostas-esportivas-de-jogos-on-line\/","title":{"rendered":"Pesquisa de mercado de jogos online, apostas esportivas e cassino"},"content":{"rendered":"<h1 class=\"wp-block-heading\">Jogos Online, Apostas Esportivas e Pesquisa de Mercado de Cassinos<\/h1>\n\n\n\n<figure class=\"gb-block-image gb-block-image-ada045c6\"><img loading=\"lazy\" decoding=\"async\" width=\"1456\" height=\"816\" class=\"gb-image gb-image-ada045c6\" src=\"https:\/\/www.sisinternational.com\/wp-content\/uploads\/2025\/08\/esports-gaming-e-sports9.jpg\" alt=\"Pesquisa e Estrat\u00e9gia de Mercado Internacional da SIS\" title=\"esports gaming e-sports(9)\" srcset=\"https:\/\/www.sisinternational.com\/wp-content\/uploads\/2025\/08\/esports-gaming-e-sports9.jpg 1456w, https:\/\/www.sisinternational.com\/wp-content\/uploads\/2025\/08\/esports-gaming-e-sports9-300x168.jpg 300w, https:\/\/www.sisinternational.com\/wp-content\/uploads\/2025\/08\/esports-gaming-e-sports9-1024x574.jpg 1024w, https:\/\/www.sisinternational.com\/wp-content\/uploads\/2025\/08\/esports-gaming-e-sports9-768x430.jpg 768w, https:\/\/www.sisinternational.com\/wp-content\/uploads\/2025\/08\/esports-gaming-e-sports9-18x10.jpg 18w\" sizes=\"auto, (max-width: 1456px) 100vw, 1456px\"><\/figure>\n\n\n\n<p><\/p>\n\n\n\n<p>Sports gambling is now legal in most US states. In May 2018 the Supreme Court ruled 6:3 to strike down the Professional and Amateur Sports Protection Act. This was a federal law that barred online gaming. It had made Nevada the only state where a person could bet on the results of a single game. By striking it down, the Court gave states the go-ahead to legalize <a href=\"https:\/\/www.sisinternational.com\/pt\/pericia\/industrias\/pesquisa-de-mercado-de-apostas-esportivas\/\" title=\"Pesquisa de mercado de apostas esportivas\"  data-wpil-monitor-id=\"3984\">betting on sports<\/a>.<\/p>\n\n\n\n<h2 class=\"wp-block-heading\">Oportunidades em pagamentos online<\/h2>\n\n\n\n<p>A legaliza\u00e7\u00e3o significa que as apostas desportivas, os casinos online e os jogos ir\u00e3o convergir. O governo federal restringiu os pagamentos quando proibiu os jogos de azar online em 2007. Essa proibi\u00e7\u00e3o fez com que muitas opera\u00e7\u00f5es online fossem encerradas.<\/p>\n\n\n\n<p>Os analistas levantam a hip\u00f3tese de que muitas mudan\u00e7as acontecer\u00e3o ao longo do tempo e, eventualmente, as diferentes plataformas ir\u00e3o operar dentro dos mesmos controlos regulamentares e quadro jur\u00eddico. Existem oportunidades para plataformas de jogos online, bem como para processadores de pagamentos. Chegou o momento de aproveitar as vantagens deste mercado em expans\u00e3o.<\/p>\n\n\n\n<h2 class=\"wp-block-heading\">Por que a pesquisa de mercado \u00e9 importante?<\/h2>\n\n\n\n<p>It would be best if you never underrated the benefits of a good market research exercise. Online gaming and sports betting are now moving to the mainstream. If you don\u2019t do research, it\u2019s sure to affect the bottom line. Research helps with the testing and promoting of new gaming products. A proper analysis also assists marketers in finding out consumer response to their product offerings. <a href=\"https:\/\/www.sisinternational.com\/pt\/pericia\/industrias\/pesquisa-de-mercado-de-aplicativos-de-namoro-online\/\" title=\"Pesquisa de mercado de aplicativos de namoro online\"  data-wpil-monitor-id=\"5946\">Market research can help online<\/a> platforms to identify opportunities in the marketplace.<\/p>\n\n\n\n<h2 class=\"wp-block-heading\">Pesquisa qualitativa de mercado<\/h2>\n\n\n\n<p>A pesquisa qualitativa de mercado observa o comportamento do consumidor. O pesquisador pode testar assuntos e quest\u00f5es em profundidade \u00e0 medida que obt\u00e9m novas informa\u00e7\u00f5es. Na SIS Research, utilizamos diversas ferramentas para coletar dados qualitativos:<\/p>\n\n\n\n<ul class=\"wp-block-list\">\n<li><strong>Grupos de foco: <\/strong>Esta t\u00e9cnica de pesquisa envolve um pequeno grupo de pessoas. Este tipo de grupo compartilha um conjunto padr\u00e3o de caracter\u00edsticas. Um moderador os conduz em uma discuss\u00e3o sobre t\u00f3picos pr\u00e9-determinados.<\/li>\n\n\n\n<li><strong>Entrevistas com clientes: <\/strong>Este m\u00e9todo \u00e9 \u00fatil para provedores que desejam informa\u00e7\u00f5es detalhadas. Isso lhes d\u00e1 informa\u00e7\u00f5es sobre os pensamentos e comportamentos de seus clientes. Cada entrevistado fornecer\u00e1 ao entrevistador pontos exclusivos. Outras pessoas n\u00e3o ser\u00e3o capazes de influenciar as suas respostas, como acontece frequentemente nos Focus Groups.<\/li>\n\n\n\n<li><strong>Etnografia: <\/strong>Este tipo de pesquisa \u00e9 \u00fatil no in\u00edcio de um projeto. Isso porque pode apoiar futuras decis\u00f5es de design. Novas plataformas online podem utiliz\u00e1-lo para identificar e analisar problemas inesperados. \u00c9 importante conhecer a etnografia do seu p\u00fablico-alvo ao abrir uma loja na Internet.<\/li>\n<\/ul>\n\n\n\n<h2 class=\"wp-block-heading\">Pesquisa Quantitativa de Mercado<\/h2>\n\n\n\n<figure class=\"gb-block-image gb-block-image-2a513069\"><img loading=\"lazy\" decoding=\"async\" width=\"1456\" height=\"816\" class=\"gb-image gb-image-2a513069\" src=\"https:\/\/www.sisinternational.com\/wp-content\/uploads\/2025\/08\/Gaming-gamer-16.jpg\" alt=\"Pesquisa e Estrat\u00e9gia de Mercado Internacional da SIS\" title=\"Gaming gamer (16)\" srcset=\"https:\/\/www.sisinternational.com\/wp-content\/uploads\/2025\/08\/Gaming-gamer-16.jpg 1456w, https:\/\/www.sisinternational.com\/wp-content\/uploads\/2025\/08\/Gaming-gamer-16-300x168.jpg 300w, https:\/\/www.sisinternational.com\/wp-content\/uploads\/2025\/08\/Gaming-gamer-16-1024x574.jpg 1024w, https:\/\/www.sisinternational.com\/wp-content\/uploads\/2025\/08\/Gaming-gamer-16-768x430.jpg 768w, https:\/\/www.sisinternational.com\/wp-content\/uploads\/2025\/08\/Gaming-gamer-16-18x10.jpg 18w\" sizes=\"auto, (max-width: 1456px) 100vw, 1456px\"><\/figure>\n\n\n\n<p><\/p>\n\n\n\n<p>Usamos enquetes, pesquisas e question\u00e1rios para nossos esfor\u00e7os de Pesquisa Quantitativa de Mercado. Em seguida, analisamos as respostas, que mostrar\u00e3o como voc\u00ea pode melhorar sua plataforma. Isso, por sua vez, aumentar\u00e1 os n\u00edveis de satisfa\u00e7\u00e3o de seus clientes. A pesquisa quantitativa ajuda voc\u00ea a se tornar \u201ccentrado no cliente\u201d.<\/p>\n\n\n\n<p>Uma de nossas perguntas revolucion\u00e1rias \u00e9: \u201cEm uma escala de 1 a 10, qual a probabilidade de voc\u00ea nos recomendar a um amigo ou colega?\u201d As plataformas de jogos podem usar esta pergunta para determinar quanto mais (ou menos) elas t\u00eam para gastar. Esta \u00fanica pergunta os ajuda a definir um or\u00e7amento para promo\u00e7\u00f5es e publicidade pagas. Tamb\u00e9m informa o desempenho de seus esfor\u00e7os de boca a boca. Eles podem us\u00e1-lo para determinar quais \u00e1reas da qualidade de seu servi\u00e7o precisam de melhorias.<\/p>\n\n\n\n<h2 class=\"wp-block-heading\">Pesquisa Estrat\u00e9gica<\/h2>\n\n\n\n<p>Oferecemos Pesquisa Estrat\u00e9gica, que pode ajudar sua plataforma a identificar e explorar oportunidades. Se necess\u00e1rio, voc\u00ea pode priorizar essas oportunidades. Jogos online e apostas esportivas s\u00e3o novos para a maioria dos estados. Muitos empreendedores entraram neste espa\u00e7o porque fizeram Pesquisa Estrat\u00e9gica. Permite que as empresas analisem imparcialmente se a sua opera\u00e7\u00e3o ser\u00e1 provavelmente lucrativa.<\/p>\n\n\n\n<p>A Pesquisa de Mercado \u00e9 uma ferramenta inestim\u00e1vel que pode parecer lenta e cara, mas \u00e9 um investimento. Ao ir direto ao p\u00fablico-alvo, voc\u00ea aprender\u00e1 os reais sentimentos dele. Lembre-se de que essas pessoas s\u00e3o menos apegadas ao seu servi\u00e7o de jogos do que voc\u00ea. O que voc\u00ea escolheria: permanecer desinformado apenas com suas suposi\u00e7\u00f5es? Ou voc\u00ea prefere obter insights de um grupo representativo de seus clientes?<\/p>\n\n\n\n<h2 class=\"wp-block-heading\"><a href=\"https:\/\/www.sisinternational.com\/pt\/about-sis\/contact-sis-international-market-research\/\">Contact us for your next&nbsp;Online Gaming, Sports Betting and Casino Market Research project.<\/a><\/h2>","protected":false},"excerpt":{"rendered":"<p>Descubra novas oportunidades atrav\u00e9s de pesquisas de neg\u00f3cios e solu\u00e7\u00f5es estrat\u00e9gicas na ind\u00fastria de apostas esportivas online.<\/p>","protected":false},"author":1,"featured_media":64496,"parent":14514,"menu_order":42,"comment_status":"closed","ping_status":"closed","template":"","meta":{"footnotes":""},"class_list":["post-31367","page","type-page","status-publish","has-post-thumbnail"],"_links":{"self":[{"href":"https:\/\/www.sisinternational.com\/pt\/wp-json\/wp\/v2\/pages\/31367","targetHints":{"allow":["GET"]}}],"collection":[{"href":"https:\/\/www.sisinternational.com\/pt\/wp-json\/wp\/v2\/pages"}],"about":[{"href":"https:\/\/www.sisinternational.com\/pt\/wp-json\/wp\/v2\/types\/page"}],"author":[{"embeddable":true,"href":"https:\/\/www.sisinternational.com\/pt\/wp-json\/wp\/v2\/users\/1"}],"replies":[{"embeddable":true,"href":"https:\/\/www.sisinternational.com\/pt\/wp-json\/wp\/v2\/comments?post=31367"}],"version-history":[{"count":4,"href":"https:\/\/www.sisinternational.com\/pt\/wp-json\/wp\/v2\/pages\/31367\/revisions"}],"predecessor-version":[{"id":79618,"href":"https:\/\/www.sisinternational.com\/pt\/wp-json\/wp\/v2\/pages\/31367\/revisions\/79618"}],"up":[{"embeddable":true,"href":"https:\/\/www.sisinternational.com\/pt\/wp-json\/wp\/v2\/pages\/14514"}],"wp:featuredmedia":[{"embeddable":true,"href":"https:\/\/www.sisinternational.com\/pt\/wp-json\/wp\/v2\/media\/64496"}],"wp:attachment":[{"href":"https:\/\/www.sisinternational.com\/pt\/wp-json\/wp\/v2\/media?parent=31367"}],"curies":[{"name":"wp","href":"https:\/\/api.w.org\/{rel}","templated":true}]}}