{"id":31358,"date":"2019-03-26T05:05:20","date_gmt":"2019-03-26T05:05:20","guid":{"rendered":"https:\/\/www.sisinternational.com\/?page_id=31358"},"modified":"2025-09-13T23:03:21","modified_gmt":"2025-09-14T03:03:21","slug":"pesquisa-de-mercado-na-broadway","status":"publish","type":"page","link":"https:\/\/www.sisinternational.com\/pt\/pericia\/pesquisa-de-mercado-na-broadway\/","title":{"rendered":"Pesquisa de mercado da Broadway"},"content":{"rendered":"<h1 class=\"wp-block-heading\">Pesquisa de mercado da Broadway<\/h1>\n\n\n\n<figure class=\"gb-block-image gb-block-image-f9014b10\"><img loading=\"lazy\" decoding=\"async\" width=\"1456\" height=\"816\" class=\"gb-image gb-image-f9014b10\" src=\"https:\/\/www.sisinternational.com\/wp-content\/uploads\/2025\/08\/Broadway-3.jpg\" alt=\"Pesquisa e Estrat\u00e9gia de Mercado Internacional da SIS\" title=\"Broadway (3)\" srcset=\"https:\/\/www.sisinternational.com\/wp-content\/uploads\/2025\/08\/Broadway-3.jpg 1456w, https:\/\/www.sisinternational.com\/wp-content\/uploads\/2025\/08\/Broadway-3-300x168.jpg 300w, https:\/\/www.sisinternational.com\/wp-content\/uploads\/2025\/08\/Broadway-3-1024x574.jpg 1024w, https:\/\/www.sisinternational.com\/wp-content\/uploads\/2025\/08\/Broadway-3-768x430.jpg 768w, https:\/\/www.sisinternational.com\/wp-content\/uploads\/2025\/08\/Broadway-3-18x10.jpg 18w\" sizes=\"auto, (max-width: 1456px) 100vw, 1456px\"><\/figure>\n\n\n\n<p><\/p>\n\n\n\n<h2 class=\"wp-block-heading\">Solu\u00e7\u00f5es de pesquisa para melhores desempenhos<\/h2>\n\n\n\n<p><span style=\"font-weight: 400;\">A Pesquisa de Mercado permite que as organiza\u00e7\u00f5es tomem decis\u00f5es melhores e mais informadas. Como fornecedores de entretenimento de alta qualidade, os teatros da Broadway tamb\u00e9m podem se beneficiar de pesquisas de mercado. Uma an\u00e1lise detalhada do mercado prepara os cinemas para lidar com o seu ambiente em mudan\u00e7a. Pode ajudar no seu planejamento estrat\u00e9gico. Tamb\u00e9m os ajudar\u00e1 a fortalecer a sua posi\u00e7\u00e3o na ind\u00fastria.<\/span><\/p>\n\n\n\n<p><span style=\"font-weight: 400;\">Market research helps theaters to gain a better understanding of their target audience or market. Knowledge is power, and it helps them to strengthen their position. Use our analysis to ensure that your theater stays ahead of the competition. <a href=\"https:\/\/www.sisinternational.com\/pt\/solucoes\/pesquisa-de-consultoria-em-estrategia-fintech\/fundos-de-hedge-e-pesquisa-de-mercado-de-investimento\/\" title=\"Pesquisa de fundos de hedge e mercado de investimento\"  data-wpil-monitor-id=\"8007\">Market research also keeps investment<\/a> risk low. An investment in <a href=\"https:\/\/www.sisinternational.com\/pt\/publicacoes\/pesquisa-de-mercado-de-testes-educacionais\/\" title=\"Pesquisa de mercado de testes educacionais\"  data-wpil-monitor-id=\"8016\">testing the market<\/a> for your concept makes perfect business sense.<\/span><\/p>\n\n\n\n<h2 class=\"wp-block-heading\"><span style=\"font-weight: 400;\">Pesquisa qualitativa para teatros da Broadway<\/span><\/h2>\n\n\n\n<p><span style=\"font-weight: 400;\">O desejo de todos os profissionais de marketing \u00e9 saber o que o cliente pensa e o que o leva a comprar. A pesquisa qualitativa fornece informa\u00e7\u00f5es sobre os motivos por tr\u00e1s das compras de seus clientes. Incentivamos avalia\u00e7\u00f5es externas e nossos dados v\u00eam diretamente da fonte: seus clientes.<\/span><\/p>\n\n\n\n<p><span style=\"font-weight: 400;\">Coletamos dados qualitativos por meio de question\u00e1rios e pesquisas online. Esses dados nos d\u00e3o respostas definitivas sobre por que, por exemplo, um cliente escolhe um programa em vez de outro. Voc\u00ea pode descobrir que os clientes est\u00e3o comprando ingressos para a produ\u00e7\u00e3o do seu concorrente porque \u00e9 mais f\u00e1cil obt\u00ea-los online. Isso \u00e9 um sinal de que voc\u00ea precisa melhorar seu jogo online para tornar os ingressos para o show mais acess\u00edveis. Se voc\u00ea n\u00e3o tivesse feito uma pesquisa qualitativa, n\u00e3o saberia o que estava causando a queda nas vendas. Voc\u00ea tamb\u00e9m n\u00e3o saberia como corrigi-lo.<\/span><\/p>\n\n\n\n<h2 class=\"wp-block-heading\"><span style=\"font-weight: 400;\">Pesquisa quantitativa para teatros da Broadway<\/span><\/h2>\n\n\n\n<p><span style=\"font-weight: 400;\"><a href=\"https:\/\/www.sisinternational.com\/pt\/top-5-benefits-of-conducting-quantitative-market-research\/\" title=\"Top 5 Benefits of Conducting Quantitative Market Research\"  data-wpil-monitor-id=\"7997\">Pesquisa quantitativa de mercado<\/a> is not as targeted as qualitative. Quantitative deals with sets of data that several random conditions can affect. This type of analysis is number based and involves more respondents. The large samples help moderators measure the effect of your production on audiences. It also helps them determine your market size and assists in establishing consumer profiles. It also enables you to provide suitable recommendations for the customer base.<\/span><\/p>\n\n\n\n<p><span style=\"font-weight: 400;\"><a href=\"https:\/\/www.sisinternational.com\/pt\/solucoes\/solucoes-de-pesquisa-quantitativa-qualitativa\/quantitative-research-benefits\/\" title=\"Quantitative Research Benefits\"  data-wpil-monitor-id=\"8010\">Quantitative research has many benefits<\/a>. Respondents are more disposed to partake in these studies. Why? Because they\u2019re very straightforward and do not take up much time. This type of research offers enough insight into promoting your show. Most quantitative techniques cost little to conduct. With a large number of samples, the quantitative analysis is more effective.<\/span><\/p>\n\n\n\n<h2 class=\"wp-block-heading\"><span style=\"font-weight: 400;\">Pesquisa de estrat\u00e9gia<\/span><\/h2>\n\n\n\n<p><span style=\"font-weight: 400;\">A pesquisa estrat\u00e9gica confirma os valores e o prop\u00f3sito da sua organiza\u00e7\u00e3o. Esse tipo de estudo proporciona uma vis\u00e3o de futuro e define metas. Define maneiras de aproveitar os pontos fortes, diminuir os pontos fracos e esclarecer oportunidades e amea\u00e7as. Ele estabelece limites claros e uma estrutura para que seu teatro possa tomar melhores decis\u00f5es.<\/span><\/p>\n\n\n\n<p><span style=\"font-weight: 400;\">A pesquisa estrat\u00e9gica ajuda os tomadores de decis\u00e3o a tomar decis\u00f5es mais inteligentes. Permite que os tomadores de decis\u00e3o vejam os benef\u00edcios relacionados. A an\u00e1lise estrat\u00e9gica tamb\u00e9m for\u00e7a a organiza\u00e7\u00e3o teatral a estabelecer metas. A organiza\u00e7\u00e3o primeiro precisa determinar o que \u00e9 cr\u00edtico para seu sucesso. Essa determina\u00e7\u00e3o o ajuda a definir metas e a tra\u00e7ar um plano para alcan\u00e7\u00e1-las.<\/span><\/p>\n\n\n\n<p><span style=\"font-weight: 400;\">There are advantages and disadvantages to market research as a whole. Many of the problems occur because of poor consultants. <a href=\"https:\/\/www.sisinternational.com\/pt\/pesquisa-internacional-sis-comemora-30o-aniversario\/\" title=\"SIS International Research comemora 30\u00ba anivers\u00e1rio\"  data-wpil-monitor-id=\"8015\">SIS Research<\/a> is an industry leader with several years\u2019 experience in the field. Our consultants are top-notch. We <a href=\"https:\/\/www.sisinternational.com\/pt\/how-to-conduct-effective-quantitative-market-research\/\" title=\"How to Conduct Effective Quantitative Market Research\"  data-wpil-monitor-id=\"8001\">conduct market research<\/a> and testing of new Broadway shows. Market research can be beneficial to almost all Broadway theaters. Contact SIS Research today and let us take your productions to the next level.<\/span><\/p>\n\n\n\n<h2 class=\"wp-block-heading\">Sobre a pesquisa de mercado da Broadway<\/h2>\n\n\n\n<p><a href=\"https:\/\/www.sisinternational.com\/pt\/solucoes\/solucoes-de-branding-e-pesquisa-de-clientes\/pesquisa-de-mercado-para-testes-de-produtos\/sis-internationals-teste-de-sabor-de-comida\/\" title=\"O que torna a SIS International Research a TOP empresa de pesquisa de mercado para testes de sabor de alimentos na cidade de Nova York\"  data-wpil-monitor-id=\"8013\">SIS is headquartered in New York City<\/a> in close proximity to Broadway.&nbsp; Our company leadership is passionate about Broadway and are patrons of the arts.&nbsp; Through our databases and relationships, we bring unparalleled access to speak with actors, producers, directors, influencers, entertainment marketers, consumers and patrons.&nbsp; We <a href=\"https:\/\/www.sisinternational.com\/pt\/solucoes\/pesquisa-de-mercado-em-grupo-focal\/como-conduzir-um-grupo-focal\/\" title=\"Como conduzir um grupo focal\"  data-wpil-monitor-id=\"8004\">conduct Focus Groups<\/a>, Street Intercepts, Consumer Interviews, Surveys and Strategic Market Assessments.<\/p>\n\n\n\n<p><\/p>","protected":false},"excerpt":{"rendered":"<p>A SIS \u00e9 uma empresa l\u00edder em pesquisa de mercado global com sede na cidade de Nova York. Descubra como aumentar o desempenho com a Broadway Market Research.<\/p>","protected":false},"author":1,"featured_media":64753,"parent":14514,"menu_order":41,"comment_status":"closed","ping_status":"closed","template":"","meta":{"footnotes":""},"class_list":["post-31358","page","type-page","status-publish","has-post-thumbnail"],"_links":{"self":[{"href":"https:\/\/www.sisinternational.com\/pt\/wp-json\/wp\/v2\/pages\/31358","targetHints":{"allow":["GET"]}}],"collection":[{"href":"https:\/\/www.sisinternational.com\/pt\/wp-json\/wp\/v2\/pages"}],"about":[{"href":"https:\/\/www.sisinternational.com\/pt\/wp-json\/wp\/v2\/types\/page"}],"author":[{"embeddable":true,"href":"https:\/\/www.sisinternational.com\/pt\/wp-json\/wp\/v2\/users\/1"}],"replies":[{"embeddable":true,"href":"https:\/\/www.sisinternational.com\/pt\/wp-json\/wp\/v2\/comments?post=31358"}],"version-history":[{"count":3,"href":"https:\/\/www.sisinternational.com\/pt\/wp-json\/wp\/v2\/pages\/31358\/revisions"}],"predecessor-version":[{"id":81349,"href":"https:\/\/www.sisinternational.com\/pt\/wp-json\/wp\/v2\/pages\/31358\/revisions\/81349"}],"up":[{"embeddable":true,"href":"https:\/\/www.sisinternational.com\/pt\/wp-json\/wp\/v2\/pages\/14514"}],"wp:featuredmedia":[{"embeddable":true,"href":"https:\/\/www.sisinternational.com\/pt\/wp-json\/wp\/v2\/media\/64753"}],"wp:attachment":[{"href":"https:\/\/www.sisinternational.com\/pt\/wp-json\/wp\/v2\/media?parent=31358"}],"curies":[{"name":"wp","href":"https:\/\/api.w.org\/{rel}","templated":true}]}}