{"id":31324,"date":"2019-03-24T20:14:14","date_gmt":"2019-03-24T20:14:14","guid":{"rendered":"https:\/\/www.sisinternational.com\/?page_id=31324"},"modified":"2026-01-26T18:49:14","modified_gmt":"2026-01-26T23:49:14","slug":"pesquisa-de-mercado-de-tesouraria-corporativa","status":"publish","type":"page","link":"https:\/\/www.sisinternational.com\/pt\/solucoes\/pesquisa-de-consultoria-em-estrategia-fintech\/pesquisa-de-mercado-de-tesouraria-corporativa\/","title":{"rendered":"Pesquisa de mercado de tesouraria corporativa"},"content":{"rendered":"<h1 class=\"wp-block-heading\">Pesquisa de mercado de tesouraria corporativa<\/h1>\n\n\n\n<figure class=\"gb-block-image gb-block-image-f365e35d\"><img loading=\"lazy\" decoding=\"async\" width=\"1456\" height=\"816\" class=\"gb-image gb-image-f365e35d\" src=\"https:\/\/www.sisinternational.com\/wp-content\/uploads\/2025\/08\/Commercial-real-estate-business-comapny-9.jpg\" alt=\"Pesquisa e Estrat\u00e9gia de Mercado Internacional da SIS\" title=\"Commercial real estate business comapny (9)\" srcset=\"https:\/\/www.sisinternational.com\/wp-content\/uploads\/2025\/08\/Commercial-real-estate-business-comapny-9.jpg 1456w, https:\/\/www.sisinternational.com\/wp-content\/uploads\/2025\/08\/Commercial-real-estate-business-comapny-9-300x168.jpg 300w, https:\/\/www.sisinternational.com\/wp-content\/uploads\/2025\/08\/Commercial-real-estate-business-comapny-9-1024x574.jpg 1024w, https:\/\/www.sisinternational.com\/wp-content\/uploads\/2025\/08\/Commercial-real-estate-business-comapny-9-768x430.jpg 768w, https:\/\/www.sisinternational.com\/wp-content\/uploads\/2025\/08\/Commercial-real-estate-business-comapny-9-18x10.jpg 18w\" sizes=\"auto, (max-width: 1456px) 100vw, 1456px\"><\/figure>\n\n\n\n<hr class=\"wp-block-separator has-alpha-channel-opacity is-style-dots\"\/>\n\n\n\n<h2 class=\"wp-block-heading\"><strong>O que \u00e9 pesquisa de mercado de tesouraria corporativa?<\/strong><\/h2>\n\n\n\n<p><span style=\"font-weight: 400;\">A pesquisa de mercado de tesouraria corporativa envolve uma an\u00e1lise sistem\u00e1tica e aprofundada de v\u00e1rios aspectos financeiros, desde gest\u00e3o de caixa e otimiza\u00e7\u00e3o de liquidez at\u00e9 gest\u00e3o de risco e estrat\u00e9gias de investimento. Esta pesquisa busca descobrir insights e fornecer solu\u00e7\u00f5es baseadas em dados que ajudem as empresas a otimizar suas opera\u00e7\u00f5es financeiras e maximizar seu desempenho financeiro.<\/span><\/p>\n\n\n\n<p><span style=\"font-weight: 400;\">It delves into areas such as capital allocation, working capital management, debt management, and foreign exchange risk, providing actionable intelligence that empowers businesses to make informed decisions and optimize their treasury functions.<\/span><\/p>\n\n\n\n<h2 class=\"wp-block-heading\"><strong>Por que as empresas precisam de pesquisas de mercado de tesouraria corporativa?<\/strong><\/h2>\n\n\n\n<p><span style=\"font-weight: 400;\"><a href=\"https:\/\/www.sisinternational.com\/pt\/otimizando-sites-corporativos-para-roi\/\" title=\"Otimizando sites corporativos para ROI\"  data-wpil-monitor-id=\"1977\">Corporate treasury market research helps businesses optimize<\/a> their financial operations by providing insights into areas such as cash flow management, working capital efficiency, and liquidity management. With accurate data and analysis, organizations can fine-tune their treasury processes for maximum efficiency.<\/span><\/p>\n\n\n\n<p><span style=\"font-weight: 400;\">Moreover, effective corporate treasury research enables organizations to make informed decisions regarding their investments.&nbsp;Therefore, conducting corporate treasury market <a href=\"https:\/\/www.sisinternational.com\/pt\/solucoes\/inovacao\/pesquisa-de-mercado-agil\/\" title=\"Pesquisa de mercado \u00e1gil\"  data-wpil-monitor-id=\"7064\">pesquisar<\/a> assists companies to gain a competitive edge by making agile and data-driven financial decisions that enable growth and sustainability. However, it has many other benefits, including:&nbsp;<\/span><\/p>\n\n\n\n<ul class=\"wp-block-list\">\n<li><b> Efici\u00eancia de custos:<\/b><span style=\"font-weight: 400;\"> Identifying opportunities to reduce operational costs is a significant advantage of corporate treasury research.\u00a0<\/span><\/li>\n\n\n\n<li><b> Melhor gerenciamento do fluxo de caixa:<\/b><span style=\"font-weight: 400;\"> A gest\u00e3o eficaz do fluxo de caixa \u00e9 essencial para a estabilidade dos neg\u00f3cios. A pesquisa de mercado de tesouraria corporativa ajuda as organiza\u00e7\u00f5es a prever os fluxos de caixa com precis\u00e3o, garantindo que tenham a liquidez necess\u00e1ria para cumprir as suas obriga\u00e7\u00f5es financeiras.<\/span><\/li>\n\n\n\n<li><b> Vantagem competitiva:<\/b><span style=\"font-weight: 400;\"> As empresas que priorizam a pesquisa de mercado de tesouraria corporativa ganham vantagem competitiva. Eles podem se adaptar rapidamente \u00e0s mudan\u00e7as nas condi\u00e7\u00f5es do mercado, tomar decis\u00f5es financeiras \u00e1geis e posicionar-se como l\u00edderes em seus respectivos setores.<\/span><\/li>\n\n\n\n<li><b> Confian\u00e7a das partes interessadas: <\/b><span style=\"font-weight: 400;\">Investidores, acionistas e partes interessadas t\u00eam maior confian\u00e7a em organiza\u00e7\u00f5es com estrat\u00e9gias financeiras bem informadas. Esta confian\u00e7a pode levar a um aumento do investimento e do apoio \u00e0s iniciativas empresariais.<\/span><\/li>\n<\/ul>\n\n\n\n<h2 class=\"wp-block-heading\"><strong>Quem usa a pesquisa de mercado de tesouraria corporativa?<\/strong><\/h2>\n\n\n\n<figure class=\"gb-block-image gb-block-image-93a534ab\"><img loading=\"lazy\" decoding=\"async\" width=\"1456\" height=\"816\" class=\"gb-image gb-image-93a534ab\" src=\"https:\/\/www.sisinternational.com\/wp-content\/uploads\/2025\/09\/Focus-group-recruitment-6.jpg\" alt=\"Pesquisa e Estrat\u00e9gia de Mercado Internacional da SIS\" title=\"Focus group recruitment (6)\" srcset=\"https:\/\/www.sisinternational.com\/wp-content\/uploads\/2025\/09\/Focus-group-recruitment-6.jpg 1456w, https:\/\/www.sisinternational.com\/wp-content\/uploads\/2025\/09\/Focus-group-recruitment-6-300x168.jpg 300w, https:\/\/www.sisinternational.com\/wp-content\/uploads\/2025\/09\/Focus-group-recruitment-6-1024x574.jpg 1024w, https:\/\/www.sisinternational.com\/wp-content\/uploads\/2025\/09\/Focus-group-recruitment-6-768x430.jpg 768w, https:\/\/www.sisinternational.com\/wp-content\/uploads\/2025\/09\/Focus-group-recruitment-6-18x10.jpg 18w\" sizes=\"auto, (max-width: 1456px) 100vw, 1456px\"><\/figure>\n\n\n\n<p><\/p>\n\n\n\n<p><span style=\"font-weight: 400;\">A pesquisa de mercado de tesouraria corporativa \u00e9 um recurso valioso que encontra relev\u00e2ncia em uma ampla gama de setores e organiza\u00e7\u00f5es. Aqui est\u00e1 uma an\u00e1lise mais detalhada de quem se beneficia da pesquisa de mercado de tesouraria corporativa:<\/span><\/p>\n\n\n\n<p><b> \u2022 Institui\u00e7\u00f5es financeiras: <\/b><span style=\"font-weight: 400;\">Bancos, cooperativas de cr\u00e9dito e outras institui\u00e7\u00f5es financeiras dependem de pesquisas de mercado de tesouraria corporativa para compreender tend\u00eancias econ\u00f3micas, avaliar oportunidades de investimento e gerir riscos associados \u00e0s suas carteiras financeiras. Ajuda-os a oferecer solu\u00e7\u00f5es financeiras personalizadas aos clientes e a otimizar seus investimentos.<\/span><\/p>\n\n\n\n<p><b> \u2022 Corpora\u00e7\u00f5es e Empresas Multinacionais: <\/b><span style=\"font-weight: 400;\">Grandes corpora\u00e7\u00f5es e empresas multinacionais empregam pesquisas de mercado de tesouraria corporativa para administrar seus ativos financeiros, garantir liquidez e tomar decis\u00f5es informadas sobre aloca\u00e7\u00e3o de capital, estrat\u00e9gias de hedge e gest\u00e3o de caixa. \u00c9 fundamental para manter uma sa\u00fade financeira est\u00e1vel.<\/span><\/p>\n\n\n\n<p><b> \u2022 Ag\u00eancias governamentais: <\/b>Government bodies and regulatory authorities utilize corporate treasury <a href=\"https:\/\/www.sisinternational.com\/pt\/cobertura\/pesquisa-de-mercado-asia\/pesquisa-de-mercado-filipina\/\" title=\"Pesquisa de mercado filipino\"  data-wpil-monitor-id=\"4013\">research to monitor and regulate financial markets<\/a>, ensuring stability and compliance with financial regulations. It aids in making informed policy decisions that impact the broader economy.<\/span><\/p>\n\n\n\n<p><b> \u2022 Empresas de Investimento: <\/b><span style=\"font-weight: 400;\">As empresas de investimento, incluindo fundos de hedge e empresas de gest\u00e3o de ativos, aproveitam a pesquisa de mercado de tesouraria corporativa para identificar oportunidades de investimento, alocar ativos de forma eficaz e otimizar as suas carteiras. Ajuda-os a navegar pelas complexidades dos mercados financeiros.<\/span><\/p>\n\n\n\n<p><b> \u2022 Departamentos do Tesouro: <\/b><span style=\"font-weight: 400;\">Dentro das organiza\u00e7\u00f5es, os departamentos de tesouraria s\u00e3o os principais usu\u00e1rios da pesquisa de mercado de tesouraria corporativa. Esses departamentos s\u00e3o respons\u00e1veis por gerenciar fluxo de caixa, investimentos e riscos financeiros. A pesquisa informa suas estrat\u00e9gias para gest\u00e3o de liquidez, aloca\u00e7\u00e3o de capital e mitiga\u00e7\u00e3o de risco.<\/span><\/p>\n\n\n\n<p><b> \u2022 Conselhos Corporativos e Acionistas:<\/b><span style=\"font-weight: 400;\"> Os conselhos de administra\u00e7\u00e3o e acionistas corporativos dependem dos resultados das pesquisas para avaliar a sa\u00fade financeira e o desempenho da organiza\u00e7\u00e3o. Informa suas decis\u00f5es sobre dividendos, investimentos e estrat\u00e9gia corporativa geral.<\/span><\/p>\n\n\n\n<p><b>\u2022 Profissionais de Gest\u00e3o de Risco:<\/b> Profissionais em fun\u00e7\u00f5es de gerenciamento de risco utilizam pesquisas de tesouraria corporativa para identificar e avaliar riscos financeiros, incluindo risco de cr\u00e9dito, risco de mercado e risco operacional. A investiga\u00e7\u00e3o ajuda-os a implementar estrat\u00e9gias para mitigar estes riscos de forma eficaz.<\/p>\n\n\n\n<h2 class=\"wp-block-heading\"><strong>Quando realizar pesquisas de mercado de tesouraria corporativa<\/strong><\/h2>\n\n\n\n<p><span style=\"font-weight: 400;\">Determinar o momento apropriado para a realiza\u00e7\u00e3o de pesquisas de mercado de tesouraria corporativa \u00e9 uma considera\u00e7\u00e3o cr\u00edtica para as organiza\u00e7\u00f5es que pretendem melhorar os seus processos de tomada de decis\u00f5es financeiras \u2013 e aqui est\u00e3o alguns dos momentos mais cr\u00edticos em que as empresas podem realizar esta pesquisa de mercado:&nbsp;<\/span><\/p>\n\n\n\n<p><b>Principais investimentos de capital:<\/b><\/p>\n\n\n\n<p><span style=\"font-weight: 400;\">Antes de fazer investimentos de capital significativos, como projetos de infraestrutura ou aquisi\u00e7\u00f5es, as empresas realizam pesquisas de tesouraria corporativa. Isto garante que tomem decis\u00f5es informadas sobre op\u00e7\u00f5es de financiamento, proje\u00e7\u00f5es de ROI e riscos potenciais.<\/span><\/p>\n\n\n\n<p><b>Otimiza\u00e7\u00e3o do Fluxo de Caixa:<\/b><\/p>\n\n\n\n<p><span style=\"font-weight: 400;\">Quando uma organiza\u00e7\u00e3o enfrenta desafios relacionados \u00e0 gest\u00e3o do fluxo de caixa, a pesquisa pode oferecer solu\u00e7\u00f5es. Auxilia na otimiza\u00e7\u00e3o do capital de giro, na melhoria da liquidez e na identifica\u00e7\u00e3o de oportunidades de redu\u00e7\u00e3o de custos operacionais.<\/span><\/p>\n\n\n\n<p><b>Gerenciamento de moeda: <\/b><\/p>\n\n\n\n<p><span style=\"font-weight: 400;\">Para empresas envolvidas no com\u00e9rcio internacional ou com exposi\u00e7\u00e3o a m\u00faltiplas moedas, a pesquisa cont\u00ednua de mercado de tesouraria corporativa \u00e9 essencial. Auxilia no monitoramento das flutua\u00e7\u00f5es da taxa de c\u00e2mbio e na implementa\u00e7\u00e3o de estrat\u00e9gias de gest\u00e3o de risco cambial.<\/span><\/p>\n\n\n\n<p><b>Refinanciamento ou reestrutura\u00e7\u00e3o de d\u00edvidas: <\/b><\/p>\n\n\n\n<p><span style=\"font-weight: 400;\">Ao avaliar op\u00e7\u00f5es de refinanciamento ou reestrutura\u00e7\u00e3o de d\u00edvidas, as organiza\u00e7\u00f5es beneficiam de pesquisas atualizadas sobre tend\u00eancias de taxas de juro, mercados de cr\u00e9dito e instrumentos de d\u00edvida.&nbsp;<\/span><\/p>\n\n\n\n<p><b>Avalia\u00e7\u00e3o de oportunidades de investimento:<\/b><\/p>\n\n\n\n<p><span style=\"font-weight: 400;\">Antes de fazer investimentos, seja nos mercados financeiros, imobili\u00e1rios ou outras classes de ativos, as organiza\u00e7\u00f5es realizam pesquisas para avaliar os retornos e riscos potenciais associados \u00e0s op\u00e7\u00f5es de investimento.<\/span><\/p>\n\n\n\n<p><b>Resposta \u00e0 crise financeira: <\/b><\/p>\n\n\n\n<p><span style=\"font-weight: 400;\">Durante crises financeiras ou crises econ\u00f3micas, as organiza\u00e7\u00f5es podem intensificar os seus esfor\u00e7os de investiga\u00e7\u00e3o. Isto permite-lhes adaptar-se \u00e0s condi\u00e7\u00f5es de mercado em r\u00e1pida mudan\u00e7a, garantir liquidez e tomar decis\u00f5es informadas para navegar em tempos dif\u00edceis.<\/span><\/p>\n\n\n\n<p><b>Revis\u00f5es financeiras trimestrais e anuais: <\/b><\/p>\n\n\n\n<p><span style=\"font-weight: 400;\">A pesquisa regular de mercado de tesouraria corporativa pode ser integrada em revis\u00f5es financeiras trimestrais ou anuais. Ele garante que as estrat\u00e9gias financeiras permane\u00e7am alinhadas com a evolu\u00e7\u00e3o das condi\u00e7\u00f5es do mercado e dos objetivos organizacionais.<\/span><\/p>\n\n\n\n<h2 class=\"wp-block-heading\"><strong>Como a pesquisa de mercado de tesouraria corporativa difere da pesquisa de mercado tradicional<\/strong><\/h2>\n\n\n\n<p><span style=\"font-weight: 400;\">A pesquisa de mercado de tesouraria corporativa concentra-se principalmente nos mercados e instrumentos financeiros. Ele se aprofunda em \u00e1reas como taxas de juros, taxas de c\u00e2mbio, mercados de cr\u00e9dito e derivativos financeiros. Em contraste, a pesquisa de mercado tradicional concentra-se frequentemente no comportamento do consumidor, nas prefer\u00eancias dos produtos e nas tend\u00eancias do mercado.<\/span><\/p>\n\n\n\n<p><span style=\"font-weight: 400;\">Al\u00e9m disso, a investiga\u00e7\u00e3o sobre tesouraria corporativa coloca uma \u00eanfase significativa na avalia\u00e7\u00e3o e gest\u00e3o de riscos. Procura identificar e mitigar riscos financeiros, incluindo risco de taxa de juros, risco de cr\u00e9dito e risco cambial. A pesquisa de mercado tradicional normalmente se concentra na identifica\u00e7\u00e3o de oportunidades e prefer\u00eancias do consumidor, em vez de na gest\u00e3o de riscos.<\/span><\/p>\n\n\n\n<p><span style=\"font-weight: 400;\">Na pesquisa de tesouraria corporativa, instrumentos financeiros como t\u00edtulos, derivativos e instrumentos do mercado monet\u00e1rio s\u00e3o extensivamente avaliados quanto \u00e0 sua adequa\u00e7\u00e3o no portf\u00f3lio financeiro de uma organiza\u00e7\u00e3o. A pesquisa de mercado tradicional n\u00e3o envolve tais avalia\u00e7\u00f5es.<\/span><\/p>\n\n\n\n<h2 class=\"wp-block-heading\"><strong>Espere resultados da pesquisa de mercado de tesouraria corporativa<\/strong><\/h2>\n\n\n\n<p><span style=\"font-weight: 400;\">A pesquisa de mercado de tesouraria corporativa fornece \u00e0s organiza\u00e7\u00f5es insights valiosos e vantagens estrat\u00e9gicas no gerenciamento de suas opera\u00e7\u00f5es financeiras \u2013 e aqui est\u00e1 o que as empresas podem esperar ao se envolverem em pesquisas de mercado de tesouraria corporativa:<\/span><\/p>\n\n\n\n<p><b>Redu\u00e7\u00e3o de custos:<\/b><span style=\"font-weight: 400;\">&nbsp;<\/span><\/p>\n\n\n\n<p><span style=\"font-weight: 400;\">Effective corporate treasury research can lead to cost reduction. By managing financial risk efficiently and optimizing financial operations, organizations can reduce borrowing costs, lower interest expenses, and minimize <a href=\"https:\/\/www.sisinternational.com\/pt\/pericia\/industrias\/pesquisa-de-mercado-sobre-perda-auditiva\/\" title=\"Pesquisa de mercado sobre perda auditiva\u00a0 \u00a0\"  data-wpil-monitor-id=\"6818\">losses due to adverse market<\/a> movements.<\/span><\/p>\n\n\n\n<p><b>Vantagem competitiva:&nbsp;<\/b><\/p>\n\n\n\n<p><span style=\"font-weight: 400;\">As organiza\u00e7\u00f5es que se envolvem em pesquisas abrangentes de mercado de tesouraria corporativa ganham uma vantagem competitiva. Podem responder rapidamente \u00e0s mudan\u00e7as nas condi\u00e7\u00f5es do mercado, explorar oportunidades favor\u00e1veis e enfrentar eficazmente os desafios financeiros. Essa agilidade os diferencia dos concorrentes.<\/span><\/p>\n\n\n\n<p><b>Planejamento estrat\u00e9gico:<\/b><span style=\"font-weight: 400;\">&nbsp;<\/span><\/p>\n\n\n\n<p><span style=\"font-weight: 400;\">A pesquisa de tesouraria corporativa orienta as decis\u00f5es financeiras de longo prazo e garante que as metas financeiras estejam alinhadas com os objetivos organizacionais mais amplos. Ajuda a tra\u00e7ar um curso financeiro sustent\u00e1vel e orientado para o crescimento.<\/span><\/p>\n\n\n\n<p><b>Tomada de decis\u00e3o baseada em dados:<\/b><span style=\"font-weight: 400;\">&nbsp;<\/span><\/p>\n\n\n\n<p><span style=\"font-weight: 400;\">Numa era de tomada de decis\u00f5es baseada em dados, a pesquisa de mercado de tesouraria corporativa fornece os dados e an\u00e1lises necess\u00e1rios para escolhas informadas. Ele capacita as organiza\u00e7\u00f5es a basearem suas decis\u00f5es financeiras em evid\u00eancias emp\u00edricas, e n\u00e3o na intui\u00e7\u00e3o.<\/span><\/p>\n\n\n\n<p><b>Resili\u00eancia aprimorada:<\/b><span style=\"font-weight: 400;\">&nbsp;<\/span><\/p>\n\n\n\n<p><span style=\"font-weight: 400;\">Ao identificar potenciais vulnerabilidades financeiras e abord\u00e1-las atrav\u00e9s de pesquisas de tesouraria, as organiza\u00e7\u00f5es aumentam a sua resili\u00eancia financeira. Esta resili\u00eancia permite-lhes enfrentar crises econ\u00f3micas e desafios inesperados.<\/span><\/p>\n\n\n\n<h2 class=\"wp-block-heading\"><strong>Oportunidades no mercado de tesouraria corporativa&nbsp;<\/strong><\/h2>\n\n\n\n<figure class=\"gb-block-image gb-block-image-862f61bb\"><img loading=\"lazy\" decoding=\"async\" width=\"1456\" height=\"816\" class=\"gb-image gb-image-862f61bb\" src=\"https:\/\/www.sisinternational.com\/wp-content\/uploads\/2025\/08\/CEO-CIO-manager-8.jpg\" alt=\"Pesquisa e Estrat\u00e9gia de Mercado Internacional da SIS\" title=\"CEO CIO manager (8)\" srcset=\"https:\/\/www.sisinternational.com\/wp-content\/uploads\/2025\/08\/CEO-CIO-manager-8.jpg 1456w, https:\/\/www.sisinternational.com\/wp-content\/uploads\/2025\/08\/CEO-CIO-manager-8-300x168.jpg 300w, https:\/\/www.sisinternational.com\/wp-content\/uploads\/2025\/08\/CEO-CIO-manager-8-1024x574.jpg 1024w, https:\/\/www.sisinternational.com\/wp-content\/uploads\/2025\/08\/CEO-CIO-manager-8-768x430.jpg 768w, https:\/\/www.sisinternational.com\/wp-content\/uploads\/2025\/08\/CEO-CIO-manager-8-18x10.jpg 18w\" sizes=\"auto, (max-width: 1456px) 100vw, 1456px\"><\/figure>\n\n\n\n<p><\/p>\n\n\n\n<p><span style=\"font-weight: 400;\">No cen\u00e1rio em constante mudan\u00e7a da tesouraria corporativa, surgem diversas oportunidades para as empresas fortalecerem as suas posi\u00e7\u00f5es financeiras, melhorarem a gest\u00e3o de caixa e otimizarem as suas opera\u00e7\u00f5es de tesouraria. Reconhecer e capitalizar estas oportunidades pode levar a uma maior estabilidade e resili\u00eancia financeiras.&nbsp;<\/span><\/p>\n\n\n\n<p><b> \u2022 Expans\u00e3o global:<\/b><span style=\"font-weight: 400;\"> Para as empresas que pretendem expandir-se globalmente, opera\u00e7\u00f5es de tesouraria eficientes s\u00e3o essenciais. A expans\u00e3o para novos mercados muitas vezes envolve lidar com diversas moedas, requisitos regulat\u00f3rios e sistemas de pagamento. As tesourarias corporativas podem explorar solu\u00e7\u00f5es de tesouraria globais que simplificam as transa\u00e7\u00f5es transfronteiri\u00e7as, mitigam o risco cambial e garantem a conformidade com as regulamenta\u00e7\u00f5es locais.<\/span><\/p>\n\n\n\n<p><b> \u2022 Finan\u00e7as Sustent\u00e1veis: <\/b><span style=\"font-weight: 400;\">A ascens\u00e3o do financiamento sustent\u00e1vel apresenta oportunidades para as empresas alinharem as suas opera\u00e7\u00f5es de tesouraria com os objetivos ambientais, sociais e de governa\u00e7\u00e3o (ESG). As empresas podem emitir t\u00edtulos verdes, explorar op\u00e7\u00f5es de financiamento sustent\u00e1veis e investir em produtos financeiros associados a ESG. A integra\u00e7\u00e3o da sustentabilidade nas pr\u00e1ticas de tesouraria pode melhorar a reputa\u00e7\u00e3o corporativa e o acesso ao capital.<\/span><\/p>\n\n\n\n<p><b> \u2022 Parcerias Estrat\u00e9gicas: <\/b><span style=\"font-weight: 400;\">A colabora\u00e7\u00e3o com institui\u00e7\u00f5es financeiras e fornecedores de tecnologia pode desbloquear o acesso a solu\u00e7\u00f5es e conhecimentos de tesouraria inovadores. As empresas podem explorar parcerias estrat\u00e9gicas para obter acesso a tecnologias de ponta, produtos financeiros e insights de mercado.<\/span><\/p>\n\n\n\n<h2 class=\"wp-block-heading\"><strong>Desafios da pesquisa de mercado de tesouraria corporativa&nbsp;<\/strong><\/h2>\n\n\n\n<p><span style=\"font-weight: 400;\">Embora existam in\u00fameras oportunidades no mercado de tesouraria corporativa, as empresas tamb\u00e9m devem enfrentar v\u00e1rios desafios que podem impactar a sua estabilidade financeira e os processos de tomada de decis\u00e3o. Compreender e enfrentar estes desafios \u00e9 essencial para manter uma fun\u00e7\u00e3o de tesouraria corporativa resiliente.&nbsp;<\/span><\/p>\n\n\n\n<p><b> \u2022 Volatilidade do Mercado: <\/b><span style=\"font-weight: 400;\">As tesourarias empresariais operam frequentemente num ambiente financeiro global din\u00e2mico, onde a volatilidade do mercado \u00e9 uma preocupa\u00e7\u00e3o constante. As flutua\u00e7\u00f5es nas taxas de c\u00e2mbio, nas taxas de juros e nos pre\u00e7os das commodities podem afetar os fluxos de caixa e a estabilidade financeira. As empresas devem desenvolver estrat\u00e9gias robustas de gest\u00e3o de risco para mitigar o impacto da volatilidade do mercado.<\/span><\/p>\n\n\n\n<p><b> \u2022 Complexidade Regulat\u00f3ria: <\/b><span style=\"font-weight: 400;\">As regulamenta\u00e7\u00f5es financeiras est\u00e3o em constante evolu\u00e7\u00e3o e as empresas devem permanecer em conformidade com v\u00e1rios quadros regulamentares em diferentes jurisdi\u00e7\u00f5es. Aderir aos requisitos de combate \u00e0 lavagem de dinheiro (AML) e conhecer seu cliente (KYC), bem como \u00e0s regulamenta\u00e7\u00f5es fiscais, adiciona complexidade \u00e0s opera\u00e7\u00f5es de tesouraria. O n\u00e3o cumprimento pode resultar em penalidades financeiras e danos \u00e0 reputa\u00e7\u00e3o.<\/span><\/p>\n\n\n\n<p><b>\u2022 Gest\u00e3o de Liquidez:<\/b> Gerenciar a liquidez de forma eficiente \u00e9 um desafio constante para os tesoureiros corporativos. Manter o n\u00edvel certo de liquidez para atender \u00e0s necessidades operacionais e, ao mesmo tempo, otimizar o uso do caixa \u00e9 um equil\u00edbrio delicado. A liquidez inadequada pode levar \u00e0 perda de oportunidades, enquanto o excesso de liquidez pode impactar os retornos dos fundos ociosos.<\/p>\n\n\n\n<h2 class=\"wp-block-heading\"><strong>Papel da pesquisa de mercado na tesouraria corporativa<\/strong><\/h2>\n\n\n\n<p><span style=\"font-weight: 400;\">A transpar\u00eancia do mercado aumentou no mundo p\u00f3s-Dodd-Frank de hoje. A expectativa \u00e9 que os bancos comecem em breve a cobrar por todas as pesquisas sobre classes de activos. O efeito sobre a tesouraria das empresas \u00e9 que as empresas ter\u00e3o de come\u00e7ar a pagar pela investiga\u00e7\u00e3o ou faz\u00ea-la elas pr\u00f3prias. A \u00faltima op\u00e7\u00e3o s\u00f3 \u00e9 realista para as maiores corpora\u00e7\u00f5es. A terceiriza\u00e7\u00e3o para uma empresa de pesquisa de mercado permite que as empresas fa\u00e7am seus relat\u00f3rios regulat\u00f3rios a um pre\u00e7o acess\u00edvel. Eles podem fazer isso sem sacrificar tempo e recursos humanos.<\/span><\/p>\n\n\n\n<h2 class=\"wp-block-heading\">Localiza\u00e7\u00e3o de nossas instala\u00e7\u00f5es em Nova York<\/h2>\n\n\n\n<p>  <iframe loading=\"lazy\" src=\"https:\/\/www.google.com\/maps\/embed?pb=!1m18!1m12!1m3!1d3022.976188376966!2d-73.99130312499956!3d40.740549471389315!2m3!1f0!2f0!3f0!3m2!1i1024!2i768!4f13.1!3m3!1m2!1s0x89c259a15798c731%3A0xd695d09bdd495f25!2s11%20E%2022nd%20St%20FL%202%2C%20New%20York%2C%20NY%2010010%2C%20USA!5e0!3m2!1sen!2spe!4v1726171763526!5m2!1sen!2spe\" width=\"600\" height=\"450\" allowfullscreen=\"allowfullscreen\" data-mce-fragment=\"1\"><\/iframe>  <\/p>\n\n\n\n<h3 class=\"wp-block-heading\">11 E 22nd Street, 2\u00ba andar, Nova York, NY 10010 T: +1(212) 505-6805<\/h3>\n\n\n\n<hr class=\"wp-block-separator has-alpha-channel-opacity\"\/>\n\n\n\n<h2 class=\"wp-block-heading\"><span style=\"font-weight: 400;\">Sobre SIS Internacional<\/span><\/h2>\n\n\n\n<p><a href=\"https:\/\/www.sisinternational.com\/pt\/\"><span style=\"font-weight: 400;\">SIS Internacional<\/span><\/a><span style=\"font-weight: 400;\"> oferece pesquisa quantitativa, qualitativa e estrat\u00e9gica. Fornecemos dados, ferramentas, estrat\u00e9gias, relat\u00f3rios e insights para a tomada de decis\u00f5es. Tamb\u00e9m realizamos entrevistas, pesquisas, grupos focais e outros m\u00e9todos e abordagens de Pesquisa de Mercado.<\/span><a href=\"https:\/\/www.sisinternational.com\/pt\/sobre-a-sis-international-research\/contact-sis-international-market-research\/\"><span style=\"font-weight: 400;\"> Entre em contato conosco<\/span><\/a><span style=\"font-weight: 400;\"> para o seu pr\u00f3ximo projeto de pesquisa de mercado.<\/span><\/p>","protected":false},"excerpt":{"rendered":"<p>Descubra como a Pesquisa de Mercado pode impulsionar o desempenho da sua organiza\u00e7\u00e3o.<\/p>","protected":false},"author":1,"featured_media":64070,"parent":27462,"menu_order":19,"comment_status":"closed","ping_status":"closed","template":"","meta":{"footnotes":""},"class_list":["post-31324","page","type-page","status-publish","has-post-thumbnail"],"_links":{"self":[{"href":"https:\/\/www.sisinternational.com\/pt\/wp-json\/wp\/v2\/pages\/31324","targetHints":{"allow":["GET"]}}],"collection":[{"href":"https:\/\/www.sisinternational.com\/pt\/wp-json\/wp\/v2\/pages"}],"about":[{"href":"https:\/\/www.sisinternational.com\/pt\/wp-json\/wp\/v2\/types\/page"}],"author":[{"embeddable":true,"href":"https:\/\/www.sisinternational.com\/pt\/wp-json\/wp\/v2\/users\/1"}],"replies":[{"embeddable":true,"href":"https:\/\/www.sisinternational.com\/pt\/wp-json\/wp\/v2\/comments?post=31324"}],"version-history":[{"count":11,"href":"https:\/\/www.sisinternational.com\/pt\/wp-json\/wp\/v2\/pages\/31324\/revisions"}],"predecessor-version":[{"id":80628,"href":"https:\/\/www.sisinternational.com\/pt\/wp-json\/wp\/v2\/pages\/31324\/revisions\/80628"}],"up":[{"embeddable":true,"href":"https:\/\/www.sisinternational.com\/pt\/wp-json\/wp\/v2\/pages\/27462"}],"wp:featuredmedia":[{"embeddable":true,"href":"https:\/\/www.sisinternational.com\/pt\/wp-json\/wp\/v2\/media\/64070"}],"wp:attachment":[{"href":"https:\/\/www.sisinternational.com\/pt\/wp-json\/wp\/v2\/media?parent=31324"}],"curies":[{"name":"wp","href":"https:\/\/api.w.org\/{rel}","templated":true}]}}