{"id":31308,"date":"2019-03-23T23:55:17","date_gmt":"2019-03-23T23:55:17","guid":{"rendered":"https:\/\/www.sisinternational.com\/?page_id=31308"},"modified":"2026-01-25T19:27:52","modified_gmt":"2026-01-26T00:27:52","slug":"pesquisa-de-mercado-bancario-de-varejo","status":"publish","type":"page","link":"https:\/\/www.sisinternational.com\/pt\/solucoes\/pesquisa-de-consultoria-em-estrategia-fintech\/pesquisa-de-mercado-bancario-de-varejo\/","title":{"rendered":"Pesquisa de mercado banc\u00e1rio de varejo"},"content":{"rendered":"<h1 class=\"gb-headline gb-headline-1ec0a759 gb-headline-text\">Pesquisa de mercado banc\u00e1rio de varejo<\/h1>\n\n\n\n<figure class=\"gb-block-image gb-block-image-7a1522d2\"><img loading=\"lazy\" decoding=\"async\" width=\"1456\" height=\"816\" class=\"gb-image gb-image-7a1522d2\" src=\"https:\/\/www.sisinternational.com\/wp-content\/uploads\/2025\/08\/Bank-6-1.jpg\" alt=\"Pesquisa e Estrat\u00e9gia de Mercado Internacional da SIS\" title=\"Bank (6)\" srcset=\"https:\/\/www.sisinternational.com\/wp-content\/uploads\/2025\/08\/Bank-6-1.jpg 1456w, https:\/\/www.sisinternational.com\/wp-content\/uploads\/2025\/08\/Bank-6-1-300x168.jpg 300w, https:\/\/www.sisinternational.com\/wp-content\/uploads\/2025\/08\/Bank-6-1-1024x574.jpg 1024w, https:\/\/www.sisinternational.com\/wp-content\/uploads\/2025\/08\/Bank-6-1-768x430.jpg 768w, https:\/\/www.sisinternational.com\/wp-content\/uploads\/2025\/08\/Bank-6-1-18x10.jpg 18w\" sizes=\"auto, (max-width: 1456px) 100vw, 1456px\"><\/figure>\n\n\n\n<hr class=\"wp-block-separator has-alpha-channel-opacity is-style-dots\"\/>\n\n\n\n<p><span style=\"font-weight: 400;\">Retail banking has mass-market appeal. It is also known as consumer banking. Under this model, the local branches of large commercial banks set up special units to meet the needs of their clients. <a href=\"https:\/\/www.sisinternational.com\/pt\/mystery-shopping-for-retail\/\" title=\"Mystery Shopping for Retail\"  data-wpil-monitor-id=\"1228\">Retail banking<\/a> units are designed to be the one-stop shop for as many financial services as possible.<\/span><\/p>\n\n\n\n<h2 class=\"wp-block-heading\"><strong>O que \u00e9 pesquisa de mercado de bancos de varejo?<\/strong><\/h2>\n\n\n\n<p><span style=\"font-weight: 400;\">Varejo <a href=\"https:\/\/sisaisolutions.com\/application-of-ai-in-banking\/\" target=\"_blank\" rel=\"noopener\">banking market research<\/a> analyzes consumer behaviors, market trends, and the competitive landscape, aiming to furnish stakeholders with profound insights of the retail market. It delves deep into customer satisfaction metrics, service delivery efficiency, and the burgeoning suite of financial products, ensuring that banks are proactive in their market strategies<\/span><\/p>\n\n\n\n<h2 class=\"wp-block-heading\"><strong>Por que as empresas precisam de pesquisa de mercado para bancos de varejo<\/strong><\/h2>\n\n\n\n<p><span style=\"font-weight: 400;\"><a href=\"https:\/\/www.sisinternational.com\/pt\/pesquisa-de-mercado-de-varejo-inteligente\/\" title=\"Pesquisa de mercado de varejo inteligente\" data-wpil-monitor-id=\"2540\">Retail banking market research<\/a> is instrumental in risk management. This <a href=\"https:\/\/www.sisinternational.com\/pt\/cobertura\/as-americas\/pesquisa-de-mercado-canada\/pesquisa-de-mercado-new-brunswick-canada\/\" title=\"Pesquisa de mercado em New Brunswick, Canad\u00e1\" data-wpil-monitor-id=\"4018\">research offers insights into market<\/a> trends, potential threats, and opportunities, allowing banks to position themselves in a way that balances risk and return effectively.<\/span><\/p>\n\n\n\n<p><span style=\"font-weight: 400;\">It is also key in product development and innovation. <a href=\"https:\/\/www.sisinternational.com\/pt\/mercado-de-varejo-asiatico\/\" title=\"Pesquisa de mercado de varejo asi\u00e1tico\" data-wpil-monitor-id=\"2664\">Retail banking market research<\/a> provides a clear understanding of customer needs and preferences, driving the development of products and services that exceed customer expectations. It&#8217;s about aligning innovation with market demand, ensuring that every new offering is a strategic step towards greater market share and customer loyalty.<\/span><\/p>\n\n\n\n<p><span style=\"font-weight: 400;\">Furthermore, retail <a href=\"https:\/\/www.sisinternational.com\/pt\/atualizacao-de-tendencias-bancarias-e-financeiras-islamicas\/\" title=\"Pesquisa de Mercado Banc\u00e1rio Isl\u00e2mico\" data-wpil-monitor-id=\"2857\">banking market research<\/a> provides a granular view of customer satisfaction, loyalty drivers, and switching behaviors, enabling banks to craft targeted strategies that bolster customer retention and attract new clients.<\/span><\/p>\n\n\n\n<h2 class=\"wp-block-heading\"><strong>Fun\u00e7\u00f5es do banco de varejo<\/strong><\/h2>\n\n\n\n<figure class=\"gb-block-image gb-block-image-b6ce74af\"><img loading=\"lazy\" decoding=\"async\" width=\"1456\" height=\"816\" class=\"gb-image gb-image-b6ce74af\" src=\"https:\/\/www.sisinternational.com\/wp-content\/uploads\/2025\/08\/Bank-9-1.jpg\" alt=\"Pesquisa e Estrat\u00e9gia de Mercado Internacional da SIS\" title=\"Bank (9)\" srcset=\"https:\/\/www.sisinternational.com\/wp-content\/uploads\/2025\/08\/Bank-9-1.jpg 1456w, https:\/\/www.sisinternational.com\/wp-content\/uploads\/2025\/08\/Bank-9-1-300x168.jpg 300w, https:\/\/www.sisinternational.com\/wp-content\/uploads\/2025\/08\/Bank-9-1-1024x574.jpg 1024w, https:\/\/www.sisinternational.com\/wp-content\/uploads\/2025\/08\/Bank-9-1-768x430.jpg 768w, https:\/\/www.sisinternational.com\/wp-content\/uploads\/2025\/08\/Bank-9-1-18x10.jpg 18w\" sizes=\"auto, (max-width: 1456px) 100vw, 1456px\"><\/figure>\n\n\n\n<p><\/p>\n\n\n\n<p><span style=\"font-weight: 400;\">As tr\u00eas fun\u00e7\u00f5es principais do banco de varejo s\u00e3o:<\/span><\/p>\n\n\n\n<ol class=\"wp-block-list\">\n<li><b>Para emprestar dinheiro: <\/b><span style=\"font-weight: 400;\">Unidades banc\u00e1rias de varejo oferecem hipotecas e outros tipos de empr\u00e9stimos aos seus clientes<\/span><\/li>\n\n\n\n<li><b>Para aceitar dep\u00f3sitos:<\/b><span style=\"font-weight: 400;\"> Uma unidade banc\u00e1ria de retalho \u00e9 um local seguro para quem pretende depositar as suas poupan\u00e7as<\/span><\/li>\n\n\n\n<li><b>Para gerenciar fundos:<\/b><span style=\"font-weight: 400;\"> O banco de varejo oferece aos clientes diferentes tipos de contas e cart\u00f5es. Esses instrumentos os colocam no controle de seus gastos<\/span><\/li>\n<\/ol>\n\n\n\n<h2 class=\"wp-block-heading\"><strong>Caracter\u00edsticas do banco de varejo<\/strong><\/h2>\n\n\n\n<p><span style=\"font-weight: 400;\">A banca de retalho dedica-se a produtos de servi\u00e7os financeiros. Esses produtos incluem contas correntes e de poupan\u00e7a, instrumentos do mercado monet\u00e1rio e empr\u00e9stimos residenciais e comerciais. Este tipo de banco concentra-se nas necessidades dos consumidores. Os titulares de contas individuais recebem mais aten\u00e7\u00e3o do que os clientes comerciais. A banca de retalho tamb\u00e9m utiliza o interior e o exterior das ag\u00eancias para promover e fazer vendas cruzadas de servi\u00e7os.<\/span><\/p>\n\n\n\n<h2 class=\"wp-block-heading\"><strong>Objetivos do banco de varejo<\/strong><\/h2>\n\n\n\n<p><span style=\"font-weight: 400;\"><a href=\"https:\/\/www.sisinternational.com\/pt\/varejo-fisico-e-a-revolucao-movel\/\" title=\"Pesquisa de mercado de varejo m\u00f3vel\" data-wpil-monitor-id=\"2665\">Retail banking adapts services to meet consumer<\/a> needs. For example, most banks are parties to the Zelle cash app. This app enables consumers to transfer funds to their peers in a few clicks. It is a quick, convenient way to make payments, and is very popular among retail banking customers. <\/span><\/p>\n\n\n\n<p><span style=\"font-weight: 400;\">A banca de retalho tamb\u00e9m tenta satisfazer todas as necessidades banc\u00e1rias dos clientes. Os bancos tentam reter clientes oferecendo-lhes os mesmos produtos e servi\u00e7os que os seus concorrentes.<\/span><\/p>\n\n\n\n<h2 class=\"wp-block-heading\"><strong>Vantagens do banco de varejo<\/strong><\/h2>\n\n\n\n<p><span style=\"font-weight: 400;\">A principal vantagem do banco de varejo \u00e9 que ele aumenta os neg\u00f3cios do banco. Tamb\u00e9m ajuda a melhorar o reconhecimento da marca. Outra vantagem \u00e9 que os consumidores de varejo n\u00e3o amea\u00e7am a solv\u00eancia do banco. Os empr\u00e9stimos a retalho raramente exercem press\u00e3o sobre os balan\u00e7os dos bancos. A terceira vantagem \u00e9 que os clientes de varejo tendem a ter mais fidelidade \u00e0 marca. Assim que o banco fornecer um excelente atendimento ao cliente e seus fundos estiverem seguros, eles n\u00e3o far\u00e3o a troca. Em vez disso, continuar\u00e3o a ser clientes fi\u00e9is durante anos.<\/span><\/p>\n\n\n\n<h2 class=\"wp-block-heading\"><strong>Quem usa a pesquisa de mercado de bancos de varejo<\/strong><\/h2>\n\n\n\n<p><span style=\"font-weight: 400;\"><a href=\"https:\/\/www.sisinternational.com\/pt\/solucoes\/solucoes-de-branding-e-pesquisa-de-clientes\/pesquisa-de-mercado-de-varejo\/\" title=\"Pesquisa de mercado de varejo | Pesquisa de mercado na loja\" data-wpil-monitor-id=\"6727\">Retail banking market research<\/a> is a crucial tool that serves a diverse array of stakeholders within the financial ecosystem. Its comprehensive insights and strategic implications extend far beyond a bank\u2019s executive boardroom.<\/span><\/p>\n\n\n\n<p><b>Institui\u00e7\u00f5es financeiras<\/b><span style=\"font-weight: 400;\"> s\u00e3o os principais benfeitores da pesquisa de mercado banc\u00e1rio de varejo. Para estas entidades, os conhecimentos obtidos na investiga\u00e7\u00e3o s\u00e3o activos estrat\u00e9gicos que informam decis\u00f5es cr\u00edticas. Desde os executivos de alto escal\u00e3o que formulam estrat\u00e9gias corporativas at\u00e9 os gerentes de produto que projetam o pr\u00f3ximo grande produto financeiro, esta pesquisa fornece uma base de conhecimento que orienta a\u00e7\u00f5es e molda o futuro dos servi\u00e7os banc\u00e1rios.<\/span><\/p>\n\n\n\n<p><b>Diretores de gerenciamento de risco e conformidade<\/b><span style=\"font-weight: 400;\"> also find great value in <a href=\"https:\/\/www.sisinternational.com\/pt\/pericia\/industrias\/diretor-de-informacoes-cio-pesquisa-de-mercado\/\" title=\"Diretor de Informa\u00e7\u00f5es (CIO) Pesquisa de Mercado\" data-wpil-monitor-id=\"5673\">pesquisa de mercado banc\u00e1rio de varejo<\/a>. The financial sector is fraught with risks ranging from credit defaults to regulatory non-compliance. This <a href=\"https:\/\/www.sisinternational.com\/pt\/solucoes\/inovacao\/pesquisa-de-mercado-genetica\/\" title=\"Pesquisa de mercado de gen\u00e9tica\" data-wpil-monitor-id=\"5028\">pesquisar<\/a> offers a panoramic view of the market landscape, helping these professionals anticipate and mitigate risks before they materialize into significant threats.<\/span><\/p>\n\n\n\n<p><span style=\"font-weight: 400;\">Adicionalmente, <\/span><b>departamentos de atendimento ao cliente<\/b><span style=\"font-weight: 400;\"> utilize insights de pesquisas de mercado de bancos de varejo para aprimorar a experi\u00eancia do cliente. Ao compreender as necessidades, os pontos fracos e os fatores de satisfa\u00e7\u00e3o dos clientes, esses departamentos podem refinar a presta\u00e7\u00e3o de servi\u00e7os, garantindo que cada intera\u00e7\u00e3o com o cliente seja eficiente e prazerosa.<\/span><\/p>\n\n\n\n<p><span style=\"font-weight: 400;\">Por \u00faltimo, <\/span><b>empresas fintech e startups<\/b><span style=\"font-weight: 400;\"> aproveitar esta pesquisa para conquistar seu nicho no setor de servi\u00e7os financeiros. Ao compreender as lacunas e oportunidades do mercado, estes inovadores podem desenvolver solu\u00e7\u00f5es que atendam \u00e0s necessidades n\u00e3o satisfeitas dos clientes, revolucionando e fazendo avan\u00e7ar a ind\u00fastria.<\/span><\/p>\n\n\n\n<h2 class=\"wp-block-heading\"><strong>Como \u00e9 conduzida a pesquisa de mercado de bancos de varejo?<\/strong><\/h2>\n\n\n\n<p><b>M\u00e9todos de pesquisa quantitativa<\/b><span style=\"font-weight: 400;\"> are a cornerstone of <a href=\"https:\/\/www.sisinternational.com\/pt\/cobertura\/pesquisa-de-mercado-asia\/pesquisa-de-mercado-samoa\/\" title=\"Pesquisa de mercado em Samoa\" data-wpil-monitor-id=\"4045\">retail banking<\/a> market research. Surveys and questionnaires are extensively used to collect a vast amount of data directly from customers. This data is statistically analyzed to understand customer preferences, behaviors, and trends on a broad scale.<\/span><\/p>\n\n\n\n<p><b>Por outro lado, m\u00e9todos de pesquisa qualitativa<\/b><span style=\"font-weight: 400;\"> adicione profundidade aos insights coletados. T\u00e9cnicas como grupos focais e entrevistas aprofundadas oferecem uma compreens\u00e3o diferenciada das atitudes, motiva\u00e7\u00f5es e sentimentos do cliente. Esses insights s\u00e3o particularmente valiosos para compreender o \u201cporqu\u00ea\u201d dos comportamentos dos clientes, fornecendo um contexto rico para os dados quantitativos.<\/span><\/p>\n\n\n\n<p><b>Segmenta\u00e7\u00e3o de mercado<\/b><span style=\"font-weight: 400;\"> \u00e9 outro aspecto cr\u00edtico da pesquisa de mercado banc\u00e1rio de varejo. Esta abordagem envolve dividir o mercado mais amplo em segmentos menores com base em determinados crit\u00e9rios, como fatores demogr\u00e1ficos, geogr\u00e1ficos, psicogr\u00e1ficos e comportamentais. Permite que os bancos adaptem seus produtos, servi\u00e7os e esfor\u00e7os de marketing para atender \u00e0s necessidades espec\u00edficas de cada segmento, garantindo maior relev\u00e2ncia e engajamento.<\/span><\/p>\n\n\n\n<p><b>An\u00e1lise da concorr\u00eancia<\/b><span style=\"font-weight: 400;\"> tamb\u00e9m \u00e9 parte integrante desta pesquisa. Envolve avaliar as estrat\u00e9gias, produtos, servi\u00e7os, pontos fortes e fracos dos concorrentes. Esta an\u00e1lise proporciona aos bancos uma vis\u00e3o comparativa do mercado, ajudando-os a identificar oportunidades de diferencia\u00e7\u00e3o e vantagem estrat\u00e9gica.<\/span><\/p>\n\n\n\n<h2 class=\"wp-block-heading\"><strong>Expected Results from Retail Banking Market Research.<\/strong><\/h2>\n\n\n\n<p><b> \u2022 Comprehensive&nbsp; Market Understanding: <\/b><span style=\"font-weight: 400;\">A pesquisa de mercado banc\u00e1rio de varejo oferece uma vis\u00e3o panor\u00e2mica do cen\u00e1rio do mercado. Isso abrange o tamanho do mercado, as tend\u00eancias de crescimento e os principais impulsionadores, pintando um quadro abrangente do cen\u00e1rio atual do mercado e suas poss\u00edveis dire\u00e7\u00f5es futuras.<\/span><\/p>\n\n\n\n<p><b> \u2022 An\u00e1lise Competitiva Aprofundada:<\/b><span style=\"font-weight: 400;\"> A pesquisa de mercado banc\u00e1rio de varejo disseca meticulosamente o ambiente competitivo. Ele destaca as estrat\u00e9gias, ofertas de produtos e posicionamento de mercado dos principais participantes, oferecendo insights sobre seus pontos fortes e fracos. Esta intelig\u00eancia competitiva \u00e9 fundamental para que os bancos possam criar um nicho e permanecer \u00e0 frente no jogo.<\/span><\/p>\n\n\n\n<p><b> \u2022 Otimiza\u00e7\u00e3o de Produtos e Servi\u00e7os:<\/b><span style=\"font-weight: 400;\"> As empresas podem esperar que esta investiga\u00e7\u00e3o esclare\u00e7a a efic\u00e1cia e a recep\u00e7\u00e3o de v\u00e1rios produtos e servi\u00e7os banc\u00e1rios. Identifica lacunas nas ofertas atuais e identifica oportunidades de inova\u00e7\u00e3o, orientando os bancos no refinamento do seu portf\u00f3lio de produtos para melhor atender \u00e0s necessidades dos clientes.<\/span><\/p>\n\n\n\n<p><b> \u2022 Conformidade e impacto regulat\u00f3rio:<\/b><span style=\"font-weight: 400;\"> Sendo o setor banc\u00e1rio uma das ind\u00fastrias mais regulamentadas, esta investiga\u00e7\u00e3o oferece insights sobre as mudan\u00e7as regulamentares e o seu potencial impacto no mercado. Compreender estas din\u00e2micas regulat\u00f3rias \u00e9 crucial para que os bancos garantam a conformidade e adaptem as suas estrat\u00e9gias em conformidade.<\/span><\/p>\n\n\n\n<h2 class=\"wp-block-heading\"><strong>Tend\u00eancias Atuais em Pesquisa de Mercado de Bancos de Varejo<\/strong><\/h2>\n\n\n\n<figure class=\"gb-block-image gb-block-image-cd7ec263\"><img loading=\"lazy\" decoding=\"async\" width=\"1456\" height=\"816\" class=\"gb-image gb-image-cd7ec263\" src=\"https:\/\/www.sisinternational.com\/wp-content\/uploads\/2025\/09\/Quantitative-research-12.jpg\" alt=\"Pesquisa e Estrat\u00e9gia de Mercado Internacional da SIS\" title=\"Quantitative research (12)\" srcset=\"https:\/\/www.sisinternational.com\/wp-content\/uploads\/2025\/09\/Quantitative-research-12.jpg 1456w, https:\/\/www.sisinternational.com\/wp-content\/uploads\/2025\/09\/Quantitative-research-12-300x168.jpg 300w, https:\/\/www.sisinternational.com\/wp-content\/uploads\/2025\/09\/Quantitative-research-12-1024x574.jpg 1024w, https:\/\/www.sisinternational.com\/wp-content\/uploads\/2025\/09\/Quantitative-research-12-768x430.jpg 768w, https:\/\/www.sisinternational.com\/wp-content\/uploads\/2025\/09\/Quantitative-research-12-18x10.jpg 18w\" sizes=\"auto, (max-width: 1456px) 100vw, 1456px\"><\/figure>\n\n\n\n<p><\/p>\n\n\n\n<p><span style=\"font-weight: 400;\">A pesquisa de mercado banc\u00e1rio de varejo est\u00e1 em constante evolu\u00e7\u00e3o. Portanto, compreender estas tend\u00eancias \u00e9 fundamental para que os bancos e institui\u00e7\u00f5es financeiras permane\u00e7am competitivos e relevantes.&nbsp;<\/span><\/p>\n\n\n\n<p><b> \u2022 Transforma\u00e7\u00e3o Digital:<\/b><span style=\"font-weight: 400;\"> H\u00e1 um foco crescente na compreens\u00e3o da ado\u00e7\u00e3o do banco digital, da experi\u00eancia do usu\u00e1rio em plataformas digitais e da integra\u00e7\u00e3o de tecnologias como IA e blockchain. A pesquisa est\u00e1 investigando como essas tecnologias podem otimizar as opera\u00e7\u00f5es, melhorar a experi\u00eancia do cliente e abrir novos fluxos de receita.<\/span><\/p>\n\n\n\n<p><b> \u2022 Experi\u00eancia e Personaliza\u00e7\u00e3o do Cliente: <\/b><span style=\"font-weight: 400;\">Os bancos est\u00e3o reconhecendo cada vez mais a import\u00e2ncia da experi\u00eancia do cliente como um diferencial importante. A pesquisa de mercado banc\u00e1rio de varejo est\u00e1 focada na compreens\u00e3o das jornadas dos clientes, pontos problem\u00e1ticos e expectativas dos servi\u00e7os banc\u00e1rios.<\/span><\/p>\n\n\n\n<p><b> \u2022 Sustentabilidade e Responsabilidade Social:<\/b><span style=\"font-weight: 400;\"> H\u00e1 uma tend\u00eancia crescente na compreens\u00e3o do impacto dos servi\u00e7os banc\u00e1rios na sociedade e no meio ambiente. A pesquisa de mercado est\u00e1 a explorar as atitudes dos clientes em rela\u00e7\u00e3o \u00e0s pr\u00e1ticas banc\u00e1rias sustent\u00e1veis e como os bancos podem alinhar as suas opera\u00e7\u00f5es com objetivos sociais e ambientais mais amplos.<\/span><\/p>\n\n\n\n<p><b> \u2022 Fintech e disrup\u00e7\u00e3o: <\/b><span style=\"font-weight: 400;\">A ascens\u00e3o das empresas fintech perturbou o modelo banc\u00e1rio tradicional. A pesquisa de mercado da banca de retalho est\u00e1 a observar atentamente esta tend\u00eancia, analisando o cen\u00e1rio competitivo e avaliando as amea\u00e7as e oportunidades colocadas por estes novos participantes.<\/span><\/p>\n\n\n\n<h2 class=\"wp-block-heading\">Perguntas comuns<\/h2>\n\n\n\n<h3 class=\"wp-block-heading\"><span style=\"font-weight: 400;\">Quais s\u00e3o os tipos de banco de varejo?<\/span><\/h3>\n\n\n\n<p><span style=\"font-weight: 400;\">Existem dois tipos principais de banco de varejo. O primeiro pode ser encontrado dentro <\/span><b>bancos comerciais<\/b><span style=\"font-weight: 400;\">. Esses bancos lucram com spreads de taxas de juros e taxas de transa\u00e7\u00e3o. O spread \u00e9 a diferen\u00e7a entre o que o banco cobra pelos empr\u00e9stimos e quanto paga pelos dep\u00f3sitos. O outro tipo de banco de varejo \u00e9 <\/span><b>cooperativas de cr\u00e9dito<\/b><span style=\"font-weight: 400;\">. Este tipo de institui\u00e7\u00e3o oferece os mesmos servi\u00e7os que os bancos comerciais, mas em menor escala.<\/span><\/p>\n\n\n\n<h3 class=\"wp-block-heading\"><span style=\"font-weight: 400;\">Qual \u00e9 a diferen\u00e7a entre banco de varejo e banco comercial?<\/span><\/h3>\n\n\n\n<p><span style=\"font-weight: 400;\">As pessoas costumam usar os termos banco \u201cde varejo\u201d e \u201ccomercial\u201d de forma intercambi\u00e1vel. Banco de varejo refere-se a uma divis\u00e3o de um banco comercial que atende clientes individuais. Mas os bancos comerciais n\u00e3o atendem apenas aos indiv\u00edduos. Eles tamb\u00e9m fornecem servi\u00e7os para uma ampla gama de empresas de diversos tamanhos. <\/span><\/p>\n\n\n\n<h3 class=\"wp-block-heading\"><span style=\"font-weight: 400;\">Qual \u00e9 a diferen\u00e7a entre banco de varejo e banco de investimento?<\/span><\/h3>\n\n\n\n<p><span style=\"font-weight: 400;\">Um banco de investimento ganha dinheiro vendendo t\u00edtulos para empresas e para o governo. Esses bancos tamb\u00e9m oferecem servi\u00e7os de consultoria para grandes empresas. As empresas os consultam sobre aquisi\u00e7\u00f5es e fus\u00f5es. O Morgan Stanley \u00e9 um dos maiores bancos de investimento dos Estados Unidos. Outro grande banco de investimento \u00e9 o Goldman Sachs. A banca de retalho, por outro lado, oferece servi\u00e7os financeiros mais mundanos aos indiv\u00edduos. <\/span><\/p>\n\n\n\n<h3 class=\"wp-block-heading\"><span style=\"font-weight: 400;\">Por que a pesquisa de mercado de bancos de varejo \u00e9 importante?<\/span><\/h3>\n\n\n\n<p><span style=\"font-weight: 400;\">H\u00e1 uma necessidade real de pesquisas de mercado no setor banc\u00e1rio de varejo. A pesquisa de mercado ajuda os bancos a identificar oportunidades de neg\u00f3cios. Por exemplo, eles podem fazer parceria com outros bancos. Eles tamb\u00e9m podem criar novos produtos ou melhorar os que j\u00e1 possuem. Se precisarem expandir, a pesquisa de mercado os ajudar\u00e1 a encontrar novos locais. Isso lhes permite reduzir os riscos do neg\u00f3cio. Tamb\u00e9m permite que criem materiais promocionais para vender seus produtos e servi\u00e7os.<\/span><\/p>\n\n\n\n<h2 class=\"wp-block-heading\">Localiza\u00e7\u00e3o de nossas instala\u00e7\u00f5es em Nova York<\/h2>\n\n\n\n<p>\n\n\n\n<iframe loading=\"lazy\" src=\"https:\/\/www.google.com\/maps\/embed?pb=!1m18!1m12!1m3!1d3022.976188376966!2d-73.99130312499956!3d40.740549471389315!2m3!1f0!2f0!3f0!3m2!1i1024!2i768!4f13.1!3m3!1m2!1s0x89c259a15798c731%3A0xd695d09bdd495f25!2s11%20E%2022nd%20St%20FL%202%2C%20New%20York%2C%20NY%2010010%2C%20USA!5e0!3m2!1sen!2spe!4v1726171763526!5m2!1sen!2spe\" width=\"600\" height=\"450\" allowfullscreen=\"allowfullscreen\" data-mce-fragment=\"1\"><\/iframe>\n\n\n\n<\/p>\n\n\n\n<h3 class=\"wp-block-heading\">11 E 22nd Street, 2\u00ba andar, Nova York, NY 10010 T: +1(212) 505-6805<\/h3>\n\n\n\n<hr class=\"wp-block-separator has-alpha-channel-opacity\"\/>\n\n\n\n<h2 class=\"wp-block-heading\"><span style=\"font-weight: 400;\">Sobre SIS Internacional<\/span><\/h2>\n\n\n\n<p><a href=\"https:\/\/www.sisinternational.com\/pt\/\"><span style=\"font-weight: 400;\">SIS Internacional<\/span><\/a><span style=\"font-weight: 400;\"> oferece pesquisa quantitativa, qualitativa e estrat\u00e9gica. Fornecemos dados, ferramentas, estrat\u00e9gias, relat\u00f3rios e insights para a tomada de decis\u00f5es. Tamb\u00e9m realizamos entrevistas, pesquisas, grupos focais e outros m\u00e9todos e abordagens de Pesquisa de Mercado.<\/span><a href=\"https:\/\/www.sisinternational.com\/pt\/sobre-a-sis-international-research\/contact-sis-international-market-research\/\"><span style=\"font-weight: 400;\"> Entre em contato conosco<\/span><\/a><span style=\"font-weight: 400;\"> para o seu pr\u00f3ximo projeto de pesquisa de mercado.<\/span><\/p>\n\n\n\n<p><\/p>\n\n\n\n<p><\/p>","protected":false},"excerpt":{"rendered":"<p>Descubra novos insights da pesquisa de mercado de bancos de varejo.<\/p>","protected":false},"author":1,"featured_media":63033,"parent":27462,"menu_order":18,"comment_status":"closed","ping_status":"closed","template":"","meta":{"footnotes":""},"class_list":["post-31308","page","type-page","status-publish","has-post-thumbnail"],"_links":{"self":[{"href":"https:\/\/www.sisinternational.com\/pt\/wp-json\/wp\/v2\/pages\/31308","targetHints":{"allow":["GET"]}}],"collection":[{"href":"https:\/\/www.sisinternational.com\/pt\/wp-json\/wp\/v2\/pages"}],"about":[{"href":"https:\/\/www.sisinternational.com\/pt\/wp-json\/wp\/v2\/types\/page"}],"author":[{"embeddable":true,"href":"https:\/\/www.sisinternational.com\/pt\/wp-json\/wp\/v2\/users\/1"}],"replies":[{"embeddable":true,"href":"https:\/\/www.sisinternational.com\/pt\/wp-json\/wp\/v2\/comments?post=31308"}],"version-history":[{"count":16,"href":"https:\/\/www.sisinternational.com\/pt\/wp-json\/wp\/v2\/pages\/31308\/revisions"}],"predecessor-version":[{"id":80308,"href":"https:\/\/www.sisinternational.com\/pt\/wp-json\/wp\/v2\/pages\/31308\/revisions\/80308"}],"up":[{"embeddable":true,"href":"https:\/\/www.sisinternational.com\/pt\/wp-json\/wp\/v2\/pages\/27462"}],"wp:featuredmedia":[{"embeddable":true,"href":"https:\/\/www.sisinternational.com\/pt\/wp-json\/wp\/v2\/media\/63033"}],"wp:attachment":[{"href":"https:\/\/www.sisinternational.com\/pt\/wp-json\/wp\/v2\/media?parent=31308"}],"curies":[{"name":"wp","href":"https:\/\/api.w.org\/{rel}","templated":true}]}}