{"id":31129,"date":"2019-03-04T01:34:46","date_gmt":"2019-03-04T01:34:46","guid":{"rendered":"https:\/\/www.sisinternational.com\/?page_id=31129"},"modified":"2025-09-14T00:07:26","modified_gmt":"2025-09-14T04:07:26","slug":"pesquisa-de-prova-de-conceito","status":"publish","type":"page","link":"https:\/\/www.sisinternational.com\/pt\/solucoes\/consultoria-estrategica\/pesquisa-de-prova-de-conceito\/","title":{"rendered":"Pesquisa de prova de conceito"},"content":{"rendered":"<h1 class=\"wp-block-heading p1\"><span class=\"s1\">Pesquisa de prova de conceito<\/span><\/h1>\n\n\n\n<figure class=\"gb-block-image gb-block-image-cb8225bd\"><img loading=\"lazy\" decoding=\"async\" width=\"1456\" height=\"816\" class=\"gb-image gb-image-cb8225bd\" src=\"https:\/\/www.sisinternational.com\/wp-content\/uploads\/2025\/09\/Quantitative-research-17.jpg\" alt=\"Pesquisa e Estrat\u00e9gia de Mercado Internacional da SIS\" title=\"Quantitative research (17)\" srcset=\"https:\/\/www.sisinternational.com\/wp-content\/uploads\/2025\/09\/Quantitative-research-17.jpg 1456w, https:\/\/www.sisinternational.com\/wp-content\/uploads\/2025\/09\/Quantitative-research-17-300x168.jpg 300w, https:\/\/www.sisinternational.com\/wp-content\/uploads\/2025\/09\/Quantitative-research-17-1024x574.jpg 1024w, https:\/\/www.sisinternational.com\/wp-content\/uploads\/2025\/09\/Quantitative-research-17-768x430.jpg 768w, https:\/\/www.sisinternational.com\/wp-content\/uploads\/2025\/09\/Quantitative-research-17-18x10.jpg 18w\" sizes=\"auto, (max-width: 1456px) 100vw, 1456px\"><\/figure>\n\n\n\n<p><\/p>\n\n\n\n<h2 class=\"wp-block-heading\"><span style=\"font-weight: 400;\">O que \u00e9 prova de conceito?<\/span><\/h2>\n\n\n\n<p><span style=\"font-weight: 400;\">Cada novo neg\u00f3cio acarreta um enorme risco. Uma empresa ter\u00e1 um \u00f3timo come\u00e7o se puder provar que sua ideia de neg\u00f3cio funciona e \u00e9 vi\u00e1vel. Chamamos isso de \u201cprova de conceito\u201d. Os capitalistas de risco tendem a esperar pela prova de conceito antes de investir em um neg\u00f3cio. Ele mede o quanto uma empresa pode alcan\u00e7ar de uma forma quantific\u00e1vel.<\/span><\/p>\n\n\n\n<h2 class=\"wp-block-heading\"><span style=\"font-weight: 400;\">Prova de Conceito vs Piloto: Qual \u00e9 a diferen\u00e7a?<\/span><\/h2>\n\n\n\n<p><span style=\"font-weight: 400;\">A pilot project is a preliminary release of a <a href=\"https:\/\/www.sisinternational.com\/pt\/solucoes\/teste-de-sabor\/servicos-de-teste-de-produtos-em-nova-york\/\" title=\"Servi\u00e7os de teste de produtos em Nova York\"  data-wpil-monitor-id=\"9268\">product or service<\/a>. It aims at a partial determination of the projected final solution, which can have several limitations, including the business associates involved and the procedures affected. Another restriction is the number of users with access to the system. &nbsp;The goal of a pilot project is <a href=\"https:\/\/www.sisinternational.com\/pt\/solucoes\/solucoes-de-branding-e-pesquisa-de-clientes\/pesquisa-de-mercado-para-testes-de-produtos\/\" title=\"Pesquisa de mercado para testes de produtos\"  data-wpil-monitor-id=\"9254\">testing in a production<\/a> setting. The goal of a proof of concept is to confirm the potential of a model. A proof of concept is usually small and may not be complete.<\/span><\/p>\n\n\n\n<h2 class=\"wp-block-heading\"><span style=\"font-weight: 400;\">Qual \u00e9 a diferen\u00e7a entre um prot\u00f3tipo e uma prova de conceito?<\/span><\/h2>\n\n\n\n<p><span style=\"font-weight: 400;\">Many people use these two terms as if they are interchangeable. <a href=\"https:\/\/www.sisinternational.com\/pt\/solucoes\/solucoes-de-branding-e-pesquisa-de-clientes\/pesquisa-de-mercado-para-testes-de-produtos\/empresa-lider-em-pesquisa-de-mercado-de-usabilidade\/\" title=\"Usability testing Company\"  data-wpil-monitor-id=\"9266\">Companies use Proof of Concept to test<\/a> whether they should put a particular theory or idea in place. A prototype is different. Its primary purpose is to help manufacturers decide what to do with a product in development. It also helps them reduce the number of mistakes made. Proof of concept offers a model of one aspect of the product; a prototype is a working model of several elements.<\/span><\/p>\n\n\n\n<h2 class=\"wp-block-heading\"><span style=\"font-weight: 400;\">Quem deve usar a prova de conceito?<\/span><\/h2>\n\n\n\n<ul class=\"wp-block-list\">\n<li><b>Desenvolvedores de software: <\/b><span style=\"font-weight: 400;\">Os desenvolvedores podem usar a prova de conceito no in\u00edcio do ciclo de desenvolvimento. Eles tamb\u00e9m podem us\u00e1-lo para vender a ideia do software. Eles tamb\u00e9m podem usar o POC para detectar problemas de desempenho. Os resultados do POC incluem os aspectos de garantia da viabilidade t\u00e9cnica. Incluem tamb\u00e9m os problemas que afectam a estimativa geral dos esfor\u00e7os. O escopo dos esfor\u00e7os tamb\u00e9m faz parte do resultado. <\/span><\/li>\n\n\n\n<li><b>Fabricantes:<\/b><span style=\"font-weight: 400;\"> Um POC pode ajudar um fabricante a reconhecer poss\u00edveis problemas. Quest\u00f5es t\u00e9cnicas e log\u00edsticas podem obstruir o sucesso. Alternativamente, pode dar \u00e0s organiza\u00e7\u00f5es a oportunidade de solicitar feedback interno. Esse feedback \u00e9 valioso se for um produto ou servi\u00e7o promissor. Al\u00e9m disso, diminui a exposi\u00e7\u00e3o e o risco desnecess\u00e1rios. Ele permite que as partes interessadas testem as escolhas de design no in\u00edcio do ciclo de desenvolvimento.<\/span><\/li>\n<\/ul>\n\n\n\n<h2 class=\"wp-block-heading\"><span style=\"font-weight: 400;\">Quando uma empresa deve usar prova de conceito?<\/span><\/h2>\n\n\n\n<p><span style=\"font-weight: 400;\">Uma empresa deve usar o POC se quiser confirmar a comercializa\u00e7\u00e3o com um or\u00e7amento apertado. Por exemplo, digamos que uma empresa queira construir uma campainha com v\u00eddeo. Seria necess\u00e1rio aplicar a t\u00e9cnica POC para provar que n\u00e3o est\u00e1 perdendo tempo com algo que ningu\u00e9m quer. Para verificar se a ideia \u00e9 vi\u00e1vel, seria necess\u00e1rio responder a perguntas espec\u00edficas. Por exemplo, \u201cpor que comprar uma campainha com v\u00eddeo quando se pode instalar um sistema de seguran\u00e7a?\u201d<\/span><\/p>\n\n\n\n<h2 class=\"wp-block-heading\"><span style=\"font-weight: 400;\">Como usar a prova de conceito<\/span><\/h2>\n\n\n\n<p><span style=\"font-weight: 400;\">The best thing to do when working on a new product is to adopt a lean approach. With this approach, the company invests the lowest amount of time and money at the beginning. It also gathers <a href=\"https:\/\/www.sisinternational.com\/pt\/solucoes\/percepcoes-dos-clientes\/\" title=\"Percep\u00e7\u00f5es dos clientes\"  data-wpil-monitor-id=\"9267\">insights from customers<\/a>. The company can spend more as it receives <a href=\"https:\/\/www.sisinternational.com\/pt\/solucoes\/solucoes-de-branding-e-pesquisa-de-clientes\/pesquisa-de-mercado-de-posicionamento-de-marca\/\" title=\"Pesquisa de mercado de posicionamento de marca\"  data-wpil-monitor-id=\"9262\">positive feedback from the market<\/a>. Engineers will jump in at a certain point of this process. They will see how much of the proposition the company can deliver and how much it will have to outsource. They will also say what it costs.<\/span><\/p>\n\n\n\n<h2 class=\"wp-block-heading\"><span style=\"font-weight: 400;\">Por que a prova de conceito \u00e9 importante?<\/span><\/h2>\n\n\n\n<p><span style=\"font-weight: 400;\">The POC helps stakeholders to understand the limitations of a system. It also shows them the system&#8217;s capabilities. They can thus select only the processes that generate the most benefit. These processes should deliver rapid business returns and minimal development troubles. A POC project may, in some cases, determine that the company cannot solve the problem. Thus, POC can prevent the company from <a href=\"https:\/\/www.sisinternational.com\/pt\/solucoes\/consultoria-estrategica\/pesquisa-de-mercado-para-lancamento-de-novos-produtos\/\" title=\"Pesquisa de lan\u00e7amento de novos produtos\"  data-wpil-monitor-id=\"9259\">launching an unsuccessful product<\/a>.<\/span><\/p>\n\n\n\n<h2 class=\"wp-block-heading\"><span style=\"font-weight: 400;\">Como a pesquisa ajuda<\/span><\/h2>\n\n\n\n<p>Strategy Research can provide the insights, data, and <a href=\"https:\/\/www.sisinternational.com\/pt\/solucoes\/consultoria-estrategica\/consultoria-de-execucao-de-desenvolvimento-de-estrategia\/\" title=\"Consultoria de Desenvolvimento e Execu\u00e7\u00e3o de Estrat\u00e9gia\"  data-wpil-monitor-id=\"9264\">strategies to develop<\/a> and improve your Proof of Concept.&nbsp; We provide Research-Support solutions through<\/p>\n\n\n\n<ul class=\"wp-block-list\">\n<li>Pesquisa qualitativa<\/li>\n\n\n\n<li>Pesquisa quantitativa<\/li>\n\n\n\n<li>Solu\u00e7\u00f5es de entrada no mercado<\/li>\n\n\n\n<li><a href=\"https:\/\/www.sisinternational.com\/pt\/solucoes\/consultoria-estrategica\/treinamento-e-estrategia-de-inteligencia-competitiva\/\" title=\"Treinamento e Estrat\u00e9gia de Intelig\u00eancia Competitiva\"  data-wpil-monitor-id=\"9249\">Estrat\u00e9gia e Intelig\u00eancia Competitiva<\/a><\/li>\n<\/ul>\n\n\n\n<p><\/p>","protected":false},"excerpt":{"rendered":"<p>Desenvolva sua pr\u00f3xima Prova de Conceito com insights, estrat\u00e9gias e dados de ponta.<\/p>","protected":false},"author":1,"featured_media":67030,"parent":14567,"menu_order":11,"comment_status":"closed","ping_status":"closed","template":"","meta":{"footnotes":""},"class_list":["post-31129","page","type-page","status-publish","has-post-thumbnail"],"_links":{"self":[{"href":"https:\/\/www.sisinternational.com\/pt\/wp-json\/wp\/v2\/pages\/31129","targetHints":{"allow":["GET"]}}],"collection":[{"href":"https:\/\/www.sisinternational.com\/pt\/wp-json\/wp\/v2\/pages"}],"about":[{"href":"https:\/\/www.sisinternational.com\/pt\/wp-json\/wp\/v2\/types\/page"}],"author":[{"embeddable":true,"href":"https:\/\/www.sisinternational.com\/pt\/wp-json\/wp\/v2\/users\/1"}],"replies":[{"embeddable":true,"href":"https:\/\/www.sisinternational.com\/pt\/wp-json\/wp\/v2\/comments?post=31129"}],"version-history":[{"count":4,"href":"https:\/\/www.sisinternational.com\/pt\/wp-json\/wp\/v2\/pages\/31129\/revisions"}],"predecessor-version":[{"id":81549,"href":"https:\/\/www.sisinternational.com\/pt\/wp-json\/wp\/v2\/pages\/31129\/revisions\/81549"}],"up":[{"embeddable":true,"href":"https:\/\/www.sisinternational.com\/pt\/wp-json\/wp\/v2\/pages\/14567"}],"wp:featuredmedia":[{"embeddable":true,"href":"https:\/\/www.sisinternational.com\/pt\/wp-json\/wp\/v2\/media\/67030"}],"wp:attachment":[{"href":"https:\/\/www.sisinternational.com\/pt\/wp-json\/wp\/v2\/media?parent=31129"}],"curies":[{"name":"wp","href":"https:\/\/api.w.org\/{rel}","templated":true}]}}